{"id":6301,"date":"2023-10-25T18:14:53","date_gmt":"2023-10-25T16:14:53","guid":{"rendered":"https:\/\/debug.dr-entrup.de\/dolor-de-cabeza\/"},"modified":"2024-06-25T10:04:56","modified_gmt":"2024-06-25T08:04:56","slug":"dolor-de-cabeza","status":"publish","type":"page","link":"https:\/\/www.dr-entrup.de\/es\/dolor-de-cabeza\/","title":{"rendered":"Dolor de cabeza"},"content":{"rendered":"\n<section class = \"fdn-grid\">\n\t<div class = \"grid-container no-padding\">\n\t\t<div class = \"grid-x\">\n\t\t\t<div class=\"cell large-12 small-12 \">\n\t\t\t\t<div class =\"hero hero--background-gray text-center\">\n\t\t\t\t\t<img loading=\"lazy\" decoding=\"async\" width=\"1800\" height=\"767\" src=\"https:\/\/www.dr-entrup.de\/wp-content\/uploads\/2024\/05\/Beziehung-zwischen-Storungen-am-Kieferorgan-und-Kopfschmerzen-Migrane-KFO-Hannover.png\" class=\"image img-responsive-no-block\" alt=\"Beziehung zwischen Sto\u0308rungen am Kieferorgan und Kopfschmerzen &amp; Migra\u0308ne - KFO Hannover\" srcset=\"https:\/\/www.dr-entrup.de\/wp-content\/uploads\/2024\/05\/Beziehung-zwischen-Storungen-am-Kieferorgan-und-Kopfschmerzen-Migrane-KFO-Hannover.png 1800w, https:\/\/www.dr-entrup.de\/wp-content\/uploads\/2024\/05\/Beziehung-zwischen-Storungen-am-Kieferorgan-und-Kopfschmerzen-Migrane-KFO-Hannover-300x128.png 300w, https:\/\/www.dr-entrup.de\/wp-content\/uploads\/2024\/05\/Beziehung-zwischen-Storungen-am-Kieferorgan-und-Kopfschmerzen-Migrane-KFO-Hannover-1024x436.png 1024w, https:\/\/www.dr-entrup.de\/wp-content\/uploads\/2024\/05\/Beziehung-zwischen-Storungen-am-Kieferorgan-und-Kopfschmerzen-Migrane-KFO-Hannover-768x327.png 768w, https:\/\/www.dr-entrup.de\/wp-content\/uploads\/2024\/05\/Beziehung-zwischen-Storungen-am-Kieferorgan-und-Kopfschmerzen-Migrane-KFO-Hannover-1536x655.png 1536w\" sizes=\"auto, (max-width: 1800px) 100vw, 1800px\" \/>\t\t\t\t<\/div>\n\t\t\t<\/div>\n\t\t<\/div>\n\t<\/div>\n<\/section>\n\n<section class = \"fdn-grid\">\n    <div class = \"p-top-mobile-50\"><\/div>\n    <div class = \"grid-container full-with-margin-10 no-padding\">\n        <div class = \"grid-x\">\n            <div class = \"cell small-12\">\n\n\n\n                <h1 class=\"heading heading--primary m-bottom-40\">Tratamiento de las cefaleas y migra\u00f1as en Hannover<\/h1>\n                <h2 class=\"heading heading--secondary m-bottom-10\">Relaci\u00f3n entre los trastornos del \u00f3rgano mandibular y las cefaleas y migra\u00f1as<\/h2>\n                <span class=\"short-line-decoration short-line-decoration--mini-width color-bordeaux-bg\"><\/span>\n\n                <div class=\"m-top-40 paragraph\">\n\n                    <p>Somos <a href=\"https:\/\/www.dr-entrup.de\/es\/equipo-de-practicas\/\">dentistas especializados en ortodoncia<\/a> y, por tanto, no terapeutas del dolor en el sentido habitual, pero. <strong>Las relaciones causales entre los trastornos del \u00f3rgano mandibular en sentido amplio = sistema cr\u00e1neo-mandibular (SCM) y las cefaleas y migra\u00f1as son tan intensas y frecuentes<\/strong> que hemos podido ayudar de forma permanente a muchas personas con d\u00e9cadas de sufrimiento. El problema est\u00e1 muy extendido en nuestra poblaci\u00f3n y muchos especialistas se esfuerzan por aliviar el sufrimiento de los pacientes afectados. Las salas de espera est\u00e1n llenas de personas que ya han visitado en vano a uno u otro especialista en su odisea. Las cl\u00ednicas especializadas en cefaleas y los ambulatorios son testigos de la ubicuidad de estas dolencias.<\/p>\n\n                <\/div>\n                                <a href='tel:+49511364990' class='button color-bordeaux-bg color-white button--medium' target='_self'> Llama ahora y pide consejo <\/a>                            <\/div>\n        <\/div>\n    <\/div>\n     <div class = \"p-top-mobile-50\"><\/div>\n<\/section>\n\n<section class = \"fdn-grid color-extra-pink-bg\">\n    <div class = \"p-top-mobile-50\"><\/div>\n\t<div class = \"grid-container full-with-margin-10 no-padding\">\n\n        <div class = \"grid-x\">\n\n            <div class=\"cell large-6 small-12\">\n                <div class = \"m-right-25 m-bottom-25 m-left-mob-0 m-right-mob-0 m-left-tab-0 m-right-tab-0\">\n                    <img class = \"image img-responsive-no-block\"\n                         src = \"https:\/\/www.dr-entrup.de\/wp-content\/uploads\/2023\/12\/Chronische-Kopfschmerzen-konnen-durch-ein-Ungleichgewicht-im-Kiefersystem-zusammen-hagen.-Kieferorthopadie-Hannover.jpeg\"\n                         alt=\"Los dolores de cabeza cr\u00f3nicos pueden deberse a un desequilibrio del sistema mandibular. Ortodoncia Hannover\">\n                <\/div>\n\n\n                                   \n            <\/div>\n\n            <div class=\"cell large-6 small-12 \">\n                <div class = \"m-left-25 m-right-25 m-bottom-25 m-left-mob-0 m-right-mob-0 m-left-tab-0 m-right-tab-0\">\n                    <h2 class=\"heading heading--medium  m-bottom-10 color-bordeaux\">Cefaleas cr\u00f3nicas<\/h2>\n                    <span class=\"short-line-decoration  short-line-decoration--mini-width  color-primary-bg\"><\/span>\n                    <div class = \"paragraph paragraph--medium paragraph--primary m-top-40\">\n                        <p><strong>Los dolores de cabeza cr\u00f3nicos pueden tener graves consecuencias; por ejemplo, el uso incontrolado de analg\u00e9sicos puede causar indirectamente da\u00f1os renales considerables.<\/strong> En alrededor del 30% de todos los pacientes que requieren di\u00e1lisis, lo que ocasiona unos costes de unos 300 millones de euros al a\u00f1o, el da\u00f1o renal se debe al consumo cr\u00f3nico de analg\u00e9sicos. Se sospecha que algunos medicamentos t\u00edpicos de la migra\u00f1a son eficaces al principio, pero m\u00e1s tarde provocan migra\u00f1as por s\u00ed mismos tras un uso prolongado. Tampoco tenemos una panacea para los dolores de cabeza cr\u00f3nicos o las migra\u00f1as.  <strong>Sin embargo, nos gustar\u00eda subrayar que la importancia del \u00f3rgano mandibular en el desarrollo de cefaleas y migra\u00f1as est\u00e1 muy infravalorada, tanto en la profesi\u00f3n m\u00e9dica como entre los profanos.<\/strong><\/p>\n\n                        \n                                                  \n\n                    <\/div>\n                <\/div>\n            <\/div>\n\n\n        <\/div>\n\n    <\/div>\n        <div class = \"p-top-mobile-50\"><\/div>\n<\/section>\n\n<section class = \"fdn-grid color-white-bg\">\n\n        <div class = \"p-top-mobile-50\"><\/div>\n    <div class = \"grid-container full-with-margin-10 no-padding\">\n\n        <div class = \"grid-x\">\n            <div class=\"cell large-6 small-12\">\n                <div class = \"m-right-25  m-bottom-25 m-left-mob-0 m-right-mob-0 m-left-tab-0 m-right-tab-0\">\n  \n  <h2 class='heading heading--medium  m-bottom-10 color-bordeaux'>Contextos<\/h2><span class='short-line-decoration  short-line-decoration--mini-width color-primary-bg'><\/span><div class = 'paragraph--medium paragraph--primary m-top-40'><p>Se requiere un examen minucioso para determinar si hay razones para suponer con cierta probabilidad que la posible causa podr\u00eda residir en el \u00f3rgano maxilar. S\u00f3lo estas formas de cefalea, que tambi\u00e9n pueden cursar con s\u00edntomas parecidos a los de la migra\u00f1a, pueden aliviarse o desaparecer por completo en el marco de una terapia basada en el <a href=\"https:\/\/www.dr-entrup.de\/es\/concepto-de-tratamiento\/\">concepto de tratamiento Equilibrio<\/a>. Sin embargo, queremos insistir una vez m\u00e1s en que no tratamos directamente la cefalea, sino el <a href=\"https:\/\/www.dr-entrup.de\/es\/dcm-disfuncion-craneomandibular\/\">sistema cr\u00e1neo-mandibular (SCM)<\/a>. Cuando la CMS se cura seg\u00fan el concepto de tratamiento de Equilibrio, muy a menudo experimentamos que los pacientes con cefaleas informan de un r\u00e1pido alivio.<\/p>\n<\/div>                                            <\/div>\n                <\/div>\n\n\n\n\n\n\n            <div class=\"cell large-6 small-12 \">\n                <div class = \"m-left-25 m-bottom-25 m-left-mob-0 m-right-mob-0 m-left-tab-0 m-right-tab-0\">\n\n                    <div class=\"videoWrapper\">\n                        <!-- Copy & Pasted from YouTube -->\n\t\t\t\t\t\t<p><div style=\"width: 640px;\" class=\"wp-video\"><video class=\"wp-video-shortcode\" id=\"video-6301-1\" width=\"640\" height=\"480\" preload=\"metadata\" controls=\"controls\"><source type=\"video\/mp4\" src=\"https:\/\/www.dr-entrup.de\/wp-content\/uploads\/2023\/12\/Kopfschmerz.mp4?_=1\" \/><a href=\"https:\/\/www.dr-entrup.de\/wp-content\/uploads\/2023\/12\/Kopfschmerz.mp4\">https:\/\/www.dr-entrup.de\/wp-content\/uploads\/2023\/12\/Kopfschmerz.mp4<\/a><\/video><\/div>Tratamiento de  <\/p>\n\n                    <\/div>\n\n                    <\/div>\n                <\/div>\n\n\n\n\n        <\/div>\n\n    <\/div>\n        <div class = \"p-top-mobile-50\"><\/div>\n<\/section>\n\n\n<section class = \"fdn-grid color-extra-pink-bg\">\n        <div class = \"p-top-mobile-50\"><\/div>\n\n    <div class = \"grid-container full-with-margin-10 no-padding\">\n\n        <div class = \"grid-x\">\n\n            <div class = \"cell small-12\">\n\n           \n  <h2 class='heading heading--medium  m-bottom-10 color-bordeaux'>Cooperaci\u00f3n interdisciplinar<\/h2><span class='short-line-decoration  short-line-decoration--mini-width color-primary-bg'><\/span><div class = 'paragraph--medium paragraph--primary m-top-40'><p><strong>En muchos casos, el dolor de cabeza est\u00e1 causado por varios factores simult\u00e1nea y aditivamente, por lo que los errores en el CMS suelen ser decisivos para el desarrollo del dolor.<\/strong>  Pero tambi\u00e9n hay que tener en cuenta otras disfunciones m\u00e9dicas generales para tener verdadero \u00e9xito. Esto significa que muchos especialistas, como quiropr\u00e1cticos, <a href=\"https:\/\/www.dr-entrup.de\/es\/osteopatia\/\">oste\u00f3patas<\/a>, nutricionistas, natur\u00f3patas, etc., tienen que trabajar juntos al mismo tiempo. Este trabajo en equipo multidisciplinar es una de las claves del \u00e9xito. En el <a href=\"https:\/\/www.dr-entrup.de\/es\/asesoramiento\/\">examen ortod\u00f3ncico inicial<\/a>, examinaremos para ti si existe una posibilidad justificada de curar o aliviar tu cefalea o migra\u00f1a mediante <strong>un tratamiento terap\u00e9utico ortod\u00f3ncico-funcional<\/strong> seg\u00fan el <a href=\"https:\/\/www.dr-entrup.de\/es\/concepto-de-tratamiento\/\">concepto de tratamiento Balance<\/a> basado en los resultados de las pruebas en el CMS, teniendo en cuenta nuestros muchos a\u00f1os de experiencia. Si hay dudas sobre la relaci\u00f3n causal, al menos parcial, del dolor de cabeza con los fallos funcionales identificados en el CMS, te lo aclararemos desde el principio y te remitiremos a otros especialistas adecuados.<\/p>\n<p>&nbsp;<\/p>\n<\/div>\t\t\t\t\n\t\t\t\t\n\t\t\t\t\n                            <\/div>\n        <\/div>\n    <\/div>\n        <div class = \"p-top-mobile-50\"><\/div>\n<\/section>","protected":false},"excerpt":{"rendered":"","protected":false},"author":1,"featured_media":0,"parent":0,"menu_order":0,"comment_status":"closed","ping_status":"closed","template":"","meta":{"footnotes":""},"class_list":["post-6301","page","type-page","status-publish"],"acf":[],"yoast_head":"<!-- This site is optimized with the Yoast SEO plugin v27.5 - https:\/\/yoast.com\/product\/yoast-seo-wordpress\/ -->\n<title>Tratamiento de las cefaleas y migra\u00f1as - KFO Hannover<\/title>\n<meta name=\"description\" content=\"Tratamiento de las cefaleas y migra\u00f1as en Hannover - Relaci\u00f3n entre los trastornos del \u00f3rgano mandibular y las cefaleas y migra\u00f1as en Dres. W. &amp; J. Entrup &amp; Dr. T. Altvater. Consigue asesoramiento ahora.\" \/>\n<meta name=\"robots\" content=\"index, follow, max-snippet:-1, max-image-preview:large, max-video-preview:-1\" \/>\n<link rel=\"canonical\" href=\"https:\/\/www.dr-entrup.de\/es\/dolor-de-cabeza\/\" \/>\n<meta property=\"og:locale\" content=\"en_US\" \/>\n<meta property=\"og:type\" content=\"article\" \/>\n<meta property=\"og:title\" content=\"Tratamiento de las cefaleas y migra\u00f1as - KFO Hannover\" \/>\n<meta property=\"og:description\" content=\"Tratamiento de las cefaleas y migra\u00f1as en Hannover - Relaci\u00f3n entre los trastornos del \u00f3rgano mandibular y las cefaleas y migra\u00f1as en Dres. W. &amp; J. Entrup &amp; Dr. T. Altvater. Consigue asesoramiento ahora.\" \/>\n<meta property=\"og:url\" content=\"https:\/\/www.dr-entrup.de\/es\/dolor-de-cabeza\/\" \/>\n<meta property=\"og:site_name\" content=\"BALANCE Fachpraxis f\u00fcr umfassende Kieferorthop\u00e4die Hannover Dr. Entrup\" \/>\n<meta property=\"article:modified_time\" content=\"2024-06-25T08:04:56+00:00\" \/>\n<meta name=\"twitter:card\" content=\"summary_large_image\" \/>\n<script type=\"application\/ld+json\" class=\"yoast-schema-graph\">{\"@context\":\"https:\\\/\\\/schema.org\",\"@graph\":[{\"@type\":\"WebPage\",\"@id\":\"https:\\\/\\\/www.dr-entrup.de\\\/es\\\/dolor-de-cabeza\\\/\",\"url\":\"https:\\\/\\\/www.dr-entrup.de\\\/es\\\/dolor-de-cabeza\\\/\",\"name\":\"Tratamiento de las cefaleas y migra\u00f1as - KFO Hannover\",\"isPartOf\":{\"@id\":\"https:\\\/\\\/www.dr-entrup.de\\\/es\\\/#website\"},\"datePublished\":\"2023-10-25T16:14:53+00:00\",\"dateModified\":\"2024-06-25T08:04:56+00:00\",\"description\":\"Tratamiento de las cefaleas y migra\u00f1as en Hannover - Relaci\u00f3n entre los trastornos del \u00f3rgano mandibular y las cefaleas y migra\u00f1as en Dres. W. & J. Entrup & Dr. T. Altvater. Consigue asesoramiento ahora.\",\"breadcrumb\":{\"@id\":\"https:\\\/\\\/www.dr-entrup.de\\\/es\\\/dolor-de-cabeza\\\/#breadcrumb\"},\"inLanguage\":\"en-DE\",\"potentialAction\":[{\"@type\":\"ReadAction\",\"target\":[\"https:\\\/\\\/www.dr-entrup.de\\\/es\\\/dolor-de-cabeza\\\/\"]}]},{\"@type\":\"BreadcrumbList\",\"@id\":\"https:\\\/\\\/www.dr-entrup.de\\\/es\\\/dolor-de-cabeza\\\/#breadcrumb\",\"itemListElement\":[{\"@type\":\"ListItem\",\"position\":1,\"name\":\"Home\",\"item\":\"https:\\\/\\\/www.dr-entrup.de\\\/es\\\/\"},{\"@type\":\"ListItem\",\"position\":2,\"name\":\"Dolor de cabeza\"}]},{\"@type\":\"WebSite\",\"@id\":\"https:\\\/\\\/www.dr-entrup.de\\\/es\\\/#website\",\"url\":\"https:\\\/\\\/www.dr-entrup.de\\\/es\\\/\",\"name\":\"BALANCE Fachpraxis f\u00fcr umfassende Kieferorthop\u00e4die Hannover Dr. Entrup\",\"description\":\"BALANCE Fachpraxis f\u00fcr umfassende Kieferorthop\u00e4die Hannover Dr. Entrup\",\"publisher\":{\"@id\":\"https:\\\/\\\/www.dr-entrup.de\\\/es\\\/#organization\"},\"potentialAction\":[{\"@type\":\"SearchAction\",\"target\":{\"@type\":\"EntryPoint\",\"urlTemplate\":\"https:\\\/\\\/www.dr-entrup.de\\\/es\\\/?s={search_term_string}\"},\"query-input\":{\"@type\":\"PropertyValueSpecification\",\"valueRequired\":true,\"valueName\":\"search_term_string\"}}],\"inLanguage\":\"en-DE\"},{\"@type\":\"Organization\",\"@id\":\"https:\\\/\\\/www.dr-entrup.de\\\/es\\\/#organization\",\"name\":\"BALANCE Fachpraxis f\u00fcr umfassende Kieferorthop\u00e4die Hannover Dr. Entrup\",\"url\":\"https:\\\/\\\/www.dr-entrup.de\\\/es\\\/\",\"logo\":{\"@type\":\"ImageObject\",\"inLanguage\":\"en-DE\",\"@id\":\"https:\\\/\\\/www.dr-entrup.de\\\/es\\\/#\\\/schema\\\/logo\\\/image\\\/\",\"url\":\"https:\\\/\\\/www.dr-entrup.de\\\/wp-content\\\/uploads\\\/2023\\\/11\\\/logo-plus-subtext.png\",\"contentUrl\":\"https:\\\/\\\/www.dr-entrup.de\\\/wp-content\\\/uploads\\\/2023\\\/11\\\/logo-plus-subtext.png\",\"width\":302,\"height\":326,\"caption\":\"BALANCE Fachpraxis f\u00fcr umfassende Kieferorthop\u00e4die Hannover Dr. Entrup\"},\"image\":{\"@id\":\"https:\\\/\\\/www.dr-entrup.de\\\/es\\\/#\\\/schema\\\/logo\\\/image\\\/\"}}]}<\/script>\n<!-- \/ Yoast SEO plugin. -->","yoast_head_json":{"title":"Tratamiento de las cefaleas y migra\u00f1as - KFO Hannover","description":"Tratamiento de las cefaleas y migra\u00f1as en Hannover - Relaci\u00f3n entre los trastornos del \u00f3rgano mandibular y las cefaleas y migra\u00f1as en Dres. W. & J. Entrup & Dr. T. Altvater. Consigue asesoramiento ahora.","robots":{"index":"index","follow":"follow","max-snippet":"max-snippet:-1","max-image-preview":"max-image-preview:large","max-video-preview":"max-video-preview:-1"},"canonical":"https:\/\/www.dr-entrup.de\/es\/dolor-de-cabeza\/","og_locale":"en_US","og_type":"article","og_title":"Tratamiento de las cefaleas y migra\u00f1as - KFO Hannover","og_description":"Tratamiento de las cefaleas y migra\u00f1as en Hannover - Relaci\u00f3n entre los trastornos del \u00f3rgano mandibular y las cefaleas y migra\u00f1as en Dres. W. & J. Entrup & Dr. T. Altvater. Consigue asesoramiento ahora.","og_url":"https:\/\/www.dr-entrup.de\/es\/dolor-de-cabeza\/","og_site_name":"BALANCE Fachpraxis f\u00fcr umfassende Kieferorthop\u00e4die Hannover Dr. Entrup","article_modified_time":"2024-06-25T08:04:56+00:00","twitter_card":"summary_large_image","schema":{"@context":"https:\/\/schema.org","@graph":[{"@type":"WebPage","@id":"https:\/\/www.dr-entrup.de\/es\/dolor-de-cabeza\/","url":"https:\/\/www.dr-entrup.de\/es\/dolor-de-cabeza\/","name":"Tratamiento de las cefaleas y migra\u00f1as - KFO Hannover","isPartOf":{"@id":"https:\/\/www.dr-entrup.de\/es\/#website"},"datePublished":"2023-10-25T16:14:53+00:00","dateModified":"2024-06-25T08:04:56+00:00","description":"Tratamiento de las cefaleas y migra\u00f1as en Hannover - Relaci\u00f3n entre los trastornos del \u00f3rgano mandibular y las cefaleas y migra\u00f1as en Dres. W. & J. Entrup & Dr. T. Altvater. Consigue asesoramiento ahora.","breadcrumb":{"@id":"https:\/\/www.dr-entrup.de\/es\/dolor-de-cabeza\/#breadcrumb"},"inLanguage":"en-DE","potentialAction":[{"@type":"ReadAction","target":["https:\/\/www.dr-entrup.de\/es\/dolor-de-cabeza\/"]}]},{"@type":"BreadcrumbList","@id":"https:\/\/www.dr-entrup.de\/es\/dolor-de-cabeza\/#breadcrumb","itemListElement":[{"@type":"ListItem","position":1,"name":"Home","item":"https:\/\/www.dr-entrup.de\/es\/"},{"@type":"ListItem","position":2,"name":"Dolor de cabeza"}]},{"@type":"WebSite","@id":"https:\/\/www.dr-entrup.de\/es\/#website","url":"https:\/\/www.dr-entrup.de\/es\/","name":"BALANCE Fachpraxis f\u00fcr umfassende Kieferorthop\u00e4die Hannover Dr. Entrup","description":"BALANCE Fachpraxis f\u00fcr umfassende Kieferorthop\u00e4die Hannover Dr. Entrup","publisher":{"@id":"https:\/\/www.dr-entrup.de\/es\/#organization"},"potentialAction":[{"@type":"SearchAction","target":{"@type":"EntryPoint","urlTemplate":"https:\/\/www.dr-entrup.de\/es\/?s={search_term_string}"},"query-input":{"@type":"PropertyValueSpecification","valueRequired":true,"valueName":"search_term_string"}}],"inLanguage":"en-DE"},{"@type":"Organization","@id":"https:\/\/www.dr-entrup.de\/es\/#organization","name":"BALANCE Fachpraxis f\u00fcr umfassende Kieferorthop\u00e4die Hannover Dr. Entrup","url":"https:\/\/www.dr-entrup.de\/es\/","logo":{"@type":"ImageObject","inLanguage":"en-DE","@id":"https:\/\/www.dr-entrup.de\/es\/#\/schema\/logo\/image\/","url":"https:\/\/www.dr-entrup.de\/wp-content\/uploads\/2023\/11\/logo-plus-subtext.png","contentUrl":"https:\/\/www.dr-entrup.de\/wp-content\/uploads\/2023\/11\/logo-plus-subtext.png","width":302,"height":326,"caption":"BALANCE Fachpraxis f\u00fcr umfassende Kieferorthop\u00e4die Hannover Dr. Entrup"},"image":{"@id":"https:\/\/www.dr-entrup.de\/es\/#\/schema\/logo\/image\/"}}]}},"_links":{"self":[{"href":"https:\/\/www.dr-entrup.de\/es\/wp-json\/wp\/v2\/pages\/6301","targetHints":{"allow":["GET"]}}],"collection":[{"href":"https:\/\/www.dr-entrup.de\/es\/wp-json\/wp\/v2\/pages"}],"about":[{"href":"https:\/\/www.dr-entrup.de\/es\/wp-json\/wp\/v2\/types\/page"}],"author":[{"embeddable":true,"href":"https:\/\/www.dr-entrup.de\/es\/wp-json\/wp\/v2\/users\/1"}],"replies":[{"embeddable":true,"href":"https:\/\/www.dr-entrup.de\/es\/wp-json\/wp\/v2\/comments?post=6301"}],"version-history":[{"count":1,"href":"https:\/\/www.dr-entrup.de\/es\/wp-json\/wp\/v2\/pages\/6301\/revisions"}],"predecessor-version":[{"id":6303,"href":"https:\/\/www.dr-entrup.de\/es\/wp-json\/wp\/v2\/pages\/6301\/revisions\/6303"}],"wp:attachment":[{"href":"https:\/\/www.dr-entrup.de\/es\/wp-json\/wp\/v2\/media?parent=6301"}],"curies":[{"name":"wp","href":"https:\/\/api.w.org\/{rel}","templated":true}]}}