{"id":6162,"date":"2023-10-25T18:13:22","date_gmt":"2023-10-25T16:13:22","guid":{"rendered":"https:\/\/debug.dr-entrup.de\/ortodoncia-digital\/"},"modified":"2024-08-28T17:18:52","modified_gmt":"2024-08-28T15:18:52","slug":"ortodoncia-digital","status":"publish","type":"page","link":"https:\/\/www.dr-entrup.de\/es\/ortodoncia-digital\/","title":{"rendered":"Ortodoncia digital"},"content":{"rendered":"\n<section class = \"fdn-grid\">\n\t<div class = \"grid-container no-padding\">\n\t\t<div class = \"grid-x\">\n\t\t\t<div class=\"cell large-12 small-12 \">\n\t\t\t\t<div class =\"hero hero--background-gray text-center\">\n\t\t\t\t\t<img loading=\"lazy\" decoding=\"async\" width=\"1800\" height=\"870\" src=\"https:\/\/www.dr-entrup.de\/wp-content\/uploads\/2024\/05\/Digitale-Kieferorthopadie-Hannover-mit-DVT-zu-exakten-Ergebnissen.jpg\" class=\"image img-responsive-no-block\" alt=\"\" srcset=\"https:\/\/www.dr-entrup.de\/wp-content\/uploads\/2024\/05\/Digitale-Kieferorthopadie-Hannover-mit-DVT-zu-exakten-Ergebnissen.jpg 1800w, https:\/\/www.dr-entrup.de\/wp-content\/uploads\/2024\/05\/Digitale-Kieferorthopadie-Hannover-mit-DVT-zu-exakten-Ergebnissen-300x145.jpg 300w, https:\/\/www.dr-entrup.de\/wp-content\/uploads\/2024\/05\/Digitale-Kieferorthopadie-Hannover-mit-DVT-zu-exakten-Ergebnissen-1024x495.jpg 1024w, https:\/\/www.dr-entrup.de\/wp-content\/uploads\/2024\/05\/Digitale-Kieferorthopadie-Hannover-mit-DVT-zu-exakten-Ergebnissen-768x371.jpg 768w, https:\/\/www.dr-entrup.de\/wp-content\/uploads\/2024\/05\/Digitale-Kieferorthopadie-Hannover-mit-DVT-zu-exakten-Ergebnissen-1536x742.jpg 1536w\" sizes=\"auto, (max-width: 1800px) 100vw, 1800px\" \/>\t\t\t\t<\/div>\n\t\t\t<\/div>\n\t\t<\/div>\n\t<\/div>\n<\/section>\n\n<section class = \"fdn-grid\">\n    <div class = \"p-top-mobile-50\"><\/div>\n    <div class = \"grid-container full-with-margin-10 no-padding\">\n        <div class = \"grid-x\">\n            <div class = \"cell small-12\">\n\n\n\n                <h1 class=\"heading heading--primary m-bottom-40\">Ortodoncia digital Hannover<\/h1>\n                <h2 class=\"heading heading--secondary m-bottom-10\">La tomograf\u00eda volum\u00e9trica digital (TVD) aclara muchas cosas<\/h2>\n                <span class=\"short-line-decoration short-line-decoration--mini-width color-bordeaux-bg\"><\/span>\n\n                <div class=\"m-top-40 paragraph\">\n\n                    <p><strong>En nuestra consulta de ortodoncia Dres. W. &amp; J. Entrup y el Dr. T. Altvater de Hannover, damos gran importancia a los procedimientos diagn\u00f3sticos avanzados y suaves.<\/strong>  Por eso utilizamos <strong>la moderna tecnolog\u00eda de radiograf\u00eda tridimensional (TVP) para<\/strong> examinar los dientes que se han sometido a un tratamiento de conductos radiculares en relaci\u00f3n con <a href=\"https:\/\/www.dr-entrup.de\/es\/dcm-disfuncion-craneomandibular\/\">trastornos de la DMC<\/a>, articulaciones temporomandibulares enfermas y para evaluar la posici\u00f3n de los dientes desplazados <strong>, con el fin de hacer un diagn\u00f3stico m\u00e1s preciso y mejorar as\u00ed el tratamiento.<\/strong> Esta t\u00e9cnica implica una menor exposici\u00f3n a la radiaci\u00f3n que la tomograf\u00eda computarizada (TC), al tiempo que proporciona una alta resoluci\u00f3n para determinar las relaciones posicionales tridimensionales de los maxilares.<\/p>\n\n                <\/div>\n                                <a href='tel:+49511364990' class='button color-bordeaux-bg color-white button--medium' target='_self'> Llama ahora y pide consejo <\/a>                            <\/div>\n        <\/div>\n    <\/div>\n     <div class = \"p-top-mobile-50\"><\/div>\n<\/section>\n\n\n<section class = \"fdn-grid color-extra-pink-bg\">\n        <div class = \"p-top-mobile-50\"><\/div>\n\n    <div class = \"grid-container full-with-margin-10 no-padding\">\n\n        <div class = \"grid-x\">\n\n            <div class = \"cell small-12\">\n\n           \n  <h2 class='heading heading--medium  m-bottom-10 color-bordeaux'>Evaluaci\u00f3n digital de los hallazgos &#8211; Creaci\u00f3n de montajes digitales &#8211; Objetivos del tratamiento<\/h2><span class='short-line-decoration  short-line-decoration--mini-width color-primary-bg'><\/span><div class = 'paragraph--medium paragraph--primary m-top-40'><p>Los documentos de diagn\u00f3stico tridimensionales, como los modelos dentales digitales y las radiograf\u00edas bidimensionales y tridimensionales, pueden personalizarse para cada paciente mediante un software especial, y tambi\u00e9n pueden utilizarse posteriormente para la fabricaci\u00f3n de dispositivos de tratamiento. Concedemos gran importancia al hecho de que tanto el an\u00e1lisis como la fabricaci\u00f3n de los aparatos se lleven a cabo en nuestra consulta, con el fin de lograr la mayor precisi\u00f3n y reproducibilidad posibles de los resultados de nuestros tratamientos y poder responder individualmente a las necesidades especiales de los distintos pacientes.  <img loading=\"lazy\" decoding=\"async\" class=\"alignleft wp-image-2421 size-full\" src=\"https:\/\/www.dr-entrup.de\/wp-content\/uploads\/2023\/11\/Digitale-Kieferorthopadie-Hannover-Digitale-Befundsauswertung-Erstellung-digitaler-Setups.png\" alt=\"Ortodoncia digital Hannover - Evaluaci\u00f3n digital de los hallazgos - Creaci\u00f3n de montajes digitales\" width=\"850\" height=\"361\" srcset=\"https:\/\/www.dr-entrup.de\/wp-content\/uploads\/2023\/11\/Digitale-Kieferorthopadie-Hannover-Digitale-Befundsauswertung-Erstellung-digitaler-Setups.png 850w, https:\/\/www.dr-entrup.de\/wp-content\/uploads\/2023\/11\/Digitale-Kieferorthopadie-Hannover-Digitale-Befundsauswertung-Erstellung-digitaler-Setups-300x127.png 300w, https:\/\/www.dr-entrup.de\/wp-content\/uploads\/2023\/11\/Digitale-Kieferorthopadie-Hannover-Digitale-Befundsauswertung-Erstellung-digitaler-Setups-768x326.png 768w\" sizes=\"auto, (max-width: 850px) 100vw, 850px\" \/><\/p>\n<\/div>\t\t\t\t\n\t\t\t\t\n\t\t\t\t\n                            <\/div>\n        <\/div>\n    <\/div>\n        <div class = \"p-top-mobile-50\"><\/div>\n<\/section>\n<section class = \"fdn-grid color-white-bg\">\n    <div class = \"p-top-mobile-50\"><\/div>\n\t<div class = \"grid-container full-with-margin-10 no-padding\">\n\n        <div class = \"grid-x\">\n\n            <div class=\"cell large-6 small-12\">\n                <div class = \"m-right-25 m-bottom-25 m-left-mob-0 m-right-mob-0 m-left-tab-0 m-right-tab-0\">\n                    <img class = \"image img-responsive-no-block\"\n                         src = \"https:\/\/www.dr-entrup.de\/wp-content\/uploads\/2023\/11\/Computergestutzte-Gelenkbahnaufzeichnung-bei-Kieferorthopadie-Hannover-Dr.-Entrup.jpg\"\n                         alt=\"Alt text...\">\n                <\/div>\n\n\n                                   \n            <\/div>\n\n            <div class=\"cell large-6 small-12 \">\n                <div class = \"m-left-25 m-right-25 m-bottom-25 m-left-mob-0 m-right-mob-0 m-left-tab-0 m-right-tab-0\">\n                    <h2 class=\"heading heading--medium  m-bottom-10 color-bordeaux\"><br>Registro de trayectorias conjuntas asistido por ordenador<\/h2>\n                    <span class=\"short-line-decoration  short-line-decoration--mini-width  color-primary-bg\"><\/span>\n                    <div class = \"paragraph paragraph--medium paragraph--primary m-top-40\">\n                        <p>En algunos casos es necesario capturar y registrar las trayectorias de la articulaci\u00f3n temporomandibular en tres dimensiones. La tecnolog\u00eda de medici\u00f3n optoel\u00e9ctrica permite la medici\u00f3n sin contacto, lo que resulta muy c\u00f3modo para el paciente.<\/p>\n\n                        \n                                                  \n\n                    <\/div>\n                <\/div>\n            <\/div>\n\n\n        <\/div>\n\n    <\/div>\n        <div class = \"p-top-mobile-50\"><\/div>\n<\/section>\n\n<section class = \"fdn-grid color-extra-pink-bg\">\n\n        <div class = \"p-top-mobile-50\"><\/div>\n    <div class = \"grid-container full-with-margin-10 no-padding\">\n\n        <div class = \"grid-x\">\n            <div class=\"cell large-6 small-12\">\n                <div class = \"m-right-25  m-bottom-25 m-left-mob-0 m-right-mob-0 m-left-tab-0 m-right-tab-0\">\n  \n  <h2 class='heading heading--medium  m-bottom-10 color-bordeaux'>Escaneados intraorales &#8211; modelos dentales sin impresi\u00f3n<\/h2><span class='short-line-decoration  short-line-decoration--mini-width color-primary-bg'><\/span><div class = 'paragraph--medium paragraph--primary m-top-40'><p>Con ayuda de los llamados procedimientos de escaneado intraoral, en muchos casos se pueden evitar las impresiones con silicona o alginato. Este procedimiento sencillo produce un modelo virtual tridimensional muy preciso de la mand\u00edbula, que luego est\u00e1 disponible para planificar diversos aparatos de tratamiento (por ejemplo, t\u00e9cnica lingual, Invisalign\u00a9, etc.).<\/p>\n<\/div>                                            <\/div>\n                <\/div>\n\n\n\n\n\n\n            <div class=\"cell large-6 small-12 \">\n                <div class = \"m-left-25 m-bottom-25 m-left-mob-0 m-right-mob-0 m-left-tab-0 m-right-tab-0\">\n\n                    <div class=\"videoWrapper\">\n                        <!-- Copy & Pasted from YouTube -->\n\t\t\t\t\t\t<p><iframe loading=\"lazy\" title=\"Ortodoncia digital\" src=\"https:\/\/www.youtube.com\/embed\/OUD49lmGyow\" width=\"950\" height=\"534\" frameborder=\"0\" allowfullscreen=\"allowfullscreen\"><\/iframe><\/p>\n\n                    <\/div>\n\n                    <\/div>\n                <\/div>\n\n\n\n\n        <\/div>\n\n    <\/div>\n        <div class = \"p-top-mobile-50\"><\/div>\n<\/section>\n","protected":false},"excerpt":{"rendered":"","protected":false},"author":1,"featured_media":0,"parent":0,"menu_order":0,"comment_status":"closed","ping_status":"closed","template":"","meta":{"footnotes":""},"class_list":["post-6162","page","type-page","status-publish"],"acf":[],"yoast_head":"<!-- This site is optimized with the Yoast SEO plugin v26.6 - https:\/\/yoast.com\/wordpress\/plugins\/seo\/ -->\n<title>Ortodoncia digital Hannover - DVT Diagn\u00f3stico 3D<\/title>\n<meta name=\"description\" content=\"Ortodoncia digital Hannover: La tomograf\u00eda volum\u00e9trica digital (TVD) aclara muchas cosas. Diagn\u00f3stico DVT 3D en ortodoncia Dres. W. &amp; J. Entrup y el Dr. T. Altvater.\" \/>\n<meta name=\"robots\" content=\"index, follow, max-snippet:-1, max-image-preview:large, max-video-preview:-1\" \/>\n<link rel=\"canonical\" href=\"https:\/\/www.dr-entrup.de\/es\/ortodoncia-digital\/\" \/>\n<meta property=\"og:locale\" content=\"en_US\" \/>\n<meta property=\"og:type\" content=\"article\" \/>\n<meta property=\"og:title\" content=\"Ortodoncia digital Hannover - DVT Diagn\u00f3stico 3D\" \/>\n<meta property=\"og:description\" content=\"Ortodoncia digital Hannover: La tomograf\u00eda volum\u00e9trica digital (TVD) aclara muchas cosas. Diagn\u00f3stico DVT 3D en ortodoncia Dres. W. &amp; J. Entrup y el Dr. T. Altvater.\" \/>\n<meta property=\"og:url\" content=\"https:\/\/www.dr-entrup.de\/es\/ortodoncia-digital\/\" \/>\n<meta property=\"og:site_name\" content=\"BALANCE Fachpraxis f\u00fcr umfassende Kieferorthop\u00e4die Hannover Dr. Entrup\" \/>\n<meta property=\"article:modified_time\" content=\"2024-08-28T15:18:52+00:00\" \/>\n<meta name=\"twitter:card\" content=\"summary_large_image\" \/>\n<script type=\"application\/ld+json\" class=\"yoast-schema-graph\">{\"@context\":\"https:\/\/schema.org\",\"@graph\":[{\"@type\":\"WebPage\",\"@id\":\"https:\/\/www.dr-entrup.de\/es\/ortodoncia-digital\/\",\"url\":\"https:\/\/www.dr-entrup.de\/es\/ortodoncia-digital\/\",\"name\":\"Ortodoncia digital Hannover - DVT Diagn\u00f3stico 3D\",\"isPartOf\":{\"@id\":\"https:\/\/www.dr-entrup.de\/es\/#website\"},\"datePublished\":\"2023-10-25T16:13:22+00:00\",\"dateModified\":\"2024-08-28T15:18:52+00:00\",\"description\":\"Ortodoncia digital Hannover: La tomograf\u00eda volum\u00e9trica digital (TVD) aclara muchas cosas. Diagn\u00f3stico DVT 3D en ortodoncia Dres. W. & J. Entrup y el Dr. T. Altvater.\",\"breadcrumb\":{\"@id\":\"https:\/\/www.dr-entrup.de\/es\/ortodoncia-digital\/#breadcrumb\"},\"inLanguage\":\"en-DE\",\"potentialAction\":[{\"@type\":\"ReadAction\",\"target\":[\"https:\/\/www.dr-entrup.de\/es\/ortodoncia-digital\/\"]}]},{\"@type\":\"BreadcrumbList\",\"@id\":\"https:\/\/www.dr-entrup.de\/es\/ortodoncia-digital\/#breadcrumb\",\"itemListElement\":[{\"@type\":\"ListItem\",\"position\":1,\"name\":\"Home\",\"item\":\"https:\/\/www.dr-entrup.de\/es\/\"},{\"@type\":\"ListItem\",\"position\":2,\"name\":\"Ortodoncia digital\"}]},{\"@type\":\"WebSite\",\"@id\":\"https:\/\/www.dr-entrup.de\/es\/#website\",\"url\":\"https:\/\/www.dr-entrup.de\/es\/\",\"name\":\"BALANCE Fachpraxis f\u00fcr umfassende Kieferorthop\u00e4die Hannover Dr. Entrup\",\"description\":\"BALANCE Fachpraxis f\u00fcr umfassende Kieferorthop\u00e4die Hannover Dr. Entrup\",\"publisher\":{\"@id\":\"https:\/\/www.dr-entrup.de\/es\/#organization\"},\"potentialAction\":[{\"@type\":\"SearchAction\",\"target\":{\"@type\":\"EntryPoint\",\"urlTemplate\":\"https:\/\/www.dr-entrup.de\/es\/?s={search_term_string}\"},\"query-input\":{\"@type\":\"PropertyValueSpecification\",\"valueRequired\":true,\"valueName\":\"search_term_string\"}}],\"inLanguage\":\"en-DE\"},{\"@type\":\"Organization\",\"@id\":\"https:\/\/www.dr-entrup.de\/es\/#organization\",\"name\":\"BALANCE Fachpraxis f\u00fcr umfassende Kieferorthop\u00e4die Hannover Dr. Entrup\",\"url\":\"https:\/\/www.dr-entrup.de\/es\/\",\"logo\":{\"@type\":\"ImageObject\",\"inLanguage\":\"en-DE\",\"@id\":\"https:\/\/www.dr-entrup.de\/es\/#\/schema\/logo\/image\/\",\"url\":\"https:\/\/www.dr-entrup.de\/wp-content\/uploads\/2023\/11\/logo-plus-subtext.png\",\"contentUrl\":\"https:\/\/www.dr-entrup.de\/wp-content\/uploads\/2023\/11\/logo-plus-subtext.png\",\"width\":302,\"height\":326,\"caption\":\"BALANCE Fachpraxis f\u00fcr umfassende Kieferorthop\u00e4die Hannover Dr. Entrup\"},\"image\":{\"@id\":\"https:\/\/www.dr-entrup.de\/es\/#\/schema\/logo\/image\/\"}}]}<\/script>\n<!-- \/ Yoast SEO plugin. -->","yoast_head_json":{"title":"Ortodoncia digital Hannover - DVT Diagn\u00f3stico 3D","description":"Ortodoncia digital Hannover: La tomograf\u00eda volum\u00e9trica digital (TVD) aclara muchas cosas. Diagn\u00f3stico DVT 3D en ortodoncia Dres. W. & J. Entrup y el Dr. T. Altvater.","robots":{"index":"index","follow":"follow","max-snippet":"max-snippet:-1","max-image-preview":"max-image-preview:large","max-video-preview":"max-video-preview:-1"},"canonical":"https:\/\/www.dr-entrup.de\/es\/ortodoncia-digital\/","og_locale":"en_US","og_type":"article","og_title":"Ortodoncia digital Hannover - DVT Diagn\u00f3stico 3D","og_description":"Ortodoncia digital Hannover: La tomograf\u00eda volum\u00e9trica digital (TVD) aclara muchas cosas. Diagn\u00f3stico DVT 3D en ortodoncia Dres. W. & J. Entrup y el Dr. T. Altvater.","og_url":"https:\/\/www.dr-entrup.de\/es\/ortodoncia-digital\/","og_site_name":"BALANCE Fachpraxis f\u00fcr umfassende Kieferorthop\u00e4die Hannover Dr. Entrup","article_modified_time":"2024-08-28T15:18:52+00:00","twitter_card":"summary_large_image","schema":{"@context":"https:\/\/schema.org","@graph":[{"@type":"WebPage","@id":"https:\/\/www.dr-entrup.de\/es\/ortodoncia-digital\/","url":"https:\/\/www.dr-entrup.de\/es\/ortodoncia-digital\/","name":"Ortodoncia digital Hannover - DVT Diagn\u00f3stico 3D","isPartOf":{"@id":"https:\/\/www.dr-entrup.de\/es\/#website"},"datePublished":"2023-10-25T16:13:22+00:00","dateModified":"2024-08-28T15:18:52+00:00","description":"Ortodoncia digital Hannover: La tomograf\u00eda volum\u00e9trica digital (TVD) aclara muchas cosas. Diagn\u00f3stico DVT 3D en ortodoncia Dres. W. & J. Entrup y el Dr. T. Altvater.","breadcrumb":{"@id":"https:\/\/www.dr-entrup.de\/es\/ortodoncia-digital\/#breadcrumb"},"inLanguage":"en-DE","potentialAction":[{"@type":"ReadAction","target":["https:\/\/www.dr-entrup.de\/es\/ortodoncia-digital\/"]}]},{"@type":"BreadcrumbList","@id":"https:\/\/www.dr-entrup.de\/es\/ortodoncia-digital\/#breadcrumb","itemListElement":[{"@type":"ListItem","position":1,"name":"Home","item":"https:\/\/www.dr-entrup.de\/es\/"},{"@type":"ListItem","position":2,"name":"Ortodoncia digital"}]},{"@type":"WebSite","@id":"https:\/\/www.dr-entrup.de\/es\/#website","url":"https:\/\/www.dr-entrup.de\/es\/","name":"BALANCE Fachpraxis f\u00fcr umfassende Kieferorthop\u00e4die Hannover Dr. Entrup","description":"BALANCE Fachpraxis f\u00fcr umfassende Kieferorthop\u00e4die Hannover Dr. Entrup","publisher":{"@id":"https:\/\/www.dr-entrup.de\/es\/#organization"},"potentialAction":[{"@type":"SearchAction","target":{"@type":"EntryPoint","urlTemplate":"https:\/\/www.dr-entrup.de\/es\/?s={search_term_string}"},"query-input":{"@type":"PropertyValueSpecification","valueRequired":true,"valueName":"search_term_string"}}],"inLanguage":"en-DE"},{"@type":"Organization","@id":"https:\/\/www.dr-entrup.de\/es\/#organization","name":"BALANCE Fachpraxis f\u00fcr umfassende Kieferorthop\u00e4die Hannover Dr. Entrup","url":"https:\/\/www.dr-entrup.de\/es\/","logo":{"@type":"ImageObject","inLanguage":"en-DE","@id":"https:\/\/www.dr-entrup.de\/es\/#\/schema\/logo\/image\/","url":"https:\/\/www.dr-entrup.de\/wp-content\/uploads\/2023\/11\/logo-plus-subtext.png","contentUrl":"https:\/\/www.dr-entrup.de\/wp-content\/uploads\/2023\/11\/logo-plus-subtext.png","width":302,"height":326,"caption":"BALANCE Fachpraxis f\u00fcr umfassende Kieferorthop\u00e4die Hannover Dr. Entrup"},"image":{"@id":"https:\/\/www.dr-entrup.de\/es\/#\/schema\/logo\/image\/"}}]}},"_links":{"self":[{"href":"https:\/\/www.dr-entrup.de\/es\/wp-json\/wp\/v2\/pages\/6162","targetHints":{"allow":["GET"]}}],"collection":[{"href":"https:\/\/www.dr-entrup.de\/es\/wp-json\/wp\/v2\/pages"}],"about":[{"href":"https:\/\/www.dr-entrup.de\/es\/wp-json\/wp\/v2\/types\/page"}],"author":[{"embeddable":true,"href":"https:\/\/www.dr-entrup.de\/es\/wp-json\/wp\/v2\/users\/1"}],"replies":[{"embeddable":true,"href":"https:\/\/www.dr-entrup.de\/es\/wp-json\/wp\/v2\/comments?post=6162"}],"version-history":[{"count":3,"href":"https:\/\/www.dr-entrup.de\/es\/wp-json\/wp\/v2\/pages\/6162\/revisions"}],"predecessor-version":[{"id":6722,"href":"https:\/\/www.dr-entrup.de\/es\/wp-json\/wp\/v2\/pages\/6162\/revisions\/6722"}],"wp:attachment":[{"href":"https:\/\/www.dr-entrup.de\/es\/wp-json\/wp\/v2\/media?parent=6162"}],"curies":[{"name":"wp","href":"https:\/\/api.w.org\/{rel}","templated":true}]}}