{"id":6150,"date":"2023-10-25T18:18:51","date_gmt":"2023-10-25T16:18:51","guid":{"rendered":"https:\/\/debug.dr-entrup.de\/carrera-profesional\/"},"modified":"2024-09-06T14:40:03","modified_gmt":"2024-09-06T12:40:03","slug":"carrera-profesional","status":"publish","type":"page","link":"https:\/\/www.dr-entrup.de\/es\/carrera-profesional\/","title":{"rendered":"Carrera profesional"},"content":{"rendered":"\n<section class = \"fdn-grid\">\n\t<div class = \"grid-container no-padding\">\n\t\t<div class = \"grid-x\">\n\t\t\t<div class=\"cell large-12 small-12 \">\n\t\t\t\t<div class =\"hero hero--background-gray text-center\">\n\t\t\t\t\t<img loading=\"lazy\" decoding=\"async\" width=\"1800\" height=\"945\" src=\"https:\/\/www.dr-entrup.de\/wp-content\/uploads\/2024\/06\/Jobs-und-Karriere-bei-Fachpraxis-fur-umfassende-Kieferorthopadie-Dr.-Entrup-in-Hannover.jpeg\" class=\"image img-responsive-no-block\" alt=\"Jobs und Karriere bei Fachpraxis fu\u0308r umfassende Kieferorthopa\u0308die Dres. W. und J. Entrup &amp; Dr. T. Altvater in Hannover\" srcset=\"https:\/\/www.dr-entrup.de\/wp-content\/uploads\/2024\/06\/Jobs-und-Karriere-bei-Fachpraxis-fur-umfassende-Kieferorthopadie-Dr.-Entrup-in-Hannover.jpeg 1800w, https:\/\/www.dr-entrup.de\/wp-content\/uploads\/2024\/06\/Jobs-und-Karriere-bei-Fachpraxis-fur-umfassende-Kieferorthopadie-Dr.-Entrup-in-Hannover-300x158.jpeg 300w, https:\/\/www.dr-entrup.de\/wp-content\/uploads\/2024\/06\/Jobs-und-Karriere-bei-Fachpraxis-fur-umfassende-Kieferorthopadie-Dr.-Entrup-in-Hannover-1024x538.jpeg 1024w, https:\/\/www.dr-entrup.de\/wp-content\/uploads\/2024\/06\/Jobs-und-Karriere-bei-Fachpraxis-fur-umfassende-Kieferorthopadie-Dr.-Entrup-in-Hannover-768x403.jpeg 768w, https:\/\/www.dr-entrup.de\/wp-content\/uploads\/2024\/06\/Jobs-und-Karriere-bei-Fachpraxis-fur-umfassende-Kieferorthopadie-Dr.-Entrup-in-Hannover-1536x806.jpeg 1536w\" sizes=\"auto, (max-width: 1800px) 100vw, 1800px\" \/>\t\t\t\t<\/div>\n\t\t\t<\/div>\n\t\t<\/div>\n\t<\/div>\n<\/section>\n\n<section class = \"fdn-grid\">\n    <div class = \"p-top-mobile-50\"><\/div>\n    <div class = \"grid-container full-with-margin-10 no-padding\">\n        <div class = \"grid-x\">\n            <div class = \"cell small-12\">\n\n\n\n                <h1 class=\"heading heading--primary m-bottom-40\">Empleos y carreras en nuestra consulta especializada en ortodoncia<\/h1>\n                <h2 class=\"heading heading--secondary m-bottom-10\">Ofertas de empleo &#8211; \u00a1Se te abren muchas puertas con nosotros!  <\/h2>\n                <span class=\"short-line-decoration short-line-decoration--mini-width color-bordeaux-bg\"><\/span>\n\n                <div class=\"m-top-40 paragraph\">\n\n                    <p>Nos gustar\u00eda ampliarnos y buscamos nuevos empleados interesados y motivados que tengan ganas de aprender ortodoncia al m\u00e1s alto nivel o que ya participen activamente en su formaci\u00f3n. Si tienes destreza manual y te gustan las actividades art\u00edsticas y los medios digitales, \u00a1te encantar\u00e1 este trabajo vers\u00e1til con nosotros! En las \u00e1reas de asistencia, documentaci\u00f3n y comunicaci\u00f3n con el paciente, encontrar\u00e1s un amplio abanico de oportunidades para desarrollar tus fortalezas personales y crecer profesionalmente. Te ofrecemos una excelente formaci\u00f3n y perfeccionamiento en un equipo \u00fanico con una remuneraci\u00f3n atractiva. Si est\u00e1s interesado en un aprendizaje, tambi\u00e9n puedes encontrar m\u00e1s informaci\u00f3n en <a class=\"ui-editor-link-external\" href=\"https:\/\/www.dr-entrup.de\/administrator\/kontakt\/www.asbbs.de\">www.asbbs.de<\/a> (Escuela Alice Salomon de Hannover). Env\u00eda las solicitudes a la direcci\u00f3n de correo electr\u00f3nico que figura m\u00e1s abajo.  <strong>\u00a1Estamos deseando conocerte!<\/strong><\/p>\n\n                <\/div>\n                                <a href='https:\/\/www.dr-entrup.de\/bewerbung\/' class='button color-bordeaux-bg color-white button--medium' target='_blank'> Solicitar ahora <\/a>                            <\/div>\n        <\/div>\n    <\/div>\n     <div class = \"p-top-mobile-50\"><\/div>\n<\/section>\n\n<section class = \"fdn-grid color-extra-pink-bg\">\n    <div class = \"p-top-mobile-50\"><\/div>\n\t<div class = \"grid-container full-with-margin-10 no-padding\">\n\n        <div class = \"grid-x\">\n\n            <div class=\"cell large-6 small-12\">\n                <div class = \"m-right-25 m-bottom-25 m-left-mob-0 m-right-mob-0 m-left-tab-0 m-right-tab-0\">\n                    <img class = \"image img-responsive-no-block\"\n                         src = \"https:\/\/www.dr-entrup.de\/wp-content\/uploads\/2023\/12\/Jobangebot-Kieferorthopaedie-Hannover-uszubildende-oder-zahnmedizinische-Fachangestellte-mit-Wunsch-zur-Fachkraft-fur-Kieferorthopadie.jpg\"\n                         alt=\"Oferta de empleo ortodoncia Hannover: aprendiz o asistente dental con ganas de convertirse en especialista en ortodoncia\">\n                <\/div>\n\n\n                                   \n            <\/div>\n\n            <div class=\"cell large-6 small-12 \">\n                <div class = \"m-left-25 m-right-25 m-bottom-25 m-left-mob-0 m-right-mob-0 m-left-tab-0 m-right-tab-0\">\n                    <h2 class=\"heading heading--medium  m-bottom-10 color-bordeaux\">Como aprendiz o asistente dental con el deseo de convertirte en especialista en ortodoncia:<\/h2>\n                    <span class=\"short-line-decoration  short-line-decoration--mini-width  color-primary-bg\"><\/span>\n                    <div class = \"paragraph paragraph--medium paragraph--primary m-top-40\">\n                        <p>\u00bfEst\u00e1s muy motivado, orientado a los objetivos, eres educado y valoras una apariencia bien cuidada? \u00bfTienes tambi\u00e9n el t\u00edtulo de bachillerato, el t\u00edtulo de bachillerato ampliado o el bachillerato? Estaremos encantados de formarte con la posibilidad de contratarte una vez que hayas aprobado el examen.<\/p>\n\n                        \n                                                  \n\n                    <\/div>\n                <\/div>\n            <\/div>\n\n\n        <\/div>\n\n    <\/div>\n        <div class = \"p-top-mobile-50\"><\/div>\n<\/section>\n\n<section class = \"fdn-grid color-white-bg\">\n\n        <div class = \"p-top-mobile-50\"><\/div>\n    <div class = \"grid-container full-with-margin-10 no-padding\">\n\n        <div class = \"grid-x\">\n\n            <div class=\"cell large-6 small-12 \">\n                <div class = \"m-right-25  m-bottom-25 m-left-mob-0 m-right-mob-0 m-left-tab-0 m-right-tab-0\">\n                    <h2 class=\"heading heading--medium  m-bottom-10 color-bordeaux\">Como especialista formado en ortodoncia:<\/h2>\n                    <span class=\"short-line-decoration  short-line-decoration--mini-width  color-primary-bg\"><\/span>\n                    <div class = \"paragraph--medium paragraph--primary m-top-40\">\n                        <p>Si ya tienes experiencia de trabajo independiente en el campo de la ortodoncia y\/o la odontolog\u00eda, te ofrecemos la oportunidad de hacer carrera en un equipo \u00fanico con los m\u00e1s altos est\u00e1ndares de calidad y una remuneraci\u00f3n atractiva.<\/p>\n\n\n                            <div class = \"m-top-25 m-bottom-25\"><a\n\t\t\t\t\t\t\ttarget='_blank'\n\t              \t\t\thref='https:\/\/www.dr-entrup.de\/bewerbung\/'\n\t              \t\t\tclass='button color-bordeaux-bg color-white button--medium button--full-width-mob'> Solicitar ahora <\/a><\/div>                        \n\n                    <\/div>\n                <\/div>\n            <\/div>\n\n            <div class=\"cell large-6 small-12\">\n                <div class = \"m-left-25 m-bottom-25 m-left-mob-0 m-right-mob-0 m-left-tab-0 m-right-tab-0\">\n                   \t\t\t\t\t\n\t\t\t\t\t<img class = \"image img-responsive-no-block\"\n                         src = \"https:\/\/www.dr-entrup.de\/wp-content\/uploads\/2023\/12\/Jobangebot-Kieferorthopaedie-Hannover-gelernte-Fachkraft-fur-Kieferorthopadie.jpg\"\n                         alt=\"Oferta de empleo ortodoncia Hannover: especialista cualificado en ortodoncia\">\n\t\t\t\t\t\t \n\t\t\t\t\t\t\n                                   \n                <\/div>\n\n                \n            <\/div>\n\n        <\/div>\n\n    <\/div>\n        <div class = \"p-top-mobile-50\"><\/div>\n<\/section>\n\n<section class = \"fdn-grid color-extra-pink-bg\">\n    <div class = \"p-top-mobile-50\"><\/div>\n\t<div class = \"grid-container full-with-margin-10 no-padding\">\n\n        <div class = \"grid-x\">\n\n            <div class=\"cell large-6 small-12\">\n                <div class = \"m-right-25 m-bottom-25 m-left-mob-0 m-right-mob-0 m-left-tab-0 m-right-tab-0\">\n                    <img class = \"image img-responsive-no-block\"\n                         src = \"https:\/\/www.dr-entrup.de\/wp-content\/uploads\/2023\/12\/Stellenangebot-Kieferorthopaedie-Hannover-Weiterbildungsassistentin-fur-Kieferorthopadie.png\"\n                         alt=\"Oferta de empleo ortodoncia Hannover: Ayudante de formaci\u00f3n para ortodoncia\">\n                <\/div>\n\n\n                                   \n            <\/div>\n\n            <div class=\"cell large-6 small-12 \">\n                <div class = \"m-left-25 m-right-25 m-bottom-25 m-left-mob-0 m-right-mob-0 m-left-tab-0 m-right-tab-0\">\n                    <h2 class=\"heading heading--medium  m-bottom-10 color-bordeaux\">Formaci\u00f3n continua como asistente de ortodoncia<\/h2>\n                    <span class=\"short-line-decoration  short-line-decoration--mini-width  color-primary-bg\"><\/span>\n                    <div class = \"paragraph paragraph--medium paragraph--primary m-top-40\">\n                        <p>Actualmente estamos buscando un asistente de formaci\u00f3n y esperamos recibir tu solicitud completa para tenerte en cuenta en el proceso de selecci\u00f3n. Deber\u00e1 incluir una carta de presentaci\u00f3n informativa, un CV completo, una foto y todos los certificados pertinentes. <strong><a href=\"https:\/\/www.dr-entrup.de\/es\/aplicacion\/\">Utiliza nuestro formulario de solicitud<\/a> o <\/strong><strong>env\u00eda tu solicitud a: <\/strong><a href=\"mailto:info@dr-entrup.de\">info@dr-entrup.de<\/a><\/p>\n\n                        \n                                                  \n\n                    <\/div>\n                <\/div>\n            <\/div>\n\n\n        <\/div>\n\n    <\/div>\n        <div class = \"p-top-mobile-50\"><\/div>\n<\/section>\n","protected":false},"excerpt":{"rendered":"","protected":false},"author":1,"featured_media":0,"parent":0,"menu_order":0,"comment_status":"closed","ping_status":"closed","template":"","meta":{"footnotes":""},"class_list":["post-6150","page","type-page","status-publish"],"acf":[],"yoast_head":"<!-- This site is optimized with the Yoast SEO plugin v27.5 - https:\/\/yoast.com\/product\/yoast-seo-wordpress\/ -->\n<title>Ofertas de empleo en nuestra consulta especializada en ortodoncia de Hannover<\/title>\n<meta name=\"description\" content=\"Ofertas de empleo en nuestra consulta especializada en ortodoncia integral Dres. W. &amp; J. Entrup y el Dr. T. Altvater en Hannover. \u00a1Inscr\u00edbete ya!\" \/>\n<meta name=\"robots\" content=\"index, follow, max-snippet:-1, max-image-preview:large, max-video-preview:-1\" \/>\n<link rel=\"canonical\" href=\"https:\/\/www.dr-entrup.de\/es\/carrera-profesional\/\" \/>\n<meta property=\"og:locale\" content=\"en_US\" \/>\n<meta property=\"og:type\" content=\"article\" \/>\n<meta property=\"og:title\" content=\"Ofertas de empleo en nuestra consulta especializada en ortodoncia de Hannover\" \/>\n<meta property=\"og:description\" content=\"Ofertas de empleo en nuestra consulta especializada en ortodoncia integral Dres. W. &amp; J. Entrup y el Dr. T. Altvater en Hannover. \u00a1Inscr\u00edbete ya!\" \/>\n<meta property=\"og:url\" content=\"https:\/\/www.dr-entrup.de\/es\/carrera-profesional\/\" \/>\n<meta property=\"og:site_name\" content=\"BALANCE Fachpraxis f\u00fcr umfassende Kieferorthop\u00e4die Hannover Dr. Entrup\" \/>\n<meta property=\"article:modified_time\" content=\"2024-09-06T12:40:03+00:00\" \/>\n<meta name=\"twitter:card\" content=\"summary_large_image\" \/>\n<script type=\"application\/ld+json\" class=\"yoast-schema-graph\">{\"@context\":\"https:\\\/\\\/schema.org\",\"@graph\":[{\"@type\":\"WebPage\",\"@id\":\"https:\\\/\\\/www.dr-entrup.de\\\/es\\\/carrera-profesional\\\/\",\"url\":\"https:\\\/\\\/www.dr-entrup.de\\\/es\\\/carrera-profesional\\\/\",\"name\":\"Ofertas de empleo en nuestra consulta especializada en ortodoncia de Hannover\",\"isPartOf\":{\"@id\":\"https:\\\/\\\/www.dr-entrup.de\\\/es\\\/#website\"},\"datePublished\":\"2023-10-25T16:18:51+00:00\",\"dateModified\":\"2024-09-06T12:40:03+00:00\",\"description\":\"Ofertas de empleo en nuestra consulta especializada en ortodoncia integral Dres. W. & J. Entrup y el Dr. T. Altvater en Hannover. \u00a1Inscr\u00edbete ya!\",\"breadcrumb\":{\"@id\":\"https:\\\/\\\/www.dr-entrup.de\\\/es\\\/carrera-profesional\\\/#breadcrumb\"},\"inLanguage\":\"en-DE\",\"potentialAction\":[{\"@type\":\"ReadAction\",\"target\":[\"https:\\\/\\\/www.dr-entrup.de\\\/es\\\/carrera-profesional\\\/\"]}]},{\"@type\":\"BreadcrumbList\",\"@id\":\"https:\\\/\\\/www.dr-entrup.de\\\/es\\\/carrera-profesional\\\/#breadcrumb\",\"itemListElement\":[{\"@type\":\"ListItem\",\"position\":1,\"name\":\"Home\",\"item\":\"https:\\\/\\\/www.dr-entrup.de\\\/es\\\/\"},{\"@type\":\"ListItem\",\"position\":2,\"name\":\"Carrera profesional\"}]},{\"@type\":\"WebSite\",\"@id\":\"https:\\\/\\\/www.dr-entrup.de\\\/es\\\/#website\",\"url\":\"https:\\\/\\\/www.dr-entrup.de\\\/es\\\/\",\"name\":\"BALANCE Fachpraxis f\u00fcr umfassende Kieferorthop\u00e4die Hannover Dr. Entrup\",\"description\":\"BALANCE Fachpraxis f\u00fcr umfassende Kieferorthop\u00e4die Hannover Dr. Entrup\",\"publisher\":{\"@id\":\"https:\\\/\\\/www.dr-entrup.de\\\/es\\\/#organization\"},\"potentialAction\":[{\"@type\":\"SearchAction\",\"target\":{\"@type\":\"EntryPoint\",\"urlTemplate\":\"https:\\\/\\\/www.dr-entrup.de\\\/es\\\/?s={search_term_string}\"},\"query-input\":{\"@type\":\"PropertyValueSpecification\",\"valueRequired\":true,\"valueName\":\"search_term_string\"}}],\"inLanguage\":\"en-DE\"},{\"@type\":\"Organization\",\"@id\":\"https:\\\/\\\/www.dr-entrup.de\\\/es\\\/#organization\",\"name\":\"BALANCE Fachpraxis f\u00fcr umfassende Kieferorthop\u00e4die Hannover Dr. Entrup\",\"url\":\"https:\\\/\\\/www.dr-entrup.de\\\/es\\\/\",\"logo\":{\"@type\":\"ImageObject\",\"inLanguage\":\"en-DE\",\"@id\":\"https:\\\/\\\/www.dr-entrup.de\\\/es\\\/#\\\/schema\\\/logo\\\/image\\\/\",\"url\":\"https:\\\/\\\/www.dr-entrup.de\\\/wp-content\\\/uploads\\\/2023\\\/11\\\/logo-plus-subtext.png\",\"contentUrl\":\"https:\\\/\\\/www.dr-entrup.de\\\/wp-content\\\/uploads\\\/2023\\\/11\\\/logo-plus-subtext.png\",\"width\":302,\"height\":326,\"caption\":\"BALANCE Fachpraxis f\u00fcr umfassende Kieferorthop\u00e4die Hannover Dr. Entrup\"},\"image\":{\"@id\":\"https:\\\/\\\/www.dr-entrup.de\\\/es\\\/#\\\/schema\\\/logo\\\/image\\\/\"}}]}<\/script>\n<!-- \/ Yoast SEO plugin. -->","yoast_head_json":{"title":"Ofertas de empleo en nuestra consulta especializada en ortodoncia de Hannover","description":"Ofertas de empleo en nuestra consulta especializada en ortodoncia integral Dres. W. & J. Entrup y el Dr. T. Altvater en Hannover. \u00a1Inscr\u00edbete ya!","robots":{"index":"index","follow":"follow","max-snippet":"max-snippet:-1","max-image-preview":"max-image-preview:large","max-video-preview":"max-video-preview:-1"},"canonical":"https:\/\/www.dr-entrup.de\/es\/carrera-profesional\/","og_locale":"en_US","og_type":"article","og_title":"Ofertas de empleo en nuestra consulta especializada en ortodoncia de Hannover","og_description":"Ofertas de empleo en nuestra consulta especializada en ortodoncia integral Dres. W. & J. Entrup y el Dr. T. Altvater en Hannover. \u00a1Inscr\u00edbete ya!","og_url":"https:\/\/www.dr-entrup.de\/es\/carrera-profesional\/","og_site_name":"BALANCE Fachpraxis f\u00fcr umfassende Kieferorthop\u00e4die Hannover Dr. Entrup","article_modified_time":"2024-09-06T12:40:03+00:00","twitter_card":"summary_large_image","schema":{"@context":"https:\/\/schema.org","@graph":[{"@type":"WebPage","@id":"https:\/\/www.dr-entrup.de\/es\/carrera-profesional\/","url":"https:\/\/www.dr-entrup.de\/es\/carrera-profesional\/","name":"Ofertas de empleo en nuestra consulta especializada en ortodoncia de Hannover","isPartOf":{"@id":"https:\/\/www.dr-entrup.de\/es\/#website"},"datePublished":"2023-10-25T16:18:51+00:00","dateModified":"2024-09-06T12:40:03+00:00","description":"Ofertas de empleo en nuestra consulta especializada en ortodoncia integral Dres. W. & J. Entrup y el Dr. T. Altvater en Hannover. \u00a1Inscr\u00edbete ya!","breadcrumb":{"@id":"https:\/\/www.dr-entrup.de\/es\/carrera-profesional\/#breadcrumb"},"inLanguage":"en-DE","potentialAction":[{"@type":"ReadAction","target":["https:\/\/www.dr-entrup.de\/es\/carrera-profesional\/"]}]},{"@type":"BreadcrumbList","@id":"https:\/\/www.dr-entrup.de\/es\/carrera-profesional\/#breadcrumb","itemListElement":[{"@type":"ListItem","position":1,"name":"Home","item":"https:\/\/www.dr-entrup.de\/es\/"},{"@type":"ListItem","position":2,"name":"Carrera profesional"}]},{"@type":"WebSite","@id":"https:\/\/www.dr-entrup.de\/es\/#website","url":"https:\/\/www.dr-entrup.de\/es\/","name":"BALANCE Fachpraxis f\u00fcr umfassende Kieferorthop\u00e4die Hannover Dr. Entrup","description":"BALANCE Fachpraxis f\u00fcr umfassende Kieferorthop\u00e4die Hannover Dr. Entrup","publisher":{"@id":"https:\/\/www.dr-entrup.de\/es\/#organization"},"potentialAction":[{"@type":"SearchAction","target":{"@type":"EntryPoint","urlTemplate":"https:\/\/www.dr-entrup.de\/es\/?s={search_term_string}"},"query-input":{"@type":"PropertyValueSpecification","valueRequired":true,"valueName":"search_term_string"}}],"inLanguage":"en-DE"},{"@type":"Organization","@id":"https:\/\/www.dr-entrup.de\/es\/#organization","name":"BALANCE Fachpraxis f\u00fcr umfassende Kieferorthop\u00e4die Hannover Dr. Entrup","url":"https:\/\/www.dr-entrup.de\/es\/","logo":{"@type":"ImageObject","inLanguage":"en-DE","@id":"https:\/\/www.dr-entrup.de\/es\/#\/schema\/logo\/image\/","url":"https:\/\/www.dr-entrup.de\/wp-content\/uploads\/2023\/11\/logo-plus-subtext.png","contentUrl":"https:\/\/www.dr-entrup.de\/wp-content\/uploads\/2023\/11\/logo-plus-subtext.png","width":302,"height":326,"caption":"BALANCE Fachpraxis f\u00fcr umfassende Kieferorthop\u00e4die Hannover Dr. Entrup"},"image":{"@id":"https:\/\/www.dr-entrup.de\/es\/#\/schema\/logo\/image\/"}}]}},"_links":{"self":[{"href":"https:\/\/www.dr-entrup.de\/es\/wp-json\/wp\/v2\/pages\/6150","targetHints":{"allow":["GET"]}}],"collection":[{"href":"https:\/\/www.dr-entrup.de\/es\/wp-json\/wp\/v2\/pages"}],"about":[{"href":"https:\/\/www.dr-entrup.de\/es\/wp-json\/wp\/v2\/types\/page"}],"author":[{"embeddable":true,"href":"https:\/\/www.dr-entrup.de\/es\/wp-json\/wp\/v2\/users\/1"}],"replies":[{"embeddable":true,"href":"https:\/\/www.dr-entrup.de\/es\/wp-json\/wp\/v2\/comments?post=6150"}],"version-history":[{"count":3,"href":"https:\/\/www.dr-entrup.de\/es\/wp-json\/wp\/v2\/pages\/6150\/revisions"}],"predecessor-version":[{"id":6831,"href":"https:\/\/www.dr-entrup.de\/es\/wp-json\/wp\/v2\/pages\/6150\/revisions\/6831"}],"wp:attachment":[{"href":"https:\/\/www.dr-entrup.de\/es\/wp-json\/wp\/v2\/media?parent=6150"}],"curies":[{"name":"wp","href":"https:\/\/api.w.org\/{rel}","templated":true}]}}