{"id":6149,"date":"2023-10-25T18:17:07","date_gmt":"2023-10-25T16:17:07","guid":{"rendered":"https:\/\/debug.dr-entrup.de\/dr-w-entrup\/"},"modified":"2024-08-28T17:17:19","modified_gmt":"2024-08-28T15:17:19","slug":"dr-w-entrup","status":"publish","type":"page","link":"https:\/\/www.dr-entrup.de\/es\/dr-w-entrup\/","title":{"rendered":"Dr. W. Entrup"},"content":{"rendered":"\n<section class = \"fdn-grid color-white-bg\">\n    <div class = \"p-top-mobile-50\"><\/div>\n\t<div class = \"grid-container full-with-margin-10 no-padding\">\n\n        <div class = \"grid-x\">\n\n            <div class=\"cell large-6 small-12\">\n                <div class = \"m-right-25 m-bottom-25 m-left-mob-0 m-right-mob-0 m-left-tab-0 m-right-tab-0\">\n                    <img class = \"image img-responsive-no-block\"\n                         src = \"https:\/\/www.dr-entrup.de\/wp-content\/uploads\/2024\/06\/Dr.-Wilhelm-Entrup-Fachzahnarzt-fur-Kieferorthopadie-Diplomate-German-Board-of-Orthodontics.jpeg\"\n                         alt=\"Alt text...\">\n                <\/div>\n\n\n                                   \n            <\/div>\n\n            <div class=\"cell large-6 small-12 \">\n                <div class = \"m-left-25 m-right-25 m-bottom-25 m-left-mob-0 m-right-mob-0 m-left-tab-0 m-right-tab-0\">\n                    <h2 class=\"heading heading--medium  m-bottom-10 color-bordeaux\">Dr. Wilhelm Entrup<\/h2>\n                    <span class=\"short-line-decoration  short-line-decoration--mini-width  color-primary-bg\"><\/span>\n                    <div class = \"paragraph paragraph--medium paragraph--primary m-top-40\">\n                        <h3>Odont\u00f3logo especialista en ortodoncia &#8211; Diplomado de la Junta Alemana de Ortodoncia<\/h3>\n<p>&nbsp;<br \/>\n&nbsp;  Georgstra\u00dfe 46 D 30159 Hannover Tel +49 (511) 364990 Fax + 49 (0511) 3649911 E-Mail:  <a href=\"mailto:balancede@aol.com\">balancede@aol.com<\/a><\/p>\n\n                        \n                                                  \n\n                    <\/div>\n                <\/div>\n            <\/div>\n\n\n        <\/div>\n\n    <\/div>\n        <div class = \"p-top-mobile-50\"><\/div>\n<\/section>\n\n<section class = \"fdn-grid color-extra-pink-bg\">\n\n        <div class = \"p-top-mobile-50\"><\/div>\n    <div class = \"grid-container full-with-margin-10 no-padding\">\n\n        <div class = \"grid-x\">\n\n            <div class=\"cell large-6 small-12 \">\n                <div class = \"m-right-25  m-bottom-25 m-left-mob-0 m-right-mob-0 m-left-tab-0 m-right-tab-0\">\n                    <h2 class=\"heading heading--medium  m-bottom-10 color-bordeaux\">Cualificaciones adicionales: <\/h2>\n                    <span class=\"short-line-decoration  short-line-decoration--mini-width  color-primary-bg\"><\/span>\n                    <div class = \"paragraph--medium paragraph--primary m-top-40\">\n                        <ul>\n<li>Tecnolog\u00eda de los Alimentos (Ing. grad.)<\/li>\n<li>Terapia neuromuscular seg\u00fan San Juan (fisioterapia)<\/li>\n<li>Kinesiolog\u00eda Aplicada (Diploma A)<\/li>\n<li>Medicina manual para ortodoncia (Sociedad Alemana de Medicina Manual)<\/li>\n<li>Certificaci\u00f3n en la Initiativkreis umfassende Kieferorthop\u00e4die (IUK) = Diplomado de la Junta Alemana de Ortodoncia (GBO)<\/li>\n<li>Certificaci\u00f3n en la Sociedad Europea de Ortodoncia Lingual (ESLO) = Miembro Activo<\/li>\n<li>3 estrellas en la lista independiente de m\u00e9dicos para ortodoncia publicada por la revista Focus 2012 &#8211; 2024<\/li>\n<li>Evaluador m\u00e9dico privado IMB<\/li>\n<\/ul>\n\n\n                                                    \n\n                    <\/div>\n                <\/div>\n            <\/div>\n\n            <div class=\"cell large-6 small-12\">\n                <div class = \"m-left-25 m-bottom-25 m-left-mob-0 m-right-mob-0 m-left-tab-0 m-right-tab-0\">\n                   \t\t\t\t\t\n\t\t\t\t\t<img class = \"image img-responsive-no-block\"\n                         src = \"https:\/\/www.dr-entrup.de\/wp-content\/uploads\/2023\/12\/Zusatzqualifikationen-Dr.-W.-Entrup-Hannover-Fachpraxis-fur-umfassende-Kieferorthopadie.jpg\"\n                         alt=\"Alt text...\">\n\t\t\t\t\t\t \n\t\t\t\t\t\t\n                                   \n                <\/div>\n\n                \n            <\/div>\n\n        <\/div>\n\n    <\/div>\n        <div class = \"p-top-mobile-50\"><\/div>\n<\/section>\n\n<section class = \"fdn-grid color-white-bg\">\n    <div class = \"p-top-mobile-50\"><\/div>\n\t<div class = \"grid-container full-with-margin-10 no-padding\">\n\n        <div class = \"grid-x\">\n\n            <div class=\"cell large-6 small-12\">\n                <div class = \"m-right-25 m-bottom-25 m-left-mob-0 m-right-mob-0 m-left-tab-0 m-right-tab-0\">\n                    <img class = \"image img-responsive-no-block\"\n                         src = \"https:\/\/www.dr-entrup.de\/wp-content\/uploads\/2023\/12\/Kieferorthopade-Dr.-W.-Entrup-Hannover-Mitgliedschaften-1.png\"\n                         alt=\"Ortodoncista Dr. W. Entrup Hannover - Afiliaciones\">\n                <\/div>\n\n\n                                   \n            <\/div>\n\n            <div class=\"cell large-6 small-12 \">\n                <div class = \"m-left-25 m-right-25 m-bottom-25 m-left-mob-0 m-right-mob-0 m-left-tab-0 m-right-tab-0\">\n                    <h2 class=\"heading heading--medium  m-bottom-10 color-bordeaux\">Afiliaciones<\/h2>\n                    <span class=\"short-line-decoration  short-line-decoration--mini-width  color-primary-bg\"><\/span>\n                    <div class = \"paragraph paragraph--medium paragraph--primary m-top-40\">\n                        <ul>\n<li>Miembro activo &#8211; Sociedad Mundial de Ortodoncia Lingual (WSLO) Asociaci\u00f3n Americana de Ortodoncia y Ortopedia Dentofacial (AAO)<\/li>\n<li>Sociedad Europea de Ortodoncia Lingual (ESLO)<\/li>\n<\/ul>\n<ul>\n<li>Grupo Cranio y Sociedad para el Estudio de los Trastornos Craneomandibulares, Londres<\/li>\n<li>Asociaci\u00f3n M\u00e9dica Alemana de Kinesiolog\u00eda Aplicada (D\u00c4GAK)<\/li>\n<li>Sociedad Alemana de Ortodoncia<\/li>\n<li>Junta Alemana de Ortodoncia (GBO)<\/li>\n<li>Grupo de Trabajo de Ortodoncia Sistem\u00e1tica (ASK)<\/li>\n<li><a class=\"ui-editor-link-external\" href=\"http:\/\/www.neurodontics.com\/\" target=\"_blank\" rel=\"noopener\">CEO Fundaci\u00f3n de Neurodoncia<\/a><\/li>\n<\/ul>\n\n                        \n                                                  \n\n                    <\/div>\n                <\/div>\n            <\/div>\n\n\n        <\/div>\n\n    <\/div>\n        <div class = \"p-top-mobile-50\"><\/div>\n<\/section>\n\n<section class = \"fdn-grid color-extra-pink-bg\">\n\n        <div class = \"p-top-mobile-50\"><\/div>\n    <div class = \"grid-container full-with-margin-10 no-padding\">\n\n        <div class = \"grid-x\">\n\n            <div class=\"cell large-6 small-12 \">\n                <div class = \"m-right-25  m-bottom-25 m-left-mob-0 m-right-mob-0 m-left-tab-0 m-right-tab-0\">\n                    <h2 class=\"heading heading--medium  m-bottom-10 color-bordeaux\">Futuras conferencias, talleres y cursos:<\/h2>\n                    <span class=\"short-line-decoration  short-line-decoration--mini-width  color-primary-bg\"><\/span>\n                    <div class = \"paragraph--medium paragraph--primary m-top-40\">\n                        <ul>\n<li><span style=\"color: #333333;\">Cursos individuales de observaci\u00f3n de pr\u00e1cticas (concepto de tratamiento de equilibrio) mediante cita personal  <\/span><\/li>\n<li><a href=\"http:\/\/www.neurodontics.com\/wien-diagnose-und-behandlung-der-kraniomandibulaeren-dysfunktion-2016\"><span style=\"color: #333333;\">Diagn\u00f3stico y tratamiento de la disfunci\u00f3n craneomandibular <\/span> Curso pr\u00e1ctico de 2 d\u00edas para odont\u00f3logos y ortodoncistas<\/a><\/li>\n<\/ul>\n\n\n                                                    \n\n                    <\/div>\n                <\/div>\n            <\/div>\n\n            <div class=\"cell large-6 small-12\">\n                <div class = \"m-left-25 m-bottom-25 m-left-mob-0 m-right-mob-0 m-left-tab-0 m-right-tab-0\">\n                   \t\t\t\t\t\n\t\t\t\t\t<img class = \"image img-responsive-no-block\"\n                         src = \"https:\/\/www.dr-entrup.de\/wp-content\/uploads\/2023\/12\/Kieferorthopade-Hannover-Dr.-W.-Entrup-Kunftige-Vortrage-Workshops-und-Kurse.jpg\"\n                         alt=\"Ortodoncista Hannover Dr. W. Entrup - Futuras conferencias, talleres y cursos\">\n\t\t\t\t\t\t \n\t\t\t\t\t\t\n                                   \n                <\/div>\n\n                \n            <\/div>\n\n        <\/div>\n\n    <\/div>\n        <div class = \"p-top-mobile-50\"><\/div>\n<\/section>\n\n<section class = \"fdn-grid color-white-bg\">\n    <div class = \"p-top-mobile-50\"><\/div>\n\n    <div class = \"grid-container full-with-margin-10 no-padding\">\n        <div class = \"grid-x \">\n            <div class = \"cell small-12\">\n\n                <h2 class=\"heading heading--text-center heading--medium m-bottom-10 color-bordeaux\">Publicaciones:<\/h2>\n                <span class=\"short-line-decoration short-line-decoration--mini-width short-line-decoration--centered color-primary-bg\"><\/span>\n                <div class = \"p-top-mobile-70\"><\/div>\n\n            <\/div>\n\n            <div class = 'cell small-12 large-6 m-bottom-50'><div class = 'grid-x grid-padding-x'><div class = 'cell large-4 medium-order-1'><img class='image img-responsive m-bottom-25' src ='https:\/\/www.dr-entrup.de\/wp-content\/uploads\/2023\/12\/Cranio-View-Winter-2011-12.jpg' ><\/div><div class = 'cell large-8 medium-order-2'><h3 class='heading heading--smaller heading--medium heading--secondary m-bottom-10 color-bordeaux'>Cranio-View Invierno 2011-12<\/h3><span class='short-line-decoration short-line-decoration--mini-width color-primary-bg'><\/span><div class = 'paragraph m-top-25'><p>H\u00e1bitos, tics, bruxismo, trastornos del habla y discinesia orofacial: \u00bfUna expresi\u00f3n de la necesaria autorregulaci\u00f3n craneosacral y postural en humanos?<\/p>\n<\/div><a target='_blank' href='\/wp-content\/uploads\/2023\/12\/kieferorthopaedie-hannovergF2dNDPFktiFM5J9.pdf' class='button color-bordeaux-bg color-white button--medium button--full-width-mob'>Mostrar art\u00edculo (1313 KB)<\/a><\/div><\/div><\/div><div class = 'cell small-12 large-6 m-bottom-50'><div class = 'grid-x grid-padding-x'><div class = 'cell large-4 medium-order-1'><img class='image img-responsive m-bottom-25' src ='https:\/\/www.dr-entrup.de\/wp-content\/uploads\/2023\/12\/Cranio-View-Summer-2012-.jpg' ><\/div><div class = 'cell large-8 medium-order-2'><h3 class='heading heading--smaller heading--medium heading--secondary m-bottom-10 color-bordeaux'>Cranio- Ver Verano 2012  <\/h3><span class='short-line-decoration short-line-decoration--mini-width color-primary-bg'><\/span><div class = 'paragraph m-top-25'><p>La mand\u00edbula universal\/digestiva &#8211; Un importante defecto craneal solitario relacionado con una disfunci\u00f3n infravalorada del Sistema Cr\u00e1neo-Mandibular<\/p>\n<\/div><a target='_blank' href='\/wp-content\/uploads\/2023\/12\/kieferorthopaedie-hannover62RHkmjz934wAuER1.pdf' class='button color-bordeaux-bg color-white button--medium button--full-width-mob'>Mostrar art\u00edculo (304 KB)<\/a><\/div><\/div><\/div><div class = 'cell small-12 large-6 m-bottom-50'><div class = 'grid-x grid-padding-x'><div class = 'cell large-4 medium-order-1'><img class='image img-responsive m-bottom-25' src ='https:\/\/www.dr-entrup.de\/wp-content\/uploads\/2023\/12\/Journal-of-Professional-Applied-Kinesiology.jpg' ><\/div><div class = 'cell large-8 medium-order-2'><h3 class='heading heading--smaller heading--medium heading--secondary m-bottom-10 color-bordeaux'>Revista de Kinesiolog\u00eda Profesional Aplicada<\/h3><span class='short-line-decoration short-line-decoration--mini-width color-primary-bg'><\/span><div class = 'paragraph m-top-25'><p>\u00bfSon los h\u00e1bitos, los tics, el bruxismo, los defectos del habla y la discinesia orofacial una expresi\u00f3n de la autorregulaci\u00f3n craneosacral y postural necesaria en el ser humano? El concepto de tratamiento Equilibrio.<\/p>\n<\/div><a target='_blank' href='\/wp-content\/uploads\/2023\/12\/team_AK_Sind_Habits.pdf' class='button color-bordeaux-bg color-white button--medium button--full-width-mob'>Mostrar art\u00edculo (1591 KB)<\/a><\/div><\/div><\/div><div class = 'cell small-12 large-6 m-bottom-50'><div class = 'grid-x grid-padding-x'><div class = 'cell large-4 medium-order-1'><img class='image img-responsive m-bottom-25' src ='https:\/\/www.dr-entrup.de\/wp-content\/uploads\/2023\/12\/UniversalDigestive-jaw.jpg' ><\/div><div class = 'cell large-8 medium-order-2'><h3 class='heading heading--smaller heading--medium heading--secondary m-bottom-10 color-bordeaux'>Universal\/Mand\u00edbula digestiva<\/h3><span class='short-line-decoration short-line-decoration--mini-width color-primary-bg'><\/span><div class = 'paragraph m-top-25'><p>Una importante disfunci\u00f3n (fallo) solitaria del sistema craneomandibular (SCM) Medicina Manual Editorial: Springer-Verlag Heidelberg ISSN: 0025-2514 (Papel) 1433-0466 (Online)<\/p>\n<\/div><a target='_blank' href='\/wp-content\/uploads\/2023\/12\/team_Springer_UJ_Zsf.pdf' class='button color-bordeaux-bg color-white button--medium button--full-width-mob'>Mostrar art\u00edculo (309 KB)<\/a><\/div><\/div><\/div><div class = 'cell small-12 large-6 m-bottom-50'><div class = 'grid-x grid-padding-x'><div class = 'cell large-4 medium-order-1'><img class='image img-responsive m-bottom-25' src ='https:\/\/www.dr-entrup.de\/wp-content\/uploads\/2023\/12\/Medical-Journal-for-Applied-Kinesiology-Kieferorthopaedie-Hannover.jpg' ><\/div><div class = 'cell large-8 medium-order-2'><h3 class='heading heading--smaller heading--medium heading--secondary m-bottom-10 color-bordeaux'>Revista M\u00e9dica de Kinesiolog\u00eda Aplicada<\/h3><span class='short-line-decoration short-line-decoration--mini-width color-primary-bg'><\/span><div class = 'paragraph m-top-25'><p>22\u00aa edici\u00f3n, noviembre de 2004<\/p>\n<\/div><a target='_blank' href='\/wp-content\/uploads\/2023\/12\/team_UniJaw.pdf' class='button color-bordeaux-bg color-white button--medium button--full-width-mob'>Mostrar art\u00edculo (940 KB)<\/a><\/div><\/div><\/div><div class = 'cell small-12 large-6 m-bottom-50'><div class = 'grid-x grid-padding-x'><div class = 'cell large-4 medium-order-1'><img class='image img-responsive m-bottom-25' src ='https:\/\/www.dr-entrup.de\/wp-content\/uploads\/2023\/12\/Funktionsstorung-des-Mund-und-Kieferorgans-Kieferorthopaedie-Hannover.jpg' ><\/div><div class = 'cell large-8 medium-order-2'><h3 class='heading heading--smaller heading--medium heading--secondary m-bottom-10 color-bordeaux'>Disfunci\u00f3n de los \u00f3rganos orales y maxilofaciales<\/h3><span class='short-line-decoration short-line-decoration--mini-width color-primary-bg'><\/span><div class = 'paragraph m-top-25'><p>Padres de alimentos no contaminados e.V. EfuN-Info N\u00famero 11\/2002<\/p>\n<\/div><a target='_blank' href='\/wp-content\/uploads\/2023\/12\/team_efun.pdf' class='button color-bordeaux-bg color-white button--medium button--full-width-mob'>Mostrar art\u00edculo (778 KB)<\/a><\/div><\/div><\/div><div class = 'cell small-12 large-6 m-bottom-50'><div class = 'grid-x grid-padding-x'><div class = 'cell large-4 medium-order-1'><img class='image img-responsive m-bottom-25' src ='https:\/\/www.dr-entrup.de\/wp-content\/uploads\/2023\/12\/Das-Balance-Behandlungskonzept-Kieferorthopaede-Dr.-W.-Entrup-Kieferorthpaedie-Hannover.jpg' ><\/div><div class = 'cell large-8 medium-order-2'><h3 class='heading heading--smaller heading--medium heading--secondary m-bottom-10 color-bordeaux'>El concepto de tratamiento Equilibrio  <\/h3><span class='short-line-decoration short-line-decoration--mini-width color-primary-bg'><\/span><div class = 'paragraph m-top-25'><p>Medicina Osteop\u00e1tica N\u00famero 03\/2008<\/p>\n<\/div><a target='_blank' href='\/wp-content\/uploads\/2023\/12\/team_ostheopat.pdf' class='button color-bordeaux-bg color-white button--medium button--full-width-mob'>Mostrar art\u00edculo (1027 KB)<\/a><\/div><\/div><\/div><div class = 'cell small-12 large-6 m-bottom-50'><div class = 'grid-x grid-padding-x'><div class = 'cell large-4 medium-order-1'><img class='image img-responsive m-bottom-25' src ='https:\/\/www.dr-entrup.de\/wp-content\/uploads\/2023\/12\/Das-Balance-Behandlungskonzept-Komplementare-Integrative-Medizin-KIM-Ausgabe-062008-Dr.-W.-Entrup-Kieferorthopaedie-Hannover.jpg' ><\/div><div class = 'cell large-8 medium-order-2'><h3 class='heading heading--smaller heading--medium heading--secondary m-bottom-10 color-bordeaux'>El concepto de tratamiento Equilibrio  <\/h3><span class='short-line-decoration short-line-decoration--mini-width color-primary-bg'><\/span><div class = 'paragraph m-top-25'><p>Medicina Complementaria Integrativa (KIM) N\u00famero 06\/2008<\/p>\n<\/div><a target='_blank' href='\/wp-content\/uploads\/2023\/12\/buch_neu_4.pdf' class='button color-bordeaux-bg color-white button--medium button--full-width-mob'>Mostrar art\u00edculo (644 KB)<\/a><\/div><\/div><\/div>\n\n    <\/div>\n    <\/div>\n\n\n    <div class = \"p-top-mobile-50\"><\/div>\n<\/section>\n<script>var SHOW_LOGO = false;<\/script>\n","protected":false},"excerpt":{"rendered":"","protected":false},"author":1,"featured_media":0,"parent":0,"menu_order":0,"comment_status":"closed","ping_status":"closed","template":"","meta":{"footnotes":""},"class_list":["post-6149","page","type-page","status-publish"],"acf":[],"yoast_head":"<!-- This site is optimized with the Yoast SEO plugin v27.5 - https:\/\/yoast.com\/product\/yoast-seo-wordpress\/ -->\n<title>Dr. W. Entrup - Consulta especializada en ortodoncia integral Hannover<\/title>\n<meta name=\"description\" content=\"Dr. Wilhelm Entrup - Odont\u00f3logo especialista en ortodoncia - Diplomado por la Junta Alemana de Ortodoncia. Consulta especializada en ortodoncia integral Hannover.\" \/>\n<meta name=\"robots\" content=\"index, follow, max-snippet:-1, max-image-preview:large, max-video-preview:-1\" \/>\n<link rel=\"canonical\" href=\"https:\/\/www.dr-entrup.de\/es\/dr-w-entrup\/\" \/>\n<meta property=\"og:locale\" content=\"en_US\" \/>\n<meta property=\"og:type\" content=\"article\" \/>\n<meta property=\"og:title\" content=\"Dr. W. Entrup - Consulta especializada en ortodoncia integral Hannover\" \/>\n<meta property=\"og:description\" content=\"Dr. Wilhelm Entrup - Odont\u00f3logo especialista en ortodoncia - Diplomado por la Junta Alemana de Ortodoncia. Consulta especializada en ortodoncia integral Hannover.\" \/>\n<meta property=\"og:url\" content=\"https:\/\/www.dr-entrup.de\/es\/dr-w-entrup\/\" \/>\n<meta property=\"og:site_name\" content=\"BALANCE Fachpraxis f\u00fcr umfassende Kieferorthop\u00e4die Hannover Dr. Entrup\" \/>\n<meta property=\"article:modified_time\" content=\"2024-08-28T15:17:19+00:00\" \/>\n<meta name=\"twitter:card\" content=\"summary_large_image\" \/>\n<script type=\"application\/ld+json\" class=\"yoast-schema-graph\">{\"@context\":\"https:\\\/\\\/schema.org\",\"@graph\":[{\"@type\":\"WebPage\",\"@id\":\"https:\\\/\\\/www.dr-entrup.de\\\/es\\\/dr-w-entrup\\\/\",\"url\":\"https:\\\/\\\/www.dr-entrup.de\\\/es\\\/dr-w-entrup\\\/\",\"name\":\"Dr. W. Entrup - Consulta especializada en ortodoncia integral Hannover\",\"isPartOf\":{\"@id\":\"https:\\\/\\\/www.dr-entrup.de\\\/es\\\/#website\"},\"datePublished\":\"2023-10-25T16:17:07+00:00\",\"dateModified\":\"2024-08-28T15:17:19+00:00\",\"description\":\"Dr. Wilhelm Entrup - Odont\u00f3logo especialista en ortodoncia - Diplomado por la Junta Alemana de Ortodoncia. Consulta especializada en ortodoncia integral Hannover.\",\"breadcrumb\":{\"@id\":\"https:\\\/\\\/www.dr-entrup.de\\\/es\\\/dr-w-entrup\\\/#breadcrumb\"},\"inLanguage\":\"en-DE\",\"potentialAction\":[{\"@type\":\"ReadAction\",\"target\":[\"https:\\\/\\\/www.dr-entrup.de\\\/es\\\/dr-w-entrup\\\/\"]}]},{\"@type\":\"BreadcrumbList\",\"@id\":\"https:\\\/\\\/www.dr-entrup.de\\\/es\\\/dr-w-entrup\\\/#breadcrumb\",\"itemListElement\":[{\"@type\":\"ListItem\",\"position\":1,\"name\":\"Home\",\"item\":\"https:\\\/\\\/www.dr-entrup.de\\\/es\\\/\"},{\"@type\":\"ListItem\",\"position\":2,\"name\":\"Dr. W. Entrup\"}]},{\"@type\":\"WebSite\",\"@id\":\"https:\\\/\\\/www.dr-entrup.de\\\/es\\\/#website\",\"url\":\"https:\\\/\\\/www.dr-entrup.de\\\/es\\\/\",\"name\":\"BALANCE Fachpraxis f\u00fcr umfassende Kieferorthop\u00e4die Hannover Dr. Entrup\",\"description\":\"BALANCE Fachpraxis f\u00fcr umfassende Kieferorthop\u00e4die Hannover Dr. Entrup\",\"publisher\":{\"@id\":\"https:\\\/\\\/www.dr-entrup.de\\\/es\\\/#organization\"},\"potentialAction\":[{\"@type\":\"SearchAction\",\"target\":{\"@type\":\"EntryPoint\",\"urlTemplate\":\"https:\\\/\\\/www.dr-entrup.de\\\/es\\\/?s={search_term_string}\"},\"query-input\":{\"@type\":\"PropertyValueSpecification\",\"valueRequired\":true,\"valueName\":\"search_term_string\"}}],\"inLanguage\":\"en-DE\"},{\"@type\":\"Organization\",\"@id\":\"https:\\\/\\\/www.dr-entrup.de\\\/es\\\/#organization\",\"name\":\"BALANCE Fachpraxis f\u00fcr umfassende Kieferorthop\u00e4die Hannover Dr. Entrup\",\"url\":\"https:\\\/\\\/www.dr-entrup.de\\\/es\\\/\",\"logo\":{\"@type\":\"ImageObject\",\"inLanguage\":\"en-DE\",\"@id\":\"https:\\\/\\\/www.dr-entrup.de\\\/es\\\/#\\\/schema\\\/logo\\\/image\\\/\",\"url\":\"https:\\\/\\\/www.dr-entrup.de\\\/wp-content\\\/uploads\\\/2023\\\/11\\\/logo-plus-subtext.png\",\"contentUrl\":\"https:\\\/\\\/www.dr-entrup.de\\\/wp-content\\\/uploads\\\/2023\\\/11\\\/logo-plus-subtext.png\",\"width\":302,\"height\":326,\"caption\":\"BALANCE Fachpraxis f\u00fcr umfassende Kieferorthop\u00e4die Hannover Dr. Entrup\"},\"image\":{\"@id\":\"https:\\\/\\\/www.dr-entrup.de\\\/es\\\/#\\\/schema\\\/logo\\\/image\\\/\"}}]}<\/script>\n<!-- \/ Yoast SEO plugin. -->","yoast_head_json":{"title":"Dr. W. Entrup - Consulta especializada en ortodoncia integral Hannover","description":"Dr. Wilhelm Entrup - Odont\u00f3logo especialista en ortodoncia - Diplomado por la Junta Alemana de Ortodoncia. Consulta especializada en ortodoncia integral Hannover.","robots":{"index":"index","follow":"follow","max-snippet":"max-snippet:-1","max-image-preview":"max-image-preview:large","max-video-preview":"max-video-preview:-1"},"canonical":"https:\/\/www.dr-entrup.de\/es\/dr-w-entrup\/","og_locale":"en_US","og_type":"article","og_title":"Dr. W. Entrup - Consulta especializada en ortodoncia integral Hannover","og_description":"Dr. Wilhelm Entrup - Odont\u00f3logo especialista en ortodoncia - Diplomado por la Junta Alemana de Ortodoncia. Consulta especializada en ortodoncia integral Hannover.","og_url":"https:\/\/www.dr-entrup.de\/es\/dr-w-entrup\/","og_site_name":"BALANCE Fachpraxis f\u00fcr umfassende Kieferorthop\u00e4die Hannover Dr. Entrup","article_modified_time":"2024-08-28T15:17:19+00:00","twitter_card":"summary_large_image","schema":{"@context":"https:\/\/schema.org","@graph":[{"@type":"WebPage","@id":"https:\/\/www.dr-entrup.de\/es\/dr-w-entrup\/","url":"https:\/\/www.dr-entrup.de\/es\/dr-w-entrup\/","name":"Dr. W. Entrup - Consulta especializada en ortodoncia integral Hannover","isPartOf":{"@id":"https:\/\/www.dr-entrup.de\/es\/#website"},"datePublished":"2023-10-25T16:17:07+00:00","dateModified":"2024-08-28T15:17:19+00:00","description":"Dr. Wilhelm Entrup - Odont\u00f3logo especialista en ortodoncia - Diplomado por la Junta Alemana de Ortodoncia. Consulta especializada en ortodoncia integral Hannover.","breadcrumb":{"@id":"https:\/\/www.dr-entrup.de\/es\/dr-w-entrup\/#breadcrumb"},"inLanguage":"en-DE","potentialAction":[{"@type":"ReadAction","target":["https:\/\/www.dr-entrup.de\/es\/dr-w-entrup\/"]}]},{"@type":"BreadcrumbList","@id":"https:\/\/www.dr-entrup.de\/es\/dr-w-entrup\/#breadcrumb","itemListElement":[{"@type":"ListItem","position":1,"name":"Home","item":"https:\/\/www.dr-entrup.de\/es\/"},{"@type":"ListItem","position":2,"name":"Dr. W. Entrup"}]},{"@type":"WebSite","@id":"https:\/\/www.dr-entrup.de\/es\/#website","url":"https:\/\/www.dr-entrup.de\/es\/","name":"BALANCE Fachpraxis f\u00fcr umfassende Kieferorthop\u00e4die Hannover Dr. Entrup","description":"BALANCE Fachpraxis f\u00fcr umfassende Kieferorthop\u00e4die Hannover Dr. Entrup","publisher":{"@id":"https:\/\/www.dr-entrup.de\/es\/#organization"},"potentialAction":[{"@type":"SearchAction","target":{"@type":"EntryPoint","urlTemplate":"https:\/\/www.dr-entrup.de\/es\/?s={search_term_string}"},"query-input":{"@type":"PropertyValueSpecification","valueRequired":true,"valueName":"search_term_string"}}],"inLanguage":"en-DE"},{"@type":"Organization","@id":"https:\/\/www.dr-entrup.de\/es\/#organization","name":"BALANCE Fachpraxis f\u00fcr umfassende Kieferorthop\u00e4die Hannover Dr. Entrup","url":"https:\/\/www.dr-entrup.de\/es\/","logo":{"@type":"ImageObject","inLanguage":"en-DE","@id":"https:\/\/www.dr-entrup.de\/es\/#\/schema\/logo\/image\/","url":"https:\/\/www.dr-entrup.de\/wp-content\/uploads\/2023\/11\/logo-plus-subtext.png","contentUrl":"https:\/\/www.dr-entrup.de\/wp-content\/uploads\/2023\/11\/logo-plus-subtext.png","width":302,"height":326,"caption":"BALANCE Fachpraxis f\u00fcr umfassende Kieferorthop\u00e4die Hannover Dr. Entrup"},"image":{"@id":"https:\/\/www.dr-entrup.de\/es\/#\/schema\/logo\/image\/"}}]}},"_links":{"self":[{"href":"https:\/\/www.dr-entrup.de\/es\/wp-json\/wp\/v2\/pages\/6149","targetHints":{"allow":["GET"]}}],"collection":[{"href":"https:\/\/www.dr-entrup.de\/es\/wp-json\/wp\/v2\/pages"}],"about":[{"href":"https:\/\/www.dr-entrup.de\/es\/wp-json\/wp\/v2\/types\/page"}],"author":[{"embeddable":true,"href":"https:\/\/www.dr-entrup.de\/es\/wp-json\/wp\/v2\/users\/1"}],"replies":[{"embeddable":true,"href":"https:\/\/www.dr-entrup.de\/es\/wp-json\/wp\/v2\/comments?post=6149"}],"version-history":[{"count":2,"href":"https:\/\/www.dr-entrup.de\/es\/wp-json\/wp\/v2\/pages\/6149\/revisions"}],"predecessor-version":[{"id":6694,"href":"https:\/\/www.dr-entrup.de\/es\/wp-json\/wp\/v2\/pages\/6149\/revisions\/6694"}],"wp:attachment":[{"href":"https:\/\/www.dr-entrup.de\/es\/wp-json\/wp\/v2\/media?parent=6149"}],"curies":[{"name":"wp","href":"https:\/\/api.w.org\/{rel}","templated":true}]}}