{"id":6142,"date":"2023-10-25T18:17:51","date_gmt":"2023-10-25T16:17:51","guid":{"rendered":"https:\/\/debug.dr-entrup.de\/dentista-a-lange\/"},"modified":"2025-11-26T10:41:41","modified_gmt":"2025-11-26T09:41:41","slug":"dentista-a-lange","status":"publish","type":"page","link":"https:\/\/www.dr-entrup.de\/es\/dentista-a-lange\/","title":{"rendered":"Dr. A. Lange"},"content":{"rendered":"\n<section class = \"fdn-grid color-white-bg\">\n    <div class = \"p-top-mobile-50\"><\/div>\n\t<div class = \"grid-container full-with-margin-10 no-padding\">\n\n        <div class = \"grid-x\">\n\n            <div class=\"cell large-6 small-12\">\n                <div class = \"m-right-25 m-bottom-25 m-left-mob-0 m-right-mob-0 m-left-tab-0 m-right-tab-0\">\n                    <img class = \"image img-responsive-no-block\"\n                         src = \"https:\/\/www.dr-entrup.de\/wp-content\/uploads\/2024\/06\/Zahnarztin-Astrid-Lange-Zahnarztin-in-Weiterbildung-zur-Fachzahnarztin-fur-Kieferorthopadie.jpeg\"\n                         alt=\"Alt text...\">\n                <\/div>\n\n\n                                   \n            <\/div>\n\n            <div class=\"cell large-6 small-12 \">\n                <div class = \"m-left-25 m-right-25 m-bottom-25 m-left-mob-0 m-right-mob-0 m-left-tab-0 m-right-tab-0\">\n                    <h2 class=\"heading heading--medium  m-bottom-10 color-bordeaux\">Dra. Astrid Lange<\/h2>\n                    <span class=\"short-line-decoration  short-line-decoration--mini-width  color-primary-bg\"><\/span>\n                    <div class = \"paragraph paragraph--medium paragraph--primary m-top-40\">\n                        <h3>M\u00e1ster en Ortodoncia Especializada<br \/>\nOdont\u00f3logo asalariado<\/h3>\n<p>Georgstrasse 46<br \/>\nD 30159 Hannover<\/p>\n<p>Tel +49 (511) 364990<br \/>\nFax + 49 (0511) 3649911<br \/>\nCorreo electr\u00f3nico: <a href=\"mailto:balancede@aol.com\">info@dr-entrup.de<\/a><\/p>\n\n                        \n                                                  \n\n                    <\/div>\n                <\/div>\n            <\/div>\n\n\n        <\/div>\n\n    <\/div>\n        <div class = \"p-top-mobile-50\"><\/div>\n<\/section>\n\n<section class = \"fdn-grid color-extra-pink-bg\">\n\n        <div class = \"p-top-mobile-50\"><\/div>\n    <div class = \"grid-container full-with-margin-10 no-padding\">\n\n        <div class = \"grid-x\">\n\n            <div class=\"cell large-6 small-12 \">\n                <div class = \"m-right-25 m-left-mob-0 m-right-mob-0 m-left-tab-0 m-right-tab-0\">\n\n                    <h2 class='heading heading--medium  m-bottom-10 color-bordeaux'>Vita:<\/h2><span class='short-line-decoration  short-line-decoration--mini-width color-primary-bg'><\/span><div class = 'paragraph--medium paragraph--primary m-top-40'><ul>\n<li>Estudi\u00f3 Odontolog\u00eda en la Universidad Westfalia Wilhelms de M\u00fcnster.<\/li>\n<li>Licencia para ejercer como dentista<\/li>\n<li>Asistente preparatoria con el Dr. Uwe Harth, Bad Salzuflen.<\/li>\n<\/ul>\n<p>&nbsp;<\/p>\n<\/div><h2 class='heading heading--medium  m-bottom-10 color-bordeaux'>Cualificaciones adicionales: <\/h2><span class='short-line-decoration  short-line-decoration--mini-width color-primary-bg'><\/span><div class = 'paragraph--medium paragraph--primary m-top-40'><ul>\n<li>Kinesiolog\u00eda Aplicada<\/li>\n<li>Diagn\u00f3stico manual de la articulaci\u00f3n temporomandibular<\/li>\n<\/ul>\n<p>&nbsp;<\/p>\n<\/div>\n\n                    <\/div>\n                <\/div>\n\n\n            <div class=\"cell large-6 small-12\">\n                <div class = \"m-left-25 m-bottom-25 m-left-mob-0 m-right-mob-0 m-left-tab-0 m-right-tab-0\">\n                    <img class = \"image img-responsive-no-block\"\n                         src = \"https:\/\/www.dr-entrup.de\/wp-content\/uploads\/2023\/12\/Vita-und-Mitgliedschaften-Zahnarztin-A.-Lange-Zahnarztin-in-Weiterbildung-zur-Fachzahnarztin-fur-Kieferorthopadie-Hannover.jpeg\"\n                         alt=\"Vita y afiliaciones Dr. A. Lange - Odont\u00f3logo en formaci\u00f3n continua como odont\u00f3logo especialista en ortodoncia Hannover\">\n\t\t\t\t\t\n\t\t\t\t\t<div class = \"m-top-50 m-bottom-25 text-center\">\n\n                                    <\/div>\n                <\/div>\n\n                \n            <\/div>\n\n        <\/div>\n\n    <\/div>\n        <div class = \"p-top-mobile-50\"><\/div>\n<\/section>\n\n<script>var SHOW_LOGO = false;<\/script>\n","protected":false},"excerpt":{"rendered":"","protected":false},"author":1,"featured_media":0,"parent":0,"menu_order":0,"comment_status":"closed","ping_status":"closed","template":"","meta":{"footnotes":""},"class_list":["post-6142","page","type-page","status-publish"],"acf":[],"yoast_head":"<!-- This site is optimized with the Yoast SEO plugin v27.5 - https:\/\/yoast.com\/product\/yoast-seo-wordpress\/ -->\n<title>Dr. A. Lange - Consulta especializada en ortodoncia Hannover<\/title>\n<meta name=\"description\" content=\"Dra. Astrid Lange - Odont\u00f3loga en formaci\u00f3n para convertirse en especialista en ortodoncia en Fachpraxis f\u00fcr umfassende Kieferorthop\u00e4die Dres. W. &amp; J. Entrup &amp; Dr. T. Altvater en Hannover\" \/>\n<meta name=\"robots\" content=\"index, follow, max-snippet:-1, max-image-preview:large, max-video-preview:-1\" \/>\n<link rel=\"canonical\" href=\"https:\/\/www.dr-entrup.de\/es\/dentista-a-lange\/\" \/>\n<meta property=\"og:locale\" content=\"en_US\" \/>\n<meta property=\"og:type\" content=\"article\" \/>\n<meta property=\"og:title\" content=\"Dr. A. Lange - Consulta especializada en ortodoncia Hannover\" \/>\n<meta property=\"og:description\" content=\"Dra. Astrid Lange - Odont\u00f3loga en formaci\u00f3n para convertirse en especialista en ortodoncia en Fachpraxis f\u00fcr umfassende Kieferorthop\u00e4die Dres. W. &amp; J. Entrup &amp; Dr. T. Altvater en Hannover\" \/>\n<meta property=\"og:url\" content=\"https:\/\/www.dr-entrup.de\/es\/dentista-a-lange\/\" \/>\n<meta property=\"og:site_name\" content=\"BALANCE Fachpraxis f\u00fcr umfassende Kieferorthop\u00e4die Hannover Dr. Entrup\" \/>\n<meta property=\"article:modified_time\" content=\"2025-11-26T09:41:41+00:00\" \/>\n<meta name=\"twitter:card\" content=\"summary_large_image\" \/>\n<script type=\"application\/ld+json\" class=\"yoast-schema-graph\">{\"@context\":\"https:\\\/\\\/schema.org\",\"@graph\":[{\"@type\":\"WebPage\",\"@id\":\"https:\\\/\\\/www.dr-entrup.de\\\/es\\\/dentista-a-lange\\\/\",\"url\":\"https:\\\/\\\/www.dr-entrup.de\\\/es\\\/dentista-a-lange\\\/\",\"name\":\"Dr. A. Lange - Consulta especializada en ortodoncia Hannover\",\"isPartOf\":{\"@id\":\"https:\\\/\\\/www.dr-entrup.de\\\/es\\\/#website\"},\"datePublished\":\"2023-10-25T16:17:51+00:00\",\"dateModified\":\"2025-11-26T09:41:41+00:00\",\"description\":\"Dra. Astrid Lange - Odont\u00f3loga en formaci\u00f3n para convertirse en especialista en ortodoncia en Fachpraxis f\u00fcr umfassende Kieferorthop\u00e4die Dres. W. & J. Entrup & Dr. T. Altvater en Hannover\",\"breadcrumb\":{\"@id\":\"https:\\\/\\\/www.dr-entrup.de\\\/es\\\/dentista-a-lange\\\/#breadcrumb\"},\"inLanguage\":\"en-DE\",\"potentialAction\":[{\"@type\":\"ReadAction\",\"target\":[\"https:\\\/\\\/www.dr-entrup.de\\\/es\\\/dentista-a-lange\\\/\"]}]},{\"@type\":\"BreadcrumbList\",\"@id\":\"https:\\\/\\\/www.dr-entrup.de\\\/es\\\/dentista-a-lange\\\/#breadcrumb\",\"itemListElement\":[{\"@type\":\"ListItem\",\"position\":1,\"name\":\"Home\",\"item\":\"https:\\\/\\\/www.dr-entrup.de\\\/es\\\/\"},{\"@type\":\"ListItem\",\"position\":2,\"name\":\"Dr. A. Lange\"}]},{\"@type\":\"WebSite\",\"@id\":\"https:\\\/\\\/www.dr-entrup.de\\\/es\\\/#website\",\"url\":\"https:\\\/\\\/www.dr-entrup.de\\\/es\\\/\",\"name\":\"BALANCE Fachpraxis f\u00fcr umfassende Kieferorthop\u00e4die Hannover Dr. Entrup\",\"description\":\"BALANCE Fachpraxis f\u00fcr umfassende Kieferorthop\u00e4die Hannover Dr. Entrup\",\"publisher\":{\"@id\":\"https:\\\/\\\/www.dr-entrup.de\\\/es\\\/#organization\"},\"potentialAction\":[{\"@type\":\"SearchAction\",\"target\":{\"@type\":\"EntryPoint\",\"urlTemplate\":\"https:\\\/\\\/www.dr-entrup.de\\\/es\\\/?s={search_term_string}\"},\"query-input\":{\"@type\":\"PropertyValueSpecification\",\"valueRequired\":true,\"valueName\":\"search_term_string\"}}],\"inLanguage\":\"en-DE\"},{\"@type\":\"Organization\",\"@id\":\"https:\\\/\\\/www.dr-entrup.de\\\/es\\\/#organization\",\"name\":\"BALANCE Fachpraxis f\u00fcr umfassende Kieferorthop\u00e4die Hannover Dr. Entrup\",\"url\":\"https:\\\/\\\/www.dr-entrup.de\\\/es\\\/\",\"logo\":{\"@type\":\"ImageObject\",\"inLanguage\":\"en-DE\",\"@id\":\"https:\\\/\\\/www.dr-entrup.de\\\/es\\\/#\\\/schema\\\/logo\\\/image\\\/\",\"url\":\"https:\\\/\\\/www.dr-entrup.de\\\/wp-content\\\/uploads\\\/2023\\\/11\\\/logo-plus-subtext.png\",\"contentUrl\":\"https:\\\/\\\/www.dr-entrup.de\\\/wp-content\\\/uploads\\\/2023\\\/11\\\/logo-plus-subtext.png\",\"width\":302,\"height\":326,\"caption\":\"BALANCE Fachpraxis f\u00fcr umfassende Kieferorthop\u00e4die Hannover Dr. Entrup\"},\"image\":{\"@id\":\"https:\\\/\\\/www.dr-entrup.de\\\/es\\\/#\\\/schema\\\/logo\\\/image\\\/\"}}]}<\/script>\n<!-- \/ Yoast SEO plugin. -->","yoast_head_json":{"title":"Dr. A. Lange - Consulta especializada en ortodoncia Hannover","description":"Dra. Astrid Lange - Odont\u00f3loga en formaci\u00f3n para convertirse en especialista en ortodoncia en Fachpraxis f\u00fcr umfassende Kieferorthop\u00e4die Dres. W. & J. Entrup & Dr. T. Altvater en Hannover","robots":{"index":"index","follow":"follow","max-snippet":"max-snippet:-1","max-image-preview":"max-image-preview:large","max-video-preview":"max-video-preview:-1"},"canonical":"https:\/\/www.dr-entrup.de\/es\/dentista-a-lange\/","og_locale":"en_US","og_type":"article","og_title":"Dr. A. Lange - Consulta especializada en ortodoncia Hannover","og_description":"Dra. Astrid Lange - Odont\u00f3loga en formaci\u00f3n para convertirse en especialista en ortodoncia en Fachpraxis f\u00fcr umfassende Kieferorthop\u00e4die Dres. W. & J. Entrup & Dr. T. Altvater en Hannover","og_url":"https:\/\/www.dr-entrup.de\/es\/dentista-a-lange\/","og_site_name":"BALANCE Fachpraxis f\u00fcr umfassende Kieferorthop\u00e4die Hannover Dr. Entrup","article_modified_time":"2025-11-26T09:41:41+00:00","twitter_card":"summary_large_image","schema":{"@context":"https:\/\/schema.org","@graph":[{"@type":"WebPage","@id":"https:\/\/www.dr-entrup.de\/es\/dentista-a-lange\/","url":"https:\/\/www.dr-entrup.de\/es\/dentista-a-lange\/","name":"Dr. A. Lange - Consulta especializada en ortodoncia Hannover","isPartOf":{"@id":"https:\/\/www.dr-entrup.de\/es\/#website"},"datePublished":"2023-10-25T16:17:51+00:00","dateModified":"2025-11-26T09:41:41+00:00","description":"Dra. Astrid Lange - Odont\u00f3loga en formaci\u00f3n para convertirse en especialista en ortodoncia en Fachpraxis f\u00fcr umfassende Kieferorthop\u00e4die Dres. W. & J. Entrup & Dr. T. Altvater en Hannover","breadcrumb":{"@id":"https:\/\/www.dr-entrup.de\/es\/dentista-a-lange\/#breadcrumb"},"inLanguage":"en-DE","potentialAction":[{"@type":"ReadAction","target":["https:\/\/www.dr-entrup.de\/es\/dentista-a-lange\/"]}]},{"@type":"BreadcrumbList","@id":"https:\/\/www.dr-entrup.de\/es\/dentista-a-lange\/#breadcrumb","itemListElement":[{"@type":"ListItem","position":1,"name":"Home","item":"https:\/\/www.dr-entrup.de\/es\/"},{"@type":"ListItem","position":2,"name":"Dr. A. Lange"}]},{"@type":"WebSite","@id":"https:\/\/www.dr-entrup.de\/es\/#website","url":"https:\/\/www.dr-entrup.de\/es\/","name":"BALANCE Fachpraxis f\u00fcr umfassende Kieferorthop\u00e4die Hannover Dr. Entrup","description":"BALANCE Fachpraxis f\u00fcr umfassende Kieferorthop\u00e4die Hannover Dr. Entrup","publisher":{"@id":"https:\/\/www.dr-entrup.de\/es\/#organization"},"potentialAction":[{"@type":"SearchAction","target":{"@type":"EntryPoint","urlTemplate":"https:\/\/www.dr-entrup.de\/es\/?s={search_term_string}"},"query-input":{"@type":"PropertyValueSpecification","valueRequired":true,"valueName":"search_term_string"}}],"inLanguage":"en-DE"},{"@type":"Organization","@id":"https:\/\/www.dr-entrup.de\/es\/#organization","name":"BALANCE Fachpraxis f\u00fcr umfassende Kieferorthop\u00e4die Hannover Dr. Entrup","url":"https:\/\/www.dr-entrup.de\/es\/","logo":{"@type":"ImageObject","inLanguage":"en-DE","@id":"https:\/\/www.dr-entrup.de\/es\/#\/schema\/logo\/image\/","url":"https:\/\/www.dr-entrup.de\/wp-content\/uploads\/2023\/11\/logo-plus-subtext.png","contentUrl":"https:\/\/www.dr-entrup.de\/wp-content\/uploads\/2023\/11\/logo-plus-subtext.png","width":302,"height":326,"caption":"BALANCE Fachpraxis f\u00fcr umfassende Kieferorthop\u00e4die Hannover Dr. Entrup"},"image":{"@id":"https:\/\/www.dr-entrup.de\/es\/#\/schema\/logo\/image\/"}}]}},"_links":{"self":[{"href":"https:\/\/www.dr-entrup.de\/es\/wp-json\/wp\/v2\/pages\/6142","targetHints":{"allow":["GET"]}}],"collection":[{"href":"https:\/\/www.dr-entrup.de\/es\/wp-json\/wp\/v2\/pages"}],"about":[{"href":"https:\/\/www.dr-entrup.de\/es\/wp-json\/wp\/v2\/types\/page"}],"author":[{"embeddable":true,"href":"https:\/\/www.dr-entrup.de\/es\/wp-json\/wp\/v2\/users\/1"}],"replies":[{"embeddable":true,"href":"https:\/\/www.dr-entrup.de\/es\/wp-json\/wp\/v2\/comments?post=6142"}],"version-history":[{"count":5,"href":"https:\/\/www.dr-entrup.de\/es\/wp-json\/wp\/v2\/pages\/6142\/revisions"}],"predecessor-version":[{"id":6946,"href":"https:\/\/www.dr-entrup.de\/es\/wp-json\/wp\/v2\/pages\/6142\/revisions\/6946"}],"wp:attachment":[{"href":"https:\/\/www.dr-entrup.de\/es\/wp-json\/wp\/v2\/media?parent=6142"}],"curies":[{"name":"wp","href":"https:\/\/api.w.org\/{rel}","templated":true}]}}