{"id":6140,"date":"2023-10-25T18:18:30","date_gmt":"2023-10-25T16:18:30","guid":{"rendered":"https:\/\/debug.dr-entrup.de\/nuestra-practica\/"},"modified":"2024-06-25T10:04:56","modified_gmt":"2024-06-25T08:04:56","slug":"nuestra-practica","status":"publish","type":"page","link":"https:\/\/www.dr-entrup.de\/es\/nuestra-practica\/","title":{"rendered":"Nuestra pr\u00e1ctica"},"content":{"rendered":"\n<section class = \"fdn-grid\">\n\t<div class = \"grid-container no-padding\">\n\t\t<div class = \"grid-x\">\n\t\t\t<div class=\"cell large-12 small-12 \">\n\t\t\t\t<div class =\"hero hero--background-gray text-center\">\n\t\t\t\t\t<img loading=\"lazy\" decoding=\"async\" width=\"1800\" height=\"973\" src=\"https:\/\/www.dr-entrup.de\/wp-content\/uploads\/2024\/06\/Unsere-Praxisraume-in-Hannover-Fachpraxis-fur-umfassende-Kieferorthopadie-Dr.-Entrup.jpeg\" class=\"image img-responsive-no-block\" alt=\"Unsere Praxisr\u00e4ume in Hannover - Fachpraxis f\u00fcr umfassende Kieferorthop\u00e4die Dr. Entrup\" srcset=\"https:\/\/www.dr-entrup.de\/wp-content\/uploads\/2024\/06\/Unsere-Praxisraume-in-Hannover-Fachpraxis-fur-umfassende-Kieferorthopadie-Dr.-Entrup.jpeg 1800w, https:\/\/www.dr-entrup.de\/wp-content\/uploads\/2024\/06\/Unsere-Praxisraume-in-Hannover-Fachpraxis-fur-umfassende-Kieferorthopadie-Dr.-Entrup-300x162.jpeg 300w, https:\/\/www.dr-entrup.de\/wp-content\/uploads\/2024\/06\/Unsere-Praxisraume-in-Hannover-Fachpraxis-fur-umfassende-Kieferorthopadie-Dr.-Entrup-1024x554.jpeg 1024w, https:\/\/www.dr-entrup.de\/wp-content\/uploads\/2024\/06\/Unsere-Praxisraume-in-Hannover-Fachpraxis-fur-umfassende-Kieferorthopadie-Dr.-Entrup-768x415.jpeg 768w, https:\/\/www.dr-entrup.de\/wp-content\/uploads\/2024\/06\/Unsere-Praxisraume-in-Hannover-Fachpraxis-fur-umfassende-Kieferorthopadie-Dr.-Entrup-1536x830.jpeg 1536w\" sizes=\"auto, (max-width: 1800px) 100vw, 1800px\" \/>\t\t\t\t<\/div>\n\t\t\t<\/div>\n\t\t<\/div>\n\t<\/div>\n<\/section>\n\n<section class = \"fdn-grid\">\n    <div class = \"p-top-mobile-50\"><\/div>\n    <div class = \"grid-container full-with-margin-10 no-padding\">\n        <div class = \"grid-x\">\n            <div class = \"cell small-12\">\n\n\n\n                <h1 class=\"heading heading--primary m-bottom-40\">Nuestras salas de pr\u00e1cticas en Hannover<\/h1>\n                <h2 class=\"heading heading--secondary m-bottom-10\">Consulta especializada en ortodoncia integral Dres. W. &amp; J. Entrup &amp; Dr. T. Altvater <\/h2>\n                <span class=\"short-line-decoration short-line-decoration--mini-width color-bordeaux-bg\"><\/span>\n\n                <div class=\"m-top-40 paragraph\">\n\n                    <p><strong class=\"cms-bold\">Nuevas instalaciones en Hannover <\/strong>, teniendo en cuenta los modernos m\u00e9todos de diagn\u00f3stico de an\u00e1lisis, est\u00e1tica corporal, din\u00e1mica corporal y neurolog\u00eda funcional: incluyendo<\/p>\n<ul>\n<li>Escoliosometr\u00eda<\/li>\n<li>Craniocorpograf\u00eda<\/li>\n<li>Estabilometr\u00eda<\/li>\n<li>Estereograf\u00eda de cuadr\u00edcula<\/li>\n<li>Podometr\u00eda<\/li>\n<li>Evaluaci\u00f3n del \u00e1ngulo muerto<\/li>\n<li>Tecnolog\u00eda digital de rayos X con radiaci\u00f3n reducida (incluida la tomograf\u00eda de volumen dental, TVP)<\/li>\n<\/ul>\n<p>&nbsp;<\/p>\n\n                <\/div>\n                            <\/div>\n        <\/div>\n    <\/div>\n     <div class = \"p-top-mobile-50\"><\/div>\n<\/section>\n\n\n<section class = \"fdn-grid color-extra-pink-bg\">\n\t    <div class = \"p-top-mobile-50\"><\/div>\n    <div class = \"grid-container full-with-margin-10 no-padding\">\n        <div class = \"grid-x grid-padding-x small-padding\" >\n\t\t\t<div class = \"cell small-12 large-12\">\n\t\t\t\t<h2 class = \"heading m-bottom-10 heading--text-center heading--medium heading--large color-bordeaux\">Nuestro tratamiento<br>habitaci\u00f3n<\/h2>\n\n\t\t\t\t<h3 class = \"heading m-bottom-10 heading--text-center color-primary\">Bienvenido a un recorrido por nuestra consulta especializada en ortodoncia de Hannover<\/h3>\n\n\t\t\t\t<span class = \"short-line-decoration short-line-decoration--centered color-primary-bg\"><\/span>\n\t\t\t\t<div class = \"paragraph text-center m-top-25 m-bottom-25\">\n\n\t\t\t\t\t<p>Conoce las instalaciones de nuestra consulta antes de tu visita:<\/p>\n\t\t\t\t<\/div>\n\n\t\t\t<\/div>\n\n\n\t\t\t\t<div class = 'cell large-4 medium-6 small-12 text-center'><div class='card m-bottom-25'><img src='https:\/\/www.dr-entrup.de\/wp-content\/uploads\/2023\/12\/Praxis3.jpg' class = 'image img-responsive-no-block' alt='Sala de tratamiento de la consulta especializada en ortodoncia Dr. Entrup Hannover'><div class='card-section'><div class = 'card-section-content'><h3 class = 'heading heading--secondary m-bottom-10 color-primary heading--text-center m-top-15'>Sala de tratamiento<\/h3><span class = 'short-line-decoration color-primary-bg short-line-decoration--centered'><\/span><div class = 'paragraph m-top-25'><p>Equipamiento moderno<\/p><\/div><\/div><\/div><\/div><\/div><div class = 'cell large-4 medium-6 small-12 text-center'><div class='card m-bottom-25'><img src='https:\/\/www.dr-entrup.de\/wp-content\/uploads\/2023\/12\/Praxis4.jpg' class = 'image img-responsive-no-block' alt='Salas de consulta Ortodoncia Hannover'><div class='card-section'><div class = 'card-section-content'><h3 class = 'heading heading--secondary m-bottom-10 color-primary heading--text-center m-top-15'>Salas de pr\u00e1cticas en uso<\/h3><span class = 'short-line-decoration color-primary-bg short-line-decoration--centered'><\/span><div class = 'paragraph m-top-25'><p>Excelentes procedimientos de diagn\u00f3stico  <\/p><\/div><\/div><\/div><\/div><\/div><div class = 'cell large-4 medium-6 small-12 text-center'><div class='card m-bottom-25'><img src='https:\/\/www.dr-entrup.de\/wp-content\/uploads\/2023\/12\/3d-analyse.jpg' class = 'image img-responsive-no-block' alt='La tercera dimensi\u00f3n aclara muchas cosas - An\u00e1lisis 3D - Radiograf\u00eda digital'><div class='card-section'><div class = 'card-section-content'><h3 class = 'heading heading--secondary m-bottom-10 color-primary heading--text-center m-top-15'>An\u00e1lisis 3D<\/h3><span class = 'short-line-decoration color-primary-bg short-line-decoration--centered'><\/span><div class = 'paragraph m-top-25'><p>La tercera dimensi\u00f3n aclara muchas cosas  <\/p><\/div><\/div><\/div><\/div><\/div>\n\n\n\n\n\n\n        <\/div>\n    <\/div>\n\t    <div class = \"p-top-mobile-50\"><\/div>\n<\/section>\n\n<section class = \"fdn-grid color-white-bg\">\n    <div class = \"p-top-mobile-50\"><\/div>\n\n\n    <div class = \"grid-container full-with-margin-10 no-padding\">\n\n        <div class = \"grid-x grid-padding-x\">\n\n            <div class = \"cell small-12 text-center\">\n                <h2 class = \"heading  m-bottom-10 heading--text-center heading--medium color-bordeaux\">No dudes en concertar una consulta<\/h2>\n                <h3 class = \"heading heading--regular m-bottom-10 heading--text-center color-bordeaux\">Ortodoncia Hannover para toda la familia<\/h3>\n                <span class = \"short-line-decoration short-line-decoration--centered color-primary-bg\"><\/span>\n\n                <div class=\"paragraph m-top-40 m-bottom-25\">\n                    <p>Los dientes y mand\u00edbulas desalineados pueden corregirse en ni\u00f1os, pero tambi\u00e9n en adultos.  <strong>La consulta de ortodoncia Dres. W. &amp; J. Entrup &amp; Dr. T. Altvater de Hannover ofrece asesoramiento y soluciones para todas las edades.<\/strong>  Para una funcionalidad mandibular \u00f3ptima y una sonrisa atractiva, has venido al lugar adecuado. S\u00f3lo tienes que pedir cita para una consulta en nuestra consulta.<\/p>\n                <\/div>\n\n                                <a target = \"_self\" href=\"tel:+49511364990\" class=\"button color-bordeaux-bg color-white button--medium\">Ll\u00e1manos<\/a>\n                \n            <\/div>\n        <\/div>\n    <\/div>\n\n    <div class = \"p-top-mobile-50\"><\/div>\n\n<\/section>\n\n","protected":false},"excerpt":{"rendered":"","protected":false},"author":1,"featured_media":0,"parent":0,"menu_order":0,"comment_status":"closed","ping_status":"closed","template":"","meta":{"footnotes":""},"class_list":["post-6140","page","type-page","status-publish"],"acf":[],"yoast_head":"<!-- This site is optimized with the Yoast SEO plugin v27.5 - https:\/\/yoast.com\/product\/yoast-seo-wordpress\/ -->\n<title>Nuestra consulta en Hannover - consulta especializada en ortodoncia integral<\/title>\n<meta name=\"description\" content=\"Nuestra consulta en Hannover - Consulta especializada en ortodoncia integral Dres. W. &amp; J. Entrup &amp; Dr. T. Altvater. Conoce las instalaciones de nuestra consulta antes de tu visita.\" \/>\n<meta name=\"robots\" content=\"index, follow, max-snippet:-1, max-image-preview:large, max-video-preview:-1\" \/>\n<link rel=\"canonical\" href=\"https:\/\/www.dr-entrup.de\/es\/nuestra-practica\/\" \/>\n<meta property=\"og:locale\" content=\"en_US\" \/>\n<meta property=\"og:type\" content=\"article\" \/>\n<meta property=\"og:title\" content=\"Nuestra consulta en Hannover - consulta especializada en ortodoncia integral\" \/>\n<meta property=\"og:description\" content=\"Nuestra consulta en Hannover - Consulta especializada en ortodoncia integral Dres. W. &amp; J. Entrup &amp; Dr. T. Altvater. Conoce las instalaciones de nuestra consulta antes de tu visita.\" \/>\n<meta property=\"og:url\" content=\"https:\/\/www.dr-entrup.de\/es\/nuestra-practica\/\" \/>\n<meta property=\"og:site_name\" content=\"BALANCE Fachpraxis f\u00fcr umfassende Kieferorthop\u00e4die Hannover Dr. Entrup\" \/>\n<meta property=\"article:modified_time\" content=\"2024-06-25T08:04:56+00:00\" \/>\n<meta name=\"twitter:card\" content=\"summary_large_image\" \/>\n<script type=\"application\/ld+json\" class=\"yoast-schema-graph\">{\"@context\":\"https:\\\/\\\/schema.org\",\"@graph\":[{\"@type\":\"WebPage\",\"@id\":\"https:\\\/\\\/www.dr-entrup.de\\\/es\\\/nuestra-practica\\\/\",\"url\":\"https:\\\/\\\/www.dr-entrup.de\\\/es\\\/nuestra-practica\\\/\",\"name\":\"Nuestra consulta en Hannover - consulta especializada en ortodoncia integral\",\"isPartOf\":{\"@id\":\"https:\\\/\\\/www.dr-entrup.de\\\/es\\\/#website\"},\"datePublished\":\"2023-10-25T16:18:30+00:00\",\"dateModified\":\"2024-06-25T08:04:56+00:00\",\"description\":\"Nuestra consulta en Hannover - Consulta especializada en ortodoncia integral Dres. W. & J. Entrup & Dr. T. Altvater. Conoce las instalaciones de nuestra consulta antes de tu visita.\",\"breadcrumb\":{\"@id\":\"https:\\\/\\\/www.dr-entrup.de\\\/es\\\/nuestra-practica\\\/#breadcrumb\"},\"inLanguage\":\"en-DE\",\"potentialAction\":[{\"@type\":\"ReadAction\",\"target\":[\"https:\\\/\\\/www.dr-entrup.de\\\/es\\\/nuestra-practica\\\/\"]}]},{\"@type\":\"BreadcrumbList\",\"@id\":\"https:\\\/\\\/www.dr-entrup.de\\\/es\\\/nuestra-practica\\\/#breadcrumb\",\"itemListElement\":[{\"@type\":\"ListItem\",\"position\":1,\"name\":\"Home\",\"item\":\"https:\\\/\\\/www.dr-entrup.de\\\/es\\\/\"},{\"@type\":\"ListItem\",\"position\":2,\"name\":\"Nuestra pr\u00e1ctica\"}]},{\"@type\":\"WebSite\",\"@id\":\"https:\\\/\\\/www.dr-entrup.de\\\/es\\\/#website\",\"url\":\"https:\\\/\\\/www.dr-entrup.de\\\/es\\\/\",\"name\":\"BALANCE Fachpraxis f\u00fcr umfassende Kieferorthop\u00e4die Hannover Dr. Entrup\",\"description\":\"BALANCE Fachpraxis f\u00fcr umfassende Kieferorthop\u00e4die Hannover Dr. Entrup\",\"publisher\":{\"@id\":\"https:\\\/\\\/www.dr-entrup.de\\\/es\\\/#organization\"},\"potentialAction\":[{\"@type\":\"SearchAction\",\"target\":{\"@type\":\"EntryPoint\",\"urlTemplate\":\"https:\\\/\\\/www.dr-entrup.de\\\/es\\\/?s={search_term_string}\"},\"query-input\":{\"@type\":\"PropertyValueSpecification\",\"valueRequired\":true,\"valueName\":\"search_term_string\"}}],\"inLanguage\":\"en-DE\"},{\"@type\":\"Organization\",\"@id\":\"https:\\\/\\\/www.dr-entrup.de\\\/es\\\/#organization\",\"name\":\"BALANCE Fachpraxis f\u00fcr umfassende Kieferorthop\u00e4die Hannover Dr. Entrup\",\"url\":\"https:\\\/\\\/www.dr-entrup.de\\\/es\\\/\",\"logo\":{\"@type\":\"ImageObject\",\"inLanguage\":\"en-DE\",\"@id\":\"https:\\\/\\\/www.dr-entrup.de\\\/es\\\/#\\\/schema\\\/logo\\\/image\\\/\",\"url\":\"https:\\\/\\\/www.dr-entrup.de\\\/wp-content\\\/uploads\\\/2023\\\/11\\\/logo-plus-subtext.png\",\"contentUrl\":\"https:\\\/\\\/www.dr-entrup.de\\\/wp-content\\\/uploads\\\/2023\\\/11\\\/logo-plus-subtext.png\",\"width\":302,\"height\":326,\"caption\":\"BALANCE Fachpraxis f\u00fcr umfassende Kieferorthop\u00e4die Hannover Dr. Entrup\"},\"image\":{\"@id\":\"https:\\\/\\\/www.dr-entrup.de\\\/es\\\/#\\\/schema\\\/logo\\\/image\\\/\"}}]}<\/script>\n<!-- \/ Yoast SEO plugin. -->","yoast_head_json":{"title":"Nuestra consulta en Hannover - consulta especializada en ortodoncia integral","description":"Nuestra consulta en Hannover - Consulta especializada en ortodoncia integral Dres. W. & J. Entrup & Dr. T. Altvater. Conoce las instalaciones de nuestra consulta antes de tu visita.","robots":{"index":"index","follow":"follow","max-snippet":"max-snippet:-1","max-image-preview":"max-image-preview:large","max-video-preview":"max-video-preview:-1"},"canonical":"https:\/\/www.dr-entrup.de\/es\/nuestra-practica\/","og_locale":"en_US","og_type":"article","og_title":"Nuestra consulta en Hannover - consulta especializada en ortodoncia integral","og_description":"Nuestra consulta en Hannover - Consulta especializada en ortodoncia integral Dres. W. & J. Entrup & Dr. T. Altvater. Conoce las instalaciones de nuestra consulta antes de tu visita.","og_url":"https:\/\/www.dr-entrup.de\/es\/nuestra-practica\/","og_site_name":"BALANCE Fachpraxis f\u00fcr umfassende Kieferorthop\u00e4die Hannover Dr. Entrup","article_modified_time":"2024-06-25T08:04:56+00:00","twitter_card":"summary_large_image","schema":{"@context":"https:\/\/schema.org","@graph":[{"@type":"WebPage","@id":"https:\/\/www.dr-entrup.de\/es\/nuestra-practica\/","url":"https:\/\/www.dr-entrup.de\/es\/nuestra-practica\/","name":"Nuestra consulta en Hannover - consulta especializada en ortodoncia integral","isPartOf":{"@id":"https:\/\/www.dr-entrup.de\/es\/#website"},"datePublished":"2023-10-25T16:18:30+00:00","dateModified":"2024-06-25T08:04:56+00:00","description":"Nuestra consulta en Hannover - Consulta especializada en ortodoncia integral Dres. W. & J. Entrup & Dr. T. Altvater. Conoce las instalaciones de nuestra consulta antes de tu visita.","breadcrumb":{"@id":"https:\/\/www.dr-entrup.de\/es\/nuestra-practica\/#breadcrumb"},"inLanguage":"en-DE","potentialAction":[{"@type":"ReadAction","target":["https:\/\/www.dr-entrup.de\/es\/nuestra-practica\/"]}]},{"@type":"BreadcrumbList","@id":"https:\/\/www.dr-entrup.de\/es\/nuestra-practica\/#breadcrumb","itemListElement":[{"@type":"ListItem","position":1,"name":"Home","item":"https:\/\/www.dr-entrup.de\/es\/"},{"@type":"ListItem","position":2,"name":"Nuestra pr\u00e1ctica"}]},{"@type":"WebSite","@id":"https:\/\/www.dr-entrup.de\/es\/#website","url":"https:\/\/www.dr-entrup.de\/es\/","name":"BALANCE Fachpraxis f\u00fcr umfassende Kieferorthop\u00e4die Hannover Dr. Entrup","description":"BALANCE Fachpraxis f\u00fcr umfassende Kieferorthop\u00e4die Hannover Dr. Entrup","publisher":{"@id":"https:\/\/www.dr-entrup.de\/es\/#organization"},"potentialAction":[{"@type":"SearchAction","target":{"@type":"EntryPoint","urlTemplate":"https:\/\/www.dr-entrup.de\/es\/?s={search_term_string}"},"query-input":{"@type":"PropertyValueSpecification","valueRequired":true,"valueName":"search_term_string"}}],"inLanguage":"en-DE"},{"@type":"Organization","@id":"https:\/\/www.dr-entrup.de\/es\/#organization","name":"BALANCE Fachpraxis f\u00fcr umfassende Kieferorthop\u00e4die Hannover Dr. Entrup","url":"https:\/\/www.dr-entrup.de\/es\/","logo":{"@type":"ImageObject","inLanguage":"en-DE","@id":"https:\/\/www.dr-entrup.de\/es\/#\/schema\/logo\/image\/","url":"https:\/\/www.dr-entrup.de\/wp-content\/uploads\/2023\/11\/logo-plus-subtext.png","contentUrl":"https:\/\/www.dr-entrup.de\/wp-content\/uploads\/2023\/11\/logo-plus-subtext.png","width":302,"height":326,"caption":"BALANCE Fachpraxis f\u00fcr umfassende Kieferorthop\u00e4die Hannover Dr. Entrup"},"image":{"@id":"https:\/\/www.dr-entrup.de\/es\/#\/schema\/logo\/image\/"}}]}},"_links":{"self":[{"href":"https:\/\/www.dr-entrup.de\/es\/wp-json\/wp\/v2\/pages\/6140","targetHints":{"allow":["GET"]}}],"collection":[{"href":"https:\/\/www.dr-entrup.de\/es\/wp-json\/wp\/v2\/pages"}],"about":[{"href":"https:\/\/www.dr-entrup.de\/es\/wp-json\/wp\/v2\/types\/page"}],"author":[{"embeddable":true,"href":"https:\/\/www.dr-entrup.de\/es\/wp-json\/wp\/v2\/users\/1"}],"replies":[{"embeddable":true,"href":"https:\/\/www.dr-entrup.de\/es\/wp-json\/wp\/v2\/comments?post=6140"}],"version-history":[{"count":2,"href":"https:\/\/www.dr-entrup.de\/es\/wp-json\/wp\/v2\/pages\/6140\/revisions"}],"predecessor-version":[{"id":6309,"href":"https:\/\/www.dr-entrup.de\/es\/wp-json\/wp\/v2\/pages\/6140\/revisions\/6309"}],"wp:attachment":[{"href":"https:\/\/www.dr-entrup.de\/es\/wp-json\/wp\/v2\/media?parent=6140"}],"curies":[{"name":"wp","href":"https:\/\/api.w.org\/{rel}","templated":true}]}}