{"id":6132,"date":"2023-10-25T18:19:30","date_gmt":"2023-10-25T16:19:30","guid":{"rendered":"https:\/\/debug.dr-entrup.de\/acercate-a\/"},"modified":"2024-09-06T14:40:02","modified_gmt":"2024-09-06T12:40:02","slug":"acercate-a","status":"publish","type":"page","link":"https:\/\/www.dr-entrup.de\/es\/acercate-a\/","title":{"rendered":"Ac\u00e9rcate a"},"content":{"rendered":"\n<section class = \"fdn-grid\">\n\t<div class = \"grid-container no-padding\">\n\t\t<div class = \"grid-x\">\n\t\t\t<div class=\"cell large-12 small-12 \">\n\t\t\t\t<div class =\"hero hero--background-gray text-center\">\n\t\t\t\t\t<img loading=\"lazy\" decoding=\"async\" width=\"1800\" height=\"917\" src=\"https:\/\/www.dr-entrup.de\/wp-content\/uploads\/2024\/06\/Anfahrt-zu-unserer-Fachpraxis-fur-umfassende-Kieferorthopadie-Dr.-Entrup-in-Hannover.jpeg\" class=\"image img-responsive-no-block\" alt=\"Anfahrt - Fachpraxis fu\u0308r umfassende Kieferorthopa\u0308die Dres. W. &amp; J. Entrup &amp; Dr. T. Altvater Hannover\" srcset=\"https:\/\/www.dr-entrup.de\/wp-content\/uploads\/2024\/06\/Anfahrt-zu-unserer-Fachpraxis-fur-umfassende-Kieferorthopadie-Dr.-Entrup-in-Hannover.jpeg 1800w, https:\/\/www.dr-entrup.de\/wp-content\/uploads\/2024\/06\/Anfahrt-zu-unserer-Fachpraxis-fur-umfassende-Kieferorthopadie-Dr.-Entrup-in-Hannover-300x153.jpeg 300w, https:\/\/www.dr-entrup.de\/wp-content\/uploads\/2024\/06\/Anfahrt-zu-unserer-Fachpraxis-fur-umfassende-Kieferorthopadie-Dr.-Entrup-in-Hannover-1024x522.jpeg 1024w, https:\/\/www.dr-entrup.de\/wp-content\/uploads\/2024\/06\/Anfahrt-zu-unserer-Fachpraxis-fur-umfassende-Kieferorthopadie-Dr.-Entrup-in-Hannover-768x391.jpeg 768w, https:\/\/www.dr-entrup.de\/wp-content\/uploads\/2024\/06\/Anfahrt-zu-unserer-Fachpraxis-fur-umfassende-Kieferorthopadie-Dr.-Entrup-in-Hannover-1536x783.jpeg 1536w\" sizes=\"auto, (max-width: 1800px) 100vw, 1800px\" \/>\t\t\t\t<\/div>\n\t\t\t<\/div>\n\t\t<\/div>\n\t<\/div>\n<\/section>\n\n<section class = \"fdn-grid\">\n    <div class = \"p-top-mobile-50\"><\/div>\n    <div class = \"grid-container full-with-margin-10 no-padding\">\n        <div class = \"grid-x\">\n            <div class = \"cell small-12\">\n\n\n\n                <h1 class=\"heading heading--primary m-bottom-40\">Planteamiento &#8211; Direcciones<\/h1>\n                <h2 class=\"heading heading--secondary m-bottom-10\">C\u00f3mo encontrar nuestra consulta especializada en ortodoncia integral en Hannover<\/h2>\n                <span class=\"short-line-decoration short-line-decoration--mini-width color-bordeaux-bg\"><\/span>\n\n                <div class=\"m-top-40 paragraph\">\n\n                    <p>Nuestra consulta especializada en ortodoncia integral de Hannover es f\u00e1cilmente accesible tanto en coche como en transporte p\u00fablico. Para que tu viaje a nuestra consulta sea lo m\u00e1s c\u00f3modo y pr\u00e1ctico posible, hemos reunido para ti algunas recomendaciones de viaje. Te deseamos un buen viaje y esperamos tu visita. A la consulta se puede llegar a pie desde la estaci\u00f3n de ferrocarril o las estaciones de metro y cercan\u00edas en cuatro minutos, sin tener que parar los coches. El <a href=\"https:\/\/maps.app.goo.gl\/13seYeb1QuoRVYTY6\">aparcamiento de varias plantas<\/a> mejor situado <a href=\"https:\/\/maps.app.goo.gl\/13seYeb1QuoRVYTY6\">est\u00e1 en la calle Windm\u00fchlenstra\u00dfe.<\/a> &nbsp;<\/p>\n\n                <\/div>\n                            <\/div>\n        <\/div>\n    <\/div>\n     <div class = \"p-top-mobile-50\"><\/div>\n<\/section>\n","protected":false},"excerpt":{"rendered":"","protected":false},"author":1,"featured_media":0,"parent":0,"menu_order":0,"comment_status":"closed","ping_status":"closed","template":"","meta":{"footnotes":""},"class_list":["post-6132","page","type-page","status-publish"],"acf":[],"yoast_head":"<!-- This site is optimized with the Yoast SEO plugin v27.5 - https:\/\/yoast.com\/product\/yoast-seo-wordpress\/ -->\n<title>C\u00f3mo llegar - Consulta especializada en ortodoncia integral Hannover<\/title>\n<meta name=\"description\" content=\"C\u00f3mo llegar Consulta especializada en ortodoncia integral Dres. W. &amp; J. Entrup &amp; Dr. T. Altvater - C\u00f3mo encontrar nuestra consulta en Hannover en Google Maps - C\u00f3mo llegar a nuestra consulta.\" \/>\n<meta name=\"robots\" content=\"index, follow, max-snippet:-1, max-image-preview:large, max-video-preview:-1\" \/>\n<link rel=\"canonical\" href=\"https:\/\/www.dr-entrup.de\/es\/acercate-a\/\" \/>\n<meta property=\"og:locale\" content=\"en_US\" \/>\n<meta property=\"og:type\" content=\"article\" \/>\n<meta property=\"og:title\" content=\"C\u00f3mo llegar - Consulta especializada en ortodoncia integral Hannover\" \/>\n<meta property=\"og:description\" content=\"C\u00f3mo llegar Consulta especializada en ortodoncia integral Dres. W. &amp; J. Entrup &amp; Dr. T. Altvater - C\u00f3mo encontrar nuestra consulta en Hannover en Google Maps - C\u00f3mo llegar a nuestra consulta.\" \/>\n<meta property=\"og:url\" content=\"https:\/\/www.dr-entrup.de\/es\/acercate-a\/\" \/>\n<meta property=\"og:site_name\" content=\"BALANCE Fachpraxis f\u00fcr umfassende Kieferorthop\u00e4die Hannover Dr. Entrup\" \/>\n<meta property=\"article:modified_time\" content=\"2024-09-06T12:40:02+00:00\" \/>\n<meta name=\"twitter:card\" content=\"summary_large_image\" \/>\n<script type=\"application\/ld+json\" class=\"yoast-schema-graph\">{\"@context\":\"https:\\\/\\\/schema.org\",\"@graph\":[{\"@type\":\"WebPage\",\"@id\":\"https:\\\/\\\/www.dr-entrup.de\\\/es\\\/acercate-a\\\/\",\"url\":\"https:\\\/\\\/www.dr-entrup.de\\\/es\\\/acercate-a\\\/\",\"name\":\"C\u00f3mo llegar - Consulta especializada en ortodoncia integral Hannover\",\"isPartOf\":{\"@id\":\"https:\\\/\\\/www.dr-entrup.de\\\/es\\\/#website\"},\"datePublished\":\"2023-10-25T16:19:30+00:00\",\"dateModified\":\"2024-09-06T12:40:02+00:00\",\"description\":\"C\u00f3mo llegar Consulta especializada en ortodoncia integral Dres. W. & J. Entrup & Dr. T. Altvater - C\u00f3mo encontrar nuestra consulta en Hannover en Google Maps - C\u00f3mo llegar a nuestra consulta.\",\"breadcrumb\":{\"@id\":\"https:\\\/\\\/www.dr-entrup.de\\\/es\\\/acercate-a\\\/#breadcrumb\"},\"inLanguage\":\"en-DE\",\"potentialAction\":[{\"@type\":\"ReadAction\",\"target\":[\"https:\\\/\\\/www.dr-entrup.de\\\/es\\\/acercate-a\\\/\"]}]},{\"@type\":\"BreadcrumbList\",\"@id\":\"https:\\\/\\\/www.dr-entrup.de\\\/es\\\/acercate-a\\\/#breadcrumb\",\"itemListElement\":[{\"@type\":\"ListItem\",\"position\":1,\"name\":\"Home\",\"item\":\"https:\\\/\\\/www.dr-entrup.de\\\/es\\\/\"},{\"@type\":\"ListItem\",\"position\":2,\"name\":\"Ac\u00e9rcate a\"}]},{\"@type\":\"WebSite\",\"@id\":\"https:\\\/\\\/www.dr-entrup.de\\\/es\\\/#website\",\"url\":\"https:\\\/\\\/www.dr-entrup.de\\\/es\\\/\",\"name\":\"BALANCE Fachpraxis f\u00fcr umfassende Kieferorthop\u00e4die Hannover Dr. Entrup\",\"description\":\"BALANCE Fachpraxis f\u00fcr umfassende Kieferorthop\u00e4die Hannover Dr. Entrup\",\"publisher\":{\"@id\":\"https:\\\/\\\/www.dr-entrup.de\\\/es\\\/#organization\"},\"potentialAction\":[{\"@type\":\"SearchAction\",\"target\":{\"@type\":\"EntryPoint\",\"urlTemplate\":\"https:\\\/\\\/www.dr-entrup.de\\\/es\\\/?s={search_term_string}\"},\"query-input\":{\"@type\":\"PropertyValueSpecification\",\"valueRequired\":true,\"valueName\":\"search_term_string\"}}],\"inLanguage\":\"en-DE\"},{\"@type\":\"Organization\",\"@id\":\"https:\\\/\\\/www.dr-entrup.de\\\/es\\\/#organization\",\"name\":\"BALANCE Fachpraxis f\u00fcr umfassende Kieferorthop\u00e4die Hannover Dr. Entrup\",\"url\":\"https:\\\/\\\/www.dr-entrup.de\\\/es\\\/\",\"logo\":{\"@type\":\"ImageObject\",\"inLanguage\":\"en-DE\",\"@id\":\"https:\\\/\\\/www.dr-entrup.de\\\/es\\\/#\\\/schema\\\/logo\\\/image\\\/\",\"url\":\"https:\\\/\\\/www.dr-entrup.de\\\/wp-content\\\/uploads\\\/2023\\\/11\\\/logo-plus-subtext.png\",\"contentUrl\":\"https:\\\/\\\/www.dr-entrup.de\\\/wp-content\\\/uploads\\\/2023\\\/11\\\/logo-plus-subtext.png\",\"width\":302,\"height\":326,\"caption\":\"BALANCE Fachpraxis f\u00fcr umfassende Kieferorthop\u00e4die Hannover Dr. Entrup\"},\"image\":{\"@id\":\"https:\\\/\\\/www.dr-entrup.de\\\/es\\\/#\\\/schema\\\/logo\\\/image\\\/\"}}]}<\/script>\n<!-- \/ Yoast SEO plugin. -->","yoast_head_json":{"title":"C\u00f3mo llegar - Consulta especializada en ortodoncia integral Hannover","description":"C\u00f3mo llegar Consulta especializada en ortodoncia integral Dres. W. & J. Entrup & Dr. T. Altvater - C\u00f3mo encontrar nuestra consulta en Hannover en Google Maps - C\u00f3mo llegar a nuestra consulta.","robots":{"index":"index","follow":"follow","max-snippet":"max-snippet:-1","max-image-preview":"max-image-preview:large","max-video-preview":"max-video-preview:-1"},"canonical":"https:\/\/www.dr-entrup.de\/es\/acercate-a\/","og_locale":"en_US","og_type":"article","og_title":"C\u00f3mo llegar - Consulta especializada en ortodoncia integral Hannover","og_description":"C\u00f3mo llegar Consulta especializada en ortodoncia integral Dres. W. & J. Entrup & Dr. T. Altvater - C\u00f3mo encontrar nuestra consulta en Hannover en Google Maps - C\u00f3mo llegar a nuestra consulta.","og_url":"https:\/\/www.dr-entrup.de\/es\/acercate-a\/","og_site_name":"BALANCE Fachpraxis f\u00fcr umfassende Kieferorthop\u00e4die Hannover Dr. Entrup","article_modified_time":"2024-09-06T12:40:02+00:00","twitter_card":"summary_large_image","schema":{"@context":"https:\/\/schema.org","@graph":[{"@type":"WebPage","@id":"https:\/\/www.dr-entrup.de\/es\/acercate-a\/","url":"https:\/\/www.dr-entrup.de\/es\/acercate-a\/","name":"C\u00f3mo llegar - Consulta especializada en ortodoncia integral Hannover","isPartOf":{"@id":"https:\/\/www.dr-entrup.de\/es\/#website"},"datePublished":"2023-10-25T16:19:30+00:00","dateModified":"2024-09-06T12:40:02+00:00","description":"C\u00f3mo llegar Consulta especializada en ortodoncia integral Dres. W. & J. Entrup & Dr. T. Altvater - C\u00f3mo encontrar nuestra consulta en Hannover en Google Maps - C\u00f3mo llegar a nuestra consulta.","breadcrumb":{"@id":"https:\/\/www.dr-entrup.de\/es\/acercate-a\/#breadcrumb"},"inLanguage":"en-DE","potentialAction":[{"@type":"ReadAction","target":["https:\/\/www.dr-entrup.de\/es\/acercate-a\/"]}]},{"@type":"BreadcrumbList","@id":"https:\/\/www.dr-entrup.de\/es\/acercate-a\/#breadcrumb","itemListElement":[{"@type":"ListItem","position":1,"name":"Home","item":"https:\/\/www.dr-entrup.de\/es\/"},{"@type":"ListItem","position":2,"name":"Ac\u00e9rcate a"}]},{"@type":"WebSite","@id":"https:\/\/www.dr-entrup.de\/es\/#website","url":"https:\/\/www.dr-entrup.de\/es\/","name":"BALANCE Fachpraxis f\u00fcr umfassende Kieferorthop\u00e4die Hannover Dr. Entrup","description":"BALANCE Fachpraxis f\u00fcr umfassende Kieferorthop\u00e4die Hannover Dr. Entrup","publisher":{"@id":"https:\/\/www.dr-entrup.de\/es\/#organization"},"potentialAction":[{"@type":"SearchAction","target":{"@type":"EntryPoint","urlTemplate":"https:\/\/www.dr-entrup.de\/es\/?s={search_term_string}"},"query-input":{"@type":"PropertyValueSpecification","valueRequired":true,"valueName":"search_term_string"}}],"inLanguage":"en-DE"},{"@type":"Organization","@id":"https:\/\/www.dr-entrup.de\/es\/#organization","name":"BALANCE Fachpraxis f\u00fcr umfassende Kieferorthop\u00e4die Hannover Dr. Entrup","url":"https:\/\/www.dr-entrup.de\/es\/","logo":{"@type":"ImageObject","inLanguage":"en-DE","@id":"https:\/\/www.dr-entrup.de\/es\/#\/schema\/logo\/image\/","url":"https:\/\/www.dr-entrup.de\/wp-content\/uploads\/2023\/11\/logo-plus-subtext.png","contentUrl":"https:\/\/www.dr-entrup.de\/wp-content\/uploads\/2023\/11\/logo-plus-subtext.png","width":302,"height":326,"caption":"BALANCE Fachpraxis f\u00fcr umfassende Kieferorthop\u00e4die Hannover Dr. Entrup"},"image":{"@id":"https:\/\/www.dr-entrup.de\/es\/#\/schema\/logo\/image\/"}}]}},"_links":{"self":[{"href":"https:\/\/www.dr-entrup.de\/es\/wp-json\/wp\/v2\/pages\/6132","targetHints":{"allow":["GET"]}}],"collection":[{"href":"https:\/\/www.dr-entrup.de\/es\/wp-json\/wp\/v2\/pages"}],"about":[{"href":"https:\/\/www.dr-entrup.de\/es\/wp-json\/wp\/v2\/types\/page"}],"author":[{"embeddable":true,"href":"https:\/\/www.dr-entrup.de\/es\/wp-json\/wp\/v2\/users\/1"}],"replies":[{"embeddable":true,"href":"https:\/\/www.dr-entrup.de\/es\/wp-json\/wp\/v2\/comments?post=6132"}],"version-history":[{"count":2,"href":"https:\/\/www.dr-entrup.de\/es\/wp-json\/wp\/v2\/pages\/6132\/revisions"}],"predecessor-version":[{"id":6829,"href":"https:\/\/www.dr-entrup.de\/es\/wp-json\/wp\/v2\/pages\/6132\/revisions\/6829"}],"wp:attachment":[{"href":"https:\/\/www.dr-entrup.de\/es\/wp-json\/wp\/v2\/media?parent=6132"}],"curies":[{"name":"wp","href":"https:\/\/api.w.org\/{rel}","templated":true}]}}