{"id":6129,"date":"2023-10-25T18:17:35","date_gmt":"2023-10-25T16:17:35","guid":{"rendered":"https:\/\/debug.dr-entrup.de\/dr-j-entrup\/"},"modified":"2024-09-06T14:40:03","modified_gmt":"2024-09-06T12:40:03","slug":"dr-j-entrup","status":"publish","type":"page","link":"https:\/\/www.dr-entrup.de\/es\/dr-j-entrup\/","title":{"rendered":"Dr. J. Entrup"},"content":{"rendered":"\n<section class = \"fdn-grid color-white-bg\">\n    <div class = \"p-top-mobile-50\"><\/div>\n\t<div class = \"grid-container full-with-margin-10 no-padding\">\n\n        <div class = \"grid-x\">\n\n            <div class=\"cell large-6 small-12\">\n                <div class = \"m-right-25 m-bottom-25 m-left-mob-0 m-right-mob-0 m-left-tab-0 m-right-tab-0\">\n                    <img class = \"image img-responsive-no-block\"\n                         src = \"https:\/\/www.dr-entrup.de\/wp-content\/uploads\/2024\/06\/Dr.-Jasper-Entrup-Fachzahnarzt-fur-Kieferorthopadie-Hannover.jpeg\"\n                         alt=\"Alt text...\">\n                <\/div>\n\n\n                                   \n            <\/div>\n\n            <div class=\"cell large-6 small-12 \">\n                <div class = \"m-left-25 m-right-25 m-bottom-25 m-left-mob-0 m-right-mob-0 m-left-tab-0 m-right-tab-0\">\n                    <h2 class=\"heading heading--medium  m-bottom-10 color-bordeaux\">Dr. Jasper Entrup <\/h2>\n                    <span class=\"short-line-decoration  short-line-decoration--mini-width  color-primary-bg\"><\/span>\n                    <div class = \"paragraph paragraph--medium paragraph--primary m-top-40\">\n                        <h3>Dentista especialista en ortodoncia Hannover<\/h3>\n<p>&nbsp;<br \/>\n&nbsp;  Georgstra\u00dfe 46 D 30159 Hannover Tel +49 (511) 364990 Fax + 49 (0511) 3649911 E-Mail:  <a class=\"ui-editor-link-email\" href=\"mailto:?subject=jasper.entrup%40dr-entrup.de\">jasper.entrup@dr-entrup.de<\/a><\/p>\n\n                        \n                                                  \n\n                    <\/div>\n                <\/div>\n            <\/div>\n\n\n        <\/div>\n\n    <\/div>\n        <div class = \"p-top-mobile-50\"><\/div>\n<\/section>\n\n<section class = \"fdn-grid color-extra-pink-bg\">\n\n        <div class = \"p-top-mobile-50\"><\/div>\n    <div class = \"grid-container full-with-margin-10 no-padding\">\n\n        <div class = \"grid-x\">\n\n            <div class=\"cell large-6 small-12 \">\n                <div class = \"m-right-25  m-bottom-25 m-left-mob-0 m-right-mob-0 m-left-tab-0 m-right-tab-0\">\n                    <h2 class=\"heading heading--medium  m-bottom-10 color-bordeaux\">Vita:  <\/h2>\n                    <span class=\"short-line-decoration  short-line-decoration--mini-width  color-primary-bg\"><\/span>\n                    <div class = \"paragraph--medium paragraph--primary m-top-40\">\n                        <ul>\n<li>Estudi\u00f3 Odontolog\u00eda en la Universidad de W\u00fcrzburg<\/li>\n<li>Visitas de estudio en la Universidad de Melbourne<\/li>\n<li>Perfeccionamiento como dentista especialista en ortodoncia en la consulta del Dr. M.Sc. G. Halke y el Dr. S. Rybczynski en Bad Saulgau<\/li>\n<li>Perfeccionamiento como odont\u00f3logo especialista en ortodoncia en la Universidad de Fr\u00e1ncfort.<\/li>\n<li>Doctorado en la Universidad de Hannover<\/li>\n<li>Reconocido como dentista especialista en ortodoncia por la C\u00e1mara de Dentistas del Estado de Hesse.<\/li>\n<li>Establecimiento de una consulta conjunta de ortodoncia con el Dr. W. Entrup y el Dr. T. Altvater<\/li>\n<\/ul>\n\n\n                                                    \n\n                    <\/div>\n                <\/div>\n            <\/div>\n\n            <div class=\"cell large-6 small-12\">\n                <div class = \"m-left-25 m-bottom-25 m-left-mob-0 m-right-mob-0 m-left-tab-0 m-right-tab-0\">\n                   \t\t\t\t\t\n\t\t\t\t\t<img class = \"image img-responsive-no-block\"\n                         src = \"https:\/\/www.dr-entrup.de\/wp-content\/uploads\/2023\/12\/Vita-Dr.-Jasper-Entrup-Kieferorthopaede-Hannover.jpg\"\n                         alt=\"Vita Dr Jasper Entrup - Ortodoncista Hannover\">\n\t\t\t\t\t\t \n\t\t\t\t\t\t\n                                   \n                <\/div>\n\n                \n            <\/div>\n\n        <\/div>\n\n    <\/div>\n        <div class = \"p-top-mobile-50\"><\/div>\n<\/section>\n\n<section class = \"fdn-grid color-white-bg\">\n    <div class = \"p-top-mobile-50\"><\/div>\n\t<div class = \"grid-container full-with-margin-10 no-padding\">\n\n        <div class = \"grid-x\">\n\n            <div class=\"cell large-6 small-12\">\n                <div class = \"m-right-25 m-bottom-25 m-left-mob-0 m-right-mob-0 m-left-tab-0 m-right-tab-0\">\n                    <img class = \"image img-responsive-no-block\"\n                         src = \"https:\/\/www.dr-entrup.de\/wp-content\/uploads\/2023\/12\/Zusatzqualifikationen-Dr.-W.-Entrup-Hannover-Fachpraxis-fur-umfassende-Kieferorthopadie-1.jpg\"\n                         alt=\"Cualificaciones adicionales Dr. W. Entrup Hannover - Consulta especializada en ortodoncia integral\">\n                <\/div>\n\n\n                                   \n            <\/div>\n\n            <div class=\"cell large-6 small-12 \">\n                <div class = \"m-left-25 m-right-25 m-bottom-25 m-left-mob-0 m-right-mob-0 m-left-tab-0 m-right-tab-0\">\n                    <h2 class=\"heading heading--medium  m-bottom-10 color-bordeaux\">Cualificaciones adicionales: <\/h2>\n                    <span class=\"short-line-decoration  short-line-decoration--mini-width  color-primary-bg\"><\/span>\n                    <div class = \"paragraph paragraph--medium paragraph--primary m-top-40\">\n                        <ul>\n<li>Kinesiolog\u00eda Aplicada (Diploma AK-Praxis)<\/li>\n<li>Dispositivo de Anclaje Temporal (DAT)<\/li>\n<li>T\u00e9cnica lingual<\/li>\n<li>Diagn\u00f3stico funcional y terapia CMD<\/li>\n<li>M\u00faltiples certificaciones en el programa Yonsei International Training for Advanced Orthodontics, Se\u00fal, Corea<\/li>\n<\/ul>\n\n                        \n                                                  \n\n                    <\/div>\n                <\/div>\n            <\/div>\n\n\n        <\/div>\n\n    <\/div>\n        <div class = \"p-top-mobile-50\"><\/div>\n<\/section>\n\n<section class = \"fdn-grid color-extra-pink-bg\">\n\n        <div class = \"p-top-mobile-50\"><\/div>\n    <div class = \"grid-container full-with-margin-10 no-padding\">\n\n        <div class = \"grid-x\">\n\n            <div class=\"cell large-6 small-12 \">\n                <div class = \"m-right-25  m-bottom-25 m-left-mob-0 m-right-mob-0 m-left-tab-0 m-right-tab-0\">\n                    <h2 class=\"heading heading--medium  m-bottom-10 color-bordeaux\">Afiliaciones:<\/h2>\n                    <span class=\"short-line-decoration  short-line-decoration--mini-width  color-primary-bg\"><\/span>\n                    <div class = \"paragraph--medium paragraph--primary m-top-40\">\n                        <ul>\n<li>Certificaci\u00f3n como miembro activo de la Sociedad Mundial de Ortodoncia Lingual (WSLO)<\/li>\n<li>Asociaci\u00f3n M\u00e9dica Alemana de Kinesiolog\u00eda Aplicada (D\u00c4GAK)<\/li>\n<li>Sociedad Alemana de Ortodoncia (DGKFO)<\/li>\n<li><a class=\"ui-editor-link-external\" href=\"http:\/\/www.neurodontics.com\/\" target=\"_blank\" rel=\"noopener\">Junta Directiva Fundaci\u00f3n Neurodoncia<\/a><\/li>\n<\/ul>\n\n\n                                                    \n\n                    <\/div>\n                <\/div>\n            <\/div>\n\n            <div class=\"cell large-6 small-12\">\n                <div class = \"m-left-25 m-bottom-25 m-left-mob-0 m-right-mob-0 m-left-tab-0 m-right-tab-0\">\n                   \t\t\t\t\t\n\t\t\t\t\t<img class = \"image img-responsive-no-block\"\n                         src = \"https:\/\/www.dr-entrup.de\/wp-content\/uploads\/2023\/12\/Mitgliedschaften-Dr.-Jasper-Entrup-Kieferorthopaedie-Hannover.jpg\"\n                         alt=\"Afiliaciones Dr Jasper Entrup - Ortodoncia Hannover\">\n\t\t\t\t\t\t \n\t\t\t\t\t\t\n                                   \n                <\/div>\n\n                \n            <\/div>\n\n        <\/div>\n\n    <\/div>\n        <div class = \"p-top-mobile-50\"><\/div>\n<\/section>\n","protected":false},"excerpt":{"rendered":"","protected":false},"author":1,"featured_media":0,"parent":0,"menu_order":0,"comment_status":"closed","ping_status":"closed","template":"","meta":{"footnotes":""},"class_list":["post-6129","page","type-page","status-publish"],"acf":[],"yoast_head":"<!-- This site is optimized with the Yoast SEO plugin v27.5 - https:\/\/yoast.com\/product\/yoast-seo-wordpress\/ -->\n<title>Dr Jasper Entrup - Consulta especializada en ortodoncia integral Hannover<\/title>\n<meta name=\"description\" content=\"Dr. Jasper Entrup - Odont\u00f3logo especialista en ortodoncia - Consulta especializada en ortodoncia integral Hannover.\" \/>\n<meta name=\"robots\" content=\"index, follow, max-snippet:-1, max-image-preview:large, max-video-preview:-1\" \/>\n<link rel=\"canonical\" href=\"https:\/\/www.dr-entrup.de\/es\/dr-j-entrup\/\" \/>\n<meta property=\"og:locale\" content=\"en_US\" \/>\n<meta property=\"og:type\" content=\"article\" \/>\n<meta property=\"og:title\" content=\"Dr Jasper Entrup - Consulta especializada en ortodoncia integral Hannover\" \/>\n<meta property=\"og:description\" content=\"Dr. Jasper Entrup - Odont\u00f3logo especialista en ortodoncia - Consulta especializada en ortodoncia integral Hannover.\" \/>\n<meta property=\"og:url\" content=\"https:\/\/www.dr-entrup.de\/es\/dr-j-entrup\/\" \/>\n<meta property=\"og:site_name\" content=\"BALANCE Fachpraxis f\u00fcr umfassende Kieferorthop\u00e4die Hannover Dr. Entrup\" \/>\n<meta property=\"article:modified_time\" content=\"2024-09-06T12:40:03+00:00\" \/>\n<meta name=\"twitter:card\" content=\"summary_large_image\" \/>\n<script type=\"application\/ld+json\" class=\"yoast-schema-graph\">{\"@context\":\"https:\\\/\\\/schema.org\",\"@graph\":[{\"@type\":\"WebPage\",\"@id\":\"https:\\\/\\\/www.dr-entrup.de\\\/es\\\/dr-j-entrup\\\/\",\"url\":\"https:\\\/\\\/www.dr-entrup.de\\\/es\\\/dr-j-entrup\\\/\",\"name\":\"Dr Jasper Entrup - Consulta especializada en ortodoncia integral Hannover\",\"isPartOf\":{\"@id\":\"https:\\\/\\\/www.dr-entrup.de\\\/es\\\/#website\"},\"datePublished\":\"2023-10-25T16:17:35+00:00\",\"dateModified\":\"2024-09-06T12:40:03+00:00\",\"description\":\"Dr. Jasper Entrup - Odont\u00f3logo especialista en ortodoncia - Consulta especializada en ortodoncia integral Hannover.\",\"breadcrumb\":{\"@id\":\"https:\\\/\\\/www.dr-entrup.de\\\/es\\\/dr-j-entrup\\\/#breadcrumb\"},\"inLanguage\":\"en-DE\",\"potentialAction\":[{\"@type\":\"ReadAction\",\"target\":[\"https:\\\/\\\/www.dr-entrup.de\\\/es\\\/dr-j-entrup\\\/\"]}]},{\"@type\":\"BreadcrumbList\",\"@id\":\"https:\\\/\\\/www.dr-entrup.de\\\/es\\\/dr-j-entrup\\\/#breadcrumb\",\"itemListElement\":[{\"@type\":\"ListItem\",\"position\":1,\"name\":\"Home\",\"item\":\"https:\\\/\\\/www.dr-entrup.de\\\/es\\\/\"},{\"@type\":\"ListItem\",\"position\":2,\"name\":\"Dr. J. Entrup\"}]},{\"@type\":\"WebSite\",\"@id\":\"https:\\\/\\\/www.dr-entrup.de\\\/es\\\/#website\",\"url\":\"https:\\\/\\\/www.dr-entrup.de\\\/es\\\/\",\"name\":\"BALANCE Fachpraxis f\u00fcr umfassende Kieferorthop\u00e4die Hannover Dr. Entrup\",\"description\":\"BALANCE Fachpraxis f\u00fcr umfassende Kieferorthop\u00e4die Hannover Dr. Entrup\",\"publisher\":{\"@id\":\"https:\\\/\\\/www.dr-entrup.de\\\/es\\\/#organization\"},\"potentialAction\":[{\"@type\":\"SearchAction\",\"target\":{\"@type\":\"EntryPoint\",\"urlTemplate\":\"https:\\\/\\\/www.dr-entrup.de\\\/es\\\/?s={search_term_string}\"},\"query-input\":{\"@type\":\"PropertyValueSpecification\",\"valueRequired\":true,\"valueName\":\"search_term_string\"}}],\"inLanguage\":\"en-DE\"},{\"@type\":\"Organization\",\"@id\":\"https:\\\/\\\/www.dr-entrup.de\\\/es\\\/#organization\",\"name\":\"BALANCE Fachpraxis f\u00fcr umfassende Kieferorthop\u00e4die Hannover Dr. Entrup\",\"url\":\"https:\\\/\\\/www.dr-entrup.de\\\/es\\\/\",\"logo\":{\"@type\":\"ImageObject\",\"inLanguage\":\"en-DE\",\"@id\":\"https:\\\/\\\/www.dr-entrup.de\\\/es\\\/#\\\/schema\\\/logo\\\/image\\\/\",\"url\":\"https:\\\/\\\/www.dr-entrup.de\\\/wp-content\\\/uploads\\\/2023\\\/11\\\/logo-plus-subtext.png\",\"contentUrl\":\"https:\\\/\\\/www.dr-entrup.de\\\/wp-content\\\/uploads\\\/2023\\\/11\\\/logo-plus-subtext.png\",\"width\":302,\"height\":326,\"caption\":\"BALANCE Fachpraxis f\u00fcr umfassende Kieferorthop\u00e4die Hannover Dr. Entrup\"},\"image\":{\"@id\":\"https:\\\/\\\/www.dr-entrup.de\\\/es\\\/#\\\/schema\\\/logo\\\/image\\\/\"}}]}<\/script>\n<!-- \/ Yoast SEO plugin. -->","yoast_head_json":{"title":"Dr Jasper Entrup - Consulta especializada en ortodoncia integral Hannover","description":"Dr. Jasper Entrup - Odont\u00f3logo especialista en ortodoncia - Consulta especializada en ortodoncia integral Hannover.","robots":{"index":"index","follow":"follow","max-snippet":"max-snippet:-1","max-image-preview":"max-image-preview:large","max-video-preview":"max-video-preview:-1"},"canonical":"https:\/\/www.dr-entrup.de\/es\/dr-j-entrup\/","og_locale":"en_US","og_type":"article","og_title":"Dr Jasper Entrup - Consulta especializada en ortodoncia integral Hannover","og_description":"Dr. Jasper Entrup - Odont\u00f3logo especialista en ortodoncia - Consulta especializada en ortodoncia integral Hannover.","og_url":"https:\/\/www.dr-entrup.de\/es\/dr-j-entrup\/","og_site_name":"BALANCE Fachpraxis f\u00fcr umfassende Kieferorthop\u00e4die Hannover Dr. Entrup","article_modified_time":"2024-09-06T12:40:03+00:00","twitter_card":"summary_large_image","schema":{"@context":"https:\/\/schema.org","@graph":[{"@type":"WebPage","@id":"https:\/\/www.dr-entrup.de\/es\/dr-j-entrup\/","url":"https:\/\/www.dr-entrup.de\/es\/dr-j-entrup\/","name":"Dr Jasper Entrup - Consulta especializada en ortodoncia integral Hannover","isPartOf":{"@id":"https:\/\/www.dr-entrup.de\/es\/#website"},"datePublished":"2023-10-25T16:17:35+00:00","dateModified":"2024-09-06T12:40:03+00:00","description":"Dr. Jasper Entrup - Odont\u00f3logo especialista en ortodoncia - Consulta especializada en ortodoncia integral Hannover.","breadcrumb":{"@id":"https:\/\/www.dr-entrup.de\/es\/dr-j-entrup\/#breadcrumb"},"inLanguage":"en-DE","potentialAction":[{"@type":"ReadAction","target":["https:\/\/www.dr-entrup.de\/es\/dr-j-entrup\/"]}]},{"@type":"BreadcrumbList","@id":"https:\/\/www.dr-entrup.de\/es\/dr-j-entrup\/#breadcrumb","itemListElement":[{"@type":"ListItem","position":1,"name":"Home","item":"https:\/\/www.dr-entrup.de\/es\/"},{"@type":"ListItem","position":2,"name":"Dr. J. Entrup"}]},{"@type":"WebSite","@id":"https:\/\/www.dr-entrup.de\/es\/#website","url":"https:\/\/www.dr-entrup.de\/es\/","name":"BALANCE Fachpraxis f\u00fcr umfassende Kieferorthop\u00e4die Hannover Dr. Entrup","description":"BALANCE Fachpraxis f\u00fcr umfassende Kieferorthop\u00e4die Hannover Dr. Entrup","publisher":{"@id":"https:\/\/www.dr-entrup.de\/es\/#organization"},"potentialAction":[{"@type":"SearchAction","target":{"@type":"EntryPoint","urlTemplate":"https:\/\/www.dr-entrup.de\/es\/?s={search_term_string}"},"query-input":{"@type":"PropertyValueSpecification","valueRequired":true,"valueName":"search_term_string"}}],"inLanguage":"en-DE"},{"@type":"Organization","@id":"https:\/\/www.dr-entrup.de\/es\/#organization","name":"BALANCE Fachpraxis f\u00fcr umfassende Kieferorthop\u00e4die Hannover Dr. Entrup","url":"https:\/\/www.dr-entrup.de\/es\/","logo":{"@type":"ImageObject","inLanguage":"en-DE","@id":"https:\/\/www.dr-entrup.de\/es\/#\/schema\/logo\/image\/","url":"https:\/\/www.dr-entrup.de\/wp-content\/uploads\/2023\/11\/logo-plus-subtext.png","contentUrl":"https:\/\/www.dr-entrup.de\/wp-content\/uploads\/2023\/11\/logo-plus-subtext.png","width":302,"height":326,"caption":"BALANCE Fachpraxis f\u00fcr umfassende Kieferorthop\u00e4die Hannover Dr. Entrup"},"image":{"@id":"https:\/\/www.dr-entrup.de\/es\/#\/schema\/logo\/image\/"}}]}},"_links":{"self":[{"href":"https:\/\/www.dr-entrup.de\/es\/wp-json\/wp\/v2\/pages\/6129","targetHints":{"allow":["GET"]}}],"collection":[{"href":"https:\/\/www.dr-entrup.de\/es\/wp-json\/wp\/v2\/pages"}],"about":[{"href":"https:\/\/www.dr-entrup.de\/es\/wp-json\/wp\/v2\/types\/page"}],"author":[{"embeddable":true,"href":"https:\/\/www.dr-entrup.de\/es\/wp-json\/wp\/v2\/users\/1"}],"replies":[{"embeddable":true,"href":"https:\/\/www.dr-entrup.de\/es\/wp-json\/wp\/v2\/comments?post=6129"}],"version-history":[{"count":2,"href":"https:\/\/www.dr-entrup.de\/es\/wp-json\/wp\/v2\/pages\/6129\/revisions"}],"predecessor-version":[{"id":6826,"href":"https:\/\/www.dr-entrup.de\/es\/wp-json\/wp\/v2\/pages\/6129\/revisions\/6826"}],"wp:attachment":[{"href":"https:\/\/www.dr-entrup.de\/es\/wp-json\/wp\/v2\/media?parent=6129"}],"curies":[{"name":"wp","href":"https:\/\/api.w.org\/{rel}","templated":true}]}}