{"id":6120,"date":"2023-10-25T18:15:47","date_gmt":"2023-10-25T16:15:47","guid":{"rendered":"https:\/\/debug.dr-entrup.de\/trastornos-hormonales\/"},"modified":"2024-09-06T14:40:04","modified_gmt":"2024-09-06T12:40:04","slug":"trastornos-hormonales","status":"publish","type":"page","link":"https:\/\/www.dr-entrup.de\/es\/trastornos-hormonales\/","title":{"rendered":"Trastornos hormonales"},"content":{"rendered":"\n<section class = \"fdn-grid\">\n\t<div class = \"grid-container no-padding\">\n\t\t<div class = \"grid-x\">\n\t\t\t<div class=\"cell large-12 small-12 \">\n\t\t\t\t<div class =\"hero hero--background-gray text-center\">\n\t\t\t\t\t<img loading=\"lazy\" decoding=\"async\" width=\"1800\" height=\"895\" src=\"https:\/\/www.dr-entrup.de\/wp-content\/uploads\/2024\/06\/Die-Funktion-des-Kranio-Mandibularen-Systems-CMS-beeinflusst-die-Hormonregulation-\u2013-KFO-Hannover.jpeg\" class=\"image img-responsive-no-block\" alt=\"Die Funktion des Kranio-Mandibula\u0308ren Systems (CMS) beeinflusst die Hormonregulation \u2013 KFO Hannover\" srcset=\"https:\/\/www.dr-entrup.de\/wp-content\/uploads\/2024\/06\/Die-Funktion-des-Kranio-Mandibularen-Systems-CMS-beeinflusst-die-Hormonregulation-\u2013-KFO-Hannover.jpeg 1800w, https:\/\/www.dr-entrup.de\/wp-content\/uploads\/2024\/06\/Die-Funktion-des-Kranio-Mandibularen-Systems-CMS-beeinflusst-die-Hormonregulation-\u2013-KFO-Hannover-300x149.jpeg 300w, https:\/\/www.dr-entrup.de\/wp-content\/uploads\/2024\/06\/Die-Funktion-des-Kranio-Mandibularen-Systems-CMS-beeinflusst-die-Hormonregulation-\u2013-KFO-Hannover-1024x509.jpeg 1024w, https:\/\/www.dr-entrup.de\/wp-content\/uploads\/2024\/06\/Die-Funktion-des-Kranio-Mandibularen-Systems-CMS-beeinflusst-die-Hormonregulation-\u2013-KFO-Hannover-768x382.jpeg 768w, https:\/\/www.dr-entrup.de\/wp-content\/uploads\/2024\/06\/Die-Funktion-des-Kranio-Mandibularen-Systems-CMS-beeinflusst-die-Hormonregulation-\u2013-KFO-Hannover-1536x764.jpeg 1536w\" sizes=\"auto, (max-width: 1800px) 100vw, 1800px\" \/>\t\t\t\t<\/div>\n\t\t\t<\/div>\n\t\t<\/div>\n\t<\/div>\n<\/section>\n\n<section class = \"fdn-grid\">\n    <div class = \"p-top-mobile-50\"><\/div>\n    <div class = \"grid-container full-with-margin-10 no-padding\">\n        <div class = \"grid-x\">\n            <div class = \"cell small-12\">\n\n\n\n                <h1 class=\"heading heading--primary m-bottom-40\">Trastornos hormonales<\/h1>\n                <h2 class=\"heading heading--secondary m-bottom-10\">La funci\u00f3n del sistema cr\u00e1neo-mandibular (SCM) influye en la regulaci\u00f3n hormonal &#8211; KFO Hannover<\/h2>\n                <span class=\"short-line-decoration short-line-decoration--mini-width color-bordeaux-bg\"><\/span>\n\n                <div class=\"m-top-40 paragraph\">\n\n                    <p class=\"td_typ2\">No somos especialistas en endocrinolog\u00eda ni en medicina reproductiva y, por tanto, no tratamos directamente los trastornos hormonales, pero &#8230;<\/p>\n<p class=\"td_typ2\"><strong>Numerosos estudios cient\u00edficos han demostrado que la funci\u00f3n del sistema cr\u00e1neo-mandibular (SCM) tiene una influencia impresionante en la regulaci\u00f3n hormonal<\/strong> (v\u00e9ase: Kobayashi, Y., Hanson, T.: \u00abEfectos de la oclusi\u00f3n en el cuerpo humano\u00bb. Phillip Journal 5.88 p\u00e1gina 255-263)<b><strong class=\"cms-bold\">. <\/strong><\/b>Entre otras cosas, estos investigadores estudiaron el efecto de un precontacto artificial de s\u00f3lo 0,1 mm de altura en un solo diente sobre el equilibrio hormonal en humanos. Result\u00f3 que los niveles hormonales de numerosas hormonas (esteroides, catecolaminas) cambiaron dr\u00e1sticamente en los d\u00edas siguientes.  <strong>Los m\u00e9dicos demostraron as\u00ed una conexi\u00f3n entre los factores perturbadores del CMS y los trastornos de la regulaci\u00f3n hormonal.<\/strong><\/p>\n<p><strong>Lo que funciona en sentido negativo tambi\u00e9n puede utilizarse en sentido positivo. Esta suposici\u00f3n se corresponde exactamente con nuestra experiencia.<\/strong>  Aunque \u00e9ste y otros hallazgos cient\u00edficos se conocen desde hace d\u00e9cadas, los resultados han sido extremadamente ignorados e infravalorados por las especialidades m\u00e9dicas responsables, pero desgraciadamente tambi\u00e9n por muchos m\u00e9dicos naturistas.<\/p>\n\n                <\/div>\n                                <a href='tel:+49511364990' class='button color-bordeaux-bg color-white button--medium' target='_self'> Llama ahora y pide consejo <\/a>                            <\/div>\n        <\/div>\n    <\/div>\n     <div class = \"p-top-mobile-50\"><\/div>\n<\/section>\n\n<section class = \"fdn-grid color-extra-pink-bg\">\n\n        <div class = \"p-top-mobile-50\"><\/div>\n    <div class = \"grid-container full-with-margin-10 no-padding\">\n\n        <div class = \"grid-x\">\n            <div class=\"cell large-6 small-12\">\n                <div class = \"m-right-25  m-bottom-25 m-left-mob-0 m-right-mob-0 m-left-tab-0 m-right-tab-0\">\n  \n  <h2 class='heading heading--medium  m-bottom-10 color-bordeaux'>La optimizaci\u00f3n del CMS mediante el concepto de tratamiento Balance mejora los trastornos hormonales<\/h2><span class='short-line-decoration  short-line-decoration--mini-width color-primary-bg'><\/span><div class = 'paragraph--medium paragraph--primary m-top-40'><p>Si optimizamos la funci\u00f3n de la CMS trat\u00e1ndola seg\u00fan el <a href=\"https:\/\/www.dr-entrup.de\/es\/concepto-de-tratamiento\/\">Concepto de Equilibrio<\/a>, las mujeres con trastornos de la regulaci\u00f3n hormonal, por ejemplo con dificultades reproductivas (infertilidad), experimentan a menudo una mejora espont\u00e1nea significativa. Un efecto secundario positivo del <a href=\"https:\/\/www.dr-entrup.de\/kieferorthopaedie-erwachsene\/\">tratamiento ortod\u00f3ncico<\/a> en muchos casos fue la soluci\u00f3n de este problema, muy estresante para muchas mujeres.  &nbsp;<\/p>\n<\/div>                                            <\/div>\n                <\/div>\n\n\n\n\n\n\n            <div class=\"cell large-6 small-12 \">\n                <div class = \"m-left-25 m-bottom-25 m-left-mob-0 m-right-mob-0 m-left-tab-0 m-right-tab-0\">\n\n                    <div class=\"videoWrapper\">\n                        <!-- Copy & Pasted from YouTube -->\n\t\t\t\t\t\t<div style=\"width: 640px;\" class=\"wp-video\"><video class=\"wp-video-shortcode\" id=\"video-6120-1\" width=\"640\" height=\"480\" preload=\"metadata\" controls=\"controls\"><source type=\"video\/mp4\" src=\"https:\/\/www.dr-entrup.de\/wp-content\/uploads\/2023\/12\/hormonelle22.mp4?_=1\" \/><a href=\"https:\/\/www.dr-entrup.de\/wp-content\/uploads\/2023\/12\/hormonelle22.mp4\">https:\/\/www.dr-entrup.de\/wp-content\/uploads\/2023\/12\/hormonelle22.mp4<\/a><\/video><\/div>\n\n                    <\/div>\n\n                    <\/div>\n                <\/div>\n\n\n\n\n        <\/div>\n\n    <\/div>\n        <div class = \"p-top-mobile-50\"><\/div>\n<\/section>\n\n<section class = \"fdn-grid color-white-bg\">\n    <div class = \"p-top-mobile-50\"><\/div>\n\t<div class = \"grid-container full-with-margin-10 no-padding\">\n\n        <div class = \"grid-x\">\n\n            <div class=\"cell large-6 small-12\">\n                <div class = \"m-right-25 m-bottom-25 m-left-mob-0 m-right-mob-0 m-left-tab-0 m-right-tab-0\">\n                    <img class = \"image img-responsive-no-block\"\n                         src = \"https:\/\/www.dr-entrup.de\/wp-content\/uploads\/2023\/12\/Hormonelle-Storungen-Interdisziplinare-Zusammenarbeit-fur-bessere-Ergebnisse-Fachpraxis-fur-umfassende-Kieferorthopdie-Hannover.jpg\"\n                         alt=\"Trastornos hormonales - Cooperaci\u00f3n interdisciplinar para obtener mejores resultados - Consulta especializada en ortodoncia integral Hannover\">\n                <\/div>\n\n\n                                   \n            <\/div>\n\n            <div class=\"cell large-6 small-12 \">\n                <div class = \"m-left-25 m-right-25 m-bottom-25 m-left-mob-0 m-right-mob-0 m-left-tab-0 m-right-tab-0\">\n                    <h2 class=\"heading heading--medium  m-bottom-10 color-bordeaux\">Trastornos hormonales: colaboraci\u00f3n interdisciplinar para obtener mejores resultados<\/h2>\n                    <span class=\"short-line-decoration  short-line-decoration--mini-width  color-primary-bg\"><\/span>\n                    <div class = \"paragraph paragraph--medium paragraph--primary m-top-40\">\n                        <p>La verdad es que a\u00fan no sabemos exactamente c\u00f3mo es posible. Pero existe una hip\u00f3tesis (ver tambi\u00e9n raz\u00f3n <a class=\"ui-editor-link-external\" href=\"https:\/\/www.dr-entrup.de\/behandlung\/hyperaktivit%C3%A4t-(adhd-\/-add)\">hiperactividad &#8211; ADD<\/a>). En algunos casos, vemos que el problema est\u00e1 causado por varios factores simult\u00e1nea y aditivamente, siendo a menudo los errores en el CMS decisivos para el desarrollo de la desregulaci\u00f3n, pero tambi\u00e9n hay que tener en cuenta otras disfunciones m\u00e9dicas generales para tener verdadero \u00e9xito. Esto significa que <strong>muchos especialistas tienen que trabajar juntos al mismo<\/strong> tiempo: por ejemplo, quiropr\u00e1cticos, <a href=\"https:\/\/www.dr-entrup.de\/es\/osteopatia\/\">oste\u00f3patas<\/a>, nutricionistas, ginec\u00f3logos, endocrin\u00f3logos, m\u00e9dicos reproductores con formaci\u00f3n especial, m\u00e9dicos naturistas, etc.<\/p>\n\n                        \n                                                  \n\n                    <\/div>\n                <\/div>\n            <\/div>\n\n\n        <\/div>\n\n    <\/div>\n        <div class = \"p-top-mobile-50\"><\/div>\n<\/section>\n\n<section class = \"fdn-grid color-extra-pink-bg\">\n\n        <div class = \"p-top-mobile-50\"><\/div>\n    <div class = \"grid-container full-with-margin-10 no-padding\">\n\n        <div class = \"grid-x\">\n            <div class=\"cell large-6 small-12\">\n                <div class = \"m-right-25  m-bottom-25 m-left-mob-0 m-right-mob-0 m-left-tab-0 m-right-tab-0\">\n  \n  <h2 class='heading heading--medium  m-bottom-10 color-bordeaux'>Voces de los pacientes<\/h2><span class='short-line-decoration  short-line-decoration--mini-width color-primary-bg'><\/span><div class = 'paragraph--medium paragraph--primary m-top-40'><p>Todav\u00eda no se puede evaluar de forma concluyente si esta experiencia positiva tambi\u00e9n se aplica a otros trastornos de la regulaci\u00f3n hormonal, ya que el n\u00famero de casos de este tipo es todav\u00eda demasiado peque\u00f1o para poder emitir un juicio cl\u00ednico.  &nbsp;<\/p>\n<\/div>                                            <\/div>\n                <\/div>\n\n\n\n\n\n\n            <div class=\"cell large-6 small-12 \">\n                <div class = \"m-left-25 m-bottom-25 m-left-mob-0 m-right-mob-0 m-left-tab-0 m-right-tab-0\">\n\n                    <div class=\"videoWrapper\">\n                        <!-- Copy & Pasted from YouTube -->\n\t\t\t\t\t\t<div style=\"width: 640px;\" class=\"wp-video\"><video class=\"wp-video-shortcode\" id=\"video-6120-2\" width=\"640\" height=\"480\" preload=\"metadata\" controls=\"controls\"><source type=\"video\/mp4\" src=\"https:\/\/www.dr-entrup.de\/wp-content\/uploads\/2023\/12\/hormonelle11.mp4?_=2\" \/><a href=\"https:\/\/www.dr-entrup.de\/wp-content\/uploads\/2023\/12\/hormonelle11.mp4\">https:\/\/www.dr-entrup.de\/wp-content\/uploads\/2023\/12\/hormonelle11.mp4<\/a><\/video><\/div>\n\n                    <\/div>\n\n                    <\/div>\n                <\/div>\n\n\n\n\n        <\/div>\n\n    <\/div>\n        <div class = \"p-top-mobile-50\"><\/div>\n<\/section>\n","protected":false},"excerpt":{"rendered":"","protected":false},"author":1,"featured_media":0,"parent":0,"menu_order":0,"comment_status":"closed","ping_status":"closed","template":"","meta":{"footnotes":""},"class_list":["post-6120","page","type-page","status-publish"],"acf":[],"yoast_head":"<!-- This site is optimized with the Yoast SEO plugin v27.5 - https:\/\/yoast.com\/product\/yoast-seo-wordpress\/ -->\n<title>Trastornos hormonales - Ortodoncia integral Hannover<\/title>\n<meta name=\"description\" content=\"Trastornos hormonales Hannover: La funci\u00f3n del sistema cr\u00e1neo-mandibular (SCM) influye en la regulaci\u00f3n hormonal - Fachpraxis f\u00fcr umfassende Kieferorthop\u00e4die Dres. W. &amp; J. Entrup &amp; Dr. T. Altvater\" \/>\n<meta name=\"robots\" content=\"index, follow, max-snippet:-1, max-image-preview:large, max-video-preview:-1\" \/>\n<link rel=\"canonical\" href=\"https:\/\/www.dr-entrup.de\/es\/trastornos-hormonales\/\" \/>\n<meta property=\"og:locale\" content=\"en_US\" \/>\n<meta property=\"og:type\" content=\"article\" \/>\n<meta property=\"og:title\" content=\"Trastornos hormonales - Ortodoncia integral Hannover\" \/>\n<meta property=\"og:description\" content=\"Trastornos hormonales Hannover: La funci\u00f3n del sistema cr\u00e1neo-mandibular (SCM) influye en la regulaci\u00f3n hormonal - Fachpraxis f\u00fcr umfassende Kieferorthop\u00e4die Dres. W. &amp; J. Entrup &amp; Dr. T. Altvater\" \/>\n<meta property=\"og:url\" content=\"https:\/\/www.dr-entrup.de\/es\/trastornos-hormonales\/\" \/>\n<meta property=\"og:site_name\" content=\"BALANCE Fachpraxis f\u00fcr umfassende Kieferorthop\u00e4die Hannover Dr. Entrup\" \/>\n<meta property=\"article:modified_time\" content=\"2024-09-06T12:40:04+00:00\" \/>\n<meta name=\"twitter:card\" content=\"summary_large_image\" \/>\n<script type=\"application\/ld+json\" class=\"yoast-schema-graph\">{\"@context\":\"https:\\\/\\\/schema.org\",\"@graph\":[{\"@type\":\"WebPage\",\"@id\":\"https:\\\/\\\/www.dr-entrup.de\\\/es\\\/trastornos-hormonales\\\/\",\"url\":\"https:\\\/\\\/www.dr-entrup.de\\\/es\\\/trastornos-hormonales\\\/\",\"name\":\"Trastornos hormonales - Ortodoncia integral Hannover\",\"isPartOf\":{\"@id\":\"https:\\\/\\\/www.dr-entrup.de\\\/es\\\/#website\"},\"datePublished\":\"2023-10-25T16:15:47+00:00\",\"dateModified\":\"2024-09-06T12:40:04+00:00\",\"description\":\"Trastornos hormonales Hannover: La funci\u00f3n del sistema cr\u00e1neo-mandibular (SCM) influye en la regulaci\u00f3n hormonal - Fachpraxis f\u00fcr umfassende Kieferorthop\u00e4die Dres. W. & J. Entrup & Dr. T. Altvater\",\"breadcrumb\":{\"@id\":\"https:\\\/\\\/www.dr-entrup.de\\\/es\\\/trastornos-hormonales\\\/#breadcrumb\"},\"inLanguage\":\"en-DE\",\"potentialAction\":[{\"@type\":\"ReadAction\",\"target\":[\"https:\\\/\\\/www.dr-entrup.de\\\/es\\\/trastornos-hormonales\\\/\"]}]},{\"@type\":\"BreadcrumbList\",\"@id\":\"https:\\\/\\\/www.dr-entrup.de\\\/es\\\/trastornos-hormonales\\\/#breadcrumb\",\"itemListElement\":[{\"@type\":\"ListItem\",\"position\":1,\"name\":\"Home\",\"item\":\"https:\\\/\\\/www.dr-entrup.de\\\/es\\\/\"},{\"@type\":\"ListItem\",\"position\":2,\"name\":\"Trastornos hormonales\"}]},{\"@type\":\"WebSite\",\"@id\":\"https:\\\/\\\/www.dr-entrup.de\\\/es\\\/#website\",\"url\":\"https:\\\/\\\/www.dr-entrup.de\\\/es\\\/\",\"name\":\"BALANCE Fachpraxis f\u00fcr umfassende Kieferorthop\u00e4die Hannover Dr. Entrup\",\"description\":\"BALANCE Fachpraxis f\u00fcr umfassende Kieferorthop\u00e4die Hannover Dr. Entrup\",\"publisher\":{\"@id\":\"https:\\\/\\\/www.dr-entrup.de\\\/es\\\/#organization\"},\"potentialAction\":[{\"@type\":\"SearchAction\",\"target\":{\"@type\":\"EntryPoint\",\"urlTemplate\":\"https:\\\/\\\/www.dr-entrup.de\\\/es\\\/?s={search_term_string}\"},\"query-input\":{\"@type\":\"PropertyValueSpecification\",\"valueRequired\":true,\"valueName\":\"search_term_string\"}}],\"inLanguage\":\"en-DE\"},{\"@type\":\"Organization\",\"@id\":\"https:\\\/\\\/www.dr-entrup.de\\\/es\\\/#organization\",\"name\":\"BALANCE Fachpraxis f\u00fcr umfassende Kieferorthop\u00e4die Hannover Dr. Entrup\",\"url\":\"https:\\\/\\\/www.dr-entrup.de\\\/es\\\/\",\"logo\":{\"@type\":\"ImageObject\",\"inLanguage\":\"en-DE\",\"@id\":\"https:\\\/\\\/www.dr-entrup.de\\\/es\\\/#\\\/schema\\\/logo\\\/image\\\/\",\"url\":\"https:\\\/\\\/www.dr-entrup.de\\\/wp-content\\\/uploads\\\/2023\\\/11\\\/logo-plus-subtext.png\",\"contentUrl\":\"https:\\\/\\\/www.dr-entrup.de\\\/wp-content\\\/uploads\\\/2023\\\/11\\\/logo-plus-subtext.png\",\"width\":302,\"height\":326,\"caption\":\"BALANCE Fachpraxis f\u00fcr umfassende Kieferorthop\u00e4die Hannover Dr. Entrup\"},\"image\":{\"@id\":\"https:\\\/\\\/www.dr-entrup.de\\\/es\\\/#\\\/schema\\\/logo\\\/image\\\/\"}}]}<\/script>\n<!-- \/ Yoast SEO plugin. -->","yoast_head_json":{"title":"Trastornos hormonales - Ortodoncia integral Hannover","description":"Trastornos hormonales Hannover: La funci\u00f3n del sistema cr\u00e1neo-mandibular (SCM) influye en la regulaci\u00f3n hormonal - Fachpraxis f\u00fcr umfassende Kieferorthop\u00e4die Dres. W. & J. Entrup & Dr. T. Altvater","robots":{"index":"index","follow":"follow","max-snippet":"max-snippet:-1","max-image-preview":"max-image-preview:large","max-video-preview":"max-video-preview:-1"},"canonical":"https:\/\/www.dr-entrup.de\/es\/trastornos-hormonales\/","og_locale":"en_US","og_type":"article","og_title":"Trastornos hormonales - Ortodoncia integral Hannover","og_description":"Trastornos hormonales Hannover: La funci\u00f3n del sistema cr\u00e1neo-mandibular (SCM) influye en la regulaci\u00f3n hormonal - Fachpraxis f\u00fcr umfassende Kieferorthop\u00e4die Dres. W. & J. Entrup & Dr. T. Altvater","og_url":"https:\/\/www.dr-entrup.de\/es\/trastornos-hormonales\/","og_site_name":"BALANCE Fachpraxis f\u00fcr umfassende Kieferorthop\u00e4die Hannover Dr. Entrup","article_modified_time":"2024-09-06T12:40:04+00:00","twitter_card":"summary_large_image","schema":{"@context":"https:\/\/schema.org","@graph":[{"@type":"WebPage","@id":"https:\/\/www.dr-entrup.de\/es\/trastornos-hormonales\/","url":"https:\/\/www.dr-entrup.de\/es\/trastornos-hormonales\/","name":"Trastornos hormonales - Ortodoncia integral Hannover","isPartOf":{"@id":"https:\/\/www.dr-entrup.de\/es\/#website"},"datePublished":"2023-10-25T16:15:47+00:00","dateModified":"2024-09-06T12:40:04+00:00","description":"Trastornos hormonales Hannover: La funci\u00f3n del sistema cr\u00e1neo-mandibular (SCM) influye en la regulaci\u00f3n hormonal - Fachpraxis f\u00fcr umfassende Kieferorthop\u00e4die Dres. W. & J. Entrup & Dr. T. Altvater","breadcrumb":{"@id":"https:\/\/www.dr-entrup.de\/es\/trastornos-hormonales\/#breadcrumb"},"inLanguage":"en-DE","potentialAction":[{"@type":"ReadAction","target":["https:\/\/www.dr-entrup.de\/es\/trastornos-hormonales\/"]}]},{"@type":"BreadcrumbList","@id":"https:\/\/www.dr-entrup.de\/es\/trastornos-hormonales\/#breadcrumb","itemListElement":[{"@type":"ListItem","position":1,"name":"Home","item":"https:\/\/www.dr-entrup.de\/es\/"},{"@type":"ListItem","position":2,"name":"Trastornos hormonales"}]},{"@type":"WebSite","@id":"https:\/\/www.dr-entrup.de\/es\/#website","url":"https:\/\/www.dr-entrup.de\/es\/","name":"BALANCE Fachpraxis f\u00fcr umfassende Kieferorthop\u00e4die Hannover Dr. Entrup","description":"BALANCE Fachpraxis f\u00fcr umfassende Kieferorthop\u00e4die Hannover Dr. Entrup","publisher":{"@id":"https:\/\/www.dr-entrup.de\/es\/#organization"},"potentialAction":[{"@type":"SearchAction","target":{"@type":"EntryPoint","urlTemplate":"https:\/\/www.dr-entrup.de\/es\/?s={search_term_string}"},"query-input":{"@type":"PropertyValueSpecification","valueRequired":true,"valueName":"search_term_string"}}],"inLanguage":"en-DE"},{"@type":"Organization","@id":"https:\/\/www.dr-entrup.de\/es\/#organization","name":"BALANCE Fachpraxis f\u00fcr umfassende Kieferorthop\u00e4die Hannover Dr. Entrup","url":"https:\/\/www.dr-entrup.de\/es\/","logo":{"@type":"ImageObject","inLanguage":"en-DE","@id":"https:\/\/www.dr-entrup.de\/es\/#\/schema\/logo\/image\/","url":"https:\/\/www.dr-entrup.de\/wp-content\/uploads\/2023\/11\/logo-plus-subtext.png","contentUrl":"https:\/\/www.dr-entrup.de\/wp-content\/uploads\/2023\/11\/logo-plus-subtext.png","width":302,"height":326,"caption":"BALANCE Fachpraxis f\u00fcr umfassende Kieferorthop\u00e4die Hannover Dr. Entrup"},"image":{"@id":"https:\/\/www.dr-entrup.de\/es\/#\/schema\/logo\/image\/"}}]}},"_links":{"self":[{"href":"https:\/\/www.dr-entrup.de\/es\/wp-json\/wp\/v2\/pages\/6120","targetHints":{"allow":["GET"]}}],"collection":[{"href":"https:\/\/www.dr-entrup.de\/es\/wp-json\/wp\/v2\/pages"}],"about":[{"href":"https:\/\/www.dr-entrup.de\/es\/wp-json\/wp\/v2\/types\/page"}],"author":[{"embeddable":true,"href":"https:\/\/www.dr-entrup.de\/es\/wp-json\/wp\/v2\/users\/1"}],"replies":[{"embeddable":true,"href":"https:\/\/www.dr-entrup.de\/es\/wp-json\/wp\/v2\/comments?post=6120"}],"version-history":[{"count":2,"href":"https:\/\/www.dr-entrup.de\/es\/wp-json\/wp\/v2\/pages\/6120\/revisions"}],"predecessor-version":[{"id":6827,"href":"https:\/\/www.dr-entrup.de\/es\/wp-json\/wp\/v2\/pages\/6120\/revisions\/6827"}],"wp:attachment":[{"href":"https:\/\/www.dr-entrup.de\/es\/wp-json\/wp\/v2\/media?parent=6120"}],"curies":[{"name":"wp","href":"https:\/\/api.w.org\/{rel}","templated":true}]}}