{"id":6104,"date":"2023-10-25T18:14:21","date_gmt":"2023-10-25T16:14:21","guid":{"rendered":"https:\/\/debug.dr-entrup.de\/dcm-disfuncion-craneomandibular\/"},"modified":"2024-06-24T09:12:13","modified_gmt":"2024-06-24T07:12:13","slug":"dcm-disfuncion-craneomandibular","status":"publish","type":"page","link":"https:\/\/www.dr-entrup.de\/es\/dcm-disfuncion-craneomandibular\/","title":{"rendered":"DCM &#8211; Disfunci\u00f3n craneomandibular"},"content":{"rendered":"\n<section class = \"fdn-grid\">\n\t<div class = \"grid-container no-padding\">\n\t\t<div class = \"grid-x\">\n\t\t\t<div class=\"cell large-12 small-12 \">\n\t\t\t\t<div class =\"hero hero--background-gray text-center\">\n\t\t\t\t\t<img loading=\"lazy\" decoding=\"async\" width=\"1800\" height=\"800\" src=\"https:\/\/www.dr-entrup.de\/wp-content\/uploads\/2024\/05\/CMD-Craniomandibulare-Dysfunktion-Behandlung-in-Hannover-Kiefergelenksdiagnostik-und-therapie-.jpg\" class=\"image img-responsive-no-block\" alt=\"CMD (Craniomandibula\u0308re Dysfunktion) Behandlung in Hannover Kiefergelenksdiagnostik und -therapie\" srcset=\"https:\/\/www.dr-entrup.de\/wp-content\/uploads\/2024\/05\/CMD-Craniomandibulare-Dysfunktion-Behandlung-in-Hannover-Kiefergelenksdiagnostik-und-therapie-.jpg 1800w, https:\/\/www.dr-entrup.de\/wp-content\/uploads\/2024\/05\/CMD-Craniomandibulare-Dysfunktion-Behandlung-in-Hannover-Kiefergelenksdiagnostik-und-therapie--300x133.jpg 300w, https:\/\/www.dr-entrup.de\/wp-content\/uploads\/2024\/05\/CMD-Craniomandibulare-Dysfunktion-Behandlung-in-Hannover-Kiefergelenksdiagnostik-und-therapie--1024x455.jpg 1024w, https:\/\/www.dr-entrup.de\/wp-content\/uploads\/2024\/05\/CMD-Craniomandibulare-Dysfunktion-Behandlung-in-Hannover-Kiefergelenksdiagnostik-und-therapie--768x341.jpg 768w, https:\/\/www.dr-entrup.de\/wp-content\/uploads\/2024\/05\/CMD-Craniomandibulare-Dysfunktion-Behandlung-in-Hannover-Kiefergelenksdiagnostik-und-therapie--1536x683.jpg 1536w\" sizes=\"auto, (max-width: 1800px) 100vw, 1800px\" \/>\t\t\t\t<\/div>\n\t\t\t<\/div>\n\t\t<\/div>\n\t<\/div>\n<\/section>\n\n<section class = \"fdn-grid\">\n    <div class = \"p-top-mobile-50\"><\/div>\n    <div class = \"grid-container full-with-margin-10 no-padding\">\n        <div class = \"grid-x\">\n            <div class = \"cell small-12\">\n\n\n\n                <h1 class=\"heading heading--primary m-bottom-40\">Tratamiento de la DCM (disfunci\u00f3n craneomandibular) en Hannover<\/h1>\n                <h2 class=\"heading heading--secondary m-bottom-10\">Diagn\u00f3stico y terapia de la articulaci\u00f3n temporomandibular  <\/h2>\n                <span class=\"short-line-decoration short-line-decoration--mini-width color-bordeaux-bg\"><\/span>\n\n                <div class=\"m-top-40 paragraph\">\n\n                    <p>La articulaci\u00f3n temporomandibular es \u00fanica en el cuerpo por su estructura y funci\u00f3n. Esta singularidad reside en la enorme movilidad del maxilar inferior en varias direcciones. Dos articulaciones act\u00faan simult\u00e1neamente a cada lado de la mand\u00edbula, por lo que cuatro articulaciones parciales permiten una enorme movilidad. La articulaci\u00f3n temporomandibular est\u00e1 situada justo delante de la oreja y conecta los maxilares superior e inferior. Si colocas ambas manos en la zona situada delante de las orejas y mueves o abres la boca, puedes sentir los procesos en las articulaciones.<\/p>\n\n                <\/div>\n                                <a href='tel:+49511364990' class='button color-bordeaux-bg color-white button--medium' target='_self'> \u00bfTienes alguna pregunta? \u00a1Ll\u00e1manos! <\/a>                            <\/div>\n        <\/div>\n    <\/div>\n     <div class = \"p-top-mobile-50\"><\/div>\n<\/section>\n\n<section class = \"fdn-grid color-extra-pink-bg\">\n\n        <div class = \"p-top-mobile-50\"><\/div>\n    <div class = \"grid-container full-with-margin-10 no-padding\">\n\n        <div class = \"grid-x\">\n            <div class=\"cell large-6 small-12\">\n                <div class = \"m-right-25  m-bottom-25 m-left-mob-0 m-right-mob-0 m-left-tab-0 m-right-tab-0\">\n  \n  <h2 class='heading heading--medium  m-bottom-10 color-bordeaux'>CMD &#8211; Anatom\u00eda y disfunci\u00f3n<\/h2><span class='short-line-decoration  short-line-decoration--mini-width color-primary-bg'><\/span><div class = 'paragraph--medium paragraph--primary m-top-40'><p>A menudo se subestima la importancia de unas articulaciones temporomandibulares sanas y que funcionen bien, as\u00ed como su efecto positivo en el organismo. \u00bfD\u00f3nde se encuentra la articulaci\u00f3n temporomandibular, c\u00f3mo reconozco si funciona bien y qu\u00e9 tiene que ver con el resto de mi cuerpo? Es una pregunta leg\u00edtima, que estaremos encantados de responder.<\/p>\n<\/div>                                            <\/div>\n                <\/div>\n\n\n\n\n\n\n            <div class=\"cell large-6 small-12 \">\n                <div class = \"m-left-25 m-bottom-25 m-left-mob-0 m-right-mob-0 m-left-tab-0 m-right-tab-0\">\n\n                    <div class=\"videoWrapper\">\n                        <!-- Copy & Pasted from YouTube -->\n\t\t\t\t\t\t<p><img loading=\"lazy\" decoding=\"async\" class=\"alignnone wp-image-4695 size-full\" src=\"https:\/\/www.dr-entrup.de\/wp-content\/uploads\/2023\/12\/CMD-Anatomie-Dysfunktion-Kieferorthopadie-Hannover.jpg\" alt=\"CMD - Anatom\u00eda y Disfunci\u00f3n - Kieferorthop\u00e4die Hannover\" width=\"700\" height=\"486\" srcset=\"https:\/\/www.dr-entrup.de\/wp-content\/uploads\/2023\/12\/CMD-Anatomie-Dysfunktion-Kieferorthopadie-Hannover.jpg 700w, https:\/\/www.dr-entrup.de\/wp-content\/uploads\/2023\/12\/CMD-Anatomie-Dysfunktion-Kieferorthopadie-Hannover-300x208.jpg 300w\" sizes=\"auto, (max-width: 700px) 100vw, 700px\" \/><\/p>\n\n                    <\/div>\n\n                    <\/div>\n                <\/div>\n\n\n\n\n        <\/div>\n\n    <\/div>\n        <div class = \"p-top-mobile-50\"><\/div>\n<\/section>\n\n\n<section class = \"fdn-grid color-white-bg\">\n        <div class = \"p-top-mobile-50\"><\/div>\n\n    <div class = \"grid-container full-with-margin-10 no-padding\">\n\n        <div class = \"grid-x\">\n\n            <div class = \"cell small-12\">\n\n           \n  <h2 class='heading heading--medium  m-bottom-10 color-bordeaux'>Qu\u00e9 es la DMC &#8211; disfunci\u00f3n craneomandibular  <\/h2><span class='short-line-decoration  short-line-decoration--mini-width color-primary-bg'><\/span><div class = 'paragraph--medium paragraph--primary m-top-40'><p>En pocas palabras, la articulaci\u00f3n temporomandibular consta de dos estructuras \u00f3seas conectadas de forma m\u00f3vil, un disco articular cartilaginoso entre ellas (el disco) y estructuras circundantes de sujeci\u00f3n, movimiento y apoyo, como m\u00fasculos, ligamentos y la c\u00e1psula articular circundante.  <strong>La salud y, por tanto, el funcionamiento impecable de la articulaci\u00f3n s\u00f3lo est\u00e1n garantizados a largo plazo si estas estructuras se encuentran en un equilibrio equilibrado.<\/strong>  La estabilidad de este equilibrio puede verse gravemente alterada por una posici\u00f3n incorrecta de los dientes o la mand\u00edbula, o por una dentadura mal dimensionada o desgastada. Si este estado persiste durante mucho tiempo, la articulaci\u00f3n temporomandibular no puede compensar esta postura incorrecta durante mucho tiempo y puede producirse un desplazamiento parcial o completo del disco articular (disco).<\/p>\n<p>Inicialmente, este desplazamiento s\u00f3lo se produce cuando la boca est\u00e1 cerrada o entreabierta. Sin embargo, si luego abres la boca completamente, este disco vuelve a su sitio. Se trata de un proceso que t\u00fa, como paciente, percibir\u00e1s como un crujido m\u00e1s o menos fuerte.<\/p>\n<p><strong>Se trata, por supuesto, de una se\u00f1al de alarma grave, porque la disfunci\u00f3n craneomandibular = DCM puede tener consecuencias de gran alcance para <a href=\"https:\/\/www.dr-entrup.de\/rueckenschmerzen-behandlung-kfo-hannover\/\">las funciones de la columna vertebral<\/a>.<\/strong><\/p>\n<p>El agrietamiento puede cesar con el tiempo, pero esto no significa que la enfermedad haya mejorado. Si en este contexto se produce dolor y una reducci\u00f3n y\/o desviaci\u00f3n de la abertura bucal hacia un lado, existe una seria sospecha de un desplazamiento total persistente del disco articular, es decir, el disco se sit\u00faa delante de la articulaci\u00f3n de forma no funcional y disruptiva en lugar de proteger sus estructuras entre s\u00ed. Ahora las partes cartilaginosas de la articulaci\u00f3n rozan directamente entre s\u00ed y se desgastan, es decir, se vuelven m\u00e1s finas. Esto puede cambiar la posici\u00f3n de la mand\u00edbula. La posici\u00f3n del maxilar inferior se vuelve asim\u00e9trica y la mordida se deteriora.<\/p>\n<\/div>\t\t\t\t\n\t\t\t\t\n\t\t\t\t\n                            <\/div>\n        <\/div>\n    <\/div>\n        <div class = \"p-top-mobile-50\"><\/div>\n<\/section>\n<section class = \"fdn-grid color-extra-pink-bg\">\n\n        <div class = \"p-top-mobile-50\"><\/div>\n    <div class = \"grid-container full-with-margin-10 no-padding\">\n\n        <div class = \"grid-x\">\n            <div class=\"cell large-6 small-12\">\n                <div class = \"m-right-25  m-bottom-25 m-left-mob-0 m-right-mob-0 m-left-tab-0 m-right-tab-0\">\n  \n  <h2 class='heading heading--medium  m-bottom-10 color-bordeaux'>Conexiones f\u00edsicas generales<\/h2><span class='short-line-decoration  short-line-decoration--mini-width color-primary-bg'><\/span><div class = 'paragraph--medium paragraph--primary m-top-40'><p>La <a href=\"http:\/\/www.zahnarztportal.org\/zahnarzt\/funktionstherapie\/schienentherapie\/cmd,-craniomandibul%C3%A4re-dysfunktion\">disfunci\u00f3n craneomandibular (DCM)<\/a> siempre va asociada a un sobreesfuerzo de los m\u00fasculos de la cabeza, el cuello y la espalda y, por tanto, conduce a una mala postura (distorsi\u00f3n de la columna vertebral). Subjetivamente, el trastorno puede permanecer asintom\u00e1tico durante mucho tiempo, pero en muchos casos se traduce en dolor muscular en la zona de la cabeza, <a href=\"https:\/\/www.dr-entrup.de\/kopfschmerzen-migraene-behandeln-hannover\/\">cefaleas tensionales<\/a>, pero tambi\u00e9n dolor y signos de desgaste en partes distantes del cuerpo humano, como la columna vertebral, la pelvis y las articulaciones de la rodilla. Cabe se\u00f1alar que, en muchos casos, el mal funcionamiento de la articulaci\u00f3n temporomandibular que es la causa del dolor se manifiesta mucho m\u00e1s tarde o no se manifiesta en absoluto, pero las estructuras perif\u00e9ricas implicadas en la postura se ven afectadas por el trastorno de la articulaci\u00f3n temporomandibular.<\/p>\n<\/div>                                            <\/div>\n                <\/div>\n\n\n\n\n\n\n            <div class=\"cell large-6 small-12 \">\n                <div class = \"m-left-25 m-bottom-25 m-left-mob-0 m-right-mob-0 m-left-tab-0 m-right-tab-0\">\n\n                    <div class=\"videoWrapper\">\n                        <!-- Copy & Pasted from YouTube -->\n\t\t\t\t\t\t<p><iframe loading=\"lazy\" title=\"Articulaci\u00f3n temporomandibular y DMC\" src=\"https:\/\/www.youtube.com\/embed\/B9HDMLxNdKo\" width=\"560\" height=\"315\" frameborder=\"0\" allowfullscreen=\"allowfullscreen\"><\/iframe><\/p>\n\n                    <\/div>\n\n                    <\/div>\n                <\/div>\n\n\n\n\n        <\/div>\n\n    <\/div>\n        <div class = \"p-top-mobile-50\"><\/div>\n<\/section>\n\n\n<section class = \"fdn-grid color-white-bg\">\n        <div class = \"p-top-mobile-50\"><\/div>\n\n    <div class = \"grid-container full-with-margin-10 no-padding\">\n\n        <div class = \"grid-x\">\n\n            <div class = \"cell small-12\">\n\n           \n  <h2 class='heading heading--medium  m-bottom-10 color-bordeaux'>Tratamiento CMD Hannover<\/h2><span class='short-line-decoration  short-line-decoration--mini-width color-primary-bg'><\/span><div class = 'paragraph--medium paragraph--primary m-top-40'><p><strong>La recuperaci\u00f3n de las articulaciones temporomandibulares con o sin chasquido no es posible sin una reorientaci\u00f3n tridimensional del maxilar inferior.<\/strong>  Los m\u00e9todos de diagn\u00f3stico modernos nos permiten hacer un diagn\u00f3stico diferenciado y espec\u00edfico del paciente en la mayor\u00eda de los casos. Tambi\u00e9n tenemos acceso a la resonancia magn\u00e9tica, una t\u00e9cnica de imagen excelente para visualizar las articulaciones temporomandibulares sin exposici\u00f3n a rayos X. <strong>La terapia propiamente dicha se lleva a cabo con ayuda de una f\u00e9rula especial, la COPA (aparato ortop\u00e9dico de posicionamiento craneomandibular), que se adapta a tu problema mandibular y es un aparato casi invisible y extra\u00edble para el maxilar inferior al que pronto te acostumbrar\u00e1s.<\/strong> Adem\u00e1s, en casi todos los casos se requiere una mejora de la funci\u00f3n cr\u00e1neo-sacral, que apoyamos mediante el tratamiento, entre otras cosas. Tambi\u00e9n puede ser necesario un tratamiento osteop\u00e1tico manual.<\/p>\n<p>&nbsp;<\/p>\n<div style=\"width: 320px;\" class=\"wp-video\"><video class=\"wp-video-shortcode\" id=\"video-6104-1\" width=\"320\" height=\"240\" preload=\"metadata\" controls=\"controls\"><source type=\"video\/mp4\" src=\"https:\/\/www.dr-entrup.de\/wp-content\/uploads\/2023\/12\/CMD.mp4?_=1\" \/><a href=\"https:\/\/www.dr-entrup.de\/wp-content\/uploads\/2023\/12\/CMD.mp4\">https:\/\/www.dr-entrup.de\/wp-content\/uploads\/2023\/12\/CMD.mp4<\/a><\/video><\/div>\n<\/div>\t\t\t\t\n\t\t\t\t\n\t\t\t\t\n                            <\/div>\n        <\/div>\n    <\/div>\n        <div class = \"p-top-mobile-50\"><\/div>\n<\/section>","protected":false},"excerpt":{"rendered":"","protected":false},"author":1,"featured_media":0,"parent":0,"menu_order":0,"comment_status":"closed","ping_status":"closed","template":"","meta":{"footnotes":""},"class_list":["post-6104","page","type-page","status-publish"],"acf":[],"yoast_head":"<!-- This site is optimized with the Yoast SEO plugin v26.6 - https:\/\/yoast.com\/wordpress\/plugins\/seo\/ -->\n<title>Tratamiento CMD Hannover - Diagn\u00f3stico y terapia de la ATM<\/title>\n<meta name=\"description\" content=\"Tratamiento de la DCM (disfunci\u00f3n craneomandibular) en Hannover - Diagn\u00f3stico y terapia de la ATM en la consulta especializada en ortodoncia integral Dres. W. &amp; J. Entrup &amp; Dr. T. Altvater.\" \/>\n<meta name=\"robots\" content=\"index, follow, max-snippet:-1, max-image-preview:large, max-video-preview:-1\" \/>\n<link rel=\"canonical\" href=\"https:\/\/www.dr-entrup.de\/es\/dcm-disfuncion-craneomandibular\/\" \/>\n<meta property=\"og:locale\" content=\"en_US\" \/>\n<meta property=\"og:type\" content=\"article\" \/>\n<meta property=\"og:title\" content=\"Tratamiento CMD Hannover - Diagn\u00f3stico y terapia de la ATM\" \/>\n<meta property=\"og:description\" content=\"Tratamiento de la DCM (disfunci\u00f3n craneomandibular) en Hannover - Diagn\u00f3stico y terapia de la ATM en la consulta especializada en ortodoncia integral Dres. W. &amp; J. Entrup &amp; Dr. T. Altvater.\" \/>\n<meta property=\"og:url\" content=\"https:\/\/www.dr-entrup.de\/es\/dcm-disfuncion-craneomandibular\/\" \/>\n<meta property=\"og:site_name\" content=\"BALANCE Fachpraxis f\u00fcr umfassende Kieferorthop\u00e4die Hannover Dr. Entrup\" \/>\n<meta property=\"article:modified_time\" content=\"2024-06-24T07:12:13+00:00\" \/>\n<meta name=\"twitter:card\" content=\"summary_large_image\" \/>\n<script type=\"application\/ld+json\" class=\"yoast-schema-graph\">{\"@context\":\"https:\/\/schema.org\",\"@graph\":[{\"@type\":\"WebPage\",\"@id\":\"https:\/\/www.dr-entrup.de\/es\/dcm-disfuncion-craneomandibular\/\",\"url\":\"https:\/\/www.dr-entrup.de\/es\/dcm-disfuncion-craneomandibular\/\",\"name\":\"Tratamiento CMD Hannover - Diagn\u00f3stico y terapia de la ATM\",\"isPartOf\":{\"@id\":\"https:\/\/www.dr-entrup.de\/es\/#website\"},\"datePublished\":\"2023-10-25T16:14:21+00:00\",\"dateModified\":\"2024-06-24T07:12:13+00:00\",\"description\":\"Tratamiento de la DCM (disfunci\u00f3n craneomandibular) en Hannover - Diagn\u00f3stico y terapia de la ATM en la consulta especializada en ortodoncia integral Dres. W. & J. Entrup & Dr. T. Altvater.\",\"breadcrumb\":{\"@id\":\"https:\/\/www.dr-entrup.de\/es\/dcm-disfuncion-craneomandibular\/#breadcrumb\"},\"inLanguage\":\"en-DE\",\"potentialAction\":[{\"@type\":\"ReadAction\",\"target\":[\"https:\/\/www.dr-entrup.de\/es\/dcm-disfuncion-craneomandibular\/\"]}]},{\"@type\":\"BreadcrumbList\",\"@id\":\"https:\/\/www.dr-entrup.de\/es\/dcm-disfuncion-craneomandibular\/#breadcrumb\",\"itemListElement\":[{\"@type\":\"ListItem\",\"position\":1,\"name\":\"Home\",\"item\":\"https:\/\/www.dr-entrup.de\/es\/\"},{\"@type\":\"ListItem\",\"position\":2,\"name\":\"DCM &#8211; Disfunci\u00f3n craneomandibular\"}]},{\"@type\":\"WebSite\",\"@id\":\"https:\/\/www.dr-entrup.de\/es\/#website\",\"url\":\"https:\/\/www.dr-entrup.de\/es\/\",\"name\":\"BALANCE Fachpraxis f\u00fcr umfassende Kieferorthop\u00e4die Hannover Dr. Entrup\",\"description\":\"BALANCE Fachpraxis f\u00fcr umfassende Kieferorthop\u00e4die Hannover Dr. Entrup\",\"publisher\":{\"@id\":\"https:\/\/www.dr-entrup.de\/es\/#organization\"},\"potentialAction\":[{\"@type\":\"SearchAction\",\"target\":{\"@type\":\"EntryPoint\",\"urlTemplate\":\"https:\/\/www.dr-entrup.de\/es\/?s={search_term_string}\"},\"query-input\":{\"@type\":\"PropertyValueSpecification\",\"valueRequired\":true,\"valueName\":\"search_term_string\"}}],\"inLanguage\":\"en-DE\"},{\"@type\":\"Organization\",\"@id\":\"https:\/\/www.dr-entrup.de\/es\/#organization\",\"name\":\"BALANCE Fachpraxis f\u00fcr umfassende Kieferorthop\u00e4die Hannover Dr. Entrup\",\"url\":\"https:\/\/www.dr-entrup.de\/es\/\",\"logo\":{\"@type\":\"ImageObject\",\"inLanguage\":\"en-DE\",\"@id\":\"https:\/\/www.dr-entrup.de\/es\/#\/schema\/logo\/image\/\",\"url\":\"https:\/\/www.dr-entrup.de\/wp-content\/uploads\/2023\/11\/logo-plus-subtext.png\",\"contentUrl\":\"https:\/\/www.dr-entrup.de\/wp-content\/uploads\/2023\/11\/logo-plus-subtext.png\",\"width\":302,\"height\":326,\"caption\":\"BALANCE Fachpraxis f\u00fcr umfassende Kieferorthop\u00e4die Hannover Dr. Entrup\"},\"image\":{\"@id\":\"https:\/\/www.dr-entrup.de\/es\/#\/schema\/logo\/image\/\"}}]}<\/script>\n<!-- \/ Yoast SEO plugin. -->","yoast_head_json":{"title":"Tratamiento CMD Hannover - Diagn\u00f3stico y terapia de la ATM","description":"Tratamiento de la DCM (disfunci\u00f3n craneomandibular) en Hannover - Diagn\u00f3stico y terapia de la ATM en la consulta especializada en ortodoncia integral Dres. W. & J. Entrup & Dr. T. Altvater.","robots":{"index":"index","follow":"follow","max-snippet":"max-snippet:-1","max-image-preview":"max-image-preview:large","max-video-preview":"max-video-preview:-1"},"canonical":"https:\/\/www.dr-entrup.de\/es\/dcm-disfuncion-craneomandibular\/","og_locale":"en_US","og_type":"article","og_title":"Tratamiento CMD Hannover - Diagn\u00f3stico y terapia de la ATM","og_description":"Tratamiento de la DCM (disfunci\u00f3n craneomandibular) en Hannover - Diagn\u00f3stico y terapia de la ATM en la consulta especializada en ortodoncia integral Dres. W. & J. Entrup & Dr. T. Altvater.","og_url":"https:\/\/www.dr-entrup.de\/es\/dcm-disfuncion-craneomandibular\/","og_site_name":"BALANCE Fachpraxis f\u00fcr umfassende Kieferorthop\u00e4die Hannover Dr. Entrup","article_modified_time":"2024-06-24T07:12:13+00:00","twitter_card":"summary_large_image","schema":{"@context":"https:\/\/schema.org","@graph":[{"@type":"WebPage","@id":"https:\/\/www.dr-entrup.de\/es\/dcm-disfuncion-craneomandibular\/","url":"https:\/\/www.dr-entrup.de\/es\/dcm-disfuncion-craneomandibular\/","name":"Tratamiento CMD Hannover - Diagn\u00f3stico y terapia de la ATM","isPartOf":{"@id":"https:\/\/www.dr-entrup.de\/es\/#website"},"datePublished":"2023-10-25T16:14:21+00:00","dateModified":"2024-06-24T07:12:13+00:00","description":"Tratamiento de la DCM (disfunci\u00f3n craneomandibular) en Hannover - Diagn\u00f3stico y terapia de la ATM en la consulta especializada en ortodoncia integral Dres. W. & J. Entrup & Dr. T. Altvater.","breadcrumb":{"@id":"https:\/\/www.dr-entrup.de\/es\/dcm-disfuncion-craneomandibular\/#breadcrumb"},"inLanguage":"en-DE","potentialAction":[{"@type":"ReadAction","target":["https:\/\/www.dr-entrup.de\/es\/dcm-disfuncion-craneomandibular\/"]}]},{"@type":"BreadcrumbList","@id":"https:\/\/www.dr-entrup.de\/es\/dcm-disfuncion-craneomandibular\/#breadcrumb","itemListElement":[{"@type":"ListItem","position":1,"name":"Home","item":"https:\/\/www.dr-entrup.de\/es\/"},{"@type":"ListItem","position":2,"name":"DCM &#8211; Disfunci\u00f3n craneomandibular"}]},{"@type":"WebSite","@id":"https:\/\/www.dr-entrup.de\/es\/#website","url":"https:\/\/www.dr-entrup.de\/es\/","name":"BALANCE Fachpraxis f\u00fcr umfassende Kieferorthop\u00e4die Hannover Dr. Entrup","description":"BALANCE Fachpraxis f\u00fcr umfassende Kieferorthop\u00e4die Hannover Dr. Entrup","publisher":{"@id":"https:\/\/www.dr-entrup.de\/es\/#organization"},"potentialAction":[{"@type":"SearchAction","target":{"@type":"EntryPoint","urlTemplate":"https:\/\/www.dr-entrup.de\/es\/?s={search_term_string}"},"query-input":{"@type":"PropertyValueSpecification","valueRequired":true,"valueName":"search_term_string"}}],"inLanguage":"en-DE"},{"@type":"Organization","@id":"https:\/\/www.dr-entrup.de\/es\/#organization","name":"BALANCE Fachpraxis f\u00fcr umfassende Kieferorthop\u00e4die Hannover Dr. Entrup","url":"https:\/\/www.dr-entrup.de\/es\/","logo":{"@type":"ImageObject","inLanguage":"en-DE","@id":"https:\/\/www.dr-entrup.de\/es\/#\/schema\/logo\/image\/","url":"https:\/\/www.dr-entrup.de\/wp-content\/uploads\/2023\/11\/logo-plus-subtext.png","contentUrl":"https:\/\/www.dr-entrup.de\/wp-content\/uploads\/2023\/11\/logo-plus-subtext.png","width":302,"height":326,"caption":"BALANCE Fachpraxis f\u00fcr umfassende Kieferorthop\u00e4die Hannover Dr. Entrup"},"image":{"@id":"https:\/\/www.dr-entrup.de\/es\/#\/schema\/logo\/image\/"}}]}},"_links":{"self":[{"href":"https:\/\/www.dr-entrup.de\/es\/wp-json\/wp\/v2\/pages\/6104","targetHints":{"allow":["GET"]}}],"collection":[{"href":"https:\/\/www.dr-entrup.de\/es\/wp-json\/wp\/v2\/pages"}],"about":[{"href":"https:\/\/www.dr-entrup.de\/es\/wp-json\/wp\/v2\/types\/page"}],"author":[{"embeddable":true,"href":"https:\/\/www.dr-entrup.de\/es\/wp-json\/wp\/v2\/users\/1"}],"replies":[{"embeddable":true,"href":"https:\/\/www.dr-entrup.de\/es\/wp-json\/wp\/v2\/comments?post=6104"}],"version-history":[{"count":1,"href":"https:\/\/www.dr-entrup.de\/es\/wp-json\/wp\/v2\/pages\/6104\/revisions"}],"predecessor-version":[{"id":6106,"href":"https:\/\/www.dr-entrup.de\/es\/wp-json\/wp\/v2\/pages\/6104\/revisions\/6106"}],"wp:attachment":[{"href":"https:\/\/www.dr-entrup.de\/es\/wp-json\/wp\/v2\/media?parent=6104"}],"curies":[{"name":"wp","href":"https:\/\/api.w.org\/{rel}","templated":true}]}}