{"id":6100,"date":"2023-10-25T18:16:03","date_gmt":"2023-10-25T16:16:03","guid":{"rendered":"https:\/\/debug.dr-entrup.de\/estabilidad-a-largo-plazo\/"},"modified":"2024-06-24T09:12:14","modified_gmt":"2024-06-24T07:12:14","slug":"estabilidad-a-largo-plazo","status":"publish","type":"page","link":"https:\/\/www.dr-entrup.de\/es\/estabilidad-a-largo-plazo\/","title":{"rendered":"Estabilidad a largo plazo"},"content":{"rendered":"\n<section class = \"fdn-grid\">\n\t<div class = \"grid-container no-padding\">\n\t\t<div class = \"grid-x\">\n\t\t\t<div class=\"cell large-12 small-12 \">\n\t\t\t\t<div class =\"hero hero--background-gray text-center\">\n\t\t\t\t\t<img loading=\"lazy\" decoding=\"async\" width=\"1800\" height=\"803\" src=\"https:\/\/www.dr-entrup.de\/wp-content\/uploads\/2024\/05\/Langzeitstabilitat-\u2013-Erfolgreiche-Zahnkorrektur-dauerhaft-erhalten-Kieferorthopaedie-Hannover-1.png\" class=\"image img-responsive-no-block\" alt=\"\" srcset=\"https:\/\/www.dr-entrup.de\/wp-content\/uploads\/2024\/05\/Langzeitstabilitat-\u2013-Erfolgreiche-Zahnkorrektur-dauerhaft-erhalten-Kieferorthopaedie-Hannover-1.png 1800w, https:\/\/www.dr-entrup.de\/wp-content\/uploads\/2024\/05\/Langzeitstabilitat-\u2013-Erfolgreiche-Zahnkorrektur-dauerhaft-erhalten-Kieferorthopaedie-Hannover-1-300x134.png 300w, https:\/\/www.dr-entrup.de\/wp-content\/uploads\/2024\/05\/Langzeitstabilitat-\u2013-Erfolgreiche-Zahnkorrektur-dauerhaft-erhalten-Kieferorthopaedie-Hannover-1-1024x457.png 1024w, https:\/\/www.dr-entrup.de\/wp-content\/uploads\/2024\/05\/Langzeitstabilitat-\u2013-Erfolgreiche-Zahnkorrektur-dauerhaft-erhalten-Kieferorthopaedie-Hannover-1-768x343.png 768w, https:\/\/www.dr-entrup.de\/wp-content\/uploads\/2024\/05\/Langzeitstabilitat-\u2013-Erfolgreiche-Zahnkorrektur-dauerhaft-erhalten-Kieferorthopaedie-Hannover-1-1536x685.png 1536w\" sizes=\"auto, (max-width: 1800px) 100vw, 1800px\" \/>\t\t\t\t<\/div>\n\t\t\t<\/div>\n\t\t<\/div>\n\t<\/div>\n<\/section>\n\n<section class = \"fdn-grid\">\n    <div class = \"p-top-mobile-50\"><\/div>\n    <div class = \"grid-container full-with-margin-10 no-padding\">\n        <div class = \"grid-x\">\n            <div class = \"cell small-12\">\n\n\n\n                <h1 class=\"heading heading--primary m-bottom-40\">Estabilidad a largo plazo: mantener el \u00e9xito de la correcci\u00f3n dental a largo plazo<\/h1>\n                <h2 class=\"heading heading--secondary m-bottom-10\">Un resultado perfecto &#8211; para toda la vida &#8211; Consulta especializada en ortodoncia integral Hannover<\/h2>\n                <span class=\"short-line-decoration short-line-decoration--mini-width color-bordeaux-bg\"><\/span>\n\n                <div class=\"m-top-40 paragraph\">\n\n                    <p>Quiz\u00e1 lo conozcas por los anuncios, el bocado perfecto. Hermosos dientes blancos y rectos mordiendo una manzana crujiente. Tambi\u00e9n queremos optimizar la interacci\u00f3n de la mand\u00edbula con la columna vertebral. Una vez conseguido este objetivo, mantener la posici\u00f3n de los dientes es de vital importancia. Para ello, se suele colocar un retenedor fijo en el interior de los dientes, adem\u00e1s de otros aparatos.<br \/>\nEste alambre impide que los dientes, que se han colocado en su posici\u00f3n con tanto esfuerzo, vuelvan a su posici\u00f3n original. Por desgracia, un retenedor convencional puede provocar la llamada tensi\u00f3n de bloqueo.<\/p>\n\n                <\/div>\n                                <a href='tel:+49511364990' class='button color-bordeaux-bg color-white button--medium' target='_self'> Llama ahora y pide consejo <\/a>                            <\/div>\n        <\/div>\n    <\/div>\n     <div class = \"p-top-mobile-50\"><\/div>\n<\/section>\n\n<section class = \"fdn-grid color-extra-pink-bg\">\n\n        <div class = \"p-top-mobile-50\"><\/div>\n    <div class = \"grid-container full-with-margin-10 no-padding\">\n\n        <div class = \"grid-x\">\n            <div class=\"cell large-6 small-12\">\n                <div class = \"m-right-25  m-bottom-25 m-left-mob-0 m-right-mob-0 m-left-tab-0 m-right-tab-0\">\n  \n  <h2 class='heading heading--medium  m-bottom-10 color-bordeaux'>Posibles efectos secundarios de un retenedor convencional<\/h2><span class='short-line-decoration  short-line-decoration--mini-width color-primary-bg'><\/span><div class = 'paragraph--medium paragraph--primary m-top-40'><p>Por desgracia, este bloqueo de los dientes frontales tambi\u00e9n provoca un bloqueo de las suturas \u00f3seas (suturas craneales) o una disfunci\u00f3n de las articulaciones temporomandibulares y, por tanto, tiene un efecto desfavorable sobre la posici\u00f3n de las articulaciones cervicales superiores y las v\u00e9rtebras cervicales. El bienestar no siempre se ve afectado inmediatamente, ya que el cuerpo intenta primero compensar la disfunci\u00f3n. Parte de la estrategia propia de este organismo es el ajuste de la funci\u00f3n de las v\u00e9rtebras cervicales en el sentido de los llamados bloqueos, que en algunos casos tambi\u00e9n pueden provocar <a href=\"https:\/\/www.dr-entrup.de\/cmd-behandlung-hannover-kraniomandibulaere-dysfunktion\/\">problemas en la articulaci\u00f3n temporomandibular<\/a>, <a href=\"https:\/\/www.dr-entrup.de\/kopfschmerzen-migraene-behandeln-hannover\/\">dolores de cabeza<\/a>, dolor de cuello, <a href=\"https:\/\/www.dr-entrup.de\/rueckenschmerzen-behandlung-kfo-hannover\/\">dolor de espalda<\/a> y parestesias en las manos.<\/p>\n<\/div>                                            <\/div>\n                <\/div>\n\n\n\n\n\n\n            <div class=\"cell large-6 small-12 \">\n                <div class = \"m-left-25 m-bottom-25 m-left-mob-0 m-right-mob-0 m-left-tab-0 m-right-tab-0\">\n\n                    <div class=\"videoWrapper\">\n                        <!-- Copy & Pasted from YouTube -->\n\t\t\t\t\t\t<p><iframe loading=\"lazy\" title=\"Ret\u00e9n de equilibrado\" src=\"https:\/\/www.youtube.com\/embed\/ngJEmePWWU0\" width=\"1094\" height=\"615\" frameborder=\"0\" allowfullscreen=\"allowfullscreen\"><\/iframe><\/p>\n\n                    <\/div>\n\n                    <\/div>\n                <\/div>\n\n\n\n\n        <\/div>\n\n    <\/div>\n        <div class = \"p-top-mobile-50\"><\/div>\n<\/section>\n\n<section class = \"fdn-grid color-white-bg\">\n\n        <div class = \"p-top-mobile-50\"><\/div>\n    <div class = \"grid-container full-with-margin-10 no-padding\">\n\n        <div class = \"grid-x\">\n            <div class=\"cell large-6 small-12\">\n                <div class = \"m-right-25  m-bottom-25 m-left-mob-0 m-right-mob-0 m-left-tab-0 m-right-tab-0\">\n  \n  <h2 class='heading heading--medium  m-bottom-10 color-bordeaux'>El Retenedor de Equilibrio &#8211; Evitar los efectos secundarios mediante la innovaci\u00f3n<\/h2><span class='short-line-decoration  short-line-decoration--mini-width color-primary-bg'><\/span><div class = 'paragraph--medium paragraph--primary m-top-40'><p>cefaleas, dolor de cuello, dolor de espalda y parestesias en las manos.<br \/>\nPor eso hemos desarrollado en Hannover el <strong class=\"cms-bold\">retenedor de equilibrio<\/strong> patentado, que satisface las elevadas exigencias del <a href=\"https:\/\/www.dr-entrup.de\/es\/concepto-de-tratamiento\/\">concepto de tratamiento de equilibrio<\/a> y estabiliza los dientes para mantener el bello resultado est\u00e9tico sin causar ninguno de los efectos secundarios mencionados.<strong>  Esto significa que el retenedor debe mantener los dientes en su posici\u00f3n, pero no debe provocar el bloqueo de los contornos craneales ni alterar la funci\u00f3n de la articulaci\u00f3n temporomandibular.<\/strong><\/p>\n<p><strong>\u00a1Estaremos encantados de asesorarte personalmente!<\/strong><\/p>\n<\/div>                                            <\/div>\n                <\/div>\n\n\n\n\n\n\n            <div class=\"cell large-6 small-12 \">\n                <div class = \"m-left-25 m-bottom-25 m-left-mob-0 m-right-mob-0 m-left-tab-0 m-right-tab-0\">\n\n                    <div class=\"videoWrapper\">\n                        <!-- Copy & Pasted from YouTube -->\n\t\t\t\t\t\t<p><iframe loading=\"lazy\" title=\"El retenedor de equilibrio: una opci\u00f3n (bio)l\u00f3gica para la estabilizaci\u00f3n a largo plazo tras la ortodoncia\" src=\"https:\/\/www.youtube.com\/embed\/9qjBRbDsEhg\" width=\"1094\" height=\"615\" frameborder=\"0\" allowfullscreen=\"allowfullscreen\"><\/iframe><\/p>\n\n                    <\/div>\n\n                    <\/div>\n                <\/div>\n\n\n\n\n        <\/div>\n\n    <\/div>\n        <div class = \"p-top-mobile-50\"><\/div>\n<\/section>\n\n\n<section class = \"fdn-grid color-light-pink-bg\">\n        <div class = \"p-top-mobile-50\"><\/div>\n\n    <div class = \"grid-container full-with-margin-10 no-padding\">\n\n        <div class = \"grid-x\">\n\n            <div class = \"cell small-12\">\n\n           \n  <h2 class='heading heading--medium  m-bottom-10 color-bordeaux'>BALANCE-Retainer: Duradero &#8211; Saludable &#8211; Compatible &#8211; Est\u00e9tico<\/h2><span class='short-line-decoration  short-line-decoration--mini-width color-primary-bg'><\/span><div class = 'paragraph--medium paragraph--primary m-top-40'><p>Por eso hemos desarrollado el Balance-Retainer patentado, que satisface las elevadas exigencias del concepto de tratamiento Balance y estabiliza los dientes.<\/p>\n<figure id=\"attachment_3500\" aria-describedby=\"caption-attachment-3500\" style=\"width: 590px\" class=\"wp-caption aligncenter\"><img loading=\"lazy\" decoding=\"async\" class=\"wp-image-3500 size-full\" src=\"https:\/\/www.dr-entrup.de\/wp-content\/uploads\/2023\/12\/Patent-Urkunde-Balance-Retainer-Fachpraxis-fur-umfassende-Kieferorthopadie-Dres.-W.-J.-Entrup-Dr.-T.-Altvater-Hannover.png\" alt=\"\" width=\"600\" height=\"848\" srcset=\"https:\/\/www.dr-entrup.de\/wp-content\/uploads\/2023\/12\/Patent-Urkunde-Balance-Retainer-Fachpraxis-fur-umfassende-Kieferorthopadie-Dres.-W.-J.-Entrup-Dr.-T.-Altvater-Hannover.png 600w, https:\/\/www.dr-entrup.de\/wp-content\/uploads\/2023\/12\/Patent-Urkunde-Balance-Retainer-Fachpraxis-fur-umfassende-Kieferorthopadie-Dres.-W.-J.-Entrup-Dr.-T.-Altvater-Hannover-212x300.png 212w\" sizes=\"auto, (max-width: 600px) 100vw, 600px\" \/><figcaption id=\"caption-attachment-3500\" class=\"wp-caption-text\">Prueba de patente para el retenedor de saldo descrito anteriormente.<\/figcaption><\/figure>\n<\/div>\t\t\t\t\n\t\t\t\t\n\t\t\t\t\n                            <\/div>\n        <\/div>\n    <\/div>\n        <div class = \"p-top-mobile-50\"><\/div>\n<\/section>","protected":false},"excerpt":{"rendered":"","protected":false},"author":1,"featured_media":0,"parent":0,"menu_order":0,"comment_status":"closed","ping_status":"closed","template":"","meta":{"footnotes":""},"class_list":["post-6100","page","type-page","status-publish"],"acf":[],"yoast_head":"<!-- This site is optimized with the Yoast SEO plugin v27.5 - https:\/\/yoast.com\/product\/yoast-seo-wordpress\/ -->\n<title>Estabilidad a largo plazo con los retenedores BALANCE - Kieferorthop\u00e4die Hannover<\/title>\n<meta name=\"description\" content=\"Estabilidad a largo plazo con BALANCE-Retainer: la correcci\u00f3n dental exitosa se mantiene de forma permanente. Un resultado perfecto - para toda la vida - Consulta especializada en ortodoncia integral Hannover\" \/>\n<meta name=\"robots\" content=\"index, follow, max-snippet:-1, max-image-preview:large, max-video-preview:-1\" \/>\n<link rel=\"canonical\" href=\"https:\/\/www.dr-entrup.de\/es\/estabilidad-a-largo-plazo\/\" \/>\n<meta property=\"og:locale\" content=\"en_US\" \/>\n<meta property=\"og:type\" content=\"article\" \/>\n<meta property=\"og:title\" content=\"Estabilidad a largo plazo con los retenedores BALANCE - Kieferorthop\u00e4die Hannover\" \/>\n<meta property=\"og:description\" content=\"Estabilidad a largo plazo con BALANCE-Retainer: la correcci\u00f3n dental exitosa se mantiene de forma permanente. Un resultado perfecto - para toda la vida - Consulta especializada en ortodoncia integral Hannover\" \/>\n<meta property=\"og:url\" content=\"https:\/\/www.dr-entrup.de\/es\/estabilidad-a-largo-plazo\/\" \/>\n<meta property=\"og:site_name\" content=\"BALANCE Fachpraxis f\u00fcr umfassende Kieferorthop\u00e4die Hannover Dr. Entrup\" \/>\n<meta property=\"article:modified_time\" content=\"2024-06-24T07:12:14+00:00\" \/>\n<meta name=\"twitter:card\" content=\"summary_large_image\" \/>\n<script type=\"application\/ld+json\" class=\"yoast-schema-graph\">{\"@context\":\"https:\\\/\\\/schema.org\",\"@graph\":[{\"@type\":\"WebPage\",\"@id\":\"https:\\\/\\\/www.dr-entrup.de\\\/es\\\/estabilidad-a-largo-plazo\\\/\",\"url\":\"https:\\\/\\\/www.dr-entrup.de\\\/es\\\/estabilidad-a-largo-plazo\\\/\",\"name\":\"Estabilidad a largo plazo con los retenedores BALANCE - Kieferorthop\u00e4die Hannover\",\"isPartOf\":{\"@id\":\"https:\\\/\\\/www.dr-entrup.de\\\/es\\\/#website\"},\"datePublished\":\"2023-10-25T16:16:03+00:00\",\"dateModified\":\"2024-06-24T07:12:14+00:00\",\"description\":\"Estabilidad a largo plazo con BALANCE-Retainer: la correcci\u00f3n dental exitosa se mantiene de forma permanente. Un resultado perfecto - para toda la vida - Consulta especializada en ortodoncia integral Hannover\",\"breadcrumb\":{\"@id\":\"https:\\\/\\\/www.dr-entrup.de\\\/es\\\/estabilidad-a-largo-plazo\\\/#breadcrumb\"},\"inLanguage\":\"en-DE\",\"potentialAction\":[{\"@type\":\"ReadAction\",\"target\":[\"https:\\\/\\\/www.dr-entrup.de\\\/es\\\/estabilidad-a-largo-plazo\\\/\"]}]},{\"@type\":\"BreadcrumbList\",\"@id\":\"https:\\\/\\\/www.dr-entrup.de\\\/es\\\/estabilidad-a-largo-plazo\\\/#breadcrumb\",\"itemListElement\":[{\"@type\":\"ListItem\",\"position\":1,\"name\":\"Home\",\"item\":\"https:\\\/\\\/www.dr-entrup.de\\\/es\\\/\"},{\"@type\":\"ListItem\",\"position\":2,\"name\":\"Estabilidad a largo plazo\"}]},{\"@type\":\"WebSite\",\"@id\":\"https:\\\/\\\/www.dr-entrup.de\\\/es\\\/#website\",\"url\":\"https:\\\/\\\/www.dr-entrup.de\\\/es\\\/\",\"name\":\"BALANCE Fachpraxis f\u00fcr umfassende Kieferorthop\u00e4die Hannover Dr. Entrup\",\"description\":\"BALANCE Fachpraxis f\u00fcr umfassende Kieferorthop\u00e4die Hannover Dr. Entrup\",\"publisher\":{\"@id\":\"https:\\\/\\\/www.dr-entrup.de\\\/es\\\/#organization\"},\"potentialAction\":[{\"@type\":\"SearchAction\",\"target\":{\"@type\":\"EntryPoint\",\"urlTemplate\":\"https:\\\/\\\/www.dr-entrup.de\\\/es\\\/?s={search_term_string}\"},\"query-input\":{\"@type\":\"PropertyValueSpecification\",\"valueRequired\":true,\"valueName\":\"search_term_string\"}}],\"inLanguage\":\"en-DE\"},{\"@type\":\"Organization\",\"@id\":\"https:\\\/\\\/www.dr-entrup.de\\\/es\\\/#organization\",\"name\":\"BALANCE Fachpraxis f\u00fcr umfassende Kieferorthop\u00e4die Hannover Dr. Entrup\",\"url\":\"https:\\\/\\\/www.dr-entrup.de\\\/es\\\/\",\"logo\":{\"@type\":\"ImageObject\",\"inLanguage\":\"en-DE\",\"@id\":\"https:\\\/\\\/www.dr-entrup.de\\\/es\\\/#\\\/schema\\\/logo\\\/image\\\/\",\"url\":\"https:\\\/\\\/www.dr-entrup.de\\\/wp-content\\\/uploads\\\/2023\\\/11\\\/logo-plus-subtext.png\",\"contentUrl\":\"https:\\\/\\\/www.dr-entrup.de\\\/wp-content\\\/uploads\\\/2023\\\/11\\\/logo-plus-subtext.png\",\"width\":302,\"height\":326,\"caption\":\"BALANCE Fachpraxis f\u00fcr umfassende Kieferorthop\u00e4die Hannover Dr. Entrup\"},\"image\":{\"@id\":\"https:\\\/\\\/www.dr-entrup.de\\\/es\\\/#\\\/schema\\\/logo\\\/image\\\/\"}}]}<\/script>\n<!-- \/ Yoast SEO plugin. -->","yoast_head_json":{"title":"Estabilidad a largo plazo con los retenedores BALANCE - Kieferorthop\u00e4die Hannover","description":"Estabilidad a largo plazo con BALANCE-Retainer: la correcci\u00f3n dental exitosa se mantiene de forma permanente. Un resultado perfecto - para toda la vida - Consulta especializada en ortodoncia integral Hannover","robots":{"index":"index","follow":"follow","max-snippet":"max-snippet:-1","max-image-preview":"max-image-preview:large","max-video-preview":"max-video-preview:-1"},"canonical":"https:\/\/www.dr-entrup.de\/es\/estabilidad-a-largo-plazo\/","og_locale":"en_US","og_type":"article","og_title":"Estabilidad a largo plazo con los retenedores BALANCE - Kieferorthop\u00e4die Hannover","og_description":"Estabilidad a largo plazo con BALANCE-Retainer: la correcci\u00f3n dental exitosa se mantiene de forma permanente. Un resultado perfecto - para toda la vida - Consulta especializada en ortodoncia integral Hannover","og_url":"https:\/\/www.dr-entrup.de\/es\/estabilidad-a-largo-plazo\/","og_site_name":"BALANCE Fachpraxis f\u00fcr umfassende Kieferorthop\u00e4die Hannover Dr. Entrup","article_modified_time":"2024-06-24T07:12:14+00:00","twitter_card":"summary_large_image","schema":{"@context":"https:\/\/schema.org","@graph":[{"@type":"WebPage","@id":"https:\/\/www.dr-entrup.de\/es\/estabilidad-a-largo-plazo\/","url":"https:\/\/www.dr-entrup.de\/es\/estabilidad-a-largo-plazo\/","name":"Estabilidad a largo plazo con los retenedores BALANCE - Kieferorthop\u00e4die Hannover","isPartOf":{"@id":"https:\/\/www.dr-entrup.de\/es\/#website"},"datePublished":"2023-10-25T16:16:03+00:00","dateModified":"2024-06-24T07:12:14+00:00","description":"Estabilidad a largo plazo con BALANCE-Retainer: la correcci\u00f3n dental exitosa se mantiene de forma permanente. Un resultado perfecto - para toda la vida - Consulta especializada en ortodoncia integral Hannover","breadcrumb":{"@id":"https:\/\/www.dr-entrup.de\/es\/estabilidad-a-largo-plazo\/#breadcrumb"},"inLanguage":"en-DE","potentialAction":[{"@type":"ReadAction","target":["https:\/\/www.dr-entrup.de\/es\/estabilidad-a-largo-plazo\/"]}]},{"@type":"BreadcrumbList","@id":"https:\/\/www.dr-entrup.de\/es\/estabilidad-a-largo-plazo\/#breadcrumb","itemListElement":[{"@type":"ListItem","position":1,"name":"Home","item":"https:\/\/www.dr-entrup.de\/es\/"},{"@type":"ListItem","position":2,"name":"Estabilidad a largo plazo"}]},{"@type":"WebSite","@id":"https:\/\/www.dr-entrup.de\/es\/#website","url":"https:\/\/www.dr-entrup.de\/es\/","name":"BALANCE Fachpraxis f\u00fcr umfassende Kieferorthop\u00e4die Hannover Dr. Entrup","description":"BALANCE Fachpraxis f\u00fcr umfassende Kieferorthop\u00e4die Hannover Dr. Entrup","publisher":{"@id":"https:\/\/www.dr-entrup.de\/es\/#organization"},"potentialAction":[{"@type":"SearchAction","target":{"@type":"EntryPoint","urlTemplate":"https:\/\/www.dr-entrup.de\/es\/?s={search_term_string}"},"query-input":{"@type":"PropertyValueSpecification","valueRequired":true,"valueName":"search_term_string"}}],"inLanguage":"en-DE"},{"@type":"Organization","@id":"https:\/\/www.dr-entrup.de\/es\/#organization","name":"BALANCE Fachpraxis f\u00fcr umfassende Kieferorthop\u00e4die Hannover Dr. Entrup","url":"https:\/\/www.dr-entrup.de\/es\/","logo":{"@type":"ImageObject","inLanguage":"en-DE","@id":"https:\/\/www.dr-entrup.de\/es\/#\/schema\/logo\/image\/","url":"https:\/\/www.dr-entrup.de\/wp-content\/uploads\/2023\/11\/logo-plus-subtext.png","contentUrl":"https:\/\/www.dr-entrup.de\/wp-content\/uploads\/2023\/11\/logo-plus-subtext.png","width":302,"height":326,"caption":"BALANCE Fachpraxis f\u00fcr umfassende Kieferorthop\u00e4die Hannover Dr. Entrup"},"image":{"@id":"https:\/\/www.dr-entrup.de\/es\/#\/schema\/logo\/image\/"}}]}},"_links":{"self":[{"href":"https:\/\/www.dr-entrup.de\/es\/wp-json\/wp\/v2\/pages\/6100","targetHints":{"allow":["GET"]}}],"collection":[{"href":"https:\/\/www.dr-entrup.de\/es\/wp-json\/wp\/v2\/pages"}],"about":[{"href":"https:\/\/www.dr-entrup.de\/es\/wp-json\/wp\/v2\/types\/page"}],"author":[{"embeddable":true,"href":"https:\/\/www.dr-entrup.de\/es\/wp-json\/wp\/v2\/users\/1"}],"replies":[{"embeddable":true,"href":"https:\/\/www.dr-entrup.de\/es\/wp-json\/wp\/v2\/comments?post=6100"}],"version-history":[{"count":1,"href":"https:\/\/www.dr-entrup.de\/es\/wp-json\/wp\/v2\/pages\/6100\/revisions"}],"predecessor-version":[{"id":6105,"href":"https:\/\/www.dr-entrup.de\/es\/wp-json\/wp\/v2\/pages\/6100\/revisions\/6105"}],"wp:attachment":[{"href":"https:\/\/www.dr-entrup.de\/es\/wp-json\/wp\/v2\/media?parent=6100"}],"curies":[{"name":"wp","href":"https:\/\/api.w.org\/{rel}","templated":true}]}}