{"id":6091,"date":"2023-10-25T18:15:10","date_gmt":"2023-10-25T16:15:10","guid":{"rendered":"https:\/\/debug.dr-entrup.de\/hiperactividad-tdah-tdah\/"},"modified":"2024-08-28T17:16:31","modified_gmt":"2024-08-28T15:16:31","slug":"hiperactividad-tdah-tdah","status":"publish","type":"page","link":"https:\/\/www.dr-entrup.de\/es\/hiperactividad-tdah-tdah\/","title":{"rendered":"Hiperactividad (TDAH\/TDAH)"},"content":{"rendered":"\n<section class = \"fdn-grid\">\n\t<div class = \"grid-container no-padding\">\n\t\t<div class = \"grid-x\">\n\t\t\t<div class=\"cell large-12 small-12 \">\n\t\t\t\t<div class =\"hero hero--background-gray text-center\">\n\t\t\t\t\t<img loading=\"lazy\" decoding=\"async\" width=\"1800\" height=\"756\" src=\"https:\/\/www.dr-entrup.de\/wp-content\/uploads\/2024\/05\/Zusammenhange-zwischen-der-Einstellung-der-Kiefer-und-der-Zahne-und-Hyperaktivitat-ADHS-KFO-Hannover.png\" class=\"image img-responsive-no-block\" alt=\"\" srcset=\"https:\/\/www.dr-entrup.de\/wp-content\/uploads\/2024\/05\/Zusammenhange-zwischen-der-Einstellung-der-Kiefer-und-der-Zahne-und-Hyperaktivitat-ADHS-KFO-Hannover.png 1800w, https:\/\/www.dr-entrup.de\/wp-content\/uploads\/2024\/05\/Zusammenhange-zwischen-der-Einstellung-der-Kiefer-und-der-Zahne-und-Hyperaktivitat-ADHS-KFO-Hannover-300x126.png 300w, https:\/\/www.dr-entrup.de\/wp-content\/uploads\/2024\/05\/Zusammenhange-zwischen-der-Einstellung-der-Kiefer-und-der-Zahne-und-Hyperaktivitat-ADHS-KFO-Hannover-1024x430.png 1024w, https:\/\/www.dr-entrup.de\/wp-content\/uploads\/2024\/05\/Zusammenhange-zwischen-der-Einstellung-der-Kiefer-und-der-Zahne-und-Hyperaktivitat-ADHS-KFO-Hannover-768x323.png 768w, https:\/\/www.dr-entrup.de\/wp-content\/uploads\/2024\/05\/Zusammenhange-zwischen-der-Einstellung-der-Kiefer-und-der-Zahne-und-Hyperaktivitat-ADHS-KFO-Hannover-1536x645.png 1536w\" sizes=\"auto, (max-width: 1800px) 100vw, 1800px\" \/>\t\t\t\t<\/div>\n\t\t\t<\/div>\n\t\t<\/div>\n\t<\/div>\n<\/section>\n\n<section class = \"fdn-grid\">\n    <div class = \"p-top-mobile-50\"><\/div>\n    <div class = \"grid-container full-with-margin-10 no-padding\">\n        <div class = \"grid-x\">\n            <div class = \"cell small-12\">\n\n\n\n                <h1 class=\"heading heading--primary m-bottom-40\">Hiperactividad (TDAH \/ ADD) Hannover<\/h1>\n                <h2 class=\"heading heading--secondary m-bottom-10\">Relaci\u00f3n entre la alineaci\u00f3n de la mand\u00edbula y los dientes y la hiperactividad (TDAH)<\/h2>\n                <span class=\"short-line-decoration short-line-decoration--mini-width color-bordeaux-bg\"><\/span>\n\n                <div class=\"m-top-40 paragraph\">\n\n                    <p><strong>Somos especialistas en ortodoncia y hemos reconocido v\u00ednculos causales entre la alineaci\u00f3n de los maxilares y los dientes y la hiperactividad (TDAH).<\/strong>  Sin embargo, no somos especialistas en TDAH en el sentido cl\u00e1sico, pero lo cierto es que los problemas de concentraci\u00f3n, la agresividad, las dificultades de lectura, ortograf\u00eda y c\u00e1lculo forman parte de la vida escolar cotidiana. Muchos escolares est\u00e1n inquietos, ansiosos y sufren problemas de salud, como dolores de cabeza y alergias. Cada vez m\u00e1s ni\u00f1os presentan trastornos del aprendizaje y del comportamiento. Ya el 40% de los alumnos de primaria se ven afectados por estos problemas.<\/p>\n\n                <\/div>\n                                <a href='tel:+49511364990' class='button color-bordeaux-bg color-white button--medium' target='_self'> Llama ahora y pide consejo <\/a>                            <\/div>\n        <\/div>\n    <\/div>\n     <div class = \"p-top-mobile-50\"><\/div>\n<\/section>\n\n<section class = \"fdn-grid color-extra-pink-bg\">\n    <div class = \"p-top-mobile-50\"><\/div>\n\t<div class = \"grid-container full-with-margin-10 no-padding\">\n\n        <div class = \"grid-x\">\n\n            <div class=\"cell large-6 small-12\">\n                <div class = \"m-right-25 m-bottom-25 m-left-mob-0 m-right-mob-0 m-left-tab-0 m-right-tab-0\">\n                    <img class = \"image img-responsive-no-block\"\n                         src = \"https:\/\/www.dr-entrup.de\/wp-content\/uploads\/2023\/12\/Mund-Kiefer-Region-sind-von-einem-uberproportional-grosen-Anteil-des-Nervensystems-versorgt-ADHD-Behandlung-bei-KFO-Hannover.png\"\n                         alt=\"La boca y la regi\u00f3n mandibular est\u00e1n abastecidas por una parte desproporcionadamente grande del sistema nervioso - Tratamiento del TDAH en la KFO de Hannover\">\n                <\/div>\n\n\n                                   \n            <\/div>\n\n            <div class=\"cell large-6 small-12 \">\n                <div class = \"m-left-25 m-right-25 m-bottom-25 m-left-mob-0 m-right-mob-0 m-left-tab-0 m-right-tab-0\">\n                    <h2 class=\"heading heading--medium  m-bottom-10 color-bordeaux\">El concepto de tratamiento Equilibrio influye positivamente en el TDAH<\/h2>\n                    <span class=\"short-line-decoration  short-line-decoration--mini-width  color-primary-bg\"><\/span>\n                    <div class = \"paragraph paragraph--medium paragraph--primary m-top-40\">\n                        <p>Debido al trabajo constante con estos ni\u00f1os, todo ortodoncista est\u00e1 familiarizado con los efectos del problema. S\u00f3lo cuando cambiamos nuestros procedimientos ortod\u00f3ncicos para incluir los m\u00e9todos del <a href=\"https:\/\/www.dr-entrup.de\/es\/concepto-de-tratamiento\/\">concepto de tratamiento Equilibrio<\/a>, nos dimos cuenta de que pod\u00edamos influir positivamente en este problema, que supone una gran carga para toda la familia. \u00bfC\u00f3mo es posible? La verdad es que a\u00fan no lo sabemos con certeza. Pero existen algunas hip\u00f3tesis sobre las conexiones funcionales.<\/p>\n\n                        \n                                                  \n\n                    <\/div>\n                <\/div>\n            <\/div>\n\n\n        <\/div>\n\n    <\/div>\n        <div class = \"p-top-mobile-50\"><\/div>\n<\/section>\n\n\n<section class = \"fdn-grid color-white-bg\">\n        <div class = \"p-top-mobile-50\"><\/div>\n\n    <div class = \"grid-container full-with-margin-10 no-padding\">\n\n        <div class = \"grid-x\">\n\n            <div class = \"cell small-12\">\n\n           \n  <h2 class='heading heading--medium  m-bottom-10 color-bordeaux'>La boca y la regi\u00f3n mandibular est\u00e1n abastecidas por una parte desproporcionadamente grande del sistema nervioso  <\/h2><span class='short-line-decoration  short-line-decoration--mini-width color-primary-bg'><\/span><div class = 'paragraph--medium paragraph--primary m-top-40'><p>Todos los m\u00e9dicos y dentistas saben por las lecciones de anatom\u00eda que la boca y la regi\u00f3n mandibular est\u00e1n abastecidas por una parte desproporcionadamente grande del sistema nervioso, tanto motor como sensitivo y sensorial. En nuestra opini\u00f3n, este hecho, conocido desde hace tiempo, a\u00fan no ha recibido la atenci\u00f3n necesaria en medicina. Podemos suponer que el Creador debi\u00f3 de tener una raz\u00f3n muy, muy buena para dotarnos de una densidad nerviosa extremadamente alta, especialmente en la zona de la boca y la mand\u00edbula, \u00a1que no se encuentra en ninguna otra parte del cuerpo! Importancia dominante relativa de los CMS en el sistema nervioso en comparaci\u00f3n con otros \u00f3rganos, utilizando el ejemplo del diferente tama\u00f1o de su representaci\u00f3n neurol\u00f3gica en la corteza cerebral.  <img loading=\"lazy\" decoding=\"async\" class=\"aligncenter wp-image-3331\" src=\"https:\/\/www.dr-entrup.de\/wp-content\/uploads\/2023\/12\/Homunculus-nach-Penfield-und-Rasmussen-Motorik-und-Sensorik-Kieferothpopadie-Hannover-Dr.-Entrup-300x170.jpg\" alt=\"Hom\u00fanculo seg\u00fan Penfield y Rasmussen Funciones motoras y sensoriales - Kieferothpop\u00e4die Hannover Dr Entrup\" width=\"800\" height=\"454\" srcset=\"https:\/\/www.dr-entrup.de\/wp-content\/uploads\/2023\/12\/Homunculus-nach-Penfield-und-Rasmussen-Motorik-und-Sensorik-Kieferothpopadie-Hannover-Dr.-Entrup-300x170.jpg 300w, https:\/\/www.dr-entrup.de\/wp-content\/uploads\/2023\/12\/Homunculus-nach-Penfield-und-Rasmussen-Motorik-und-Sensorik-Kieferothpopadie-Hannover-Dr.-Entrup-1024x581.jpg 1024w, https:\/\/www.dr-entrup.de\/wp-content\/uploads\/2023\/12\/Homunculus-nach-Penfield-und-Rasmussen-Motorik-und-Sensorik-Kieferothpopadie-Hannover-Dr.-Entrup-768x436.jpg 768w, https:\/\/www.dr-entrup.de\/wp-content\/uploads\/2023\/12\/Homunculus-nach-Penfield-und-Rasmussen-Motorik-und-Sensorik-Kieferothpopadie-Hannover-Dr.-Entrup.jpg 1042w\" sizes=\"auto, (max-width: 800px) 100vw, 800px\" \/><\/p>\n<p><strong>Esto puede deberse a que optimizar la funci\u00f3n del sistema cr\u00e1neo-mandibular (SCM) seg\u00fan el concepto de tratamiento Equilibrio tiene efectos positivos sobre la funci\u00f3n de todo el sistema nervioso.<\/strong>  Este efecto positivo puede atribuirse claramente a la terapia debido al gran n\u00famero de casos. Sin embargo, a\u00fan desconocemos el proceso real de curaci\u00f3n, ya que la medicina a\u00fan se encuentra en las primeras fases de investigaci\u00f3n del sistema nervioso\u00bb El conocido investigador del cerebro Wolf Singer, del Instituto Max Planck de Frankfurt, dijo en una entrevista al FAZ: \u00abPara entender el rendimiento de una c\u00e9lula nerviosa, tendr\u00edas que imaginarte chips de ordenador con 50.000 entradas, todas ellas reguladas por separado para mantenerlas en el rango \u00f3ptimo de funcionamiento.\u00bb ? Los humanos tenemos 100.000 millones de estas \u00abbestias\u00bb altamente complejas, que est\u00e1n conectadas en red de forma muy inteligente, descentralizada y no lineal. Actualmente desconocemos la estructura de la red, el c\u00f3digo neuronal y las tareas del 70% de las c\u00e9lulas nerviosas.<\/p>\n<\/div>\t\t\t\t\n\t\t\t\t\n\t\t\t\t\n                            <\/div>\n        <\/div>\n    <\/div>\n        <div class = \"p-top-mobile-50\"><\/div>\n<\/section>\n<section class = \"fdn-grid color-extra-pink-bg\">\n\n        <div class = \"p-top-mobile-50\"><\/div>\n    <div class = \"grid-container full-with-margin-10 no-padding\">\n\n        <div class = \"grid-x\">\n            <div class=\"cell large-6 small-12\">\n                <div class = \"m-right-25  m-bottom-25 m-left-mob-0 m-right-mob-0 m-left-tab-0 m-right-tab-0\">\n  \n  <h2 class='heading heading--medium  m-bottom-10 color-bordeaux'>La eliminaci\u00f3n de errores en el CMS suele ser crucial para mitigar los s\u00edntomas del TDAH  <\/h2><span class='short-line-decoration  short-line-decoration--mini-width color-primary-bg'><\/span><div class = 'paragraph--medium paragraph--primary m-top-40'><p>Muchos padres tienen intuitivamente mucho miedo de exponer a sus hijos a una terapia prolongada con psicof\u00e1rmacos (por ejemplo, Ritalin), que interfieren en la funci\u00f3n de cada c\u00e9lula nerviosa, aunque sabemos relativamente poco sobre la funci\u00f3n real de la c\u00e9lula nerviosa. Este tratamiento con psicof\u00e1rmacos forma parte de la terapia est\u00e1ndar de la medicina convencional para el problema mencionado. Aunque comprendemos muy bien estos temores, nos gustar\u00eda abstenernos de criticar la necesidad de tales normativas. No podemos ni debemos hablar en nombre de la especialidad pertinente para esta enfermedad. Sin embargo, en muchos casos vemos que el problema est\u00e1 causado por muchos factores simult\u00e1nea y aditivamente, y la <strong>eliminaci\u00f3n de los errores en el CMS suele ser crucial para el alivio de los s\u00edntomas<\/strong>, pero tambi\u00e9n hay que tener en cuenta otras disfunciones m\u00e9dicas generales para tener verdadero \u00e9xito.<\/p>\n<\/div>                                            <\/div>\n                <\/div>\n\n\n\n\n\n\n            <div class=\"cell large-6 small-12 \">\n                <div class = \"m-left-25 m-bottom-25 m-left-mob-0 m-right-mob-0 m-left-tab-0 m-right-tab-0\">\n\n                    <div class=\"videoWrapper\">\n                        <!-- Copy & Pasted from YouTube -->\n\t\t\t\t\t\t<div style=\"width: 640px;\" class=\"wp-video\"><video class=\"wp-video-shortcode\" id=\"video-6091-1\" width=\"640\" height=\"640\" preload=\"metadata\" controls=\"controls\"><source type=\"video\/mp4\" src=\"https:\/\/www.dr-entrup.de\/wp-content\/uploads\/2023\/12\/ADHS.mp4?_=1\" \/><a href=\"https:\/\/www.dr-entrup.de\/wp-content\/uploads\/2023\/12\/ADHS.mp4\">https:\/\/www.dr-entrup.de\/wp-content\/uploads\/2023\/12\/ADHS.mp4<\/a><\/video><\/div>\n\n                    <\/div>\n\n                    <\/div>\n                <\/div>\n\n\n\n\n        <\/div>\n\n    <\/div>\n        <div class = \"p-top-mobile-50\"><\/div>\n<\/section>\n\n<section class = \"fdn-grid color-white-bg\">\n    <div class = \"p-top-mobile-50\"><\/div>\n\t<div class = \"grid-container full-with-margin-10 no-padding\">\n\n        <div class = \"grid-x\">\n\n            <div class=\"cell large-6 small-12\">\n                <div class = \"m-right-25 m-bottom-25 m-left-mob-0 m-right-mob-0 m-left-tab-0 m-right-tab-0\">\n                    <img class = \"image img-responsive-no-block\"\n                         src = \"https:\/\/www.dr-entrup.de\/wp-content\/uploads\/2023\/12\/ADHD-Behandlung-Multidisziplinare-Teamarbeit-ist-der-Schlussel-zum-Erfolg-Fachpraxis-fur-umfassende-Kieferorthopadie-Dres.-W.-J.-Entrup-Dr.-T.-Altvater.jpg\"\n                         alt=\"Tratamiento del TDAH: el trabajo en equipo multidisciplinar es la clave del \u00e9xito - Fachpraxis f\u00fcr umfassende Kieferorthop\u00e4die Dres. W. &amp; J. Entrup &amp; Dr. T. Altvater\">\n                <\/div>\n\n\n                                   \n            <\/div>\n\n            <div class=\"cell large-6 small-12 \">\n                <div class = \"m-left-25 m-right-25 m-bottom-25 m-left-mob-0 m-right-mob-0 m-left-tab-0 m-right-tab-0\">\n                    <h2 class=\"heading heading--medium  m-bottom-10 color-bordeaux\">El trabajo en equipo multidisciplinar es la clave del \u00e9xito<\/h2>\n                    <span class=\"short-line-decoration  short-line-decoration--mini-width  color-primary-bg\"><\/span>\n                    <div class = \"paragraph paragraph--medium paragraph--primary m-top-40\">\n                        <p>Esto significa que muchos especialistas tienen que trabajar juntos al mismo tiempo: por ejemplo, quiropr\u00e1cticos, <a href=\"https:\/\/www.dr-entrup.de\/es\/osteopatia\/\">oste\u00f3patas<\/a>, nutricionistas, terapeutas del aprendizaje, terapeutas ocupacionales, logopedas con formaci\u00f3n especializada, m\u00e9dicos natur\u00f3patas, etc. Este trabajo en equipo multidisciplinar es una de las claves del \u00e9xito. No se puede conseguir el \u00e9xito completo en todos los casos. Sin embargo, muchos padres est\u00e1n muy agradecidos si se puede reducir significativamente la dosis diaria de psicof\u00e1rmacos. Esto puede conseguirse mediante un tratamiento ortod\u00f3ncico integral.<\/p>\n\n                        \n                                                  \n\n                    <\/div>\n                <\/div>\n            <\/div>\n\n\n        <\/div>\n\n    <\/div>\n        <div class = \"p-top-mobile-50\"><\/div>\n<\/section>\n","protected":false},"excerpt":{"rendered":"","protected":false},"author":1,"featured_media":0,"parent":0,"menu_order":0,"comment_status":"closed","ping_status":"closed","template":"","meta":{"footnotes":""},"class_list":["post-6091","page","type-page","status-publish"],"acf":[],"yoast_head":"<!-- This site is optimized with the Yoast SEO plugin v27.5 - https:\/\/yoast.com\/product\/yoast-seo-wordpress\/ -->\n<title>Hiperactividad (TDAH \/ ADD) - Ortodoncia Hannover<\/title>\n<meta name=\"description\" content=\"Hiperactividad (TDAH \/ ADD) Hannover: La eliminaci\u00f3n de errores en el sistema craneomandibular CMS) suelen ser decisivos para aliviar los s\u00edntomas del TDAH. Ortodoncia Hannover\" \/>\n<meta name=\"robots\" content=\"index, follow, max-snippet:-1, max-image-preview:large, max-video-preview:-1\" \/>\n<link rel=\"canonical\" href=\"https:\/\/www.dr-entrup.de\/es\/hiperactividad-tdah-tdah\/\" \/>\n<meta property=\"og:locale\" content=\"en_US\" \/>\n<meta property=\"og:type\" content=\"article\" \/>\n<meta property=\"og:title\" content=\"Hiperactividad (TDAH \/ ADD) - Ortodoncia Hannover\" \/>\n<meta property=\"og:description\" content=\"Hiperactividad (TDAH \/ ADD) Hannover: La eliminaci\u00f3n de errores en el sistema craneomandibular CMS) suelen ser decisivos para aliviar los s\u00edntomas del TDAH. Ortodoncia Hannover\" \/>\n<meta property=\"og:url\" content=\"https:\/\/www.dr-entrup.de\/es\/hiperactividad-tdah-tdah\/\" \/>\n<meta property=\"og:site_name\" content=\"BALANCE Fachpraxis f\u00fcr umfassende Kieferorthop\u00e4die Hannover Dr. Entrup\" \/>\n<meta property=\"article:modified_time\" content=\"2024-08-28T15:16:31+00:00\" \/>\n<meta name=\"twitter:card\" content=\"summary_large_image\" \/>\n<script type=\"application\/ld+json\" class=\"yoast-schema-graph\">{\"@context\":\"https:\\\/\\\/schema.org\",\"@graph\":[{\"@type\":\"WebPage\",\"@id\":\"https:\\\/\\\/www.dr-entrup.de\\\/es\\\/hiperactividad-tdah-tdah\\\/\",\"url\":\"https:\\\/\\\/www.dr-entrup.de\\\/es\\\/hiperactividad-tdah-tdah\\\/\",\"name\":\"Hiperactividad (TDAH \\\/ ADD) - Ortodoncia Hannover\",\"isPartOf\":{\"@id\":\"https:\\\/\\\/www.dr-entrup.de\\\/es\\\/#website\"},\"datePublished\":\"2023-10-25T16:15:10+00:00\",\"dateModified\":\"2024-08-28T15:16:31+00:00\",\"description\":\"Hiperactividad (TDAH \\\/ ADD) Hannover: La eliminaci\u00f3n de errores en el sistema craneomandibular CMS) suelen ser decisivos para aliviar los s\u00edntomas del TDAH. Ortodoncia Hannover\",\"breadcrumb\":{\"@id\":\"https:\\\/\\\/www.dr-entrup.de\\\/es\\\/hiperactividad-tdah-tdah\\\/#breadcrumb\"},\"inLanguage\":\"en-DE\",\"potentialAction\":[{\"@type\":\"ReadAction\",\"target\":[\"https:\\\/\\\/www.dr-entrup.de\\\/es\\\/hiperactividad-tdah-tdah\\\/\"]}]},{\"@type\":\"BreadcrumbList\",\"@id\":\"https:\\\/\\\/www.dr-entrup.de\\\/es\\\/hiperactividad-tdah-tdah\\\/#breadcrumb\",\"itemListElement\":[{\"@type\":\"ListItem\",\"position\":1,\"name\":\"Home\",\"item\":\"https:\\\/\\\/www.dr-entrup.de\\\/es\\\/\"},{\"@type\":\"ListItem\",\"position\":2,\"name\":\"Hiperactividad (TDAH\\\/TDAH)\"}]},{\"@type\":\"WebSite\",\"@id\":\"https:\\\/\\\/www.dr-entrup.de\\\/es\\\/#website\",\"url\":\"https:\\\/\\\/www.dr-entrup.de\\\/es\\\/\",\"name\":\"BALANCE Fachpraxis f\u00fcr umfassende Kieferorthop\u00e4die Hannover Dr. Entrup\",\"description\":\"BALANCE Fachpraxis f\u00fcr umfassende Kieferorthop\u00e4die Hannover Dr. Entrup\",\"publisher\":{\"@id\":\"https:\\\/\\\/www.dr-entrup.de\\\/es\\\/#organization\"},\"potentialAction\":[{\"@type\":\"SearchAction\",\"target\":{\"@type\":\"EntryPoint\",\"urlTemplate\":\"https:\\\/\\\/www.dr-entrup.de\\\/es\\\/?s={search_term_string}\"},\"query-input\":{\"@type\":\"PropertyValueSpecification\",\"valueRequired\":true,\"valueName\":\"search_term_string\"}}],\"inLanguage\":\"en-DE\"},{\"@type\":\"Organization\",\"@id\":\"https:\\\/\\\/www.dr-entrup.de\\\/es\\\/#organization\",\"name\":\"BALANCE Fachpraxis f\u00fcr umfassende Kieferorthop\u00e4die Hannover Dr. Entrup\",\"url\":\"https:\\\/\\\/www.dr-entrup.de\\\/es\\\/\",\"logo\":{\"@type\":\"ImageObject\",\"inLanguage\":\"en-DE\",\"@id\":\"https:\\\/\\\/www.dr-entrup.de\\\/es\\\/#\\\/schema\\\/logo\\\/image\\\/\",\"url\":\"https:\\\/\\\/www.dr-entrup.de\\\/wp-content\\\/uploads\\\/2023\\\/11\\\/logo-plus-subtext.png\",\"contentUrl\":\"https:\\\/\\\/www.dr-entrup.de\\\/wp-content\\\/uploads\\\/2023\\\/11\\\/logo-plus-subtext.png\",\"width\":302,\"height\":326,\"caption\":\"BALANCE Fachpraxis f\u00fcr umfassende Kieferorthop\u00e4die Hannover Dr. Entrup\"},\"image\":{\"@id\":\"https:\\\/\\\/www.dr-entrup.de\\\/es\\\/#\\\/schema\\\/logo\\\/image\\\/\"}}]}<\/script>\n<!-- \/ Yoast SEO plugin. -->","yoast_head_json":{"title":"Hiperactividad (TDAH \/ ADD) - Ortodoncia Hannover","description":"Hiperactividad (TDAH \/ ADD) Hannover: La eliminaci\u00f3n de errores en el sistema craneomandibular CMS) suelen ser decisivos para aliviar los s\u00edntomas del TDAH. Ortodoncia Hannover","robots":{"index":"index","follow":"follow","max-snippet":"max-snippet:-1","max-image-preview":"max-image-preview:large","max-video-preview":"max-video-preview:-1"},"canonical":"https:\/\/www.dr-entrup.de\/es\/hiperactividad-tdah-tdah\/","og_locale":"en_US","og_type":"article","og_title":"Hiperactividad (TDAH \/ ADD) - Ortodoncia Hannover","og_description":"Hiperactividad (TDAH \/ ADD) Hannover: La eliminaci\u00f3n de errores en el sistema craneomandibular CMS) suelen ser decisivos para aliviar los s\u00edntomas del TDAH. Ortodoncia Hannover","og_url":"https:\/\/www.dr-entrup.de\/es\/hiperactividad-tdah-tdah\/","og_site_name":"BALANCE Fachpraxis f\u00fcr umfassende Kieferorthop\u00e4die Hannover Dr. Entrup","article_modified_time":"2024-08-28T15:16:31+00:00","twitter_card":"summary_large_image","schema":{"@context":"https:\/\/schema.org","@graph":[{"@type":"WebPage","@id":"https:\/\/www.dr-entrup.de\/es\/hiperactividad-tdah-tdah\/","url":"https:\/\/www.dr-entrup.de\/es\/hiperactividad-tdah-tdah\/","name":"Hiperactividad (TDAH \/ ADD) - Ortodoncia Hannover","isPartOf":{"@id":"https:\/\/www.dr-entrup.de\/es\/#website"},"datePublished":"2023-10-25T16:15:10+00:00","dateModified":"2024-08-28T15:16:31+00:00","description":"Hiperactividad (TDAH \/ ADD) Hannover: La eliminaci\u00f3n de errores en el sistema craneomandibular CMS) suelen ser decisivos para aliviar los s\u00edntomas del TDAH. Ortodoncia Hannover","breadcrumb":{"@id":"https:\/\/www.dr-entrup.de\/es\/hiperactividad-tdah-tdah\/#breadcrumb"},"inLanguage":"en-DE","potentialAction":[{"@type":"ReadAction","target":["https:\/\/www.dr-entrup.de\/es\/hiperactividad-tdah-tdah\/"]}]},{"@type":"BreadcrumbList","@id":"https:\/\/www.dr-entrup.de\/es\/hiperactividad-tdah-tdah\/#breadcrumb","itemListElement":[{"@type":"ListItem","position":1,"name":"Home","item":"https:\/\/www.dr-entrup.de\/es\/"},{"@type":"ListItem","position":2,"name":"Hiperactividad (TDAH\/TDAH)"}]},{"@type":"WebSite","@id":"https:\/\/www.dr-entrup.de\/es\/#website","url":"https:\/\/www.dr-entrup.de\/es\/","name":"BALANCE Fachpraxis f\u00fcr umfassende Kieferorthop\u00e4die Hannover Dr. Entrup","description":"BALANCE Fachpraxis f\u00fcr umfassende Kieferorthop\u00e4die Hannover Dr. Entrup","publisher":{"@id":"https:\/\/www.dr-entrup.de\/es\/#organization"},"potentialAction":[{"@type":"SearchAction","target":{"@type":"EntryPoint","urlTemplate":"https:\/\/www.dr-entrup.de\/es\/?s={search_term_string}"},"query-input":{"@type":"PropertyValueSpecification","valueRequired":true,"valueName":"search_term_string"}}],"inLanguage":"en-DE"},{"@type":"Organization","@id":"https:\/\/www.dr-entrup.de\/es\/#organization","name":"BALANCE Fachpraxis f\u00fcr umfassende Kieferorthop\u00e4die Hannover Dr. Entrup","url":"https:\/\/www.dr-entrup.de\/es\/","logo":{"@type":"ImageObject","inLanguage":"en-DE","@id":"https:\/\/www.dr-entrup.de\/es\/#\/schema\/logo\/image\/","url":"https:\/\/www.dr-entrup.de\/wp-content\/uploads\/2023\/11\/logo-plus-subtext.png","contentUrl":"https:\/\/www.dr-entrup.de\/wp-content\/uploads\/2023\/11\/logo-plus-subtext.png","width":302,"height":326,"caption":"BALANCE Fachpraxis f\u00fcr umfassende Kieferorthop\u00e4die Hannover Dr. Entrup"},"image":{"@id":"https:\/\/www.dr-entrup.de\/es\/#\/schema\/logo\/image\/"}}]}},"_links":{"self":[{"href":"https:\/\/www.dr-entrup.de\/es\/wp-json\/wp\/v2\/pages\/6091","targetHints":{"allow":["GET"]}}],"collection":[{"href":"https:\/\/www.dr-entrup.de\/es\/wp-json\/wp\/v2\/pages"}],"about":[{"href":"https:\/\/www.dr-entrup.de\/es\/wp-json\/wp\/v2\/types\/page"}],"author":[{"embeddable":true,"href":"https:\/\/www.dr-entrup.de\/es\/wp-json\/wp\/v2\/users\/1"}],"replies":[{"embeddable":true,"href":"https:\/\/www.dr-entrup.de\/es\/wp-json\/wp\/v2\/comments?post=6091"}],"version-history":[{"count":2,"href":"https:\/\/www.dr-entrup.de\/es\/wp-json\/wp\/v2\/pages\/6091\/revisions"}],"predecessor-version":[{"id":6613,"href":"https:\/\/www.dr-entrup.de\/es\/wp-json\/wp\/v2\/pages\/6091\/revisions\/6613"}],"wp:attachment":[{"href":"https:\/\/www.dr-entrup.de\/es\/wp-json\/wp\/v2\/media?parent=6091"}],"curies":[{"name":"wp","href":"https:\/\/api.w.org\/{rel}","templated":true}]}}