{"id":6077,"date":"2023-10-25T18:15:34","date_gmt":"2023-10-25T16:15:34","guid":{"rendered":"https:\/\/debug.dr-entrup.de\/osteopatia\/"},"modified":"2024-08-28T17:16:31","modified_gmt":"2024-08-28T15:16:31","slug":"osteopatia","status":"publish","type":"page","link":"https:\/\/www.dr-entrup.de\/es\/osteopatia\/","title":{"rendered":"Osteopat\u00eda"},"content":{"rendered":"\n<section class = \"fdn-grid\">\n\t<div class = \"grid-container no-padding\">\n\t\t<div class = \"grid-x\">\n\t\t\t<div class=\"cell large-12 small-12 \">\n\t\t\t\t<div class =\"hero hero--background-gray text-center\">\n\t\t\t\t\t\t\t\t\t<\/div>\n\t\t\t<\/div>\n\t\t<\/div>\n\t<\/div>\n<\/section>\n\n<section class = \"fdn-grid\">\n\t<div class = \"grid-container no-padding\">\n\t\t<div class = \"grid-x\">\n\t\t\t<div class=\"cell large-12 small-12 \">\n\t\t\t\t<div class =\"hero hero--background-gray text-center\">\n\t\t\t\t\t<img loading=\"lazy\" decoding=\"async\" width=\"1800\" height=\"742\" src=\"https:\/\/www.dr-entrup.de\/wp-content\/uploads\/2024\/05\/Osteopathie-in-unserer-Fachpraxis-fur-umfassende-Kieferorthopadie-Hannover.jpg\" class=\"image img-responsive-no-block\" alt=\"\" srcset=\"https:\/\/www.dr-entrup.de\/wp-content\/uploads\/2024\/05\/Osteopathie-in-unserer-Fachpraxis-fur-umfassende-Kieferorthopadie-Hannover.jpg 1800w, https:\/\/www.dr-entrup.de\/wp-content\/uploads\/2024\/05\/Osteopathie-in-unserer-Fachpraxis-fur-umfassende-Kieferorthopadie-Hannover-300x124.jpg 300w, https:\/\/www.dr-entrup.de\/wp-content\/uploads\/2024\/05\/Osteopathie-in-unserer-Fachpraxis-fur-umfassende-Kieferorthopadie-Hannover-1024x422.jpg 1024w, https:\/\/www.dr-entrup.de\/wp-content\/uploads\/2024\/05\/Osteopathie-in-unserer-Fachpraxis-fur-umfassende-Kieferorthopadie-Hannover-768x317.jpg 768w, https:\/\/www.dr-entrup.de\/wp-content\/uploads\/2024\/05\/Osteopathie-in-unserer-Fachpraxis-fur-umfassende-Kieferorthopadie-Hannover-1536x633.jpg 1536w\" sizes=\"auto, (max-width: 1800px) 100vw, 1800px\" \/>\t\t\t\t<\/div>\n\t\t\t<\/div>\n\t\t<\/div>\n\t<\/div>\n<\/section>\n\n<section class = \"fdn-grid\">\n    <div class = \"p-top-mobile-50\"><\/div>\n    <div class = \"grid-container full-with-margin-10 no-padding\">\n        <div class = \"grid-x\">\n            <div class = \"cell small-12\">\n\n\n\n                <h1 class=\"heading heading--primary m-bottom-40\">Osteopat\u00eda en nuestra consulta especializada para una ortodoncia integral<\/h1>\n                <h2 class=\"heading heading--secondary m-bottom-10\">El sistema masticatorio controla el sistema cr\u00e1neo-sacro (SCS)<\/h2>\n                <span class=\"short-line-decoration short-line-decoration--mini-width color-bordeaux-bg\"><\/span>\n\n                <div class=\"m-top-40 paragraph\">\n\n                    <p>Toda madre conoce la fontanela de su beb\u00e9, un punto blando de la cabeza. Tambi\u00e9n sabe que los huesos del cr\u00e1neo de los beb\u00e9s y los ni\u00f1os peque\u00f1os a\u00fan pueden moverse ligeramente unos contra otros. Lo que es menos conocido es que esta movilidad debe mantenerse en menor medida durante toda la vida para mantenerse sano. El anatomista estadounidense E. W. Retzlaff lo ha confirmado ahora cient\u00edficamente. Este movimiento necesario tiene lugar aproximadamente al ritmo de la respiraci\u00f3n y se extiende por todo el curso de las meninges duras, es decir, desde la cabeza hasta la rabadilla, y garantiza as\u00ed que el l\u00edquido cefalorraqu\u00eddeo (LCR) se nutra y se mantenga sano. Hay una expansi\u00f3n y contracci\u00f3n r\u00edtmicas de las meninges, los huesos craneales, la columna vertebral y el complejo sacro.  <strong>La intensa relaci\u00f3n entre el sistema masticatorio y los huesos craneales m\u00f3viles conduce a una dependencia directa del sistema cr\u00e1neo-sacro (SCS) de la funci\u00f3n del sistema masticatorio. Tambi\u00e9n podr\u00eda decirse que el sistema masticatorio controla el CSS.<\/strong><\/p>\n\n                <\/div>\n                                <a href='tel:+49511364990' class='button color-bordeaux-bg color-white button--medium' target='_self'> Llama ahora y pide consejo <\/a>                            <\/div>\n        <\/div>\n    <\/div>\n     <div class = \"p-top-mobile-50\"><\/div>\n<\/section>\n\n<section class = \"fdn-grid color-extra-pink-bg\">\n    <div class = \"p-top-mobile-50\"><\/div>\n\t<div class = \"grid-container full-with-margin-10 no-padding\">\n\n        <div class = \"grid-x\">\n\n            <div class=\"cell large-6 small-12\">\n                <div class = \"m-right-25 m-bottom-25 m-left-mob-0 m-right-mob-0 m-left-tab-0 m-right-tab-0\">\n                    <img class = \"image img-responsive-no-block\"\n                         src = \"https:\/\/www.dr-entrup.de\/wp-content\/uploads\/2023\/12\/Bei-Storungen-der-Kaumuskulatur-der-Unterkieferlage-und-der-Zahnstellungen-kommt-es-in-fast-allen-Fallen-zu-Storungen-des-CSS-KFO-Behandlung-in-Hannover.jpg\"\n                         alt=\"En casi todos los casos, los trastornos de los m\u00fasculos de la masticaci\u00f3n, la posici\u00f3n de la mand\u00edbula inferior y la posici\u00f3n de los dientes conducen a trastornos del CSS - tratamiento de ortodoncia en Hannover\">\n                <\/div>\n\n\n                                   \n            <\/div>\n\n            <div class=\"cell large-6 small-12 \">\n                <div class = \"m-left-25 m-right-25 m-bottom-25 m-left-mob-0 m-right-mob-0 m-left-tab-0 m-right-tab-0\">\n                    <h2 class=\"heading heading--medium  m-bottom-10 color-bordeaux\">Trastornos del sistema cr\u00e1neo-sacro (SCS)  <\/h2>\n                    <span class=\"short-line-decoration  short-line-decoration--mini-width  color-primary-bg\"><\/span>\n                    <div class = \"paragraph paragraph--medium paragraph--primary m-top-40\">\n                        <p><strong class=\"cms-bold\">En casi todos los casos, los trastornos de los m\u00fasculos de la masticaci\u00f3n, de la posici\u00f3n del maxilar inferior y de la posici\u00f3n de los dientes provocan trastornos del CSS.  <\/strong>  El m\u00e9todo de tratamiento de terapia manual hol\u00edstica de la osteopat\u00eda puede llevarse a cabo en tres sistemas del cuerpo seg\u00fan sea necesario: parietal (sistema musculoesquel\u00e9tico), visceral (\u00f3rganos internos) y craneosacral (sistema dural del complejo craneosacral). Estas tres \u00e1reas deben funcionar en armon\u00eda entre s\u00ed. No cabe duda de que el <a href=\"https:\/\/www.dr-entrup.de\/es\/dcm-disfuncion-craneomandibular\/\">sistema craneomandibular<\/a> desempe\u00f1a un papel dominante en el sistema craneosacro, lo que en \u00faltima instancia significa una expansi\u00f3n y contracci\u00f3n r\u00edtmicas del hueso craneal, las meninges, la columna vertebral y el sacro.<\/p>\n\n                        \n                                                  \n\n                    <\/div>\n                <\/div>\n            <\/div>\n\n\n        <\/div>\n\n    <\/div>\n        <div class = \"p-top-mobile-50\"><\/div>\n<\/section>\n\n<section class = \"fdn-grid color-white-bg\">\n\n        <div class = \"p-top-mobile-50\"><\/div>\n    <div class = \"grid-container full-with-margin-10 no-padding\">\n\n        <div class = \"grid-x\">\n            <div class=\"cell large-6 small-12\">\n                <div class = \"m-right-25  m-bottom-25 m-left-mob-0 m-right-mob-0 m-left-tab-0 m-right-tab-0\">\n  \n  <h2 class='heading heading--medium  m-bottom-10 color-bordeaux'>Ortodoncia y osteopat\u00eda para un efecto \u00f3ptimo a largo plazo<\/h2><span class='short-line-decoration  short-line-decoration--mini-width color-primary-bg'><\/span><div class = 'paragraph--medium paragraph--primary m-top-40'><p><strong>En algunos casos, es \u00fatil y en ciertos casos incluso necesario acompa\u00f1ar <a href=\"https:\/\/www.dr-entrup.de\/es\/asesoramiento\/\">el tratamiento ortod\u00f3ncico<\/a> con un tratamiento osteop\u00e1tico.<\/strong> Mediante un tratamiento osteop\u00e1tico hol\u00edstico o mediante la correcci\u00f3n osteop\u00e1tica selectiva de determinadas lesiones ascendentes, por ejemplo, a partir de los pies o de la zona visceral. <strong>El resultado es una mejora a largo plazo de las capacidades de autorregulaci\u00f3n del organismo.<\/strong><\/p>\n<\/div>                                            <\/div>\n                <\/div>\n\n\n\n\n\n\n            <div class=\"cell large-6 small-12 \">\n                <div class = \"m-left-25 m-bottom-25 m-left-mob-0 m-right-mob-0 m-left-tab-0 m-right-tab-0\">\n\n                    <div class=\"videoWrapper\">\n                        <!-- Copy & Pasted from YouTube -->\n\t\t\t\t\t\t<div style=\"width: 640px;\" class=\"wp-video\"><video class=\"wp-video-shortcode\" id=\"video-6077-1\" width=\"640\" height=\"480\" preload=\"metadata\" controls=\"controls\"><source type=\"video\/mp4\" src=\"https:\/\/www.dr-entrup.de\/wp-content\/uploads\/2023\/12\/Osteopathie.mp4?_=1\" \/><a href=\"https:\/\/www.dr-entrup.de\/wp-content\/uploads\/2023\/12\/Osteopathie.mp4\">https:\/\/www.dr-entrup.de\/wp-content\/uploads\/2023\/12\/Osteopathie.mp4<\/a><\/video><\/div>\n\n                    <\/div>\n\n                    <\/div>\n                <\/div>\n\n\n\n\n        <\/div>\n\n    <\/div>\n        <div class = \"p-top-mobile-50\"><\/div>\n<\/section>\n\n<section class = \"fdn-grid color-light-pink-bg\">\n\n        <div class = \"p-top-mobile-50\"><\/div>\n    <div class = \"grid-container full-with-margin-10 no-padding\">\n\n        <div class = \"grid-x\">\n\n            <div class=\"cell large-6 small-12 \">\n                <div class = \"m-right-25  m-bottom-25 m-left-mob-0 m-right-mob-0 m-left-tab-0 m-right-tab-0\">\n                    <h2 class=\"heading heading--medium  m-bottom-10 color-bordeaux\">S\u00edntomas de un trastorno del sistema cr\u00e1neo-sacro (SCS)  <\/h2>\n                    <span class=\"short-line-decoration  short-line-decoration--mini-width  color-primary-bg\"><\/span>\n                    <div class = \"paragraph--medium paragraph--primary m-top-40\">\n                        <p>Por tanto, en muchos casos tiene sentido combinar un tratamiento osteop\u00e1tico sincronizado con un tratamiento ortod\u00f3ncico integral para conseguir un efecto \u00f3ptimo a largo plazo. Los s\u00edntomas t\u00edpicos son  <\/p>\n<ul>\n<li>Dolor en el curso de la columna vertebral y el sacro<\/li>\n<li>Dolor hombro-brazo<\/li>\n<li>Dolor de cabeza<\/li>\n<li>Migra\u00f1a<\/li>\n<li>Mareos<\/li>\n<li>Trastornos hormonales<\/li>\n<li>Depresi\u00f3n<\/li>\n<li>Hemorragias nasales cr\u00f3nicas<\/li>\n<\/ul>\n\n\n                                                    \n\n                    <\/div>\n                <\/div>\n            <\/div>\n\n            <div class=\"cell large-6 small-12\">\n                <div class = \"m-left-25 m-bottom-25 m-left-mob-0 m-right-mob-0 m-left-tab-0 m-right-tab-0\">\n                   \t\t\t\t\t\n\t\t\t\t\t<img class = \"image img-responsive-no-block\"\n                         src = \"https:\/\/www.dr-entrup.de\/wp-content\/uploads\/2023\/12\/Symptome-einer-Storung-des-Kranio-Sakralen-Systems-CSS-Fachpraxis-fur-umfassende-Kieferorthopadie-Dres.-W.-J.-Entrup-Dr.-T.-Altvater.jpeg\"\n                         alt=\"S\u00edntomas de un trastorno del sistema cr\u00e1neo-sacro (SCS) - Fachpraxis f\u00fcr umfassende Kieferorthop\u00e4die Dres. W. &amp; J. Entrup &amp; Dr. T. Altvater\">\n\t\t\t\t\t\t \n\t\t\t\t\t\t\n                                   \n                <\/div>\n\n                \n            <\/div>\n\n        <\/div>\n\n    <\/div>\n        <div class = \"p-top-mobile-50\"><\/div>\n<\/section>\n","protected":false},"excerpt":{"rendered":"","protected":false},"author":1,"featured_media":0,"parent":0,"menu_order":0,"comment_status":"closed","ping_status":"closed","template":"","meta":{"footnotes":""},"class_list":["post-6077","page","type-page","status-publish"],"acf":[],"yoast_head":"<!-- This site is optimized with the Yoast SEO plugin v27.5 - https:\/\/yoast.com\/product\/yoast-seo-wordpress\/ -->\n<title>Osteopat\u00eda en nuestra consulta especializada para una ortodoncia integral<\/title>\n<meta name=\"description\" content=\"Osteopat\u00eda en nuestra consulta especializada en ortodoncia integral: En casi todos los casos, los trastornos de los m\u00fasculos de la masticaci\u00f3n, la posici\u00f3n del maxilar inferior y la posici\u00f3n de los dientes provocan trastornos del CSS.\" \/>\n<meta name=\"robots\" content=\"index, follow, max-snippet:-1, max-image-preview:large, max-video-preview:-1\" \/>\n<link rel=\"canonical\" href=\"https:\/\/www.dr-entrup.de\/es\/osteopatia\/\" \/>\n<meta property=\"og:locale\" content=\"en_US\" \/>\n<meta property=\"og:type\" content=\"article\" \/>\n<meta property=\"og:title\" content=\"Osteopat\u00eda en nuestra consulta especializada para una ortodoncia integral\" \/>\n<meta property=\"og:description\" content=\"Osteopat\u00eda en nuestra consulta especializada en ortodoncia integral: En casi todos los casos, los trastornos de los m\u00fasculos de la masticaci\u00f3n, la posici\u00f3n del maxilar inferior y la posici\u00f3n de los dientes provocan trastornos del CSS.\" \/>\n<meta property=\"og:url\" content=\"https:\/\/www.dr-entrup.de\/es\/osteopatia\/\" \/>\n<meta property=\"og:site_name\" content=\"BALANCE Fachpraxis f\u00fcr umfassende Kieferorthop\u00e4die Hannover Dr. Entrup\" \/>\n<meta property=\"article:modified_time\" content=\"2024-08-28T15:16:31+00:00\" \/>\n<meta name=\"twitter:card\" content=\"summary_large_image\" \/>\n<script type=\"application\/ld+json\" class=\"yoast-schema-graph\">{\"@context\":\"https:\\\/\\\/schema.org\",\"@graph\":[{\"@type\":\"WebPage\",\"@id\":\"https:\\\/\\\/www.dr-entrup.de\\\/es\\\/osteopatia\\\/\",\"url\":\"https:\\\/\\\/www.dr-entrup.de\\\/es\\\/osteopatia\\\/\",\"name\":\"Osteopat\u00eda en nuestra consulta especializada para una ortodoncia integral\",\"isPartOf\":{\"@id\":\"https:\\\/\\\/www.dr-entrup.de\\\/es\\\/#website\"},\"datePublished\":\"2023-10-25T16:15:34+00:00\",\"dateModified\":\"2024-08-28T15:16:31+00:00\",\"description\":\"Osteopat\u00eda en nuestra consulta especializada en ortodoncia integral: En casi todos los casos, los trastornos de los m\u00fasculos de la masticaci\u00f3n, la posici\u00f3n del maxilar inferior y la posici\u00f3n de los dientes provocan trastornos del CSS.\",\"breadcrumb\":{\"@id\":\"https:\\\/\\\/www.dr-entrup.de\\\/es\\\/osteopatia\\\/#breadcrumb\"},\"inLanguage\":\"en-DE\",\"potentialAction\":[{\"@type\":\"ReadAction\",\"target\":[\"https:\\\/\\\/www.dr-entrup.de\\\/es\\\/osteopatia\\\/\"]}]},{\"@type\":\"BreadcrumbList\",\"@id\":\"https:\\\/\\\/www.dr-entrup.de\\\/es\\\/osteopatia\\\/#breadcrumb\",\"itemListElement\":[{\"@type\":\"ListItem\",\"position\":1,\"name\":\"Home\",\"item\":\"https:\\\/\\\/www.dr-entrup.de\\\/es\\\/\"},{\"@type\":\"ListItem\",\"position\":2,\"name\":\"Osteopat\u00eda\"}]},{\"@type\":\"WebSite\",\"@id\":\"https:\\\/\\\/www.dr-entrup.de\\\/es\\\/#website\",\"url\":\"https:\\\/\\\/www.dr-entrup.de\\\/es\\\/\",\"name\":\"BALANCE Fachpraxis f\u00fcr umfassende Kieferorthop\u00e4die Hannover Dr. Entrup\",\"description\":\"BALANCE Fachpraxis f\u00fcr umfassende Kieferorthop\u00e4die Hannover Dr. Entrup\",\"publisher\":{\"@id\":\"https:\\\/\\\/www.dr-entrup.de\\\/es\\\/#organization\"},\"potentialAction\":[{\"@type\":\"SearchAction\",\"target\":{\"@type\":\"EntryPoint\",\"urlTemplate\":\"https:\\\/\\\/www.dr-entrup.de\\\/es\\\/?s={search_term_string}\"},\"query-input\":{\"@type\":\"PropertyValueSpecification\",\"valueRequired\":true,\"valueName\":\"search_term_string\"}}],\"inLanguage\":\"en-DE\"},{\"@type\":\"Organization\",\"@id\":\"https:\\\/\\\/www.dr-entrup.de\\\/es\\\/#organization\",\"name\":\"BALANCE Fachpraxis f\u00fcr umfassende Kieferorthop\u00e4die Hannover Dr. Entrup\",\"url\":\"https:\\\/\\\/www.dr-entrup.de\\\/es\\\/\",\"logo\":{\"@type\":\"ImageObject\",\"inLanguage\":\"en-DE\",\"@id\":\"https:\\\/\\\/www.dr-entrup.de\\\/es\\\/#\\\/schema\\\/logo\\\/image\\\/\",\"url\":\"https:\\\/\\\/www.dr-entrup.de\\\/wp-content\\\/uploads\\\/2023\\\/11\\\/logo-plus-subtext.png\",\"contentUrl\":\"https:\\\/\\\/www.dr-entrup.de\\\/wp-content\\\/uploads\\\/2023\\\/11\\\/logo-plus-subtext.png\",\"width\":302,\"height\":326,\"caption\":\"BALANCE Fachpraxis f\u00fcr umfassende Kieferorthop\u00e4die Hannover Dr. Entrup\"},\"image\":{\"@id\":\"https:\\\/\\\/www.dr-entrup.de\\\/es\\\/#\\\/schema\\\/logo\\\/image\\\/\"}}]}<\/script>\n<!-- \/ Yoast SEO plugin. -->","yoast_head_json":{"title":"Osteopat\u00eda en nuestra consulta especializada para una ortodoncia integral","description":"Osteopat\u00eda en nuestra consulta especializada en ortodoncia integral: En casi todos los casos, los trastornos de los m\u00fasculos de la masticaci\u00f3n, la posici\u00f3n del maxilar inferior y la posici\u00f3n de los dientes provocan trastornos del CSS.","robots":{"index":"index","follow":"follow","max-snippet":"max-snippet:-1","max-image-preview":"max-image-preview:large","max-video-preview":"max-video-preview:-1"},"canonical":"https:\/\/www.dr-entrup.de\/es\/osteopatia\/","og_locale":"en_US","og_type":"article","og_title":"Osteopat\u00eda en nuestra consulta especializada para una ortodoncia integral","og_description":"Osteopat\u00eda en nuestra consulta especializada en ortodoncia integral: En casi todos los casos, los trastornos de los m\u00fasculos de la masticaci\u00f3n, la posici\u00f3n del maxilar inferior y la posici\u00f3n de los dientes provocan trastornos del CSS.","og_url":"https:\/\/www.dr-entrup.de\/es\/osteopatia\/","og_site_name":"BALANCE Fachpraxis f\u00fcr umfassende Kieferorthop\u00e4die Hannover Dr. Entrup","article_modified_time":"2024-08-28T15:16:31+00:00","twitter_card":"summary_large_image","schema":{"@context":"https:\/\/schema.org","@graph":[{"@type":"WebPage","@id":"https:\/\/www.dr-entrup.de\/es\/osteopatia\/","url":"https:\/\/www.dr-entrup.de\/es\/osteopatia\/","name":"Osteopat\u00eda en nuestra consulta especializada para una ortodoncia integral","isPartOf":{"@id":"https:\/\/www.dr-entrup.de\/es\/#website"},"datePublished":"2023-10-25T16:15:34+00:00","dateModified":"2024-08-28T15:16:31+00:00","description":"Osteopat\u00eda en nuestra consulta especializada en ortodoncia integral: En casi todos los casos, los trastornos de los m\u00fasculos de la masticaci\u00f3n, la posici\u00f3n del maxilar inferior y la posici\u00f3n de los dientes provocan trastornos del CSS.","breadcrumb":{"@id":"https:\/\/www.dr-entrup.de\/es\/osteopatia\/#breadcrumb"},"inLanguage":"en-DE","potentialAction":[{"@type":"ReadAction","target":["https:\/\/www.dr-entrup.de\/es\/osteopatia\/"]}]},{"@type":"BreadcrumbList","@id":"https:\/\/www.dr-entrup.de\/es\/osteopatia\/#breadcrumb","itemListElement":[{"@type":"ListItem","position":1,"name":"Home","item":"https:\/\/www.dr-entrup.de\/es\/"},{"@type":"ListItem","position":2,"name":"Osteopat\u00eda"}]},{"@type":"WebSite","@id":"https:\/\/www.dr-entrup.de\/es\/#website","url":"https:\/\/www.dr-entrup.de\/es\/","name":"BALANCE Fachpraxis f\u00fcr umfassende Kieferorthop\u00e4die Hannover Dr. Entrup","description":"BALANCE Fachpraxis f\u00fcr umfassende Kieferorthop\u00e4die Hannover Dr. Entrup","publisher":{"@id":"https:\/\/www.dr-entrup.de\/es\/#organization"},"potentialAction":[{"@type":"SearchAction","target":{"@type":"EntryPoint","urlTemplate":"https:\/\/www.dr-entrup.de\/es\/?s={search_term_string}"},"query-input":{"@type":"PropertyValueSpecification","valueRequired":true,"valueName":"search_term_string"}}],"inLanguage":"en-DE"},{"@type":"Organization","@id":"https:\/\/www.dr-entrup.de\/es\/#organization","name":"BALANCE Fachpraxis f\u00fcr umfassende Kieferorthop\u00e4die Hannover Dr. Entrup","url":"https:\/\/www.dr-entrup.de\/es\/","logo":{"@type":"ImageObject","inLanguage":"en-DE","@id":"https:\/\/www.dr-entrup.de\/es\/#\/schema\/logo\/image\/","url":"https:\/\/www.dr-entrup.de\/wp-content\/uploads\/2023\/11\/logo-plus-subtext.png","contentUrl":"https:\/\/www.dr-entrup.de\/wp-content\/uploads\/2023\/11\/logo-plus-subtext.png","width":302,"height":326,"caption":"BALANCE Fachpraxis f\u00fcr umfassende Kieferorthop\u00e4die Hannover Dr. Entrup"},"image":{"@id":"https:\/\/www.dr-entrup.de\/es\/#\/schema\/logo\/image\/"}}]}},"_links":{"self":[{"href":"https:\/\/www.dr-entrup.de\/es\/wp-json\/wp\/v2\/pages\/6077","targetHints":{"allow":["GET"]}}],"collection":[{"href":"https:\/\/www.dr-entrup.de\/es\/wp-json\/wp\/v2\/pages"}],"about":[{"href":"https:\/\/www.dr-entrup.de\/es\/wp-json\/wp\/v2\/types\/page"}],"author":[{"embeddable":true,"href":"https:\/\/www.dr-entrup.de\/es\/wp-json\/wp\/v2\/users\/1"}],"replies":[{"embeddable":true,"href":"https:\/\/www.dr-entrup.de\/es\/wp-json\/wp\/v2\/comments?post=6077"}],"version-history":[{"count":2,"href":"https:\/\/www.dr-entrup.de\/es\/wp-json\/wp\/v2\/pages\/6077\/revisions"}],"predecessor-version":[{"id":6615,"href":"https:\/\/www.dr-entrup.de\/es\/wp-json\/wp\/v2\/pages\/6077\/revisions\/6615"}],"wp:attachment":[{"href":"https:\/\/www.dr-entrup.de\/es\/wp-json\/wp\/v2\/media?parent=6077"}],"curies":[{"name":"wp","href":"https:\/\/api.w.org\/{rel}","templated":true}]}}