{"id":6073,"date":"2023-12-13T18:42:02","date_gmt":"2023-12-13T17:42:02","guid":{"rendered":"https:\/\/debug.dr-entrup.de\/a-entrup\/"},"modified":"2024-06-25T10:03:22","modified_gmt":"2024-06-25T08:03:22","slug":"a-entrup","status":"publish","type":"page","link":"https:\/\/www.dr-entrup.de\/es\/a-entrup\/","title":{"rendered":"A. Entrup"},"content":{"rendered":"\n<section class = \"fdn-grid color-white-bg\">\n    <div class = \"p-top-mobile-50\"><\/div>\n\t<div class = \"grid-container full-with-margin-10 no-padding\">\n\n        <div class = \"grid-x\">\n\n            <div class=\"cell large-6 small-12\">\n                <div class = \"m-right-25 m-bottom-25 m-left-mob-0 m-right-mob-0 m-left-tab-0 m-right-tab-0\">\n                    <img class = \"image img-responsive-no-block\"\n                         src = \"https:\/\/www.dr-entrup.de\/wp-content\/uploads\/2024\/06\/Aniko-Judith-Entrup-Osteopathin-Heilpraktikerin-Dipl.-Physiotherapeutin.jpeg\"\n                         alt=\"Alt text...\">\n                <\/div>\n\n\n                                   \n            <\/div>\n\n            <div class=\"cell large-6 small-12 \">\n                <div class = \"m-left-25 m-right-25 m-bottom-25 m-left-mob-0 m-right-mob-0 m-left-tab-0 m-right-tab-0\">\n                    <h2 class=\"heading heading--medium  m-bottom-10 color-bordeaux\">Aniko Judith Entrup<\/h2>\n                    <span class=\"short-line-decoration  short-line-decoration--mini-width  color-primary-bg\"><\/span>\n                    <div class = \"paragraph paragraph--medium paragraph--primary m-top-40\">\n                        <h3>Oste\u00f3pata, m\u00e9dico alternativo, Dipl. Fisioterapeuta<\/h3>\n<p>&nbsp;<br \/>\n&nbsp;<br \/>\nGeorgstrasse 46<br \/>\nD 30159 Hannover<\/p>\n<p>Tel +49 (511) 364990<br \/>\nFax + 49 (0511) 3649911<br \/>\nCorreo electr\u00f3nico: <a href=\"mailto:aniko.entrup@t-online\">aniko.entrup@t-online.de<\/a><\/p>\n\n                        \n                                                  \n\n                    <\/div>\n                <\/div>\n            <\/div>\n\n\n        <\/div>\n\n    <\/div>\n        <div class = \"p-top-mobile-50\"><\/div>\n<\/section>\n\n<section class = \"fdn-grid color-extra-pink-bg\">\n\n        <div class = \"p-top-mobile-50\"><\/div>\n    <div class = \"grid-container full-with-margin-10 no-padding\">\n\n        <div class = \"grid-x\">\n\n            <div class=\"cell large-6 small-12 \">\n                <div class = \"m-right-25  m-bottom-25 m-left-mob-0 m-right-mob-0 m-left-tab-0 m-right-tab-0\">\n                    <h2 class=\"heading heading--medium  m-bottom-10 color-bordeaux\">Cualificaciones adicionales:<\/h2>\n                    <span class=\"short-line-decoration  short-line-decoration--mini-width  color-primary-bg\"><\/span>\n                    <div class = \"paragraph--medium paragraph--primary m-top-40\">\n                        <ul>\n<li>Kinesiolog\u00eda Aplicada &#8211; Certificado de Competencia Cl\u00ednica<\/li>\n<li>Terapia para trastornos del aprendizaje + d\u00e9ficits parciales de rendimiento &#8211; Diploma de Terapia Girasol<\/li>\n<li>Asesoramiento nutricional basado en los resultados de pruebas individuales con kinesiolog\u00eda aplicada<\/li>\n<li>NAET (T\u00e9cnica de Eliminaci\u00f3n de Alergias seg\u00fan el Dr. D. Nambudripad)<\/li>\n<\/ul>\n\n\n                                                    \n\n                    <\/div>\n                <\/div>\n            <\/div>\n\n            <div class=\"cell large-6 small-12\">\n                <div class = \"m-left-25 m-bottom-25 m-left-mob-0 m-right-mob-0 m-left-tab-0 m-right-tab-0\">\n                   \t\t\t\t\t\n\t\t\t\t\t<img class = \"image img-responsive-no-block\"\n                         src = \"https:\/\/www.dr-entrup.de\/wp-content\/uploads\/2023\/12\/Aniko-Judith-Entrup-Osteopathin-Heilpraktikerin-Dipl.-Physiotherapeutin-Kieferorthopaedie-Hannover.jpg\"\n                         alt=\"Aniko Judith Entrup - Oste\u00f3pata, m\u00e9dico alternativo, Dipl. Fisioterapeuta - Ortodoncia Hannover\">\n\t\t\t\t\t\t \n\t\t\t\t\t\t\n                                   \n                <\/div>\n\n                \n            <\/div>\n\n        <\/div>\n\n    <\/div>\n        <div class = \"p-top-mobile-50\"><\/div>\n<\/section>\n\n<section class = \"fdn-grid color-white-bg\">\n    <div class = \"p-top-mobile-50\"><\/div>\n\t<div class = \"grid-container full-with-margin-10 no-padding\">\n\n        <div class = \"grid-x\">\n\n            <div class=\"cell large-6 small-12\">\n                <div class = \"m-right-25 m-bottom-25 m-left-mob-0 m-right-mob-0 m-left-tab-0 m-right-tab-0\">\n                    <img class = \"image img-responsive-no-block\"\n                         src = \"https:\/\/www.dr-entrup.de\/wp-content\/uploads\/2023\/12\/Mitgliedschaften-Aniko-J.-Entrup-Osteopathin-Heilpraktikerin-Dipl.-Physiotherapeutin-bei-Kieferorthopaedie-Hannover.jpg\"\n                         alt=\"Alt text...\">\n                <\/div>\n\n\n                                   \n            <\/div>\n\n            <div class=\"cell large-6 small-12 \">\n                <div class = \"m-left-25 m-right-25 m-bottom-25 m-left-mob-0 m-right-mob-0 m-left-tab-0 m-right-tab-0\">\n                    <h2 class=\"heading heading--medium  m-bottom-10 color-bordeaux\">Afiliaciones:<\/h2>\n                    <span class=\"short-line-decoration  short-line-decoration--mini-width  color-primary-bg\"><\/span>\n                    <div class = \"paragraph paragraph--medium paragraph--primary m-top-40\">\n                        <ul>\n<li>Girasol Alemania e. V.<\/li>\n<li>NAET &#8211; Europa<\/li>\n<li><a class=\"ui-editor-link-external\" href=\"http:\/\/www.neurodontics.com\/\" target=\"_blank\" rel=\"noopener\">Junta Directiva Fundaci\u00f3n Neurodoncia<\/a><\/li>\n<\/ul>\n\n                        \n                                                  \n\n                    <\/div>\n                <\/div>\n            <\/div>\n\n\n        <\/div>\n\n    <\/div>\n        <div class = \"p-top-mobile-50\"><\/div>\n<\/section>\n","protected":false},"excerpt":{"rendered":"","protected":false},"author":1,"featured_media":0,"parent":0,"menu_order":0,"comment_status":"closed","ping_status":"closed","template":"","meta":{"footnotes":""},"class_list":["post-6073","page","type-page","status-publish"],"acf":[],"yoast_head":"<!-- This site is optimized with the Yoast SEO plugin v27.5 - https:\/\/yoast.com\/product\/yoast-seo-wordpress\/ -->\n<title>Aniko J. Entrup - Oste\u00f3pata, m\u00e9dico alternativo, Dipl. Fisioterapeuta<\/title>\n<meta name=\"description\" content=\"Aniko J. Entrup - Oste\u00f3pata, m\u00e9dico alternativo, Dipl. Fisioterapeuta en la consulta especializada en ortodoncia integral Dres. W. &amp; J. Entrup y el Dr. T. Altvater en Hannover.\" \/>\n<meta name=\"robots\" content=\"index, follow, max-snippet:-1, max-image-preview:large, max-video-preview:-1\" \/>\n<link rel=\"canonical\" href=\"https:\/\/www.dr-entrup.de\/es\/a-entrup\/\" \/>\n<meta property=\"og:locale\" content=\"en_US\" \/>\n<meta property=\"og:type\" content=\"article\" \/>\n<meta property=\"og:title\" content=\"Aniko J. Entrup - Oste\u00f3pata, m\u00e9dico alternativo, Dipl. Fisioterapeuta\" \/>\n<meta property=\"og:description\" content=\"Aniko J. Entrup - Oste\u00f3pata, m\u00e9dico alternativo, Dipl. Fisioterapeuta en la consulta especializada en ortodoncia integral Dres. W. &amp; J. Entrup y el Dr. T. Altvater en Hannover.\" \/>\n<meta property=\"og:url\" content=\"https:\/\/www.dr-entrup.de\/es\/a-entrup\/\" \/>\n<meta property=\"og:site_name\" content=\"BALANCE Fachpraxis f\u00fcr umfassende Kieferorthop\u00e4die Hannover Dr. Entrup\" \/>\n<meta property=\"article:modified_time\" content=\"2024-06-25T08:03:22+00:00\" \/>\n<meta name=\"twitter:card\" content=\"summary_large_image\" \/>\n<script type=\"application\/ld+json\" class=\"yoast-schema-graph\">{\"@context\":\"https:\\\/\\\/schema.org\",\"@graph\":[{\"@type\":\"WebPage\",\"@id\":\"https:\\\/\\\/www.dr-entrup.de\\\/es\\\/a-entrup\\\/\",\"url\":\"https:\\\/\\\/www.dr-entrup.de\\\/es\\\/a-entrup\\\/\",\"name\":\"Aniko J. Entrup - Oste\u00f3pata, m\u00e9dico alternativo, Dipl. Fisioterapeuta\",\"isPartOf\":{\"@id\":\"https:\\\/\\\/www.dr-entrup.de\\\/es\\\/#website\"},\"datePublished\":\"2023-12-13T17:42:02+00:00\",\"dateModified\":\"2024-06-25T08:03:22+00:00\",\"description\":\"Aniko J. Entrup - Oste\u00f3pata, m\u00e9dico alternativo, Dipl. Fisioterapeuta en la consulta especializada en ortodoncia integral Dres. W. & J. Entrup y el Dr. T. Altvater en Hannover.\",\"breadcrumb\":{\"@id\":\"https:\\\/\\\/www.dr-entrup.de\\\/es\\\/a-entrup\\\/#breadcrumb\"},\"inLanguage\":\"en-DE\",\"potentialAction\":[{\"@type\":\"ReadAction\",\"target\":[\"https:\\\/\\\/www.dr-entrup.de\\\/es\\\/a-entrup\\\/\"]}]},{\"@type\":\"BreadcrumbList\",\"@id\":\"https:\\\/\\\/www.dr-entrup.de\\\/es\\\/a-entrup\\\/#breadcrumb\",\"itemListElement\":[{\"@type\":\"ListItem\",\"position\":1,\"name\":\"Home\",\"item\":\"https:\\\/\\\/www.dr-entrup.de\\\/es\\\/\"},{\"@type\":\"ListItem\",\"position\":2,\"name\":\"A. Entrup\"}]},{\"@type\":\"WebSite\",\"@id\":\"https:\\\/\\\/www.dr-entrup.de\\\/es\\\/#website\",\"url\":\"https:\\\/\\\/www.dr-entrup.de\\\/es\\\/\",\"name\":\"BALANCE Fachpraxis f\u00fcr umfassende Kieferorthop\u00e4die Hannover Dr. Entrup\",\"description\":\"BALANCE Fachpraxis f\u00fcr umfassende Kieferorthop\u00e4die Hannover Dr. Entrup\",\"publisher\":{\"@id\":\"https:\\\/\\\/www.dr-entrup.de\\\/es\\\/#organization\"},\"potentialAction\":[{\"@type\":\"SearchAction\",\"target\":{\"@type\":\"EntryPoint\",\"urlTemplate\":\"https:\\\/\\\/www.dr-entrup.de\\\/es\\\/?s={search_term_string}\"},\"query-input\":{\"@type\":\"PropertyValueSpecification\",\"valueRequired\":true,\"valueName\":\"search_term_string\"}}],\"inLanguage\":\"en-DE\"},{\"@type\":\"Organization\",\"@id\":\"https:\\\/\\\/www.dr-entrup.de\\\/es\\\/#organization\",\"name\":\"BALANCE Fachpraxis f\u00fcr umfassende Kieferorthop\u00e4die Hannover Dr. Entrup\",\"url\":\"https:\\\/\\\/www.dr-entrup.de\\\/es\\\/\",\"logo\":{\"@type\":\"ImageObject\",\"inLanguage\":\"en-DE\",\"@id\":\"https:\\\/\\\/www.dr-entrup.de\\\/es\\\/#\\\/schema\\\/logo\\\/image\\\/\",\"url\":\"https:\\\/\\\/www.dr-entrup.de\\\/wp-content\\\/uploads\\\/2023\\\/11\\\/logo-plus-subtext.png\",\"contentUrl\":\"https:\\\/\\\/www.dr-entrup.de\\\/wp-content\\\/uploads\\\/2023\\\/11\\\/logo-plus-subtext.png\",\"width\":302,\"height\":326,\"caption\":\"BALANCE Fachpraxis f\u00fcr umfassende Kieferorthop\u00e4die Hannover Dr. Entrup\"},\"image\":{\"@id\":\"https:\\\/\\\/www.dr-entrup.de\\\/es\\\/#\\\/schema\\\/logo\\\/image\\\/\"}}]}<\/script>\n<!-- \/ Yoast SEO plugin. -->","yoast_head_json":{"title":"Aniko J. Entrup - Oste\u00f3pata, m\u00e9dico alternativo, Dipl. Fisioterapeuta","description":"Aniko J. Entrup - Oste\u00f3pata, m\u00e9dico alternativo, Dipl. Fisioterapeuta en la consulta especializada en ortodoncia integral Dres. W. & J. Entrup y el Dr. T. Altvater en Hannover.","robots":{"index":"index","follow":"follow","max-snippet":"max-snippet:-1","max-image-preview":"max-image-preview:large","max-video-preview":"max-video-preview:-1"},"canonical":"https:\/\/www.dr-entrup.de\/es\/a-entrup\/","og_locale":"en_US","og_type":"article","og_title":"Aniko J. Entrup - Oste\u00f3pata, m\u00e9dico alternativo, Dipl. Fisioterapeuta","og_description":"Aniko J. Entrup - Oste\u00f3pata, m\u00e9dico alternativo, Dipl. Fisioterapeuta en la consulta especializada en ortodoncia integral Dres. W. & J. Entrup y el Dr. T. Altvater en Hannover.","og_url":"https:\/\/www.dr-entrup.de\/es\/a-entrup\/","og_site_name":"BALANCE Fachpraxis f\u00fcr umfassende Kieferorthop\u00e4die Hannover Dr. Entrup","article_modified_time":"2024-06-25T08:03:22+00:00","twitter_card":"summary_large_image","schema":{"@context":"https:\/\/schema.org","@graph":[{"@type":"WebPage","@id":"https:\/\/www.dr-entrup.de\/es\/a-entrup\/","url":"https:\/\/www.dr-entrup.de\/es\/a-entrup\/","name":"Aniko J. Entrup - Oste\u00f3pata, m\u00e9dico alternativo, Dipl. Fisioterapeuta","isPartOf":{"@id":"https:\/\/www.dr-entrup.de\/es\/#website"},"datePublished":"2023-12-13T17:42:02+00:00","dateModified":"2024-06-25T08:03:22+00:00","description":"Aniko J. Entrup - Oste\u00f3pata, m\u00e9dico alternativo, Dipl. Fisioterapeuta en la consulta especializada en ortodoncia integral Dres. W. & J. Entrup y el Dr. T. Altvater en Hannover.","breadcrumb":{"@id":"https:\/\/www.dr-entrup.de\/es\/a-entrup\/#breadcrumb"},"inLanguage":"en-DE","potentialAction":[{"@type":"ReadAction","target":["https:\/\/www.dr-entrup.de\/es\/a-entrup\/"]}]},{"@type":"BreadcrumbList","@id":"https:\/\/www.dr-entrup.de\/es\/a-entrup\/#breadcrumb","itemListElement":[{"@type":"ListItem","position":1,"name":"Home","item":"https:\/\/www.dr-entrup.de\/es\/"},{"@type":"ListItem","position":2,"name":"A. Entrup"}]},{"@type":"WebSite","@id":"https:\/\/www.dr-entrup.de\/es\/#website","url":"https:\/\/www.dr-entrup.de\/es\/","name":"BALANCE Fachpraxis f\u00fcr umfassende Kieferorthop\u00e4die Hannover Dr. Entrup","description":"BALANCE Fachpraxis f\u00fcr umfassende Kieferorthop\u00e4die Hannover Dr. Entrup","publisher":{"@id":"https:\/\/www.dr-entrup.de\/es\/#organization"},"potentialAction":[{"@type":"SearchAction","target":{"@type":"EntryPoint","urlTemplate":"https:\/\/www.dr-entrup.de\/es\/?s={search_term_string}"},"query-input":{"@type":"PropertyValueSpecification","valueRequired":true,"valueName":"search_term_string"}}],"inLanguage":"en-DE"},{"@type":"Organization","@id":"https:\/\/www.dr-entrup.de\/es\/#organization","name":"BALANCE Fachpraxis f\u00fcr umfassende Kieferorthop\u00e4die Hannover Dr. Entrup","url":"https:\/\/www.dr-entrup.de\/es\/","logo":{"@type":"ImageObject","inLanguage":"en-DE","@id":"https:\/\/www.dr-entrup.de\/es\/#\/schema\/logo\/image\/","url":"https:\/\/www.dr-entrup.de\/wp-content\/uploads\/2023\/11\/logo-plus-subtext.png","contentUrl":"https:\/\/www.dr-entrup.de\/wp-content\/uploads\/2023\/11\/logo-plus-subtext.png","width":302,"height":326,"caption":"BALANCE Fachpraxis f\u00fcr umfassende Kieferorthop\u00e4die Hannover Dr. Entrup"},"image":{"@id":"https:\/\/www.dr-entrup.de\/es\/#\/schema\/logo\/image\/"}}]}},"_links":{"self":[{"href":"https:\/\/www.dr-entrup.de\/es\/wp-json\/wp\/v2\/pages\/6073","targetHints":{"allow":["GET"]}}],"collection":[{"href":"https:\/\/www.dr-entrup.de\/es\/wp-json\/wp\/v2\/pages"}],"about":[{"href":"https:\/\/www.dr-entrup.de\/es\/wp-json\/wp\/v2\/types\/page"}],"author":[{"embeddable":true,"href":"https:\/\/www.dr-entrup.de\/es\/wp-json\/wp\/v2\/users\/1"}],"replies":[{"embeddable":true,"href":"https:\/\/www.dr-entrup.de\/es\/wp-json\/wp\/v2\/comments?post=6073"}],"version-history":[{"count":2,"href":"https:\/\/www.dr-entrup.de\/es\/wp-json\/wp\/v2\/pages\/6073\/revisions"}],"predecessor-version":[{"id":6297,"href":"https:\/\/www.dr-entrup.de\/es\/wp-json\/wp\/v2\/pages\/6073\/revisions\/6297"}],"wp:attachment":[{"href":"https:\/\/www.dr-entrup.de\/es\/wp-json\/wp\/v2\/media?parent=6073"}],"curies":[{"name":"wp","href":"https:\/\/api.w.org\/{rel}","templated":true}]}}