{"id":6054,"date":"2023-10-25T18:20:25","date_gmt":"2023-10-25T16:20:25","guid":{"rendered":"https:\/\/debug.dr-entrup.de\/pie-de-imprenta\/"},"modified":"2026-05-03T21:20:24","modified_gmt":"2026-05-03T19:20:24","slug":"pie-de-imprenta","status":"publish","type":"page","link":"https:\/\/www.dr-entrup.de\/es\/pie-de-imprenta\/","title":{"rendered":"Pie de imprenta"},"content":{"rendered":"\n<section class = \"fdn-grid\">\n\t<div class = \"grid-container no-padding\">\n\t\t<div class = \"grid-x\">\n\t\t\t<div class=\"cell large-12 small-12 \">\n\t\t\t\t<div class =\"hero hero--background-gray text-center\">\n\t\t\t\t\t<img loading=\"lazy\" decoding=\"async\" width=\"1800\" height=\"917\" src=\"https:\/\/www.dr-entrup.de\/wp-content\/uploads\/2024\/06\/Impressum-Fachpraxis-fur-umfassende-Kieferorthopadie-Dr.-Entrup-in-Hannover.jpeg\" class=\"image img-responsive-no-block\" alt=\"Impressum Fachpraxis f\u00fcr umfassende Kieferorthop\u00e4die Dr. Entrup in Hannover\" srcset=\"https:\/\/www.dr-entrup.de\/wp-content\/uploads\/2024\/06\/Impressum-Fachpraxis-fur-umfassende-Kieferorthopadie-Dr.-Entrup-in-Hannover.jpeg 1800w, https:\/\/www.dr-entrup.de\/wp-content\/uploads\/2024\/06\/Impressum-Fachpraxis-fur-umfassende-Kieferorthopadie-Dr.-Entrup-in-Hannover-300x153.jpeg 300w, https:\/\/www.dr-entrup.de\/wp-content\/uploads\/2024\/06\/Impressum-Fachpraxis-fur-umfassende-Kieferorthopadie-Dr.-Entrup-in-Hannover-1024x522.jpeg 1024w, https:\/\/www.dr-entrup.de\/wp-content\/uploads\/2024\/06\/Impressum-Fachpraxis-fur-umfassende-Kieferorthopadie-Dr.-Entrup-in-Hannover-768x391.jpeg 768w, https:\/\/www.dr-entrup.de\/wp-content\/uploads\/2024\/06\/Impressum-Fachpraxis-fur-umfassende-Kieferorthopadie-Dr.-Entrup-in-Hannover-1536x783.jpeg 1536w\" sizes=\"auto, (max-width: 1800px) 100vw, 1800px\" \/>\t\t\t\t<\/div>\n\t\t\t<\/div>\n\t\t<\/div>\n\t<\/div>\n<\/section>\n\n\n\n<section class = \"fdn-grid\">\n    <div class = \"p-top-mobile-50\"><\/div>\n    <div class = \"grid-container full-with-margin-10 no-padding\">\n        <div class = \"grid-x\">\n            <div class = \"cell small-12\">\n\n\n\n                <h1 class=\"heading heading--primary m-bottom-40\">Pie de imprenta<\/h1>\n                <h2 class=\"heading heading--secondary m-bottom-10\">Consulta especializada en ortodoncia integral Dres. W. &amp; J. Entrup &amp; Dr. T. Altvater<\/h2>\n                <span class=\"short-line-decoration short-line-decoration--mini-width color-bordeaux-bg\"><\/span>\n\n                <div class=\"m-top-40 paragraph\">\n\n                    <p><strong class=\"cms-bold\">Informaci\u00f3n seg\u00fan \u00a7 5 TMG:<\/strong><\/p>\n<p>Dres. W. &amp; J. Entrup &amp; Dr. T. Altvater GbR<br \/>\nDentista especialista en ortodoncia<br \/>\nGeorgstrasse 46<br \/>\n30159 Hannover<\/p>\n<p><strong class=\"cms-bold\">Contacto:<br \/>\n<\/strong><\/p>\n<p>Tel: <a href=\"tel:+49511364990\">+49 (511) 364990<\/a><br \/>\nFax: +49 (511) 3649911<br \/>\nCorreo electr\u00f3nico: <a href=\"mailto:info@dr-entrup.de\">info@dr-entrup.de<\/a><br \/>\nInternet: <a class=\"ui-editor-link-external\" href=\"https:\/\/www.dr-entrup.de\/\">www.dr-entrup.de<\/a><\/p>\n<p><strong class=\"cms-bold\"><br \/>\nAutoridad supervisora competente:<\/strong><\/p>\n<p>Asociaci\u00f3n de Dentistas del Seguro de Enfermedad Obligatorio de Baja Sajonia,<br \/>\nZei\u00dfstra\u00dfe 11, 30519 Hannover<\/p>\n<p><strong class=\"cms-bold\">T\u00edtulo y licencia profesionales: <\/strong><\/p>\n<p>Dr med. dent. Wilhelm Entrup<br \/>\nEspecialista en ortodoncia<\/p>\n<p>Los t\u00edtulos profesionales se concedieron en la Rep\u00fablica Federal de Alemania<\/p>\n<p><strong class=\"cms-bold\">C\u00e1mara competente:<\/strong><\/p>\n<p>Asociaci\u00f3n Dental de Baja Sajonia,<br \/>\nZei\u00dfstra\u00dfe 11a, 30519 Hannover<br \/>\nInternet: <a href=\"http:\/\/www.zkn.de\/Teledienstgesetz\/index.html\" target=\"_blank\" rel=\"noopener\">www.zkn.de<\/a><\/p>\n<p><strong class=\"cms-bold\">Licencia para ejercer la medicina concedida por:<\/strong><\/p>\n<p>Universidad Libre de Berl\u00edn 1978, Doctorado: Universidad Libre de Berl\u00edn Departamento de Odontolog\u00eda, Medicina Oral y Maxilofacial magna cum laude 1981<\/p>\n<p><strong class=\"cms-bold\">Se aplican las siguientes normas profesionales: <\/strong><\/p>\n<ul>\n<li>C\u00f3digo de conducta profesional de la Asociaci\u00f3n Dental de Baja Sajonia<\/li>\n<li>Baremo de honorarios para dentistas &#8211; GOZ &#8211;<\/li>\n<li>Ley sobre el ejercicio de la odontolog\u00eda<\/li>\n<li>Ley de Teleservicios -TDG<\/li>\n<\/ul>\n<p><strong class=\"cms-bold\">Los reglamentos pueden consultarse en <\/strong><a title=\"Normativa profesional\" href=\"http:\/\/www.zkn.de\/Teledienstgesetz\/index.html\" target=\"_blank\" rel=\"noopener\">reglamento profesional<\/a><\/p>\n<p><strong class=\"cms-bold\">Responsable del contenido seg\u00fan \u00a7 55 Abs. 2 RSTV:<br \/>\n<\/strong><\/p>\n<p>Dr. Wilhelm Entrup (direcci\u00f3n arriba indicada)<\/p>\n<p>Fuente: <em><br \/>\n<a href=\"http:\/\/www.e-recht24.de\/impressum-generator.html\" rel=\"nofollow\">http:\/\/www.e-recht24.de<\/a><br \/>\n<\/em><\/p>\n<p><strong class=\"cms-bold\">Cr\u00e9ditos de las fotos<\/strong>:<br \/>\n<a href=\"https:\/\/stock.adobe.com\/\">Im\u00e1genes de archivo de Adobe<\/a><br \/>\n<a href=\"https:\/\/www.shutterstock.com\/\">Shutterstock<\/a><\/p>\n<p><b>Programaci\u00f3n y optimizaci\u00f3n de motores de b\u00fasqueda:<\/b><br \/>\nAgencia Top10<br \/>\n<a href=\"mailto:info@googeln.org\" target=\"_blank\" rel=\"noopener\"><br \/>\n<\/a><br \/>\nCorreo electr\u00f3nico: <a href=\"mailto:info@googeln.org\" target=\"_blank\" rel=\"noopener\">info@googeln.org<\/a>Web: <a href=\"http:\/\/www.zahnarztportal.org\/\" target=\"_blank\" rel=\"noopener\">www.googeln.org www.zahnarztportal.org<\/a><\/p>\n<p>&nbsp;<\/p>\n<h2>Exclusi\u00f3n de responsabilidad<\/h2>\n<p>Responsabilidad por el contenido<\/p>\n<p>Como proveedor de servicios, estamos obligados seg\u00fan \u00a7 7 p\u00e1rrafo 1 TMG es responsable de su propio contenido en estas p\u00e1ginas de acuerdo con las leyes generales. Sin embargo, seg\u00fan los \u00a7\u00a7 8 a 10 de la TMG, como proveedor de servicios no estamos obligados a controlar la informaci\u00f3n de terceros transmitida o almacenada, ni a investigar circunstancias que indiquen una actividad ilegal. Esto no afecta a las obligaciones de eliminar o bloquear el uso de informaci\u00f3n de acuerdo con la legislaci\u00f3n general. Sin embargo, la responsabilidad a este respecto s\u00f3lo es posible a partir del momento en que se tiene conocimiento de una infracci\u00f3n concreta. Tan pronto como tengamos conocimiento de tales infracciones, eliminaremos este contenido inmediatamente.<\/p>\n<p>Responsabilidad de los enlaces<\/p>\n<p>Nuestro sitio web contiene enlaces a sitios web externos de terceros sobre cuyo contenido no tenemos ninguna influencia. Por lo tanto, no podemos aceptar ninguna responsabilidad por este contenido de terceros. El respectivo proveedor u operador de las p\u00e1ginas es siempre responsable del contenido de las p\u00e1ginas enlazadas. Las p\u00e1ginas enlazadas se comprobaron para detectar posibles infracciones legales en el momento de enlazarlas. Los contenidos ilegales no eran reconocibles en el momento del enlace. Sin embargo, la vigilancia permanente del contenido de las p\u00e1ginas enlazadas no es razonable sin pruebas concretas de una infracci\u00f3n. Si tenemos conocimiento de alguna infracci\u00f3n legal, eliminaremos dichos enlaces inmediatamente.<\/p>\n<p>Derechos de autor<\/p>\n<p>El contenido y las obras creadas por los operadores del sitio en estas p\u00e1ginas est\u00e1n sujetos a la legislaci\u00f3n alemana sobre derechos de autor. La reproducci\u00f3n, edici\u00f3n, distribuci\u00f3n y cualquier tipo de utilizaci\u00f3n fuera de los l\u00edmites de la ley de derechos de autor requieren el consentimiento por escrito del autor o creador respectivo. Las descargas y copias de este sitio s\u00f3lo est\u00e1n permitidas para uso privado y no comercial. En la medida en que el contenido de este sitio no haya sido creado por el operador, se respetan los derechos de autor de terceros. En particular, los contenidos de terceros se etiquetan como tales. Si, a pesar de todo, tuvieras conocimiento de una infracci\u00f3n de los derechos de autor, te rogamos que nos lo comuniques. Si tenemos conocimiento de alguna infracci\u00f3n legal, eliminaremos dicho contenido inmediatamente.<\/p>\n<p>&nbsp;<\/p>\n<p><a href=\"https:\/\/www.dr-entrup.de\/kieferorthopaede-fuer-hildesheim\/\">Hildesheim<\/a>, <a href=\"https:\/\/www.dr-entrup.de\/kieferorthopaedie-peine\/\">Peine<\/a><\/p>\n<p><a href=\"https:\/\/www.dr-entrup.de\/es\/ortodoncista-para-hannover-mitte-podbi-y-suedstadt\/\">Ortodoncista Hannover, Centro, Podbi, S\u00fcdstadt<\/a><\/p>\n<p><a href=\"https:\/\/www.dr-entrup.de\/es\/ortodoncista-braunschweig-y-wolfsburgo\/\">El ortodoncista para Braunschweig y Wolfsburgo<\/a><\/p>\n<p><a href=\"https:\/\/www.dr-entrup.de\/es\/ortodoncista-neustadt-y-wunstorf\/\">Tu ortodoncista para Neustadt y Wunstorf<\/a><\/p>\n<p>&nbsp;<\/p>\n<ul>\n<li><a href=\"https:\/\/www.dr-entrup.de\/es\/ortodoncista-hamelin\/\">Ortodoncista Hamelin<\/a><\/li>\n<li><a href=\"https:\/\/www.dr-entrup.de\/es\/ortodoncista-springe\/\">Ortodoncista Springe<\/a><\/li>\n<li><a href=\"https:\/\/www.dr-entrup.de\/es\/ortodoncista-bult\/\">Ortodoncista Bult<\/a><\/li>\n<li><a href=\"https:\/\/www.dr-entrup.de\/es\/ortodoncista-kleefeld\/\">Ortodoncista Kleefeld<\/a><\/li>\n<li><a href=\"https:\/\/www.dr-entrup.de\/es\/ortodoncista-hannover-nordstadt\/\">Ortodoncista Hannover Nordstadt<\/a><\/li>\n<li><a href=\"https:\/\/www.dr-entrup.de\/es\/ortodoncista-herrenhausen\/\">Ortodoncista Herrenhausen<\/a><\/li>\n<li><a href=\"https:\/\/www.dr-entrup.de\/es\/lista-de-ortodoncistas\/\">Lista de ortodoncistas<\/a><\/li>\n<li><a href=\"https:\/\/www.dr-entrup.de\/es\/ortodoncista-heideviertel\/\">Ortodoncista Heideviertel<\/a><\/li>\n<li><a href=\"https:\/\/www.dr-entrup.de\/es\/ortodoncista-gross-buchholz\/\">Ortodoncista Gross Buchholz<\/a><\/li>\n<li><a href=\"https:\/\/www.dr-entrup.de\/es\/ortodoncista-linden-limmer\/\">Ortodoncista Linden Limmer<\/a><\/li>\n<\/ul>\n<p>&nbsp;<\/p>\n\n                <\/div>\n                                <a href='tel:+49511364990' class='button color-bordeaux-bg color-white button--medium' target='_self'> \u00bfTienes preguntas? \u00a1Ll\u00e1manos! <\/a>                            <\/div>\n        <\/div>\n    <\/div>\n     <div class = \"p-top-mobile-50\"><\/div>\n<\/section>\n","protected":false},"excerpt":{"rendered":"","protected":false},"author":1,"featured_media":0,"parent":0,"menu_order":0,"comment_status":"closed","ping_status":"closed","template":"","meta":{"footnotes":""},"class_list":["post-6054","page","type-page","status-publish"],"acf":[],"yoast_head":"<!-- This site is optimized with the Yoast SEO plugin v27.5 - https:\/\/yoast.com\/product\/yoast-seo-wordpress\/ -->\n<title>Pie de imprenta - BALANCE Fachpraxis f\u00fcr umfassende Kieferorthop\u00e4die Hannover Dr. Entrup<\/title>\n<meta name=\"description\" content=\"Pie de imprenta de la cl\u00ednica de ortodoncia Dr. Entrup en Hannover: datos de contacto, responsables, autoridad competente y marco legal.\" \/>\n<meta name=\"robots\" content=\"index, follow, max-snippet:-1, max-image-preview:large, max-video-preview:-1\" \/>\n<link rel=\"canonical\" href=\"https:\/\/www.dr-entrup.de\/es\/pie-de-imprenta\/\" \/>\n<meta property=\"og:locale\" content=\"en_US\" \/>\n<meta property=\"og:type\" content=\"article\" \/>\n<meta property=\"og:title\" content=\"Pie de imprenta - BALANCE Fachpraxis f\u00fcr umfassende Kieferorthop\u00e4die Hannover Dr. Entrup\" \/>\n<meta property=\"og:description\" content=\"Pie de imprenta de la cl\u00ednica de ortodoncia Dr. Entrup en Hannover: datos de contacto, responsables, autoridad competente y marco legal.\" \/>\n<meta property=\"og:url\" content=\"https:\/\/www.dr-entrup.de\/es\/pie-de-imprenta\/\" \/>\n<meta property=\"og:site_name\" content=\"BALANCE Fachpraxis f\u00fcr umfassende Kieferorthop\u00e4die Hannover Dr. Entrup\" \/>\n<meta property=\"article:modified_time\" content=\"2026-05-03T19:20:24+00:00\" \/>\n<meta name=\"twitter:card\" content=\"summary_large_image\" \/>\n<script type=\"application\/ld+json\" class=\"yoast-schema-graph\">{\"@context\":\"https:\\\/\\\/schema.org\",\"@graph\":[{\"@type\":\"WebPage\",\"@id\":\"https:\\\/\\\/www.dr-entrup.de\\\/es\\\/pie-de-imprenta\\\/\",\"url\":\"https:\\\/\\\/www.dr-entrup.de\\\/es\\\/pie-de-imprenta\\\/\",\"name\":\"Pie de imprenta - BALANCE Fachpraxis f\u00fcr umfassende Kieferorthop\u00e4die Hannover Dr. Entrup\",\"isPartOf\":{\"@id\":\"https:\\\/\\\/www.dr-entrup.de\\\/es\\\/#website\"},\"datePublished\":\"2023-10-25T16:20:25+00:00\",\"dateModified\":\"2026-05-03T19:20:24+00:00\",\"description\":\"Pie de imprenta de la cl\u00ednica de ortodoncia Dr. Entrup en Hannover: datos de contacto, responsables, autoridad competente y marco legal.\",\"breadcrumb\":{\"@id\":\"https:\\\/\\\/www.dr-entrup.de\\\/es\\\/pie-de-imprenta\\\/#breadcrumb\"},\"inLanguage\":\"en-DE\",\"potentialAction\":[{\"@type\":\"ReadAction\",\"target\":[\"https:\\\/\\\/www.dr-entrup.de\\\/es\\\/pie-de-imprenta\\\/\"]}]},{\"@type\":\"BreadcrumbList\",\"@id\":\"https:\\\/\\\/www.dr-entrup.de\\\/es\\\/pie-de-imprenta\\\/#breadcrumb\",\"itemListElement\":[{\"@type\":\"ListItem\",\"position\":1,\"name\":\"Home\",\"item\":\"https:\\\/\\\/www.dr-entrup.de\\\/es\\\/\"},{\"@type\":\"ListItem\",\"position\":2,\"name\":\"Pie de imprenta\"}]},{\"@type\":\"WebSite\",\"@id\":\"https:\\\/\\\/www.dr-entrup.de\\\/es\\\/#website\",\"url\":\"https:\\\/\\\/www.dr-entrup.de\\\/es\\\/\",\"name\":\"BALANCE Fachpraxis f\u00fcr umfassende Kieferorthop\u00e4die Hannover Dr. Entrup\",\"description\":\"BALANCE Fachpraxis f\u00fcr umfassende Kieferorthop\u00e4die Hannover Dr. Entrup\",\"publisher\":{\"@id\":\"https:\\\/\\\/www.dr-entrup.de\\\/es\\\/#organization\"},\"potentialAction\":[{\"@type\":\"SearchAction\",\"target\":{\"@type\":\"EntryPoint\",\"urlTemplate\":\"https:\\\/\\\/www.dr-entrup.de\\\/es\\\/?s={search_term_string}\"},\"query-input\":{\"@type\":\"PropertyValueSpecification\",\"valueRequired\":true,\"valueName\":\"search_term_string\"}}],\"inLanguage\":\"en-DE\"},{\"@type\":\"Organization\",\"@id\":\"https:\\\/\\\/www.dr-entrup.de\\\/es\\\/#organization\",\"name\":\"BALANCE Fachpraxis f\u00fcr umfassende Kieferorthop\u00e4die Hannover Dr. Entrup\",\"url\":\"https:\\\/\\\/www.dr-entrup.de\\\/es\\\/\",\"logo\":{\"@type\":\"ImageObject\",\"inLanguage\":\"en-DE\",\"@id\":\"https:\\\/\\\/www.dr-entrup.de\\\/es\\\/#\\\/schema\\\/logo\\\/image\\\/\",\"url\":\"https:\\\/\\\/www.dr-entrup.de\\\/wp-content\\\/uploads\\\/2023\\\/11\\\/logo-plus-subtext.png\",\"contentUrl\":\"https:\\\/\\\/www.dr-entrup.de\\\/wp-content\\\/uploads\\\/2023\\\/11\\\/logo-plus-subtext.png\",\"width\":302,\"height\":326,\"caption\":\"BALANCE Fachpraxis f\u00fcr umfassende Kieferorthop\u00e4die Hannover Dr. Entrup\"},\"image\":{\"@id\":\"https:\\\/\\\/www.dr-entrup.de\\\/es\\\/#\\\/schema\\\/logo\\\/image\\\/\"}}]}<\/script>\n<!-- \/ Yoast SEO plugin. -->","yoast_head_json":{"title":"Pie de imprenta - BALANCE Fachpraxis f\u00fcr umfassende Kieferorthop\u00e4die Hannover Dr. Entrup","description":"Pie de imprenta de la cl\u00ednica de ortodoncia Dr. Entrup en Hannover: datos de contacto, responsables, autoridad competente y marco legal.","robots":{"index":"index","follow":"follow","max-snippet":"max-snippet:-1","max-image-preview":"max-image-preview:large","max-video-preview":"max-video-preview:-1"},"canonical":"https:\/\/www.dr-entrup.de\/es\/pie-de-imprenta\/","og_locale":"en_US","og_type":"article","og_title":"Pie de imprenta - BALANCE Fachpraxis f\u00fcr umfassende Kieferorthop\u00e4die Hannover Dr. Entrup","og_description":"Pie de imprenta de la cl\u00ednica de ortodoncia Dr. Entrup en Hannover: datos de contacto, responsables, autoridad competente y marco legal.","og_url":"https:\/\/www.dr-entrup.de\/es\/pie-de-imprenta\/","og_site_name":"BALANCE Fachpraxis f\u00fcr umfassende Kieferorthop\u00e4die Hannover Dr. Entrup","article_modified_time":"2026-05-03T19:20:24+00:00","twitter_card":"summary_large_image","schema":{"@context":"https:\/\/schema.org","@graph":[{"@type":"WebPage","@id":"https:\/\/www.dr-entrup.de\/es\/pie-de-imprenta\/","url":"https:\/\/www.dr-entrup.de\/es\/pie-de-imprenta\/","name":"Pie de imprenta - BALANCE Fachpraxis f\u00fcr umfassende Kieferorthop\u00e4die Hannover Dr. Entrup","isPartOf":{"@id":"https:\/\/www.dr-entrup.de\/es\/#website"},"datePublished":"2023-10-25T16:20:25+00:00","dateModified":"2026-05-03T19:20:24+00:00","description":"Pie de imprenta de la cl\u00ednica de ortodoncia Dr. Entrup en Hannover: datos de contacto, responsables, autoridad competente y marco legal.","breadcrumb":{"@id":"https:\/\/www.dr-entrup.de\/es\/pie-de-imprenta\/#breadcrumb"},"inLanguage":"en-DE","potentialAction":[{"@type":"ReadAction","target":["https:\/\/www.dr-entrup.de\/es\/pie-de-imprenta\/"]}]},{"@type":"BreadcrumbList","@id":"https:\/\/www.dr-entrup.de\/es\/pie-de-imprenta\/#breadcrumb","itemListElement":[{"@type":"ListItem","position":1,"name":"Home","item":"https:\/\/www.dr-entrup.de\/es\/"},{"@type":"ListItem","position":2,"name":"Pie de imprenta"}]},{"@type":"WebSite","@id":"https:\/\/www.dr-entrup.de\/es\/#website","url":"https:\/\/www.dr-entrup.de\/es\/","name":"BALANCE Fachpraxis f\u00fcr umfassende Kieferorthop\u00e4die Hannover Dr. Entrup","description":"BALANCE Fachpraxis f\u00fcr umfassende Kieferorthop\u00e4die Hannover Dr. Entrup","publisher":{"@id":"https:\/\/www.dr-entrup.de\/es\/#organization"},"potentialAction":[{"@type":"SearchAction","target":{"@type":"EntryPoint","urlTemplate":"https:\/\/www.dr-entrup.de\/es\/?s={search_term_string}"},"query-input":{"@type":"PropertyValueSpecification","valueRequired":true,"valueName":"search_term_string"}}],"inLanguage":"en-DE"},{"@type":"Organization","@id":"https:\/\/www.dr-entrup.de\/es\/#organization","name":"BALANCE Fachpraxis f\u00fcr umfassende Kieferorthop\u00e4die Hannover Dr. Entrup","url":"https:\/\/www.dr-entrup.de\/es\/","logo":{"@type":"ImageObject","inLanguage":"en-DE","@id":"https:\/\/www.dr-entrup.de\/es\/#\/schema\/logo\/image\/","url":"https:\/\/www.dr-entrup.de\/wp-content\/uploads\/2023\/11\/logo-plus-subtext.png","contentUrl":"https:\/\/www.dr-entrup.de\/wp-content\/uploads\/2023\/11\/logo-plus-subtext.png","width":302,"height":326,"caption":"BALANCE Fachpraxis f\u00fcr umfassende Kieferorthop\u00e4die Hannover Dr. Entrup"},"image":{"@id":"https:\/\/www.dr-entrup.de\/es\/#\/schema\/logo\/image\/"}}]}},"_links":{"self":[{"href":"https:\/\/www.dr-entrup.de\/es\/wp-json\/wp\/v2\/pages\/6054","targetHints":{"allow":["GET"]}}],"collection":[{"href":"https:\/\/www.dr-entrup.de\/es\/wp-json\/wp\/v2\/pages"}],"about":[{"href":"https:\/\/www.dr-entrup.de\/es\/wp-json\/wp\/v2\/types\/page"}],"author":[{"embeddable":true,"href":"https:\/\/www.dr-entrup.de\/es\/wp-json\/wp\/v2\/users\/1"}],"replies":[{"embeddable":true,"href":"https:\/\/www.dr-entrup.de\/es\/wp-json\/wp\/v2\/comments?post=6054"}],"version-history":[{"count":5,"href":"https:\/\/www.dr-entrup.de\/es\/wp-json\/wp\/v2\/pages\/6054\/revisions"}],"predecessor-version":[{"id":7092,"href":"https:\/\/www.dr-entrup.de\/es\/wp-json\/wp\/v2\/pages\/6054\/revisions\/7092"}],"wp:attachment":[{"href":"https:\/\/www.dr-entrup.de\/es\/wp-json\/wp\/v2\/media?parent=6054"}],"curies":[{"name":"wp","href":"https:\/\/api.w.org\/{rel}","templated":true}]}}