{"id":5416,"date":"2023-10-25T18:17:21","date_gmt":"2023-10-25T16:17:21","guid":{"rendered":"https:\/\/debug.dr-entrup.de\/dr-t-altvater\/"},"modified":"2024-06-24T09:12:22","modified_gmt":"2024-06-24T07:12:22","slug":"dr-t-altvater","status":"publish","type":"page","link":"https:\/\/www.dr-entrup.de\/es\/dr-t-altvater\/","title":{"rendered":"Dr. T. Altvater"},"content":{"rendered":"\n<section class = \"fdn-grid color-white-bg\">\n    <div class = \"p-top-mobile-50\"><\/div>\n\t<div class = \"grid-container full-with-margin-10 no-padding\">\n\n        <div class = \"grid-x\">\n\n            <div class=\"cell large-6 small-12\">\n                <div class = \"m-right-25 m-bottom-25 m-left-mob-0 m-right-mob-0 m-left-tab-0 m-right-tab-0\">\n                    <img class = \"image img-responsive-no-block\"\n                         src = \"https:\/\/www.dr-entrup.de\/wp-content\/uploads\/2024\/06\/Dr.-Thorsten-Altvater-Fachzahnarzt-fur-Kieferorthopadie-Fachpraxis-Kieferorthopadie-Hannover.jpeg\"\n                         alt=\"Alt text...\">\n                <\/div>\n\n\n                                   \n            <\/div>\n\n            <div class=\"cell large-6 small-12 \">\n                <div class = \"m-left-25 m-right-25 m-bottom-25 m-left-mob-0 m-right-mob-0 m-left-tab-0 m-right-tab-0\">\n                    <h2 class=\"heading heading--medium  m-bottom-10 color-bordeaux\">Dr. Thorsten Altvater<\/h2>\n                    <span class=\"short-line-decoration  short-line-decoration--mini-width  color-primary-bg\"><\/span>\n                    <div class = \"paragraph paragraph--medium paragraph--primary m-top-40\">\n                        <h3>Dentista especialista en ortodoncia<\/h3>\n<p>&nbsp;<br \/>\n&nbsp;<br \/>\nGeorgstrasse 46<br \/>\nD 30159 Hannover<\/p>\n<p>Tel +49 (511) 364990<br \/>\nFax + 49 (511) 3649911<br \/>\ncorreo electr\u00f3nico: <a href=\"mailto:Dr.Altvater@web.de\">Dr.Altvater@web.de<\/a><\/p>\n\n                        \n                                                  \n\n                    <\/div>\n                <\/div>\n            <\/div>\n\n\n        <\/div>\n\n    <\/div>\n        <div class = \"p-top-mobile-50\"><\/div>\n<\/section>\n\n<section class = \"fdn-grid color-extra-pink-bg\">\n\n        <div class = \"p-top-mobile-50\"><\/div>\n    <div class = \"grid-container full-with-margin-10 no-padding\">\n\n        <div class = \"grid-x\">\n\n            <div class=\"cell large-6 small-12 \">\n                <div class = \"m-right-25  m-bottom-25 m-left-mob-0 m-right-mob-0 m-left-tab-0 m-right-tab-0\">\n                    <h2 class=\"heading heading--medium  m-bottom-10 color-bordeaux\">Cualificaciones adicionales:<\/h2>\n                    <span class=\"short-line-decoration  short-line-decoration--mini-width  color-primary-bg\"><\/span>\n                    <div class = \"paragraph--medium paragraph--primary m-top-40\">\n                        <ul>\n<li>Kinesiolog\u00eda Aplicada (Diploma A)<\/li>\n<li>Diagn\u00f3stico manual de la articulaci\u00f3n temporomandibular seg\u00fan A. Bumann<\/li>\n<li>Dispositivo de Anclaje Temporal (DAT)<\/li>\n<li>T\u00e9cnica lingual<\/li>\n<li>Diplomado del M\u00e1ster Europeo de Alineadores (EUMAA)<\/li>\n<\/ul>\n\n\n                                                    \n\n                    <\/div>\n                <\/div>\n            <\/div>\n\n            <div class=\"cell large-6 small-12\">\n                <div class = \"m-left-25 m-bottom-25 m-left-mob-0 m-right-mob-0 m-left-tab-0 m-right-tab-0\">\n                   \t\t\t\t\t\n\t\t\t\t\t<img class = \"image img-responsive-no-block\"\n                         src = \"https:\/\/www.dr-entrup.de\/wp-content\/uploads\/2023\/12\/Dr.-Thorsten-Altvater-Kieferorthopaede-Hannover-Umfassende-Kieferorthopaedie.jpg\"\n                         alt=\"Dr Thorsten Altvater - Ortodoncista Hannover - Ortodoncia integral\">\n\t\t\t\t\t\t \n\t\t\t\t\t\t\n                                   \n                <\/div>\n\n                \n            <\/div>\n\n        <\/div>\n\n    <\/div>\n        <div class = \"p-top-mobile-50\"><\/div>\n<\/section>\n\n<script>var SHOW_LOGO = false;<\/script>\n","protected":false},"excerpt":{"rendered":"","protected":false},"author":1,"featured_media":0,"parent":0,"menu_order":0,"comment_status":"closed","ping_status":"closed","template":"","meta":{"footnotes":""},"class_list":["post-5416","page","type-page","status-publish"],"acf":[],"yoast_head":"<!-- This site is optimized with the Yoast SEO plugin v27.5 - https:\/\/yoast.com\/product\/yoast-seo-wordpress\/ -->\n<title>Dr. Thorsten Altvater - Consulta especializada en ortodoncia integral Hannover<\/title>\n<meta name=\"description\" content=\"Dr. Thorsten Altvater - Odont\u00f3logo especialista en ortodoncia - Consulta especializada en ortodoncia integral Hannover.\" \/>\n<meta name=\"robots\" content=\"index, follow, max-snippet:-1, max-image-preview:large, max-video-preview:-1\" \/>\n<link rel=\"canonical\" href=\"https:\/\/www.dr-entrup.de\/es\/dr-t-altvater\/\" \/>\n<meta property=\"og:locale\" content=\"en_US\" \/>\n<meta property=\"og:type\" content=\"article\" \/>\n<meta property=\"og:title\" content=\"Dr. Thorsten Altvater - Consulta especializada en ortodoncia integral Hannover\" \/>\n<meta property=\"og:description\" content=\"Dr. Thorsten Altvater - Odont\u00f3logo especialista en ortodoncia - Consulta especializada en ortodoncia integral Hannover.\" \/>\n<meta property=\"og:url\" content=\"https:\/\/www.dr-entrup.de\/es\/dr-t-altvater\/\" \/>\n<meta property=\"og:site_name\" content=\"BALANCE Fachpraxis f\u00fcr umfassende Kieferorthop\u00e4die Hannover Dr. Entrup\" \/>\n<meta property=\"article:modified_time\" content=\"2024-06-24T07:12:22+00:00\" \/>\n<meta name=\"twitter:card\" content=\"summary_large_image\" \/>\n<script type=\"application\/ld+json\" class=\"yoast-schema-graph\">{\"@context\":\"https:\\\/\\\/schema.org\",\"@graph\":[{\"@type\":\"WebPage\",\"@id\":\"https:\\\/\\\/www.dr-entrup.de\\\/es\\\/dr-t-altvater\\\/\",\"url\":\"https:\\\/\\\/www.dr-entrup.de\\\/es\\\/dr-t-altvater\\\/\",\"name\":\"Dr. Thorsten Altvater - Consulta especializada en ortodoncia integral Hannover\",\"isPartOf\":{\"@id\":\"https:\\\/\\\/www.dr-entrup.de\\\/es\\\/#website\"},\"datePublished\":\"2023-10-25T16:17:21+00:00\",\"dateModified\":\"2024-06-24T07:12:22+00:00\",\"description\":\"Dr. Thorsten Altvater - Odont\u00f3logo especialista en ortodoncia - Consulta especializada en ortodoncia integral Hannover.\",\"breadcrumb\":{\"@id\":\"https:\\\/\\\/www.dr-entrup.de\\\/es\\\/dr-t-altvater\\\/#breadcrumb\"},\"inLanguage\":\"en-DE\",\"potentialAction\":[{\"@type\":\"ReadAction\",\"target\":[\"https:\\\/\\\/www.dr-entrup.de\\\/es\\\/dr-t-altvater\\\/\"]}]},{\"@type\":\"BreadcrumbList\",\"@id\":\"https:\\\/\\\/www.dr-entrup.de\\\/es\\\/dr-t-altvater\\\/#breadcrumb\",\"itemListElement\":[{\"@type\":\"ListItem\",\"position\":1,\"name\":\"Home\",\"item\":\"https:\\\/\\\/www.dr-entrup.de\\\/es\\\/\"},{\"@type\":\"ListItem\",\"position\":2,\"name\":\"Dr. T. Altvater\"}]},{\"@type\":\"WebSite\",\"@id\":\"https:\\\/\\\/www.dr-entrup.de\\\/es\\\/#website\",\"url\":\"https:\\\/\\\/www.dr-entrup.de\\\/es\\\/\",\"name\":\"BALANCE Fachpraxis f\u00fcr umfassende Kieferorthop\u00e4die Hannover Dr. Entrup\",\"description\":\"BALANCE Fachpraxis f\u00fcr umfassende Kieferorthop\u00e4die Hannover Dr. Entrup\",\"publisher\":{\"@id\":\"https:\\\/\\\/www.dr-entrup.de\\\/es\\\/#organization\"},\"potentialAction\":[{\"@type\":\"SearchAction\",\"target\":{\"@type\":\"EntryPoint\",\"urlTemplate\":\"https:\\\/\\\/www.dr-entrup.de\\\/es\\\/?s={search_term_string}\"},\"query-input\":{\"@type\":\"PropertyValueSpecification\",\"valueRequired\":true,\"valueName\":\"search_term_string\"}}],\"inLanguage\":\"en-DE\"},{\"@type\":\"Organization\",\"@id\":\"https:\\\/\\\/www.dr-entrup.de\\\/es\\\/#organization\",\"name\":\"BALANCE Fachpraxis f\u00fcr umfassende Kieferorthop\u00e4die Hannover Dr. Entrup\",\"url\":\"https:\\\/\\\/www.dr-entrup.de\\\/es\\\/\",\"logo\":{\"@type\":\"ImageObject\",\"inLanguage\":\"en-DE\",\"@id\":\"https:\\\/\\\/www.dr-entrup.de\\\/es\\\/#\\\/schema\\\/logo\\\/image\\\/\",\"url\":\"https:\\\/\\\/www.dr-entrup.de\\\/wp-content\\\/uploads\\\/2023\\\/11\\\/logo-plus-subtext.png\",\"contentUrl\":\"https:\\\/\\\/www.dr-entrup.de\\\/wp-content\\\/uploads\\\/2023\\\/11\\\/logo-plus-subtext.png\",\"width\":302,\"height\":326,\"caption\":\"BALANCE Fachpraxis f\u00fcr umfassende Kieferorthop\u00e4die Hannover Dr. Entrup\"},\"image\":{\"@id\":\"https:\\\/\\\/www.dr-entrup.de\\\/es\\\/#\\\/schema\\\/logo\\\/image\\\/\"}}]}<\/script>\n<!-- \/ Yoast SEO plugin. -->","yoast_head_json":{"title":"Dr. Thorsten Altvater - Consulta especializada en ortodoncia integral Hannover","description":"Dr. Thorsten Altvater - Odont\u00f3logo especialista en ortodoncia - Consulta especializada en ortodoncia integral Hannover.","robots":{"index":"index","follow":"follow","max-snippet":"max-snippet:-1","max-image-preview":"max-image-preview:large","max-video-preview":"max-video-preview:-1"},"canonical":"https:\/\/www.dr-entrup.de\/es\/dr-t-altvater\/","og_locale":"en_US","og_type":"article","og_title":"Dr. Thorsten Altvater - Consulta especializada en ortodoncia integral Hannover","og_description":"Dr. Thorsten Altvater - Odont\u00f3logo especialista en ortodoncia - Consulta especializada en ortodoncia integral Hannover.","og_url":"https:\/\/www.dr-entrup.de\/es\/dr-t-altvater\/","og_site_name":"BALANCE Fachpraxis f\u00fcr umfassende Kieferorthop\u00e4die Hannover Dr. Entrup","article_modified_time":"2024-06-24T07:12:22+00:00","twitter_card":"summary_large_image","schema":{"@context":"https:\/\/schema.org","@graph":[{"@type":"WebPage","@id":"https:\/\/www.dr-entrup.de\/es\/dr-t-altvater\/","url":"https:\/\/www.dr-entrup.de\/es\/dr-t-altvater\/","name":"Dr. Thorsten Altvater - Consulta especializada en ortodoncia integral Hannover","isPartOf":{"@id":"https:\/\/www.dr-entrup.de\/es\/#website"},"datePublished":"2023-10-25T16:17:21+00:00","dateModified":"2024-06-24T07:12:22+00:00","description":"Dr. Thorsten Altvater - Odont\u00f3logo especialista en ortodoncia - Consulta especializada en ortodoncia integral Hannover.","breadcrumb":{"@id":"https:\/\/www.dr-entrup.de\/es\/dr-t-altvater\/#breadcrumb"},"inLanguage":"en-DE","potentialAction":[{"@type":"ReadAction","target":["https:\/\/www.dr-entrup.de\/es\/dr-t-altvater\/"]}]},{"@type":"BreadcrumbList","@id":"https:\/\/www.dr-entrup.de\/es\/dr-t-altvater\/#breadcrumb","itemListElement":[{"@type":"ListItem","position":1,"name":"Home","item":"https:\/\/www.dr-entrup.de\/es\/"},{"@type":"ListItem","position":2,"name":"Dr. T. Altvater"}]},{"@type":"WebSite","@id":"https:\/\/www.dr-entrup.de\/es\/#website","url":"https:\/\/www.dr-entrup.de\/es\/","name":"BALANCE Fachpraxis f\u00fcr umfassende Kieferorthop\u00e4die Hannover Dr. Entrup","description":"BALANCE Fachpraxis f\u00fcr umfassende Kieferorthop\u00e4die Hannover Dr. Entrup","publisher":{"@id":"https:\/\/www.dr-entrup.de\/es\/#organization"},"potentialAction":[{"@type":"SearchAction","target":{"@type":"EntryPoint","urlTemplate":"https:\/\/www.dr-entrup.de\/es\/?s={search_term_string}"},"query-input":{"@type":"PropertyValueSpecification","valueRequired":true,"valueName":"search_term_string"}}],"inLanguage":"en-DE"},{"@type":"Organization","@id":"https:\/\/www.dr-entrup.de\/es\/#organization","name":"BALANCE Fachpraxis f\u00fcr umfassende Kieferorthop\u00e4die Hannover Dr. Entrup","url":"https:\/\/www.dr-entrup.de\/es\/","logo":{"@type":"ImageObject","inLanguage":"en-DE","@id":"https:\/\/www.dr-entrup.de\/es\/#\/schema\/logo\/image\/","url":"https:\/\/www.dr-entrup.de\/wp-content\/uploads\/2023\/11\/logo-plus-subtext.png","contentUrl":"https:\/\/www.dr-entrup.de\/wp-content\/uploads\/2023\/11\/logo-plus-subtext.png","width":302,"height":326,"caption":"BALANCE Fachpraxis f\u00fcr umfassende Kieferorthop\u00e4die Hannover Dr. Entrup"},"image":{"@id":"https:\/\/www.dr-entrup.de\/es\/#\/schema\/logo\/image\/"}}]}},"_links":{"self":[{"href":"https:\/\/www.dr-entrup.de\/es\/wp-json\/wp\/v2\/pages\/5416","targetHints":{"allow":["GET"]}}],"collection":[{"href":"https:\/\/www.dr-entrup.de\/es\/wp-json\/wp\/v2\/pages"}],"about":[{"href":"https:\/\/www.dr-entrup.de\/es\/wp-json\/wp\/v2\/types\/page"}],"author":[{"embeddable":true,"href":"https:\/\/www.dr-entrup.de\/es\/wp-json\/wp\/v2\/users\/1"}],"replies":[{"embeddable":true,"href":"https:\/\/www.dr-entrup.de\/es\/wp-json\/wp\/v2\/comments?post=5416"}],"version-history":[{"count":2,"href":"https:\/\/www.dr-entrup.de\/es\/wp-json\/wp\/v2\/pages\/5416\/revisions"}],"predecessor-version":[{"id":6125,"href":"https:\/\/www.dr-entrup.de\/es\/wp-json\/wp\/v2\/pages\/5416\/revisions\/6125"}],"wp:attachment":[{"href":"https:\/\/www.dr-entrup.de\/es\/wp-json\/wp\/v2\/media?parent=5416"}],"curies":[{"name":"wp","href":"https:\/\/api.w.org\/{rel}","templated":true}]}}