{"id":5392,"date":"2023-10-25T14:08:21","date_gmt":"2023-10-25T12:08:21","guid":{"rendered":"https:\/\/debug.dr-entrup.de\/asesoramiento\/"},"modified":"2024-08-28T17:18:20","modified_gmt":"2024-08-28T15:18:20","slug":"asesoramiento","status":"publish","type":"page","link":"https:\/\/www.dr-entrup.de\/es\/asesoramiento\/","title":{"rendered":"Asesoramiento"},"content":{"rendered":"\n<section class = \"fdn-grid\">\n\t<div class = \"grid-container no-padding\">\n\t\t<div class = \"grid-x\">\n\t\t\t<div class=\"cell large-12 small-12 \">\n\t\t\t\t<div class =\"hero hero--background-gray text-center\">\n\t\t\t\t\t<img loading=\"lazy\" decoding=\"async\" width=\"1800\" height=\"865\" src=\"https:\/\/www.dr-entrup.de\/wp-content\/uploads\/2024\/05\/Kieferorthopadische-Beratung-Behandlungsplanung-nach-dem-Balance-Behandlungskonzept-.jpg\" class=\"image img-responsive-no-block\" alt=\"\" srcset=\"https:\/\/www.dr-entrup.de\/wp-content\/uploads\/2024\/05\/Kieferorthopadische-Beratung-Behandlungsplanung-nach-dem-Balance-Behandlungskonzept-.jpg 1800w, https:\/\/www.dr-entrup.de\/wp-content\/uploads\/2024\/05\/Kieferorthopadische-Beratung-Behandlungsplanung-nach-dem-Balance-Behandlungskonzept--300x144.jpg 300w, https:\/\/www.dr-entrup.de\/wp-content\/uploads\/2024\/05\/Kieferorthopadische-Beratung-Behandlungsplanung-nach-dem-Balance-Behandlungskonzept--1024x492.jpg 1024w, https:\/\/www.dr-entrup.de\/wp-content\/uploads\/2024\/05\/Kieferorthopadische-Beratung-Behandlungsplanung-nach-dem-Balance-Behandlungskonzept--768x369.jpg 768w, https:\/\/www.dr-entrup.de\/wp-content\/uploads\/2024\/05\/Kieferorthopadische-Beratung-Behandlungsplanung-nach-dem-Balance-Behandlungskonzept--1536x738.jpg 1536w\" sizes=\"auto, (max-width: 1800px) 100vw, 1800px\" \/>\t\t\t\t<\/div>\n\t\t\t<\/div>\n\t\t<\/div>\n\t<\/div>\n<\/section>\n\n<section class = \"fdn-grid\">\n    <div class = \"p-top-mobile-50\"><\/div>\n    <div class = \"grid-container full-with-margin-10 no-padding\">\n        <div class = \"grid-x\">\n            <div class = \"cell small-12\">\n\n\n\n                <h1 class=\"heading heading--primary m-bottom-40\">Asesoramiento ortod\u00f3ncico  <\/h1>\n                <h2 class=\"heading heading--secondary m-bottom-10\">Planificaci\u00f3n del tratamiento seg\u00fan el concepto de tratamiento Equilibrio  <\/h2>\n                <span class=\"short-line-decoration short-line-decoration--mini-width color-bordeaux-bg\"><\/span>\n\n                <div class=\"m-top-40 paragraph\">\n\n                    <p>La consulta de ortodoncia en nuestra consulta de Hannover y la posterior planificaci\u00f3n del tratamiento seg\u00fan el concepto de tratamiento Equilibrio pueden responder, entre otras, a las siguientes preguntas:<\/p>\n\n                <\/div>\n                                <a href='tel:+49511364990' class='button color-bordeaux-bg color-white button--medium' target='_self'> Llama ahora y pide consejo <\/a>                            <\/div>\n        <\/div>\n    <\/div>\n     <div class = \"p-top-mobile-50\"><\/div>\n<\/section>\n\n<section class = \"fdn-grid color-extra-pink-bg\">\n\n        <div class = \"p-top-mobile-50\"><\/div>\n    <div class = \"grid-container full-with-margin-10 no-padding\">\n\n        <div class = \"grid-x\">\n\n            <div class=\"cell large-6 small-12 \">\n                <div class = \"m-right-25 m-left-mob-0 m-right-mob-0 m-left-tab-0 m-right-tab-0\">\n\n                    <h2 class='heading heading--medium  m-bottom-10 color-bordeaux'>Postura<\/h2><span class='short-line-decoration  short-line-decoration--mini-width color-primary-bg'><\/span><div class = 'paragraph--medium paragraph--primary m-top-40'><p>\u00bfC\u00f3mo se relaciona la postura con el estado de los \u00f3rganos dentales, bucales y maxilofaciales y c\u00f3mo puede mejorarse la postura ajustando correctamente estos \u00f3rganos?<\/p>\n<\/div><h2 class='heading heading--medium  m-bottom-10 color-bordeaux'>Conexiones f\u00edsicas generales<\/h2><span class='short-line-decoration  short-line-decoration--mini-width color-primary-bg'><\/span><div class = 'paragraph--medium paragraph--primary m-top-40'><p>\u00bfQu\u00e9 causas de la zona dental, bucal y mandibular pueden ser responsables, o en parte responsables, de <a href=\"https:\/\/www.dr-entrup.de\/es\/dolor-de-cabeza\/\">cefaleas tensionales,<\/a> migra\u00f1as, dolor facial, dolor de hombros, restricci\u00f3n del movimiento del cuello, <a href=\"https:\/\/www.dr-entrup.de\/es\/dolor-de-espalda\/\">dolor de espalda<\/a> y dolor de rodillas?<\/p>\n<\/div>\n\n                    <\/div>\n                <\/div>\n\n\n            <div class=\"cell large-6 small-12\">\n                <div class = \"m-left-25 m-bottom-25 m-left-mob-0 m-right-mob-0 m-left-tab-0 m-right-tab-0\">\n                    <img class = \"image img-responsive-no-block\"\n                         src = \"https:\/\/www.dr-entrup.de\/wp-content\/uploads\/2023\/10\/Kieferorthopaedische-Beratung-bei-Kieferorthopaedie-Hannover-Dr.-Entrup-Gesamtkorperliche-Zusammenhange-4.jpg\"\n                         alt=\"Consulta de ortodoncia en la Kieferorthopaedie Hannover Dr Entrup - Correlaciones f\u00edsicas generales\">\n\t\t\t\t\t\n\t\t\t\t\t<div class = \"m-top-50 m-bottom-25 text-center\">\n\n                                    <\/div>\n                <\/div>\n\n                \n            <\/div>\n\n        <\/div>\n\n    <\/div>\n        <div class = \"p-top-mobile-50\"><\/div>\n<\/section>\n\n<section class = \"fdn-grid color-white-bg\">\n    <div class = \"p-top-mobile-50\"><\/div>\n\t<div class = \"grid-container full-with-margin-10 no-padding\">\n\n        <div class = \"grid-x\">\n\n            <div class=\"cell large-6 small-12\">\n                <div class = \"m-right-25 m-bottom-25 m-left-mob-0 m-right-mob-0 m-left-tab-0 m-right-tab-0\">\n                    <img class = \"image img-responsive-no-block\"\n                         src = \"https:\/\/www.dr-entrup.de\/wp-content\/uploads\/2023\/10\/Kieferothopode-J.-Entrup-bei-einer-KFO-Beratung-Kieferothopadie-Hannover.jpg\"\n                         alt=\"El ortodoncista J. Entrup durante una consulta de ortodoncia - Kieferothop\u00e4die Hannover\">\n                <\/div>\n\n\n                                   \n            <\/div>\n\n            <div class=\"cell large-6 small-12 \">\n                <div class = \"m-left-25 m-right-25 m-bottom-25 m-left-mob-0 m-right-mob-0 m-left-tab-0 m-right-tab-0\">\n                    <h2 class=\"heading heading--medium  m-bottom-10 color-bordeaux\">Est\u00e9tica<\/h2>\n                    <span class=\"short-line-decoration  short-line-decoration--mini-width  color-primary-bg\"><\/span>\n                    <div class = \"paragraph paragraph--medium paragraph--primary m-top-40\">\n                        <p>\u00bfQu\u00e9 objetivos est\u00e9ticos en relaci\u00f3n con la posici\u00f3n de los dientes y la est\u00e9tica facial externa son compatibles o beneficiosos para la salud y cu\u00e1les son perjudiciales? \u00bfQu\u00e9 opciones de tratamiento son compatibles con la vida cotidiana del individuo? \u00bfQu\u00e9 par\u00e1metros influyen en el aspecto de tus dientes? \u00bfQu\u00e9 <a href=\"https:\/\/www.dr-entrup.de\/es\/invisalign\/\">m\u00e9todos de tratamiento invisible<\/a> est\u00e1n disponibles individualmente?<\/p>\n\n                        \n                                                  \n\n                    <\/div>\n                <\/div>\n            <\/div>\n\n\n        <\/div>\n\n    <\/div>\n        <div class = \"p-top-mobile-50\"><\/div>\n<\/section>\n\n<section class = \"fdn-grid color-white-bg\">\n\n        <div class = \"p-top-mobile-50\"><\/div>\n    <div class = \"grid-container full-with-margin-10 no-padding\">\n\n        <div class = \"grid-x\">\n\n            <div class=\"cell large-6 small-12 \">\n                <div class = \"m-right-25  m-bottom-25 m-left-mob-0 m-right-mob-0 m-left-tab-0 m-right-tab-0\">\n                    <h2 class=\"heading heading--medium  m-bottom-10 color-bordeaux\">Concentraci\u00f3n \/ H\u00e1bitos<\/h2>\n                    <span class=\"short-line-decoration  short-line-decoration--mini-width  color-primary-bg\"><\/span>\n                    <div class = \"paragraph--medium paragraph--primary m-top-40\">\n                        <div class=\"col-md-8 nopaddingright\">  \u00bfQu\u00e9 disfunciones en el \u00e1rea dental, bucal y mandibular podr\u00edan ser responsables o en parte responsables de las dificultades de aprendizaje, <a href=\"https:\/\/www.dr-entrup.de\/es\/hiperactividad-tdah-tdah\/\">hiperactividad,<\/a> falta de concentraci\u00f3n, tics o h\u00e1bitos nocivos como la succi\u00f3n de mi hijo? \u00bfQu\u00e9 importancia tienen los distintos deportes y aprender a tocar instrumentos musicales para el correcto desarrollo de los dientes, la boca y la mand\u00edbula? \u00bfExisten potenciales de mejora del rendimiento en el \u00e1rea dental, bucal y facial y pueden movilizarse?  <\/div>\n\n\n                                                    \n\n                    <\/div>\n                <\/div>\n            <\/div>\n\n            <div class=\"cell large-6 small-12\">\n                <div class = \"m-left-25 m-bottom-25 m-left-mob-0 m-right-mob-0 m-left-tab-0 m-right-tab-0\">\n                   \t\t\t\t\t\n\t\t\t\t\t<img class = \"image img-responsive-no-block\"\n                         src = \"https:\/\/www.dr-entrup.de\/wp-content\/uploads\/2023\/10\/DrJasperEntrup3-2.jpg\"\n                         alt=\"Ortodoncia Hannover - Concentraci\u00f3n \/ H\u00e1bitos\">\n\t\t\t\t\t\t \n\t\t\t\t\t\t\n                                   \n                <\/div>\n\n                \n            <\/div>\n\n        <\/div>\n\n    <\/div>\n        <div class = \"p-top-mobile-50\"><\/div>\n<\/section>\n\n<section class = \"fdn-grid color-white-bg\">\n    <div class = \"p-top-mobile-50\"><\/div>\n\t<div class = \"grid-container full-with-margin-10 no-padding\">\n\n        <div class = \"grid-x\">\n\n            <div class=\"cell large-6 small-12\">\n                <div class = \"m-right-25 m-bottom-25 m-left-mob-0 m-right-mob-0 m-left-tab-0 m-right-tab-0\">\n                    <img class = \"image img-responsive-no-block\"\n                         src = \"https:\/\/www.dr-entrup.de\/wp-content\/uploads\/2023\/12\/Biokompatibilitat-von-kieferorthopadischen-Apparaturen-KFO-Hannover-Dr.-Entrup.jpeg\"\n                         alt=\"Biocompatibilidad de los aparatos de ortodoncia - KFO Hannover Dr Entrup\">\n                <\/div>\n\n\n                                   \n            <\/div>\n\n            <div class=\"cell large-6 small-12 \">\n                <div class = \"m-left-25 m-right-25 m-bottom-25 m-left-mob-0 m-right-mob-0 m-left-tab-0 m-right-tab-0\">\n                    <h2 class=\"heading heading--medium  m-bottom-10 color-bordeaux\">Biocompatibilidad<\/h2>\n                    <span class=\"short-line-decoration  short-line-decoration--mini-width  color-primary-bg\"><\/span>\n                    <div class = \"paragraph paragraph--medium paragraph--primary m-top-40\">\n                        <div class=\"col-md-8 nopaddingright\">  \u00bfQu\u00e9 importancia individual tiene la elecci\u00f3n de los materiales de los aparatos ortop\u00e9dicos para la salud general y el \u00e9xito del tratamiento? \u00bfQu\u00e9 importancia individual tienen los distintos materiales de empaste dental, joyas, piercings, etc.?  <\/div>\n\n                        \n                                                  \n\n                    <\/div>\n                <\/div>\n            <\/div>\n\n\n        <\/div>\n\n    <\/div>\n        <div class = \"p-top-mobile-50\"><\/div>\n<\/section>\n\n<section class = \"fdn-grid color-extra-pink-bg\">\n\n        <div class = \"p-top-mobile-50\"><\/div>\n    <div class = \"grid-container full-with-margin-10 no-padding\">\n\n        <div class = \"grid-x\">\n\n            <div class=\"cell large-6 small-12 \">\n                <div class = \"m-right-25 m-left-mob-0 m-right-mob-0 m-left-tab-0 m-right-tab-0\">\n\n                    <h2 class='heading heading--medium  m-bottom-10 color-bordeaux'>Opciones de tratamiento<\/h2><span class='short-line-decoration  short-line-decoration--mini-width color-primary-bg'><\/span><div class = 'paragraph--medium paragraph--primary m-top-40'><div class=\"col-md-8 nopaddingright\">  \u00bfQu\u00e9 dispositivos y medidas de tratamiento deben seleccionarse para conseguir un tratamiento especialmente suave con todo el organismo? \u00bfQu\u00e9 dispositivos de tratamiento parecen tener sentido en cada caso concreto? \u00bfQu\u00e9 dispositivos de tratamiento encajan en tu vida cotidiana o en la de tus hijos?  <\/div>\n<\/div><h2 class='heading heading--medium  m-bottom-10 color-bordeaux'>Temporizaci\u00f3n<\/h2><span class='short-line-decoration  short-line-decoration--mini-width color-primary-bg'><\/span><div class = 'paragraph--medium paragraph--primary m-top-40'><p>\u00bfCu\u00e1l es el momento \u00f3ptimo para adoptar estas medidas? \u00bfDebo esperar con un tratamiento?<\/p>\n<\/div>\n\n                    <\/div>\n                <\/div>\n\n\n            <div class=\"cell large-6 small-12\">\n                <div class = \"m-left-25 m-bottom-25 m-left-mob-0 m-right-mob-0 m-left-tab-0 m-right-tab-0\">\n                    <img class = \"image img-responsive-no-block\"\n                         src = \"https:\/\/www.dr-entrup.de\/wp-content\/uploads\/2023\/12\/KFO-Behandlungsmoglichkeiten-bei-Kieferorthopadie-Hannover-Dr.-Entrup.jpeg\"\n                         alt=\"Opciones de tratamiento de ortodoncia en la Kieferorthop\u00e4die Hannover Dr Entrup\">\n\t\t\t\t\t\n\t\t\t\t\t<div class = \"m-top-50 m-bottom-25 text-center\">\n\n                    <a\n\t\t\t\t\t\t\ttarget = '_self'\n\t              \t\t\thref='tel:+49511364990'\n\t              \t\t\tclass='button color-bordeaux-bg color-white button--medium button--full-width-mob'> \u00bfTienes preguntas? \u00a1Ll\u00e1manos! <\/a>                <\/div>\n                <\/div>\n\n                \n            <\/div>\n\n        <\/div>\n\n    <\/div>\n        <div class = \"p-top-mobile-50\"><\/div>\n<\/section>\n\n<section class = \"fdn-grid color-white-bg\">\n    <div class = \"p-top-mobile-50\"><\/div>\n\t<div class = \"grid-container full-with-margin-10 no-padding\">\n\n        <div class = \"grid-x\">\n\n            <div class=\"cell large-6 small-12\">\n                <div class = \"m-right-25 m-bottom-25 m-left-mob-0 m-right-mob-0 m-left-tab-0 m-right-tab-0\">\n                    <img class = \"image img-responsive-no-block\"\n                         src = \"https:\/\/www.dr-entrup.de\/wp-content\/uploads\/2023\/12\/Interdisziplinare-Zusammenarbeit-Fachpraxis-fur-umfassende-Kieferorthopadie-Dres.-W.-J.-Entrup-Dr.-T.-Altvater.png\"\n                         alt=\"Cooperaci\u00f3n interdisciplinar - Consulta especializada en ortodoncia integral Dres. W. &amp; J. Entrup &amp; Dr. T. Altvater\">\n                <\/div>\n\n\n                                   \n            <\/div>\n\n            <div class=\"cell large-6 small-12 \">\n                <div class = \"m-left-25 m-right-25 m-bottom-25 m-left-mob-0 m-right-mob-0 m-left-tab-0 m-right-tab-0\">\n                    <h2 class=\"heading heading--medium  m-bottom-10 color-bordeaux\">Tratamiento interdisciplinar<\/h2>\n                    <span class=\"short-line-decoration  short-line-decoration--mini-width  color-primary-bg\"><\/span>\n                    <div class = \"paragraph paragraph--medium paragraph--primary m-top-40\">\n                        <p>\u00bfQu\u00e9 terapias de apoyo adicionales se recomiendan? Mediante una estrecha cooperaci\u00f3n interdisciplinar con nuestros colegas odont\u00f3logos, ortopedas, quiropr\u00e1cticos, <a href=\"https:\/\/www.dr-entrup.de\/es\/a-entrup\/\">oste\u00f3patas<\/a> y terapeutas manuales, integramos los conocimientos y posibilidades de otros grupos profesionales en el tratamiento ortod\u00f3ncico de nuestros pacientes y decidimos individualmente si dicha coterapia es adecuada en cada caso concreto.  <\/p>\n<div class=\"row\">\n<div class=\"col-md-4 nopaddingleft\">\n<h2><span style=\"color: #993366;\">Oportunidades y riesgos<\/span><\/h2>\n<\/div>\n<div class=\"col-md-8 nopaddingright\">  \u00bfExiste alg\u00fan riesgo asociado a dejar la enfermedad como est\u00e1?  <\/div>\n<\/div>\n\n                        \n                                                  \n\n                    <\/div>\n                <\/div>\n            <\/div>\n\n\n        <\/div>\n\n    <\/div>\n        <div class = \"p-top-mobile-50\"><\/div>\n<\/section>\n","protected":false},"excerpt":{"rendered":"","protected":false},"author":1,"featured_media":0,"parent":0,"menu_order":0,"comment_status":"closed","ping_status":"closed","template":"","meta":{"footnotes":""},"class_list":["post-5392","page","type-page","status-publish"],"acf":[],"yoast_head":"<!-- This site is optimized with the Yoast SEO plugin v26.6 - https:\/\/yoast.com\/wordpress\/plugins\/seo\/ -->\n<title>Consulta de ortodoncia Hannover - Dres. W. &amp; J. Entrup &amp; Dr. T. Altvater<\/title>\n<meta name=\"description\" content=\"Consulta de ortodoncia Hannover - planificaci\u00f3n del tratamiento seg\u00fan el concepto de tratamiento Balance en nuestra consulta especializada en ortodoncia integral Dres. W. &amp; J. Entrup &amp; Dr. T. Altvater. Inf\u00f3rmate ahora.\" \/>\n<meta name=\"robots\" content=\"index, follow, max-snippet:-1, max-image-preview:large, max-video-preview:-1\" \/>\n<link rel=\"canonical\" href=\"https:\/\/www.dr-entrup.de\/es\/asesoramiento\/\" \/>\n<meta property=\"og:locale\" content=\"en_US\" \/>\n<meta property=\"og:type\" content=\"article\" \/>\n<meta property=\"og:title\" content=\"Consulta de ortodoncia Hannover - Dres. W. &amp; J. Entrup &amp; Dr. T. Altvater\" \/>\n<meta property=\"og:description\" content=\"Consulta de ortodoncia Hannover - planificaci\u00f3n del tratamiento seg\u00fan el concepto de tratamiento Balance en nuestra consulta especializada en ortodoncia integral Dres. W. &amp; J. Entrup &amp; Dr. T. Altvater. Inf\u00f3rmate ahora.\" \/>\n<meta property=\"og:url\" content=\"https:\/\/www.dr-entrup.de\/es\/asesoramiento\/\" \/>\n<meta property=\"og:site_name\" content=\"BALANCE Fachpraxis f\u00fcr umfassende Kieferorthop\u00e4die Hannover Dr. Entrup\" \/>\n<meta property=\"article:modified_time\" content=\"2024-08-28T15:18:20+00:00\" \/>\n<meta name=\"twitter:card\" content=\"summary_large_image\" \/>\n<script type=\"application\/ld+json\" class=\"yoast-schema-graph\">{\"@context\":\"https:\/\/schema.org\",\"@graph\":[{\"@type\":\"WebPage\",\"@id\":\"https:\/\/www.dr-entrup.de\/es\/asesoramiento\/\",\"url\":\"https:\/\/www.dr-entrup.de\/es\/asesoramiento\/\",\"name\":\"Consulta de ortodoncia Hannover - Dres. W. & J. Entrup & Dr. T. Altvater\",\"isPartOf\":{\"@id\":\"https:\/\/www.dr-entrup.de\/es\/#website\"},\"datePublished\":\"2023-10-25T12:08:21+00:00\",\"dateModified\":\"2024-08-28T15:18:20+00:00\",\"description\":\"Consulta de ortodoncia Hannover - planificaci\u00f3n del tratamiento seg\u00fan el concepto de tratamiento Balance en nuestra consulta especializada en ortodoncia integral Dres. W. & J. Entrup & Dr. T. Altvater. Inf\u00f3rmate ahora.\",\"breadcrumb\":{\"@id\":\"https:\/\/www.dr-entrup.de\/es\/asesoramiento\/#breadcrumb\"},\"inLanguage\":\"en-DE\",\"potentialAction\":[{\"@type\":\"ReadAction\",\"target\":[\"https:\/\/www.dr-entrup.de\/es\/asesoramiento\/\"]}]},{\"@type\":\"BreadcrumbList\",\"@id\":\"https:\/\/www.dr-entrup.de\/es\/asesoramiento\/#breadcrumb\",\"itemListElement\":[{\"@type\":\"ListItem\",\"position\":1,\"name\":\"Home\",\"item\":\"https:\/\/www.dr-entrup.de\/es\/\"},{\"@type\":\"ListItem\",\"position\":2,\"name\":\"Asesoramiento\"}]},{\"@type\":\"WebSite\",\"@id\":\"https:\/\/www.dr-entrup.de\/es\/#website\",\"url\":\"https:\/\/www.dr-entrup.de\/es\/\",\"name\":\"BALANCE Fachpraxis f\u00fcr umfassende Kieferorthop\u00e4die Hannover Dr. Entrup\",\"description\":\"BALANCE Fachpraxis f\u00fcr umfassende Kieferorthop\u00e4die Hannover Dr. Entrup\",\"publisher\":{\"@id\":\"https:\/\/www.dr-entrup.de\/es\/#organization\"},\"potentialAction\":[{\"@type\":\"SearchAction\",\"target\":{\"@type\":\"EntryPoint\",\"urlTemplate\":\"https:\/\/www.dr-entrup.de\/es\/?s={search_term_string}\"},\"query-input\":{\"@type\":\"PropertyValueSpecification\",\"valueRequired\":true,\"valueName\":\"search_term_string\"}}],\"inLanguage\":\"en-DE\"},{\"@type\":\"Organization\",\"@id\":\"https:\/\/www.dr-entrup.de\/es\/#organization\",\"name\":\"BALANCE Fachpraxis f\u00fcr umfassende Kieferorthop\u00e4die Hannover Dr. Entrup\",\"url\":\"https:\/\/www.dr-entrup.de\/es\/\",\"logo\":{\"@type\":\"ImageObject\",\"inLanguage\":\"en-DE\",\"@id\":\"https:\/\/www.dr-entrup.de\/es\/#\/schema\/logo\/image\/\",\"url\":\"https:\/\/www.dr-entrup.de\/wp-content\/uploads\/2023\/11\/logo-plus-subtext.png\",\"contentUrl\":\"https:\/\/www.dr-entrup.de\/wp-content\/uploads\/2023\/11\/logo-plus-subtext.png\",\"width\":302,\"height\":326,\"caption\":\"BALANCE Fachpraxis f\u00fcr umfassende Kieferorthop\u00e4die Hannover Dr. Entrup\"},\"image\":{\"@id\":\"https:\/\/www.dr-entrup.de\/es\/#\/schema\/logo\/image\/\"}}]}<\/script>\n<!-- \/ Yoast SEO plugin. -->","yoast_head_json":{"title":"Consulta de ortodoncia Hannover - Dres. W. & J. Entrup & Dr. T. Altvater","description":"Consulta de ortodoncia Hannover - planificaci\u00f3n del tratamiento seg\u00fan el concepto de tratamiento Balance en nuestra consulta especializada en ortodoncia integral Dres. W. & J. Entrup & Dr. T. Altvater. Inf\u00f3rmate ahora.","robots":{"index":"index","follow":"follow","max-snippet":"max-snippet:-1","max-image-preview":"max-image-preview:large","max-video-preview":"max-video-preview:-1"},"canonical":"https:\/\/www.dr-entrup.de\/es\/asesoramiento\/","og_locale":"en_US","og_type":"article","og_title":"Consulta de ortodoncia Hannover - Dres. W. & J. Entrup & Dr. T. Altvater","og_description":"Consulta de ortodoncia Hannover - planificaci\u00f3n del tratamiento seg\u00fan el concepto de tratamiento Balance en nuestra consulta especializada en ortodoncia integral Dres. W. & J. Entrup & Dr. T. Altvater. Inf\u00f3rmate ahora.","og_url":"https:\/\/www.dr-entrup.de\/es\/asesoramiento\/","og_site_name":"BALANCE Fachpraxis f\u00fcr umfassende Kieferorthop\u00e4die Hannover Dr. Entrup","article_modified_time":"2024-08-28T15:18:20+00:00","twitter_card":"summary_large_image","schema":{"@context":"https:\/\/schema.org","@graph":[{"@type":"WebPage","@id":"https:\/\/www.dr-entrup.de\/es\/asesoramiento\/","url":"https:\/\/www.dr-entrup.de\/es\/asesoramiento\/","name":"Consulta de ortodoncia Hannover - Dres. W. & J. Entrup & Dr. T. Altvater","isPartOf":{"@id":"https:\/\/www.dr-entrup.de\/es\/#website"},"datePublished":"2023-10-25T12:08:21+00:00","dateModified":"2024-08-28T15:18:20+00:00","description":"Consulta de ortodoncia Hannover - planificaci\u00f3n del tratamiento seg\u00fan el concepto de tratamiento Balance en nuestra consulta especializada en ortodoncia integral Dres. W. & J. Entrup & Dr. T. Altvater. Inf\u00f3rmate ahora.","breadcrumb":{"@id":"https:\/\/www.dr-entrup.de\/es\/asesoramiento\/#breadcrumb"},"inLanguage":"en-DE","potentialAction":[{"@type":"ReadAction","target":["https:\/\/www.dr-entrup.de\/es\/asesoramiento\/"]}]},{"@type":"BreadcrumbList","@id":"https:\/\/www.dr-entrup.de\/es\/asesoramiento\/#breadcrumb","itemListElement":[{"@type":"ListItem","position":1,"name":"Home","item":"https:\/\/www.dr-entrup.de\/es\/"},{"@type":"ListItem","position":2,"name":"Asesoramiento"}]},{"@type":"WebSite","@id":"https:\/\/www.dr-entrup.de\/es\/#website","url":"https:\/\/www.dr-entrup.de\/es\/","name":"BALANCE Fachpraxis f\u00fcr umfassende Kieferorthop\u00e4die Hannover Dr. Entrup","description":"BALANCE Fachpraxis f\u00fcr umfassende Kieferorthop\u00e4die Hannover Dr. Entrup","publisher":{"@id":"https:\/\/www.dr-entrup.de\/es\/#organization"},"potentialAction":[{"@type":"SearchAction","target":{"@type":"EntryPoint","urlTemplate":"https:\/\/www.dr-entrup.de\/es\/?s={search_term_string}"},"query-input":{"@type":"PropertyValueSpecification","valueRequired":true,"valueName":"search_term_string"}}],"inLanguage":"en-DE"},{"@type":"Organization","@id":"https:\/\/www.dr-entrup.de\/es\/#organization","name":"BALANCE Fachpraxis f\u00fcr umfassende Kieferorthop\u00e4die Hannover Dr. Entrup","url":"https:\/\/www.dr-entrup.de\/es\/","logo":{"@type":"ImageObject","inLanguage":"en-DE","@id":"https:\/\/www.dr-entrup.de\/es\/#\/schema\/logo\/image\/","url":"https:\/\/www.dr-entrup.de\/wp-content\/uploads\/2023\/11\/logo-plus-subtext.png","contentUrl":"https:\/\/www.dr-entrup.de\/wp-content\/uploads\/2023\/11\/logo-plus-subtext.png","width":302,"height":326,"caption":"BALANCE Fachpraxis f\u00fcr umfassende Kieferorthop\u00e4die Hannover Dr. Entrup"},"image":{"@id":"https:\/\/www.dr-entrup.de\/es\/#\/schema\/logo\/image\/"}}]}},"_links":{"self":[{"href":"https:\/\/www.dr-entrup.de\/es\/wp-json\/wp\/v2\/pages\/5392","targetHints":{"allow":["GET"]}}],"collection":[{"href":"https:\/\/www.dr-entrup.de\/es\/wp-json\/wp\/v2\/pages"}],"about":[{"href":"https:\/\/www.dr-entrup.de\/es\/wp-json\/wp\/v2\/types\/page"}],"author":[{"embeddable":true,"href":"https:\/\/www.dr-entrup.de\/es\/wp-json\/wp\/v2\/users\/1"}],"replies":[{"embeddable":true,"href":"https:\/\/www.dr-entrup.de\/es\/wp-json\/wp\/v2\/comments?post=5392"}],"version-history":[{"count":2,"href":"https:\/\/www.dr-entrup.de\/es\/wp-json\/wp\/v2\/pages\/5392\/revisions"}],"predecessor-version":[{"id":6709,"href":"https:\/\/www.dr-entrup.de\/es\/wp-json\/wp\/v2\/pages\/5392\/revisions\/6709"}],"wp:attachment":[{"href":"https:\/\/www.dr-entrup.de\/es\/wp-json\/wp\/v2\/media?parent=5392"}],"curies":[{"name":"wp","href":"https:\/\/api.w.org\/{rel}","templated":true}]}}