{"id":5383,"date":"2023-10-21T08:25:53","date_gmt":"2023-10-21T06:25:53","guid":{"rendered":"https:\/\/debug.dr-entrup.de\/cita-online\/"},"modified":"2024-08-28T17:18:17","modified_gmt":"2024-08-28T15:18:17","slug":"cita-online","status":"publish","type":"page","link":"https:\/\/www.dr-entrup.de\/es\/cita-online\/","title":{"rendered":"Cita online"},"content":{"rendered":"\n<section class = \"fdn-grid\">\n\t<div class = \"grid-container no-padding\">\n\t\t<div class = \"grid-x\">\n\t\t\t<div class=\"cell large-12 small-12 \">\n\t\t\t\t<div class =\"hero hero--background-gray text-center\">\n\t\t\t\t\t<img loading=\"lazy\" decoding=\"async\" width=\"1800\" height=\"822\" src=\"https:\/\/www.dr-entrup.de\/wp-content\/uploads\/2024\/06\/Online-Termin-jetzt-Termin-vereinbaren-Fachpraxis-fur-umfassende-Kieferorthopadie-Dr.-Entrup-in-Hannover.jpeg\" class=\"image img-responsive-no-block\" alt=\"Termin Online Kieferorthopa\u0308die Hannover - Buchen Sie Ihren Termin Online Fachpraxis Dres. W. &amp; J. Entrup &amp; Dr. T. Altvater\" srcset=\"https:\/\/www.dr-entrup.de\/wp-content\/uploads\/2024\/06\/Online-Termin-jetzt-Termin-vereinbaren-Fachpraxis-fur-umfassende-Kieferorthopadie-Dr.-Entrup-in-Hannover.jpeg 1800w, https:\/\/www.dr-entrup.de\/wp-content\/uploads\/2024\/06\/Online-Termin-jetzt-Termin-vereinbaren-Fachpraxis-fur-umfassende-Kieferorthopadie-Dr.-Entrup-in-Hannover-300x137.jpeg 300w, https:\/\/www.dr-entrup.de\/wp-content\/uploads\/2024\/06\/Online-Termin-jetzt-Termin-vereinbaren-Fachpraxis-fur-umfassende-Kieferorthopadie-Dr.-Entrup-in-Hannover-1024x468.jpeg 1024w, https:\/\/www.dr-entrup.de\/wp-content\/uploads\/2024\/06\/Online-Termin-jetzt-Termin-vereinbaren-Fachpraxis-fur-umfassende-Kieferorthopadie-Dr.-Entrup-in-Hannover-768x351.jpeg 768w, https:\/\/www.dr-entrup.de\/wp-content\/uploads\/2024\/06\/Online-Termin-jetzt-Termin-vereinbaren-Fachpraxis-fur-umfassende-Kieferorthopadie-Dr.-Entrup-in-Hannover-1536x701.jpeg 1536w\" sizes=\"auto, (max-width: 1800px) 100vw, 1800px\" \/>\t\t\t\t<\/div>\n\t\t\t<\/div>\n\t\t<\/div>\n\t<\/div>\n<\/section>\n\n<section class = \"fdn-grid\">\n    <div class = \"p-top-mobile-50\"><\/div>\n    <div class = \"grid-container full-with-margin-10 no-padding\">\n        <div class = \"grid-x\">\n            <div class = \"cell small-12\">\n\n\n\n                <h1 class=\"heading heading--primary m-bottom-40\">Cita online ortodoncia Hannover<\/h1>\n                <h2 class=\"heading heading--secondary m-bottom-10\">Reserva tu cita c\u00f3modamente online &#8211; Consulta especializada en ortodoncia integral Dres. W. &amp; J. Entrup &amp; Dr. T. Altvater<\/h2>\n                <span class=\"short-line-decoration short-line-decoration--mini-width color-bordeaux-bg\"><\/span>\n\n                <div class=\"m-top-40 paragraph\">\n\n                    <p>Puedes pedir cita online con nuestro equipo de consulta en el siguiente di\u00e1logo. S\u00f3lo tienes que introducir tus datos personales y tus sugerencias de fechas en el siguiente formulario. Tomaremos nota de tu solicitud de cita y nos pondremos en contacto contigo en breve. Tus datos transmitidos se tratar\u00e1n de forma estrictamente confidencial. Puedes rellenar c\u00f3modamente el formulario de historial m\u00e9dico en l\u00ednea aqu\u00ed: <a href=\"https:\/\/gonelly.de\/o\/entrup\/v2\">Formulario de historial m\u00e9dico <\/a> <\/p>\n\n                <\/div>\n                            <\/div>\n        <\/div>\n    <\/div>\n     <div class = \"p-top-mobile-50\"><\/div>\n<\/section>\n\n<section class = \"fdn-grid  color-extra-pink-bg\">\n    <div class = \"p-top-mobile-50\"><\/div>\n\n    <div class = \"grid-container full-with-large-margin\">\n\n        <div class = \"grid-x\">\n\n            <div class = \"cell small-12 large-12\">\n                \n<div class=\"wpcf7 no-js\" id=\"wpcf7-f6592-o1\" lang=\"es-ES\" dir=\"ltr\" data-wpcf7-id=\"6592\">\n<div class=\"screen-reader-response\"><p role=\"status\" aria-live=\"polite\" aria-atomic=\"true\"><\/p> <ul><\/ul><\/div>\n<form action=\"\/es\/wp-json\/wp\/v2\/pages\/5383#wpcf7-f6592-o1\" method=\"post\" class=\"wpcf7-form init\" aria-label=\"Formulario de contacto\" novalidate=\"novalidate\" data-status=\"init\">\n<fieldset class=\"hidden-fields-container\"><input type=\"hidden\" name=\"_wpcf7\" value=\"6592\" \/><input type=\"hidden\" name=\"_wpcf7_version\" value=\"6.1.5\" \/><input type=\"hidden\" name=\"_wpcf7_locale\" value=\"es_ES\" \/><input type=\"hidden\" name=\"_wpcf7_unit_tag\" value=\"wpcf7-f6592-o1\" \/><input type=\"hidden\" name=\"_wpcf7_container_post\" value=\"0\" \/><input type=\"hidden\" name=\"_wpcf7_posted_data_hash\" value=\"\" \/>\n<\/fieldset>\n<p><label> Nombre * <span class=\"wpcf7-form-control-wrap\" data-name=\"Name\"><input size=\"40\" maxlength=\"400\" class=\"wpcf7-form-control wpcf7-text wpcf7-validates-as-required\" autocomplete=\"family-name\" aria-required=\"true\" aria-invalid=\"false\" value=\"\" type=\"text\" name=\"Name\" \/><\/span> <\/label>\n<\/p>\n<p><label> Calle <span class=\"wpcf7-form-control-wrap\" data-name=\"Strasse\"><input size=\"40\" maxlength=\"400\" class=\"wpcf7-form-control wpcf7-text\" autocomplete=\"street-address\" aria-invalid=\"false\" value=\"\" type=\"text\" name=\"Strasse\" \/><\/span> <\/label>\n<\/p>\n<p><label> Lugar <span class=\"wpcf7-form-control-wrap\" data-name=\"ort\"><input size=\"40\" maxlength=\"400\" class=\"wpcf7-form-control wpcf7-text\" autocomplete=\"address-level2\" aria-invalid=\"false\" value=\"\" type=\"text\" name=\"ort\" \/><\/span> <\/label>\n<\/p>\n<p><label> C\u00d3DIGO POSTAL <span class=\"wpcf7-form-control-wrap\" data-name=\"plz\"><input size=\"40\" maxlength=\"400\" class=\"wpcf7-form-control wpcf7-text\" autocomplete=\"postal-code\" aria-invalid=\"false\" value=\"\" type=\"text\" name=\"plz\" \/><\/span> <\/label>\n<\/p>\n<p><label> Tel\u00e9fono * <span class=\"wpcf7-form-control-wrap\" data-name=\"Telefon\"><input size=\"40\" maxlength=\"400\" class=\"wpcf7-form-control wpcf7-tel wpcf7-validates-as-required wpcf7-text wpcf7-validates-as-tel\" autocomplete=\"tel\" aria-required=\"true\" aria-invalid=\"false\" value=\"\" type=\"tel\" name=\"Telefon\" \/><\/span><\/label>\n<\/p>\n<p><label> M\u00f3vil <span class=\"wpcf7-form-control-wrap\" data-name=\"Mobil\"><input size=\"40\" maxlength=\"400\" class=\"wpcf7-form-control wpcf7-tel wpcf7-text wpcf7-validates-as-tel\" autocomplete=\"tel\" aria-invalid=\"false\" value=\"\" type=\"tel\" name=\"Mobil\" \/><\/span> <\/label>\n<\/p>\n<p><label> Seguro * <span class=\"wpcf7-form-control-wrap\" data-name=\"versicherung\"><input size=\"40\" maxlength=\"400\" class=\"wpcf7-form-control wpcf7-text wpcf7-validates-as-required\" aria-required=\"true\" aria-invalid=\"false\" value=\"\" type=\"text\" name=\"versicherung\" \/><\/span> <\/label>\n<\/p>\n<p><label> Fecha de nacimiento * <span class=\"wpcf7-form-control-wrap\" data-name=\"bday\"><input class=\"wpcf7-form-control wpcf7-date wpcf7-validates-as-required wpcf7-validates-as-date\" autocomplete=\"bday\" aria-required=\"true\" aria-invalid=\"false\" value=\"\" type=\"date\" name=\"bday\" \/><\/span> <\/label>\n<\/p>\n<p><label> Direcci\u00f3n de correo electr\u00f3nico * <span class=\"wpcf7-form-control-wrap\" data-name=\"your-email\"><input size=\"40\" maxlength=\"400\" class=\"wpcf7-form-control wpcf7-email wpcf7-validates-as-required wpcf7-text wpcf7-validates-as-email\" autocomplete=\"email\" aria-required=\"true\" aria-invalid=\"false\" value=\"\" type=\"email\" name=\"your-email\" \/><\/span> <\/label>\n<\/p>\n<p><label> Los siguientes d\u00edas de la semana son posibles para m\u00ed: <span class=\"wpcf7-form-control-wrap\" data-name=\"menu-362\"><select class=\"wpcf7-form-control wpcf7-select sdf\" aria-invalid=\"false\" name=\"menu-362\"><option value=\"lunes martes mi\u00e9rcoles jueves viernes Lo que sea\">lunes martes mi\u00e9rcoles jueves viernes Lo que sea<\/option><\/select><\/span> <\/label>\n<\/p>\n<p><label> Las siguientes horas del d\u00eda son posibles para m\u00ed: <span class=\"wpcf7-form-control-wrap\" data-name=\"menu-3624\"><select class=\"wpcf7-form-control wpcf7-select sdf\" aria-invalid=\"false\" name=\"menu-3624\"><option value=\"Ma\u00f1ana Tarde No importa\">Ma\u00f1ana Tarde No importa<\/option><\/select><\/span> <\/label>\n<\/p>\n<p><label> La siguiente fecha me viene bien: <span class=\"wpcf7-form-control-wrap\" data-name=\"date-177\"><input class=\"wpcf7-form-control wpcf7-date wpcf7-validates-as-date\" aria-invalid=\"false\" value=\"\" type=\"date\" name=\"date-177\" \/><\/span><\/label>\n<\/p>\n<p><label> Fecha alternativa: <span class=\"wpcf7-form-control-wrap\" data-name=\"date-1778\"><input class=\"wpcf7-form-control wpcf7-date wpcf7-validates-as-date\" aria-invalid=\"false\" value=\"\" type=\"date\" name=\"date-1778\" \/><\/span><\/label>\n<\/p>\n<p><label> Tu mensaje para nosotros * <span class=\"wpcf7-form-control-wrap\" data-name=\"your-message\"><textarea cols=\"40\" rows=\"10\" maxlength=\"2000\" class=\"wpcf7-form-control wpcf7-textarea wpcf7-validates-as-required\" aria-required=\"true\" aria-invalid=\"false\" name=\"your-message\"><\/textarea><\/span> <\/label>\n<\/p>\n<p><span class=\"wpcf7-form-control-wrap\" data-name=\"acceptance-740\"><span class=\"wpcf7-form-control wpcf7-acceptance\"><span class=\"wpcf7-list-item\"><label><input type=\"checkbox\" name=\"acceptance-740\" value=\"1\" aria-invalid=\"false\" \/><span class=\"wpcf7-list-item-label\">He le\u00eddo las <a target=\"_blank\" href=\"\/datenschutz\/\">normas de protecci\u00f3n de datos<\/a> y las acepto expresamente.<\/span><\/label><\/span><\/span><\/span>\n<\/p>\n<p><input class=\"wpcf7-form-control wpcf7-submit has-spinner\" type=\"submit\" value=\"Env\u00edo de\" \/>\n<\/p><div class=\"wpcf7-response-output\" aria-hidden=\"true\"><\/div>\n<\/form>\n<\/div>\n            <\/div>\n\n        <\/div>\n    <\/div>\n\n    <div class = \"p-top-mobile-50\"><\/div>\n\n<\/section>\n\n","protected":false},"excerpt":{"rendered":"","protected":false},"author":1,"featured_media":0,"parent":0,"menu_order":0,"comment_status":"closed","ping_status":"closed","template":"","meta":{"footnotes":""},"class_list":["post-5383","page","type-page","status-publish"],"acf":[],"yoast_head":"<!-- This site is optimized with the Yoast SEO plugin v27.5 - https:\/\/yoast.com\/product\/yoast-seo-wordpress\/ -->\n<title>Cita online - BALANCE Fachpraxis f\u00fcr umfassende Kieferorthop\u00e4die Hannover Dr. Entrup<\/title>\n<meta name=\"description\" content=\"Cita online Consulta especializada en ortodoncia integral Dres. W. &amp; J. Entrup &amp; Dr. T. Altvater: \u00bfEst\u00e1s interesado en una cita en nuestra consulta de ortodoncia de Hannover? Nuestra solicitud de cita online te ayudar\u00e1.\" \/>\n<meta name=\"robots\" content=\"index, follow, max-snippet:-1, max-image-preview:large, max-video-preview:-1\" \/>\n<link rel=\"canonical\" href=\"https:\/\/www.dr-entrup.de\/es\/cita-online\/\" \/>\n<meta property=\"og:locale\" content=\"en_US\" \/>\n<meta property=\"og:type\" content=\"article\" \/>\n<meta property=\"og:title\" content=\"Cita online - BALANCE Fachpraxis f\u00fcr umfassende Kieferorthop\u00e4die Hannover Dr. Entrup\" \/>\n<meta property=\"og:description\" content=\"Cita online Consulta especializada en ortodoncia integral Dres. W. &amp; J. Entrup &amp; Dr. T. Altvater: \u00bfEst\u00e1s interesado en una cita en nuestra consulta de ortodoncia de Hannover? Nuestra solicitud de cita online te ayudar\u00e1.\" \/>\n<meta property=\"og:url\" content=\"https:\/\/www.dr-entrup.de\/es\/cita-online\/\" \/>\n<meta property=\"og:site_name\" content=\"BALANCE Fachpraxis f\u00fcr umfassende Kieferorthop\u00e4die Hannover Dr. Entrup\" \/>\n<meta property=\"article:modified_time\" content=\"2024-08-28T15:18:17+00:00\" \/>\n<meta name=\"twitter:card\" content=\"summary_large_image\" \/>\n<script type=\"application\/ld+json\" class=\"yoast-schema-graph\">{\"@context\":\"https:\\\/\\\/schema.org\",\"@graph\":[{\"@type\":\"WebPage\",\"@id\":\"https:\\\/\\\/www.dr-entrup.de\\\/es\\\/cita-online\\\/\",\"url\":\"https:\\\/\\\/www.dr-entrup.de\\\/es\\\/cita-online\\\/\",\"name\":\"Cita online - BALANCE Fachpraxis f\u00fcr umfassende Kieferorthop\u00e4die Hannover Dr. Entrup\",\"isPartOf\":{\"@id\":\"https:\\\/\\\/www.dr-entrup.de\\\/es\\\/#website\"},\"datePublished\":\"2023-10-21T06:25:53+00:00\",\"dateModified\":\"2024-08-28T15:18:17+00:00\",\"description\":\"Cita online Consulta especializada en ortodoncia integral Dres. W. & J. Entrup & Dr. T. Altvater: \u00bfEst\u00e1s interesado en una cita en nuestra consulta de ortodoncia de Hannover? Nuestra solicitud de cita online te ayudar\u00e1.\",\"breadcrumb\":{\"@id\":\"https:\\\/\\\/www.dr-entrup.de\\\/es\\\/cita-online\\\/#breadcrumb\"},\"inLanguage\":\"en-DE\",\"potentialAction\":[{\"@type\":\"ReadAction\",\"target\":[\"https:\\\/\\\/www.dr-entrup.de\\\/es\\\/cita-online\\\/\"]}]},{\"@type\":\"BreadcrumbList\",\"@id\":\"https:\\\/\\\/www.dr-entrup.de\\\/es\\\/cita-online\\\/#breadcrumb\",\"itemListElement\":[{\"@type\":\"ListItem\",\"position\":1,\"name\":\"Home\",\"item\":\"https:\\\/\\\/www.dr-entrup.de\\\/es\\\/\"},{\"@type\":\"ListItem\",\"position\":2,\"name\":\"Cita online\"}]},{\"@type\":\"WebSite\",\"@id\":\"https:\\\/\\\/www.dr-entrup.de\\\/es\\\/#website\",\"url\":\"https:\\\/\\\/www.dr-entrup.de\\\/es\\\/\",\"name\":\"BALANCE Fachpraxis f\u00fcr umfassende Kieferorthop\u00e4die Hannover Dr. Entrup\",\"description\":\"BALANCE Fachpraxis f\u00fcr umfassende Kieferorthop\u00e4die Hannover Dr. Entrup\",\"publisher\":{\"@id\":\"https:\\\/\\\/www.dr-entrup.de\\\/es\\\/#organization\"},\"potentialAction\":[{\"@type\":\"SearchAction\",\"target\":{\"@type\":\"EntryPoint\",\"urlTemplate\":\"https:\\\/\\\/www.dr-entrup.de\\\/es\\\/?s={search_term_string}\"},\"query-input\":{\"@type\":\"PropertyValueSpecification\",\"valueRequired\":true,\"valueName\":\"search_term_string\"}}],\"inLanguage\":\"en-DE\"},{\"@type\":\"Organization\",\"@id\":\"https:\\\/\\\/www.dr-entrup.de\\\/es\\\/#organization\",\"name\":\"BALANCE Fachpraxis f\u00fcr umfassende Kieferorthop\u00e4die Hannover Dr. Entrup\",\"url\":\"https:\\\/\\\/www.dr-entrup.de\\\/es\\\/\",\"logo\":{\"@type\":\"ImageObject\",\"inLanguage\":\"en-DE\",\"@id\":\"https:\\\/\\\/www.dr-entrup.de\\\/es\\\/#\\\/schema\\\/logo\\\/image\\\/\",\"url\":\"https:\\\/\\\/www.dr-entrup.de\\\/wp-content\\\/uploads\\\/2023\\\/11\\\/logo-plus-subtext.png\",\"contentUrl\":\"https:\\\/\\\/www.dr-entrup.de\\\/wp-content\\\/uploads\\\/2023\\\/11\\\/logo-plus-subtext.png\",\"width\":302,\"height\":326,\"caption\":\"BALANCE Fachpraxis f\u00fcr umfassende Kieferorthop\u00e4die Hannover Dr. Entrup\"},\"image\":{\"@id\":\"https:\\\/\\\/www.dr-entrup.de\\\/es\\\/#\\\/schema\\\/logo\\\/image\\\/\"}}]}<\/script>\n<!-- \/ Yoast SEO plugin. -->","yoast_head_json":{"title":"Cita online - BALANCE Fachpraxis f\u00fcr umfassende Kieferorthop\u00e4die Hannover Dr. Entrup","description":"Cita online Consulta especializada en ortodoncia integral Dres. W. & J. Entrup & Dr. T. Altvater: \u00bfEst\u00e1s interesado en una cita en nuestra consulta de ortodoncia de Hannover? Nuestra solicitud de cita online te ayudar\u00e1.","robots":{"index":"index","follow":"follow","max-snippet":"max-snippet:-1","max-image-preview":"max-image-preview:large","max-video-preview":"max-video-preview:-1"},"canonical":"https:\/\/www.dr-entrup.de\/es\/cita-online\/","og_locale":"en_US","og_type":"article","og_title":"Cita online - BALANCE Fachpraxis f\u00fcr umfassende Kieferorthop\u00e4die Hannover Dr. Entrup","og_description":"Cita online Consulta especializada en ortodoncia integral Dres. W. & J. Entrup & Dr. T. Altvater: \u00bfEst\u00e1s interesado en una cita en nuestra consulta de ortodoncia de Hannover? Nuestra solicitud de cita online te ayudar\u00e1.","og_url":"https:\/\/www.dr-entrup.de\/es\/cita-online\/","og_site_name":"BALANCE Fachpraxis f\u00fcr umfassende Kieferorthop\u00e4die Hannover Dr. Entrup","article_modified_time":"2024-08-28T15:18:17+00:00","twitter_card":"summary_large_image","schema":{"@context":"https:\/\/schema.org","@graph":[{"@type":"WebPage","@id":"https:\/\/www.dr-entrup.de\/es\/cita-online\/","url":"https:\/\/www.dr-entrup.de\/es\/cita-online\/","name":"Cita online - BALANCE Fachpraxis f\u00fcr umfassende Kieferorthop\u00e4die Hannover Dr. Entrup","isPartOf":{"@id":"https:\/\/www.dr-entrup.de\/es\/#website"},"datePublished":"2023-10-21T06:25:53+00:00","dateModified":"2024-08-28T15:18:17+00:00","description":"Cita online Consulta especializada en ortodoncia integral Dres. W. & J. Entrup & Dr. T. Altvater: \u00bfEst\u00e1s interesado en una cita en nuestra consulta de ortodoncia de Hannover? Nuestra solicitud de cita online te ayudar\u00e1.","breadcrumb":{"@id":"https:\/\/www.dr-entrup.de\/es\/cita-online\/#breadcrumb"},"inLanguage":"en-DE","potentialAction":[{"@type":"ReadAction","target":["https:\/\/www.dr-entrup.de\/es\/cita-online\/"]}]},{"@type":"BreadcrumbList","@id":"https:\/\/www.dr-entrup.de\/es\/cita-online\/#breadcrumb","itemListElement":[{"@type":"ListItem","position":1,"name":"Home","item":"https:\/\/www.dr-entrup.de\/es\/"},{"@type":"ListItem","position":2,"name":"Cita online"}]},{"@type":"WebSite","@id":"https:\/\/www.dr-entrup.de\/es\/#website","url":"https:\/\/www.dr-entrup.de\/es\/","name":"BALANCE Fachpraxis f\u00fcr umfassende Kieferorthop\u00e4die Hannover Dr. Entrup","description":"BALANCE Fachpraxis f\u00fcr umfassende Kieferorthop\u00e4die Hannover Dr. Entrup","publisher":{"@id":"https:\/\/www.dr-entrup.de\/es\/#organization"},"potentialAction":[{"@type":"SearchAction","target":{"@type":"EntryPoint","urlTemplate":"https:\/\/www.dr-entrup.de\/es\/?s={search_term_string}"},"query-input":{"@type":"PropertyValueSpecification","valueRequired":true,"valueName":"search_term_string"}}],"inLanguage":"en-DE"},{"@type":"Organization","@id":"https:\/\/www.dr-entrup.de\/es\/#organization","name":"BALANCE Fachpraxis f\u00fcr umfassende Kieferorthop\u00e4die Hannover Dr. Entrup","url":"https:\/\/www.dr-entrup.de\/es\/","logo":{"@type":"ImageObject","inLanguage":"en-DE","@id":"https:\/\/www.dr-entrup.de\/es\/#\/schema\/logo\/image\/","url":"https:\/\/www.dr-entrup.de\/wp-content\/uploads\/2023\/11\/logo-plus-subtext.png","contentUrl":"https:\/\/www.dr-entrup.de\/wp-content\/uploads\/2023\/11\/logo-plus-subtext.png","width":302,"height":326,"caption":"BALANCE Fachpraxis f\u00fcr umfassende Kieferorthop\u00e4die Hannover Dr. Entrup"},"image":{"@id":"https:\/\/www.dr-entrup.de\/es\/#\/schema\/logo\/image\/"}}]}},"_links":{"self":[{"href":"https:\/\/www.dr-entrup.de\/es\/wp-json\/wp\/v2\/pages\/5383","targetHints":{"allow":["GET"]}}],"collection":[{"href":"https:\/\/www.dr-entrup.de\/es\/wp-json\/wp\/v2\/pages"}],"about":[{"href":"https:\/\/www.dr-entrup.de\/es\/wp-json\/wp\/v2\/types\/page"}],"author":[{"embeddable":true,"href":"https:\/\/www.dr-entrup.de\/es\/wp-json\/wp\/v2\/users\/1"}],"replies":[{"embeddable":true,"href":"https:\/\/www.dr-entrup.de\/es\/wp-json\/wp\/v2\/comments?post=5383"}],"version-history":[{"count":3,"href":"https:\/\/www.dr-entrup.de\/es\/wp-json\/wp\/v2\/pages\/5383\/revisions"}],"predecessor-version":[{"id":6711,"href":"https:\/\/www.dr-entrup.de\/es\/wp-json\/wp\/v2\/pages\/5383\/revisions\/6711"}],"wp:attachment":[{"href":"https:\/\/www.dr-entrup.de\/es\/wp-json\/wp\/v2\/media?parent=5383"}],"curies":[{"name":"wp","href":"https:\/\/api.w.org\/{rel}","templated":true}]}}