{"id":5371,"date":"2023-10-25T18:13:05","date_gmt":"2023-10-25T16:13:05","guid":{"rendered":"https:\/\/debug.dr-entrup.de\/ortodoncia-estetica\/"},"modified":"2024-08-28T17:18:52","modified_gmt":"2024-08-28T15:18:52","slug":"ortodoncia-estetica","status":"publish","type":"page","link":"https:\/\/www.dr-entrup.de\/es\/ortodoncia-estetica\/","title":{"rendered":"Ortodoncia est\u00e9tica"},"content":{"rendered":"\n<section class = \"fdn-grid\">\n\t<div class = \"grid-container no-padding\">\n\t\t<div class = \"grid-x\">\n\t\t\t<div class=\"cell large-12 small-12 \">\n\t\t\t\t<div class =\"hero hero--background-gray text-center\">\n\t\t\t\t\t<img loading=\"lazy\" decoding=\"async\" width=\"1800\" height=\"812\" src=\"https:\/\/www.dr-entrup.de\/wp-content\/uploads\/2024\/05\/Asthetische-Kieferorthopadie-Hannover-Asthetische-Zahnspangen-bzw.-Behandlungsapparaturen-fur-Ihr-schonstes-Lacheln-1.jpg\" class=\"image img-responsive-no-block\" alt=\"\" srcset=\"https:\/\/www.dr-entrup.de\/wp-content\/uploads\/2024\/05\/Asthetische-Kieferorthopadie-Hannover-Asthetische-Zahnspangen-bzw.-Behandlungsapparaturen-fur-Ihr-schonstes-Lacheln-1.jpg 1800w, https:\/\/www.dr-entrup.de\/wp-content\/uploads\/2024\/05\/Asthetische-Kieferorthopadie-Hannover-Asthetische-Zahnspangen-bzw.-Behandlungsapparaturen-fur-Ihr-schonstes-Lacheln-1-300x135.jpg 300w, https:\/\/www.dr-entrup.de\/wp-content\/uploads\/2024\/05\/Asthetische-Kieferorthopadie-Hannover-Asthetische-Zahnspangen-bzw.-Behandlungsapparaturen-fur-Ihr-schonstes-Lacheln-1-1024x462.jpg 1024w, https:\/\/www.dr-entrup.de\/wp-content\/uploads\/2024\/05\/Asthetische-Kieferorthopadie-Hannover-Asthetische-Zahnspangen-bzw.-Behandlungsapparaturen-fur-Ihr-schonstes-Lacheln-1-768x346.jpg 768w, https:\/\/www.dr-entrup.de\/wp-content\/uploads\/2024\/05\/Asthetische-Kieferorthopadie-Hannover-Asthetische-Zahnspangen-bzw.-Behandlungsapparaturen-fur-Ihr-schonstes-Lacheln-1-1536x693.jpg 1536w\" sizes=\"auto, (max-width: 1800px) 100vw, 1800px\" \/>\t\t\t\t<\/div>\n\t\t\t<\/div>\n\t\t<\/div>\n\t<\/div>\n<\/section>\n\n<section class = \"fdn-grid\">\n    <div class = \"p-top-mobile-50\"><\/div>\n    <div class = \"grid-container full-with-margin-10 no-padding\">\n        <div class = \"grid-x\">\n            <div class = \"cell small-12\">\n\n\n\n                <h1 class=\"heading heading--primary m-bottom-40\">Ortodoncia est\u00e9tica Hannover<\/h1>\n                <h2 class=\"heading heading--secondary m-bottom-10\">Aparatos de ortodoncia y tratamiento est\u00e9ticos para tu sonrisa m\u00e1s bonita<\/h2>\n                <span class=\"short-line-decoration short-line-decoration--mini-width color-bordeaux-bg\"><\/span>\n\n                <div class=\"m-top-40 paragraph\">\n\n                    <p>La cara es nuestro \u00f3rgano de contacto y comunicaci\u00f3n m\u00e1s importante. Una sonrisa radiante es la primera y m\u00e1s importante fuente de simpat\u00eda. Unos dientes bonitos y rectos y una expresi\u00f3n facial armoniosa aumentan el atractivo. \u00a1Hay estad\u00edsticas que demuestran que cualquier profano nota hasta la m\u00e1s m\u00ednima desalineaci\u00f3n de los dientes sin darse cuenta! Esto significa que todo el mundo puede juzgar la disposici\u00f3n de los dientes frontales superiores. Un rostro armonioso y atractivo se refleja en la salud y la alegr\u00eda de vivir.<\/p>\n\n                <\/div>\n                                <a href='tel:+49511364990' class='button color-bordeaux-bg color-white button--medium' target='_self'> Llama ahora y pide consejo <\/a>                            <\/div>\n        <\/div>\n    <\/div>\n     <div class = \"p-top-mobile-50\"><\/div>\n<\/section>\n\n<section class = \"fdn-grid color-extra-pink-bg\">\n\n        <div class = \"p-top-mobile-50\"><\/div>\n    <div class = \"grid-container full-with-margin-10 no-padding\">\n\n        <div class = \"grid-x\">\n            <div class=\"cell large-6 small-12\">\n                <div class = \"m-right-25  m-bottom-25 m-left-mob-0 m-right-mob-0 m-left-tab-0 m-right-tab-0\">\n  \n  <h2 class='heading heading--medium  m-bottom-10 color-bordeaux'>Ortodoncia est\u00e9tica Hannover: discreta y eficaz<\/h2><span class='short-line-decoration  short-line-decoration--mini-width color-primary-bg'><\/span><div class = 'paragraph--medium paragraph--primary m-top-40'><p>Al mejorar tu expresi\u00f3n facial est\u00e9tica en cuanto a la posici\u00f3n general de tus dientes, labios y perfil facial, tu aspecto y autoestima mejorar\u00e1n &#8211; \u00a1este nuevo carisma positivo se notar\u00e1 claramente en tu vida privada y profesional! Hoy en d\u00eda podemos tratar a pacientes de todas las edades y, si lo desean, utilizar aparatos de tratamiento est\u00e9tico discretos o incluso invisibles sin comprometer la calidad del resultado del tratamiento.<\/p>\n<\/div>                                            <\/div>\n                <\/div>\n\n\n\n\n\n\n            <div class=\"cell large-6 small-12 \">\n                <div class = \"m-left-25 m-bottom-25 m-left-mob-0 m-right-mob-0 m-left-tab-0 m-right-tab-0\">\n\n                    <div class=\"videoWrapper\">\n                        <!-- Copy & Pasted from YouTube -->\n\t\t\t\t\t\t<p><iframe loading=\"lazy\" width=\"950\" height=\"534\" src=\"https:\/\/www.youtube.com\/embed\/Yap2SWabgIc\" title=\"Fijos y extra\u00edbles - aparatos visibles e invisibles en ortodoncia\" frameborder=\"0\" allow=\"accelerometer; autoplay; clipboard-write; encrypted-media; gyroscope; picture-in-picture; web-share\" allowfullscreen=\"\"><\/iframe><\/p>\n\n                    <\/div>\n\n                    <\/div>\n                <\/div>\n\n\n\n\n        <\/div>\n\n    <\/div>\n        <div class = \"p-top-mobile-50\"><\/div>\n<\/section>\n\n<section class = \"fdn-grid color-white-bg\">\n\n        <div class = \"p-top-mobile-50\"><\/div>\n    <div class = \"grid-container full-with-margin-10 no-padding\">\n\n        <div class = \"grid-x\">\n            <div class=\"cell large-6 small-12\">\n                <div class = \"m-right-25  m-bottom-25 m-left-mob-0 m-right-mob-0 m-left-tab-0 m-right-tab-0\">\n  \n  <h2 class='heading heading--medium  m-bottom-10 color-bordeaux'>Qu\u00e9 puedes esperar de nosotros<\/h2><span class='short-line-decoration  short-line-decoration--mini-width color-primary-bg'><\/span><div class = 'paragraph--medium paragraph--primary m-top-40'><ul>\n<li>Asesoramiento integral<\/li>\n<li>Tratamiento sin ansiedad<\/li>\n<li>Tecnolog\u00eda punta<\/li>\n<li>Enfoque hol\u00edstico<\/li>\n<li>Resultado perfecto<\/li>\n<\/ul>\n<p>&nbsp;  Nuestros expertos en ortodoncia est\u00e9tica de Hannover desean ofrecerte una primera consulta personalizada y exhaustiva. Puedes ponerte en contacto con nosotros en cualquier momento.<\/p>\n<\/div>                                            <\/div>\n                <\/div>\n\n\n\n\n\n\n            <div class=\"cell large-6 small-12 \">\n                <div class = \"m-left-25 m-bottom-25 m-left-mob-0 m-right-mob-0 m-left-tab-0 m-right-tab-0\">\n\n                    <div class=\"videoWrapper\">\n                        <!-- Copy & Pasted from YouTube -->\n\t\t\t\t\t\t<p><iframe loading=\"lazy\" title=\"T\u00e9cnica lingual Dr Entrup\" src=\"https:\/\/www.youtube.com\/embed\/_Cic62mmyyI\" width=\"950\" height=\"534\" frameborder=\"0\" allowfullscreen=\"allowfullscreen\"><\/iframe><\/p>\n\n                    <\/div>\n\n                    <\/div>\n                <\/div>\n\n\n\n\n        <\/div>\n\n    <\/div>\n        <div class = \"p-top-mobile-50\"><\/div>\n<\/section>\n","protected":false},"excerpt":{"rendered":"","protected":false},"author":1,"featured_media":0,"parent":0,"menu_order":0,"comment_status":"closed","ping_status":"closed","template":"","meta":{"footnotes":""},"class_list":["post-5371","page","type-page","status-publish"],"acf":[],"yoast_head":"<!-- This site is optimized with the Yoast SEO plugin v27.5 - https:\/\/yoast.com\/product\/yoast-seo-wordpress\/ -->\n<title>Ortodoncia est\u00e9tica Hannover, correcci\u00f3n dental discreta<\/title>\n<meta name=\"description\" content=\"Ortodoncia est\u00e9tica Hannover: Aparatos de ortodoncia y tratamiento est\u00e9ticos para tu sonrisa m\u00e1s bonita. BALANCE - tus expertos en ortodoncia integral Hannover.\" \/>\n<meta name=\"robots\" content=\"index, follow, max-snippet:-1, max-image-preview:large, max-video-preview:-1\" \/>\n<link rel=\"canonical\" href=\"https:\/\/www.dr-entrup.de\/es\/ortodoncia-estetica\/\" \/>\n<meta property=\"og:locale\" content=\"en_US\" \/>\n<meta property=\"og:type\" content=\"article\" \/>\n<meta property=\"og:title\" content=\"Ortodoncia est\u00e9tica Hannover, correcci\u00f3n dental discreta\" \/>\n<meta property=\"og:description\" content=\"Ortodoncia est\u00e9tica Hannover: Aparatos de ortodoncia y tratamiento est\u00e9ticos para tu sonrisa m\u00e1s bonita. BALANCE - tus expertos en ortodoncia integral Hannover.\" \/>\n<meta property=\"og:url\" content=\"https:\/\/www.dr-entrup.de\/es\/ortodoncia-estetica\/\" \/>\n<meta property=\"og:site_name\" content=\"BALANCE Fachpraxis f\u00fcr umfassende Kieferorthop\u00e4die Hannover Dr. Entrup\" \/>\n<meta property=\"article:modified_time\" content=\"2024-08-28T15:18:52+00:00\" \/>\n<meta name=\"twitter:card\" content=\"summary_large_image\" \/>\n<script type=\"application\/ld+json\" class=\"yoast-schema-graph\">{\"@context\":\"https:\\\/\\\/schema.org\",\"@graph\":[{\"@type\":\"WebPage\",\"@id\":\"https:\\\/\\\/www.dr-entrup.de\\\/es\\\/ortodoncia-estetica\\\/\",\"url\":\"https:\\\/\\\/www.dr-entrup.de\\\/es\\\/ortodoncia-estetica\\\/\",\"name\":\"Ortodoncia est\u00e9tica Hannover, correcci\u00f3n dental discreta\",\"isPartOf\":{\"@id\":\"https:\\\/\\\/www.dr-entrup.de\\\/es\\\/#website\"},\"datePublished\":\"2023-10-25T16:13:05+00:00\",\"dateModified\":\"2024-08-28T15:18:52+00:00\",\"description\":\"Ortodoncia est\u00e9tica Hannover: Aparatos de ortodoncia y tratamiento est\u00e9ticos para tu sonrisa m\u00e1s bonita. BALANCE - tus expertos en ortodoncia integral Hannover.\",\"breadcrumb\":{\"@id\":\"https:\\\/\\\/www.dr-entrup.de\\\/es\\\/ortodoncia-estetica\\\/#breadcrumb\"},\"inLanguage\":\"en-DE\",\"potentialAction\":[{\"@type\":\"ReadAction\",\"target\":[\"https:\\\/\\\/www.dr-entrup.de\\\/es\\\/ortodoncia-estetica\\\/\"]}]},{\"@type\":\"BreadcrumbList\",\"@id\":\"https:\\\/\\\/www.dr-entrup.de\\\/es\\\/ortodoncia-estetica\\\/#breadcrumb\",\"itemListElement\":[{\"@type\":\"ListItem\",\"position\":1,\"name\":\"Home\",\"item\":\"https:\\\/\\\/www.dr-entrup.de\\\/es\\\/\"},{\"@type\":\"ListItem\",\"position\":2,\"name\":\"Ortodoncia est\u00e9tica\"}]},{\"@type\":\"WebSite\",\"@id\":\"https:\\\/\\\/www.dr-entrup.de\\\/es\\\/#website\",\"url\":\"https:\\\/\\\/www.dr-entrup.de\\\/es\\\/\",\"name\":\"BALANCE Fachpraxis f\u00fcr umfassende Kieferorthop\u00e4die Hannover Dr. Entrup\",\"description\":\"BALANCE Fachpraxis f\u00fcr umfassende Kieferorthop\u00e4die Hannover Dr. Entrup\",\"publisher\":{\"@id\":\"https:\\\/\\\/www.dr-entrup.de\\\/es\\\/#organization\"},\"potentialAction\":[{\"@type\":\"SearchAction\",\"target\":{\"@type\":\"EntryPoint\",\"urlTemplate\":\"https:\\\/\\\/www.dr-entrup.de\\\/es\\\/?s={search_term_string}\"},\"query-input\":{\"@type\":\"PropertyValueSpecification\",\"valueRequired\":true,\"valueName\":\"search_term_string\"}}],\"inLanguage\":\"en-DE\"},{\"@type\":\"Organization\",\"@id\":\"https:\\\/\\\/www.dr-entrup.de\\\/es\\\/#organization\",\"name\":\"BALANCE Fachpraxis f\u00fcr umfassende Kieferorthop\u00e4die Hannover Dr. Entrup\",\"url\":\"https:\\\/\\\/www.dr-entrup.de\\\/es\\\/\",\"logo\":{\"@type\":\"ImageObject\",\"inLanguage\":\"en-DE\",\"@id\":\"https:\\\/\\\/www.dr-entrup.de\\\/es\\\/#\\\/schema\\\/logo\\\/image\\\/\",\"url\":\"https:\\\/\\\/www.dr-entrup.de\\\/wp-content\\\/uploads\\\/2023\\\/11\\\/logo-plus-subtext.png\",\"contentUrl\":\"https:\\\/\\\/www.dr-entrup.de\\\/wp-content\\\/uploads\\\/2023\\\/11\\\/logo-plus-subtext.png\",\"width\":302,\"height\":326,\"caption\":\"BALANCE Fachpraxis f\u00fcr umfassende Kieferorthop\u00e4die Hannover Dr. Entrup\"},\"image\":{\"@id\":\"https:\\\/\\\/www.dr-entrup.de\\\/es\\\/#\\\/schema\\\/logo\\\/image\\\/\"}}]}<\/script>\n<!-- \/ Yoast SEO plugin. -->","yoast_head_json":{"title":"Ortodoncia est\u00e9tica Hannover, correcci\u00f3n dental discreta","description":"Ortodoncia est\u00e9tica Hannover: Aparatos de ortodoncia y tratamiento est\u00e9ticos para tu sonrisa m\u00e1s bonita. BALANCE - tus expertos en ortodoncia integral Hannover.","robots":{"index":"index","follow":"follow","max-snippet":"max-snippet:-1","max-image-preview":"max-image-preview:large","max-video-preview":"max-video-preview:-1"},"canonical":"https:\/\/www.dr-entrup.de\/es\/ortodoncia-estetica\/","og_locale":"en_US","og_type":"article","og_title":"Ortodoncia est\u00e9tica Hannover, correcci\u00f3n dental discreta","og_description":"Ortodoncia est\u00e9tica Hannover: Aparatos de ortodoncia y tratamiento est\u00e9ticos para tu sonrisa m\u00e1s bonita. BALANCE - tus expertos en ortodoncia integral Hannover.","og_url":"https:\/\/www.dr-entrup.de\/es\/ortodoncia-estetica\/","og_site_name":"BALANCE Fachpraxis f\u00fcr umfassende Kieferorthop\u00e4die Hannover Dr. Entrup","article_modified_time":"2024-08-28T15:18:52+00:00","twitter_card":"summary_large_image","schema":{"@context":"https:\/\/schema.org","@graph":[{"@type":"WebPage","@id":"https:\/\/www.dr-entrup.de\/es\/ortodoncia-estetica\/","url":"https:\/\/www.dr-entrup.de\/es\/ortodoncia-estetica\/","name":"Ortodoncia est\u00e9tica Hannover, correcci\u00f3n dental discreta","isPartOf":{"@id":"https:\/\/www.dr-entrup.de\/es\/#website"},"datePublished":"2023-10-25T16:13:05+00:00","dateModified":"2024-08-28T15:18:52+00:00","description":"Ortodoncia est\u00e9tica Hannover: Aparatos de ortodoncia y tratamiento est\u00e9ticos para tu sonrisa m\u00e1s bonita. BALANCE - tus expertos en ortodoncia integral Hannover.","breadcrumb":{"@id":"https:\/\/www.dr-entrup.de\/es\/ortodoncia-estetica\/#breadcrumb"},"inLanguage":"en-DE","potentialAction":[{"@type":"ReadAction","target":["https:\/\/www.dr-entrup.de\/es\/ortodoncia-estetica\/"]}]},{"@type":"BreadcrumbList","@id":"https:\/\/www.dr-entrup.de\/es\/ortodoncia-estetica\/#breadcrumb","itemListElement":[{"@type":"ListItem","position":1,"name":"Home","item":"https:\/\/www.dr-entrup.de\/es\/"},{"@type":"ListItem","position":2,"name":"Ortodoncia est\u00e9tica"}]},{"@type":"WebSite","@id":"https:\/\/www.dr-entrup.de\/es\/#website","url":"https:\/\/www.dr-entrup.de\/es\/","name":"BALANCE Fachpraxis f\u00fcr umfassende Kieferorthop\u00e4die Hannover Dr. Entrup","description":"BALANCE Fachpraxis f\u00fcr umfassende Kieferorthop\u00e4die Hannover Dr. Entrup","publisher":{"@id":"https:\/\/www.dr-entrup.de\/es\/#organization"},"potentialAction":[{"@type":"SearchAction","target":{"@type":"EntryPoint","urlTemplate":"https:\/\/www.dr-entrup.de\/es\/?s={search_term_string}"},"query-input":{"@type":"PropertyValueSpecification","valueRequired":true,"valueName":"search_term_string"}}],"inLanguage":"en-DE"},{"@type":"Organization","@id":"https:\/\/www.dr-entrup.de\/es\/#organization","name":"BALANCE Fachpraxis f\u00fcr umfassende Kieferorthop\u00e4die Hannover Dr. Entrup","url":"https:\/\/www.dr-entrup.de\/es\/","logo":{"@type":"ImageObject","inLanguage":"en-DE","@id":"https:\/\/www.dr-entrup.de\/es\/#\/schema\/logo\/image\/","url":"https:\/\/www.dr-entrup.de\/wp-content\/uploads\/2023\/11\/logo-plus-subtext.png","contentUrl":"https:\/\/www.dr-entrup.de\/wp-content\/uploads\/2023\/11\/logo-plus-subtext.png","width":302,"height":326,"caption":"BALANCE Fachpraxis f\u00fcr umfassende Kieferorthop\u00e4die Hannover Dr. Entrup"},"image":{"@id":"https:\/\/www.dr-entrup.de\/es\/#\/schema\/logo\/image\/"}}]}},"_links":{"self":[{"href":"https:\/\/www.dr-entrup.de\/es\/wp-json\/wp\/v2\/pages\/5371","targetHints":{"allow":["GET"]}}],"collection":[{"href":"https:\/\/www.dr-entrup.de\/es\/wp-json\/wp\/v2\/pages"}],"about":[{"href":"https:\/\/www.dr-entrup.de\/es\/wp-json\/wp\/v2\/types\/page"}],"author":[{"embeddable":true,"href":"https:\/\/www.dr-entrup.de\/es\/wp-json\/wp\/v2\/users\/1"}],"replies":[{"embeddable":true,"href":"https:\/\/www.dr-entrup.de\/es\/wp-json\/wp\/v2\/comments?post=5371"}],"version-history":[{"count":2,"href":"https:\/\/www.dr-entrup.de\/es\/wp-json\/wp\/v2\/pages\/5371\/revisions"}],"predecessor-version":[{"id":6719,"href":"https:\/\/www.dr-entrup.de\/es\/wp-json\/wp\/v2\/pages\/5371\/revisions\/6719"}],"wp:attachment":[{"href":"https:\/\/www.dr-entrup.de\/es\/wp-json\/wp\/v2\/media?parent=5371"}],"curies":[{"name":"wp","href":"https:\/\/api.w.org\/{rel}","templated":true}]}}