{"id":5353,"date":"2023-12-15T19:17:49","date_gmt":"2023-12-15T18:17:49","guid":{"rendered":"https:\/\/debug.dr-entrup.de\/ortodoncista-braunschweig-y-wolfsburgo\/"},"modified":"2024-06-11T10:17:49","modified_gmt":"2024-06-11T08:17:49","slug":"ortodoncista-braunschweig-y-wolfsburgo","status":"publish","type":"page","link":"https:\/\/www.dr-entrup.de\/es\/ortodoncista-braunschweig-y-wolfsburgo\/","title":{"rendered":"Ortodoncista Braunschweig y Wolfsburgo"},"content":{"rendered":"\n<section class = \"fdn-grid\">\n\t<div class = \"grid-container no-padding\">\n\t\t<div class = \"grid-x\">\n\t\t\t<div class=\"cell large-12 small-12 \">\n\t\t\t\t<div class =\"hero hero--background-gray text-center\">\n\t\t\t\t\t<img loading=\"lazy\" decoding=\"async\" width=\"1800\" height=\"840\" src=\"https:\/\/www.dr-entrup.de\/wp-content\/uploads\/2023\/12\/Der-Kieferorthopade-fur-Braunschweig-und-Wolfsburg.jpg\" class=\"image img-responsive-no-block\" alt=\"\" srcset=\"https:\/\/www.dr-entrup.de\/wp-content\/uploads\/2023\/12\/Der-Kieferorthopade-fur-Braunschweig-und-Wolfsburg.jpg 1800w, https:\/\/www.dr-entrup.de\/wp-content\/uploads\/2023\/12\/Der-Kieferorthopade-fur-Braunschweig-und-Wolfsburg-300x140.jpg 300w, https:\/\/www.dr-entrup.de\/wp-content\/uploads\/2023\/12\/Der-Kieferorthopade-fur-Braunschweig-und-Wolfsburg-1024x478.jpg 1024w, https:\/\/www.dr-entrup.de\/wp-content\/uploads\/2023\/12\/Der-Kieferorthopade-fur-Braunschweig-und-Wolfsburg-768x358.jpg 768w, https:\/\/www.dr-entrup.de\/wp-content\/uploads\/2023\/12\/Der-Kieferorthopade-fur-Braunschweig-und-Wolfsburg-1536x717.jpg 1536w\" sizes=\"auto, (max-width: 1800px) 100vw, 1800px\" \/>\t\t\t\t<\/div>\n\t\t\t<\/div>\n\t\t<\/div>\n\t<\/div>\n<\/section>\n\n<section class = \"fdn-grid\">\n    <div class = \"p-top-mobile-50\"><\/div>\n    <div class = \"grid-container full-with-margin-10 no-padding\">\n        <div class = \"grid-x\">\n            <div class = \"cell small-12\">\n\n\n\n                <h1 class=\"heading heading--primary m-bottom-40\">El ortodoncista para Braunschweig y Wolfsburgo<\/h1>\n                <h2 class=\"heading heading--secondary m-bottom-10\">Cuando se trata de un tratamiento sofisticado y un enfoque hol\u00edstico  <\/h2>\n                <span class=\"short-line-decoration short-line-decoration--mini-width color-bordeaux-bg\"><\/span>\n\n                <div class=\"m-top-40 paragraph\">\n\n                    <p><strong>  Desde peque\u00f1as desalineaciones de dientes individuales hasta desalineaciones pronunciadas y proporciones faciales desproporcionadas: si los dientes est\u00e1n torcidos o mal colocados, si el mal funcionamiento funcional del aparato masticatorio provoca otras molestias adicionales o si la boca y la zona mandibular ya parecen inarm\u00f3nicas desde fuera cuando la boca est\u00e1 cerrada, estamos a tu disposici\u00f3n como ortodoncistas para Braunschweig y Wolfsburgo.  <\/strong><\/p>\n<p>D\u00e9janos examinarte y asesorarte a fondo y con un enfoque hol\u00edstico en nuestra consulta especializada en ortodoncia integral. Adem\u00e1s de la ortodoncia tradicional, trabajamos con el concepto de tratamiento Equilibrio, que se defini\u00f3 y public\u00f3 en 1995 y se ha desarrollado continuamente desde entonces. Mediante conocimientos y tratamientos interdisciplinarios, podemos mejorar, fortalecer y mantener tu salud y bienestar generales. Examinamos de cerca la interacci\u00f3n entre las anomal\u00edas ortod\u00f3ncicas de la boca y la mand\u00edbula y la salud de todo el organismo. Mientras tanto, cada vez acuden a nosotros como ortodoncistas de Braunschweig y Wolfsburgo m\u00e1s pacientes que est\u00e1n tras la pista de la causa real de otras dolencias y que antes no sospechaban de ello. Esto se debe a que incluso los problemas en la zona de la mand\u00edbula que son totalmente imperceptibles al principio pueden tener consecuencias claramente perceptibles en otras zonas del cuerpo.<\/p>\n<p>El ortodoncista de Braunschweig y Wolfsburgo: salud, bienestar y buen aspecto como calidad de vida diaria.<\/p>\n<ul>\n<li>Hildesheim<\/li>\n<li>Centro de Hannover<\/li>\n<li>KFO Hannover Podbi<\/li>\n<li>Han\u00f3ver S\u00fcdstadt<\/li>\n<li>Brunswick<\/li>\n<li>Ortodoncista Wolfburg<\/li>\n<li>KFO Neustadt<\/li>\n<\/ul>\n<p>&nbsp;<\/p>\n<div><\/div>\n<p>Dolores de cabeza, dolores de cuello y espalda, malas posturas en el sistema musculoesquel\u00e9tico, molestias posteriores en las rodillas y la pelvis e incluso desequilibrios hormonales: los pacientes con dolores de cabeza cr\u00f3nicos, migra\u00f1as y s\u00edntomas de hiperactividad, en particular, deben ser examinados y descartar causas ortod\u00f3ncicas. En muchos casos, los ex\u00e1menes y tratamientos interdisciplinarios adecuados pueden aliviar enormemente los s\u00edntomas, como los mareos, la depresi\u00f3n o las hemorragias nasales cr\u00f3nicas. El sistema cr\u00e1neo-sacro se ve masivamente perturbado por los trastornos de los m\u00fasculos masticatorios, la posici\u00f3n de los dientes y la posici\u00f3n del maxilar inferior, ya que el sistema masticatorio es una parte esencial y determinante del CSS. Utilizando el ejemplo del TDAH, hay que se\u00f1alar que todav\u00eda no se han conseguido pruebas m\u00e9dicas de una conexi\u00f3n directa con los aspectos ortod\u00f3ncicos; sin embargo, ya se han registrado demasiados \u00e9xitos de tratamiento para las otras dolencias mencionadas como para ignorar las conexiones. Por \u00faltimo, pero no por ello menos importante, llevamos m\u00e1s de 20 a\u00f1os trabajando con \u00e9xito con nuestro concepto de tratamiento Equilibrio.<\/p>\n<p><a name=\"_GoBack\"><\/a>Una risa alegre y despreocupada forma parte de la salud, el bienestar y la autoestima. Ser capaz de actuar abierta y libremente tanto en tu vida profesional como privada es tanto un factor de calidad de vida como de \u00e9xito. No se trata de ning\u00fan encanto de superestrella, se trata simplemente de poder sentirte c\u00f3modo en tu cuerpo haciendo correcciones manejables en la posici\u00f3n de tus dientes. Quien quiz\u00e1 haya preferido mirar hacia otro lado cada vez que se miraba al espejo durante d\u00e9cadas, hoy puede experimentar y disfrutar de una calidad de vida redefinida incluso de adulto con el deseo de tener unos dientes bellos y rectos.<\/p>\n<p>Experiencia en tratamientos interdisciplinarios y t\u00e9cnicas y materiales de tratamiento de vanguardia<\/p>\n<p>En cualquier caso, la llamada t\u00e9cnica lingual es una alternativa de primera clase. Aunque este procedimiento exige mucho del profesional, el alto nivel de comodidad durante el tratamiento y los objetivos de tratamiento m\u00e1s r\u00e1pidos que pueden alcanzarse hablan por s\u00ed solos. Los brackets fijados a la cara interna de los dientes y su tecnolog\u00eda de clip con resorte hacen que los aparatos fijos sean invisibles incluso al hablar y re\u00edr con normalidad. Como ortodoncistas de Braunschweig y Wolfsburgo, podemos ofrecer y utilizar este m\u00e9todo avanzado, as\u00ed como las innovadoras f\u00e9rulas de pl\u00e1stico transparente de Invisalign\u00a9, con las que se pueden corregir peque\u00f1as desalineaciones en la zona de los dientes frontales en poco tiempo.<\/p>\n<p><strong>  \u00a1Esperamos tu visita! Tu consulta especializada como ortodoncista para Braunschweig y Wolfsburgo  <\/strong><\/p>\n<p>M\u00e1s que ortodoncia: nuestros tratamientos incluyen:<\/p>\n<ul>\n<li>Ortodoncia pedi\u00e1trica (tratamiento precoz, aparatos)<\/li>\n<li>Ortodoncia para adultos<\/li>\n<li>Ortodoncia est\u00e9tica<\/li>\n<li>Invisalign\u00ae (f\u00e9rula dental transparente)<\/li>\n<li>T\u00e9cnica lingual (aparatos que se fijan en el interior de los dientes)<\/li>\n<li>DCM = disfunci\u00f3n craneomandibular<\/li>\n<li>Dolor de espalda<\/li>\n<li>Dolor de cabeza<\/li>\n<li>Hiperactividad (TDAH-TDAH)<\/li>\n<li>Heopat\u00eda oriental<\/li>\n<li>Trastornos hormonales<\/li>\n<\/ul>\n<p>&nbsp;<\/p>\n\n                <\/div>\n                                <a href='tel:+49511364990' class='button color-bordeaux-bg color-white button--medium' target='_self'> Llama ahora y pide consejo <\/a>                            <\/div>\n        <\/div>\n    <\/div>\n     <div class = \"p-top-mobile-50\"><\/div>\n<\/section>\n\n\n<section class = \"fdn-grid color-extra-pink-bg\">\n        <div class = \"p-top-mobile-50\"><\/div>\n\n    <div class = \"grid-container full-with-margin-10 no-padding\">\n\n        <div class = \"grid-x\">\n\n            <div class = \"cell small-12\">\n\n           \n  <h2 class='heading heading--medium  m-bottom-10 color-bordeaux'>C\u00f3mo llegar desde el centro de Wolfsburgo:<\/h2><span class='short-line-decoration  short-line-decoration--mini-width color-primary-bg'><\/span><div class = 'paragraph--medium paragraph--primary m-top-40'><p><a href=\"https:\/\/www.google.com\/maps?ll=52.382386,10.26317&amp;z=9&amp;t=m&amp;hl=de&amp;gl=US&amp;mapclient=embed&amp;saddr=Wolfsburg&amp;daddr=Georgstra%C3%9Fe+46,+30159,+Hannover&amp;dirflg=r\"><img loading=\"lazy\" decoding=\"async\" class=\"alignnone wp-image-4416 size-full\" src=\"https:\/\/www.dr-entrup.de\/wp-content\/uploads\/2023\/12\/Anfahrt-aus-dem-Zentrum-von-Wolfsburg.jpg\" alt=\"C\u00f3mo llegar desde el centro de Wolfsburgo:\" width=\"806\" height=\"306\" srcset=\"https:\/\/www.dr-entrup.de\/wp-content\/uploads\/2023\/12\/Anfahrt-aus-dem-Zentrum-von-Wolfsburg.jpg 806w, https:\/\/www.dr-entrup.de\/wp-content\/uploads\/2023\/12\/Anfahrt-aus-dem-Zentrum-von-Wolfsburg-300x114.jpg 300w, https:\/\/www.dr-entrup.de\/wp-content\/uploads\/2023\/12\/Anfahrt-aus-dem-Zentrum-von-Wolfsburg-768x292.jpg 768w\" sizes=\"auto, (max-width: 806px) 100vw, 806px\" \/><\/a><\/p>\n<\/div><div class = 'p-top-25'><\/div><h2 class='heading heading--medium  m-bottom-10 color-bordeaux'>C\u00f3mo llegar desde el centro de Braunschweig:<\/h2><span class='short-line-decoration  short-line-decoration--mini-width color-primary-bg'><\/span><div class = 'paragraph--medium paragraph--primary m-top-40'><p><a href=\"https:\/\/www.google.com\/maps?ll=52.313103,10.139372&amp;z=9&amp;t=m&amp;hl=de&amp;gl=US&amp;mapclient=embed&amp;saddr=Braunschweig&amp;daddr=Georgstra%C3%9Fe+46,+30159,+Hannover&amp;dirflg=d\"><img loading=\"lazy\" decoding=\"async\" class=\"alignnone wp-image-4420 size-full\" src=\"https:\/\/www.dr-entrup.de\/wp-content\/uploads\/2023\/12\/Anfahrt-aus-dem-Zentrum-von-Braunschweig.jpg\" alt=\"C\u00f3mo llegar desde el centro de Braunschweig:\" width=\"810\" height=\"300\" srcset=\"https:\/\/www.dr-entrup.de\/wp-content\/uploads\/2023\/12\/Anfahrt-aus-dem-Zentrum-von-Braunschweig.jpg 810w, https:\/\/www.dr-entrup.de\/wp-content\/uploads\/2023\/12\/Anfahrt-aus-dem-Zentrum-von-Braunschweig-300x111.jpg 300w, https:\/\/www.dr-entrup.de\/wp-content\/uploads\/2023\/12\/Anfahrt-aus-dem-Zentrum-von-Braunschweig-768x284.jpg 768w\" sizes=\"auto, (max-width: 810px) 100vw, 810px\" \/><\/a><\/p>\n<\/div>\t\t\t\t\n\t\t\t\t\n\t\t\t\t\n                            <\/div>\n        <\/div>\n    <\/div>\n        <div class = \"p-top-mobile-50\"><\/div>\n<\/section>","protected":false},"excerpt":{"rendered":"","protected":false},"author":1,"featured_media":0,"parent":0,"menu_order":0,"comment_status":"closed","ping_status":"closed","template":"","meta":{"footnotes":""},"class_list":["post-5353","page","type-page","status-publish"],"acf":[],"yoast_head":"<!-- This site is optimized with the Yoast SEO plugin v27.5 - https:\/\/yoast.com\/product\/yoast-seo-wordpress\/ -->\n<title>Ortodoncista para Braunschweig y Wolfsburgo - Dr. W. Entrup<\/title>\n<meta name=\"description\" content=\"Dr Entrup - Consulta especializada en ortodoncia integral - Ortodoncista para Wolfsburgo, Braunschweig y alrededores\" \/>\n<meta name=\"robots\" content=\"index, follow, max-snippet:-1, max-image-preview:large, max-video-preview:-1\" \/>\n<link rel=\"canonical\" href=\"https:\/\/www.dr-entrup.de\/es\/ortodoncista-braunschweig-y-wolfsburgo\/\" \/>\n<meta property=\"og:locale\" content=\"en_US\" \/>\n<meta property=\"og:type\" content=\"article\" \/>\n<meta property=\"og:title\" content=\"Ortodoncista para Braunschweig y Wolfsburgo - Dr. W. Entrup\" \/>\n<meta property=\"og:description\" content=\"Dr Entrup - Consulta especializada en ortodoncia integral - Ortodoncista para Wolfsburgo, Braunschweig y alrededores\" \/>\n<meta property=\"og:url\" content=\"https:\/\/www.dr-entrup.de\/es\/ortodoncista-braunschweig-y-wolfsburgo\/\" \/>\n<meta property=\"og:site_name\" content=\"BALANCE Fachpraxis f\u00fcr umfassende Kieferorthop\u00e4die Hannover Dr. Entrup\" \/>\n<meta property=\"article:modified_time\" content=\"2024-06-11T08:17:49+00:00\" \/>\n<meta name=\"twitter:card\" content=\"summary_large_image\" \/>\n<script type=\"application\/ld+json\" class=\"yoast-schema-graph\">{\"@context\":\"https:\\\/\\\/schema.org\",\"@graph\":[{\"@type\":\"WebPage\",\"@id\":\"https:\\\/\\\/www.dr-entrup.de\\\/es\\\/ortodoncista-braunschweig-y-wolfsburgo\\\/\",\"url\":\"https:\\\/\\\/www.dr-entrup.de\\\/es\\\/ortodoncista-braunschweig-y-wolfsburgo\\\/\",\"name\":\"Ortodoncista para Braunschweig y Wolfsburgo - Dr. W. Entrup\",\"isPartOf\":{\"@id\":\"https:\\\/\\\/www.dr-entrup.de\\\/es\\\/#website\"},\"datePublished\":\"2023-12-15T18:17:49+00:00\",\"dateModified\":\"2024-06-11T08:17:49+00:00\",\"description\":\"Dr Entrup - Consulta especializada en ortodoncia integral - Ortodoncista para Wolfsburgo, Braunschweig y alrededores\",\"breadcrumb\":{\"@id\":\"https:\\\/\\\/www.dr-entrup.de\\\/es\\\/ortodoncista-braunschweig-y-wolfsburgo\\\/#breadcrumb\"},\"inLanguage\":\"en-DE\",\"potentialAction\":[{\"@type\":\"ReadAction\",\"target\":[\"https:\\\/\\\/www.dr-entrup.de\\\/es\\\/ortodoncista-braunschweig-y-wolfsburgo\\\/\"]}]},{\"@type\":\"BreadcrumbList\",\"@id\":\"https:\\\/\\\/www.dr-entrup.de\\\/es\\\/ortodoncista-braunschweig-y-wolfsburgo\\\/#breadcrumb\",\"itemListElement\":[{\"@type\":\"ListItem\",\"position\":1,\"name\":\"Home\",\"item\":\"https:\\\/\\\/www.dr-entrup.de\\\/es\\\/\"},{\"@type\":\"ListItem\",\"position\":2,\"name\":\"Ortodoncista Braunschweig y Wolfsburgo\"}]},{\"@type\":\"WebSite\",\"@id\":\"https:\\\/\\\/www.dr-entrup.de\\\/es\\\/#website\",\"url\":\"https:\\\/\\\/www.dr-entrup.de\\\/es\\\/\",\"name\":\"BALANCE Fachpraxis f\u00fcr umfassende Kieferorthop\u00e4die Hannover Dr. Entrup\",\"description\":\"BALANCE Fachpraxis f\u00fcr umfassende Kieferorthop\u00e4die Hannover Dr. Entrup\",\"publisher\":{\"@id\":\"https:\\\/\\\/www.dr-entrup.de\\\/es\\\/#organization\"},\"potentialAction\":[{\"@type\":\"SearchAction\",\"target\":{\"@type\":\"EntryPoint\",\"urlTemplate\":\"https:\\\/\\\/www.dr-entrup.de\\\/es\\\/?s={search_term_string}\"},\"query-input\":{\"@type\":\"PropertyValueSpecification\",\"valueRequired\":true,\"valueName\":\"search_term_string\"}}],\"inLanguage\":\"en-DE\"},{\"@type\":\"Organization\",\"@id\":\"https:\\\/\\\/www.dr-entrup.de\\\/es\\\/#organization\",\"name\":\"BALANCE Fachpraxis f\u00fcr umfassende Kieferorthop\u00e4die Hannover Dr. Entrup\",\"url\":\"https:\\\/\\\/www.dr-entrup.de\\\/es\\\/\",\"logo\":{\"@type\":\"ImageObject\",\"inLanguage\":\"en-DE\",\"@id\":\"https:\\\/\\\/www.dr-entrup.de\\\/es\\\/#\\\/schema\\\/logo\\\/image\\\/\",\"url\":\"https:\\\/\\\/www.dr-entrup.de\\\/wp-content\\\/uploads\\\/2023\\\/11\\\/logo-plus-subtext.png\",\"contentUrl\":\"https:\\\/\\\/www.dr-entrup.de\\\/wp-content\\\/uploads\\\/2023\\\/11\\\/logo-plus-subtext.png\",\"width\":302,\"height\":326,\"caption\":\"BALANCE Fachpraxis f\u00fcr umfassende Kieferorthop\u00e4die Hannover Dr. Entrup\"},\"image\":{\"@id\":\"https:\\\/\\\/www.dr-entrup.de\\\/es\\\/#\\\/schema\\\/logo\\\/image\\\/\"}}]}<\/script>\n<!-- \/ Yoast SEO plugin. -->","yoast_head_json":{"title":"Ortodoncista para Braunschweig y Wolfsburgo - Dr. W. Entrup","description":"Dr Entrup - Consulta especializada en ortodoncia integral - Ortodoncista para Wolfsburgo, Braunschweig y alrededores","robots":{"index":"index","follow":"follow","max-snippet":"max-snippet:-1","max-image-preview":"max-image-preview:large","max-video-preview":"max-video-preview:-1"},"canonical":"https:\/\/www.dr-entrup.de\/es\/ortodoncista-braunschweig-y-wolfsburgo\/","og_locale":"en_US","og_type":"article","og_title":"Ortodoncista para Braunschweig y Wolfsburgo - Dr. W. Entrup","og_description":"Dr Entrup - Consulta especializada en ortodoncia integral - Ortodoncista para Wolfsburgo, Braunschweig y alrededores","og_url":"https:\/\/www.dr-entrup.de\/es\/ortodoncista-braunschweig-y-wolfsburgo\/","og_site_name":"BALANCE Fachpraxis f\u00fcr umfassende Kieferorthop\u00e4die Hannover Dr. Entrup","article_modified_time":"2024-06-11T08:17:49+00:00","twitter_card":"summary_large_image","schema":{"@context":"https:\/\/schema.org","@graph":[{"@type":"WebPage","@id":"https:\/\/www.dr-entrup.de\/es\/ortodoncista-braunschweig-y-wolfsburgo\/","url":"https:\/\/www.dr-entrup.de\/es\/ortodoncista-braunschweig-y-wolfsburgo\/","name":"Ortodoncista para Braunschweig y Wolfsburgo - Dr. W. Entrup","isPartOf":{"@id":"https:\/\/www.dr-entrup.de\/es\/#website"},"datePublished":"2023-12-15T18:17:49+00:00","dateModified":"2024-06-11T08:17:49+00:00","description":"Dr Entrup - Consulta especializada en ortodoncia integral - Ortodoncista para Wolfsburgo, Braunschweig y alrededores","breadcrumb":{"@id":"https:\/\/www.dr-entrup.de\/es\/ortodoncista-braunschweig-y-wolfsburgo\/#breadcrumb"},"inLanguage":"en-DE","potentialAction":[{"@type":"ReadAction","target":["https:\/\/www.dr-entrup.de\/es\/ortodoncista-braunschweig-y-wolfsburgo\/"]}]},{"@type":"BreadcrumbList","@id":"https:\/\/www.dr-entrup.de\/es\/ortodoncista-braunschweig-y-wolfsburgo\/#breadcrumb","itemListElement":[{"@type":"ListItem","position":1,"name":"Home","item":"https:\/\/www.dr-entrup.de\/es\/"},{"@type":"ListItem","position":2,"name":"Ortodoncista Braunschweig y Wolfsburgo"}]},{"@type":"WebSite","@id":"https:\/\/www.dr-entrup.de\/es\/#website","url":"https:\/\/www.dr-entrup.de\/es\/","name":"BALANCE Fachpraxis f\u00fcr umfassende Kieferorthop\u00e4die Hannover Dr. Entrup","description":"BALANCE Fachpraxis f\u00fcr umfassende Kieferorthop\u00e4die Hannover Dr. Entrup","publisher":{"@id":"https:\/\/www.dr-entrup.de\/es\/#organization"},"potentialAction":[{"@type":"SearchAction","target":{"@type":"EntryPoint","urlTemplate":"https:\/\/www.dr-entrup.de\/es\/?s={search_term_string}"},"query-input":{"@type":"PropertyValueSpecification","valueRequired":true,"valueName":"search_term_string"}}],"inLanguage":"en-DE"},{"@type":"Organization","@id":"https:\/\/www.dr-entrup.de\/es\/#organization","name":"BALANCE Fachpraxis f\u00fcr umfassende Kieferorthop\u00e4die Hannover Dr. Entrup","url":"https:\/\/www.dr-entrup.de\/es\/","logo":{"@type":"ImageObject","inLanguage":"en-DE","@id":"https:\/\/www.dr-entrup.de\/es\/#\/schema\/logo\/image\/","url":"https:\/\/www.dr-entrup.de\/wp-content\/uploads\/2023\/11\/logo-plus-subtext.png","contentUrl":"https:\/\/www.dr-entrup.de\/wp-content\/uploads\/2023\/11\/logo-plus-subtext.png","width":302,"height":326,"caption":"BALANCE Fachpraxis f\u00fcr umfassende Kieferorthop\u00e4die Hannover Dr. Entrup"},"image":{"@id":"https:\/\/www.dr-entrup.de\/es\/#\/schema\/logo\/image\/"}}]}},"_links":{"self":[{"href":"https:\/\/www.dr-entrup.de\/es\/wp-json\/wp\/v2\/pages\/5353","targetHints":{"allow":["GET"]}}],"collection":[{"href":"https:\/\/www.dr-entrup.de\/es\/wp-json\/wp\/v2\/pages"}],"about":[{"href":"https:\/\/www.dr-entrup.de\/es\/wp-json\/wp\/v2\/types\/page"}],"author":[{"embeddable":true,"href":"https:\/\/www.dr-entrup.de\/es\/wp-json\/wp\/v2\/users\/1"}],"replies":[{"embeddable":true,"href":"https:\/\/www.dr-entrup.de\/es\/wp-json\/wp\/v2\/comments?post=5353"}],"version-history":[{"count":1,"href":"https:\/\/www.dr-entrup.de\/es\/wp-json\/wp\/v2\/pages\/5353\/revisions"}],"predecessor-version":[{"id":5357,"href":"https:\/\/www.dr-entrup.de\/es\/wp-json\/wp\/v2\/pages\/5353\/revisions\/5357"}],"wp:attachment":[{"href":"https:\/\/www.dr-entrup.de\/es\/wp-json\/wp\/v2\/media?parent=5353"}],"curies":[{"name":"wp","href":"https:\/\/api.w.org\/{rel}","templated":true}]}}