{"id":5300,"date":"2023-12-16T17:56:31","date_gmt":"2023-12-16T16:56:31","guid":{"rendered":"https:\/\/debug.dr-entrup.de\/ortodoncista-hannover-nordstadt\/"},"modified":"2024-06-11T10:17:34","modified_gmt":"2024-06-11T08:17:34","slug":"ortodoncista-hannover-nordstadt","status":"publish","type":"page","link":"https:\/\/www.dr-entrup.de\/es\/ortodoncista-hannover-nordstadt\/","title":{"rendered":"Ortodoncista Hannover Nordstadt"},"content":{"rendered":"\n<section class = \"fdn-grid\">\n\t<div class = \"grid-container no-padding\">\n\t\t<div class = \"grid-x\">\n\t\t\t<div class=\"cell large-12 small-12 \">\n\t\t\t\t<div class =\"hero hero--background-gray text-center\">\n\t\t\t\t\t<img loading=\"lazy\" decoding=\"async\" width=\"1800\" height=\"840\" src=\"https:\/\/www.dr-entrup.de\/wp-content\/uploads\/2023\/12\/Dr.-Entrup-Kieferorthopade-fur-Hannover-Nordstadt.jpg\" class=\"image img-responsive-no-block\" alt=\"\" srcset=\"https:\/\/www.dr-entrup.de\/wp-content\/uploads\/2023\/12\/Dr.-Entrup-Kieferorthopade-fur-Hannover-Nordstadt.jpg 1800w, https:\/\/www.dr-entrup.de\/wp-content\/uploads\/2023\/12\/Dr.-Entrup-Kieferorthopade-fur-Hannover-Nordstadt-300x140.jpg 300w, https:\/\/www.dr-entrup.de\/wp-content\/uploads\/2023\/12\/Dr.-Entrup-Kieferorthopade-fur-Hannover-Nordstadt-1024x478.jpg 1024w, https:\/\/www.dr-entrup.de\/wp-content\/uploads\/2023\/12\/Dr.-Entrup-Kieferorthopade-fur-Hannover-Nordstadt-768x358.jpg 768w, https:\/\/www.dr-entrup.de\/wp-content\/uploads\/2023\/12\/Dr.-Entrup-Kieferorthopade-fur-Hannover-Nordstadt-1536x717.jpg 1536w\" sizes=\"auto, (max-width: 1800px) 100vw, 1800px\" \/>\t\t\t\t<\/div>\n\t\t\t<\/div>\n\t\t<\/div>\n\t<\/div>\n<\/section>\n\n<section class = \"fdn-grid\">\n    <div class = \"p-top-mobile-50\"><\/div>\n    <div class = \"grid-container full-with-margin-10 no-padding\">\n        <div class = \"grid-x\">\n            <div class = \"cell small-12\">\n\n\n\n                <h1 class=\"heading heading--primary m-bottom-40\">Dr Entrup Ortodoncista para Hannover Nordstadt<\/h1>\n                <h2 class=\"heading heading--secondary m-bottom-10\">Consulta especializada en ortodoncia integral Dres. W. &amp; J. Entrup &amp; Dr. T. Altvater<\/h2>\n                <span class=\"short-line-decoration short-line-decoration--mini-width color-bordeaux-bg\"><\/span>\n\n                <div class=\"m-top-40 paragraph\">\n\n                    <p>La ortodoncia se ocupa tradicionalmente de la correcci\u00f3n de mand\u00edbulas y dientes desalineados, as\u00ed como de disfunciones del \u00f3rgano masticatorio y de las articulaciones temporomandibulares. En 1995 definimos y publicamos por primera vez el concepto de tratamiento Equilibrio sobre esta base, y desde entonces no hemos dejado de desarrollarlo.<\/p>\n\n                <\/div>\n                                <a href='tel:+49511364990' class='button color-bordeaux-bg color-white button--medium' target='_self'> Llama ahora y pide consejo <\/a>                            <\/div>\n        <\/div>\n    <\/div>\n     <div class = \"p-top-mobile-50\"><\/div>\n<\/section>\n\n\n<section class = \"fdn-grid color-extra-pink-bg\">\n        <div class = \"p-top-mobile-50\"><\/div>\n\n    <div class = \"grid-container full-with-margin-10 no-padding\">\n\n        <div class = \"grid-x\">\n\n            <div class = \"cell small-12\">\n\n           \n  <h2 class='heading heading--medium  m-bottom-10 color-bordeaux'>Informaci\u00f3n para pacientes de Hannover Nordstadt y alrededores sobre nuestra consulta especializada en ortodoncia<\/h2><span class='short-line-decoration  short-line-decoration--mini-width color-primary-bg'><\/span><div class = 'paragraph--medium paragraph--primary m-top-40'><p>Es un nuevo m\u00e9todo de tratamiento ortod\u00f3ncico que combina conocimientos interdisciplinarios de odontolog\u00eda y ortodoncia con ortopedia, medicina general y m\u00e9todos curativos complementarios como la kinesiolog\u00eda aplicada (AK), la acupuntura, la homeopat\u00eda y la quiropr\u00e1ctica.<\/p>\n<ul>\n<li>Brauchschweig<\/li>\n<li>Dr. Entrup Neustadt<\/li>\n<li>Podbi<\/li>\n<li>Hamelin<\/li>\n<li>Salta<\/li>\n<li>Bult<\/li>\n<li>Campo de tr\u00e9boles<\/li>\n<li>Ortodoncista Hannover Nordstadt<\/li>\n<li>Herrenhausen<\/li>\n<li>Astuto<\/li>\n<li>Barrio de Heath<\/li>\n<li>Gross Buchholz<\/li>\n<li>Linden Limmer<\/li>\n<\/ul>\n<p>&nbsp;<\/p>\n<\/div><div class = 'p-top-25'><\/div><h2 class='heading heading--medium  m-bottom-10 color-bordeaux'>M\u00e1s que ortodoncia: nuestros tratamientos incluyen:<\/h2><span class='short-line-decoration  short-line-decoration--mini-width color-primary-bg'><\/span><div class = 'paragraph--medium paragraph--primary m-top-40'><ul>\n<li>Ortodoncia pedi\u00e1trica (tratamiento precoz, aparatos)<\/li>\n<li>Ortodoncia para adultos<\/li>\n<li>Ortodoncia est\u00e9tica<\/li>\n<li>Invisalign\u00ae (f\u00e9rula dental transparente)<\/li>\n<li>T\u00e9cnica lingual (aparatos que se fijan en el interior de los dientes)<\/li>\n<li>DCM = disfunci\u00f3n craneomandibular<\/li>\n<li>Dolor de espalda<\/li>\n<li>Dolor de cabeza<\/li>\n<li>Hiperactividad (TDAH-TDAH)<\/li>\n<li>Osteopat\u00eda<\/li>\n<li>Trastornos hormonales<\/li>\n<\/ul>\n<p><strong>Tus ortodoncistas Dr. Wilhelm Entrup y Dr. Thorsten Altvater<\/strong><\/p>\n<\/div>\t\t\t\t\n\t\t\t\t\n\t\t\t\t\n                            <\/div>\n        <\/div>\n    <\/div>\n        <div class = \"p-top-mobile-50\"><\/div>\n<\/section>\n\n<section class = \"fdn-grid color-white-bg\">\n        <div class = \"p-top-mobile-50\"><\/div>\n\n    <div class = \"grid-container full-with-margin-10 no-padding\">\n\n        <div class = \"grid-x\">\n\n            <div class = \"cell small-12\">\n\n           \n  <h2 class='heading heading--medium  m-bottom-10 color-bordeaux'>Aproximaci\u00f3n desde el distrito de Nordstadt:<\/h2><span class='short-line-decoration  short-line-decoration--mini-width color-primary-bg'><\/span><div class = 'paragraph--medium paragraph--primary m-top-40'><p>Obt\u00e9n indicaciones r\u00e1pidas y sencillas para llegar a nuestra consulta de ortodoncia desde el distrito de Hannover Nordstadt. S\u00f3lo tienes que hacer clic en el mapa y, tras pulsar \u00abCalcular ruta\u00bb, recibir\u00e1s tu plan de ruta personalizado.<\/p>\n<p><a href=\"https:\/\/www.google.com\/maps?ll=52.388653,9.730812&amp;z=13&amp;t=m&amp;hl=de&amp;gl=DE&amp;mapclient=embed&amp;saddr=Nord,+Hannover&amp;daddr=Kieferorthop%C3%A4die+Hannover+-+Kieferorthop%C3%A4de+Dres.+W.+%26+J.+Entrup+%26+Dr.+T.+Altvater,+Georgstra%C3%9Fe+46,+30159+Hannover&amp;dirflg=d\"><img loading=\"lazy\" decoding=\"async\" class=\"aligncenter wp-image-4533 size-full\" src=\"https:\/\/www.dr-entrup.de\/wp-content\/uploads\/2023\/12\/Anfahrt-aus-dem-Stadtteil-Nordstadt.jpg\" alt=\"Aproximaci\u00f3n desde el distrito de Nordstadt:\" width=\"407\" height=\"300\" srcset=\"https:\/\/www.dr-entrup.de\/wp-content\/uploads\/2023\/12\/Anfahrt-aus-dem-Stadtteil-Nordstadt.jpg 407w, https:\/\/www.dr-entrup.de\/wp-content\/uploads\/2023\/12\/Anfahrt-aus-dem-Stadtteil-Nordstadt-300x221.jpg 300w\" sizes=\"auto, (max-width: 407px) 100vw, 407px\" \/><\/a><\/p>\n<\/div>\t\t\t\t\n\t\t\t\t\n\t\t\t\t\n                            <\/div>\n        <\/div>\n    <\/div>\n        <div class = \"p-top-mobile-50\"><\/div>\n<\/section>","protected":false},"excerpt":{"rendered":"","protected":false},"author":1,"featured_media":0,"parent":0,"menu_order":0,"comment_status":"closed","ping_status":"closed","template":"","meta":{"footnotes":""},"class_list":["post-5300","page","type-page","status-publish"],"acf":[],"yoast_head":"<!-- This site is optimized with the Yoast SEO plugin v26.6 - https:\/\/yoast.com\/wordpress\/plugins\/seo\/ -->\n<title>Ortodoncista Nordstadt Dres. Entrup y Dr. T. Altvater<\/title>\n<meta name=\"description\" content=\"Dres. Entrup &amp; Dr. T. Altvater - Equilibrio - Ortodoncia para Hannover Nordstadt - Dentistas especialistas en ortodoncia invisible y tratamiento del dolor de mand\u00edbula\" \/>\n<meta name=\"robots\" content=\"index, follow, max-snippet:-1, max-image-preview:large, max-video-preview:-1\" \/>\n<link rel=\"canonical\" href=\"https:\/\/www.dr-entrup.de\/es\/ortodoncista-hannover-nordstadt\/\" \/>\n<meta property=\"og:locale\" content=\"en_US\" \/>\n<meta property=\"og:type\" content=\"article\" \/>\n<meta property=\"og:title\" content=\"Ortodoncista Nordstadt Dres. Entrup y Dr. T. Altvater\" \/>\n<meta property=\"og:description\" content=\"Dres. Entrup &amp; Dr. T. Altvater - Equilibrio - Ortodoncia para Hannover Nordstadt - Dentistas especialistas en ortodoncia invisible y tratamiento del dolor de mand\u00edbula\" \/>\n<meta property=\"og:url\" content=\"https:\/\/www.dr-entrup.de\/es\/ortodoncista-hannover-nordstadt\/\" \/>\n<meta property=\"og:site_name\" content=\"BALANCE Fachpraxis f\u00fcr umfassende Kieferorthop\u00e4die Hannover Dr. Entrup\" \/>\n<meta property=\"article:modified_time\" content=\"2024-06-11T08:17:34+00:00\" \/>\n<meta name=\"twitter:card\" content=\"summary_large_image\" \/>\n<script type=\"application\/ld+json\" class=\"yoast-schema-graph\">{\"@context\":\"https:\/\/schema.org\",\"@graph\":[{\"@type\":\"WebPage\",\"@id\":\"https:\/\/www.dr-entrup.de\/es\/ortodoncista-hannover-nordstadt\/\",\"url\":\"https:\/\/www.dr-entrup.de\/es\/ortodoncista-hannover-nordstadt\/\",\"name\":\"Ortodoncista Nordstadt Dres. Entrup y Dr. T. Altvater\",\"isPartOf\":{\"@id\":\"https:\/\/www.dr-entrup.de\/es\/#website\"},\"datePublished\":\"2023-12-16T16:56:31+00:00\",\"dateModified\":\"2024-06-11T08:17:34+00:00\",\"description\":\"Dres. Entrup & Dr. T. Altvater - Equilibrio - Ortodoncia para Hannover Nordstadt - Dentistas especialistas en ortodoncia invisible y tratamiento del dolor de mand\u00edbula\",\"breadcrumb\":{\"@id\":\"https:\/\/www.dr-entrup.de\/es\/ortodoncista-hannover-nordstadt\/#breadcrumb\"},\"inLanguage\":\"en-DE\",\"potentialAction\":[{\"@type\":\"ReadAction\",\"target\":[\"https:\/\/www.dr-entrup.de\/es\/ortodoncista-hannover-nordstadt\/\"]}]},{\"@type\":\"BreadcrumbList\",\"@id\":\"https:\/\/www.dr-entrup.de\/es\/ortodoncista-hannover-nordstadt\/#breadcrumb\",\"itemListElement\":[{\"@type\":\"ListItem\",\"position\":1,\"name\":\"Home\",\"item\":\"https:\/\/www.dr-entrup.de\/es\/\"},{\"@type\":\"ListItem\",\"position\":2,\"name\":\"Ortodoncista Hannover Nordstadt\"}]},{\"@type\":\"WebSite\",\"@id\":\"https:\/\/www.dr-entrup.de\/es\/#website\",\"url\":\"https:\/\/www.dr-entrup.de\/es\/\",\"name\":\"BALANCE Fachpraxis f\u00fcr umfassende Kieferorthop\u00e4die Hannover Dr. Entrup\",\"description\":\"BALANCE Fachpraxis f\u00fcr umfassende Kieferorthop\u00e4die Hannover Dr. Entrup\",\"publisher\":{\"@id\":\"https:\/\/www.dr-entrup.de\/es\/#organization\"},\"potentialAction\":[{\"@type\":\"SearchAction\",\"target\":{\"@type\":\"EntryPoint\",\"urlTemplate\":\"https:\/\/www.dr-entrup.de\/es\/?s={search_term_string}\"},\"query-input\":{\"@type\":\"PropertyValueSpecification\",\"valueRequired\":true,\"valueName\":\"search_term_string\"}}],\"inLanguage\":\"en-DE\"},{\"@type\":\"Organization\",\"@id\":\"https:\/\/www.dr-entrup.de\/es\/#organization\",\"name\":\"BALANCE Fachpraxis f\u00fcr umfassende Kieferorthop\u00e4die Hannover Dr. Entrup\",\"url\":\"https:\/\/www.dr-entrup.de\/es\/\",\"logo\":{\"@type\":\"ImageObject\",\"inLanguage\":\"en-DE\",\"@id\":\"https:\/\/www.dr-entrup.de\/es\/#\/schema\/logo\/image\/\",\"url\":\"https:\/\/www.dr-entrup.de\/wp-content\/uploads\/2023\/11\/logo-plus-subtext.png\",\"contentUrl\":\"https:\/\/www.dr-entrup.de\/wp-content\/uploads\/2023\/11\/logo-plus-subtext.png\",\"width\":302,\"height\":326,\"caption\":\"BALANCE Fachpraxis f\u00fcr umfassende Kieferorthop\u00e4die Hannover Dr. Entrup\"},\"image\":{\"@id\":\"https:\/\/www.dr-entrup.de\/es\/#\/schema\/logo\/image\/\"}}]}<\/script>\n<!-- \/ Yoast SEO plugin. -->","yoast_head_json":{"title":"Ortodoncista Nordstadt Dres. Entrup y Dr. T. Altvater","description":"Dres. Entrup & Dr. T. Altvater - Equilibrio - Ortodoncia para Hannover Nordstadt - Dentistas especialistas en ortodoncia invisible y tratamiento del dolor de mand\u00edbula","robots":{"index":"index","follow":"follow","max-snippet":"max-snippet:-1","max-image-preview":"max-image-preview:large","max-video-preview":"max-video-preview:-1"},"canonical":"https:\/\/www.dr-entrup.de\/es\/ortodoncista-hannover-nordstadt\/","og_locale":"en_US","og_type":"article","og_title":"Ortodoncista Nordstadt Dres. Entrup y Dr. T. Altvater","og_description":"Dres. Entrup & Dr. T. Altvater - Equilibrio - Ortodoncia para Hannover Nordstadt - Dentistas especialistas en ortodoncia invisible y tratamiento del dolor de mand\u00edbula","og_url":"https:\/\/www.dr-entrup.de\/es\/ortodoncista-hannover-nordstadt\/","og_site_name":"BALANCE Fachpraxis f\u00fcr umfassende Kieferorthop\u00e4die Hannover Dr. Entrup","article_modified_time":"2024-06-11T08:17:34+00:00","twitter_card":"summary_large_image","schema":{"@context":"https:\/\/schema.org","@graph":[{"@type":"WebPage","@id":"https:\/\/www.dr-entrup.de\/es\/ortodoncista-hannover-nordstadt\/","url":"https:\/\/www.dr-entrup.de\/es\/ortodoncista-hannover-nordstadt\/","name":"Ortodoncista Nordstadt Dres. Entrup y Dr. T. Altvater","isPartOf":{"@id":"https:\/\/www.dr-entrup.de\/es\/#website"},"datePublished":"2023-12-16T16:56:31+00:00","dateModified":"2024-06-11T08:17:34+00:00","description":"Dres. Entrup & Dr. T. Altvater - Equilibrio - Ortodoncia para Hannover Nordstadt - Dentistas especialistas en ortodoncia invisible y tratamiento del dolor de mand\u00edbula","breadcrumb":{"@id":"https:\/\/www.dr-entrup.de\/es\/ortodoncista-hannover-nordstadt\/#breadcrumb"},"inLanguage":"en-DE","potentialAction":[{"@type":"ReadAction","target":["https:\/\/www.dr-entrup.de\/es\/ortodoncista-hannover-nordstadt\/"]}]},{"@type":"BreadcrumbList","@id":"https:\/\/www.dr-entrup.de\/es\/ortodoncista-hannover-nordstadt\/#breadcrumb","itemListElement":[{"@type":"ListItem","position":1,"name":"Home","item":"https:\/\/www.dr-entrup.de\/es\/"},{"@type":"ListItem","position":2,"name":"Ortodoncista Hannover Nordstadt"}]},{"@type":"WebSite","@id":"https:\/\/www.dr-entrup.de\/es\/#website","url":"https:\/\/www.dr-entrup.de\/es\/","name":"BALANCE Fachpraxis f\u00fcr umfassende Kieferorthop\u00e4die Hannover Dr. Entrup","description":"BALANCE Fachpraxis f\u00fcr umfassende Kieferorthop\u00e4die Hannover Dr. Entrup","publisher":{"@id":"https:\/\/www.dr-entrup.de\/es\/#organization"},"potentialAction":[{"@type":"SearchAction","target":{"@type":"EntryPoint","urlTemplate":"https:\/\/www.dr-entrup.de\/es\/?s={search_term_string}"},"query-input":{"@type":"PropertyValueSpecification","valueRequired":true,"valueName":"search_term_string"}}],"inLanguage":"en-DE"},{"@type":"Organization","@id":"https:\/\/www.dr-entrup.de\/es\/#organization","name":"BALANCE Fachpraxis f\u00fcr umfassende Kieferorthop\u00e4die Hannover Dr. Entrup","url":"https:\/\/www.dr-entrup.de\/es\/","logo":{"@type":"ImageObject","inLanguage":"en-DE","@id":"https:\/\/www.dr-entrup.de\/es\/#\/schema\/logo\/image\/","url":"https:\/\/www.dr-entrup.de\/wp-content\/uploads\/2023\/11\/logo-plus-subtext.png","contentUrl":"https:\/\/www.dr-entrup.de\/wp-content\/uploads\/2023\/11\/logo-plus-subtext.png","width":302,"height":326,"caption":"BALANCE Fachpraxis f\u00fcr umfassende Kieferorthop\u00e4die Hannover Dr. Entrup"},"image":{"@id":"https:\/\/www.dr-entrup.de\/es\/#\/schema\/logo\/image\/"}}]}},"_links":{"self":[{"href":"https:\/\/www.dr-entrup.de\/es\/wp-json\/wp\/v2\/pages\/5300","targetHints":{"allow":["GET"]}}],"collection":[{"href":"https:\/\/www.dr-entrup.de\/es\/wp-json\/wp\/v2\/pages"}],"about":[{"href":"https:\/\/www.dr-entrup.de\/es\/wp-json\/wp\/v2\/types\/page"}],"author":[{"embeddable":true,"href":"https:\/\/www.dr-entrup.de\/es\/wp-json\/wp\/v2\/users\/1"}],"replies":[{"embeddable":true,"href":"https:\/\/www.dr-entrup.de\/es\/wp-json\/wp\/v2\/comments?post=5300"}],"version-history":[{"count":3,"href":"https:\/\/www.dr-entrup.de\/es\/wp-json\/wp\/v2\/pages\/5300\/revisions"}],"predecessor-version":[{"id":5345,"href":"https:\/\/www.dr-entrup.de\/es\/wp-json\/wp\/v2\/pages\/5300\/revisions\/5345"}],"wp:attachment":[{"href":"https:\/\/www.dr-entrup.de\/es\/wp-json\/wp\/v2\/media?parent=5300"}],"curies":[{"name":"wp","href":"https:\/\/api.w.org\/{rel}","templated":true}]}}