{"id":4909,"date":"2023-10-21T08:25:18","date_gmt":"2023-10-21T06:25:18","guid":{"rendered":"https:\/\/debug.dr-entrup.de\/contact\/"},"modified":"2024-08-28T17:18:17","modified_gmt":"2024-08-28T15:18:17","slug":"contact-form-orthodontics-hannover","status":"publish","type":"page","link":"https:\/\/www.dr-entrup.de\/en\/contact-form-orthodontics-hannover\/","title":{"rendered":"Contact"},"content":{"rendered":"\n<section class = \"fdn-grid\">\n\t<div class = \"grid-container no-padding\">\n\t\t<div class = \"grid-x\">\n\t\t\t<div class=\"cell large-12 small-12 \">\n\t\t\t\t<div class =\"hero hero--background-gray text-center\">\n\t\t\t\t\t<img loading=\"lazy\" decoding=\"async\" width=\"1800\" height=\"862\" src=\"https:\/\/www.dr-entrup.de\/wp-content\/uploads\/2024\/06\/Kontakt-Fachpraxis-fur-umfassende-Kieferorthopadie-Dr.-Entrup-in-Hannover-Nehmen-Sie-Kontakt-mit-uns-auf.jpeg\" class=\"image img-responsive-no-block\" alt=\"Kontakt - Kontaktieren Sie uns - Fachpraxis fu\u0308r umfassende Kieferorthopa\u0308die Dres. W. und J. Entrup &amp; Dr. T. Altvater Hannover\" srcset=\"https:\/\/www.dr-entrup.de\/wp-content\/uploads\/2024\/06\/Kontakt-Fachpraxis-fur-umfassende-Kieferorthopadie-Dr.-Entrup-in-Hannover-Nehmen-Sie-Kontakt-mit-uns-auf.jpeg 1800w, https:\/\/www.dr-entrup.de\/wp-content\/uploads\/2024\/06\/Kontakt-Fachpraxis-fur-umfassende-Kieferorthopadie-Dr.-Entrup-in-Hannover-Nehmen-Sie-Kontakt-mit-uns-auf-300x144.jpeg 300w, https:\/\/www.dr-entrup.de\/wp-content\/uploads\/2024\/06\/Kontakt-Fachpraxis-fur-umfassende-Kieferorthopadie-Dr.-Entrup-in-Hannover-Nehmen-Sie-Kontakt-mit-uns-auf-1024x490.jpeg 1024w, https:\/\/www.dr-entrup.de\/wp-content\/uploads\/2024\/06\/Kontakt-Fachpraxis-fur-umfassende-Kieferorthopadie-Dr.-Entrup-in-Hannover-Nehmen-Sie-Kontakt-mit-uns-auf-768x368.jpeg 768w, https:\/\/www.dr-entrup.de\/wp-content\/uploads\/2024\/06\/Kontakt-Fachpraxis-fur-umfassende-Kieferorthopadie-Dr.-Entrup-in-Hannover-Nehmen-Sie-Kontakt-mit-uns-auf-1536x736.jpeg 1536w\" sizes=\"auto, (max-width: 1800px) 100vw, 1800px\" \/>\t\t\t\t<\/div>\n\t\t\t<\/div>\n\t\t<\/div>\n\t<\/div>\n<\/section>\n\n<section class = \"fdn-grid\">\n    <div class = \"p-top-mobile-50\"><\/div>\n    <div class = \"grid-container full-with-margin-10 no-padding\">\n        <div class = \"grid-x\">\n            <div class = \"cell small-12\">\n\n\n\n                <h1 class=\"heading heading--primary m-bottom-40\">Contact form Specialist practice for comprehensive orthodontics Hanover<\/h1>\n                <h2 class=\"heading heading--secondary m-bottom-10\">Do you have any questions or suggestions? Simply contact us.<\/h2>\n                <span class=\"short-line-decoration short-line-decoration--mini-width color-bordeaux-bg\"><\/span>\n\n                <div class=\"m-top-40 paragraph\">\n\n                    <p>You can find our contact details here:  <\/p>\n<h3 class=\"heading heading--regular m-bottom-10 color-bordeaux\">Specialist practice for comprehensive orthodontics Dres. W. &amp; J. Entrup &amp; Dr. T. Altvater<\/h3>\n<table class=\"table\">\n<tbody>\n<tr>\n<td class=\"width-50\"><img decoding=\"async\" src=\"https:\/\/www.dr-entrup.de\/wp-content\/uploads\/2023\/10\/Adresse-Kieferorthopadie-Hannover-Dr.-Entrup.png\" alt=\"Address Orthodontics Hanover Dr. Entrup\"><\/td>\n<td>\n<div class=\"paragraph paragraph--remove-margin p-left-15\">  Orthodontics Hanover Dres. W. &amp; J. Entrup &amp; Dr. T. Altvater Georgstra\u00dfe 46 30159 Hanover  <\/div>\n<\/td>\n<\/tr>\n<tr>\n<td class=\"width-50\"><img decoding=\"async\" src=\"https:\/\/www.dr-entrup.de\/wp-content\/uploads\/2023\/11\/Offnungszeiten-Balance-Umfassende-Kieferorthopadie-Hannover-Dr.-Entrup.png\" alt=\"\"><\/td>\n<td>\n<div class=\"paragraph paragraph--remove-margin p-left-15\">  Office hours<strong>Monday to Thursday: 08 a.m. &#8211; 6 p.m. Friday: 08 a.m. &#8211; 3 p.m. Saturdays by appointment <\/strong> <\/div>\n<\/td>\n<\/tr>\n<tr>\n<td class=\"width-50\"><img decoding=\"async\" src=\"https:\/\/www.dr-entrup.de\/wp-content\/uploads\/2023\/10\/Telefon-Balance-Umfassende-Kieferorthopadie-Hannover-Dr.-Entrup.png\" alt=\"Telefon Balance - Comprehensive orthodontics Hanover Dr. Entrup\"><\/td>\n<td>\n<div class=\"paragraph paragraph--remove-margin p-left-15\">\n<p><strong>T<\/strong> <a href=\"tel:+49511364990\">+49 (511)<\/a><strong>364990F<\/strong> +49 (511) 3649911  <\/div>\n<\/td>\n<\/tr>\n<tr>\n<td class=\"width-50\"><img decoding=\"async\" src=\"https:\/\/www.dr-entrup.de\/wp-content\/uploads\/2023\/10\/Email-Adresse-BALANCE-Umfassende-Kieferorthopadie-Hannover-Dr.-Entrup.png\" alt=\"Email address BALANCE - Comprehensive Orthodontics Hanover Dr. Entrup\"><\/td>\n<td>\n<div class=\"p-left-15\"><a class=\"anchor-link color-bordeaux\" href=\"mailto:info@dr-entrup.de\">info@dr-entrup.de<\/a><\/div>\n<\/td>\n<\/tr>\n<\/tbody>\n<\/table>\n<p>  You can use the following form to send us your questions conveniently and around the clock. If you expressly wish to make an appointment, please use our &#8220;Appointment Online&#8221; form, as we need further information from you in order to be able to set you up properly in our patient administration system. Thank you very much.<\/p>\n\n                <\/div>\n                            <\/div>\n        <\/div>\n    <\/div>\n     <div class = \"p-top-mobile-50\"><\/div>\n<\/section>\n\n<section class = \"fdn-grid  color-extra-pink-bg\">\n    <div class = \"p-top-mobile-50\"><\/div>\n\n    <div class = \"grid-container full-with-large-margin\">\n\n        <div class = \"grid-x\">\n\n            <div class = \"cell small-12 large-12\">\n                \n<div class=\"wpcf7 no-js\" id=\"wpcf7-f6585-o1\" lang=\"en-US\" dir=\"ltr\" data-wpcf7-id=\"6585\">\n<div class=\"screen-reader-response\"><p role=\"status\" aria-live=\"polite\" aria-atomic=\"true\"><\/p> <ul><\/ul><\/div>\n<form action=\"\/en\/wp-json\/wp\/v2\/pages\/4909#wpcf7-f6585-o1\" method=\"post\" class=\"wpcf7-form init\" aria-label=\"Contact form\" novalidate=\"novalidate\" data-status=\"init\">\n<fieldset class=\"hidden-fields-container\"><input type=\"hidden\" name=\"_wpcf7\" value=\"6585\" \/><input type=\"hidden\" name=\"_wpcf7_version\" value=\"6.1.5\" \/><input type=\"hidden\" name=\"_wpcf7_locale\" value=\"en_US\" \/><input type=\"hidden\" name=\"_wpcf7_unit_tag\" value=\"wpcf7-f6585-o1\" \/><input type=\"hidden\" name=\"_wpcf7_container_post\" value=\"0\" \/><input type=\"hidden\" name=\"_wpcf7_posted_data_hash\" value=\"\" \/>\n<\/fieldset>\n<p><label> Name <span class=\"wpcf7-form-control-wrap\" data-name=\"Name\"><input size=\"40\" maxlength=\"400\" class=\"wpcf7-form-control wpcf7-text wpcf7-validates-as-required\" autocomplete=\"family-name\" aria-required=\"true\" aria-invalid=\"false\" value=\"\" type=\"text\" name=\"Name\" \/><\/span> <\/label><br \/>\n<label> Street <span class=\"wpcf7-form-control-wrap\" data-name=\"Strasse\"><input size=\"40\" maxlength=\"400\" class=\"wpcf7-form-control wpcf7-text\" autocomplete=\"street-address\" aria-invalid=\"false\" value=\"\" type=\"text\" name=\"Strasse\" \/><\/span> <\/label>\n<\/p>\n<p><label> Location <span class=\"wpcf7-form-control-wrap\" data-name=\"ort\"><input size=\"40\" maxlength=\"400\" class=\"wpcf7-form-control wpcf7-text\" autocomplete=\"address-level2\" aria-invalid=\"false\" value=\"\" type=\"text\" name=\"ort\" \/><\/span> <\/label>\n<\/p>\n<p><label> ZIP CODE <span class=\"wpcf7-form-control-wrap\" data-name=\"plz\"><input size=\"40\" maxlength=\"400\" class=\"wpcf7-form-control wpcf7-text\" autocomplete=\"postal-code\" aria-invalid=\"false\" value=\"\" type=\"text\" name=\"plz\" \/><\/span> <\/label>\n<\/p>\n<p><label> Telephone <span class=\"wpcf7-form-control-wrap\" data-name=\"Telefon\"><input size=\"40\" maxlength=\"400\" class=\"wpcf7-form-control wpcf7-tel wpcf7-validates-as-required wpcf7-text wpcf7-validates-as-tel\" autocomplete=\"tel\" aria-required=\"true\" aria-invalid=\"false\" value=\"\" type=\"tel\" name=\"Telefon\" \/><\/span><\/label>\n<\/p>\n<p><label> Mobile <span class=\"wpcf7-form-control-wrap\" data-name=\"Mobil\"><input size=\"40\" maxlength=\"400\" class=\"wpcf7-form-control wpcf7-tel wpcf7-text wpcf7-validates-as-tel\" autocomplete=\"tel\" aria-invalid=\"false\" value=\"\" type=\"tel\" name=\"Mobil\" \/><\/span> <\/label>\n<\/p>\n<p><label> E-mail address <span class=\"wpcf7-form-control-wrap\" data-name=\"your-email\"><input size=\"40\" maxlength=\"400\" class=\"wpcf7-form-control wpcf7-email wpcf7-validates-as-required wpcf7-text wpcf7-validates-as-email\" autocomplete=\"email\" aria-required=\"true\" aria-invalid=\"false\" value=\"\" type=\"email\" name=\"your-email\" \/><\/span> <\/label>\n<\/p>\n<p><label> Best time for recall <span class=\"wpcf7-form-control-wrap\" data-name=\"text-724\"><input size=\"40\" maxlength=\"400\" class=\"wpcf7-form-control wpcf7-text\" aria-invalid=\"false\" value=\"\" type=\"text\" name=\"text-724\" \/><\/span> <\/label>\n<\/p>\n<p><label> Your message to us <span class=\"wpcf7-form-control-wrap\" data-name=\"your-message\"><textarea cols=\"40\" rows=\"10\" maxlength=\"2000\" class=\"wpcf7-form-control wpcf7-textarea\" aria-invalid=\"false\" name=\"your-message\"><\/textarea><\/span> <\/label>\n<\/p>\n<p><span class=\"wpcf7-form-control-wrap\" data-name=\"acceptance-740\"><span class=\"wpcf7-form-control wpcf7-acceptance\"><span class=\"wpcf7-list-item\"><label><input type=\"checkbox\" name=\"acceptance-740\" value=\"1\" aria-invalid=\"false\" \/><span class=\"wpcf7-list-item-label\">I have read the <a target=\"_blank\" href=\"\/datenschutz\/\">data protection regulations<\/a> and expressly agree to them.<\/span><\/label><\/span><\/span><\/span>\n<\/p>\n<p><input class=\"wpcf7-form-control wpcf7-submit has-spinner\" type=\"submit\" value=\"Send\" \/>\n<\/p><div class=\"wpcf7-response-output\" aria-hidden=\"true\"><\/div>\n<\/form>\n<\/div>\n            <\/div>\n\n        <\/div>\n    <\/div>\n\n    <div class = \"p-top-mobile-50\"><\/div>\n\n<\/section>\n\n","protected":false},"excerpt":{"rendered":"","protected":false},"author":1,"featured_media":0,"parent":0,"menu_order":0,"comment_status":"closed","ping_status":"closed","template":"","meta":{"footnotes":""},"class_list":["post-4909","page","type-page","status-publish"],"acf":[],"yoast_head":"<!-- This site is optimized with the Yoast SEO plugin v27.5 - https:\/\/yoast.com\/product\/yoast-seo-wordpress\/ -->\n<title>Contact form Specialist practice for comprehensive orthodontics Hanover<\/title>\n<meta name=\"description\" content=\"Contact Specialist practice for comprehensive orthodontics Dres. W. &amp; J. Entrup &amp; Dr. T. Altvater Hannover - Do you have any questions about our treatments? You can send us your message around the clock using our online contact form.\" \/>\n<meta name=\"robots\" content=\"index, follow, max-snippet:-1, max-image-preview:large, max-video-preview:-1\" \/>\n<link rel=\"canonical\" href=\"https:\/\/www.dr-entrup.de\/en\/contact-form-orthodontics-hannover\/\" \/>\n<meta property=\"og:locale\" content=\"en_US\" \/>\n<meta property=\"og:type\" content=\"article\" \/>\n<meta property=\"og:title\" content=\"Contact form Specialist practice for comprehensive orthodontics Hanover\" \/>\n<meta property=\"og:description\" content=\"Contact Specialist practice for comprehensive orthodontics Dres. W. &amp; J. Entrup &amp; Dr. T. Altvater Hannover - Do you have any questions about our treatments? You can send us your message around the clock using our online contact form.\" \/>\n<meta property=\"og:url\" content=\"https:\/\/www.dr-entrup.de\/en\/contact-form-orthodontics-hannover\/\" \/>\n<meta property=\"og:site_name\" content=\"BALANCE Fachpraxis f\u00fcr umfassende Kieferorthop\u00e4die Hannover Dr. Entrup\" \/>\n<meta property=\"article:modified_time\" content=\"2024-08-28T15:18:17+00:00\" \/>\n<meta name=\"twitter:card\" content=\"summary_large_image\" \/>\n<script type=\"application\/ld+json\" class=\"yoast-schema-graph\">{\"@context\":\"https:\\\/\\\/schema.org\",\"@graph\":[{\"@type\":\"WebPage\",\"@id\":\"https:\\\/\\\/www.dr-entrup.de\\\/en\\\/contact-form-orthodontics-hannover\\\/\",\"url\":\"https:\\\/\\\/www.dr-entrup.de\\\/en\\\/contact-form-orthodontics-hannover\\\/\",\"name\":\"Contact form Specialist practice for comprehensive orthodontics Hanover\",\"isPartOf\":{\"@id\":\"https:\\\/\\\/www.dr-entrup.de\\\/en\\\/#website\"},\"datePublished\":\"2023-10-21T06:25:18+00:00\",\"dateModified\":\"2024-08-28T15:18:17+00:00\",\"description\":\"Contact Specialist practice for comprehensive orthodontics Dres. W. & J. Entrup & Dr. T. Altvater Hannover - Do you have any questions about our treatments? You can send us your message around the clock using our online contact form.\",\"breadcrumb\":{\"@id\":\"https:\\\/\\\/www.dr-entrup.de\\\/en\\\/contact-form-orthodontics-hannover\\\/#breadcrumb\"},\"inLanguage\":\"en-DE\",\"potentialAction\":[{\"@type\":\"ReadAction\",\"target\":[\"https:\\\/\\\/www.dr-entrup.de\\\/en\\\/contact-form-orthodontics-hannover\\\/\"]}]},{\"@type\":\"BreadcrumbList\",\"@id\":\"https:\\\/\\\/www.dr-entrup.de\\\/en\\\/contact-form-orthodontics-hannover\\\/#breadcrumb\",\"itemListElement\":[{\"@type\":\"ListItem\",\"position\":1,\"name\":\"Home\",\"item\":\"https:\\\/\\\/www.dr-entrup.de\\\/en\\\/\"},{\"@type\":\"ListItem\",\"position\":2,\"name\":\"Contact\"}]},{\"@type\":\"WebSite\",\"@id\":\"https:\\\/\\\/www.dr-entrup.de\\\/en\\\/#website\",\"url\":\"https:\\\/\\\/www.dr-entrup.de\\\/en\\\/\",\"name\":\"BALANCE Fachpraxis f\u00fcr umfassende Kieferorthop\u00e4die Hannover Dr. Entrup\",\"description\":\"BALANCE Fachpraxis f\u00fcr umfassende Kieferorthop\u00e4die Hannover Dr. Entrup\",\"publisher\":{\"@id\":\"https:\\\/\\\/www.dr-entrup.de\\\/en\\\/#organization\"},\"potentialAction\":[{\"@type\":\"SearchAction\",\"target\":{\"@type\":\"EntryPoint\",\"urlTemplate\":\"https:\\\/\\\/www.dr-entrup.de\\\/en\\\/?s={search_term_string}\"},\"query-input\":{\"@type\":\"PropertyValueSpecification\",\"valueRequired\":true,\"valueName\":\"search_term_string\"}}],\"inLanguage\":\"en-DE\"},{\"@type\":\"Organization\",\"@id\":\"https:\\\/\\\/www.dr-entrup.de\\\/en\\\/#organization\",\"name\":\"BALANCE Fachpraxis f\u00fcr umfassende Kieferorthop\u00e4die Hannover Dr. Entrup\",\"url\":\"https:\\\/\\\/www.dr-entrup.de\\\/en\\\/\",\"logo\":{\"@type\":\"ImageObject\",\"inLanguage\":\"en-DE\",\"@id\":\"https:\\\/\\\/www.dr-entrup.de\\\/en\\\/#\\\/schema\\\/logo\\\/image\\\/\",\"url\":\"https:\\\/\\\/www.dr-entrup.de\\\/wp-content\\\/uploads\\\/2023\\\/11\\\/logo-plus-subtext.png\",\"contentUrl\":\"https:\\\/\\\/www.dr-entrup.de\\\/wp-content\\\/uploads\\\/2023\\\/11\\\/logo-plus-subtext.png\",\"width\":302,\"height\":326,\"caption\":\"BALANCE Fachpraxis f\u00fcr umfassende Kieferorthop\u00e4die Hannover Dr. Entrup\"},\"image\":{\"@id\":\"https:\\\/\\\/www.dr-entrup.de\\\/en\\\/#\\\/schema\\\/logo\\\/image\\\/\"}}]}<\/script>\n<!-- \/ Yoast SEO plugin. -->","yoast_head_json":{"title":"Contact form Specialist practice for comprehensive orthodontics Hanover","description":"Contact Specialist practice for comprehensive orthodontics Dres. W. & J. Entrup & Dr. T. Altvater Hannover - Do you have any questions about our treatments? You can send us your message around the clock using our online contact form.","robots":{"index":"index","follow":"follow","max-snippet":"max-snippet:-1","max-image-preview":"max-image-preview:large","max-video-preview":"max-video-preview:-1"},"canonical":"https:\/\/www.dr-entrup.de\/en\/contact-form-orthodontics-hannover\/","og_locale":"en_US","og_type":"article","og_title":"Contact form Specialist practice for comprehensive orthodontics Hanover","og_description":"Contact Specialist practice for comprehensive orthodontics Dres. W. & J. Entrup & Dr. T. Altvater Hannover - Do you have any questions about our treatments? You can send us your message around the clock using our online contact form.","og_url":"https:\/\/www.dr-entrup.de\/en\/contact-form-orthodontics-hannover\/","og_site_name":"BALANCE Fachpraxis f\u00fcr umfassende Kieferorthop\u00e4die Hannover Dr. Entrup","article_modified_time":"2024-08-28T15:18:17+00:00","twitter_card":"summary_large_image","schema":{"@context":"https:\/\/schema.org","@graph":[{"@type":"WebPage","@id":"https:\/\/www.dr-entrup.de\/en\/contact-form-orthodontics-hannover\/","url":"https:\/\/www.dr-entrup.de\/en\/contact-form-orthodontics-hannover\/","name":"Contact form Specialist practice for comprehensive orthodontics Hanover","isPartOf":{"@id":"https:\/\/www.dr-entrup.de\/en\/#website"},"datePublished":"2023-10-21T06:25:18+00:00","dateModified":"2024-08-28T15:18:17+00:00","description":"Contact Specialist practice for comprehensive orthodontics Dres. W. & J. Entrup & Dr. T. Altvater Hannover - Do you have any questions about our treatments? You can send us your message around the clock using our online contact form.","breadcrumb":{"@id":"https:\/\/www.dr-entrup.de\/en\/contact-form-orthodontics-hannover\/#breadcrumb"},"inLanguage":"en-DE","potentialAction":[{"@type":"ReadAction","target":["https:\/\/www.dr-entrup.de\/en\/contact-form-orthodontics-hannover\/"]}]},{"@type":"BreadcrumbList","@id":"https:\/\/www.dr-entrup.de\/en\/contact-form-orthodontics-hannover\/#breadcrumb","itemListElement":[{"@type":"ListItem","position":1,"name":"Home","item":"https:\/\/www.dr-entrup.de\/en\/"},{"@type":"ListItem","position":2,"name":"Contact"}]},{"@type":"WebSite","@id":"https:\/\/www.dr-entrup.de\/en\/#website","url":"https:\/\/www.dr-entrup.de\/en\/","name":"BALANCE Fachpraxis f\u00fcr umfassende Kieferorthop\u00e4die Hannover Dr. Entrup","description":"BALANCE Fachpraxis f\u00fcr umfassende Kieferorthop\u00e4die Hannover Dr. Entrup","publisher":{"@id":"https:\/\/www.dr-entrup.de\/en\/#organization"},"potentialAction":[{"@type":"SearchAction","target":{"@type":"EntryPoint","urlTemplate":"https:\/\/www.dr-entrup.de\/en\/?s={search_term_string}"},"query-input":{"@type":"PropertyValueSpecification","valueRequired":true,"valueName":"search_term_string"}}],"inLanguage":"en-DE"},{"@type":"Organization","@id":"https:\/\/www.dr-entrup.de\/en\/#organization","name":"BALANCE Fachpraxis f\u00fcr umfassende Kieferorthop\u00e4die Hannover Dr. Entrup","url":"https:\/\/www.dr-entrup.de\/en\/","logo":{"@type":"ImageObject","inLanguage":"en-DE","@id":"https:\/\/www.dr-entrup.de\/en\/#\/schema\/logo\/image\/","url":"https:\/\/www.dr-entrup.de\/wp-content\/uploads\/2023\/11\/logo-plus-subtext.png","contentUrl":"https:\/\/www.dr-entrup.de\/wp-content\/uploads\/2023\/11\/logo-plus-subtext.png","width":302,"height":326,"caption":"BALANCE Fachpraxis f\u00fcr umfassende Kieferorthop\u00e4die Hannover Dr. Entrup"},"image":{"@id":"https:\/\/www.dr-entrup.de\/en\/#\/schema\/logo\/image\/"}}]}},"_links":{"self":[{"href":"https:\/\/www.dr-entrup.de\/en\/wp-json\/wp\/v2\/pages\/4909","targetHints":{"allow":["GET"]}}],"collection":[{"href":"https:\/\/www.dr-entrup.de\/en\/wp-json\/wp\/v2\/pages"}],"about":[{"href":"https:\/\/www.dr-entrup.de\/en\/wp-json\/wp\/v2\/types\/page"}],"author":[{"embeddable":true,"href":"https:\/\/www.dr-entrup.de\/en\/wp-json\/wp\/v2\/users\/1"}],"replies":[{"embeddable":true,"href":"https:\/\/www.dr-entrup.de\/en\/wp-json\/wp\/v2\/comments?post=4909"}],"version-history":[{"count":3,"href":"https:\/\/www.dr-entrup.de\/en\/wp-json\/wp\/v2\/pages\/4909\/revisions"}],"predecessor-version":[{"id":6710,"href":"https:\/\/www.dr-entrup.de\/en\/wp-json\/wp\/v2\/pages\/4909\/revisions\/6710"}],"wp:attachment":[{"href":"https:\/\/www.dr-entrup.de\/en\/wp-json\/wp\/v2\/media?parent=4909"}],"curies":[{"name":"wp","href":"https:\/\/api.w.org\/{rel}","templated":true}]}}