{"id":4907,"date":"2023-10-21T08:25:53","date_gmt":"2023-10-21T06:25:53","guid":{"rendered":"https:\/\/debug.dr-entrup.de\/online-appointment\/"},"modified":"2024-08-28T17:18:17","modified_gmt":"2024-08-28T15:18:17","slug":"online-appointment-orthodontics-hannover","status":"publish","type":"page","link":"https:\/\/www.dr-entrup.de\/en\/online-appointment-orthodontics-hannover\/","title":{"rendered":"Online appointment"},"content":{"rendered":"\n<section class = \"fdn-grid\">\n\t<div class = \"grid-container no-padding\">\n\t\t<div class = \"grid-x\">\n\t\t\t<div class=\"cell large-12 small-12 \">\n\t\t\t\t<div class =\"hero hero--background-gray text-center\">\n\t\t\t\t\t<img loading=\"lazy\" decoding=\"async\" width=\"1800\" height=\"822\" src=\"https:\/\/www.dr-entrup.de\/wp-content\/uploads\/2024\/06\/Online-Termin-jetzt-Termin-vereinbaren-Fachpraxis-fur-umfassende-Kieferorthopadie-Dr.-Entrup-in-Hannover.jpeg\" class=\"image img-responsive-no-block\" alt=\"Termin Online Kieferorthopa\u0308die Hannover - Buchen Sie Ihren Termin Online Fachpraxis Dres. W. &amp; J. Entrup &amp; Dr. T. Altvater\" srcset=\"https:\/\/www.dr-entrup.de\/wp-content\/uploads\/2024\/06\/Online-Termin-jetzt-Termin-vereinbaren-Fachpraxis-fur-umfassende-Kieferorthopadie-Dr.-Entrup-in-Hannover.jpeg 1800w, https:\/\/www.dr-entrup.de\/wp-content\/uploads\/2024\/06\/Online-Termin-jetzt-Termin-vereinbaren-Fachpraxis-fur-umfassende-Kieferorthopadie-Dr.-Entrup-in-Hannover-300x137.jpeg 300w, https:\/\/www.dr-entrup.de\/wp-content\/uploads\/2024\/06\/Online-Termin-jetzt-Termin-vereinbaren-Fachpraxis-fur-umfassende-Kieferorthopadie-Dr.-Entrup-in-Hannover-1024x468.jpeg 1024w, https:\/\/www.dr-entrup.de\/wp-content\/uploads\/2024\/06\/Online-Termin-jetzt-Termin-vereinbaren-Fachpraxis-fur-umfassende-Kieferorthopadie-Dr.-Entrup-in-Hannover-768x351.jpeg 768w, https:\/\/www.dr-entrup.de\/wp-content\/uploads\/2024\/06\/Online-Termin-jetzt-Termin-vereinbaren-Fachpraxis-fur-umfassende-Kieferorthopadie-Dr.-Entrup-in-Hannover-1536x701.jpeg 1536w\" sizes=\"auto, (max-width: 1800px) 100vw, 1800px\" \/>\t\t\t\t<\/div>\n\t\t\t<\/div>\n\t\t<\/div>\n\t<\/div>\n<\/section>\n\n<section class = \"fdn-grid\">\n    <div class = \"p-top-mobile-50\"><\/div>\n    <div class = \"grid-container full-with-margin-10 no-padding\">\n        <div class = \"grid-x\">\n            <div class = \"cell small-12\">\n\n\n\n                <h1 class=\"heading heading--primary m-bottom-40\">Online appointment orthodontics Hanover<\/h1>\n                <h2 class=\"heading heading--secondary m-bottom-10\">Book your appointment conveniently online &#8211; Specialist practice for comprehensive orthodontics Dres. W. &amp; J. Entrup &amp; Dr. T. Altvater<\/h2>\n                <span class=\"short-line-decoration short-line-decoration--mini-width color-bordeaux-bg\"><\/span>\n\n                <div class=\"m-top-40 paragraph\">\n\n                    <p>In the following dialog you can make an appointment with our practice team online. Simply enter your personal information and date suggestions in the form below. We will make a note of your appointment request and get in touch with you shortly. Your transmitted data will be treated as strictly confidential. You can fill out the medical history form conveniently online here: <a href=\"https:\/\/gonelly.de\/o\/entrup\/v2\">Medical history form <\/a> <\/p>\n\n                <\/div>\n                            <\/div>\n        <\/div>\n    <\/div>\n     <div class = \"p-top-mobile-50\"><\/div>\n<\/section>\n\n<section class = \"fdn-grid  color-extra-pink-bg\">\n    <div class = \"p-top-mobile-50\"><\/div>\n\n    <div class = \"grid-container full-with-large-margin\">\n\n        <div class = \"grid-x\">\n\n            <div class = \"cell small-12 large-12\">\n                \n<div class=\"wpcf7 no-js\" id=\"wpcf7-f6593-o1\" lang=\"en-US\" dir=\"ltr\" data-wpcf7-id=\"6593\">\n<div class=\"screen-reader-response\"><p role=\"status\" aria-live=\"polite\" aria-atomic=\"true\"><\/p> <ul><\/ul><\/div>\n<form action=\"\/en\/wp-json\/wp\/v2\/pages\/4907#wpcf7-f6593-o1\" method=\"post\" class=\"wpcf7-form init\" aria-label=\"Contact form\" novalidate=\"novalidate\" data-status=\"init\">\n<fieldset class=\"hidden-fields-container\"><input type=\"hidden\" name=\"_wpcf7\" value=\"6593\" \/><input type=\"hidden\" name=\"_wpcf7_version\" value=\"6.1.4\" \/><input type=\"hidden\" name=\"_wpcf7_locale\" value=\"en_US\" \/><input type=\"hidden\" name=\"_wpcf7_unit_tag\" value=\"wpcf7-f6593-o1\" \/><input type=\"hidden\" name=\"_wpcf7_container_post\" value=\"0\" \/><input type=\"hidden\" name=\"_wpcf7_posted_data_hash\" value=\"\" \/>\n<\/fieldset>\n<p><label> Name * <span class=\"wpcf7-form-control-wrap\" data-name=\"Name\"><input size=\"40\" maxlength=\"400\" class=\"wpcf7-form-control wpcf7-text wpcf7-validates-as-required\" autocomplete=\"family-name\" aria-required=\"true\" aria-invalid=\"false\" value=\"\" type=\"text\" name=\"Name\" \/><\/span> <\/label>\n<\/p>\n<p><label> Street <span class=\"wpcf7-form-control-wrap\" data-name=\"Strasse\"><input size=\"40\" maxlength=\"400\" class=\"wpcf7-form-control wpcf7-text\" autocomplete=\"street-address\" aria-invalid=\"false\" value=\"\" type=\"text\" name=\"Strasse\" \/><\/span> <\/label>\n<\/p>\n<p><label> Location <span class=\"wpcf7-form-control-wrap\" data-name=\"ort\"><input size=\"40\" maxlength=\"400\" class=\"wpcf7-form-control wpcf7-text\" autocomplete=\"address-level2\" aria-invalid=\"false\" value=\"\" type=\"text\" name=\"ort\" \/><\/span> <\/label>\n<\/p>\n<p><label> ZIP CODE <span class=\"wpcf7-form-control-wrap\" data-name=\"plz\"><input size=\"40\" maxlength=\"400\" class=\"wpcf7-form-control wpcf7-text\" autocomplete=\"postal-code\" aria-invalid=\"false\" value=\"\" type=\"text\" name=\"plz\" \/><\/span> <\/label>\n<\/p>\n<p><label> Phone * <span class=\"wpcf7-form-control-wrap\" data-name=\"Telefon\"><input size=\"40\" maxlength=\"400\" class=\"wpcf7-form-control wpcf7-tel wpcf7-validates-as-required wpcf7-text wpcf7-validates-as-tel\" autocomplete=\"tel\" aria-required=\"true\" aria-invalid=\"false\" value=\"\" type=\"tel\" name=\"Telefon\" \/><\/span><\/label>\n<\/p>\n<p><label> Mobile <span class=\"wpcf7-form-control-wrap\" data-name=\"Mobil\"><input size=\"40\" maxlength=\"400\" class=\"wpcf7-form-control wpcf7-tel wpcf7-text wpcf7-validates-as-tel\" autocomplete=\"tel\" aria-invalid=\"false\" value=\"\" type=\"tel\" name=\"Mobil\" \/><\/span> <\/label>\n<\/p>\n<p><label> Insurance * <span class=\"wpcf7-form-control-wrap\" data-name=\"versicherung\"><input size=\"40\" maxlength=\"400\" class=\"wpcf7-form-control wpcf7-text wpcf7-validates-as-required\" aria-required=\"true\" aria-invalid=\"false\" value=\"\" type=\"text\" name=\"versicherung\" \/><\/span> <\/label>\n<\/p>\n<p><label> Date of birth * <span class=\"wpcf7-form-control-wrap\" data-name=\"bday\"><input class=\"wpcf7-form-control wpcf7-date wpcf7-validates-as-required wpcf7-validates-as-date\" autocomplete=\"bday\" aria-required=\"true\" aria-invalid=\"false\" value=\"\" type=\"date\" name=\"bday\" \/><\/span> <\/label>\n<\/p>\n<p><label> E-mail address * <span class=\"wpcf7-form-control-wrap\" data-name=\"your-email\"><input size=\"40\" maxlength=\"400\" class=\"wpcf7-form-control wpcf7-email wpcf7-validates-as-required wpcf7-text wpcf7-validates-as-email\" autocomplete=\"email\" aria-required=\"true\" aria-invalid=\"false\" value=\"\" type=\"email\" name=\"your-email\" \/><\/span> <\/label>\n<\/p>\n<p><label> The following day of the week is possible for me: <span class=\"wpcf7-form-control-wrap\" data-name=\"menu-362\"><select class=\"wpcf7-form-control wpcf7-select sdf\" aria-invalid=\"false\" name=\"menu-362\"><option value=\"Mondays Tuesdays Wednesdays Thursdays Fridays Whatever\">Mondays Tuesdays Wednesdays Thursdays Fridays Whatever<\/option><\/select><\/span> <\/label>\n<\/p>\n<p><label> The following time of day is possible for me: <span class=\"wpcf7-form-control-wrap\" data-name=\"menu-3624\"><select class=\"wpcf7-form-control wpcf7-select sdf\" aria-invalid=\"false\" name=\"menu-3624\"><option value=\"Morning Evening No matter\">Morning Evening No matter<\/option><\/select><\/span> <\/label>\n<\/p>\n<p><label> The following date suits me: <span class=\"wpcf7-form-control-wrap\" data-name=\"date-177\"><input class=\"wpcf7-form-control wpcf7-date wpcf7-validates-as-date\" aria-invalid=\"false\" value=\"\" type=\"date\" name=\"date-177\" \/><\/span><\/label>\n<\/p>\n<p><label> Alternative date: <span class=\"wpcf7-form-control-wrap\" data-name=\"date-1778\"><input class=\"wpcf7-form-control wpcf7-date wpcf7-validates-as-date\" aria-invalid=\"false\" value=\"\" type=\"date\" name=\"date-1778\" \/><\/span><\/label>\n<\/p>\n<p><label> Your message to us * <span class=\"wpcf7-form-control-wrap\" data-name=\"your-message\"><textarea cols=\"40\" rows=\"10\" maxlength=\"2000\" class=\"wpcf7-form-control wpcf7-textarea wpcf7-validates-as-required\" aria-required=\"true\" aria-invalid=\"false\" name=\"your-message\"><\/textarea><\/span> <\/label>\n<\/p>\n<p><span class=\"wpcf7-form-control-wrap\" data-name=\"acceptance-740\"><span class=\"wpcf7-form-control wpcf7-acceptance\"><span class=\"wpcf7-list-item\"><label><input type=\"checkbox\" name=\"acceptance-740\" value=\"1\" aria-invalid=\"false\" \/><span class=\"wpcf7-list-item-label\">I have read the <a target=\"_blank\" href=\"\/datenschutz\/\">data protection regulations<\/a> and expressly agree to them.<\/span><\/label><\/span><\/span><\/span>\n<\/p>\n<p><input class=\"wpcf7-form-control wpcf7-submit has-spinner\" type=\"submit\" value=\"Send\" \/>\n<\/p><div class=\"wpcf7-response-output\" aria-hidden=\"true\"><\/div>\n<\/form>\n<\/div>\n            <\/div>\n\n        <\/div>\n    <\/div>\n\n    <div class = \"p-top-mobile-50\"><\/div>\n\n<\/section>\n\n","protected":false},"excerpt":{"rendered":"","protected":false},"author":1,"featured_media":0,"parent":0,"menu_order":0,"comment_status":"closed","ping_status":"closed","template":"","meta":{"footnotes":""},"class_list":["post-4907","page","type-page","status-publish"],"acf":[],"yoast_head":"<!-- This site is optimized with the Yoast SEO plugin v26.6 - https:\/\/yoast.com\/wordpress\/plugins\/seo\/ -->\n<title>Online Appointment Orthodontics Hanover Dr. Entrup<\/title>\n<meta name=\"description\" content=\"Online appointment Specialist practice for comprehensive orthodontics Dres. W. &amp; J. Entrup &amp; Dr. T. Altvater: Are you interested in an appointment at our orthodontic practice in Hanover? Our online appointment request will help you.\" \/>\n<meta name=\"robots\" content=\"index, follow, max-snippet:-1, max-image-preview:large, max-video-preview:-1\" \/>\n<link rel=\"canonical\" href=\"https:\/\/www.dr-entrup.de\/en\/online-appointment-orthodontics-hannover\/\" \/>\n<meta property=\"og:locale\" content=\"en_US\" \/>\n<meta property=\"og:type\" content=\"article\" \/>\n<meta property=\"og:title\" content=\"Online Appointment Orthodontics Hanover Dr. Entrup\" \/>\n<meta property=\"og:description\" content=\"Online appointment Specialist practice for comprehensive orthodontics Dres. W. &amp; J. Entrup &amp; Dr. T. Altvater: Are you interested in an appointment at our orthodontic practice in Hanover? Our online appointment request will help you.\" \/>\n<meta property=\"og:url\" content=\"https:\/\/www.dr-entrup.de\/en\/online-appointment-orthodontics-hannover\/\" \/>\n<meta property=\"og:site_name\" content=\"BALANCE Fachpraxis f\u00fcr umfassende Kieferorthop\u00e4die Hannover Dr. Entrup\" \/>\n<meta property=\"article:modified_time\" content=\"2024-08-28T15:18:17+00:00\" \/>\n<meta name=\"twitter:card\" content=\"summary_large_image\" \/>\n<script type=\"application\/ld+json\" class=\"yoast-schema-graph\">{\"@context\":\"https:\/\/schema.org\",\"@graph\":[{\"@type\":\"WebPage\",\"@id\":\"https:\/\/www.dr-entrup.de\/en\/online-appointment-orthodontics-hannover\/\",\"url\":\"https:\/\/www.dr-entrup.de\/en\/online-appointment-orthodontics-hannover\/\",\"name\":\"Online Appointment Orthodontics Hanover Dr. Entrup\",\"isPartOf\":{\"@id\":\"https:\/\/www.dr-entrup.de\/en\/#website\"},\"datePublished\":\"2023-10-21T06:25:53+00:00\",\"dateModified\":\"2024-08-28T15:18:17+00:00\",\"description\":\"Online appointment Specialist practice for comprehensive orthodontics Dres. W. & J. Entrup & Dr. T. Altvater: Are you interested in an appointment at our orthodontic practice in Hanover? Our online appointment request will help you.\",\"breadcrumb\":{\"@id\":\"https:\/\/www.dr-entrup.de\/en\/online-appointment-orthodontics-hannover\/#breadcrumb\"},\"inLanguage\":\"en-DE\",\"potentialAction\":[{\"@type\":\"ReadAction\",\"target\":[\"https:\/\/www.dr-entrup.de\/en\/online-appointment-orthodontics-hannover\/\"]}]},{\"@type\":\"BreadcrumbList\",\"@id\":\"https:\/\/www.dr-entrup.de\/en\/online-appointment-orthodontics-hannover\/#breadcrumb\",\"itemListElement\":[{\"@type\":\"ListItem\",\"position\":1,\"name\":\"Home\",\"item\":\"https:\/\/www.dr-entrup.de\/en\/\"},{\"@type\":\"ListItem\",\"position\":2,\"name\":\"Online appointment\"}]},{\"@type\":\"WebSite\",\"@id\":\"https:\/\/www.dr-entrup.de\/en\/#website\",\"url\":\"https:\/\/www.dr-entrup.de\/en\/\",\"name\":\"BALANCE Fachpraxis f\u00fcr umfassende Kieferorthop\u00e4die Hannover Dr. Entrup\",\"description\":\"BALANCE Fachpraxis f\u00fcr umfassende Kieferorthop\u00e4die Hannover Dr. Entrup\",\"publisher\":{\"@id\":\"https:\/\/www.dr-entrup.de\/en\/#organization\"},\"potentialAction\":[{\"@type\":\"SearchAction\",\"target\":{\"@type\":\"EntryPoint\",\"urlTemplate\":\"https:\/\/www.dr-entrup.de\/en\/?s={search_term_string}\"},\"query-input\":{\"@type\":\"PropertyValueSpecification\",\"valueRequired\":true,\"valueName\":\"search_term_string\"}}],\"inLanguage\":\"en-DE\"},{\"@type\":\"Organization\",\"@id\":\"https:\/\/www.dr-entrup.de\/en\/#organization\",\"name\":\"BALANCE Fachpraxis f\u00fcr umfassende Kieferorthop\u00e4die Hannover Dr. Entrup\",\"url\":\"https:\/\/www.dr-entrup.de\/en\/\",\"logo\":{\"@type\":\"ImageObject\",\"inLanguage\":\"en-DE\",\"@id\":\"https:\/\/www.dr-entrup.de\/en\/#\/schema\/logo\/image\/\",\"url\":\"https:\/\/www.dr-entrup.de\/wp-content\/uploads\/2023\/11\/logo-plus-subtext.png\",\"contentUrl\":\"https:\/\/www.dr-entrup.de\/wp-content\/uploads\/2023\/11\/logo-plus-subtext.png\",\"width\":302,\"height\":326,\"caption\":\"BALANCE Fachpraxis f\u00fcr umfassende Kieferorthop\u00e4die Hannover Dr. Entrup\"},\"image\":{\"@id\":\"https:\/\/www.dr-entrup.de\/en\/#\/schema\/logo\/image\/\"}}]}<\/script>\n<!-- \/ Yoast SEO plugin. -->","yoast_head_json":{"title":"Online Appointment Orthodontics Hanover Dr. Entrup","description":"Online appointment Specialist practice for comprehensive orthodontics Dres. W. & J. Entrup & Dr. T. Altvater: Are you interested in an appointment at our orthodontic practice in Hanover? Our online appointment request will help you.","robots":{"index":"index","follow":"follow","max-snippet":"max-snippet:-1","max-image-preview":"max-image-preview:large","max-video-preview":"max-video-preview:-1"},"canonical":"https:\/\/www.dr-entrup.de\/en\/online-appointment-orthodontics-hannover\/","og_locale":"en_US","og_type":"article","og_title":"Online Appointment Orthodontics Hanover Dr. Entrup","og_description":"Online appointment Specialist practice for comprehensive orthodontics Dres. W. & J. Entrup & Dr. T. Altvater: Are you interested in an appointment at our orthodontic practice in Hanover? Our online appointment request will help you.","og_url":"https:\/\/www.dr-entrup.de\/en\/online-appointment-orthodontics-hannover\/","og_site_name":"BALANCE Fachpraxis f\u00fcr umfassende Kieferorthop\u00e4die Hannover Dr. Entrup","article_modified_time":"2024-08-28T15:18:17+00:00","twitter_card":"summary_large_image","schema":{"@context":"https:\/\/schema.org","@graph":[{"@type":"WebPage","@id":"https:\/\/www.dr-entrup.de\/en\/online-appointment-orthodontics-hannover\/","url":"https:\/\/www.dr-entrup.de\/en\/online-appointment-orthodontics-hannover\/","name":"Online Appointment Orthodontics Hanover Dr. Entrup","isPartOf":{"@id":"https:\/\/www.dr-entrup.de\/en\/#website"},"datePublished":"2023-10-21T06:25:53+00:00","dateModified":"2024-08-28T15:18:17+00:00","description":"Online appointment Specialist practice for comprehensive orthodontics Dres. W. & J. Entrup & Dr. T. Altvater: Are you interested in an appointment at our orthodontic practice in Hanover? Our online appointment request will help you.","breadcrumb":{"@id":"https:\/\/www.dr-entrup.de\/en\/online-appointment-orthodontics-hannover\/#breadcrumb"},"inLanguage":"en-DE","potentialAction":[{"@type":"ReadAction","target":["https:\/\/www.dr-entrup.de\/en\/online-appointment-orthodontics-hannover\/"]}]},{"@type":"BreadcrumbList","@id":"https:\/\/www.dr-entrup.de\/en\/online-appointment-orthodontics-hannover\/#breadcrumb","itemListElement":[{"@type":"ListItem","position":1,"name":"Home","item":"https:\/\/www.dr-entrup.de\/en\/"},{"@type":"ListItem","position":2,"name":"Online appointment"}]},{"@type":"WebSite","@id":"https:\/\/www.dr-entrup.de\/en\/#website","url":"https:\/\/www.dr-entrup.de\/en\/","name":"BALANCE Fachpraxis f\u00fcr umfassende Kieferorthop\u00e4die Hannover Dr. Entrup","description":"BALANCE Fachpraxis f\u00fcr umfassende Kieferorthop\u00e4die Hannover Dr. Entrup","publisher":{"@id":"https:\/\/www.dr-entrup.de\/en\/#organization"},"potentialAction":[{"@type":"SearchAction","target":{"@type":"EntryPoint","urlTemplate":"https:\/\/www.dr-entrup.de\/en\/?s={search_term_string}"},"query-input":{"@type":"PropertyValueSpecification","valueRequired":true,"valueName":"search_term_string"}}],"inLanguage":"en-DE"},{"@type":"Organization","@id":"https:\/\/www.dr-entrup.de\/en\/#organization","name":"BALANCE Fachpraxis f\u00fcr umfassende Kieferorthop\u00e4die Hannover Dr. Entrup","url":"https:\/\/www.dr-entrup.de\/en\/","logo":{"@type":"ImageObject","inLanguage":"en-DE","@id":"https:\/\/www.dr-entrup.de\/en\/#\/schema\/logo\/image\/","url":"https:\/\/www.dr-entrup.de\/wp-content\/uploads\/2023\/11\/logo-plus-subtext.png","contentUrl":"https:\/\/www.dr-entrup.de\/wp-content\/uploads\/2023\/11\/logo-plus-subtext.png","width":302,"height":326,"caption":"BALANCE Fachpraxis f\u00fcr umfassende Kieferorthop\u00e4die Hannover Dr. Entrup"},"image":{"@id":"https:\/\/www.dr-entrup.de\/en\/#\/schema\/logo\/image\/"}}]}},"_links":{"self":[{"href":"https:\/\/www.dr-entrup.de\/en\/wp-json\/wp\/v2\/pages\/4907","targetHints":{"allow":["GET"]}}],"collection":[{"href":"https:\/\/www.dr-entrup.de\/en\/wp-json\/wp\/v2\/pages"}],"about":[{"href":"https:\/\/www.dr-entrup.de\/en\/wp-json\/wp\/v2\/types\/page"}],"author":[{"embeddable":true,"href":"https:\/\/www.dr-entrup.de\/en\/wp-json\/wp\/v2\/users\/1"}],"replies":[{"embeddable":true,"href":"https:\/\/www.dr-entrup.de\/en\/wp-json\/wp\/v2\/comments?post=4907"}],"version-history":[{"count":3,"href":"https:\/\/www.dr-entrup.de\/en\/wp-json\/wp\/v2\/pages\/4907\/revisions"}],"predecessor-version":[{"id":6713,"href":"https:\/\/www.dr-entrup.de\/en\/wp-json\/wp\/v2\/pages\/4907\/revisions\/6713"}],"wp:attachment":[{"href":"https:\/\/www.dr-entrup.de\/en\/wp-json\/wp\/v2\/media?parent=4907"}],"curies":[{"name":"wp","href":"https:\/\/api.w.org\/{rel}","templated":true}]}}