{"id":4891,"date":"2023-10-25T14:08:21","date_gmt":"2023-10-25T12:08:21","guid":{"rendered":"https:\/\/debug.dr-entrup.de\/consulting\/"},"modified":"2024-08-28T17:18:20","modified_gmt":"2024-08-28T15:18:20","slug":"orthodontic-consultation-hannover-dr-entrup","status":"publish","type":"page","link":"https:\/\/www.dr-entrup.de\/en\/orthodontic-consultation-hannover-dr-entrup\/","title":{"rendered":"Consulting"},"content":{"rendered":"\n<section class = \"fdn-grid\">\n\t<div class = \"grid-container no-padding\">\n\t\t<div class = \"grid-x\">\n\t\t\t<div class=\"cell large-12 small-12 \">\n\t\t\t\t<div class =\"hero hero--background-gray text-center\">\n\t\t\t\t\t<img loading=\"lazy\" decoding=\"async\" width=\"1800\" height=\"865\" src=\"https:\/\/www.dr-entrup.de\/wp-content\/uploads\/2024\/05\/Kieferorthopadische-Beratung-Behandlungsplanung-nach-dem-Balance-Behandlungskonzept-.jpg\" class=\"image img-responsive-no-block\" alt=\"Kieferorthopa\u0308dische Beratung Behandlungsplanung nach dem Balance-Behandlungskonzept\" srcset=\"https:\/\/www.dr-entrup.de\/wp-content\/uploads\/2024\/05\/Kieferorthopadische-Beratung-Behandlungsplanung-nach-dem-Balance-Behandlungskonzept-.jpg 1800w, https:\/\/www.dr-entrup.de\/wp-content\/uploads\/2024\/05\/Kieferorthopadische-Beratung-Behandlungsplanung-nach-dem-Balance-Behandlungskonzept--300x144.jpg 300w, https:\/\/www.dr-entrup.de\/wp-content\/uploads\/2024\/05\/Kieferorthopadische-Beratung-Behandlungsplanung-nach-dem-Balance-Behandlungskonzept--1024x492.jpg 1024w, https:\/\/www.dr-entrup.de\/wp-content\/uploads\/2024\/05\/Kieferorthopadische-Beratung-Behandlungsplanung-nach-dem-Balance-Behandlungskonzept--768x369.jpg 768w, https:\/\/www.dr-entrup.de\/wp-content\/uploads\/2024\/05\/Kieferorthopadische-Beratung-Behandlungsplanung-nach-dem-Balance-Behandlungskonzept--1536x738.jpg 1536w\" sizes=\"auto, (max-width: 1800px) 100vw, 1800px\" \/>\t\t\t\t<\/div>\n\t\t\t<\/div>\n\t\t<\/div>\n\t<\/div>\n<\/section>\n\n<section class = \"fdn-grid\">\n    <div class = \"p-top-mobile-50\"><\/div>\n    <div class = \"grid-container full-with-margin-10 no-padding\">\n        <div class = \"grid-x\">\n            <div class = \"cell small-12\">\n\n\n\n                <h1 class=\"heading heading--primary m-bottom-40\">Orthodontic consultation  <\/h1>\n                <h2 class=\"heading heading--secondary m-bottom-10\">Treatment planning according to the Balance treatment concept  <\/h2>\n                <span class=\"short-line-decoration short-line-decoration--mini-width color-bordeaux-bg\"><\/span>\n\n                <div class=\"m-top-40 paragraph\">\n\n                    <p>The orthodontic consultation in our practice in Hannover and the subsequent treatment planning according to the Balance treatment concept can answer the following questions, among others:<\/p>\n\n                <\/div>\n                                <a href='tel:+49511364990' class='button color-bordeaux-bg color-white button--medium' target='_self'> Call now &amp; get advice <\/a>                            <\/div>\n        <\/div>\n    <\/div>\n     <div class = \"p-top-mobile-50\"><\/div>\n<\/section>\n\n<section class = \"fdn-grid color-extra-pink-bg\">\n\n        <div class = \"p-top-mobile-50\"><\/div>\n    <div class = \"grid-container full-with-margin-10 no-padding\">\n\n        <div class = \"grid-x\">\n\n            <div class=\"cell large-6 small-12 \">\n                <div class = \"m-right-25 m-left-mob-0 m-right-mob-0 m-left-tab-0 m-right-tab-0\">\n\n                    <h2 class='heading heading--medium  m-bottom-10 color-bordeaux'>Posture<\/h2><span class='short-line-decoration  short-line-decoration--mini-width color-primary-bg'><\/span><div class = 'paragraph--medium paragraph--primary m-top-40'><p>How is posture related to the condition of the dental, oral and maxillofacial organs and how can posture be improved via the proper adjustment of this organ?<\/p>\n<\/div><h2 class='heading heading--medium  m-bottom-10 color-bordeaux'>Total body correlations<\/h2><span class='short-line-decoration  short-line-decoration--mini-width color-primary-bg'><\/span><div class = 'paragraph--medium paragraph--primary m-top-40'><p>What causes from the dental, oral and jaw area can be responsible or partly responsible for <a href=\"https:\/\/www.dr-entrup.de\/en\/headache-migraine-treat-orthodontics-hanover\/\">tension headaches,<\/a> migraines, facial pain, shoulder pain, restricted neck movement, <a href=\"https:\/\/www.dr-entrup.de\/en\/back-pain-treatment-orthodontics-hanover\/\">back pain<\/a> and knee pain?<\/p>\n<\/div>\n\n                    <\/div>\n                <\/div>\n\n\n            <div class=\"cell large-6 small-12\">\n                <div class = \"m-left-25 m-bottom-25 m-left-mob-0 m-right-mob-0 m-left-tab-0 m-right-tab-0\">\n                    <img class = \"image img-responsive-no-block\"\n                         src = \"https:\/\/www.dr-entrup.de\/wp-content\/uploads\/2023\/10\/Kieferorthopaedische-Beratung-bei-Kieferorthopaedie-Hannover-Dr.-Entrup-Gesamtkorperliche-Zusammenhange-4.jpg\"\n                         alt=\"Orthodontic consultation at Kieferorthopaedie Hannover Dr. Entrup - Total body correlations\">\n\t\t\t\t\t\n\t\t\t\t\t<div class = \"m-top-50 m-bottom-25 text-center\">\n\n                                    <\/div>\n                <\/div>\n\n                \n            <\/div>\n\n        <\/div>\n\n    <\/div>\n        <div class = \"p-top-mobile-50\"><\/div>\n<\/section>\n\n<section class = \"fdn-grid color-white-bg\">\n    <div class = \"p-top-mobile-50\"><\/div>\n\t<div class = \"grid-container full-with-margin-10 no-padding\">\n\n        <div class = \"grid-x\">\n\n            <div class=\"cell large-6 small-12\">\n                <div class = \"m-right-25 m-bottom-25 m-left-mob-0 m-right-mob-0 m-left-tab-0 m-right-tab-0\">\n                    <img class = \"image img-responsive-no-block\"\n                         src = \"https:\/\/www.dr-entrup.de\/wp-content\/uploads\/2023\/10\/Kieferothopode-J.-Entrup-bei-einer-KFO-Beratung-Kieferothopadie-Hannover.jpg\"\n                         alt=\"Orthodontist J. Entrup during an orthodontic consultation - Kieferothop\u00e4die Hannover\">\n                <\/div>\n\n\n                                   \n            <\/div>\n\n            <div class=\"cell large-6 small-12 \">\n                <div class = \"m-left-25 m-right-25 m-bottom-25 m-left-mob-0 m-right-mob-0 m-left-tab-0 m-right-tab-0\">\n                    <h2 class=\"heading heading--medium  m-bottom-10 color-bordeaux\">Aesthetics<\/h2>\n                    <span class=\"short-line-decoration  short-line-decoration--mini-width  color-primary-bg\"><\/span>\n                    <div class = \"paragraph paragraph--medium paragraph--primary m-top-40\">\n                        <p>Which esthetic goals related to tooth position and external facial aesthetics are compatible with or beneficial to health, and which are detrimental? What treatment options are compatible with an individual&#8217;s daily routine? What parameters influence the appearance of your teeth? Which <a href=\"https:\/\/www.dr-entrup.de\/en\/invisalign-hannover-invisible-aligners\/\">invisible treatment methods<\/a> are available individually?<\/p>\n\n                        \n                                                  \n\n                    <\/div>\n                <\/div>\n            <\/div>\n\n\n        <\/div>\n\n    <\/div>\n        <div class = \"p-top-mobile-50\"><\/div>\n<\/section>\n\n<section class = \"fdn-grid color-white-bg\">\n\n        <div class = \"p-top-mobile-50\"><\/div>\n    <div class = \"grid-container full-with-margin-10 no-padding\">\n\n        <div class = \"grid-x\">\n\n            <div class=\"cell large-6 small-12 \">\n                <div class = \"m-right-25  m-bottom-25 m-left-mob-0 m-right-mob-0 m-left-tab-0 m-right-tab-0\">\n                    <h2 class=\"heading heading--medium  m-bottom-10 color-bordeaux\">Concentration \/ Habits<\/h2>\n                    <span class=\"short-line-decoration  short-line-decoration--mini-width  color-primary-bg\"><\/span>\n                    <div class = \"paragraph--medium paragraph--primary m-top-40\">\n                        <div class=\"col-md-8 nopaddingright\">  Which malfunctions in the dental, oral and jaw area could be responsible or partly responsible for my child&#8217;s learning difficulties, <a href=\"https:\/\/www.dr-entrup.de\/en\/hyperactivity-adhs-ads-treatment-orthodontics-hanover\/\">hyperactivity,<\/a> lack of concentration, tics or harmful habits such as sucking? What is the importance of different sports and learning musical instruments on the good development of the dental, oral and maxillofacial area? Are there performance-enhancing potentials in the dental, oral and facial area and can they be mobilized?  <\/div>\n\n\n                                                    \n\n                    <\/div>\n                <\/div>\n            <\/div>\n\n            <div class=\"cell large-6 small-12\">\n                <div class = \"m-left-25 m-bottom-25 m-left-mob-0 m-right-mob-0 m-left-tab-0 m-right-tab-0\">\n                   \t\t\t\t\t\n\t\t\t\t\t<img class = \"image img-responsive-no-block\"\n                         src = \"https:\/\/www.dr-entrup.de\/wp-content\/uploads\/2023\/10\/DrJasperEntrup3-2.jpg\"\n                         alt=\"Orthodontics Hanover - Concentration \/ Habits\">\n\t\t\t\t\t\t \n\t\t\t\t\t\t\n                                   \n                <\/div>\n\n                \n            <\/div>\n\n        <\/div>\n\n    <\/div>\n        <div class = \"p-top-mobile-50\"><\/div>\n<\/section>\n\n<section class = \"fdn-grid color-white-bg\">\n    <div class = \"p-top-mobile-50\"><\/div>\n\t<div class = \"grid-container full-with-margin-10 no-padding\">\n\n        <div class = \"grid-x\">\n\n            <div class=\"cell large-6 small-12\">\n                <div class = \"m-right-25 m-bottom-25 m-left-mob-0 m-right-mob-0 m-left-tab-0 m-right-tab-0\">\n                    <img class = \"image img-responsive-no-block\"\n                         src = \"https:\/\/www.dr-entrup.de\/wp-content\/uploads\/2023\/12\/Biokompatibilitat-von-kieferorthopadischen-Apparaturen-KFO-Hannover-Dr.-Entrup.jpeg\"\n                         alt=\"Biocompatibility of orthodontic appliances - KFO Hannover Dr. Entrup\">\n                <\/div>\n\n\n                                   \n            <\/div>\n\n            <div class=\"cell large-6 small-12 \">\n                <div class = \"m-left-25 m-right-25 m-bottom-25 m-left-mob-0 m-right-mob-0 m-left-tab-0 m-right-tab-0\">\n                    <h2 class=\"heading heading--medium  m-bottom-10 color-bordeaux\">Biocompatibility<\/h2>\n                    <span class=\"short-line-decoration  short-line-decoration--mini-width  color-primary-bg\"><\/span>\n                    <div class = \"paragraph paragraph--medium paragraph--primary m-top-40\">\n                        <div class=\"col-md-8 nopaddingright\">  What is the individual significance of the choice of brace materials for general health and the success of treatment? What is the individual significance of the various dental filling materials, jewelry, piercings, etc.?  <\/div>\n\n                        \n                                                  \n\n                    <\/div>\n                <\/div>\n            <\/div>\n\n\n        <\/div>\n\n    <\/div>\n        <div class = \"p-top-mobile-50\"><\/div>\n<\/section>\n\n<section class = \"fdn-grid color-extra-pink-bg\">\n\n        <div class = \"p-top-mobile-50\"><\/div>\n    <div class = \"grid-container full-with-margin-10 no-padding\">\n\n        <div class = \"grid-x\">\n\n            <div class=\"cell large-6 small-12 \">\n                <div class = \"m-right-25 m-left-mob-0 m-right-mob-0 m-left-tab-0 m-right-tab-0\">\n\n                    <h2 class='heading heading--medium  m-bottom-10 color-bordeaux'>Treatment options<\/h2><span class='short-line-decoration  short-line-decoration--mini-width color-primary-bg'><\/span><div class = 'paragraph--medium paragraph--primary m-top-40'><div class=\"col-md-8 nopaddingright\">  Which treatment devices and measures should be selected in order to achieve a particularly gentle treatment with regard to the entire organism? Which treatment devices seem reasonable in the individual case? Which treatment devices fit into your everyday life or the everyday life of your children?  <\/div>\n<\/div><h2 class='heading heading--medium  m-bottom-10 color-bordeaux'>Time<\/h2><span class='short-line-decoration  short-line-decoration--mini-width color-primary-bg'><\/span><div class = 'paragraph--medium paragraph--primary m-top-40'><p>When is the optimal treatment time for these measures? Should I wait with a treatment?<\/p>\n<\/div>\n\n                    <\/div>\n                <\/div>\n\n\n            <div class=\"cell large-6 small-12\">\n                <div class = \"m-left-25 m-bottom-25 m-left-mob-0 m-right-mob-0 m-left-tab-0 m-right-tab-0\">\n                    <img class = \"image img-responsive-no-block\"\n                         src = \"https:\/\/www.dr-entrup.de\/wp-content\/uploads\/2023\/12\/KFO-Behandlungsmoglichkeiten-bei-Kieferorthopadie-Hannover-Dr.-Entrup.jpeg\"\n                         alt=\"Orthodontic treatment options at Kieferorthop\u00e4die Hannover Dr. Entrup\">\n\t\t\t\t\t\n\t\t\t\t\t<div class = \"m-top-50 m-bottom-25 text-center\">\n\n                    <a\n\t\t\t\t\t\t\ttarget = '_self'\n\t              \t\t\thref='tel:+49511364990'\n\t              \t\t\tclass='button color-bordeaux-bg color-white button--medium button--full-width-mob'> Questions? Just call! <\/a>                <\/div>\n                <\/div>\n\n                \n            <\/div>\n\n        <\/div>\n\n    <\/div>\n        <div class = \"p-top-mobile-50\"><\/div>\n<\/section>\n\n<section class = \"fdn-grid color-white-bg\">\n    <div class = \"p-top-mobile-50\"><\/div>\n\t<div class = \"grid-container full-with-margin-10 no-padding\">\n\n        <div class = \"grid-x\">\n\n            <div class=\"cell large-6 small-12\">\n                <div class = \"m-right-25 m-bottom-25 m-left-mob-0 m-right-mob-0 m-left-tab-0 m-right-tab-0\">\n                    <img class = \"image img-responsive-no-block\"\n                         src = \"https:\/\/www.dr-entrup.de\/wp-content\/uploads\/2023\/12\/Interdisziplinare-Zusammenarbeit-Fachpraxis-fur-umfassende-Kieferorthopadie-Dres.-W.-J.-Entrup-Dr.-T.-Altvater.png\"\n                         alt=\"Interdisciplinary cooperation - Specialist practice for comprehensive orthodontics Dres. W. &amp; J. Entrup &amp; Dr. T. Altvater\">\n                <\/div>\n\n\n                                   \n            <\/div>\n\n            <div class=\"cell large-6 small-12 \">\n                <div class = \"m-left-25 m-right-25 m-bottom-25 m-left-mob-0 m-right-mob-0 m-left-tab-0 m-right-tab-0\">\n                    <h2 class=\"heading heading--medium  m-bottom-10 color-bordeaux\">Interdisciplinary treatment<\/h2>\n                    <span class=\"short-line-decoration  short-line-decoration--mini-width  color-primary-bg\"><\/span>\n                    <div class = \"paragraph paragraph--medium paragraph--primary m-top-40\">\n                        <p>What beneficial additional therapies are recommended? Through close interdisciplinary cooperation with our dental colleagues, orthopaedists, chiropractors, <a href=\"https:\/\/www.dr-entrup.de\/en\/a-entrup-osteopath-natural-medical-physiotherapist-hanover\/\">osteopaths<\/a> and manual therapists, we integrate the knowledge and possibilities of other professional groups into the orthodontic treatment of our patients and decide individually whether such co-therapy makes sense in each individual case.  <\/p>\n<div class=\"row\">\n<div class=\"col-md-4 nopaddingleft\">\n<h2><span style=\"color: #993366;\">Opportunities and risks<\/span><\/h2>\n<\/div>\n<div class=\"col-md-8 nopaddingright\">  Are there any risks associated with leaving the condition as it is?  <\/div>\n<\/div>\n\n                        \n                                                  \n\n                    <\/div>\n                <\/div>\n            <\/div>\n\n\n        <\/div>\n\n    <\/div>\n        <div class = \"p-top-mobile-50\"><\/div>\n<\/section>\n","protected":false},"excerpt":{"rendered":"","protected":false},"author":1,"featured_media":0,"parent":0,"menu_order":0,"comment_status":"closed","ping_status":"closed","template":"","meta":{"footnotes":""},"class_list":["post-4891","page","type-page","status-publish"],"acf":[],"yoast_head":"<!-- This site is optimized with the Yoast SEO plugin v27.5 - https:\/\/yoast.com\/product\/yoast-seo-wordpress\/ -->\n<title>Orthodontic consultation Hanover - Dres. W. &amp; J. Entrup &amp; Dr. T. Altvater<\/title>\n<meta name=\"description\" content=\"Orthodontic consultation Hanover - treatment planning according to the balance treatment concept in our specialist practice for comprehensive orthodontics Dres. W. &amp; J. Entrup &amp; Dr. T. Altvater. Find out more now.\" \/>\n<meta name=\"robots\" content=\"index, follow, max-snippet:-1, max-image-preview:large, max-video-preview:-1\" \/>\n<link rel=\"canonical\" href=\"https:\/\/www.dr-entrup.de\/en\/orthodontic-consultation-hannover-dr-entrup\/\" \/>\n<meta property=\"og:locale\" content=\"en_US\" \/>\n<meta property=\"og:type\" content=\"article\" \/>\n<meta property=\"og:title\" content=\"Orthodontic consultation Hanover - Dres. W. &amp; J. Entrup &amp; Dr. T. Altvater\" \/>\n<meta property=\"og:description\" content=\"Orthodontic consultation Hanover - treatment planning according to the balance treatment concept in our specialist practice for comprehensive orthodontics Dres. W. &amp; J. Entrup &amp; Dr. T. Altvater. Find out more now.\" \/>\n<meta property=\"og:url\" content=\"https:\/\/www.dr-entrup.de\/en\/orthodontic-consultation-hannover-dr-entrup\/\" \/>\n<meta property=\"og:site_name\" content=\"BALANCE Fachpraxis f\u00fcr umfassende Kieferorthop\u00e4die Hannover Dr. Entrup\" \/>\n<meta property=\"article:modified_time\" content=\"2024-08-28T15:18:20+00:00\" \/>\n<meta name=\"twitter:card\" content=\"summary_large_image\" \/>\n<script type=\"application\/ld+json\" class=\"yoast-schema-graph\">{\"@context\":\"https:\\\/\\\/schema.org\",\"@graph\":[{\"@type\":\"WebPage\",\"@id\":\"https:\\\/\\\/www.dr-entrup.de\\\/en\\\/orthodontic-consultation-hannover-dr-entrup\\\/\",\"url\":\"https:\\\/\\\/www.dr-entrup.de\\\/en\\\/orthodontic-consultation-hannover-dr-entrup\\\/\",\"name\":\"Orthodontic consultation Hanover - Dres. W. & J. Entrup & Dr. T. Altvater\",\"isPartOf\":{\"@id\":\"https:\\\/\\\/www.dr-entrup.de\\\/en\\\/#website\"},\"datePublished\":\"2023-10-25T12:08:21+00:00\",\"dateModified\":\"2024-08-28T15:18:20+00:00\",\"description\":\"Orthodontic consultation Hanover - treatment planning according to the balance treatment concept in our specialist practice for comprehensive orthodontics Dres. W. & J. Entrup & Dr. T. Altvater. Find out more now.\",\"breadcrumb\":{\"@id\":\"https:\\\/\\\/www.dr-entrup.de\\\/en\\\/orthodontic-consultation-hannover-dr-entrup\\\/#breadcrumb\"},\"inLanguage\":\"en-DE\",\"potentialAction\":[{\"@type\":\"ReadAction\",\"target\":[\"https:\\\/\\\/www.dr-entrup.de\\\/en\\\/orthodontic-consultation-hannover-dr-entrup\\\/\"]}]},{\"@type\":\"BreadcrumbList\",\"@id\":\"https:\\\/\\\/www.dr-entrup.de\\\/en\\\/orthodontic-consultation-hannover-dr-entrup\\\/#breadcrumb\",\"itemListElement\":[{\"@type\":\"ListItem\",\"position\":1,\"name\":\"Home\",\"item\":\"https:\\\/\\\/www.dr-entrup.de\\\/en\\\/\"},{\"@type\":\"ListItem\",\"position\":2,\"name\":\"Consulting\"}]},{\"@type\":\"WebSite\",\"@id\":\"https:\\\/\\\/www.dr-entrup.de\\\/en\\\/#website\",\"url\":\"https:\\\/\\\/www.dr-entrup.de\\\/en\\\/\",\"name\":\"BALANCE Fachpraxis f\u00fcr umfassende Kieferorthop\u00e4die Hannover Dr. Entrup\",\"description\":\"BALANCE Fachpraxis f\u00fcr umfassende Kieferorthop\u00e4die Hannover Dr. Entrup\",\"publisher\":{\"@id\":\"https:\\\/\\\/www.dr-entrup.de\\\/en\\\/#organization\"},\"potentialAction\":[{\"@type\":\"SearchAction\",\"target\":{\"@type\":\"EntryPoint\",\"urlTemplate\":\"https:\\\/\\\/www.dr-entrup.de\\\/en\\\/?s={search_term_string}\"},\"query-input\":{\"@type\":\"PropertyValueSpecification\",\"valueRequired\":true,\"valueName\":\"search_term_string\"}}],\"inLanguage\":\"en-DE\"},{\"@type\":\"Organization\",\"@id\":\"https:\\\/\\\/www.dr-entrup.de\\\/en\\\/#organization\",\"name\":\"BALANCE Fachpraxis f\u00fcr umfassende Kieferorthop\u00e4die Hannover Dr. Entrup\",\"url\":\"https:\\\/\\\/www.dr-entrup.de\\\/en\\\/\",\"logo\":{\"@type\":\"ImageObject\",\"inLanguage\":\"en-DE\",\"@id\":\"https:\\\/\\\/www.dr-entrup.de\\\/en\\\/#\\\/schema\\\/logo\\\/image\\\/\",\"url\":\"https:\\\/\\\/www.dr-entrup.de\\\/wp-content\\\/uploads\\\/2023\\\/11\\\/logo-plus-subtext.png\",\"contentUrl\":\"https:\\\/\\\/www.dr-entrup.de\\\/wp-content\\\/uploads\\\/2023\\\/11\\\/logo-plus-subtext.png\",\"width\":302,\"height\":326,\"caption\":\"BALANCE Fachpraxis f\u00fcr umfassende Kieferorthop\u00e4die Hannover Dr. Entrup\"},\"image\":{\"@id\":\"https:\\\/\\\/www.dr-entrup.de\\\/en\\\/#\\\/schema\\\/logo\\\/image\\\/\"}}]}<\/script>\n<!-- \/ Yoast SEO plugin. -->","yoast_head_json":{"title":"Orthodontic consultation Hanover - Dres. W. & J. Entrup & Dr. T. Altvater","description":"Orthodontic consultation Hanover - treatment planning according to the balance treatment concept in our specialist practice for comprehensive orthodontics Dres. W. & J. Entrup & Dr. T. Altvater. Find out more now.","robots":{"index":"index","follow":"follow","max-snippet":"max-snippet:-1","max-image-preview":"max-image-preview:large","max-video-preview":"max-video-preview:-1"},"canonical":"https:\/\/www.dr-entrup.de\/en\/orthodontic-consultation-hannover-dr-entrup\/","og_locale":"en_US","og_type":"article","og_title":"Orthodontic consultation Hanover - Dres. W. & J. Entrup & Dr. T. Altvater","og_description":"Orthodontic consultation Hanover - treatment planning according to the balance treatment concept in our specialist practice for comprehensive orthodontics Dres. W. & J. Entrup & Dr. T. Altvater. Find out more now.","og_url":"https:\/\/www.dr-entrup.de\/en\/orthodontic-consultation-hannover-dr-entrup\/","og_site_name":"BALANCE Fachpraxis f\u00fcr umfassende Kieferorthop\u00e4die Hannover Dr. Entrup","article_modified_time":"2024-08-28T15:18:20+00:00","twitter_card":"summary_large_image","schema":{"@context":"https:\/\/schema.org","@graph":[{"@type":"WebPage","@id":"https:\/\/www.dr-entrup.de\/en\/orthodontic-consultation-hannover-dr-entrup\/","url":"https:\/\/www.dr-entrup.de\/en\/orthodontic-consultation-hannover-dr-entrup\/","name":"Orthodontic consultation Hanover - Dres. W. & J. Entrup & Dr. T. Altvater","isPartOf":{"@id":"https:\/\/www.dr-entrup.de\/en\/#website"},"datePublished":"2023-10-25T12:08:21+00:00","dateModified":"2024-08-28T15:18:20+00:00","description":"Orthodontic consultation Hanover - treatment planning according to the balance treatment concept in our specialist practice for comprehensive orthodontics Dres. W. & J. Entrup & Dr. T. Altvater. Find out more now.","breadcrumb":{"@id":"https:\/\/www.dr-entrup.de\/en\/orthodontic-consultation-hannover-dr-entrup\/#breadcrumb"},"inLanguage":"en-DE","potentialAction":[{"@type":"ReadAction","target":["https:\/\/www.dr-entrup.de\/en\/orthodontic-consultation-hannover-dr-entrup\/"]}]},{"@type":"BreadcrumbList","@id":"https:\/\/www.dr-entrup.de\/en\/orthodontic-consultation-hannover-dr-entrup\/#breadcrumb","itemListElement":[{"@type":"ListItem","position":1,"name":"Home","item":"https:\/\/www.dr-entrup.de\/en\/"},{"@type":"ListItem","position":2,"name":"Consulting"}]},{"@type":"WebSite","@id":"https:\/\/www.dr-entrup.de\/en\/#website","url":"https:\/\/www.dr-entrup.de\/en\/","name":"BALANCE Fachpraxis f\u00fcr umfassende Kieferorthop\u00e4die Hannover Dr. Entrup","description":"BALANCE Fachpraxis f\u00fcr umfassende Kieferorthop\u00e4die Hannover Dr. Entrup","publisher":{"@id":"https:\/\/www.dr-entrup.de\/en\/#organization"},"potentialAction":[{"@type":"SearchAction","target":{"@type":"EntryPoint","urlTemplate":"https:\/\/www.dr-entrup.de\/en\/?s={search_term_string}"},"query-input":{"@type":"PropertyValueSpecification","valueRequired":true,"valueName":"search_term_string"}}],"inLanguage":"en-DE"},{"@type":"Organization","@id":"https:\/\/www.dr-entrup.de\/en\/#organization","name":"BALANCE Fachpraxis f\u00fcr umfassende Kieferorthop\u00e4die Hannover Dr. Entrup","url":"https:\/\/www.dr-entrup.de\/en\/","logo":{"@type":"ImageObject","inLanguage":"en-DE","@id":"https:\/\/www.dr-entrup.de\/en\/#\/schema\/logo\/image\/","url":"https:\/\/www.dr-entrup.de\/wp-content\/uploads\/2023\/11\/logo-plus-subtext.png","contentUrl":"https:\/\/www.dr-entrup.de\/wp-content\/uploads\/2023\/11\/logo-plus-subtext.png","width":302,"height":326,"caption":"BALANCE Fachpraxis f\u00fcr umfassende Kieferorthop\u00e4die Hannover Dr. Entrup"},"image":{"@id":"https:\/\/www.dr-entrup.de\/en\/#\/schema\/logo\/image\/"}}]}},"_links":{"self":[{"href":"https:\/\/www.dr-entrup.de\/en\/wp-json\/wp\/v2\/pages\/4891","targetHints":{"allow":["GET"]}}],"collection":[{"href":"https:\/\/www.dr-entrup.de\/en\/wp-json\/wp\/v2\/pages"}],"about":[{"href":"https:\/\/www.dr-entrup.de\/en\/wp-json\/wp\/v2\/types\/page"}],"author":[{"embeddable":true,"href":"https:\/\/www.dr-entrup.de\/en\/wp-json\/wp\/v2\/users\/1"}],"replies":[{"embeddable":true,"href":"https:\/\/www.dr-entrup.de\/en\/wp-json\/wp\/v2\/comments?post=4891"}],"version-history":[{"count":3,"href":"https:\/\/www.dr-entrup.de\/en\/wp-json\/wp\/v2\/pages\/4891\/revisions"}],"predecessor-version":[{"id":6712,"href":"https:\/\/www.dr-entrup.de\/en\/wp-json\/wp\/v2\/pages\/4891\/revisions\/6712"}],"wp:attachment":[{"href":"https:\/\/www.dr-entrup.de\/en\/wp-json\/wp\/v2\/media?parent=4891"}],"curies":[{"name":"wp","href":"https:\/\/api.w.org\/{rel}","templated":true}]}}