{"id":4889,"date":"2023-10-25T18:13:22","date_gmt":"2023-10-25T16:13:22","guid":{"rendered":"https:\/\/debug.dr-entrup.de\/digital-orthodontics\/"},"modified":"2024-08-28T17:18:52","modified_gmt":"2024-08-28T15:18:52","slug":"digital-orthodontics-hannover-dvt","status":"publish","type":"page","link":"https:\/\/www.dr-entrup.de\/en\/digital-orthodontics-hannover-dvt\/","title":{"rendered":"Digital orthodontics"},"content":{"rendered":"\n<section class = \"fdn-grid\">\n\t<div class = \"grid-container no-padding\">\n\t\t<div class = \"grid-x\">\n\t\t\t<div class=\"cell large-12 small-12 \">\n\t\t\t\t<div class =\"hero hero--background-gray text-center\">\n\t\t\t\t\t<img loading=\"lazy\" decoding=\"async\" width=\"1800\" height=\"870\" src=\"https:\/\/www.dr-entrup.de\/wp-content\/uploads\/2024\/05\/Digitale-Kieferorthopadie-Hannover-mit-DVT-zu-exakten-Ergebnissen.jpg\" class=\"image img-responsive-no-block\" alt=\"Digitale Kieferorthopa\u0308die Hannover - mit DVT zu exakten Ergebnissen\" srcset=\"https:\/\/www.dr-entrup.de\/wp-content\/uploads\/2024\/05\/Digitale-Kieferorthopadie-Hannover-mit-DVT-zu-exakten-Ergebnissen.jpg 1800w, https:\/\/www.dr-entrup.de\/wp-content\/uploads\/2024\/05\/Digitale-Kieferorthopadie-Hannover-mit-DVT-zu-exakten-Ergebnissen-300x145.jpg 300w, https:\/\/www.dr-entrup.de\/wp-content\/uploads\/2024\/05\/Digitale-Kieferorthopadie-Hannover-mit-DVT-zu-exakten-Ergebnissen-1024x495.jpg 1024w, https:\/\/www.dr-entrup.de\/wp-content\/uploads\/2024\/05\/Digitale-Kieferorthopadie-Hannover-mit-DVT-zu-exakten-Ergebnissen-768x371.jpg 768w, https:\/\/www.dr-entrup.de\/wp-content\/uploads\/2024\/05\/Digitale-Kieferorthopadie-Hannover-mit-DVT-zu-exakten-Ergebnissen-1536x742.jpg 1536w\" sizes=\"auto, (max-width: 1800px) 100vw, 1800px\" \/>\t\t\t\t<\/div>\n\t\t\t<\/div>\n\t\t<\/div>\n\t<\/div>\n<\/section>\n\n<section class = \"fdn-grid\">\n    <div class = \"p-top-mobile-50\"><\/div>\n    <div class = \"grid-container full-with-margin-10 no-padding\">\n        <div class = \"grid-x\">\n            <div class = \"cell small-12\">\n\n\n\n                <h1 class=\"heading heading--primary m-bottom-40\">Digital orthodontics Hanover<\/h1>\n                <h2 class=\"heading heading--secondary m-bottom-10\">Digital volume tomography (DVT) makes many things clearer<\/h2>\n                <span class=\"short-line-decoration short-line-decoration--mini-width color-bordeaux-bg\"><\/span>\n\n                <div class=\"m-top-40 paragraph\">\n\n                    <p><strong>In our orthodontic practice Dres. W. &amp; J. Entrup and Dr. T. Altvater in Hanover, we attach great importance to advanced and gentle diagnostic procedures.<\/strong>  We therefore use <strong>modern three-dimensional X-ray technology (DVT) to<\/strong> examine teeth that have undergone root canal treatment in connection with <a href=\"https:\/\/www.dr-entrup.de\/en\/tmj-treatment-hannover-temporomandibular-joint-dysfunction\/\">CMD disorders<\/a>, diseased temporomandibular joints and to assess the position of displaced teeth <strong>in order to make a more accurate diagnosis and thus improve treatment.<\/strong> This technique involves less radiation exposure than computed tomography (CT) while at the same time providing a high resolution for determining the three-dimensional positional relationships of the jaws.<\/p>\n\n                <\/div>\n                                <a href='tel:+49511364990' class='button color-bordeaux-bg color-white button--medium' target='_self'> Call now &amp; get advice <\/a>                            <\/div>\n        <\/div>\n    <\/div>\n     <div class = \"p-top-mobile-50\"><\/div>\n<\/section>\n\n\n<section class = \"fdn-grid color-extra-pink-bg\">\n        <div class = \"p-top-mobile-50\"><\/div>\n\n    <div class = \"grid-container full-with-margin-10 no-padding\">\n\n        <div class = \"grid-x\">\n\n            <div class = \"cell small-12\">\n\n           \n  <h2 class='heading heading--medium  m-bottom-10 color-bordeaux'>Digital evaluation of findings &#8211; Creation of digital setups &#8211; Treatment goals<\/h2><span class='short-line-decoration  short-line-decoration--mini-width color-primary-bg'><\/span><div class = 'paragraph--medium paragraph--primary m-top-40'><p>Three-dimensional diagnostic documents such as digital dental models, two- and three-dimensional X-ray images can be measured individually for each patient using special software and can also be used later for the manufacture of treatment devices. We attach great importance to the fact that both the analysis and the production of the appliances are carried out in our practice in order to achieve the greatest possible precision and reproducibility of our treatment results and to be able to respond individually to the special needs of different patients.  <img loading=\"lazy\" decoding=\"async\" class=\"alignleft wp-image-2421 size-full\" src=\"https:\/\/www.dr-entrup.de\/wp-content\/uploads\/2023\/11\/Digitale-Kieferorthopadie-Hannover-Digitale-Befundsauswertung-Erstellung-digitaler-Setups.png\" alt=\"Digital orthodontics Hanover - Digital evaluation of findings - Creation of digital setups\" width=\"850\" height=\"361\" srcset=\"https:\/\/www.dr-entrup.de\/wp-content\/uploads\/2023\/11\/Digitale-Kieferorthopadie-Hannover-Digitale-Befundsauswertung-Erstellung-digitaler-Setups.png 850w, https:\/\/www.dr-entrup.de\/wp-content\/uploads\/2023\/11\/Digitale-Kieferorthopadie-Hannover-Digitale-Befundsauswertung-Erstellung-digitaler-Setups-300x127.png 300w, https:\/\/www.dr-entrup.de\/wp-content\/uploads\/2023\/11\/Digitale-Kieferorthopadie-Hannover-Digitale-Befundsauswertung-Erstellung-digitaler-Setups-768x326.png 768w\" sizes=\"auto, (max-width: 850px) 100vw, 850px\" \/><\/p>\n<\/div>\t\t\t\t\n\t\t\t\t\n\t\t\t\t\n                            <\/div>\n        <\/div>\n    <\/div>\n        <div class = \"p-top-mobile-50\"><\/div>\n<\/section>\n<section class = \"fdn-grid color-white-bg\">\n    <div class = \"p-top-mobile-50\"><\/div>\n\t<div class = \"grid-container full-with-margin-10 no-padding\">\n\n        <div class = \"grid-x\">\n\n            <div class=\"cell large-6 small-12\">\n                <div class = \"m-right-25 m-bottom-25 m-left-mob-0 m-right-mob-0 m-left-tab-0 m-right-tab-0\">\n                    <img class = \"image img-responsive-no-block\"\n                         src = \"https:\/\/www.dr-entrup.de\/wp-content\/uploads\/2023\/11\/Computergestutzte-Gelenkbahnaufzeichnung-bei-Kieferorthopadie-Hannover-Dr.-Entrup.jpg\"\n                         alt=\"Alt text...\">\n                <\/div>\n\n\n                                   \n            <\/div>\n\n            <div class=\"cell large-6 small-12 \">\n                <div class = \"m-left-25 m-right-25 m-bottom-25 m-left-mob-0 m-right-mob-0 m-left-tab-0 m-right-tab-0\">\n                    <h2 class=\"heading heading--medium  m-bottom-10 color-bordeaux\">Computer-aided articulation<br>recording<\/h2>\n                    <span class=\"short-line-decoration  short-line-decoration--mini-width  color-primary-bg\"><\/span>\n                    <div class = \"paragraph paragraph--medium paragraph--primary m-top-40\">\n                        <p>In some cases it is necessary to capture and record the temporomandibular joint trajectories in three dimensions. Optoelectrical measurement technology enables non-contact measurement, which is very convenient for the patient.<\/p>\n\n                        \n                                                  \n\n                    <\/div>\n                <\/div>\n            <\/div>\n\n\n        <\/div>\n\n    <\/div>\n        <div class = \"p-top-mobile-50\"><\/div>\n<\/section>\n\n<section class = \"fdn-grid color-extra-pink-bg\">\n\n        <div class = \"p-top-mobile-50\"><\/div>\n    <div class = \"grid-container full-with-margin-10 no-padding\">\n\n        <div class = \"grid-x\">\n            <div class=\"cell large-6 small-12\">\n                <div class = \"m-right-25  m-bottom-25 m-left-mob-0 m-right-mob-0 m-left-tab-0 m-right-tab-0\">\n  \n  <h2 class='heading heading--medium  m-bottom-10 color-bordeaux'>Intraoral scans &#8211; dental models without an impression<\/h2><span class='short-line-decoration  short-line-decoration--mini-width color-primary-bg'><\/span><div class = 'paragraph--medium paragraph--primary m-top-40'><p>With the help of so-called intraoral scanning procedures, impressions with silicone or alginate can be avoided in many cases. This uncomplicated procedure produces a very precise virtual three-dimensional jaw model which is then available for planning various treatment appliances (e.g. lingual technique, Invisalign\u00a9, etc.).<\/p>\n<\/div>                                            <\/div>\n                <\/div>\n\n\n\n\n\n\n            <div class=\"cell large-6 small-12 \">\n                <div class = \"m-left-25 m-bottom-25 m-left-mob-0 m-right-mob-0 m-left-tab-0 m-right-tab-0\">\n\n                    <div class=\"videoWrapper\">\n                        <!-- Copy & Pasted from YouTube -->\n\t\t\t\t\t\t<p><iframe loading=\"lazy\" title=\"Digital orthodontics\" src=\"https:\/\/www.youtube.com\/embed\/OUD49lmGyow\" width=\"950\" height=\"534\" frameborder=\"0\" allowfullscreen=\"allowfullscreen\"><\/iframe><\/p>\n\n                    <\/div>\n\n                    <\/div>\n                <\/div>\n\n\n\n\n        <\/div>\n\n    <\/div>\n        <div class = \"p-top-mobile-50\"><\/div>\n<\/section>\n","protected":false},"excerpt":{"rendered":"","protected":false},"author":1,"featured_media":0,"parent":0,"menu_order":0,"comment_status":"closed","ping_status":"closed","template":"","meta":{"footnotes":""},"class_list":["post-4889","page","type-page","status-publish"],"acf":[],"yoast_head":"<!-- This site is optimized with the Yoast SEO plugin v27.5 - https:\/\/yoast.com\/product\/yoast-seo-wordpress\/ -->\n<title>Digital orthodontics Hanover - DVT 3D diagnostics<\/title>\n<meta name=\"description\" content=\"Digital orthodontics Hanover: Digital volume tomography (DVT) makes many things clearer. DVT 3D diagnostics at orthodontists Dres. W. &amp; J. Entrup and Dr. T. Altvater.\" \/>\n<meta name=\"robots\" content=\"index, follow, max-snippet:-1, max-image-preview:large, max-video-preview:-1\" \/>\n<link rel=\"canonical\" href=\"https:\/\/www.dr-entrup.de\/en\/digital-orthodontics-hannover-dvt\/\" \/>\n<meta property=\"og:locale\" content=\"en_US\" \/>\n<meta property=\"og:type\" content=\"article\" \/>\n<meta property=\"og:title\" content=\"Digital orthodontics Hanover - DVT 3D diagnostics\" \/>\n<meta property=\"og:description\" content=\"Digital orthodontics Hanover: Digital volume tomography (DVT) makes many things clearer. DVT 3D diagnostics at orthodontists Dres. W. &amp; J. Entrup and Dr. T. Altvater.\" \/>\n<meta property=\"og:url\" content=\"https:\/\/www.dr-entrup.de\/en\/digital-orthodontics-hannover-dvt\/\" \/>\n<meta property=\"og:site_name\" content=\"BALANCE Fachpraxis f\u00fcr umfassende Kieferorthop\u00e4die Hannover Dr. Entrup\" \/>\n<meta property=\"article:modified_time\" content=\"2024-08-28T15:18:52+00:00\" \/>\n<meta name=\"twitter:card\" content=\"summary_large_image\" \/>\n<script type=\"application\/ld+json\" class=\"yoast-schema-graph\">{\"@context\":\"https:\\\/\\\/schema.org\",\"@graph\":[{\"@type\":\"WebPage\",\"@id\":\"https:\\\/\\\/www.dr-entrup.de\\\/en\\\/digital-orthodontics-hannover-dvt\\\/\",\"url\":\"https:\\\/\\\/www.dr-entrup.de\\\/en\\\/digital-orthodontics-hannover-dvt\\\/\",\"name\":\"Digital orthodontics Hanover - DVT 3D diagnostics\",\"isPartOf\":{\"@id\":\"https:\\\/\\\/www.dr-entrup.de\\\/en\\\/#website\"},\"datePublished\":\"2023-10-25T16:13:22+00:00\",\"dateModified\":\"2024-08-28T15:18:52+00:00\",\"description\":\"Digital orthodontics Hanover: Digital volume tomography (DVT) makes many things clearer. DVT 3D diagnostics at orthodontists Dres. W. & J. Entrup and Dr. T. Altvater.\",\"breadcrumb\":{\"@id\":\"https:\\\/\\\/www.dr-entrup.de\\\/en\\\/digital-orthodontics-hannover-dvt\\\/#breadcrumb\"},\"inLanguage\":\"en-DE\",\"potentialAction\":[{\"@type\":\"ReadAction\",\"target\":[\"https:\\\/\\\/www.dr-entrup.de\\\/en\\\/digital-orthodontics-hannover-dvt\\\/\"]}]},{\"@type\":\"BreadcrumbList\",\"@id\":\"https:\\\/\\\/www.dr-entrup.de\\\/en\\\/digital-orthodontics-hannover-dvt\\\/#breadcrumb\",\"itemListElement\":[{\"@type\":\"ListItem\",\"position\":1,\"name\":\"Home\",\"item\":\"https:\\\/\\\/www.dr-entrup.de\\\/en\\\/\"},{\"@type\":\"ListItem\",\"position\":2,\"name\":\"Digital orthodontics\"}]},{\"@type\":\"WebSite\",\"@id\":\"https:\\\/\\\/www.dr-entrup.de\\\/en\\\/#website\",\"url\":\"https:\\\/\\\/www.dr-entrup.de\\\/en\\\/\",\"name\":\"BALANCE Fachpraxis f\u00fcr umfassende Kieferorthop\u00e4die Hannover Dr. Entrup\",\"description\":\"BALANCE Fachpraxis f\u00fcr umfassende Kieferorthop\u00e4die Hannover Dr. Entrup\",\"publisher\":{\"@id\":\"https:\\\/\\\/www.dr-entrup.de\\\/en\\\/#organization\"},\"potentialAction\":[{\"@type\":\"SearchAction\",\"target\":{\"@type\":\"EntryPoint\",\"urlTemplate\":\"https:\\\/\\\/www.dr-entrup.de\\\/en\\\/?s={search_term_string}\"},\"query-input\":{\"@type\":\"PropertyValueSpecification\",\"valueRequired\":true,\"valueName\":\"search_term_string\"}}],\"inLanguage\":\"en-DE\"},{\"@type\":\"Organization\",\"@id\":\"https:\\\/\\\/www.dr-entrup.de\\\/en\\\/#organization\",\"name\":\"BALANCE Fachpraxis f\u00fcr umfassende Kieferorthop\u00e4die Hannover Dr. Entrup\",\"url\":\"https:\\\/\\\/www.dr-entrup.de\\\/en\\\/\",\"logo\":{\"@type\":\"ImageObject\",\"inLanguage\":\"en-DE\",\"@id\":\"https:\\\/\\\/www.dr-entrup.de\\\/en\\\/#\\\/schema\\\/logo\\\/image\\\/\",\"url\":\"https:\\\/\\\/www.dr-entrup.de\\\/wp-content\\\/uploads\\\/2023\\\/11\\\/logo-plus-subtext.png\",\"contentUrl\":\"https:\\\/\\\/www.dr-entrup.de\\\/wp-content\\\/uploads\\\/2023\\\/11\\\/logo-plus-subtext.png\",\"width\":302,\"height\":326,\"caption\":\"BALANCE Fachpraxis f\u00fcr umfassende Kieferorthop\u00e4die Hannover Dr. Entrup\"},\"image\":{\"@id\":\"https:\\\/\\\/www.dr-entrup.de\\\/en\\\/#\\\/schema\\\/logo\\\/image\\\/\"}}]}<\/script>\n<!-- \/ Yoast SEO plugin. -->","yoast_head_json":{"title":"Digital orthodontics Hanover - DVT 3D diagnostics","description":"Digital orthodontics Hanover: Digital volume tomography (DVT) makes many things clearer. DVT 3D diagnostics at orthodontists Dres. W. & J. Entrup and Dr. T. Altvater.","robots":{"index":"index","follow":"follow","max-snippet":"max-snippet:-1","max-image-preview":"max-image-preview:large","max-video-preview":"max-video-preview:-1"},"canonical":"https:\/\/www.dr-entrup.de\/en\/digital-orthodontics-hannover-dvt\/","og_locale":"en_US","og_type":"article","og_title":"Digital orthodontics Hanover - DVT 3D diagnostics","og_description":"Digital orthodontics Hanover: Digital volume tomography (DVT) makes many things clearer. DVT 3D diagnostics at orthodontists Dres. W. & J. Entrup and Dr. T. Altvater.","og_url":"https:\/\/www.dr-entrup.de\/en\/digital-orthodontics-hannover-dvt\/","og_site_name":"BALANCE Fachpraxis f\u00fcr umfassende Kieferorthop\u00e4die Hannover Dr. Entrup","article_modified_time":"2024-08-28T15:18:52+00:00","twitter_card":"summary_large_image","schema":{"@context":"https:\/\/schema.org","@graph":[{"@type":"WebPage","@id":"https:\/\/www.dr-entrup.de\/en\/digital-orthodontics-hannover-dvt\/","url":"https:\/\/www.dr-entrup.de\/en\/digital-orthodontics-hannover-dvt\/","name":"Digital orthodontics Hanover - DVT 3D diagnostics","isPartOf":{"@id":"https:\/\/www.dr-entrup.de\/en\/#website"},"datePublished":"2023-10-25T16:13:22+00:00","dateModified":"2024-08-28T15:18:52+00:00","description":"Digital orthodontics Hanover: Digital volume tomography (DVT) makes many things clearer. DVT 3D diagnostics at orthodontists Dres. W. & J. Entrup and Dr. T. Altvater.","breadcrumb":{"@id":"https:\/\/www.dr-entrup.de\/en\/digital-orthodontics-hannover-dvt\/#breadcrumb"},"inLanguage":"en-DE","potentialAction":[{"@type":"ReadAction","target":["https:\/\/www.dr-entrup.de\/en\/digital-orthodontics-hannover-dvt\/"]}]},{"@type":"BreadcrumbList","@id":"https:\/\/www.dr-entrup.de\/en\/digital-orthodontics-hannover-dvt\/#breadcrumb","itemListElement":[{"@type":"ListItem","position":1,"name":"Home","item":"https:\/\/www.dr-entrup.de\/en\/"},{"@type":"ListItem","position":2,"name":"Digital orthodontics"}]},{"@type":"WebSite","@id":"https:\/\/www.dr-entrup.de\/en\/#website","url":"https:\/\/www.dr-entrup.de\/en\/","name":"BALANCE Fachpraxis f\u00fcr umfassende Kieferorthop\u00e4die Hannover Dr. Entrup","description":"BALANCE Fachpraxis f\u00fcr umfassende Kieferorthop\u00e4die Hannover Dr. Entrup","publisher":{"@id":"https:\/\/www.dr-entrup.de\/en\/#organization"},"potentialAction":[{"@type":"SearchAction","target":{"@type":"EntryPoint","urlTemplate":"https:\/\/www.dr-entrup.de\/en\/?s={search_term_string}"},"query-input":{"@type":"PropertyValueSpecification","valueRequired":true,"valueName":"search_term_string"}}],"inLanguage":"en-DE"},{"@type":"Organization","@id":"https:\/\/www.dr-entrup.de\/en\/#organization","name":"BALANCE Fachpraxis f\u00fcr umfassende Kieferorthop\u00e4die Hannover Dr. Entrup","url":"https:\/\/www.dr-entrup.de\/en\/","logo":{"@type":"ImageObject","inLanguage":"en-DE","@id":"https:\/\/www.dr-entrup.de\/en\/#\/schema\/logo\/image\/","url":"https:\/\/www.dr-entrup.de\/wp-content\/uploads\/2023\/11\/logo-plus-subtext.png","contentUrl":"https:\/\/www.dr-entrup.de\/wp-content\/uploads\/2023\/11\/logo-plus-subtext.png","width":302,"height":326,"caption":"BALANCE Fachpraxis f\u00fcr umfassende Kieferorthop\u00e4die Hannover Dr. Entrup"},"image":{"@id":"https:\/\/www.dr-entrup.de\/en\/#\/schema\/logo\/image\/"}}]}},"_links":{"self":[{"href":"https:\/\/www.dr-entrup.de\/en\/wp-json\/wp\/v2\/pages\/4889","targetHints":{"allow":["GET"]}}],"collection":[{"href":"https:\/\/www.dr-entrup.de\/en\/wp-json\/wp\/v2\/pages"}],"about":[{"href":"https:\/\/www.dr-entrup.de\/en\/wp-json\/wp\/v2\/types\/page"}],"author":[{"embeddable":true,"href":"https:\/\/www.dr-entrup.de\/en\/wp-json\/wp\/v2\/users\/1"}],"replies":[{"embeddable":true,"href":"https:\/\/www.dr-entrup.de\/en\/wp-json\/wp\/v2\/comments?post=4889"}],"version-history":[{"count":4,"href":"https:\/\/www.dr-entrup.de\/en\/wp-json\/wp\/v2\/pages\/4889\/revisions"}],"predecessor-version":[{"id":6725,"href":"https:\/\/www.dr-entrup.de\/en\/wp-json\/wp\/v2\/pages\/4889\/revisions\/6725"}],"wp:attachment":[{"href":"https:\/\/www.dr-entrup.de\/en\/wp-json\/wp\/v2\/media?parent=4889"}],"curies":[{"name":"wp","href":"https:\/\/api.w.org\/{rel}","templated":true}]}}