{"id":4884,"date":"2023-10-25T18:13:40","date_gmt":"2023-10-25T16:13:40","guid":{"rendered":"https:\/\/debug.dr-entrup.de\/invisalign\/"},"modified":"2024-08-28T17:18:52","modified_gmt":"2024-08-28T15:18:52","slug":"invisalign-hannover-invisible-aligners","status":"publish","type":"page","link":"https:\/\/www.dr-entrup.de\/en\/invisalign-hannover-invisible-aligners\/","title":{"rendered":"Invisalign\u00a9"},"content":{"rendered":"\n<section class = \"fdn-grid\">\n\t<div class = \"grid-container no-padding\">\n\t\t<div class = \"grid-x\">\n\t\t\t<div class=\"cell large-12 small-12 \">\n\t\t\t\t<div class =\"hero hero--background-gray text-center\">\n\t\t\t\t\t<img loading=\"lazy\" decoding=\"async\" width=\"1800\" height=\"1200\" src=\"https:\/\/www.dr-entrup.de\/wp-content\/uploads\/2024\/08\/Invisalign\u00a9-Hannover-\u2013-Die-unsichtbare-ZahnspangeInvisalign\u00a9-Hannover-\u2013-Die-unsichtbare-Zahnspange.jpeg\" class=\"image img-responsive-no-block\" alt=\"Invisalign Hannover - Die unsichtbare Zahnspange bei Kieferorthop\u00e4die Dr. Entrup Hannover\" srcset=\"https:\/\/www.dr-entrup.de\/wp-content\/uploads\/2024\/08\/Invisalign\u00a9-Hannover-\u2013-Die-unsichtbare-ZahnspangeInvisalign\u00a9-Hannover-\u2013-Die-unsichtbare-Zahnspange.jpeg 1800w, https:\/\/www.dr-entrup.de\/wp-content\/uploads\/2024\/08\/Invisalign\u00a9-Hannover-\u2013-Die-unsichtbare-ZahnspangeInvisalign\u00a9-Hannover-\u2013-Die-unsichtbare-Zahnspange-300x200.jpeg 300w, https:\/\/www.dr-entrup.de\/wp-content\/uploads\/2024\/08\/Invisalign\u00a9-Hannover-\u2013-Die-unsichtbare-ZahnspangeInvisalign\u00a9-Hannover-\u2013-Die-unsichtbare-Zahnspange-1024x683.jpeg 1024w, https:\/\/www.dr-entrup.de\/wp-content\/uploads\/2024\/08\/Invisalign\u00a9-Hannover-\u2013-Die-unsichtbare-ZahnspangeInvisalign\u00a9-Hannover-\u2013-Die-unsichtbare-Zahnspange-768x512.jpeg 768w, https:\/\/www.dr-entrup.de\/wp-content\/uploads\/2024\/08\/Invisalign\u00a9-Hannover-\u2013-Die-unsichtbare-ZahnspangeInvisalign\u00a9-Hannover-\u2013-Die-unsichtbare-Zahnspange-1536x1024.jpeg 1536w\" sizes=\"auto, (max-width: 1800px) 100vw, 1800px\" \/>\t\t\t\t<\/div>\n\t\t\t<\/div>\n\t\t<\/div>\n\t<\/div>\n<\/section>\n\n<section class = \"fdn-grid\">\n    <div class = \"p-top-mobile-50\"><\/div>\n    <div class = \"grid-container full-with-margin-10 no-padding\">\n        <div class = \"grid-x\">\n            <div class = \"cell small-12\">\n\n\n\n                <h1 class=\"heading heading--primary m-bottom-40\">Invisalign\u00a9 Hanover &#8211; The invisible braces<\/h1>\n                <h2 class=\"heading heading--secondary m-bottom-10\">Straight teeth and a perfect smile without attracting attention<\/h2>\n                <span class=\"short-line-decoration short-line-decoration--mini-width color-bordeaux-bg\"><\/span>\n\n                <div class=\"m-top-40 paragraph\">\n\n                    <p>Invisible braces or aligners have been an alternative to fixed braces since the 1990s &#8211; these transparent aligners are now extremely popular for straightening teeth. <strong>Invisalign\u00ae braces are removable, transparent plastic aligners.<\/strong> The main advantage of invisible braces is that they are no longer visible from a short distance. The teeth are gradually corrected with individually manufactured plastic splints, which are replaced every 10 &#8211; 14 days. They can be removed for eating and cleaning, which reduces the risk of tooth decay, gingivitis and cavities. They also restrict speech less than fixed braces. <strong>In<\/strong> orthodontics <strong>, invisible braces are used to correct mild to moderate malocclusions<\/strong> and can be easily integrated into everyday working life.<\/p>\n\n                <\/div>\n                                <a href='tel:+49511364990' class='button color-bordeaux-bg color-white button--medium' target='_self'> Call now &amp; get advice <\/a>                            <\/div>\n        <\/div>\n    <\/div>\n     <div class = \"p-top-mobile-50\"><\/div>\n<\/section>\n\n<section class = \"fdn-grid color-extra-pink-bg\">\n    <div class = \"p-top-mobile-50\"><\/div>\n\t<div class = \"grid-container full-with-margin-10 no-padding\">\n\n        <div class = \"grid-x\">\n\n            <div class=\"cell large-6 small-12\">\n                <div class = \"m-right-25 m-bottom-25 m-left-mob-0 m-right-mob-0 m-left-tab-0 m-right-tab-0\">\n                    <img class = \"image img-responsive-no-block\"\n                         src = \"https:\/\/www.dr-entrup.de\/wp-content\/uploads\/2023\/11\/Was-sind-Invisalign\u00ae-Zahnschienen-Kieferorthopadie-Hannover-Dr.-Entrup.png\"\n                         alt=\"What are Invisalign\u00ae aligners? Orthodontics Hanover Dr. Entrup\">\n                <\/div>\n\n\n                                   \n            <\/div>\n\n            <div class=\"cell large-6 small-12 \">\n                <div class = \"m-left-25 m-right-25 m-bottom-25 m-left-mob-0 m-right-mob-0 m-left-tab-0 m-right-tab-0\">\n                    <h2 class=\"heading heading--medium  m-bottom-10 color-bordeaux\">What are Invisalign\u00ae aligners?<\/h2>\n                    <span class=\"short-line-decoration  short-line-decoration--mini-width  color-primary-bg\"><\/span>\n                    <div class = \"paragraph paragraph--medium paragraph--primary m-top-40\">\n                        <p>Invisalign\u00ae invisible braces are among the most popular aligners on the market and are considered the <strong>most advanced system for straightening teeth<\/strong>. With Invisalign\u00ae, no dental impressions are required; the initial situation of the teeth is recorded using a 3D scan of the teeth and jaws in our practice in Hanover. This enables a vivid before-and-after simulation that allows the patient to see their future straight teeth even before the actual treatment. The individual rails are custom-made using 3D printing. At the start of treatment, tooth-colored attachments are placed on some teeth when the first splint is inserted to ensure better force transmission during the straightening of the teeth using the individual splints. Each splint exerts a certain amount of pressure and moves the teeth gradually and gently into the desired position. Depending on the malocclusion, 10 to invisible braces are required and the treatment lasts between 9 and 18 months.<\/p>\n\n                        \n                                                  \n\n                    <\/div>\n                <\/div>\n            <\/div>\n\n\n        <\/div>\n\n    <\/div>\n        <div class = \"p-top-mobile-50\"><\/div>\n<\/section>\n\n<section class = \"fdn-grid color-white-bg\">\n\n        <div class = \"p-top-mobile-50\"><\/div>\n    <div class = \"grid-container full-with-margin-10 no-padding\">\n\n        <div class = \"grid-x\">\n\n            <div class=\"cell large-6 small-12 \">\n                <div class = \"m-right-25  m-bottom-25 m-left-mob-0 m-right-mob-0 m-left-tab-0 m-right-tab-0\">\n                    <h2 class=\"heading heading--medium  m-bottom-10 color-bordeaux\">Invisalign\u00ae Hanover &#8211; What can invisible braces be used for?<\/h2>\n                    <span class=\"short-line-decoration  short-line-decoration--mini-width  color-primary-bg\"><\/span>\n                    <div class = \"paragraph--medium paragraph--primary m-top-40\">\n                        <p>Invisible braces can be used to correct the following malocclusions:  <\/p>\n<ul>\n<li>Moderate crowding of the front teeth,<\/li>\n<li>Moderate gap in the front teeth,<\/li>\n<li>crowns tilted towards the lip,<\/li>\n<li>crowns tilted towards the oral cavity,<\/li>\n<li>for teeth that are recessed or elongated in the jaw.<\/li>\n<\/ul>\n\n\n                                                    \n\n                    <\/div>\n                <\/div>\n            <\/div>\n\n            <div class=\"cell large-6 small-12\">\n                <div class = \"m-left-25 m-bottom-25 m-left-mob-0 m-right-mob-0 m-left-tab-0 m-right-tab-0\">\n                   \t\t\t\t\t\n\t\t\t\t\t<img class = \"image img-responsive-no-block\"\n                         src = \"https:\/\/www.dr-entrup.de\/wp-content\/uploads\/2024\/05\/Invisalign\u00ae-Hannover-\u2013-Wofur-konnen-unsichtbare-Zahnspangen-verwendet-werden.jpg\"\n                         alt=\"Invisalign\u00ae Hanover - What can invisible braces be used for?\">\n\t\t\t\t\t\t \n\t\t\t\t\t\t\n                                   \n                <\/div>\n\n                \n            <\/div>\n\n        <\/div>\n\n    <\/div>\n        <div class = \"p-top-mobile-50\"><\/div>\n<\/section>\n\n<section class = \"fdn-grid color-extra-pink-bg\">\n\n        <div class = \"p-top-mobile-50\"><\/div>\n    <div class = \"grid-container full-with-margin-10 no-padding\">\n\n        <div class = \"grid-x\">\n\n            <div class=\"cell large-6 small-12 \">\n                <div class = \"m-right-25 m-left-mob-0 m-right-mob-0 m-left-tab-0 m-right-tab-0\">\n\n                    <h2 class='heading heading--medium  m-bottom-10 color-bordeaux'>Invisalign\u00ae Lite Hanover <\/h2><span class='short-line-decoration  short-line-decoration--mini-width color-primary-bg'><\/span><div class = 'paragraph--medium paragraph--primary m-top-40'><p>For smaller treatment tasks (treatment with up to 14 aligners\/jaw), we now have a cost-effective option.<\/p>\n<\/div><h2 class='heading heading--medium  m-bottom-10 color-bordeaux'>Smart Track<\/h2><span class='short-line-decoration  short-line-decoration--mini-width color-primary-bg'><\/span><div class = 'paragraph--medium paragraph--primary m-top-40'><p>Thanks to Invisalign&#8217;s intensive research, a completely new improved aligner material is available with a longer-lasting corrective effect and lower initial forces.  <a href=\"http:\/\/www.aligntechinstitute.com\/Products\/Products\/SmartTrack\/Pages\/default.aspx\" target=\"_blank\" rel=\"noopener\">www.aligntechinstitute.com<\/a><\/p>\n<\/div>\n\n                    <\/div>\n                <\/div>\n\n\n            <div class=\"cell large-6 small-12\">\n                <div class = \"m-left-25 m-bottom-25 m-left-mob-0 m-right-mob-0 m-left-tab-0 m-right-tab-0\">\n                    <img class = \"image img-responsive-no-block\"\n                         src = \"https:\/\/www.dr-entrup.de\/wp-content\/uploads\/2023\/12\/Invisalign\u00ae-Lite-Hannover-Smart-Track-Kieferorthopadie-Hannover-Dr.-Entrup.jpg\"\n                         alt=\"Invisalign\u00ae Lite Hannover - Smart Track - Kieferorthop\u00e4die Hannover Dr. Entrup\">\n\t\t\t\t\t\n\t\t\t\t\t<div class = \"m-top-50 m-bottom-25 text-center\">\n\n                                    <\/div>\n                <\/div>\n\n                \n            <\/div>\n\n        <\/div>\n\n    <\/div>\n        <div class = \"p-top-mobile-50\"><\/div>\n<\/section>\n\n<section class = \"fdn-grid color-white-bg\">\n    <div class = \"p-top-mobile-50\"><\/div>\n\t<div class = \"grid-container full-with-margin-10 no-padding\">\n\n        <div class = \"grid-x\">\n\n            <div class=\"cell large-6 small-12\">\n                <div class = \"m-right-25 m-bottom-25 m-left-mob-0 m-right-mob-0 m-left-tab-0 m-right-tab-0\">\n                    <img class = \"image img-responsive-no-block\"\n                         src = \"https:\/\/www.dr-entrup.de\/wp-content\/uploads\/2024\/05\/Invisalign\u00ae-Hannover-Patientenbewertungen-Kieferorthopaedie-Dr.-Entrup-und-Dr.-Altvater.jpg\"\n                         alt=\"Invisalign Hanover at BALANCE comprehensive orthodontics Dr. Entrup\">\n                <\/div>\n\n\n                                   \n            <\/div>\n\n            <div class=\"cell large-6 small-12 \">\n                <div class = \"m-left-25 m-right-25 m-bottom-25 m-left-mob-0 m-right-mob-0 m-left-tab-0 m-right-tab-0\">\n                    <h2 class=\"heading heading--medium  m-bottom-10 color-bordeaux\">Invisalign\u00ae Hannover patient reviews<\/h2>\n                    <span class=\"short-line-decoration  short-line-decoration--mini-width  color-primary-bg\"><\/span>\n                    <div class = \"paragraph paragraph--medium paragraph--primary m-top-40\">\n                        <p>Reviews from patients who have opted for tooth correction with Invisalign\u00ae particularly emphasize that the first successes become visible early on. Although the cost is somewhat higher than with fixed braces, the advantage is that the appliances are virtually invisible from the outside. Patients also find it positive that the aligners can be worn in everyday life without any problems. The recommended daily wearing time is approx. 18 hours. This form of treatment has also proven itself from a clinical point of view: There is no age limit for its use. The appliances do not come into contact with the gums, which significantly minimizes the risk of inflammation. In addition, the risk of plaque formation is significantly reduced compared to classic multi-band treatment.<\/p>\n\n                        \n                                                  \n\n                    <\/div>\n                <\/div>\n            <\/div>\n\n\n        <\/div>\n\n    <\/div>\n        <div class = \"p-top-mobile-50\"><\/div>\n<\/section>\n\n\n<section class = \"fdn-grid color-extra-pink-bg\">\n        <div class = \"p-top-mobile-50\"><\/div>\n\n    <div class = \"grid-container full-with-margin-10 no-padding\">\n\n        <div class = \"grid-x\">\n\n            <div class = \"cell small-12\">\n\n           \n  <h2 class='heading heading--medium  m-bottom-10 color-bordeaux'>Is the Invisalign\u00ae system suitable for you?<\/h2><span class='short-line-decoration  short-line-decoration--mini-width color-primary-bg'><\/span><div class = 'paragraph--medium paragraph--primary m-top-40'><p><strong>As orthodontists, we will be happy to advise you individually in our practice in Hanover and answer the question of whether this procedure is suitable for your needs!<\/strong><strong>The Invisalign\u00ae technique is a new, elegant technique<\/strong> and, as one of the first certified practices in Germany, we already have many years of experience with this technique. For us at the specialist practice for orthodontics in Hanover, an attractive appearance is always part of the treatment &#8211; and the invisible aligners from Invisalign\u00ae guarantee a medically sound treatment based on your individual wishes at a professional and qualitatively impeccable level.<\/p>\n<\/div>\t\t\t\t\n\t\t\t\t\n\t\t\t\t\n                            <\/div>\n        <\/div>\n    <\/div>\n        <div class = \"p-top-mobile-50\"><\/div>\n<\/section>\n<section class = \"fdn-grid color-white-bg\">\n\n        <div class = \"p-top-mobile-50\"><\/div>\n    <div class = \"grid-container full-with-margin-10 no-padding\">\n\n        <div class = \"grid-x\">\n            <div class=\"cell large-6 small-12\">\n                <div class = \"m-right-25  m-bottom-25 m-left-mob-0 m-right-mob-0 m-left-tab-0 m-right-tab-0\">\n  \n  <h2 class='heading heading--medium  m-bottom-10 color-bordeaux'>Invisalign\u00ae explanatory videos<\/h2><span class='short-line-decoration  short-line-decoration--mini-width color-primary-bg'><\/span><div class = 'paragraph--medium paragraph--primary m-top-40'><p>You can find out how Invisalign works and how the aligners are made both on the manufacturer&#8217;s website<a href=\"http:\/\/www.invisalign.com\/\" target=\"_blank\" rel=\"noopener\">(www.invisalign.com)<\/a> and in the numerous YouTube videos available. Many patients are concerned about possible speech impairment due to Invisalign. Please watch the following YouTube video:  &nbsp;<\/p>\n<\/div>                                            <\/div>\n                <\/div>\n\n\n\n\n\n\n            <div class=\"cell large-6 small-12 \">\n                <div class = \"m-left-25 m-bottom-25 m-left-mob-0 m-right-mob-0 m-left-tab-0 m-right-tab-0\">\n\n                    <div class=\"videoWrapper\">\n                        <!-- Copy & Pasted from YouTube -->\n\t\t\t\t\t\t<p><iframe loading=\"lazy\" width=\"1440\" height=\"802\" src=\"https:\/\/www.youtube.com\/embed\/rWq-MMZ9nRY\" title=\"Talking with Invisalign\" frameborder=\"0\" allow=\"accelerometer; autoplay; clipboard-write; encrypted-media; gyroscope; picture-in-picture; web-share\" allowfullscreen=\"\"><\/iframe><\/p>\n\n                    <\/div>\n\n                    <\/div>\n                <\/div>\n\n\n\n\n        <\/div>\n\n    <\/div>\n        <div class = \"p-top-mobile-50\"><\/div>\n<\/section>\n\n\n<section class = \"fdn-grid color-extra-pink-bg\">\n        <div class = \"p-top-mobile-50\"><\/div>\n\n    <div class = \"grid-container full-with-margin-10 no-padding\">\n\n        <div class = \"grid-x\">\n\n            <div class = \"cell small-12\">\n\n           \n  <h2 class='heading heading--medium  m-bottom-10 color-bordeaux'>Focus \u00c4rzteliste &#8211; Orthodontists &#8211; &#8220;Find the right expert&#8221;<\/h2><span class='short-line-decoration  short-line-decoration--mini-width color-primary-bg'><\/span><div class = 'paragraph--medium paragraph--primary m-top-40'><p>Focus \u00c4rzteliste &#8211; Orthodontists Ranking 2012-2013-2014-2015-2016-2017-2018-2019-2020-2021-2022-2023-2024 Quote:<strong class=\"cms-bold\">&#8220;FIND THE RIGHT EXPERT<\/strong>&#8230; Nationwide, medical colleagues from her field have recommended &#8230;&#8221; Among the recommended specialists for orthodontics (150), our group practice has been listed for several years with excellent recommendations and an overall rating that is unique in Germany.<br \/>\nWe share the highest number of recognitions with around 30 orthodontic specialists and professors in Germany: &#8212; = recommended by colleagues with above-average frequency. <\/p>\n<\/div><div class = 'p-top-25'><\/div><h2 class='heading heading--medium  m-bottom-10 color-bordeaux'>This might also interest you:<\/h2><span class='short-line-decoration  short-line-decoration--mini-width color-primary-bg'><\/span><div class = 'paragraph--medium paragraph--primary m-top-40'><ul>\n<li><a href=\"https:\/\/www.dr-entrup.de\/en\/aesthetic-orthodontics-hannover\/\">Aesthetic bracket system<\/a><\/li>\n<li><a href=\"https:\/\/www.dr-entrup.de\/en\/lingual-technique-hannover-descrete-alignment-of-teeth\/\">Lingual technique<\/a><\/li>\n<\/ul>\n<p>&nbsp;<\/p>\n<\/div>\t\t\t\t\n\t\t\t\t\n\t\t\t\t\n                            <\/div>\n        <\/div>\n    <\/div>\n        <div class = \"p-top-mobile-50\"><\/div>\n<\/section>","protected":false},"excerpt":{"rendered":"","protected":false},"author":1,"featured_media":0,"parent":0,"menu_order":0,"comment_status":"closed","ping_status":"closed","template":"","meta":{"footnotes":""},"class_list":["post-4884","page","type-page","status-publish"],"acf":[],"yoast_head":"<!-- This site is optimized with the Yoast SEO plugin v26.6 - https:\/\/yoast.com\/wordpress\/plugins\/seo\/ -->\n<title>Invisalign\u00ae Hanover - The invisible aligner<\/title>\n<meta name=\"description\" content=\"Invisalign\u00a9 Hanover - The invisible braces: Straight teeth and a perfect smile without attracting attention at BALANCE - Specialist practice for comprehensive orthodontics Dres. W. &amp; J. Entrup and Dr. T. Altvater\" \/>\n<meta name=\"robots\" content=\"index, follow, max-snippet:-1, max-image-preview:large, max-video-preview:-1\" \/>\n<link rel=\"canonical\" href=\"https:\/\/www.dr-entrup.de\/en\/invisalign-hannover-invisible-aligners\/\" \/>\n<meta property=\"og:locale\" content=\"en_US\" \/>\n<meta property=\"og:type\" content=\"article\" \/>\n<meta property=\"og:title\" content=\"Invisalign\u00ae Hanover - The invisible aligner\" \/>\n<meta property=\"og:description\" content=\"Invisalign\u00a9 Hanover - The invisible braces: Straight teeth and a perfect smile without attracting attention at BALANCE - Specialist practice for comprehensive orthodontics Dres. W. &amp; J. Entrup and Dr. T. Altvater\" \/>\n<meta property=\"og:url\" content=\"https:\/\/www.dr-entrup.de\/en\/invisalign-hannover-invisible-aligners\/\" \/>\n<meta property=\"og:site_name\" content=\"BALANCE Fachpraxis f\u00fcr umfassende Kieferorthop\u00e4die Hannover Dr. Entrup\" \/>\n<meta property=\"article:modified_time\" content=\"2024-08-28T15:18:52+00:00\" \/>\n<meta name=\"twitter:card\" content=\"summary_large_image\" \/>\n<script type=\"application\/ld+json\" class=\"yoast-schema-graph\">{\"@context\":\"https:\/\/schema.org\",\"@graph\":[{\"@type\":\"WebPage\",\"@id\":\"https:\/\/www.dr-entrup.de\/en\/invisalign-hannover-invisible-aligners\/\",\"url\":\"https:\/\/www.dr-entrup.de\/en\/invisalign-hannover-invisible-aligners\/\",\"name\":\"Invisalign\u00ae Hanover - The invisible aligner\",\"isPartOf\":{\"@id\":\"https:\/\/www.dr-entrup.de\/en\/#website\"},\"datePublished\":\"2023-10-25T16:13:40+00:00\",\"dateModified\":\"2024-08-28T15:18:52+00:00\",\"description\":\"Invisalign\u00a9 Hanover - The invisible braces: Straight teeth and a perfect smile without attracting attention at BALANCE - Specialist practice for comprehensive orthodontics Dres. W. & J. Entrup and Dr. T. Altvater\",\"breadcrumb\":{\"@id\":\"https:\/\/www.dr-entrup.de\/en\/invisalign-hannover-invisible-aligners\/#breadcrumb\"},\"inLanguage\":\"en-DE\",\"potentialAction\":[{\"@type\":\"ReadAction\",\"target\":[\"https:\/\/www.dr-entrup.de\/en\/invisalign-hannover-invisible-aligners\/\"]}]},{\"@type\":\"BreadcrumbList\",\"@id\":\"https:\/\/www.dr-entrup.de\/en\/invisalign-hannover-invisible-aligners\/#breadcrumb\",\"itemListElement\":[{\"@type\":\"ListItem\",\"position\":1,\"name\":\"Home\",\"item\":\"https:\/\/www.dr-entrup.de\/en\/\"},{\"@type\":\"ListItem\",\"position\":2,\"name\":\"Invisalign\u00a9\"}]},{\"@type\":\"WebSite\",\"@id\":\"https:\/\/www.dr-entrup.de\/en\/#website\",\"url\":\"https:\/\/www.dr-entrup.de\/en\/\",\"name\":\"BALANCE Fachpraxis f\u00fcr umfassende Kieferorthop\u00e4die Hannover Dr. Entrup\",\"description\":\"BALANCE Fachpraxis f\u00fcr umfassende Kieferorthop\u00e4die Hannover Dr. Entrup\",\"publisher\":{\"@id\":\"https:\/\/www.dr-entrup.de\/en\/#organization\"},\"potentialAction\":[{\"@type\":\"SearchAction\",\"target\":{\"@type\":\"EntryPoint\",\"urlTemplate\":\"https:\/\/www.dr-entrup.de\/en\/?s={search_term_string}\"},\"query-input\":{\"@type\":\"PropertyValueSpecification\",\"valueRequired\":true,\"valueName\":\"search_term_string\"}}],\"inLanguage\":\"en-DE\"},{\"@type\":\"Organization\",\"@id\":\"https:\/\/www.dr-entrup.de\/en\/#organization\",\"name\":\"BALANCE Fachpraxis f\u00fcr umfassende Kieferorthop\u00e4die Hannover Dr. Entrup\",\"url\":\"https:\/\/www.dr-entrup.de\/en\/\",\"logo\":{\"@type\":\"ImageObject\",\"inLanguage\":\"en-DE\",\"@id\":\"https:\/\/www.dr-entrup.de\/en\/#\/schema\/logo\/image\/\",\"url\":\"https:\/\/www.dr-entrup.de\/wp-content\/uploads\/2023\/11\/logo-plus-subtext.png\",\"contentUrl\":\"https:\/\/www.dr-entrup.de\/wp-content\/uploads\/2023\/11\/logo-plus-subtext.png\",\"width\":302,\"height\":326,\"caption\":\"BALANCE Fachpraxis f\u00fcr umfassende Kieferorthop\u00e4die Hannover Dr. Entrup\"},\"image\":{\"@id\":\"https:\/\/www.dr-entrup.de\/en\/#\/schema\/logo\/image\/\"}}]}<\/script>\n<!-- \/ Yoast SEO plugin. -->","yoast_head_json":{"title":"Invisalign\u00ae Hanover - The invisible aligner","description":"Invisalign\u00a9 Hanover - The invisible braces: Straight teeth and a perfect smile without attracting attention at BALANCE - Specialist practice for comprehensive orthodontics Dres. W. & J. Entrup and Dr. T. Altvater","robots":{"index":"index","follow":"follow","max-snippet":"max-snippet:-1","max-image-preview":"max-image-preview:large","max-video-preview":"max-video-preview:-1"},"canonical":"https:\/\/www.dr-entrup.de\/en\/invisalign-hannover-invisible-aligners\/","og_locale":"en_US","og_type":"article","og_title":"Invisalign\u00ae Hanover - The invisible aligner","og_description":"Invisalign\u00a9 Hanover - The invisible braces: Straight teeth and a perfect smile without attracting attention at BALANCE - Specialist practice for comprehensive orthodontics Dres. W. & J. Entrup and Dr. T. Altvater","og_url":"https:\/\/www.dr-entrup.de\/en\/invisalign-hannover-invisible-aligners\/","og_site_name":"BALANCE Fachpraxis f\u00fcr umfassende Kieferorthop\u00e4die Hannover Dr. Entrup","article_modified_time":"2024-08-28T15:18:52+00:00","twitter_card":"summary_large_image","schema":{"@context":"https:\/\/schema.org","@graph":[{"@type":"WebPage","@id":"https:\/\/www.dr-entrup.de\/en\/invisalign-hannover-invisible-aligners\/","url":"https:\/\/www.dr-entrup.de\/en\/invisalign-hannover-invisible-aligners\/","name":"Invisalign\u00ae Hanover - The invisible aligner","isPartOf":{"@id":"https:\/\/www.dr-entrup.de\/en\/#website"},"datePublished":"2023-10-25T16:13:40+00:00","dateModified":"2024-08-28T15:18:52+00:00","description":"Invisalign\u00a9 Hanover - The invisible braces: Straight teeth and a perfect smile without attracting attention at BALANCE - Specialist practice for comprehensive orthodontics Dres. W. & J. Entrup and Dr. T. Altvater","breadcrumb":{"@id":"https:\/\/www.dr-entrup.de\/en\/invisalign-hannover-invisible-aligners\/#breadcrumb"},"inLanguage":"en-DE","potentialAction":[{"@type":"ReadAction","target":["https:\/\/www.dr-entrup.de\/en\/invisalign-hannover-invisible-aligners\/"]}]},{"@type":"BreadcrumbList","@id":"https:\/\/www.dr-entrup.de\/en\/invisalign-hannover-invisible-aligners\/#breadcrumb","itemListElement":[{"@type":"ListItem","position":1,"name":"Home","item":"https:\/\/www.dr-entrup.de\/en\/"},{"@type":"ListItem","position":2,"name":"Invisalign\u00a9"}]},{"@type":"WebSite","@id":"https:\/\/www.dr-entrup.de\/en\/#website","url":"https:\/\/www.dr-entrup.de\/en\/","name":"BALANCE Fachpraxis f\u00fcr umfassende Kieferorthop\u00e4die Hannover Dr. Entrup","description":"BALANCE Fachpraxis f\u00fcr umfassende Kieferorthop\u00e4die Hannover Dr. Entrup","publisher":{"@id":"https:\/\/www.dr-entrup.de\/en\/#organization"},"potentialAction":[{"@type":"SearchAction","target":{"@type":"EntryPoint","urlTemplate":"https:\/\/www.dr-entrup.de\/en\/?s={search_term_string}"},"query-input":{"@type":"PropertyValueSpecification","valueRequired":true,"valueName":"search_term_string"}}],"inLanguage":"en-DE"},{"@type":"Organization","@id":"https:\/\/www.dr-entrup.de\/en\/#organization","name":"BALANCE Fachpraxis f\u00fcr umfassende Kieferorthop\u00e4die Hannover Dr. Entrup","url":"https:\/\/www.dr-entrup.de\/en\/","logo":{"@type":"ImageObject","inLanguage":"en-DE","@id":"https:\/\/www.dr-entrup.de\/en\/#\/schema\/logo\/image\/","url":"https:\/\/www.dr-entrup.de\/wp-content\/uploads\/2023\/11\/logo-plus-subtext.png","contentUrl":"https:\/\/www.dr-entrup.de\/wp-content\/uploads\/2023\/11\/logo-plus-subtext.png","width":302,"height":326,"caption":"BALANCE Fachpraxis f\u00fcr umfassende Kieferorthop\u00e4die Hannover Dr. Entrup"},"image":{"@id":"https:\/\/www.dr-entrup.de\/en\/#\/schema\/logo\/image\/"}}]}},"_links":{"self":[{"href":"https:\/\/www.dr-entrup.de\/en\/wp-json\/wp\/v2\/pages\/4884","targetHints":{"allow":["GET"]}}],"collection":[{"href":"https:\/\/www.dr-entrup.de\/en\/wp-json\/wp\/v2\/pages"}],"about":[{"href":"https:\/\/www.dr-entrup.de\/en\/wp-json\/wp\/v2\/types\/page"}],"author":[{"embeddable":true,"href":"https:\/\/www.dr-entrup.de\/en\/wp-json\/wp\/v2\/users\/1"}],"replies":[{"embeddable":true,"href":"https:\/\/www.dr-entrup.de\/en\/wp-json\/wp\/v2\/comments?post=4884"}],"version-history":[{"count":4,"href":"https:\/\/www.dr-entrup.de\/en\/wp-json\/wp\/v2\/pages\/4884\/revisions"}],"predecessor-version":[{"id":6724,"href":"https:\/\/www.dr-entrup.de\/en\/wp-json\/wp\/v2\/pages\/4884\/revisions\/6724"}],"wp:attachment":[{"href":"https:\/\/www.dr-entrup.de\/en\/wp-json\/wp\/v2\/media?parent=4884"}],"curies":[{"name":"wp","href":"https:\/\/api.w.org\/{rel}","templated":true}]}}