{"id":4876,"date":"2023-10-25T18:14:53","date_gmt":"2023-10-25T16:14:53","guid":{"rendered":"https:\/\/debug.dr-entrup.de\/headache\/"},"modified":"2024-06-11T11:46:02","modified_gmt":"2024-06-11T09:46:02","slug":"headache-migraine-treat-orthodontics-hanover","status":"publish","type":"page","link":"https:\/\/www.dr-entrup.de\/en\/headache-migraine-treat-orthodontics-hanover\/","title":{"rendered":"Headache"},"content":{"rendered":"\n<section class = \"fdn-grid\">\n\t<div class = \"grid-container no-padding\">\n\t\t<div class = \"grid-x\">\n\t\t\t<div class=\"cell large-12 small-12 \">\n\t\t\t\t<div class =\"hero hero--background-gray text-center\">\n\t\t\t\t\t<img loading=\"lazy\" decoding=\"async\" width=\"1800\" height=\"767\" src=\"https:\/\/www.dr-entrup.de\/wp-content\/uploads\/2024\/05\/Beziehung-zwischen-Storungen-am-Kieferorgan-und-Kopfschmerzen-Migrane-KFO-Hannover.png\" class=\"image img-responsive-no-block\" alt=\"Beziehung zwischen Sto\u0308rungen am Kieferorgan und Kopfschmerzen &amp; Migra\u0308ne - KFO Hannover\" srcset=\"https:\/\/www.dr-entrup.de\/wp-content\/uploads\/2024\/05\/Beziehung-zwischen-Storungen-am-Kieferorgan-und-Kopfschmerzen-Migrane-KFO-Hannover.png 1800w, https:\/\/www.dr-entrup.de\/wp-content\/uploads\/2024\/05\/Beziehung-zwischen-Storungen-am-Kieferorgan-und-Kopfschmerzen-Migrane-KFO-Hannover-300x128.png 300w, https:\/\/www.dr-entrup.de\/wp-content\/uploads\/2024\/05\/Beziehung-zwischen-Storungen-am-Kieferorgan-und-Kopfschmerzen-Migrane-KFO-Hannover-1024x436.png 1024w, https:\/\/www.dr-entrup.de\/wp-content\/uploads\/2024\/05\/Beziehung-zwischen-Storungen-am-Kieferorgan-und-Kopfschmerzen-Migrane-KFO-Hannover-768x327.png 768w, https:\/\/www.dr-entrup.de\/wp-content\/uploads\/2024\/05\/Beziehung-zwischen-Storungen-am-Kieferorgan-und-Kopfschmerzen-Migrane-KFO-Hannover-1536x655.png 1536w\" sizes=\"auto, (max-width: 1800px) 100vw, 1800px\" \/>\t\t\t\t<\/div>\n\t\t\t<\/div>\n\t\t<\/div>\n\t<\/div>\n<\/section>\n\n<section class = \"fdn-grid\">\n    <div class = \"p-top-mobile-50\"><\/div>\n    <div class = \"grid-container full-with-margin-10 no-padding\">\n        <div class = \"grid-x\">\n            <div class = \"cell small-12\">\n\n\n\n                <h1 class=\"heading heading--primary m-bottom-40\">Treatment of headaches and migraines in Hanover<\/h1>\n                <h2 class=\"heading heading--secondary m-bottom-10\">Relationship between disorders of the jaw organ and headaches &amp; migraines<\/h2>\n                <span class=\"short-line-decoration short-line-decoration--mini-width color-bordeaux-bg\"><\/span>\n\n                <div class=\"m-top-40 paragraph\">\n\n                    <p>We are <a href=\"https:\/\/www.dr-entrup.de\/en\/practice-team-hannover-entrup\/\">specialists in orthodontics<\/a> and therefore not pain therapists in the usual sense, but. <strong>The causal relationships between disorders of the jaw organ in the broadest sense = cranio-mandibular system (CMS) and headaches and migraines are so intense and frequent<\/strong> that we have been able to help many people with decades of suffering permanently. The problem is widespread in our population and many specialists are trying to alleviate the suffering of affected patients. The waiting rooms are full of people who have already visited one specialist or another in vain on their odyssey. Special headache clinics and outpatient clinics bear witness to the ubiquity of these complaints.<\/p>\n\n                <\/div>\n                                <a href='tel:+49511364990' class='button color-bordeaux-bg color-white button--medium' target='_self'> Call now &amp; get advice <\/a>                            <\/div>\n        <\/div>\n    <\/div>\n     <div class = \"p-top-mobile-50\"><\/div>\n<\/section>\n\n<section class = \"fdn-grid color-extra-pink-bg\">\n    <div class = \"p-top-mobile-50\"><\/div>\n\t<div class = \"grid-container full-with-margin-10 no-padding\">\n\n        <div class = \"grid-x\">\n\n            <div class=\"cell large-6 small-12\">\n                <div class = \"m-right-25 m-bottom-25 m-left-mob-0 m-right-mob-0 m-left-tab-0 m-right-tab-0\">\n                    <img class = \"image img-responsive-no-block\"\n                         src = \"https:\/\/www.dr-entrup.de\/wp-content\/uploads\/2023\/12\/Chronische-Kopfschmerzen-konnen-durch-ein-Ungleichgewicht-im-Kiefersystem-zusammen-hagen.-Kieferorthopadie-Hannover.jpeg\"\n                         alt=\"Chronic headaches can be caused by an imbalance in the jaw system. Orthodontics Hanover\">\n                <\/div>\n\n\n                                   \n            <\/div>\n\n            <div class=\"cell large-6 small-12 \">\n                <div class = \"m-left-25 m-right-25 m-bottom-25 m-left-mob-0 m-right-mob-0 m-left-tab-0 m-right-tab-0\">\n                    <h2 class=\"heading heading--medium  m-bottom-10 color-bordeaux\">Chronic headaches<\/h2>\n                    <span class=\"short-line-decoration  short-line-decoration--mini-width  color-primary-bg\"><\/span>\n                    <div class = \"paragraph paragraph--medium paragraph--primary m-top-40\">\n                        <p><strong>Chronic headaches can have serious consequences; for example, uncontrolled use of painkillers can indirectly cause considerable kidney damage.<\/strong> In around 30 percent of all patients requiring dialysis, which causes costs of around 300 million euros per year, the kidney damage is due to chronic painkiller use. Some typical migraine medications are suspected of being effective at first, but later causing migraines themselves after prolonged use. We don&#8217;t have a panacea for chronic headaches or migraines either.  <strong>However, we would like to emphasize that the importance of the jaw organ in the development of headaches and migraines is extremely underestimated both in the medical profession and among laypeople.<\/strong><\/p>\n\n                        \n                                                  \n\n                    <\/div>\n                <\/div>\n            <\/div>\n\n\n        <\/div>\n\n    <\/div>\n        <div class = \"p-top-mobile-50\"><\/div>\n<\/section>\n\n<section class = \"fdn-grid color-white-bg\">\n\n        <div class = \"p-top-mobile-50\"><\/div>\n    <div class = \"grid-container full-with-margin-10 no-padding\">\n\n        <div class = \"grid-x\">\n            <div class=\"cell large-6 small-12\">\n                <div class = \"m-right-25  m-bottom-25 m-left-mob-0 m-right-mob-0 m-left-tab-0 m-right-tab-0\">\n  \n  <h2 class='heading heading--medium  m-bottom-10 color-bordeaux'>Contexts<\/h2><span class='short-line-decoration  short-line-decoration--mini-width color-primary-bg'><\/span><div class = 'paragraph--medium paragraph--primary m-top-40'><p>A thorough examination is required to determine whether there are reasons to assume with some probability that the possible cause could lie in the jaw organ. Only these forms of headache, which can also occur with migraine-like symptoms, can be alleviated or disappear completely as part of therapy according to the <a href=\"https:\/\/www.dr-entrup.de\/en\/balance-treatment-concept-comprehensive-orthodontics-hannover\/\">Balance treatment concept<\/a>. However, we would like to emphasize once again that we do not treat the headache directly, but the <a href=\"https:\/\/www.dr-entrup.de\/en\/tmj-treatment-hannover-temporomandibular-joint-dysfunction\/\">cranio-mandibular system (CMS)<\/a>. When CMS is cured according to the Balance treatment concept, we very often experience that patients with headaches report rapid relief.<\/p>\n<\/div>                                            <\/div>\n                <\/div>\n\n\n\n\n\n\n            <div class=\"cell large-6 small-12 \">\n                <div class = \"m-left-25 m-bottom-25 m-left-mob-0 m-right-mob-0 m-left-tab-0 m-right-tab-0\">\n\n                    <div class=\"videoWrapper\">\n                        <!-- Copy & Pasted from YouTube -->\n\t\t\t\t\t\t<p><div style=\"width: 640px;\" class=\"wp-video\"><video class=\"wp-video-shortcode\" id=\"video-4876-1\" width=\"640\" height=\"480\" preload=\"metadata\" controls=\"controls\"><source type=\"video\/mp4\" src=\"https:\/\/www.dr-entrup.de\/wp-content\/uploads\/2023\/12\/Kopfschmerz.mp4?_=1\" \/><a href=\"https:\/\/www.dr-entrup.de\/wp-content\/uploads\/2023\/12\/Kopfschmerz.mp4\">https:\/\/www.dr-entrup.de\/wp-content\/uploads\/2023\/12\/Kopfschmerz.mp4<\/a><\/video><\/div>Treatment of  <\/p>\n\n                    <\/div>\n\n                    <\/div>\n                <\/div>\n\n\n\n\n        <\/div>\n\n    <\/div>\n        <div class = \"p-top-mobile-50\"><\/div>\n<\/section>\n\n\n<section class = \"fdn-grid color-extra-pink-bg\">\n        <div class = \"p-top-mobile-50\"><\/div>\n\n    <div class = \"grid-container full-with-margin-10 no-padding\">\n\n        <div class = \"grid-x\">\n\n            <div class = \"cell small-12\">\n\n           \n  <h2 class='heading heading--medium  m-bottom-10 color-bordeaux'>Interdisciplinary cooperation<\/h2><span class='short-line-decoration  short-line-decoration--mini-width color-primary-bg'><\/span><div class = 'paragraph--medium paragraph--primary m-top-40'><p><strong>In many cases, the headache is caused by several factors simultaneously and additively, whereby the errors in the CMS are often decisive for the development of the pain.<\/strong>  But other general medical dysfunctions must also be taken into account in order to be truly successful. This means that many specialists, such as chiropractors, <a href=\"https:\/\/www.dr-entrup.de\/en\/osteopathy-orthodontics-hannover\/\">osteopaths<\/a>, nutritionists, naturopaths, etc., need to work together at the same time. This multidisciplinary teamwork is one of the keys to success. In the <a href=\"https:\/\/www.dr-entrup.de\/en\/orthodontic-consultation-hannover-dr-entrup\/\">initial orthodontic examination<\/a>, we will examine for you whether there is a justified chance of curing or alleviating your headache or migraine through <strong>orthodontic-functional therapeutic treatment<\/strong> according to the <a href=\"https:\/\/www.dr-entrup.de\/en\/balance-treatment-concept-comprehensive-orthodontics-hannover\/\">Balance treatment concept<\/a> based on the test results at the CMS and our many years of experience. If there is any doubt about the at least partial causal relationship of the headache to the functional faults identified in the CMS, we will clearly inform you of this at the outset and refer you to suitable other specialists.<\/p>\n<p>&nbsp;<\/p>\n<\/div>\t\t\t\t\n\t\t\t\t\n\t\t\t\t\n                            <\/div>\n        <\/div>\n    <\/div>\n        <div class = \"p-top-mobile-50\"><\/div>\n<\/section>","protected":false},"excerpt":{"rendered":"","protected":false},"author":1,"featured_media":0,"parent":0,"menu_order":0,"comment_status":"closed","ping_status":"closed","template":"","meta":{"footnotes":""},"class_list":["post-4876","page","type-page","status-publish"],"acf":[],"yoast_head":"<!-- This site is optimized with the Yoast SEO plugin v27.5 - https:\/\/yoast.com\/product\/yoast-seo-wordpress\/ -->\n<title>Treatment of headaches and migraines - KFO Hannover<\/title>\n<meta name=\"description\" content=\"Treatment of headaches and migraines in Hanover - Relationship between disorders of the jaw organ and headaches &amp; migraines at Dres. W. &amp; J. Entrup &amp; Dr. T. Altvater. Get advice now.\" \/>\n<meta name=\"robots\" content=\"index, follow, max-snippet:-1, max-image-preview:large, max-video-preview:-1\" \/>\n<link rel=\"canonical\" href=\"https:\/\/www.dr-entrup.de\/en\/headache-migraine-treat-orthodontics-hanover\/\" \/>\n<meta property=\"og:locale\" content=\"en_US\" \/>\n<meta property=\"og:type\" content=\"article\" \/>\n<meta property=\"og:title\" content=\"Treatment of headaches and migraines - KFO Hannover\" \/>\n<meta property=\"og:description\" content=\"Treatment of headaches and migraines in Hanover - Relationship between disorders of the jaw organ and headaches &amp; migraines at Dres. W. &amp; J. Entrup &amp; Dr. T. Altvater. Get advice now.\" \/>\n<meta property=\"og:url\" content=\"https:\/\/www.dr-entrup.de\/en\/headache-migraine-treat-orthodontics-hanover\/\" \/>\n<meta property=\"og:site_name\" content=\"BALANCE Fachpraxis f\u00fcr umfassende Kieferorthop\u00e4die Hannover Dr. Entrup\" \/>\n<meta property=\"article:modified_time\" content=\"2024-06-11T09:46:02+00:00\" \/>\n<meta name=\"twitter:card\" content=\"summary_large_image\" \/>\n<script type=\"application\/ld+json\" class=\"yoast-schema-graph\">{\"@context\":\"https:\\\/\\\/schema.org\",\"@graph\":[{\"@type\":\"WebPage\",\"@id\":\"https:\\\/\\\/www.dr-entrup.de\\\/en\\\/headache-migraine-treat-orthodontics-hanover\\\/\",\"url\":\"https:\\\/\\\/www.dr-entrup.de\\\/en\\\/headache-migraine-treat-orthodontics-hanover\\\/\",\"name\":\"Treatment of headaches and migraines - KFO Hannover\",\"isPartOf\":{\"@id\":\"https:\\\/\\\/www.dr-entrup.de\\\/en\\\/#website\"},\"datePublished\":\"2023-10-25T16:14:53+00:00\",\"dateModified\":\"2024-06-11T09:46:02+00:00\",\"description\":\"Treatment of headaches and migraines in Hanover - Relationship between disorders of the jaw organ and headaches & migraines at Dres. W. & J. Entrup & Dr. T. Altvater. Get advice now.\",\"breadcrumb\":{\"@id\":\"https:\\\/\\\/www.dr-entrup.de\\\/en\\\/headache-migraine-treat-orthodontics-hanover\\\/#breadcrumb\"},\"inLanguage\":\"en-DE\",\"potentialAction\":[{\"@type\":\"ReadAction\",\"target\":[\"https:\\\/\\\/www.dr-entrup.de\\\/en\\\/headache-migraine-treat-orthodontics-hanover\\\/\"]}]},{\"@type\":\"BreadcrumbList\",\"@id\":\"https:\\\/\\\/www.dr-entrup.de\\\/en\\\/headache-migraine-treat-orthodontics-hanover\\\/#breadcrumb\",\"itemListElement\":[{\"@type\":\"ListItem\",\"position\":1,\"name\":\"Home\",\"item\":\"https:\\\/\\\/www.dr-entrup.de\\\/en\\\/\"},{\"@type\":\"ListItem\",\"position\":2,\"name\":\"Headache\"}]},{\"@type\":\"WebSite\",\"@id\":\"https:\\\/\\\/www.dr-entrup.de\\\/en\\\/#website\",\"url\":\"https:\\\/\\\/www.dr-entrup.de\\\/en\\\/\",\"name\":\"BALANCE Fachpraxis f\u00fcr umfassende Kieferorthop\u00e4die Hannover Dr. Entrup\",\"description\":\"BALANCE Fachpraxis f\u00fcr umfassende Kieferorthop\u00e4die Hannover Dr. Entrup\",\"publisher\":{\"@id\":\"https:\\\/\\\/www.dr-entrup.de\\\/en\\\/#organization\"},\"potentialAction\":[{\"@type\":\"SearchAction\",\"target\":{\"@type\":\"EntryPoint\",\"urlTemplate\":\"https:\\\/\\\/www.dr-entrup.de\\\/en\\\/?s={search_term_string}\"},\"query-input\":{\"@type\":\"PropertyValueSpecification\",\"valueRequired\":true,\"valueName\":\"search_term_string\"}}],\"inLanguage\":\"en-DE\"},{\"@type\":\"Organization\",\"@id\":\"https:\\\/\\\/www.dr-entrup.de\\\/en\\\/#organization\",\"name\":\"BALANCE Fachpraxis f\u00fcr umfassende Kieferorthop\u00e4die Hannover Dr. Entrup\",\"url\":\"https:\\\/\\\/www.dr-entrup.de\\\/en\\\/\",\"logo\":{\"@type\":\"ImageObject\",\"inLanguage\":\"en-DE\",\"@id\":\"https:\\\/\\\/www.dr-entrup.de\\\/en\\\/#\\\/schema\\\/logo\\\/image\\\/\",\"url\":\"https:\\\/\\\/www.dr-entrup.de\\\/wp-content\\\/uploads\\\/2023\\\/11\\\/logo-plus-subtext.png\",\"contentUrl\":\"https:\\\/\\\/www.dr-entrup.de\\\/wp-content\\\/uploads\\\/2023\\\/11\\\/logo-plus-subtext.png\",\"width\":302,\"height\":326,\"caption\":\"BALANCE Fachpraxis f\u00fcr umfassende Kieferorthop\u00e4die Hannover Dr. Entrup\"},\"image\":{\"@id\":\"https:\\\/\\\/www.dr-entrup.de\\\/en\\\/#\\\/schema\\\/logo\\\/image\\\/\"}}]}<\/script>\n<!-- \/ Yoast SEO plugin. -->","yoast_head_json":{"title":"Treatment of headaches and migraines - KFO Hannover","description":"Treatment of headaches and migraines in Hanover - Relationship between disorders of the jaw organ and headaches & migraines at Dres. W. & J. Entrup & Dr. T. Altvater. Get advice now.","robots":{"index":"index","follow":"follow","max-snippet":"max-snippet:-1","max-image-preview":"max-image-preview:large","max-video-preview":"max-video-preview:-1"},"canonical":"https:\/\/www.dr-entrup.de\/en\/headache-migraine-treat-orthodontics-hanover\/","og_locale":"en_US","og_type":"article","og_title":"Treatment of headaches and migraines - KFO Hannover","og_description":"Treatment of headaches and migraines in Hanover - Relationship between disorders of the jaw organ and headaches & migraines at Dres. W. & J. Entrup & Dr. T. Altvater. Get advice now.","og_url":"https:\/\/www.dr-entrup.de\/en\/headache-migraine-treat-orthodontics-hanover\/","og_site_name":"BALANCE Fachpraxis f\u00fcr umfassende Kieferorthop\u00e4die Hannover Dr. Entrup","article_modified_time":"2024-06-11T09:46:02+00:00","twitter_card":"summary_large_image","schema":{"@context":"https:\/\/schema.org","@graph":[{"@type":"WebPage","@id":"https:\/\/www.dr-entrup.de\/en\/headache-migraine-treat-orthodontics-hanover\/","url":"https:\/\/www.dr-entrup.de\/en\/headache-migraine-treat-orthodontics-hanover\/","name":"Treatment of headaches and migraines - KFO Hannover","isPartOf":{"@id":"https:\/\/www.dr-entrup.de\/en\/#website"},"datePublished":"2023-10-25T16:14:53+00:00","dateModified":"2024-06-11T09:46:02+00:00","description":"Treatment of headaches and migraines in Hanover - Relationship between disorders of the jaw organ and headaches & migraines at Dres. W. & J. Entrup & Dr. T. Altvater. Get advice now.","breadcrumb":{"@id":"https:\/\/www.dr-entrup.de\/en\/headache-migraine-treat-orthodontics-hanover\/#breadcrumb"},"inLanguage":"en-DE","potentialAction":[{"@type":"ReadAction","target":["https:\/\/www.dr-entrup.de\/en\/headache-migraine-treat-orthodontics-hanover\/"]}]},{"@type":"BreadcrumbList","@id":"https:\/\/www.dr-entrup.de\/en\/headache-migraine-treat-orthodontics-hanover\/#breadcrumb","itemListElement":[{"@type":"ListItem","position":1,"name":"Home","item":"https:\/\/www.dr-entrup.de\/en\/"},{"@type":"ListItem","position":2,"name":"Headache"}]},{"@type":"WebSite","@id":"https:\/\/www.dr-entrup.de\/en\/#website","url":"https:\/\/www.dr-entrup.de\/en\/","name":"BALANCE Fachpraxis f\u00fcr umfassende Kieferorthop\u00e4die Hannover Dr. Entrup","description":"BALANCE Fachpraxis f\u00fcr umfassende Kieferorthop\u00e4die Hannover Dr. Entrup","publisher":{"@id":"https:\/\/www.dr-entrup.de\/en\/#organization"},"potentialAction":[{"@type":"SearchAction","target":{"@type":"EntryPoint","urlTemplate":"https:\/\/www.dr-entrup.de\/en\/?s={search_term_string}"},"query-input":{"@type":"PropertyValueSpecification","valueRequired":true,"valueName":"search_term_string"}}],"inLanguage":"en-DE"},{"@type":"Organization","@id":"https:\/\/www.dr-entrup.de\/en\/#organization","name":"BALANCE Fachpraxis f\u00fcr umfassende Kieferorthop\u00e4die Hannover Dr. Entrup","url":"https:\/\/www.dr-entrup.de\/en\/","logo":{"@type":"ImageObject","inLanguage":"en-DE","@id":"https:\/\/www.dr-entrup.de\/en\/#\/schema\/logo\/image\/","url":"https:\/\/www.dr-entrup.de\/wp-content\/uploads\/2023\/11\/logo-plus-subtext.png","contentUrl":"https:\/\/www.dr-entrup.de\/wp-content\/uploads\/2023\/11\/logo-plus-subtext.png","width":302,"height":326,"caption":"BALANCE Fachpraxis f\u00fcr umfassende Kieferorthop\u00e4die Hannover Dr. Entrup"},"image":{"@id":"https:\/\/www.dr-entrup.de\/en\/#\/schema\/logo\/image\/"}}]}},"_links":{"self":[{"href":"https:\/\/www.dr-entrup.de\/en\/wp-json\/wp\/v2\/pages\/4876","targetHints":{"allow":["GET"]}}],"collection":[{"href":"https:\/\/www.dr-entrup.de\/en\/wp-json\/wp\/v2\/pages"}],"about":[{"href":"https:\/\/www.dr-entrup.de\/en\/wp-json\/wp\/v2\/types\/page"}],"author":[{"embeddable":true,"href":"https:\/\/www.dr-entrup.de\/en\/wp-json\/wp\/v2\/users\/1"}],"replies":[{"embeddable":true,"href":"https:\/\/www.dr-entrup.de\/en\/wp-json\/wp\/v2\/comments?post=4876"}],"version-history":[{"count":2,"href":"https:\/\/www.dr-entrup.de\/en\/wp-json\/wp\/v2\/pages\/4876\/revisions"}],"predecessor-version":[{"id":5373,"href":"https:\/\/www.dr-entrup.de\/en\/wp-json\/wp\/v2\/pages\/4876\/revisions\/5373"}],"wp:attachment":[{"href":"https:\/\/www.dr-entrup.de\/en\/wp-json\/wp\/v2\/media?parent=4876"}],"curies":[{"name":"wp","href":"https:\/\/api.w.org\/{rel}","templated":true}]}}