{"id":4875,"date":"2023-10-25T18:17:07","date_gmt":"2023-10-25T16:17:07","guid":{"rendered":"https:\/\/debug.dr-entrup.de\/dr-w-entrup\/"},"modified":"2024-08-28T17:17:07","modified_gmt":"2024-08-28T15:17:07","slug":"dr-w-entrup-orthodontist-hanover","status":"publish","type":"page","link":"https:\/\/www.dr-entrup.de\/en\/dr-w-entrup-orthodontist-hanover\/","title":{"rendered":"Dr. W. Entrup"},"content":{"rendered":"\n<section class = \"fdn-grid color-white-bg\">\n    <div class = \"p-top-mobile-50\"><\/div>\n\t<div class = \"grid-container full-with-margin-10 no-padding\">\n\n        <div class = \"grid-x\">\n\n            <div class=\"cell large-6 small-12\">\n                <div class = \"m-right-25 m-bottom-25 m-left-mob-0 m-right-mob-0 m-left-tab-0 m-right-tab-0\">\n                    <img class = \"image img-responsive-no-block\"\n                         src = \"https:\/\/www.dr-entrup.de\/wp-content\/uploads\/2024\/06\/Dr.-Wilhelm-Entrup-Fachzahnarzt-fur-Kieferorthopadie-Diplomate-German-Board-of-Orthodontics.jpeg\"\n                         alt=\"Alt text...\">\n                <\/div>\n\n\n                                   \n            <\/div>\n\n            <div class=\"cell large-6 small-12 \">\n                <div class = \"m-left-25 m-right-25 m-bottom-25 m-left-mob-0 m-right-mob-0 m-left-tab-0 m-right-tab-0\">\n                    <h2 class=\"heading heading--medium  m-bottom-10 color-bordeaux\">Dr. Wilhelm Entrup<\/h2>\n                    <span class=\"short-line-decoration  short-line-decoration--mini-width  color-primary-bg\"><\/span>\n                    <div class = \"paragraph paragraph--medium paragraph--primary m-top-40\">\n                        <h3>Specialist dentist for orthodontics &#8211; Diplomate German Board of Orthodontics<\/h3>\n<p>&nbsp;<br \/>\n&nbsp;  Georgstra\u00dfe 46 D 30159 Hannover Tel +49 (511) 364990 Fax + 49 (0511) 3649911 E-Mail:  <a href=\"mailto:balancede@aol.com\">balancede@aol.com<\/a><\/p>\n\n                        \n                                                  \n\n                    <\/div>\n                <\/div>\n            <\/div>\n\n\n        <\/div>\n\n    <\/div>\n        <div class = \"p-top-mobile-50\"><\/div>\n<\/section>\n\n<section class = \"fdn-grid color-extra-pink-bg\">\n\n        <div class = \"p-top-mobile-50\"><\/div>\n    <div class = \"grid-container full-with-margin-10 no-padding\">\n\n        <div class = \"grid-x\">\n\n            <div class=\"cell large-6 small-12 \">\n                <div class = \"m-right-25  m-bottom-25 m-left-mob-0 m-right-mob-0 m-left-tab-0 m-right-tab-0\">\n                    <h2 class=\"heading heading--medium  m-bottom-10 color-bordeaux\">Additional qualifications:  <\/h2>\n                    <span class=\"short-line-decoration  short-line-decoration--mini-width  color-primary-bg\"><\/span>\n                    <div class = \"paragraph--medium paragraph--primary m-top-40\">\n                        <ul>\n<li>Food Technology (Ing. grad.)<\/li>\n<li>Neuromuscular therapy according to St. John (physiotherapy)<\/li>\n<li>Applied Kinesiology (A-Diploma)<\/li>\n<li>Manual medicine for orthodontics (German Society for Manual Medicine)<\/li>\n<li>Certification in the Initiativkreis umfassende Kieferorthop\u00e4die (IUK) = Diplomate German Board of Orthodontics (GBO)<\/li>\n<li>Certification in the European Society of Lingual Orthodontics (ESLO) = Active Member<\/li>\n<li>3 stars in the independent list of doctors for orthodontics published by Focus magazine 2012 &#8211; 2024<\/li>\n<li>IMB private medical expert<\/li>\n<\/ul>\n\n\n                                                    \n\n                    <\/div>\n                <\/div>\n            <\/div>\n\n            <div class=\"cell large-6 small-12\">\n                <div class = \"m-left-25 m-bottom-25 m-left-mob-0 m-right-mob-0 m-left-tab-0 m-right-tab-0\">\n                   \t\t\t\t\t\n\t\t\t\t\t<img class = \"image img-responsive-no-block\"\n                         src = \"https:\/\/www.dr-entrup.de\/wp-content\/uploads\/2023\/12\/Zusatzqualifikationen-Dr.-W.-Entrup-Hannover-Fachpraxis-fur-umfassende-Kieferorthopadie.jpg\"\n                         alt=\"Alt text...\">\n\t\t\t\t\t\t \n\t\t\t\t\t\t\n                                   \n                <\/div>\n\n                \n            <\/div>\n\n        <\/div>\n\n    <\/div>\n        <div class = \"p-top-mobile-50\"><\/div>\n<\/section>\n\n<section class = \"fdn-grid color-white-bg\">\n    <div class = \"p-top-mobile-50\"><\/div>\n\t<div class = \"grid-container full-with-margin-10 no-padding\">\n\n        <div class = \"grid-x\">\n\n            <div class=\"cell large-6 small-12\">\n                <div class = \"m-right-25 m-bottom-25 m-left-mob-0 m-right-mob-0 m-left-tab-0 m-right-tab-0\">\n                    <img class = \"image img-responsive-no-block\"\n                         src = \"https:\/\/www.dr-entrup.de\/wp-content\/uploads\/2023\/12\/Kieferorthopade-Dr.-W.-Entrup-Hannover-Mitgliedschaften-1.png\"\n                         alt=\"Orthodontist Dr. W. Entrup Hanover - Memberships\">\n                <\/div>\n\n\n                                   \n            <\/div>\n\n            <div class=\"cell large-6 small-12 \">\n                <div class = \"m-left-25 m-right-25 m-bottom-25 m-left-mob-0 m-right-mob-0 m-left-tab-0 m-right-tab-0\">\n                    <h2 class=\"heading heading--medium  m-bottom-10 color-bordeaux\">Memberships<\/h2>\n                    <span class=\"short-line-decoration  short-line-decoration--mini-width  color-primary-bg\"><\/span>\n                    <div class = \"paragraph paragraph--medium paragraph--primary m-top-40\">\n                        <ul>\n<li>Active member &#8211; World Society of Lingual Orthodontics (WSLO) American Association of Orthodontics and Dentofacial Orthopedics (AAO)<\/li>\n<li>European Society of Lingual Orthodontics (ESLO)<\/li>\n<\/ul>\n<ul>\n<li>Cranio Group and Society for the Study of Craniomandibular Disorders, London<\/li>\n<li>German Medical Association for Applied Kinesiology (D\u00c4GAK)<\/li>\n<li>German Society for Orthodontics<\/li>\n<li>German Board of Orthodontics (GBO)<\/li>\n<li>Systematic Orthodontics Working Group (ASK)<\/li>\n<li><a class=\"ui-editor-link-external\" href=\"http:\/\/www.neurodontics.com\/\" target=\"_blank\" rel=\"noopener\">CEO Neurodontics Foundation<\/a><\/li>\n<\/ul>\n\n                        \n                                                  \n\n                    <\/div>\n                <\/div>\n            <\/div>\n\n\n        <\/div>\n\n    <\/div>\n        <div class = \"p-top-mobile-50\"><\/div>\n<\/section>\n\n<section class = \"fdn-grid color-extra-pink-bg\">\n\n        <div class = \"p-top-mobile-50\"><\/div>\n    <div class = \"grid-container full-with-margin-10 no-padding\">\n\n        <div class = \"grid-x\">\n\n            <div class=\"cell large-6 small-12 \">\n                <div class = \"m-right-25  m-bottom-25 m-left-mob-0 m-right-mob-0 m-left-tab-0 m-right-tab-0\">\n                    <h2 class=\"heading heading--medium  m-bottom-10 color-bordeaux\">Future lectures, workshops and courses:<\/h2>\n                    <span class=\"short-line-decoration  short-line-decoration--mini-width  color-primary-bg\"><\/span>\n                    <div class = \"paragraph--medium paragraph--primary m-top-40\">\n                        <ul>\n<li><span style=\"color: #333333;\">Individual practice observation courses (balance treatment concept) by personal appointment  <\/span><\/li>\n<li><a href=\"http:\/\/www.neurodontics.com\/wien-diagnose-und-behandlung-der-kraniomandibulaeren-dysfunktion-2016\"><span style=\"color: #333333;\">Diagnosis and treatment of craniomandibular dysfunction <\/span> 2-day hands-on course for dentists and orthodontists<\/a><\/li>\n<\/ul>\n\n\n                                                    \n\n                    <\/div>\n                <\/div>\n            <\/div>\n\n            <div class=\"cell large-6 small-12\">\n                <div class = \"m-left-25 m-bottom-25 m-left-mob-0 m-right-mob-0 m-left-tab-0 m-right-tab-0\">\n                   \t\t\t\t\t\n\t\t\t\t\t<img class = \"image img-responsive-no-block\"\n                         src = \"https:\/\/www.dr-entrup.de\/wp-content\/uploads\/2023\/12\/Kieferorthopade-Hannover-Dr.-W.-Entrup-Kunftige-Vortrage-Workshops-und-Kurse.jpg\"\n                         alt=\"Orthodontist Hanover Dr. W. Entrup - Future lectures, workshops and courses\">\n\t\t\t\t\t\t \n\t\t\t\t\t\t\n                                   \n                <\/div>\n\n                \n            <\/div>\n\n        <\/div>\n\n    <\/div>\n        <div class = \"p-top-mobile-50\"><\/div>\n<\/section>\n\n<section class = \"fdn-grid color-white-bg\">\n    <div class = \"p-top-mobile-50\"><\/div>\n\n    <div class = \"grid-container full-with-margin-10 no-padding\">\n        <div class = \"grid-x \">\n            <div class = \"cell small-12\">\n\n                <h2 class=\"heading heading--text-center heading--medium m-bottom-10 color-bordeaux\">Publications:<\/h2>\n                <span class=\"short-line-decoration short-line-decoration--mini-width short-line-decoration--centered color-primary-bg\"><\/span>\n                <div class = \"p-top-mobile-70\"><\/div>\n\n            <\/div>\n\n            <div class = 'cell small-12 large-6 m-bottom-50'><div class = 'grid-x grid-padding-x'><div class = 'cell large-4 medium-order-1'><img class='image img-responsive m-bottom-25' src ='https:\/\/www.dr-entrup.de\/wp-content\/uploads\/2023\/12\/Cranio-View-Winter-2011-12.jpg' ><\/div><div class = 'cell large-8 medium-order-2'><h3 class='heading heading--smaller heading--medium heading--secondary m-bottom-10 color-bordeaux'>Cranio-View Winter 2011-12<\/h3><span class='short-line-decoration short-line-decoration--mini-width color-primary-bg'><\/span><div class = 'paragraph m-top-25'><p>Habits, tics, bruxism, speech disorders and orofacial dyskinesia: An expression of necessary craniosacral and postural autoregulation in humans?<\/p>\n<\/div><a target='_blank' href='\/wp-content\/uploads\/2023\/12\/kieferorthopaedie-hannovergF2dNDPFktiFM5J9.pdf' class='button color-bordeaux-bg color-white button--medium button--full-width-mob'>Show article (1313 KB)<\/a><\/div><\/div><\/div><div class = 'cell small-12 large-6 m-bottom-50'><div class = 'grid-x grid-padding-x'><div class = 'cell large-4 medium-order-1'><img class='image img-responsive m-bottom-25' src ='https:\/\/www.dr-entrup.de\/wp-content\/uploads\/2023\/12\/Cranio-View-Summer-2012-.jpg' ><\/div><div class = 'cell large-8 medium-order-2'><h3 class='heading heading--smaller heading--medium heading--secondary m-bottom-10 color-bordeaux'>Cranio- View Summer 2012  <\/h3><span class='short-line-decoration short-line-decoration--mini-width color-primary-bg'><\/span><div class = 'paragraph m-top-25'><p>The Universal\/Digestive Jaw &#8211; An important solitary cranial fault related to an underrated dysfunction of the Cranio-Mandibular System<\/p>\n<\/div><a target='_blank' href='\/wp-content\/uploads\/2023\/12\/kieferorthopaedie-hannover62RHkmjz934wAuER1.pdf' class='button color-bordeaux-bg color-white button--medium button--full-width-mob'>Show article (304 KB)<\/a><\/div><\/div><\/div><div class = 'cell small-12 large-6 m-bottom-50'><div class = 'grid-x grid-padding-x'><div class = 'cell large-4 medium-order-1'><img class='image img-responsive m-bottom-25' src ='https:\/\/www.dr-entrup.de\/wp-content\/uploads\/2023\/12\/Journal-of-Professional-Applied-Kinesiology.jpg' ><\/div><div class = 'cell large-8 medium-order-2'><h3 class='heading heading--smaller heading--medium heading--secondary m-bottom-10 color-bordeaux'>Journal of Professional Applied Kinesiology<\/h3><span class='short-line-decoration short-line-decoration--mini-width color-primary-bg'><\/span><div class = 'paragraph m-top-25'><p>Are habits, tics, bruxism, speech defects and orofacial dyskinesia an expression of necessary craniosacral and postural autoregulation in humans? The Balance treatment concept.<\/p>\n<\/div><a target='_blank' href='\/wp-content\/uploads\/2023\/12\/team_AK_Sind_Habits.pdf' class='button color-bordeaux-bg color-white button--medium button--full-width-mob'>Show article (1591 KB)<\/a><\/div><\/div><\/div><div class = 'cell small-12 large-6 m-bottom-50'><div class = 'grid-x grid-padding-x'><div class = 'cell large-4 medium-order-1'><img class='image img-responsive m-bottom-25' src ='https:\/\/www.dr-entrup.de\/wp-content\/uploads\/2023\/12\/UniversalDigestive-jaw.jpg' ><\/div><div class = 'cell large-8 medium-order-2'><h3 class='heading heading--smaller heading--medium heading--secondary m-bottom-10 color-bordeaux'>Universal\/Digestive jaw<\/h3><span class='short-line-decoration short-line-decoration--mini-width color-primary-bg'><\/span><div class = 'paragraph m-top-25'><p>An important solitary dysfunction (fault) of the craniomandibular system (CMS) Manual Medicine Publisher: Springer-Verlag Heidelberg ISSN: 0025-2514 (Paper) 1433-0466 (Online)<\/p>\n<\/div><a target='_blank' href='\/wp-content\/uploads\/2023\/12\/team_Springer_UJ_Zsf.pdf' class='button color-bordeaux-bg color-white button--medium button--full-width-mob'>Show article (309 KB)<\/a><\/div><\/div><\/div><div class = 'cell small-12 large-6 m-bottom-50'><div class = 'grid-x grid-padding-x'><div class = 'cell large-4 medium-order-1'><img class='image img-responsive m-bottom-25' src ='https:\/\/www.dr-entrup.de\/wp-content\/uploads\/2023\/12\/Medical-Journal-for-Applied-Kinesiology-Kieferorthopaedie-Hannover.jpg' ><\/div><div class = 'cell large-8 medium-order-2'><h3 class='heading heading--smaller heading--medium heading--secondary m-bottom-10 color-bordeaux'>Medical Journal for Applied Kinesiology<\/h3><span class='short-line-decoration short-line-decoration--mini-width color-primary-bg'><\/span><div class = 'paragraph m-top-25'><p>22nd edition November 2004<\/p>\n<\/div><a target='_blank' href='\/wp-content\/uploads\/2023\/12\/team_UniJaw.pdf' class='button color-bordeaux-bg color-white button--medium button--full-width-mob'>Show article (940 KB)<\/a><\/div><\/div><\/div><div class = 'cell small-12 large-6 m-bottom-50'><div class = 'grid-x grid-padding-x'><div class = 'cell large-4 medium-order-1'><img class='image img-responsive m-bottom-25' src ='https:\/\/www.dr-entrup.de\/wp-content\/uploads\/2023\/12\/Funktionsstorung-des-Mund-und-Kieferorgans-Kieferorthopaedie-Hannover.jpg' ><\/div><div class = 'cell large-8 medium-order-2'><h3 class='heading heading--smaller heading--medium heading--secondary m-bottom-10 color-bordeaux'>Dysfunction of the oral and maxillofacial organs<\/h3><span class='short-line-decoration short-line-decoration--mini-width color-primary-bg'><\/span><div class = 'paragraph m-top-25'><p>Parents for uncontaminated food e.V. EfuN-Info Issue 11\/2002<\/p>\n<\/div><a target='_blank' href='\/wp-content\/uploads\/2023\/12\/team_efun.pdf' class='button color-bordeaux-bg color-white button--medium button--full-width-mob'>Show article (778 KB)<\/a><\/div><\/div><\/div><div class = 'cell small-12 large-6 m-bottom-50'><div class = 'grid-x grid-padding-x'><div class = 'cell large-4 medium-order-1'><img class='image img-responsive m-bottom-25' src ='https:\/\/www.dr-entrup.de\/wp-content\/uploads\/2023\/12\/Das-Balance-Behandlungskonzept-Kieferorthopaede-Dr.-W.-Entrup-Kieferorthpaedie-Hannover.jpg' ><\/div><div class = 'cell large-8 medium-order-2'><h3 class='heading heading--smaller heading--medium heading--secondary m-bottom-10 color-bordeaux'>The Balance treatment concept  <\/h3><span class='short-line-decoration short-line-decoration--mini-width color-primary-bg'><\/span><div class = 'paragraph m-top-25'><p>Osteopathic Medicine Issue 03\/2008<\/p>\n<\/div><a target='_blank' href='\/wp-content\/uploads\/2023\/12\/team_ostheopat.pdf' class='button color-bordeaux-bg color-white button--medium button--full-width-mob'>Show article (1027 KB)<\/a><\/div><\/div><\/div><div class = 'cell small-12 large-6 m-bottom-50'><div class = 'grid-x grid-padding-x'><div class = 'cell large-4 medium-order-1'><img class='image img-responsive m-bottom-25' src ='https:\/\/www.dr-entrup.de\/wp-content\/uploads\/2023\/12\/Das-Balance-Behandlungskonzept-Komplementare-Integrative-Medizin-KIM-Ausgabe-062008-Dr.-W.-Entrup-Kieferorthopaedie-Hannover.jpg' ><\/div><div class = 'cell large-8 medium-order-2'><h3 class='heading heading--smaller heading--medium heading--secondary m-bottom-10 color-bordeaux'>The Balance treatment concept  <\/h3><span class='short-line-decoration short-line-decoration--mini-width color-primary-bg'><\/span><div class = 'paragraph m-top-25'><p>Complementary Integrative Medicine (KIM) Issue 06\/2008<\/p>\n<\/div><a target='_blank' href='\/wp-content\/uploads\/2023\/12\/buch_neu_4.pdf' class='button color-bordeaux-bg color-white button--medium button--full-width-mob'>Show article (644 KB)<\/a><\/div><\/div><\/div>\n\n    <\/div>\n    <\/div>\n\n\n    <div class = \"p-top-mobile-50\"><\/div>\n<\/section>\n<script>var SHOW_LOGO = false;<\/script>\n","protected":false},"excerpt":{"rendered":"","protected":false},"author":1,"featured_media":0,"parent":0,"menu_order":0,"comment_status":"closed","ping_status":"closed","template":"","meta":{"footnotes":""},"class_list":["post-4875","page","type-page","status-publish"],"acf":[],"yoast_head":"<!-- This site is optimized with the Yoast SEO plugin v27.5 - https:\/\/yoast.com\/product\/yoast-seo-wordpress\/ -->\n<title>Dr. W. Entrup - Specialist practice for comprehensive orthodontics Hanover<\/title>\n<meta name=\"description\" content=\"Dr. Wilhelm Entrup - Specialist dentist for orthodontics - Diplomate German Board of Orthodontics. Specialist practice for comprehensive orthodontics Hanover.\" \/>\n<meta name=\"robots\" content=\"index, follow, max-snippet:-1, max-image-preview:large, max-video-preview:-1\" \/>\n<link rel=\"canonical\" href=\"https:\/\/www.dr-entrup.de\/en\/dr-w-entrup-orthodontist-hanover\/\" \/>\n<meta property=\"og:locale\" content=\"en_US\" \/>\n<meta property=\"og:type\" content=\"article\" \/>\n<meta property=\"og:title\" content=\"Dr. W. Entrup - Specialist practice for comprehensive orthodontics Hanover\" \/>\n<meta property=\"og:description\" content=\"Dr. Wilhelm Entrup - Specialist dentist for orthodontics - Diplomate German Board of Orthodontics. Specialist practice for comprehensive orthodontics Hanover.\" \/>\n<meta property=\"og:url\" content=\"https:\/\/www.dr-entrup.de\/en\/dr-w-entrup-orthodontist-hanover\/\" \/>\n<meta property=\"og:site_name\" content=\"BALANCE Fachpraxis f\u00fcr umfassende Kieferorthop\u00e4die Hannover Dr. Entrup\" \/>\n<meta property=\"article:modified_time\" content=\"2024-08-28T15:17:07+00:00\" \/>\n<meta name=\"twitter:card\" content=\"summary_large_image\" \/>\n<script type=\"application\/ld+json\" class=\"yoast-schema-graph\">{\"@context\":\"https:\\\/\\\/schema.org\",\"@graph\":[{\"@type\":\"WebPage\",\"@id\":\"https:\\\/\\\/www.dr-entrup.de\\\/en\\\/dr-w-entrup-orthodontist-hanover\\\/\",\"url\":\"https:\\\/\\\/www.dr-entrup.de\\\/en\\\/dr-w-entrup-orthodontist-hanover\\\/\",\"name\":\"Dr. W. Entrup - Specialist practice for comprehensive orthodontics Hanover\",\"isPartOf\":{\"@id\":\"https:\\\/\\\/www.dr-entrup.de\\\/en\\\/#website\"},\"datePublished\":\"2023-10-25T16:17:07+00:00\",\"dateModified\":\"2024-08-28T15:17:07+00:00\",\"description\":\"Dr. Wilhelm Entrup - Specialist dentist for orthodontics - Diplomate German Board of Orthodontics. Specialist practice for comprehensive orthodontics Hanover.\",\"breadcrumb\":{\"@id\":\"https:\\\/\\\/www.dr-entrup.de\\\/en\\\/dr-w-entrup-orthodontist-hanover\\\/#breadcrumb\"},\"inLanguage\":\"en-DE\",\"potentialAction\":[{\"@type\":\"ReadAction\",\"target\":[\"https:\\\/\\\/www.dr-entrup.de\\\/en\\\/dr-w-entrup-orthodontist-hanover\\\/\"]}]},{\"@type\":\"BreadcrumbList\",\"@id\":\"https:\\\/\\\/www.dr-entrup.de\\\/en\\\/dr-w-entrup-orthodontist-hanover\\\/#breadcrumb\",\"itemListElement\":[{\"@type\":\"ListItem\",\"position\":1,\"name\":\"Home\",\"item\":\"https:\\\/\\\/www.dr-entrup.de\\\/en\\\/\"},{\"@type\":\"ListItem\",\"position\":2,\"name\":\"Dr. W. Entrup\"}]},{\"@type\":\"WebSite\",\"@id\":\"https:\\\/\\\/www.dr-entrup.de\\\/en\\\/#website\",\"url\":\"https:\\\/\\\/www.dr-entrup.de\\\/en\\\/\",\"name\":\"BALANCE Fachpraxis f\u00fcr umfassende Kieferorthop\u00e4die Hannover Dr. Entrup\",\"description\":\"BALANCE Fachpraxis f\u00fcr umfassende Kieferorthop\u00e4die Hannover Dr. Entrup\",\"publisher\":{\"@id\":\"https:\\\/\\\/www.dr-entrup.de\\\/en\\\/#organization\"},\"potentialAction\":[{\"@type\":\"SearchAction\",\"target\":{\"@type\":\"EntryPoint\",\"urlTemplate\":\"https:\\\/\\\/www.dr-entrup.de\\\/en\\\/?s={search_term_string}\"},\"query-input\":{\"@type\":\"PropertyValueSpecification\",\"valueRequired\":true,\"valueName\":\"search_term_string\"}}],\"inLanguage\":\"en-DE\"},{\"@type\":\"Organization\",\"@id\":\"https:\\\/\\\/www.dr-entrup.de\\\/en\\\/#organization\",\"name\":\"BALANCE Fachpraxis f\u00fcr umfassende Kieferorthop\u00e4die Hannover Dr. Entrup\",\"url\":\"https:\\\/\\\/www.dr-entrup.de\\\/en\\\/\",\"logo\":{\"@type\":\"ImageObject\",\"inLanguage\":\"en-DE\",\"@id\":\"https:\\\/\\\/www.dr-entrup.de\\\/en\\\/#\\\/schema\\\/logo\\\/image\\\/\",\"url\":\"https:\\\/\\\/www.dr-entrup.de\\\/wp-content\\\/uploads\\\/2023\\\/11\\\/logo-plus-subtext.png\",\"contentUrl\":\"https:\\\/\\\/www.dr-entrup.de\\\/wp-content\\\/uploads\\\/2023\\\/11\\\/logo-plus-subtext.png\",\"width\":302,\"height\":326,\"caption\":\"BALANCE Fachpraxis f\u00fcr umfassende Kieferorthop\u00e4die Hannover Dr. Entrup\"},\"image\":{\"@id\":\"https:\\\/\\\/www.dr-entrup.de\\\/en\\\/#\\\/schema\\\/logo\\\/image\\\/\"}}]}<\/script>\n<!-- \/ Yoast SEO plugin. -->","yoast_head_json":{"title":"Dr. W. Entrup - Specialist practice for comprehensive orthodontics Hanover","description":"Dr. Wilhelm Entrup - Specialist dentist for orthodontics - Diplomate German Board of Orthodontics. Specialist practice for comprehensive orthodontics Hanover.","robots":{"index":"index","follow":"follow","max-snippet":"max-snippet:-1","max-image-preview":"max-image-preview:large","max-video-preview":"max-video-preview:-1"},"canonical":"https:\/\/www.dr-entrup.de\/en\/dr-w-entrup-orthodontist-hanover\/","og_locale":"en_US","og_type":"article","og_title":"Dr. W. Entrup - Specialist practice for comprehensive orthodontics Hanover","og_description":"Dr. Wilhelm Entrup - Specialist dentist for orthodontics - Diplomate German Board of Orthodontics. Specialist practice for comprehensive orthodontics Hanover.","og_url":"https:\/\/www.dr-entrup.de\/en\/dr-w-entrup-orthodontist-hanover\/","og_site_name":"BALANCE Fachpraxis f\u00fcr umfassende Kieferorthop\u00e4die Hannover Dr. Entrup","article_modified_time":"2024-08-28T15:17:07+00:00","twitter_card":"summary_large_image","schema":{"@context":"https:\/\/schema.org","@graph":[{"@type":"WebPage","@id":"https:\/\/www.dr-entrup.de\/en\/dr-w-entrup-orthodontist-hanover\/","url":"https:\/\/www.dr-entrup.de\/en\/dr-w-entrup-orthodontist-hanover\/","name":"Dr. W. Entrup - Specialist practice for comprehensive orthodontics Hanover","isPartOf":{"@id":"https:\/\/www.dr-entrup.de\/en\/#website"},"datePublished":"2023-10-25T16:17:07+00:00","dateModified":"2024-08-28T15:17:07+00:00","description":"Dr. Wilhelm Entrup - Specialist dentist for orthodontics - Diplomate German Board of Orthodontics. Specialist practice for comprehensive orthodontics Hanover.","breadcrumb":{"@id":"https:\/\/www.dr-entrup.de\/en\/dr-w-entrup-orthodontist-hanover\/#breadcrumb"},"inLanguage":"en-DE","potentialAction":[{"@type":"ReadAction","target":["https:\/\/www.dr-entrup.de\/en\/dr-w-entrup-orthodontist-hanover\/"]}]},{"@type":"BreadcrumbList","@id":"https:\/\/www.dr-entrup.de\/en\/dr-w-entrup-orthodontist-hanover\/#breadcrumb","itemListElement":[{"@type":"ListItem","position":1,"name":"Home","item":"https:\/\/www.dr-entrup.de\/en\/"},{"@type":"ListItem","position":2,"name":"Dr. W. Entrup"}]},{"@type":"WebSite","@id":"https:\/\/www.dr-entrup.de\/en\/#website","url":"https:\/\/www.dr-entrup.de\/en\/","name":"BALANCE Fachpraxis f\u00fcr umfassende Kieferorthop\u00e4die Hannover Dr. Entrup","description":"BALANCE Fachpraxis f\u00fcr umfassende Kieferorthop\u00e4die Hannover Dr. Entrup","publisher":{"@id":"https:\/\/www.dr-entrup.de\/en\/#organization"},"potentialAction":[{"@type":"SearchAction","target":{"@type":"EntryPoint","urlTemplate":"https:\/\/www.dr-entrup.de\/en\/?s={search_term_string}"},"query-input":{"@type":"PropertyValueSpecification","valueRequired":true,"valueName":"search_term_string"}}],"inLanguage":"en-DE"},{"@type":"Organization","@id":"https:\/\/www.dr-entrup.de\/en\/#organization","name":"BALANCE Fachpraxis f\u00fcr umfassende Kieferorthop\u00e4die Hannover Dr. Entrup","url":"https:\/\/www.dr-entrup.de\/en\/","logo":{"@type":"ImageObject","inLanguage":"en-DE","@id":"https:\/\/www.dr-entrup.de\/en\/#\/schema\/logo\/image\/","url":"https:\/\/www.dr-entrup.de\/wp-content\/uploads\/2023\/11\/logo-plus-subtext.png","contentUrl":"https:\/\/www.dr-entrup.de\/wp-content\/uploads\/2023\/11\/logo-plus-subtext.png","width":302,"height":326,"caption":"BALANCE Fachpraxis f\u00fcr umfassende Kieferorthop\u00e4die Hannover Dr. Entrup"},"image":{"@id":"https:\/\/www.dr-entrup.de\/en\/#\/schema\/logo\/image\/"}}]}},"_links":{"self":[{"href":"https:\/\/www.dr-entrup.de\/en\/wp-json\/wp\/v2\/pages\/4875","targetHints":{"allow":["GET"]}}],"collection":[{"href":"https:\/\/www.dr-entrup.de\/en\/wp-json\/wp\/v2\/pages"}],"about":[{"href":"https:\/\/www.dr-entrup.de\/en\/wp-json\/wp\/v2\/types\/page"}],"author":[{"embeddable":true,"href":"https:\/\/www.dr-entrup.de\/en\/wp-json\/wp\/v2\/users\/1"}],"replies":[{"embeddable":true,"href":"https:\/\/www.dr-entrup.de\/en\/wp-json\/wp\/v2\/comments?post=4875"}],"version-history":[{"count":3,"href":"https:\/\/www.dr-entrup.de\/en\/wp-json\/wp\/v2\/pages\/4875\/revisions"}],"predecessor-version":[{"id":6628,"href":"https:\/\/www.dr-entrup.de\/en\/wp-json\/wp\/v2\/pages\/4875\/revisions\/6628"}],"wp:attachment":[{"href":"https:\/\/www.dr-entrup.de\/en\/wp-json\/wp\/v2\/media?parent=4875"}],"curies":[{"name":"wp","href":"https:\/\/api.w.org\/{rel}","templated":true}]}}