{"id":4874,"date":"2023-10-25T18:12:49","date_gmt":"2023-10-25T16:12:49","guid":{"rendered":"https:\/\/debug.dr-entrup.de\/orthodontics-adults\/"},"modified":"2024-08-28T17:18:54","modified_gmt":"2024-08-28T15:18:54","slug":"orthodontics-adults-hannover-orthodontic-treatment","status":"publish","type":"page","link":"https:\/\/www.dr-entrup.de\/en\/orthodontics-adults-hannover-orthodontic-treatment\/","title":{"rendered":"Orthodontics adults"},"content":{"rendered":"\n<section class = \"fdn-grid\">\n\t<div class = \"grid-container no-padding\">\n\t\t<div class = \"grid-x\">\n\t\t\t<div class=\"cell large-12 small-12 \">\n\t\t\t\t<div class =\"hero hero--background-gray text-center\">\n\t\t\t\t\t<img loading=\"lazy\" decoding=\"async\" width=\"1800\" height=\"852\" src=\"https:\/\/www.dr-entrup.de\/wp-content\/uploads\/2024\/05\/Kieferorthopadie-fur-Erwachsene-in-Hannover-Gerade-Zahne-\u2013-es-ist-nie-zu-spat.png\" class=\"image img-responsive-no-block\" alt=\"Kieferorthopa\u0308die fu\u0308r Erwachsene in Hannover Gerade Za\u0308hne \u2013 es ist nie zu spa\u0308t!\" srcset=\"https:\/\/www.dr-entrup.de\/wp-content\/uploads\/2024\/05\/Kieferorthopadie-fur-Erwachsene-in-Hannover-Gerade-Zahne-\u2013-es-ist-nie-zu-spat.png 1800w, https:\/\/www.dr-entrup.de\/wp-content\/uploads\/2024\/05\/Kieferorthopadie-fur-Erwachsene-in-Hannover-Gerade-Zahne-\u2013-es-ist-nie-zu-spat-300x142.png 300w, https:\/\/www.dr-entrup.de\/wp-content\/uploads\/2024\/05\/Kieferorthopadie-fur-Erwachsene-in-Hannover-Gerade-Zahne-\u2013-es-ist-nie-zu-spat-1024x485.png 1024w, https:\/\/www.dr-entrup.de\/wp-content\/uploads\/2024\/05\/Kieferorthopadie-fur-Erwachsene-in-Hannover-Gerade-Zahne-\u2013-es-ist-nie-zu-spat-768x364.png 768w, https:\/\/www.dr-entrup.de\/wp-content\/uploads\/2024\/05\/Kieferorthopadie-fur-Erwachsene-in-Hannover-Gerade-Zahne-\u2013-es-ist-nie-zu-spat-1536x727.png 1536w\" sizes=\"auto, (max-width: 1800px) 100vw, 1800px\" \/>\t\t\t\t<\/div>\n\t\t\t<\/div>\n\t\t<\/div>\n\t<\/div>\n<\/section>\n\n<section class = \"fdn-grid\">\n    <div class = \"p-top-mobile-50\"><\/div>\n    <div class = \"grid-container full-with-margin-10 no-padding\">\n        <div class = \"grid-x\">\n            <div class = \"cell small-12\">\n\n\n\n                <h1 class=\"heading heading--primary m-bottom-40\">Orthodontics for adults in Hanover<\/h1>\n                <h2 class=\"heading heading--secondary m-bottom-10\">Straight teeth &#8211; it&#8217;s never too late!<\/h2>\n                <span class=\"short-line-decoration short-line-decoration--mini-width color-bordeaux-bg\"><\/span>\n\n                <div class=\"m-top-40 paragraph\">\n\n                    <p>Orthodontics refers to the field of dentistry that deals with the detection, treatment and prevention of misaligned jaws and teeth. The orthodontist&#8217;s field of work includes jaw and tooth straightening with orthodontic appliances such as braces to correct anomalies of the teeth and jaw. In our <strong>orthodontic practice in Hanover<\/strong>, we offer <strong>state-of-the-art orthodontic treatments<\/strong>.<\/p>\n\n                <\/div>\n                            <\/div>\n        <\/div>\n    <\/div>\n     <div class = \"p-top-mobile-50\"><\/div>\n<\/section>\n\n<section class = \"fdn-grid color-extra-pink-bg\">\n    <div class = \"p-top-mobile-50\"><\/div>\n\t<div class = \"grid-container full-with-margin-10 no-padding\">\n\n        <div class = \"grid-x\">\n\n            <div class=\"cell large-6 small-12\">\n                <div class = \"m-right-25 m-bottom-25 m-left-mob-0 m-right-mob-0 m-left-tab-0 m-right-tab-0\">\n                    <img class = \"image img-responsive-no-block\"\n                         src = \"https:\/\/www.dr-entrup.de\/wp-content\/uploads\/2024\/05\/Wann-ist-eine-KFO-Behandlung-bei-Erwachsenen-sinnvoll-Kieferorthopaedie-Hannover-Dr.-Entrup-und-Dr.-Altvater.jpg\"\n                         alt=\"When does orthodontic treatment make sense for adults? Orthodontics Hanover Dr. Entrup\">\n                <\/div>\n\n\n                                   \n            <\/div>\n\n            <div class=\"cell large-6 small-12 \">\n                <div class = \"m-left-25 m-right-25 m-bottom-25 m-left-mob-0 m-right-mob-0 m-left-tab-0 m-right-tab-0\">\n                    <h2 class=\"heading heading--medium  m-bottom-10 color-bordeaux\">When does orthodontic treatment make sense for adults?<\/h2>\n                    <span class=\"short-line-decoration  short-line-decoration--mini-width  color-primary-bg\"><\/span>\n                    <div class = \"paragraph paragraph--medium paragraph--primary m-top-40\">\n                        <p>Even in adult patients, orthodontic therapy can be used in many cases, whether for functional or esthetic reasons. Various conditions can be successfully treated with the help of orthodontics, including \u2713 Correcting misaligned teeth \u2713 Closing gaps between teeth \u2713 Straightening misaligned teeth \u2713 Correcting clenching \u2713 Correcting speech impairments \u2713 Alleviating jaw joint problems<\/p>\n\n                        \n                                                  \n\n                    <\/div>\n                <\/div>\n            <\/div>\n\n\n        <\/div>\n\n    <\/div>\n        <div class = \"p-top-mobile-50\"><\/div>\n<\/section>\n\n\n<section class = \"fdn-grid color-white-bg\">\n        <div class = \"p-top-mobile-50\"><\/div>\n\n    <div class = \"grid-container full-with-margin-10 no-padding\">\n\n        <div class = \"grid-x\">\n\n            <div class = \"cell small-12\">\n\n           \n  <h2 class='heading heading--medium  m-bottom-10 color-bordeaux'>What factors influence the orthodontic treatment of adults?<\/h2><span class='short-line-decoration  short-line-decoration--mini-width color-primary-bg'><\/span><div class = 'paragraph--medium paragraph--primary m-top-40'><p>Jaw growth in women ends on average between the ages of 14 and 18, while in men it can often continue until the age of 25. The main difference in orthodontic treatment compared to younger patients lies in the stronger hardening of the jawbone and age-related limited tissue reactions. Adult patients also suffer more frequently from oral diseases such as gingivitis and periodontitis. Another factor that can make treatment more difficult is missing, loose or damaged teeth. The orthodontist must take all of these factors into account when treating adults. It often makes more sense to pay attention to functional and aesthetic aspects than to a textbook bite alignment. <strong>Nevertheless, orthodontic measures are possible at almost any age<\/strong>, as these are essentially only malocclusions that we can easily correct without surgery until old age. Even late deterioration of tooth positions can be corrected invisibly in most cases today: our oldest patient in Hanover was 76 years old, i.e. there is no upper age limit.<\/p>\n<\/div>\t\t\t\t\n\t\t\t\t\n\t\t\t\t\n                            <\/div>\n        <\/div>\n    <\/div>\n        <div class = \"p-top-mobile-50\"><\/div>\n<\/section>\n<section class = \"fdn-grid color-extra-pink-bg\">\n\n        <div class = \"p-top-mobile-50\"><\/div>\n    <div class = \"grid-container full-with-margin-10 no-padding\">\n\n        <div class = \"grid-x\">\n            <div class=\"cell large-6 small-12\">\n                <div class = \"m-right-25  m-bottom-25 m-left-mob-0 m-right-mob-0 m-left-tab-0 m-right-tab-0\">\n  \n  <h2 class='heading heading--medium  m-bottom-10 color-bordeaux'>Pronounced malpositions<\/h2><span class='short-line-decoration  short-line-decoration--mini-width color-primary-bg'><\/span><div class = 'paragraph--medium paragraph--primary m-top-40'><p>In some cases, if there are major deviations in the bone growth that has taken place, e.g. with regard to a prebite, backbite or excessive length growth of the face, oral surgery is very helpful. The aesthetic and functional improvements of such treatments are impressive. Many patients experience a significant increase in their own self-esteem and thus in their social acceptance and career opportunities, especially after such extensive treatments.<\/p>\n<\/div>                                            <\/div>\n                <\/div>\n\n\n\n\n\n\n            <div class=\"cell large-6 small-12 \">\n                <div class = \"m-left-25 m-bottom-25 m-left-mob-0 m-right-mob-0 m-left-tab-0 m-right-tab-0\">\n\n                    <div class=\"videoWrapper\">\n                        <!-- Copy & Pasted from YouTube -->\n\t\t\t\t\t\t<p><iframe loading=\"lazy\" width=\"893\" height=\"650\" src=\"https:\/\/www.youtube.com\/embed\/DLOJKOQESYE\" title=\"Narrow stand treatment\" frameborder=\"0\" allow=\"accelerometer; autoplay; clipboard-write; encrypted-media; gyroscope; picture-in-picture; web-share\" allowfullscreen=\"\"><\/iframe><\/p>\n\n                    <\/div>\n\n                    <\/div>\n                <\/div>\n\n\n\n\n        <\/div>\n\n    <\/div>\n        <div class = \"p-top-mobile-50\"><\/div>\n<\/section>\n\n<section class = \"fdn-grid color-white-bg\">\n\n        <div class = \"p-top-mobile-50\"><\/div>\n    <div class = \"grid-container full-with-margin-10 no-padding\">\n\n        <div class = \"grid-x\">\n            <div class=\"cell large-6 small-12\">\n                <div class = \"m-right-25  m-bottom-25 m-left-mob-0 m-right-mob-0 m-left-tab-0 m-right-tab-0\">\n  \n  <h2 class='heading heading--medium  m-bottom-10 color-bordeaux'>Tooth extraction<\/h2><span class='short-line-decoration  short-line-decoration--mini-width color-primary-bg'><\/span><div class = 'paragraph--medium paragraph--primary m-top-40'><p>Our principle of not removing any permanent teeth applies to the treatment of adults as well. This important goal can be achieved in many cases through the use of special treatment measures. In particular, the principles of the Balance treatment concept for the treatment of adults are of decisive importance for the safety of the treatment measures with regard to general health.<\/p>\n<\/div>                                            <\/div>\n                <\/div>\n\n\n\n\n\n\n            <div class=\"cell large-6 small-12 \">\n                <div class = \"m-left-25 m-bottom-25 m-left-mob-0 m-right-mob-0 m-left-tab-0 m-right-tab-0\">\n\n                    <div class=\"videoWrapper\">\n                        <!-- Copy & Pasted from YouTube -->\n\t\t\t\t\t\t<p><iframe loading=\"lazy\" width=\"1091\" height=\"601\" src=\"https:\/\/www.youtube.com\/embed\/N6VAR7GCOP4\" title=\"Treatment of a bottleneck in fast motion\" frameborder=\"0\" allow=\"accelerometer; autoplay; clipboard-write; encrypted-media; gyroscope; picture-in-picture; web-share\" allowfullscreen=\"\"><\/iframe><\/p>\n\n                    <\/div>\n\n                    <\/div>\n                <\/div>\n\n\n\n\n        <\/div>\n\n    <\/div>\n        <div class = \"p-top-mobile-50\"><\/div>\n<\/section>\n\n\n<section class = \"fdn-grid color-light-pink-bg\">\n    <div class = \"p-top-mobile-50\"><\/div>\n\n\n    <div class = \"grid-container full-with-margin-10 no-padding\">\n\n        <div class = \"grid-x grid-padding-x\">\n\n            <div class = \"cell small-12 text-center\">\n                <h2 class = \"heading  m-bottom-10 heading--text-center heading--medium color-bordeaux\">Arrange a consultation appointment<\/h2>\n                <h3 class = \"heading heading--regular m-bottom-10 heading--text-center color-primary\">Orthodontic treatments for adults<\/h3>\n                <span class = \"short-line-decoration short-line-decoration--centered color-primary-bg\"><\/span>\n\n                <div class=\"paragraph m-top-40 m-bottom-25\">\n                    <p>Are you thinking about orthodontic treatment as an adult? Do you still have questions about fixed braces for adults? Contact us and make an appointment at our specialist practice for comprehensive orthodontics in Hanover.<\/p>\n                <\/div>\n\n                                <a target = \"_self\" href=\"tel:+49511364990\" class=\"button color-bordeaux-bg color-white button--medium\">Call now &amp; get advice<\/a>\n                \n            <\/div>\n        <\/div>\n    <\/div>\n\n    <div class = \"p-top-mobile-50\"><\/div>\n\n<\/section>\n\n\n<section class = \"fdn-grid color-white-bg\">\n\n        <div class = \"p-top-mobile-50\"><\/div>\n    <div class = \"grid-container full-with-margin-10 no-padding\">\n\n        <div class = \"grid-x\">\n\n            <div class=\"cell large-6 small-12 \">\n                <div class = \"m-right-25 m-left-mob-0 m-right-mob-0 m-left-tab-0 m-right-tab-0\">\n\n                    <h2 class='heading heading--medium  m-bottom-10 color-bordeaux'>Treatment time for orthodontic treatment in adults<\/h2><span class='short-line-decoration  short-line-decoration--mini-width color-primary-bg'><\/span><div class = 'paragraph--medium paragraph--primary m-top-40'><p>The treatment period ranges from 6 months to 30 months. In some cases, after orthodontic<a class=\"ui-editor-link-external\" href=\"https:\/\/www.dr-entrup.de\/\">treatment<\/a>, it is still necessary for your family dentist to restore the fillings and dental prosthetics or dental implants.<\/p>\n<\/div><h2 class='heading heading--medium  m-bottom-10 color-bordeaux'>Opportunities and risks<\/h2><span class='short-line-decoration  short-line-decoration--mini-width color-primary-bg'><\/span><div class = 'paragraph--medium paragraph--primary m-top-40'><p>Smoking and other drug use are the main contraindications for the use of fixed appliances. A good diet is particularly important during the treatment period to ensure that all the necessary nutrients are available in sufficient quantities for the remodeling of the jaw and the correction of the tooth position. This is why nutritional advice is an important part of treatment in some cases.<\/p>\n<\/div>\n\n                    <\/div>\n                <\/div>\n\n\n            <div class=\"cell large-6 small-12\">\n                <div class = \"m-left-25 m-bottom-25 m-left-mob-0 m-right-mob-0 m-left-tab-0 m-right-tab-0\">\n                    <img class = \"image img-responsive-no-block\"\n                         src = \"https:\/\/www.dr-entrup.de\/wp-content\/uploads\/2023\/11\/KFO-Behandlung-Erwachsene-Hannover-bei-Dr.-Entrup-Chancen-und-Risiken.jpg\"\n                         alt=\"Orthodontic treatment for adults in Hanover with Dr. Entrup - opportunities and risks\">\n\t\t\t\t\t\n\t\t\t\t\t<div class = \"m-top-50 m-bottom-25 text-center\">\n\n                                    <\/div>\n                <\/div>\n\n                \n            <\/div>\n\n        <\/div>\n\n    <\/div>\n        <div class = \"p-top-mobile-50\"><\/div>\n<\/section>\n\n<section class = \"fdn-grid color-extra-pink-bg\">\n    <div class = \"p-top-mobile-50\"><\/div>\n\t<div class = \"grid-container full-with-margin-10 no-padding\">\n\n        <div class = \"grid-x\">\n\n            <div class=\"cell large-6 small-12\">\n                <div class = \"m-right-25 m-bottom-25 m-left-mob-0 m-right-mob-0 m-left-tab-0 m-right-tab-0\">\n                    <img class = \"image img-responsive-no-block\"\n                         src = \"https:\/\/www.dr-entrup.de\/wp-content\/uploads\/2023\/11\/Kostenubernahme-bei-KFO-Behandlungen-Kieferorthopadie-Hannover-Dr.-Entrup.png\"\n                         alt=\"Cost coverage for orthodontic treatments - Kieferorthop\u00e4die Hannover Dr. Entrup\">\n                <\/div>\n\n\n                                   \n            <\/div>\n\n            <div class=\"cell large-6 small-12 \">\n                <div class = \"m-left-25 m-right-25 m-bottom-25 m-left-mob-0 m-right-mob-0 m-left-tab-0 m-right-tab-0\">\n                    <h2 class=\"heading heading--medium  m-bottom-10 color-bordeaux\">Cost coverage for orthodontic treatments<\/h2>\n                    <span class=\"short-line-decoration  short-line-decoration--mini-width  color-primary-bg\"><\/span>\n                    <div class = \"paragraph paragraph--medium paragraph--primary m-top-40\">\n                        <p>For adult patients, in contrast to many treatments in children and adolescents, the costs of orthodontic treatment are usually not covered by statutory health insurance, although orthodontic treatment can be tax-deductible as an extraordinary expense. In the case of private health insurance, the findings and tariff determine whether orthodontic measures are covered. The higher the tariff classification, the more extensive the reimbursement of costs &#8211; the rates are usually 60 to 85 percent.<\/p>\n\n                        \n                                                  \n\n                    <\/div>\n                <\/div>\n            <\/div>\n\n\n        <\/div>\n\n    <\/div>\n        <div class = \"p-top-mobile-50\"><\/div>\n<\/section>\n","protected":false},"excerpt":{"rendered":"","protected":false},"author":1,"featured_media":0,"parent":0,"menu_order":0,"comment_status":"closed","ping_status":"closed","template":"","meta":{"footnotes":""},"class_list":["post-4874","page","type-page","status-publish"],"acf":[],"yoast_head":"<!-- This site is optimized with the Yoast SEO plugin v27.5 - https:\/\/yoast.com\/product\/yoast-seo-wordpress\/ -->\n<title>Orthodontics for adults in Hanover - Dr. Entrup &amp; Kollegen<\/title>\n<meta name=\"description\" content=\"Orthodontics Hanover for adults - it&#039;s never too late for straight teeth! Individual &amp; holistic treatment concepts with invisible braces from Invisalign, the lingual technique or fixed braces. Specialist practice for comprehensive orthodontics Dres. W. &amp; J. Entrup &amp; Dr. T. Altvater\" \/>\n<meta name=\"robots\" content=\"index, follow, max-snippet:-1, max-image-preview:large, max-video-preview:-1\" \/>\n<link rel=\"canonical\" href=\"https:\/\/www.dr-entrup.de\/en\/orthodontics-adults-hannover-orthodontic-treatment\/\" \/>\n<meta property=\"og:locale\" content=\"en_US\" \/>\n<meta property=\"og:type\" content=\"article\" \/>\n<meta property=\"og:title\" content=\"Orthodontics for adults in Hanover - Dr. Entrup &amp; Kollegen\" \/>\n<meta property=\"og:description\" content=\"Orthodontics Hanover for adults - it&#039;s never too late for straight teeth! Individual &amp; holistic treatment concepts with invisible braces from Invisalign, the lingual technique or fixed braces. Specialist practice for comprehensive orthodontics Dres. W. &amp; J. Entrup &amp; Dr. T. Altvater\" \/>\n<meta property=\"og:url\" content=\"https:\/\/www.dr-entrup.de\/en\/orthodontics-adults-hannover-orthodontic-treatment\/\" \/>\n<meta property=\"og:site_name\" content=\"BALANCE Fachpraxis f\u00fcr umfassende Kieferorthop\u00e4die Hannover Dr. Entrup\" \/>\n<meta property=\"article:modified_time\" content=\"2024-08-28T15:18:54+00:00\" \/>\n<meta name=\"twitter:card\" content=\"summary_large_image\" \/>\n<script type=\"application\/ld+json\" class=\"yoast-schema-graph\">{\"@context\":\"https:\\\/\\\/schema.org\",\"@graph\":[{\"@type\":\"WebPage\",\"@id\":\"https:\\\/\\\/www.dr-entrup.de\\\/en\\\/orthodontics-adults-hannover-orthodontic-treatment\\\/\",\"url\":\"https:\\\/\\\/www.dr-entrup.de\\\/en\\\/orthodontics-adults-hannover-orthodontic-treatment\\\/\",\"name\":\"Orthodontics for adults in Hanover - Dr. Entrup & Kollegen\",\"isPartOf\":{\"@id\":\"https:\\\/\\\/www.dr-entrup.de\\\/en\\\/#website\"},\"datePublished\":\"2023-10-25T16:12:49+00:00\",\"dateModified\":\"2024-08-28T15:18:54+00:00\",\"description\":\"Orthodontics Hanover for adults - it's never too late for straight teeth! Individual & holistic treatment concepts with invisible braces from Invisalign, the lingual technique or fixed braces. Specialist practice for comprehensive orthodontics Dres. W. & J. Entrup & Dr. T. Altvater\",\"breadcrumb\":{\"@id\":\"https:\\\/\\\/www.dr-entrup.de\\\/en\\\/orthodontics-adults-hannover-orthodontic-treatment\\\/#breadcrumb\"},\"inLanguage\":\"en-DE\",\"potentialAction\":[{\"@type\":\"ReadAction\",\"target\":[\"https:\\\/\\\/www.dr-entrup.de\\\/en\\\/orthodontics-adults-hannover-orthodontic-treatment\\\/\"]}]},{\"@type\":\"BreadcrumbList\",\"@id\":\"https:\\\/\\\/www.dr-entrup.de\\\/en\\\/orthodontics-adults-hannover-orthodontic-treatment\\\/#breadcrumb\",\"itemListElement\":[{\"@type\":\"ListItem\",\"position\":1,\"name\":\"Home\",\"item\":\"https:\\\/\\\/www.dr-entrup.de\\\/en\\\/\"},{\"@type\":\"ListItem\",\"position\":2,\"name\":\"Orthodontics adults\"}]},{\"@type\":\"WebSite\",\"@id\":\"https:\\\/\\\/www.dr-entrup.de\\\/en\\\/#website\",\"url\":\"https:\\\/\\\/www.dr-entrup.de\\\/en\\\/\",\"name\":\"BALANCE Fachpraxis f\u00fcr umfassende Kieferorthop\u00e4die Hannover Dr. Entrup\",\"description\":\"BALANCE Fachpraxis f\u00fcr umfassende Kieferorthop\u00e4die Hannover Dr. Entrup\",\"publisher\":{\"@id\":\"https:\\\/\\\/www.dr-entrup.de\\\/en\\\/#organization\"},\"potentialAction\":[{\"@type\":\"SearchAction\",\"target\":{\"@type\":\"EntryPoint\",\"urlTemplate\":\"https:\\\/\\\/www.dr-entrup.de\\\/en\\\/?s={search_term_string}\"},\"query-input\":{\"@type\":\"PropertyValueSpecification\",\"valueRequired\":true,\"valueName\":\"search_term_string\"}}],\"inLanguage\":\"en-DE\"},{\"@type\":\"Organization\",\"@id\":\"https:\\\/\\\/www.dr-entrup.de\\\/en\\\/#organization\",\"name\":\"BALANCE Fachpraxis f\u00fcr umfassende Kieferorthop\u00e4die Hannover Dr. Entrup\",\"url\":\"https:\\\/\\\/www.dr-entrup.de\\\/en\\\/\",\"logo\":{\"@type\":\"ImageObject\",\"inLanguage\":\"en-DE\",\"@id\":\"https:\\\/\\\/www.dr-entrup.de\\\/en\\\/#\\\/schema\\\/logo\\\/image\\\/\",\"url\":\"https:\\\/\\\/www.dr-entrup.de\\\/wp-content\\\/uploads\\\/2023\\\/11\\\/logo-plus-subtext.png\",\"contentUrl\":\"https:\\\/\\\/www.dr-entrup.de\\\/wp-content\\\/uploads\\\/2023\\\/11\\\/logo-plus-subtext.png\",\"width\":302,\"height\":326,\"caption\":\"BALANCE Fachpraxis f\u00fcr umfassende Kieferorthop\u00e4die Hannover Dr. Entrup\"},\"image\":{\"@id\":\"https:\\\/\\\/www.dr-entrup.de\\\/en\\\/#\\\/schema\\\/logo\\\/image\\\/\"}}]}<\/script>\n<!-- \/ Yoast SEO plugin. -->","yoast_head_json":{"title":"Orthodontics for adults in Hanover - Dr. Entrup & Kollegen","description":"Orthodontics Hanover for adults - it's never too late for straight teeth! Individual & holistic treatment concepts with invisible braces from Invisalign, the lingual technique or fixed braces. Specialist practice for comprehensive orthodontics Dres. W. & J. Entrup & Dr. T. Altvater","robots":{"index":"index","follow":"follow","max-snippet":"max-snippet:-1","max-image-preview":"max-image-preview:large","max-video-preview":"max-video-preview:-1"},"canonical":"https:\/\/www.dr-entrup.de\/en\/orthodontics-adults-hannover-orthodontic-treatment\/","og_locale":"en_US","og_type":"article","og_title":"Orthodontics for adults in Hanover - Dr. Entrup & Kollegen","og_description":"Orthodontics Hanover for adults - it's never too late for straight teeth! Individual & holistic treatment concepts with invisible braces from Invisalign, the lingual technique or fixed braces. Specialist practice for comprehensive orthodontics Dres. W. & J. Entrup & Dr. T. Altvater","og_url":"https:\/\/www.dr-entrup.de\/en\/orthodontics-adults-hannover-orthodontic-treatment\/","og_site_name":"BALANCE Fachpraxis f\u00fcr umfassende Kieferorthop\u00e4die Hannover Dr. Entrup","article_modified_time":"2024-08-28T15:18:54+00:00","twitter_card":"summary_large_image","schema":{"@context":"https:\/\/schema.org","@graph":[{"@type":"WebPage","@id":"https:\/\/www.dr-entrup.de\/en\/orthodontics-adults-hannover-orthodontic-treatment\/","url":"https:\/\/www.dr-entrup.de\/en\/orthodontics-adults-hannover-orthodontic-treatment\/","name":"Orthodontics for adults in Hanover - Dr. Entrup & Kollegen","isPartOf":{"@id":"https:\/\/www.dr-entrup.de\/en\/#website"},"datePublished":"2023-10-25T16:12:49+00:00","dateModified":"2024-08-28T15:18:54+00:00","description":"Orthodontics Hanover for adults - it's never too late for straight teeth! Individual & holistic treatment concepts with invisible braces from Invisalign, the lingual technique or fixed braces. Specialist practice for comprehensive orthodontics Dres. W. & J. Entrup & Dr. T. Altvater","breadcrumb":{"@id":"https:\/\/www.dr-entrup.de\/en\/orthodontics-adults-hannover-orthodontic-treatment\/#breadcrumb"},"inLanguage":"en-DE","potentialAction":[{"@type":"ReadAction","target":["https:\/\/www.dr-entrup.de\/en\/orthodontics-adults-hannover-orthodontic-treatment\/"]}]},{"@type":"BreadcrumbList","@id":"https:\/\/www.dr-entrup.de\/en\/orthodontics-adults-hannover-orthodontic-treatment\/#breadcrumb","itemListElement":[{"@type":"ListItem","position":1,"name":"Home","item":"https:\/\/www.dr-entrup.de\/en\/"},{"@type":"ListItem","position":2,"name":"Orthodontics adults"}]},{"@type":"WebSite","@id":"https:\/\/www.dr-entrup.de\/en\/#website","url":"https:\/\/www.dr-entrup.de\/en\/","name":"BALANCE Fachpraxis f\u00fcr umfassende Kieferorthop\u00e4die Hannover Dr. Entrup","description":"BALANCE Fachpraxis f\u00fcr umfassende Kieferorthop\u00e4die Hannover Dr. Entrup","publisher":{"@id":"https:\/\/www.dr-entrup.de\/en\/#organization"},"potentialAction":[{"@type":"SearchAction","target":{"@type":"EntryPoint","urlTemplate":"https:\/\/www.dr-entrup.de\/en\/?s={search_term_string}"},"query-input":{"@type":"PropertyValueSpecification","valueRequired":true,"valueName":"search_term_string"}}],"inLanguage":"en-DE"},{"@type":"Organization","@id":"https:\/\/www.dr-entrup.de\/en\/#organization","name":"BALANCE Fachpraxis f\u00fcr umfassende Kieferorthop\u00e4die Hannover Dr. Entrup","url":"https:\/\/www.dr-entrup.de\/en\/","logo":{"@type":"ImageObject","inLanguage":"en-DE","@id":"https:\/\/www.dr-entrup.de\/en\/#\/schema\/logo\/image\/","url":"https:\/\/www.dr-entrup.de\/wp-content\/uploads\/2023\/11\/logo-plus-subtext.png","contentUrl":"https:\/\/www.dr-entrup.de\/wp-content\/uploads\/2023\/11\/logo-plus-subtext.png","width":302,"height":326,"caption":"BALANCE Fachpraxis f\u00fcr umfassende Kieferorthop\u00e4die Hannover Dr. Entrup"},"image":{"@id":"https:\/\/www.dr-entrup.de\/en\/#\/schema\/logo\/image\/"}}]}},"_links":{"self":[{"href":"https:\/\/www.dr-entrup.de\/en\/wp-json\/wp\/v2\/pages\/4874","targetHints":{"allow":["GET"]}}],"collection":[{"href":"https:\/\/www.dr-entrup.de\/en\/wp-json\/wp\/v2\/pages"}],"about":[{"href":"https:\/\/www.dr-entrup.de\/en\/wp-json\/wp\/v2\/types\/page"}],"author":[{"embeddable":true,"href":"https:\/\/www.dr-entrup.de\/en\/wp-json\/wp\/v2\/users\/1"}],"replies":[{"embeddable":true,"href":"https:\/\/www.dr-entrup.de\/en\/wp-json\/wp\/v2\/comments?post=4874"}],"version-history":[{"count":4,"href":"https:\/\/www.dr-entrup.de\/en\/wp-json\/wp\/v2\/pages\/4874\/revisions"}],"predecessor-version":[{"id":6731,"href":"https:\/\/www.dr-entrup.de\/en\/wp-json\/wp\/v2\/pages\/4874\/revisions\/6731"}],"wp:attachment":[{"href":"https:\/\/www.dr-entrup.de\/en\/wp-json\/wp\/v2\/media?parent=4874"}],"curies":[{"name":"wp","href":"https:\/\/api.w.org\/{rel}","templated":true}]}}