{"id":4869,"date":"2023-10-25T18:13:05","date_gmt":"2023-10-25T16:13:05","guid":{"rendered":"https:\/\/debug.dr-entrup.de\/aesthetic-orthodontics\/"},"modified":"2024-08-28T17:18:52","modified_gmt":"2024-08-28T15:18:52","slug":"aesthetic-orthodontics-hannover","status":"publish","type":"page","link":"https:\/\/www.dr-entrup.de\/en\/aesthetic-orthodontics-hannover\/","title":{"rendered":"Aesthetic orthodontics"},"content":{"rendered":"\n<section class = \"fdn-grid\">\n\t<div class = \"grid-container no-padding\">\n\t\t<div class = \"grid-x\">\n\t\t\t<div class=\"cell large-12 small-12 \">\n\t\t\t\t<div class =\"hero hero--background-gray text-center\">\n\t\t\t\t\t<img loading=\"lazy\" decoding=\"async\" width=\"1800\" height=\"812\" src=\"https:\/\/www.dr-entrup.de\/wp-content\/uploads\/2024\/05\/Asthetische-Kieferorthopadie-Hannover-Asthetische-Zahnspangen-bzw.-Behandlungsapparaturen-fur-Ihr-schonstes-Lacheln-1.jpg\" class=\"image img-responsive-no-block\" alt=\"A\u0308sthetische Kieferorthopa\u0308die Hannover A\u0308sthetische Zahnspangen bzw. Behandlungsapparaturen fu\u0308r Ihr scho\u0308nstes La\u0308cheln\" srcset=\"https:\/\/www.dr-entrup.de\/wp-content\/uploads\/2024\/05\/Asthetische-Kieferorthopadie-Hannover-Asthetische-Zahnspangen-bzw.-Behandlungsapparaturen-fur-Ihr-schonstes-Lacheln-1.jpg 1800w, https:\/\/www.dr-entrup.de\/wp-content\/uploads\/2024\/05\/Asthetische-Kieferorthopadie-Hannover-Asthetische-Zahnspangen-bzw.-Behandlungsapparaturen-fur-Ihr-schonstes-Lacheln-1-300x135.jpg 300w, https:\/\/www.dr-entrup.de\/wp-content\/uploads\/2024\/05\/Asthetische-Kieferorthopadie-Hannover-Asthetische-Zahnspangen-bzw.-Behandlungsapparaturen-fur-Ihr-schonstes-Lacheln-1-1024x462.jpg 1024w, https:\/\/www.dr-entrup.de\/wp-content\/uploads\/2024\/05\/Asthetische-Kieferorthopadie-Hannover-Asthetische-Zahnspangen-bzw.-Behandlungsapparaturen-fur-Ihr-schonstes-Lacheln-1-768x346.jpg 768w, https:\/\/www.dr-entrup.de\/wp-content\/uploads\/2024\/05\/Asthetische-Kieferorthopadie-Hannover-Asthetische-Zahnspangen-bzw.-Behandlungsapparaturen-fur-Ihr-schonstes-Lacheln-1-1536x693.jpg 1536w\" sizes=\"auto, (max-width: 1800px) 100vw, 1800px\" \/>\t\t\t\t<\/div>\n\t\t\t<\/div>\n\t\t<\/div>\n\t<\/div>\n<\/section>\n\n<section class = \"fdn-grid\">\n    <div class = \"p-top-mobile-50\"><\/div>\n    <div class = \"grid-container full-with-margin-10 no-padding\">\n        <div class = \"grid-x\">\n            <div class = \"cell small-12\">\n\n\n\n                <h1 class=\"heading heading--primary m-bottom-40\">Aesthetic orthodontics Hanover<\/h1>\n                <h2 class=\"heading heading--secondary m-bottom-10\">Aesthetic braces and treatment appliances for your most beautiful smile<\/h2>\n                <span class=\"short-line-decoration short-line-decoration--mini-width color-bordeaux-bg\"><\/span>\n\n                <div class=\"m-top-40 paragraph\">\n\n                    <p>The face is our most important organ of contact and communication. A radiant smile is the first and most important source of sympathy. Beautiful, straight teeth and a harmonious facial expression increase attractiveness. There are statistics that say that every layperson notices even the smallest misalignment of teeth unconsciously! This means that everyone can assess the arrangement of the upper front teeth. A harmonious, attractive face is reflected in health and joie de vivre.<\/p>\n\n                <\/div>\n                                <a href='tel:+49511364990' class='button color-bordeaux-bg color-white button--medium' target='_self'> Call now &amp; get advice <\/a>                            <\/div>\n        <\/div>\n    <\/div>\n     <div class = \"p-top-mobile-50\"><\/div>\n<\/section>\n\n<section class = \"fdn-grid color-extra-pink-bg\">\n\n        <div class = \"p-top-mobile-50\"><\/div>\n    <div class = \"grid-container full-with-margin-10 no-padding\">\n\n        <div class = \"grid-x\">\n            <div class=\"cell large-6 small-12\">\n                <div class = \"m-right-25  m-bottom-25 m-left-mob-0 m-right-mob-0 m-left-tab-0 m-right-tab-0\">\n  \n  <h2 class='heading heading--medium  m-bottom-10 color-bordeaux'>Aesthetic orthodontics Hanover &#8211; inconspicuous and effective<\/h2><span class='short-line-decoration  short-line-decoration--mini-width color-primary-bg'><\/span><div class = 'paragraph--medium paragraph--primary m-top-40'><p>By improving your aesthetic facial expression in the overall position of your teeth, lips and facial profile, your appearance and self-esteem will improve &#8211; this new positive charisma will be clearly noticeable in your private and professional life! Today, we are able to treat patients of all ages and, if desired, use aesthetic treatment appliances that are inconspicuous or even invisible without compromising the quality of the treatment result.<\/p>\n<\/div>                                            <\/div>\n                <\/div>\n\n\n\n\n\n\n            <div class=\"cell large-6 small-12 \">\n                <div class = \"m-left-25 m-bottom-25 m-left-mob-0 m-right-mob-0 m-left-tab-0 m-right-tab-0\">\n\n                    <div class=\"videoWrapper\">\n                        <!-- Copy & Pasted from YouTube -->\n\t\t\t\t\t\t<p><iframe loading=\"lazy\" width=\"950\" height=\"534\" src=\"https:\/\/www.youtube.com\/embed\/Yap2SWabgIc\" title=\"Fixed and removable - visible and invisible braces in orthodontics\" frameborder=\"0\" allow=\"accelerometer; autoplay; clipboard-write; encrypted-media; gyroscope; picture-in-picture; web-share\" allowfullscreen=\"\"><\/iframe><\/p>\n\n                    <\/div>\n\n                    <\/div>\n                <\/div>\n\n\n\n\n        <\/div>\n\n    <\/div>\n        <div class = \"p-top-mobile-50\"><\/div>\n<\/section>\n\n<section class = \"fdn-grid color-white-bg\">\n\n        <div class = \"p-top-mobile-50\"><\/div>\n    <div class = \"grid-container full-with-margin-10 no-padding\">\n\n        <div class = \"grid-x\">\n            <div class=\"cell large-6 small-12\">\n                <div class = \"m-right-25  m-bottom-25 m-left-mob-0 m-right-mob-0 m-left-tab-0 m-right-tab-0\">\n  \n  <h2 class='heading heading--medium  m-bottom-10 color-bordeaux'>What you can expect from us<\/h2><span class='short-line-decoration  short-line-decoration--mini-width color-primary-bg'><\/span><div class = 'paragraph--medium paragraph--primary m-top-40'><ul>\n<li>Comprehensive advice<\/li>\n<li>Anxiety-free treatment<\/li>\n<li>State-of-the-art technology<\/li>\n<li>Holistic approach<\/li>\n<li>Perfect result<\/li>\n<\/ul>\n<p>&nbsp;  Our experts for aesthetic orthodontics in Hanover would like to offer you an individual and comprehensive initial consultation. You are welcome to contact us at any time.<\/p>\n<\/div>                                            <\/div>\n                <\/div>\n\n\n\n\n\n\n            <div class=\"cell large-6 small-12 \">\n                <div class = \"m-left-25 m-bottom-25 m-left-mob-0 m-right-mob-0 m-left-tab-0 m-right-tab-0\">\n\n                    <div class=\"videoWrapper\">\n                        <!-- Copy & Pasted from YouTube -->\n\t\t\t\t\t\t<p><iframe loading=\"lazy\" title=\"Lingual technique Dr. Entrup\" src=\"https:\/\/www.youtube.com\/embed\/_Cic62mmyyI\" width=\"950\" height=\"534\" frameborder=\"0\" allowfullscreen=\"allowfullscreen\"><\/iframe><\/p>\n\n                    <\/div>\n\n                    <\/div>\n                <\/div>\n\n\n\n\n        <\/div>\n\n    <\/div>\n        <div class = \"p-top-mobile-50\"><\/div>\n<\/section>\n","protected":false},"excerpt":{"rendered":"","protected":false},"author":1,"featured_media":0,"parent":0,"menu_order":0,"comment_status":"closed","ping_status":"closed","template":"","meta":{"footnotes":""},"class_list":["post-4869","page","type-page","status-publish"],"acf":[],"yoast_head":"<!-- This site is optimized with the Yoast SEO plugin v26.6 - https:\/\/yoast.com\/wordpress\/plugins\/seo\/ -->\n<title>Aesthetic orthodontics Hanover, inconspicuous tooth correction<\/title>\n<meta name=\"description\" content=\"Aesthetic orthodontics Hanover: Aesthetic braces or treatment appliances for your most beautiful smile. BALANCE - Your experts for comprehensive orthodontics Hanover.\" \/>\n<meta name=\"robots\" content=\"index, follow, max-snippet:-1, max-image-preview:large, max-video-preview:-1\" \/>\n<link rel=\"canonical\" href=\"https:\/\/www.dr-entrup.de\/en\/aesthetic-orthodontics-hannover\/\" \/>\n<meta property=\"og:locale\" content=\"en_US\" \/>\n<meta property=\"og:type\" content=\"article\" \/>\n<meta property=\"og:title\" content=\"Aesthetic orthodontics Hanover, inconspicuous tooth correction\" \/>\n<meta property=\"og:description\" content=\"Aesthetic orthodontics Hanover: Aesthetic braces or treatment appliances for your most beautiful smile. BALANCE - Your experts for comprehensive orthodontics Hanover.\" \/>\n<meta property=\"og:url\" content=\"https:\/\/www.dr-entrup.de\/en\/aesthetic-orthodontics-hannover\/\" \/>\n<meta property=\"og:site_name\" content=\"BALANCE Fachpraxis f\u00fcr umfassende Kieferorthop\u00e4die Hannover Dr. Entrup\" \/>\n<meta property=\"article:modified_time\" content=\"2024-08-28T15:18:52+00:00\" \/>\n<meta name=\"twitter:card\" content=\"summary_large_image\" \/>\n<script type=\"application\/ld+json\" class=\"yoast-schema-graph\">{\"@context\":\"https:\/\/schema.org\",\"@graph\":[{\"@type\":\"WebPage\",\"@id\":\"https:\/\/www.dr-entrup.de\/en\/aesthetic-orthodontics-hannover\/\",\"url\":\"https:\/\/www.dr-entrup.de\/en\/aesthetic-orthodontics-hannover\/\",\"name\":\"Aesthetic orthodontics Hanover, inconspicuous tooth correction\",\"isPartOf\":{\"@id\":\"https:\/\/www.dr-entrup.de\/en\/#website\"},\"datePublished\":\"2023-10-25T16:13:05+00:00\",\"dateModified\":\"2024-08-28T15:18:52+00:00\",\"description\":\"Aesthetic orthodontics Hanover: Aesthetic braces or treatment appliances for your most beautiful smile. BALANCE - Your experts for comprehensive orthodontics Hanover.\",\"breadcrumb\":{\"@id\":\"https:\/\/www.dr-entrup.de\/en\/aesthetic-orthodontics-hannover\/#breadcrumb\"},\"inLanguage\":\"en-DE\",\"potentialAction\":[{\"@type\":\"ReadAction\",\"target\":[\"https:\/\/www.dr-entrup.de\/en\/aesthetic-orthodontics-hannover\/\"]}]},{\"@type\":\"BreadcrumbList\",\"@id\":\"https:\/\/www.dr-entrup.de\/en\/aesthetic-orthodontics-hannover\/#breadcrumb\",\"itemListElement\":[{\"@type\":\"ListItem\",\"position\":1,\"name\":\"Home\",\"item\":\"https:\/\/www.dr-entrup.de\/en\/\"},{\"@type\":\"ListItem\",\"position\":2,\"name\":\"Aesthetic orthodontics\"}]},{\"@type\":\"WebSite\",\"@id\":\"https:\/\/www.dr-entrup.de\/en\/#website\",\"url\":\"https:\/\/www.dr-entrup.de\/en\/\",\"name\":\"BALANCE Fachpraxis f\u00fcr umfassende Kieferorthop\u00e4die Hannover Dr. Entrup\",\"description\":\"BALANCE Fachpraxis f\u00fcr umfassende Kieferorthop\u00e4die Hannover Dr. Entrup\",\"publisher\":{\"@id\":\"https:\/\/www.dr-entrup.de\/en\/#organization\"},\"potentialAction\":[{\"@type\":\"SearchAction\",\"target\":{\"@type\":\"EntryPoint\",\"urlTemplate\":\"https:\/\/www.dr-entrup.de\/en\/?s={search_term_string}\"},\"query-input\":{\"@type\":\"PropertyValueSpecification\",\"valueRequired\":true,\"valueName\":\"search_term_string\"}}],\"inLanguage\":\"en-DE\"},{\"@type\":\"Organization\",\"@id\":\"https:\/\/www.dr-entrup.de\/en\/#organization\",\"name\":\"BALANCE Fachpraxis f\u00fcr umfassende Kieferorthop\u00e4die Hannover Dr. Entrup\",\"url\":\"https:\/\/www.dr-entrup.de\/en\/\",\"logo\":{\"@type\":\"ImageObject\",\"inLanguage\":\"en-DE\",\"@id\":\"https:\/\/www.dr-entrup.de\/en\/#\/schema\/logo\/image\/\",\"url\":\"https:\/\/www.dr-entrup.de\/wp-content\/uploads\/2023\/11\/logo-plus-subtext.png\",\"contentUrl\":\"https:\/\/www.dr-entrup.de\/wp-content\/uploads\/2023\/11\/logo-plus-subtext.png\",\"width\":302,\"height\":326,\"caption\":\"BALANCE Fachpraxis f\u00fcr umfassende Kieferorthop\u00e4die Hannover Dr. Entrup\"},\"image\":{\"@id\":\"https:\/\/www.dr-entrup.de\/en\/#\/schema\/logo\/image\/\"}}]}<\/script>\n<!-- \/ Yoast SEO plugin. -->","yoast_head_json":{"title":"Aesthetic orthodontics Hanover, inconspicuous tooth correction","description":"Aesthetic orthodontics Hanover: Aesthetic braces or treatment appliances for your most beautiful smile. BALANCE - Your experts for comprehensive orthodontics Hanover.","robots":{"index":"index","follow":"follow","max-snippet":"max-snippet:-1","max-image-preview":"max-image-preview:large","max-video-preview":"max-video-preview:-1"},"canonical":"https:\/\/www.dr-entrup.de\/en\/aesthetic-orthodontics-hannover\/","og_locale":"en_US","og_type":"article","og_title":"Aesthetic orthodontics Hanover, inconspicuous tooth correction","og_description":"Aesthetic orthodontics Hanover: Aesthetic braces or treatment appliances for your most beautiful smile. BALANCE - Your experts for comprehensive orthodontics Hanover.","og_url":"https:\/\/www.dr-entrup.de\/en\/aesthetic-orthodontics-hannover\/","og_site_name":"BALANCE Fachpraxis f\u00fcr umfassende Kieferorthop\u00e4die Hannover Dr. Entrup","article_modified_time":"2024-08-28T15:18:52+00:00","twitter_card":"summary_large_image","schema":{"@context":"https:\/\/schema.org","@graph":[{"@type":"WebPage","@id":"https:\/\/www.dr-entrup.de\/en\/aesthetic-orthodontics-hannover\/","url":"https:\/\/www.dr-entrup.de\/en\/aesthetic-orthodontics-hannover\/","name":"Aesthetic orthodontics Hanover, inconspicuous tooth correction","isPartOf":{"@id":"https:\/\/www.dr-entrup.de\/en\/#website"},"datePublished":"2023-10-25T16:13:05+00:00","dateModified":"2024-08-28T15:18:52+00:00","description":"Aesthetic orthodontics Hanover: Aesthetic braces or treatment appliances for your most beautiful smile. BALANCE - Your experts for comprehensive orthodontics Hanover.","breadcrumb":{"@id":"https:\/\/www.dr-entrup.de\/en\/aesthetic-orthodontics-hannover\/#breadcrumb"},"inLanguage":"en-DE","potentialAction":[{"@type":"ReadAction","target":["https:\/\/www.dr-entrup.de\/en\/aesthetic-orthodontics-hannover\/"]}]},{"@type":"BreadcrumbList","@id":"https:\/\/www.dr-entrup.de\/en\/aesthetic-orthodontics-hannover\/#breadcrumb","itemListElement":[{"@type":"ListItem","position":1,"name":"Home","item":"https:\/\/www.dr-entrup.de\/en\/"},{"@type":"ListItem","position":2,"name":"Aesthetic orthodontics"}]},{"@type":"WebSite","@id":"https:\/\/www.dr-entrup.de\/en\/#website","url":"https:\/\/www.dr-entrup.de\/en\/","name":"BALANCE Fachpraxis f\u00fcr umfassende Kieferorthop\u00e4die Hannover Dr. Entrup","description":"BALANCE Fachpraxis f\u00fcr umfassende Kieferorthop\u00e4die Hannover Dr. Entrup","publisher":{"@id":"https:\/\/www.dr-entrup.de\/en\/#organization"},"potentialAction":[{"@type":"SearchAction","target":{"@type":"EntryPoint","urlTemplate":"https:\/\/www.dr-entrup.de\/en\/?s={search_term_string}"},"query-input":{"@type":"PropertyValueSpecification","valueRequired":true,"valueName":"search_term_string"}}],"inLanguage":"en-DE"},{"@type":"Organization","@id":"https:\/\/www.dr-entrup.de\/en\/#organization","name":"BALANCE Fachpraxis f\u00fcr umfassende Kieferorthop\u00e4die Hannover Dr. Entrup","url":"https:\/\/www.dr-entrup.de\/en\/","logo":{"@type":"ImageObject","inLanguage":"en-DE","@id":"https:\/\/www.dr-entrup.de\/en\/#\/schema\/logo\/image\/","url":"https:\/\/www.dr-entrup.de\/wp-content\/uploads\/2023\/11\/logo-plus-subtext.png","contentUrl":"https:\/\/www.dr-entrup.de\/wp-content\/uploads\/2023\/11\/logo-plus-subtext.png","width":302,"height":326,"caption":"BALANCE Fachpraxis f\u00fcr umfassende Kieferorthop\u00e4die Hannover Dr. Entrup"},"image":{"@id":"https:\/\/www.dr-entrup.de\/en\/#\/schema\/logo\/image\/"}}]}},"_links":{"self":[{"href":"https:\/\/www.dr-entrup.de\/en\/wp-json\/wp\/v2\/pages\/4869","targetHints":{"allow":["GET"]}}],"collection":[{"href":"https:\/\/www.dr-entrup.de\/en\/wp-json\/wp\/v2\/pages"}],"about":[{"href":"https:\/\/www.dr-entrup.de\/en\/wp-json\/wp\/v2\/types\/page"}],"author":[{"embeddable":true,"href":"https:\/\/www.dr-entrup.de\/en\/wp-json\/wp\/v2\/users\/1"}],"replies":[{"embeddable":true,"href":"https:\/\/www.dr-entrup.de\/en\/wp-json\/wp\/v2\/comments?post=4869"}],"version-history":[{"count":3,"href":"https:\/\/www.dr-entrup.de\/en\/wp-json\/wp\/v2\/pages\/4869\/revisions"}],"predecessor-version":[{"id":6721,"href":"https:\/\/www.dr-entrup.de\/en\/wp-json\/wp\/v2\/pages\/4869\/revisions\/6721"}],"wp:attachment":[{"href":"https:\/\/www.dr-entrup.de\/en\/wp-json\/wp\/v2\/media?parent=4869"}],"curies":[{"name":"wp","href":"https:\/\/api.w.org\/{rel}","templated":true}]}}