{"id":4864,"date":"2023-10-25T18:15:34","date_gmt":"2023-10-25T16:15:34","guid":{"rendered":"https:\/\/debug.dr-entrup.de\/osteopathy\/"},"modified":"2024-08-28T17:17:19","modified_gmt":"2024-08-28T15:17:19","slug":"osteopathy-orthodontics-hannover","status":"publish","type":"page","link":"https:\/\/www.dr-entrup.de\/en\/osteopathy-orthodontics-hannover\/","title":{"rendered":"Osteopathy"},"content":{"rendered":"\n<section class = \"fdn-grid\">\n\t<div class = \"grid-container no-padding\">\n\t\t<div class = \"grid-x\">\n\t\t\t<div class=\"cell large-12 small-12 \">\n\t\t\t\t<div class =\"hero hero--background-gray text-center\">\n\t\t\t\t\t\t\t\t\t<\/div>\n\t\t\t<\/div>\n\t\t<\/div>\n\t<\/div>\n<\/section>\n\n<section class = \"fdn-grid\">\n\t<div class = \"grid-container no-padding\">\n\t\t<div class = \"grid-x\">\n\t\t\t<div class=\"cell large-12 small-12 \">\n\t\t\t\t<div class =\"hero hero--background-gray text-center\">\n\t\t\t\t\t<img loading=\"lazy\" decoding=\"async\" width=\"1800\" height=\"742\" src=\"https:\/\/www.dr-entrup.de\/wp-content\/uploads\/2024\/05\/Osteopathie-in-unserer-Fachpraxis-fur-umfassende-Kieferorthopadie-Hannover.jpg\" class=\"image img-responsive-no-block\" alt=\"Osteopathie in unserer Fachpraxis fu\u0308r umfassende Kieferorthopa\u0308die Hannover\" srcset=\"https:\/\/www.dr-entrup.de\/wp-content\/uploads\/2024\/05\/Osteopathie-in-unserer-Fachpraxis-fur-umfassende-Kieferorthopadie-Hannover.jpg 1800w, https:\/\/www.dr-entrup.de\/wp-content\/uploads\/2024\/05\/Osteopathie-in-unserer-Fachpraxis-fur-umfassende-Kieferorthopadie-Hannover-300x124.jpg 300w, https:\/\/www.dr-entrup.de\/wp-content\/uploads\/2024\/05\/Osteopathie-in-unserer-Fachpraxis-fur-umfassende-Kieferorthopadie-Hannover-1024x422.jpg 1024w, https:\/\/www.dr-entrup.de\/wp-content\/uploads\/2024\/05\/Osteopathie-in-unserer-Fachpraxis-fur-umfassende-Kieferorthopadie-Hannover-768x317.jpg 768w, https:\/\/www.dr-entrup.de\/wp-content\/uploads\/2024\/05\/Osteopathie-in-unserer-Fachpraxis-fur-umfassende-Kieferorthopadie-Hannover-1536x633.jpg 1536w\" sizes=\"auto, (max-width: 1800px) 100vw, 1800px\" \/>\t\t\t\t<\/div>\n\t\t\t<\/div>\n\t\t<\/div>\n\t<\/div>\n<\/section>\n\n<section class = \"fdn-grid\">\n    <div class = \"p-top-mobile-50\"><\/div>\n    <div class = \"grid-container full-with-margin-10 no-padding\">\n        <div class = \"grid-x\">\n            <div class = \"cell small-12\">\n\n\n\n                <h1 class=\"heading heading--primary m-bottom-40\">Osteopathy in our specialist practice for comprehensive orthodontics<\/h1>\n                <h2 class=\"heading heading--secondary m-bottom-10\">The masticatory system controls the cranio-sacral system (CSS)<\/h2>\n                <span class=\"short-line-decoration short-line-decoration--mini-width color-bordeaux-bg\"><\/span>\n\n                <div class=\"m-top-40 paragraph\">\n\n                    <p>Every mother is familiar with her baby&#8217;s fontanel, a soft spot on the head. She also knows that the skull bones of babies and small children can still move slightly against each other. What is less well known is that this mobility must be maintained to a lesser extent throughout life in order to stay healthy. The American anatomist E. W. Retzlaff has now scientifically confirmed this. This necessary movement takes place roughly in rhythm with breathing and extends over the entire course of the meninges, i.e. from the head to the rump, and thus ensures that the cerebrospinal fluid (CSF) is nourished and kept healthy. There is a rhythmic expansion and contraction of the meninges, cranial bones, spinal column and sacrum complex.  <strong>The intensive relationship between the masticatory system and the movable cranial bones leads to a direct dependence of the cranio-sacral system (CSS) on the function of the masticatory system. You could also say that the masticatory system controls the CSS.<\/strong><\/p>\n\n                <\/div>\n                                <a href='tel:+49511364990' class='button color-bordeaux-bg color-white button--medium' target='_self'> Call now &amp; get advice <\/a>                            <\/div>\n        <\/div>\n    <\/div>\n     <div class = \"p-top-mobile-50\"><\/div>\n<\/section>\n\n<section class = \"fdn-grid color-extra-pink-bg\">\n    <div class = \"p-top-mobile-50\"><\/div>\n\t<div class = \"grid-container full-with-margin-10 no-padding\">\n\n        <div class = \"grid-x\">\n\n            <div class=\"cell large-6 small-12\">\n                <div class = \"m-right-25 m-bottom-25 m-left-mob-0 m-right-mob-0 m-left-tab-0 m-right-tab-0\">\n                    <img class = \"image img-responsive-no-block\"\n                         src = \"https:\/\/www.dr-entrup.de\/wp-content\/uploads\/2023\/12\/Bei-Storungen-der-Kaumuskulatur-der-Unterkieferlage-und-der-Zahnstellungen-kommt-es-in-fast-allen-Fallen-zu-Storungen-des-CSS-KFO-Behandlung-in-Hannover.jpg\"\n                         alt=\"In almost all cases, disorders of the chewing muscles, the position of the lower jaw and the position of the teeth lead to CSS disorders - orthodontic treatment in Hanover\">\n                <\/div>\n\n\n                                   \n            <\/div>\n\n            <div class=\"cell large-6 small-12 \">\n                <div class = \"m-left-25 m-right-25 m-bottom-25 m-left-mob-0 m-right-mob-0 m-left-tab-0 m-right-tab-0\">\n                    <h2 class=\"heading heading--medium  m-bottom-10 color-bordeaux\">Disorders of the cranio-sacral system (CSS)  <\/h2>\n                    <span class=\"short-line-decoration  short-line-decoration--mini-width  color-primary-bg\"><\/span>\n                    <div class = \"paragraph paragraph--medium paragraph--primary m-top-40\">\n                        <p><strong class=\"cms-bold\">In almost all cases, disorders of the chewing muscles, the position of the lower jaw and the position of the teeth lead to CSS disorders.  <\/strong>  The holistic manual therapy treatment method of osteopathy can be carried out in three systems of the body as required: parietal (musculoskeletal system), visceral (internal organs) and cranio-sacral (dural system of the cranio-sacral complex). These three areas must function in harmony with each other. There is no doubt that the <a href=\"https:\/\/www.dr-entrup.de\/en\/tmj-treatment-hannover-temporomandibular-joint-dysfunction\/\">craniomandibular system<\/a> plays a dominant role in the cranio-sacral system, which ultimately means a rhythmic expansion and contraction of the cranial bone, meninges, spine and sacrum.<\/p>\n\n                        \n                                                  \n\n                    <\/div>\n                <\/div>\n            <\/div>\n\n\n        <\/div>\n\n    <\/div>\n        <div class = \"p-top-mobile-50\"><\/div>\n<\/section>\n\n<section class = \"fdn-grid color-white-bg\">\n\n        <div class = \"p-top-mobile-50\"><\/div>\n    <div class = \"grid-container full-with-margin-10 no-padding\">\n\n        <div class = \"grid-x\">\n            <div class=\"cell large-6 small-12\">\n                <div class = \"m-right-25  m-bottom-25 m-left-mob-0 m-right-mob-0 m-left-tab-0 m-right-tab-0\">\n  \n  <h2 class='heading heading--medium  m-bottom-10 color-bordeaux'>Orthodontics &amp; osteopathy for optimum long-term effect<\/h2><span class='short-line-decoration  short-line-decoration--mini-width color-primary-bg'><\/span><div class = 'paragraph--medium paragraph--primary m-top-40'><p><strong>In some cases, it is useful and in certain cases even necessary to accompany <a href=\"https:\/\/www.dr-entrup.de\/en\/orthodontic-consultation-hannover-dr-entrup\/\">orthodontic treatment<\/a> with osteopathic treatment.<\/strong> Through holistic osteopathic treatment or through targeted osteopathic correction of certain ascending lesions, e.g. starting from the feet or visceral area. <strong>The result is a long-term improvement in the organism&#8217;s self-regulatory abilities.<\/strong><\/p>\n<\/div>                                            <\/div>\n                <\/div>\n\n\n\n\n\n\n            <div class=\"cell large-6 small-12 \">\n                <div class = \"m-left-25 m-bottom-25 m-left-mob-0 m-right-mob-0 m-left-tab-0 m-right-tab-0\">\n\n                    <div class=\"videoWrapper\">\n                        <!-- Copy & Pasted from YouTube -->\n\t\t\t\t\t\t<div style=\"width: 640px;\" class=\"wp-video\"><video class=\"wp-video-shortcode\" id=\"video-4864-1\" width=\"640\" height=\"480\" preload=\"metadata\" controls=\"controls\"><source type=\"video\/mp4\" src=\"https:\/\/www.dr-entrup.de\/wp-content\/uploads\/2023\/12\/Osteopathie.mp4?_=1\" \/><a href=\"https:\/\/www.dr-entrup.de\/wp-content\/uploads\/2023\/12\/Osteopathie.mp4\">https:\/\/www.dr-entrup.de\/wp-content\/uploads\/2023\/12\/Osteopathie.mp4<\/a><\/video><\/div>\n\n                    <\/div>\n\n                    <\/div>\n                <\/div>\n\n\n\n\n        <\/div>\n\n    <\/div>\n        <div class = \"p-top-mobile-50\"><\/div>\n<\/section>\n\n<section class = \"fdn-grid color-light-pink-bg\">\n\n        <div class = \"p-top-mobile-50\"><\/div>\n    <div class = \"grid-container full-with-margin-10 no-padding\">\n\n        <div class = \"grid-x\">\n\n            <div class=\"cell large-6 small-12 \">\n                <div class = \"m-right-25  m-bottom-25 m-left-mob-0 m-right-mob-0 m-left-tab-0 m-right-tab-0\">\n                    <h2 class=\"heading heading--medium  m-bottom-10 color-bordeaux\">Symptoms of a disorder of the cranio-sacral system (CSS)  <\/h2>\n                    <span class=\"short-line-decoration  short-line-decoration--mini-width  color-primary-bg\"><\/span>\n                    <div class = \"paragraph--medium paragraph--primary m-top-40\">\n                        <p>In many cases, it therefore makes sense to combine osteopathic treatment with comprehensive orthodontic treatment in order to achieve an optimal long-term effect. Typical symptoms are  <\/p>\n<ul>\n<li>Pain in the course of the spine and sacrum<\/li>\n<li>Shoulder-arm pain<\/li>\n<li>Headache<\/li>\n<li>Migraine<\/li>\n<li>Dizziness<\/li>\n<li>Hormonal disorders<\/li>\n<li>Depression<\/li>\n<li>Chronic nosebleeds<\/li>\n<\/ul>\n\n\n                                                    \n\n                    <\/div>\n                <\/div>\n            <\/div>\n\n            <div class=\"cell large-6 small-12\">\n                <div class = \"m-left-25 m-bottom-25 m-left-mob-0 m-right-mob-0 m-left-tab-0 m-right-tab-0\">\n                   \t\t\t\t\t\n\t\t\t\t\t<img class = \"image img-responsive-no-block\"\n                         src = \"https:\/\/www.dr-entrup.de\/wp-content\/uploads\/2023\/12\/Symptome-einer-Storung-des-Kranio-Sakralen-Systems-CSS-Fachpraxis-fur-umfassende-Kieferorthopadie-Dres.-W.-J.-Entrup-Dr.-T.-Altvater.jpeg\"\n                         alt=\"Symptoms of a disorder of the cranio-sacral system (CSS) - Fachpraxis f\u00fcr umfassende Kieferorthop\u00e4die Dres. W. &amp; J. Entrup &amp; Dr. T. Altvater\">\n\t\t\t\t\t\t \n\t\t\t\t\t\t\n                                   \n                <\/div>\n\n                \n            <\/div>\n\n        <\/div>\n\n    <\/div>\n        <div class = \"p-top-mobile-50\"><\/div>\n<\/section>\n","protected":false},"excerpt":{"rendered":"","protected":false},"author":1,"featured_media":0,"parent":0,"menu_order":0,"comment_status":"closed","ping_status":"closed","template":"","meta":{"footnotes":""},"class_list":["post-4864","page","type-page","status-publish"],"acf":[],"yoast_head":"<!-- This site is optimized with the Yoast SEO plugin v27.5 - https:\/\/yoast.com\/product\/yoast-seo-wordpress\/ -->\n<title>Osteopathy in our specialist practice for comprehensive orthodontics<\/title>\n<meta name=\"description\" content=\"Osteopathy in our specialist practice for comprehensive orthodontics: In almost all cases, disorders of the masticatory muscles, the position of the lower jaw and the position of the teeth lead to CSS disorders.\" \/>\n<meta name=\"robots\" content=\"index, follow, max-snippet:-1, max-image-preview:large, max-video-preview:-1\" \/>\n<link rel=\"canonical\" href=\"https:\/\/www.dr-entrup.de\/en\/osteopathy-orthodontics-hannover\/\" \/>\n<meta property=\"og:locale\" content=\"en_US\" \/>\n<meta property=\"og:type\" content=\"article\" \/>\n<meta property=\"og:title\" content=\"Osteopathy in our specialist practice for comprehensive orthodontics\" \/>\n<meta property=\"og:description\" content=\"Osteopathy in our specialist practice for comprehensive orthodontics: In almost all cases, disorders of the masticatory muscles, the position of the lower jaw and the position of the teeth lead to CSS disorders.\" \/>\n<meta property=\"og:url\" content=\"https:\/\/www.dr-entrup.de\/en\/osteopathy-orthodontics-hannover\/\" \/>\n<meta property=\"og:site_name\" content=\"BALANCE Fachpraxis f\u00fcr umfassende Kieferorthop\u00e4die Hannover Dr. Entrup\" \/>\n<meta property=\"article:modified_time\" content=\"2024-08-28T15:17:19+00:00\" \/>\n<meta name=\"twitter:card\" content=\"summary_large_image\" \/>\n<script type=\"application\/ld+json\" class=\"yoast-schema-graph\">{\"@context\":\"https:\\\/\\\/schema.org\",\"@graph\":[{\"@type\":\"WebPage\",\"@id\":\"https:\\\/\\\/www.dr-entrup.de\\\/en\\\/osteopathy-orthodontics-hannover\\\/\",\"url\":\"https:\\\/\\\/www.dr-entrup.de\\\/en\\\/osteopathy-orthodontics-hannover\\\/\",\"name\":\"Osteopathy in our specialist practice for comprehensive orthodontics\",\"isPartOf\":{\"@id\":\"https:\\\/\\\/www.dr-entrup.de\\\/en\\\/#website\"},\"datePublished\":\"2023-10-25T16:15:34+00:00\",\"dateModified\":\"2024-08-28T15:17:19+00:00\",\"description\":\"Osteopathy in our specialist practice for comprehensive orthodontics: In almost all cases, disorders of the masticatory muscles, the position of the lower jaw and the position of the teeth lead to CSS disorders.\",\"breadcrumb\":{\"@id\":\"https:\\\/\\\/www.dr-entrup.de\\\/en\\\/osteopathy-orthodontics-hannover\\\/#breadcrumb\"},\"inLanguage\":\"en-DE\",\"potentialAction\":[{\"@type\":\"ReadAction\",\"target\":[\"https:\\\/\\\/www.dr-entrup.de\\\/en\\\/osteopathy-orthodontics-hannover\\\/\"]}]},{\"@type\":\"BreadcrumbList\",\"@id\":\"https:\\\/\\\/www.dr-entrup.de\\\/en\\\/osteopathy-orthodontics-hannover\\\/#breadcrumb\",\"itemListElement\":[{\"@type\":\"ListItem\",\"position\":1,\"name\":\"Home\",\"item\":\"https:\\\/\\\/www.dr-entrup.de\\\/en\\\/\"},{\"@type\":\"ListItem\",\"position\":2,\"name\":\"Osteopathy\"}]},{\"@type\":\"WebSite\",\"@id\":\"https:\\\/\\\/www.dr-entrup.de\\\/en\\\/#website\",\"url\":\"https:\\\/\\\/www.dr-entrup.de\\\/en\\\/\",\"name\":\"BALANCE Fachpraxis f\u00fcr umfassende Kieferorthop\u00e4die Hannover Dr. Entrup\",\"description\":\"BALANCE Fachpraxis f\u00fcr umfassende Kieferorthop\u00e4die Hannover Dr. Entrup\",\"publisher\":{\"@id\":\"https:\\\/\\\/www.dr-entrup.de\\\/en\\\/#organization\"},\"potentialAction\":[{\"@type\":\"SearchAction\",\"target\":{\"@type\":\"EntryPoint\",\"urlTemplate\":\"https:\\\/\\\/www.dr-entrup.de\\\/en\\\/?s={search_term_string}\"},\"query-input\":{\"@type\":\"PropertyValueSpecification\",\"valueRequired\":true,\"valueName\":\"search_term_string\"}}],\"inLanguage\":\"en-DE\"},{\"@type\":\"Organization\",\"@id\":\"https:\\\/\\\/www.dr-entrup.de\\\/en\\\/#organization\",\"name\":\"BALANCE Fachpraxis f\u00fcr umfassende Kieferorthop\u00e4die Hannover Dr. Entrup\",\"url\":\"https:\\\/\\\/www.dr-entrup.de\\\/en\\\/\",\"logo\":{\"@type\":\"ImageObject\",\"inLanguage\":\"en-DE\",\"@id\":\"https:\\\/\\\/www.dr-entrup.de\\\/en\\\/#\\\/schema\\\/logo\\\/image\\\/\",\"url\":\"https:\\\/\\\/www.dr-entrup.de\\\/wp-content\\\/uploads\\\/2023\\\/11\\\/logo-plus-subtext.png\",\"contentUrl\":\"https:\\\/\\\/www.dr-entrup.de\\\/wp-content\\\/uploads\\\/2023\\\/11\\\/logo-plus-subtext.png\",\"width\":302,\"height\":326,\"caption\":\"BALANCE Fachpraxis f\u00fcr umfassende Kieferorthop\u00e4die Hannover Dr. Entrup\"},\"image\":{\"@id\":\"https:\\\/\\\/www.dr-entrup.de\\\/en\\\/#\\\/schema\\\/logo\\\/image\\\/\"}}]}<\/script>\n<!-- \/ Yoast SEO plugin. -->","yoast_head_json":{"title":"Osteopathy in our specialist practice for comprehensive orthodontics","description":"Osteopathy in our specialist practice for comprehensive orthodontics: In almost all cases, disorders of the masticatory muscles, the position of the lower jaw and the position of the teeth lead to CSS disorders.","robots":{"index":"index","follow":"follow","max-snippet":"max-snippet:-1","max-image-preview":"max-image-preview:large","max-video-preview":"max-video-preview:-1"},"canonical":"https:\/\/www.dr-entrup.de\/en\/osteopathy-orthodontics-hannover\/","og_locale":"en_US","og_type":"article","og_title":"Osteopathy in our specialist practice for comprehensive orthodontics","og_description":"Osteopathy in our specialist practice for comprehensive orthodontics: In almost all cases, disorders of the masticatory muscles, the position of the lower jaw and the position of the teeth lead to CSS disorders.","og_url":"https:\/\/www.dr-entrup.de\/en\/osteopathy-orthodontics-hannover\/","og_site_name":"BALANCE Fachpraxis f\u00fcr umfassende Kieferorthop\u00e4die Hannover Dr. Entrup","article_modified_time":"2024-08-28T15:17:19+00:00","twitter_card":"summary_large_image","schema":{"@context":"https:\/\/schema.org","@graph":[{"@type":"WebPage","@id":"https:\/\/www.dr-entrup.de\/en\/osteopathy-orthodontics-hannover\/","url":"https:\/\/www.dr-entrup.de\/en\/osteopathy-orthodontics-hannover\/","name":"Osteopathy in our specialist practice for comprehensive orthodontics","isPartOf":{"@id":"https:\/\/www.dr-entrup.de\/en\/#website"},"datePublished":"2023-10-25T16:15:34+00:00","dateModified":"2024-08-28T15:17:19+00:00","description":"Osteopathy in our specialist practice for comprehensive orthodontics: In almost all cases, disorders of the masticatory muscles, the position of the lower jaw and the position of the teeth lead to CSS disorders.","breadcrumb":{"@id":"https:\/\/www.dr-entrup.de\/en\/osteopathy-orthodontics-hannover\/#breadcrumb"},"inLanguage":"en-DE","potentialAction":[{"@type":"ReadAction","target":["https:\/\/www.dr-entrup.de\/en\/osteopathy-orthodontics-hannover\/"]}]},{"@type":"BreadcrumbList","@id":"https:\/\/www.dr-entrup.de\/en\/osteopathy-orthodontics-hannover\/#breadcrumb","itemListElement":[{"@type":"ListItem","position":1,"name":"Home","item":"https:\/\/www.dr-entrup.de\/en\/"},{"@type":"ListItem","position":2,"name":"Osteopathy"}]},{"@type":"WebSite","@id":"https:\/\/www.dr-entrup.de\/en\/#website","url":"https:\/\/www.dr-entrup.de\/en\/","name":"BALANCE Fachpraxis f\u00fcr umfassende Kieferorthop\u00e4die Hannover Dr. Entrup","description":"BALANCE Fachpraxis f\u00fcr umfassende Kieferorthop\u00e4die Hannover Dr. Entrup","publisher":{"@id":"https:\/\/www.dr-entrup.de\/en\/#organization"},"potentialAction":[{"@type":"SearchAction","target":{"@type":"EntryPoint","urlTemplate":"https:\/\/www.dr-entrup.de\/en\/?s={search_term_string}"},"query-input":{"@type":"PropertyValueSpecification","valueRequired":true,"valueName":"search_term_string"}}],"inLanguage":"en-DE"},{"@type":"Organization","@id":"https:\/\/www.dr-entrup.de\/en\/#organization","name":"BALANCE Fachpraxis f\u00fcr umfassende Kieferorthop\u00e4die Hannover Dr. Entrup","url":"https:\/\/www.dr-entrup.de\/en\/","logo":{"@type":"ImageObject","inLanguage":"en-DE","@id":"https:\/\/www.dr-entrup.de\/en\/#\/schema\/logo\/image\/","url":"https:\/\/www.dr-entrup.de\/wp-content\/uploads\/2023\/11\/logo-plus-subtext.png","contentUrl":"https:\/\/www.dr-entrup.de\/wp-content\/uploads\/2023\/11\/logo-plus-subtext.png","width":302,"height":326,"caption":"BALANCE Fachpraxis f\u00fcr umfassende Kieferorthop\u00e4die Hannover Dr. Entrup"},"image":{"@id":"https:\/\/www.dr-entrup.de\/en\/#\/schema\/logo\/image\/"}}]}},"_links":{"self":[{"href":"https:\/\/www.dr-entrup.de\/en\/wp-json\/wp\/v2\/pages\/4864","targetHints":{"allow":["GET"]}}],"collection":[{"href":"https:\/\/www.dr-entrup.de\/en\/wp-json\/wp\/v2\/pages"}],"about":[{"href":"https:\/\/www.dr-entrup.de\/en\/wp-json\/wp\/v2\/types\/page"}],"author":[{"embeddable":true,"href":"https:\/\/www.dr-entrup.de\/en\/wp-json\/wp\/v2\/users\/1"}],"replies":[{"embeddable":true,"href":"https:\/\/www.dr-entrup.de\/en\/wp-json\/wp\/v2\/comments?post=4864"}],"version-history":[{"count":5,"href":"https:\/\/www.dr-entrup.de\/en\/wp-json\/wp\/v2\/pages\/4864\/revisions"}],"predecessor-version":[{"id":6629,"href":"https:\/\/www.dr-entrup.de\/en\/wp-json\/wp\/v2\/pages\/4864\/revisions\/6629"}],"wp:attachment":[{"href":"https:\/\/www.dr-entrup.de\/en\/wp-json\/wp\/v2\/media?parent=4864"}],"curies":[{"name":"wp","href":"https:\/\/api.w.org\/{rel}","templated":true}]}}