{"id":4863,"date":"2023-10-25T18:15:47","date_gmt":"2023-10-25T16:15:47","guid":{"rendered":"https:\/\/debug.dr-entrup.de\/hormonal-disorders\/"},"modified":"2024-09-06T14:40:04","modified_gmt":"2024-09-06T12:40:04","slug":"hormonal-disorders-hanover-orthodontics","status":"publish","type":"page","link":"https:\/\/www.dr-entrup.de\/en\/hormonal-disorders-hanover-orthodontics\/","title":{"rendered":"Hormonal disorders"},"content":{"rendered":"\n<section class = \"fdn-grid\">\n\t<div class = \"grid-container no-padding\">\n\t\t<div class = \"grid-x\">\n\t\t\t<div class=\"cell large-12 small-12 \">\n\t\t\t\t<div class =\"hero hero--background-gray text-center\">\n\t\t\t\t\t<img loading=\"lazy\" decoding=\"async\" width=\"1800\" height=\"895\" src=\"https:\/\/www.dr-entrup.de\/wp-content\/uploads\/2024\/06\/Die-Funktion-des-Kranio-Mandibularen-Systems-CMS-beeinflusst-die-Hormonregulation-\u2013-KFO-Hannover.jpeg\" class=\"image img-responsive-no-block\" alt=\"Die Funktion des Kranio-Mandibula\u0308ren Systems (CMS) beeinflusst die Hormonregulation \u2013 KFO Hannover\" srcset=\"https:\/\/www.dr-entrup.de\/wp-content\/uploads\/2024\/06\/Die-Funktion-des-Kranio-Mandibularen-Systems-CMS-beeinflusst-die-Hormonregulation-\u2013-KFO-Hannover.jpeg 1800w, https:\/\/www.dr-entrup.de\/wp-content\/uploads\/2024\/06\/Die-Funktion-des-Kranio-Mandibularen-Systems-CMS-beeinflusst-die-Hormonregulation-\u2013-KFO-Hannover-300x149.jpeg 300w, https:\/\/www.dr-entrup.de\/wp-content\/uploads\/2024\/06\/Die-Funktion-des-Kranio-Mandibularen-Systems-CMS-beeinflusst-die-Hormonregulation-\u2013-KFO-Hannover-1024x509.jpeg 1024w, https:\/\/www.dr-entrup.de\/wp-content\/uploads\/2024\/06\/Die-Funktion-des-Kranio-Mandibularen-Systems-CMS-beeinflusst-die-Hormonregulation-\u2013-KFO-Hannover-768x382.jpeg 768w, https:\/\/www.dr-entrup.de\/wp-content\/uploads\/2024\/06\/Die-Funktion-des-Kranio-Mandibularen-Systems-CMS-beeinflusst-die-Hormonregulation-\u2013-KFO-Hannover-1536x764.jpeg 1536w\" sizes=\"auto, (max-width: 1800px) 100vw, 1800px\" \/>\t\t\t\t<\/div>\n\t\t\t<\/div>\n\t\t<\/div>\n\t<\/div>\n<\/section>\n\n<section class = \"fdn-grid\">\n    <div class = \"p-top-mobile-50\"><\/div>\n    <div class = \"grid-container full-with-margin-10 no-padding\">\n        <div class = \"grid-x\">\n            <div class = \"cell small-12\">\n\n\n\n                <h1 class=\"heading heading--primary m-bottom-40\">Hormonal disorders<\/h1>\n                <h2 class=\"heading heading--secondary m-bottom-10\">The function of the cranio-mandibular system (CMS) influences hormone regulation &#8211; KFO Hannover<\/h2>\n                <span class=\"short-line-decoration short-line-decoration--mini-width color-bordeaux-bg\"><\/span>\n\n                <div class=\"m-top-40 paragraph\">\n\n                    <p class=\"td_typ2\">We are not specialists in endocrinology or reproductive medicine and therefore do not treat hormonal disorders directly, but &#8230;<\/p>\n<p class=\"td_typ2\"><strong>Numerous scientific studies have shown that the function of the cranio-mandibular system (CMS) has an impressive influence on hormone regulation<\/strong> (see: Kobayashi, Y., Hanson, T.: &#8220;Effects of occlusion on the human body.&#8221; Phillip Journal 5.88 page 255-263)<b><strong class=\"cms-bold\">. <\/strong><\/b>Among other things, these researchers investigated the effect on the hormone balance of an artificial pre-contact only 0.1 mm high on just one tooth in humans. It turned out that the hormone levels of numerous hormones (steroids, catecholamines) changed dramatically in the following days.  <strong>The doctors thus proved a connection between disruptive factors in the CMS and hormonal regulatory disorders.<\/strong><\/p>\n<p><strong>What works in a negative sense can also be used positively. This assumption corresponds exactly to our experience.<\/strong>  Although this and other scientific findings have been known for decades, the results have been extremely ignored and underestimated by the responsible medical disciplines, but unfortunately also by many naturopathic practitioners.<\/p>\n\n                <\/div>\n                                <a href='tel:+49511364990' class='button color-bordeaux-bg color-white button--medium' target='_self'> Call now &amp; get advice <\/a>                            <\/div>\n        <\/div>\n    <\/div>\n     <div class = \"p-top-mobile-50\"><\/div>\n<\/section>\n\n<section class = \"fdn-grid color-extra-pink-bg\">\n\n        <div class = \"p-top-mobile-50\"><\/div>\n    <div class = \"grid-container full-with-margin-10 no-padding\">\n\n        <div class = \"grid-x\">\n            <div class=\"cell large-6 small-12\">\n                <div class = \"m-right-25  m-bottom-25 m-left-mob-0 m-right-mob-0 m-left-tab-0 m-right-tab-0\">\n  \n  <h2 class='heading heading--medium  m-bottom-10 color-bordeaux'>Optimization of the CMS through the Balance treatment concept improves hormonal disorders<\/h2><span class='short-line-decoration  short-line-decoration--mini-width color-primary-bg'><\/span><div class = 'paragraph--medium paragraph--primary m-top-40'><p>If we optimize the function of the CMS through treatment according to the <a href=\"https:\/\/www.dr-entrup.de\/en\/balance-treatment-concept-comprehensive-orthodontics-hannover\/\">Balance Concept<\/a>, women with hormonal regulation disorders, e.g. with reproductive difficulties (infertility), often experience a significant spontaneous improvement. A positive side effect of <a href=\"https:\/\/www.dr-entrup.de\/kieferorthopaedie-erwachsene\/\">orthodontic treatment<\/a> in many cases was a solution to this problem, which is very stressful for many women.  &nbsp;<\/p>\n<\/div>                                            <\/div>\n                <\/div>\n\n\n\n\n\n\n            <div class=\"cell large-6 small-12 \">\n                <div class = \"m-left-25 m-bottom-25 m-left-mob-0 m-right-mob-0 m-left-tab-0 m-right-tab-0\">\n\n                    <div class=\"videoWrapper\">\n                        <!-- Copy & Pasted from YouTube -->\n\t\t\t\t\t\t<div style=\"width: 640px;\" class=\"wp-video\"><video class=\"wp-video-shortcode\" id=\"video-4863-1\" width=\"640\" height=\"480\" preload=\"metadata\" controls=\"controls\"><source type=\"video\/mp4\" src=\"https:\/\/www.dr-entrup.de\/wp-content\/uploads\/2023\/12\/hormonelle22.mp4?_=1\" \/><a href=\"https:\/\/www.dr-entrup.de\/wp-content\/uploads\/2023\/12\/hormonelle22.mp4\">https:\/\/www.dr-entrup.de\/wp-content\/uploads\/2023\/12\/hormonelle22.mp4<\/a><\/video><\/div>\n\n                    <\/div>\n\n                    <\/div>\n                <\/div>\n\n\n\n\n        <\/div>\n\n    <\/div>\n        <div class = \"p-top-mobile-50\"><\/div>\n<\/section>\n\n<section class = \"fdn-grid color-white-bg\">\n    <div class = \"p-top-mobile-50\"><\/div>\n\t<div class = \"grid-container full-with-margin-10 no-padding\">\n\n        <div class = \"grid-x\">\n\n            <div class=\"cell large-6 small-12\">\n                <div class = \"m-right-25 m-bottom-25 m-left-mob-0 m-right-mob-0 m-left-tab-0 m-right-tab-0\">\n                    <img class = \"image img-responsive-no-block\"\n                         src = \"https:\/\/www.dr-entrup.de\/wp-content\/uploads\/2023\/12\/Hormonelle-Storungen-Interdisziplinare-Zusammenarbeit-fur-bessere-Ergebnisse-Fachpraxis-fur-umfassende-Kieferorthopdie-Hannover.jpg\"\n                         alt=\"Hormonal disorders - Interdisciplinary cooperation for better results - Specialist practice for comprehensive orthodontics Hanover\">\n                <\/div>\n\n\n                                   \n            <\/div>\n\n            <div class=\"cell large-6 small-12 \">\n                <div class = \"m-left-25 m-right-25 m-bottom-25 m-left-mob-0 m-right-mob-0 m-left-tab-0 m-right-tab-0\">\n                    <h2 class=\"heading heading--medium  m-bottom-10 color-bordeaux\">Hormonal disorders &#8211; interdisciplinary collaboration for better results<\/h2>\n                    <span class=\"short-line-decoration  short-line-decoration--mini-width  color-primary-bg\"><\/span>\n                    <div class = \"paragraph paragraph--medium paragraph--primary m-top-40\">\n                        <p>The truth is, we don&#8217;t yet know exactly how this is possible! But there is a hypothesis (see also reason <a class=\"ui-editor-link-external\" href=\"https:\/\/www.dr-entrup.de\/behandlung\/hyperaktivit%C3%A4t-(adhd-\/-add)\">hyperactivity &#8211; ADD<\/a>). In some cases, we see that the problem is caused by several factors simultaneously and additively, with the errors in CMS often being decisive for the development of the dysregulation, but other general medical dysfunctions must also be taken into account in order to be truly successful. This means that <strong>many specialists<\/strong> need to <strong>work together at the same time<\/strong>: e.g. chiropractors, <a href=\"https:\/\/www.dr-entrup.de\/en\/osteopathy-orthodontics-hannover\/\">osteopaths<\/a>, nutritionists, gynecologists, endocrinologists, reproductive physicians with special training, naturopathic physicians, etc.<\/p>\n\n                        \n                                                  \n\n                    <\/div>\n                <\/div>\n            <\/div>\n\n\n        <\/div>\n\n    <\/div>\n        <div class = \"p-top-mobile-50\"><\/div>\n<\/section>\n\n<section class = \"fdn-grid color-extra-pink-bg\">\n\n        <div class = \"p-top-mobile-50\"><\/div>\n    <div class = \"grid-container full-with-margin-10 no-padding\">\n\n        <div class = \"grid-x\">\n            <div class=\"cell large-6 small-12\">\n                <div class = \"m-right-25  m-bottom-25 m-left-mob-0 m-right-mob-0 m-left-tab-0 m-right-tab-0\">\n  \n  <h2 class='heading heading--medium  m-bottom-10 color-bordeaux'>Patient voices<\/h2><span class='short-line-decoration  short-line-decoration--mini-width color-primary-bg'><\/span><div class = 'paragraph--medium paragraph--primary m-top-40'><p>Whether this positive experience also applies to other hormonal regulation disorders cannot yet be conclusively assessed, as the number of such cases is still too small to be able to make a clinical assessment.  &nbsp;<\/p>\n<\/div>                                            <\/div>\n                <\/div>\n\n\n\n\n\n\n            <div class=\"cell large-6 small-12 \">\n                <div class = \"m-left-25 m-bottom-25 m-left-mob-0 m-right-mob-0 m-left-tab-0 m-right-tab-0\">\n\n                    <div class=\"videoWrapper\">\n                        <!-- Copy & Pasted from YouTube -->\n\t\t\t\t\t\t<div style=\"width: 640px;\" class=\"wp-video\"><video class=\"wp-video-shortcode\" id=\"video-4863-2\" width=\"640\" height=\"480\" preload=\"metadata\" controls=\"controls\"><source type=\"video\/mp4\" src=\"https:\/\/www.dr-entrup.de\/wp-content\/uploads\/2023\/12\/hormonelle11.mp4?_=2\" \/><a href=\"https:\/\/www.dr-entrup.de\/wp-content\/uploads\/2023\/12\/hormonelle11.mp4\">https:\/\/www.dr-entrup.de\/wp-content\/uploads\/2023\/12\/hormonelle11.mp4<\/a><\/video><\/div>\n\n                    <\/div>\n\n                    <\/div>\n                <\/div>\n\n\n\n\n        <\/div>\n\n    <\/div>\n        <div class = \"p-top-mobile-50\"><\/div>\n<\/section>\n","protected":false},"excerpt":{"rendered":"","protected":false},"author":1,"featured_media":0,"parent":0,"menu_order":0,"comment_status":"closed","ping_status":"closed","template":"","meta":{"footnotes":""},"class_list":["post-4863","page","type-page","status-publish"],"acf":[],"yoast_head":"<!-- This site is optimized with the Yoast SEO plugin v26.6 - https:\/\/yoast.com\/wordpress\/plugins\/seo\/ -->\n<title>Hormonal disorders - Comprehensive orthodontics Hanover<\/title>\n<meta name=\"description\" content=\"Hormonal disorders Hanover: The function of the cranio-mandibular system (CMS) influences hormone regulation - Fachpraxis f\u00fcr umfassende Kieferorthop\u00e4die Dres. W. &amp; J. Entrup &amp; Dr. T. Altvater\" \/>\n<meta name=\"robots\" content=\"index, follow, max-snippet:-1, max-image-preview:large, max-video-preview:-1\" \/>\n<link rel=\"canonical\" href=\"https:\/\/www.dr-entrup.de\/en\/hormonal-disorders-hanover-orthodontics\/\" \/>\n<meta property=\"og:locale\" content=\"en_US\" \/>\n<meta property=\"og:type\" content=\"article\" \/>\n<meta property=\"og:title\" content=\"Hormonal disorders - Comprehensive orthodontics Hanover\" \/>\n<meta property=\"og:description\" content=\"Hormonal disorders Hanover: The function of the cranio-mandibular system (CMS) influences hormone regulation - Fachpraxis f\u00fcr umfassende Kieferorthop\u00e4die Dres. W. &amp; J. Entrup &amp; Dr. T. Altvater\" \/>\n<meta property=\"og:url\" content=\"https:\/\/www.dr-entrup.de\/en\/hormonal-disorders-hanover-orthodontics\/\" \/>\n<meta property=\"og:site_name\" content=\"BALANCE Fachpraxis f\u00fcr umfassende Kieferorthop\u00e4die Hannover Dr. Entrup\" \/>\n<meta property=\"article:modified_time\" content=\"2024-09-06T12:40:04+00:00\" \/>\n<meta name=\"twitter:card\" content=\"summary_large_image\" \/>\n<script type=\"application\/ld+json\" class=\"yoast-schema-graph\">{\"@context\":\"https:\/\/schema.org\",\"@graph\":[{\"@type\":\"WebPage\",\"@id\":\"https:\/\/www.dr-entrup.de\/en\/hormonal-disorders-hanover-orthodontics\/\",\"url\":\"https:\/\/www.dr-entrup.de\/en\/hormonal-disorders-hanover-orthodontics\/\",\"name\":\"Hormonal disorders - Comprehensive orthodontics Hanover\",\"isPartOf\":{\"@id\":\"https:\/\/www.dr-entrup.de\/en\/#website\"},\"datePublished\":\"2023-10-25T16:15:47+00:00\",\"dateModified\":\"2024-09-06T12:40:04+00:00\",\"description\":\"Hormonal disorders Hanover: The function of the cranio-mandibular system (CMS) influences hormone regulation - Fachpraxis f\u00fcr umfassende Kieferorthop\u00e4die Dres. W. & J. Entrup & Dr. T. Altvater\",\"breadcrumb\":{\"@id\":\"https:\/\/www.dr-entrup.de\/en\/hormonal-disorders-hanover-orthodontics\/#breadcrumb\"},\"inLanguage\":\"en-DE\",\"potentialAction\":[{\"@type\":\"ReadAction\",\"target\":[\"https:\/\/www.dr-entrup.de\/en\/hormonal-disorders-hanover-orthodontics\/\"]}]},{\"@type\":\"BreadcrumbList\",\"@id\":\"https:\/\/www.dr-entrup.de\/en\/hormonal-disorders-hanover-orthodontics\/#breadcrumb\",\"itemListElement\":[{\"@type\":\"ListItem\",\"position\":1,\"name\":\"Home\",\"item\":\"https:\/\/www.dr-entrup.de\/en\/\"},{\"@type\":\"ListItem\",\"position\":2,\"name\":\"Hormonal disorders\"}]},{\"@type\":\"WebSite\",\"@id\":\"https:\/\/www.dr-entrup.de\/en\/#website\",\"url\":\"https:\/\/www.dr-entrup.de\/en\/\",\"name\":\"BALANCE Fachpraxis f\u00fcr umfassende Kieferorthop\u00e4die Hannover Dr. Entrup\",\"description\":\"BALANCE Fachpraxis f\u00fcr umfassende Kieferorthop\u00e4die Hannover Dr. Entrup\",\"publisher\":{\"@id\":\"https:\/\/www.dr-entrup.de\/en\/#organization\"},\"potentialAction\":[{\"@type\":\"SearchAction\",\"target\":{\"@type\":\"EntryPoint\",\"urlTemplate\":\"https:\/\/www.dr-entrup.de\/en\/?s={search_term_string}\"},\"query-input\":{\"@type\":\"PropertyValueSpecification\",\"valueRequired\":true,\"valueName\":\"search_term_string\"}}],\"inLanguage\":\"en-DE\"},{\"@type\":\"Organization\",\"@id\":\"https:\/\/www.dr-entrup.de\/en\/#organization\",\"name\":\"BALANCE Fachpraxis f\u00fcr umfassende Kieferorthop\u00e4die Hannover Dr. Entrup\",\"url\":\"https:\/\/www.dr-entrup.de\/en\/\",\"logo\":{\"@type\":\"ImageObject\",\"inLanguage\":\"en-DE\",\"@id\":\"https:\/\/www.dr-entrup.de\/en\/#\/schema\/logo\/image\/\",\"url\":\"https:\/\/www.dr-entrup.de\/wp-content\/uploads\/2023\/11\/logo-plus-subtext.png\",\"contentUrl\":\"https:\/\/www.dr-entrup.de\/wp-content\/uploads\/2023\/11\/logo-plus-subtext.png\",\"width\":302,\"height\":326,\"caption\":\"BALANCE Fachpraxis f\u00fcr umfassende Kieferorthop\u00e4die Hannover Dr. Entrup\"},\"image\":{\"@id\":\"https:\/\/www.dr-entrup.de\/en\/#\/schema\/logo\/image\/\"}}]}<\/script>\n<!-- \/ Yoast SEO plugin. -->","yoast_head_json":{"title":"Hormonal disorders - Comprehensive orthodontics Hanover","description":"Hormonal disorders Hanover: The function of the cranio-mandibular system (CMS) influences hormone regulation - Fachpraxis f\u00fcr umfassende Kieferorthop\u00e4die Dres. W. & J. Entrup & Dr. T. Altvater","robots":{"index":"index","follow":"follow","max-snippet":"max-snippet:-1","max-image-preview":"max-image-preview:large","max-video-preview":"max-video-preview:-1"},"canonical":"https:\/\/www.dr-entrup.de\/en\/hormonal-disorders-hanover-orthodontics\/","og_locale":"en_US","og_type":"article","og_title":"Hormonal disorders - Comprehensive orthodontics Hanover","og_description":"Hormonal disorders Hanover: The function of the cranio-mandibular system (CMS) influences hormone regulation - Fachpraxis f\u00fcr umfassende Kieferorthop\u00e4die Dres. W. & J. Entrup & Dr. T. Altvater","og_url":"https:\/\/www.dr-entrup.de\/en\/hormonal-disorders-hanover-orthodontics\/","og_site_name":"BALANCE Fachpraxis f\u00fcr umfassende Kieferorthop\u00e4die Hannover Dr. Entrup","article_modified_time":"2024-09-06T12:40:04+00:00","twitter_card":"summary_large_image","schema":{"@context":"https:\/\/schema.org","@graph":[{"@type":"WebPage","@id":"https:\/\/www.dr-entrup.de\/en\/hormonal-disorders-hanover-orthodontics\/","url":"https:\/\/www.dr-entrup.de\/en\/hormonal-disorders-hanover-orthodontics\/","name":"Hormonal disorders - Comprehensive orthodontics Hanover","isPartOf":{"@id":"https:\/\/www.dr-entrup.de\/en\/#website"},"datePublished":"2023-10-25T16:15:47+00:00","dateModified":"2024-09-06T12:40:04+00:00","description":"Hormonal disorders Hanover: The function of the cranio-mandibular system (CMS) influences hormone regulation - Fachpraxis f\u00fcr umfassende Kieferorthop\u00e4die Dres. W. & J. Entrup & Dr. T. Altvater","breadcrumb":{"@id":"https:\/\/www.dr-entrup.de\/en\/hormonal-disorders-hanover-orthodontics\/#breadcrumb"},"inLanguage":"en-DE","potentialAction":[{"@type":"ReadAction","target":["https:\/\/www.dr-entrup.de\/en\/hormonal-disorders-hanover-orthodontics\/"]}]},{"@type":"BreadcrumbList","@id":"https:\/\/www.dr-entrup.de\/en\/hormonal-disorders-hanover-orthodontics\/#breadcrumb","itemListElement":[{"@type":"ListItem","position":1,"name":"Home","item":"https:\/\/www.dr-entrup.de\/en\/"},{"@type":"ListItem","position":2,"name":"Hormonal disorders"}]},{"@type":"WebSite","@id":"https:\/\/www.dr-entrup.de\/en\/#website","url":"https:\/\/www.dr-entrup.de\/en\/","name":"BALANCE Fachpraxis f\u00fcr umfassende Kieferorthop\u00e4die Hannover Dr. Entrup","description":"BALANCE Fachpraxis f\u00fcr umfassende Kieferorthop\u00e4die Hannover Dr. Entrup","publisher":{"@id":"https:\/\/www.dr-entrup.de\/en\/#organization"},"potentialAction":[{"@type":"SearchAction","target":{"@type":"EntryPoint","urlTemplate":"https:\/\/www.dr-entrup.de\/en\/?s={search_term_string}"},"query-input":{"@type":"PropertyValueSpecification","valueRequired":true,"valueName":"search_term_string"}}],"inLanguage":"en-DE"},{"@type":"Organization","@id":"https:\/\/www.dr-entrup.de\/en\/#organization","name":"BALANCE Fachpraxis f\u00fcr umfassende Kieferorthop\u00e4die Hannover Dr. Entrup","url":"https:\/\/www.dr-entrup.de\/en\/","logo":{"@type":"ImageObject","inLanguage":"en-DE","@id":"https:\/\/www.dr-entrup.de\/en\/#\/schema\/logo\/image\/","url":"https:\/\/www.dr-entrup.de\/wp-content\/uploads\/2023\/11\/logo-plus-subtext.png","contentUrl":"https:\/\/www.dr-entrup.de\/wp-content\/uploads\/2023\/11\/logo-plus-subtext.png","width":302,"height":326,"caption":"BALANCE Fachpraxis f\u00fcr umfassende Kieferorthop\u00e4die Hannover Dr. Entrup"},"image":{"@id":"https:\/\/www.dr-entrup.de\/en\/#\/schema\/logo\/image\/"}}]}},"_links":{"self":[{"href":"https:\/\/www.dr-entrup.de\/en\/wp-json\/wp\/v2\/pages\/4863","targetHints":{"allow":["GET"]}}],"collection":[{"href":"https:\/\/www.dr-entrup.de\/en\/wp-json\/wp\/v2\/pages"}],"about":[{"href":"https:\/\/www.dr-entrup.de\/en\/wp-json\/wp\/v2\/types\/page"}],"author":[{"embeddable":true,"href":"https:\/\/www.dr-entrup.de\/en\/wp-json\/wp\/v2\/users\/1"}],"replies":[{"embeddable":true,"href":"https:\/\/www.dr-entrup.de\/en\/wp-json\/wp\/v2\/comments?post=4863"}],"version-history":[{"count":6,"href":"https:\/\/www.dr-entrup.de\/en\/wp-json\/wp\/v2\/pages\/4863\/revisions"}],"predecessor-version":[{"id":6830,"href":"https:\/\/www.dr-entrup.de\/en\/wp-json\/wp\/v2\/pages\/4863\/revisions\/6830"}],"wp:attachment":[{"href":"https:\/\/www.dr-entrup.de\/en\/wp-json\/wp\/v2\/media?parent=4863"}],"curies":[{"name":"wp","href":"https:\/\/api.w.org\/{rel}","templated":true}]}}