{"id":4862,"date":"2023-10-25T18:16:03","date_gmt":"2023-10-25T16:16:03","guid":{"rendered":"https:\/\/debug.dr-entrup.de\/long-term-stability\/"},"modified":"2024-06-11T11:46:19","modified_gmt":"2024-06-11T09:46:19","slug":"long-term-stability-with-balance-retainer-orthodontics-hanover","status":"publish","type":"page","link":"https:\/\/www.dr-entrup.de\/en\/long-term-stability-with-balance-retainer-orthodontics-hanover\/","title":{"rendered":"Long-term stability"},"content":{"rendered":"\n<section class = \"fdn-grid\">\n\t<div class = \"grid-container no-padding\">\n\t\t<div class = \"grid-x\">\n\t\t\t<div class=\"cell large-12 small-12 \">\n\t\t\t\t<div class =\"hero hero--background-gray text-center\">\n\t\t\t\t\t<img loading=\"lazy\" decoding=\"async\" width=\"1800\" height=\"803\" src=\"https:\/\/www.dr-entrup.de\/wp-content\/uploads\/2024\/05\/Langzeitstabilitat-\u2013-Erfolgreiche-Zahnkorrektur-dauerhaft-erhalten-Kieferorthopaedie-Hannover-1.png\" class=\"image img-responsive-no-block\" alt=\"Langzeitstabilita\u0308t \u2013 Erfolgreiche Zahnkorrektur dauerhaft erhalten - Kieferorthopaedie Hannover\" srcset=\"https:\/\/www.dr-entrup.de\/wp-content\/uploads\/2024\/05\/Langzeitstabilitat-\u2013-Erfolgreiche-Zahnkorrektur-dauerhaft-erhalten-Kieferorthopaedie-Hannover-1.png 1800w, https:\/\/www.dr-entrup.de\/wp-content\/uploads\/2024\/05\/Langzeitstabilitat-\u2013-Erfolgreiche-Zahnkorrektur-dauerhaft-erhalten-Kieferorthopaedie-Hannover-1-300x134.png 300w, https:\/\/www.dr-entrup.de\/wp-content\/uploads\/2024\/05\/Langzeitstabilitat-\u2013-Erfolgreiche-Zahnkorrektur-dauerhaft-erhalten-Kieferorthopaedie-Hannover-1-1024x457.png 1024w, https:\/\/www.dr-entrup.de\/wp-content\/uploads\/2024\/05\/Langzeitstabilitat-\u2013-Erfolgreiche-Zahnkorrektur-dauerhaft-erhalten-Kieferorthopaedie-Hannover-1-768x343.png 768w, https:\/\/www.dr-entrup.de\/wp-content\/uploads\/2024\/05\/Langzeitstabilitat-\u2013-Erfolgreiche-Zahnkorrektur-dauerhaft-erhalten-Kieferorthopaedie-Hannover-1-1536x685.png 1536w\" sizes=\"auto, (max-width: 1800px) 100vw, 1800px\" \/>\t\t\t\t<\/div>\n\t\t\t<\/div>\n\t\t<\/div>\n\t<\/div>\n<\/section>\n\n<section class = \"fdn-grid\">\n    <div class = \"p-top-mobile-50\"><\/div>\n    <div class = \"grid-container full-with-margin-10 no-padding\">\n        <div class = \"grid-x\">\n            <div class = \"cell small-12\">\n\n\n\n                <h1 class=\"heading heading--primary m-bottom-40\">Long-term stability &#8211; maintaining successful tooth correction in the long term<\/h1>\n                <h2 class=\"heading heading--secondary m-bottom-10\">A perfect result &#8211; for a lifetime &#8211; Specialist practice for comprehensive orthodontics Hanover<\/h2>\n                <span class=\"short-line-decoration short-line-decoration--mini-width color-bordeaux-bg\"><\/span>\n\n                <div class=\"m-top-40 paragraph\">\n\n                    <p>Perhaps you know it from the commercials, the perfect bite. Beautiful straight white teeth biting into a crunchy apple. We also want to optimize the interaction of the jaw with the spine. Once this goal has been achieved, maintaining the position of the teeth is of crucial importance. For this purpose, a fixed retainer is usually attached to the inside of the teeth in addition to other appliances.<br \/>\nThis wire now prevents the teeth, which have been painstakingly brought into position with braces, from shifting back to their original position. Unfortunately, a conventional retainer can lead to so-called locking stress.<\/p>\n\n                <\/div>\n                                <a href='tel:+49511364990' class='button color-bordeaux-bg color-white button--medium' target='_self'> Call now &amp; get advice <\/a>                            <\/div>\n        <\/div>\n    <\/div>\n     <div class = \"p-top-mobile-50\"><\/div>\n<\/section>\n\n<section class = \"fdn-grid color-extra-pink-bg\">\n\n        <div class = \"p-top-mobile-50\"><\/div>\n    <div class = \"grid-container full-with-margin-10 no-padding\">\n\n        <div class = \"grid-x\">\n            <div class=\"cell large-6 small-12\">\n                <div class = \"m-right-25  m-bottom-25 m-left-mob-0 m-right-mob-0 m-left-tab-0 m-right-tab-0\">\n  \n  <h2 class='heading heading--medium  m-bottom-10 color-bordeaux'>Possible side effects of a conventional retainer<\/h2><span class='short-line-decoration  short-line-decoration--mini-width color-primary-bg'><\/span><div class = 'paragraph--medium paragraph--primary m-top-40'><p>Unfortunately, this blocking of the front teeth also causes a blocking of the bone sutures (cranial sutures) or a dysfunction of the temporomandibular joints and therefore has an unfavorable effect on the position of the upper cervical joints and cervical vertebrae. Well-being is not always affected immediately, as the body first tries to compensate for the dysfunction. Part of the body&#8217;s own strategy is to adjust the function of the cervical vertebrae in the sense of so-called blockages, which in some cases can also lead to <a href=\"https:\/\/www.dr-entrup.de\/en\/tmj-treatment-hannover-temporomandibular-joint-dysfunction\/\">jaw joint problems<\/a>, <a href=\"https:\/\/www.dr-entrup.de\/en\/headache-migraine-treat-orthodontics-hanover\/\">headaches<\/a>, neck pain, <a href=\"https:\/\/www.dr-entrup.de\/en\/back-pain-treatment-orthodontics-hanover\/\">back pain<\/a> and paresthesia in the hands.<\/p>\n<\/div>                                            <\/div>\n                <\/div>\n\n\n\n\n\n\n            <div class=\"cell large-6 small-12 \">\n                <div class = \"m-left-25 m-bottom-25 m-left-mob-0 m-right-mob-0 m-left-tab-0 m-right-tab-0\">\n\n                    <div class=\"videoWrapper\">\n                        <!-- Copy & Pasted from YouTube -->\n\t\t\t\t\t\t<p><iframe loading=\"lazy\" title=\"Balance Retainer\" src=\"https:\/\/www.youtube.com\/embed\/ngJEmePWWU0\" width=\"1094\" height=\"615\" frameborder=\"0\" allowfullscreen=\"allowfullscreen\"><\/iframe><\/p>\n\n                    <\/div>\n\n                    <\/div>\n                <\/div>\n\n\n\n\n        <\/div>\n\n    <\/div>\n        <div class = \"p-top-mobile-50\"><\/div>\n<\/section>\n\n<section class = \"fdn-grid color-white-bg\">\n\n        <div class = \"p-top-mobile-50\"><\/div>\n    <div class = \"grid-container full-with-margin-10 no-padding\">\n\n        <div class = \"grid-x\">\n            <div class=\"cell large-6 small-12\">\n                <div class = \"m-right-25  m-bottom-25 m-left-mob-0 m-right-mob-0 m-left-tab-0 m-right-tab-0\">\n  \n  <h2 class='heading heading--medium  m-bottom-10 color-bordeaux'>The Balance Retainer &#8211; Avoiding side effects through innovation<\/h2><span class='short-line-decoration  short-line-decoration--mini-width color-primary-bg'><\/span><div class = 'paragraph--medium paragraph--primary m-top-40'><p>headaches, neck pain, back pain and paresthesia in the hands.<br \/>\nWe have therefore developed the patented <strong class=\"cms-bold\">balance retainer<\/strong> in Hanover, which meets the high demands of the <a href=\"https:\/\/www.dr-entrup.de\/en\/balance-treatment-concept-comprehensive-orthodontics-hannover\/\">balance treatment concept<\/a> and stabilizes the teeth to maintain the beautiful aesthetic result without causing any of the side effects mentioned above.<strong>  This means that the retainer must hold the teeth in position, but must not lead to blocking of the cranial contours or disruption of the temporomandibular joint function.<\/strong><\/p>\n<p><strong>We would be happy to advise you personally!<\/strong><\/p>\n<\/div>                                            <\/div>\n                <\/div>\n\n\n\n\n\n\n            <div class=\"cell large-6 small-12 \">\n                <div class = \"m-left-25 m-bottom-25 m-left-mob-0 m-right-mob-0 m-left-tab-0 m-right-tab-0\">\n\n                    <div class=\"videoWrapper\">\n                        <!-- Copy & Pasted from YouTube -->\n\t\t\t\t\t\t<p><iframe loading=\"lazy\" title=\"The balance retainer - a (bio)logical option for long-term stabilization after orthodontics\" src=\"https:\/\/www.youtube.com\/embed\/9qjBRbDsEhg\" width=\"1094\" height=\"615\" frameborder=\"0\" allowfullscreen=\"allowfullscreen\"><\/iframe><\/p>\n\n                    <\/div>\n\n                    <\/div>\n                <\/div>\n\n\n\n\n        <\/div>\n\n    <\/div>\n        <div class = \"p-top-mobile-50\"><\/div>\n<\/section>\n\n\n<section class = \"fdn-grid color-light-pink-bg\">\n        <div class = \"p-top-mobile-50\"><\/div>\n\n    <div class = \"grid-container full-with-margin-10 no-padding\">\n\n        <div class = \"grid-x\">\n\n            <div class = \"cell small-12\">\n\n           \n  <h2 class='heading heading--medium  m-bottom-10 color-bordeaux'>BALANCE-Retainer: Durable &#8211; Healthy &#8211; Compatible &#8211; Esthetic<\/h2><span class='short-line-decoration  short-line-decoration--mini-width color-primary-bg'><\/span><div class = 'paragraph--medium paragraph--primary m-top-40'><p>We have therefore developed the patented Balance-Retainer, which meets the high demands of the Balance treatment concept and stabilizes the teeth.<\/p>\n<figure id=\"attachment_3500\" aria-describedby=\"caption-attachment-3500\" style=\"width: 590px\" class=\"wp-caption aligncenter\"><img loading=\"lazy\" decoding=\"async\" class=\"wp-image-3500 size-full\" src=\"https:\/\/www.dr-entrup.de\/wp-content\/uploads\/2023\/12\/Patent-Urkunde-Balance-Retainer-Fachpraxis-fur-umfassende-Kieferorthopadie-Dres.-W.-J.-Entrup-Dr.-T.-Altvater-Hannover.png\" alt=\"\" width=\"600\" height=\"848\" srcset=\"https:\/\/www.dr-entrup.de\/wp-content\/uploads\/2023\/12\/Patent-Urkunde-Balance-Retainer-Fachpraxis-fur-umfassende-Kieferorthopadie-Dres.-W.-J.-Entrup-Dr.-T.-Altvater-Hannover.png 600w, https:\/\/www.dr-entrup.de\/wp-content\/uploads\/2023\/12\/Patent-Urkunde-Balance-Retainer-Fachpraxis-fur-umfassende-Kieferorthopadie-Dres.-W.-J.-Entrup-Dr.-T.-Altvater-Hannover-212x300.png 212w\" sizes=\"auto, (max-width: 600px) 100vw, 600px\" \/><figcaption id=\"caption-attachment-3500\" class=\"wp-caption-text\">Proof of patent for the balance retainer described above.<\/figcaption><\/figure>\n<\/div>\t\t\t\t\n\t\t\t\t\n\t\t\t\t\n                            <\/div>\n        <\/div>\n    <\/div>\n        <div class = \"p-top-mobile-50\"><\/div>\n<\/section>","protected":false},"excerpt":{"rendered":"","protected":false},"author":1,"featured_media":0,"parent":0,"menu_order":0,"comment_status":"closed","ping_status":"closed","template":"","meta":{"footnotes":""},"class_list":["post-4862","page","type-page","status-publish"],"acf":[],"yoast_head":"<!-- This site is optimized with the Yoast SEO plugin v27.5 - https:\/\/yoast.com\/product\/yoast-seo-wordpress\/ -->\n<title>Long-term stability with BALANCE retainers - Kieferorthop\u00e4die Hannover<\/title>\n<meta name=\"description\" content=\"Long-term stability with BALANCE-Retainer - Successful tooth correction permanently maintained. A perfect result - for a lifetime - Specialist practice for comprehensive orthodontics Hanover\" \/>\n<meta name=\"robots\" content=\"index, follow, max-snippet:-1, max-image-preview:large, max-video-preview:-1\" \/>\n<link rel=\"canonical\" href=\"https:\/\/www.dr-entrup.de\/en\/long-term-stability-with-balance-retainer-orthodontics-hanover\/\" \/>\n<meta property=\"og:locale\" content=\"en_US\" \/>\n<meta property=\"og:type\" content=\"article\" \/>\n<meta property=\"og:title\" content=\"Long-term stability with BALANCE retainers - Kieferorthop\u00e4die Hannover\" \/>\n<meta property=\"og:description\" content=\"Long-term stability with BALANCE-Retainer - Successful tooth correction permanently maintained. A perfect result - for a lifetime - Specialist practice for comprehensive orthodontics Hanover\" \/>\n<meta property=\"og:url\" content=\"https:\/\/www.dr-entrup.de\/en\/long-term-stability-with-balance-retainer-orthodontics-hanover\/\" \/>\n<meta property=\"og:site_name\" content=\"BALANCE Fachpraxis f\u00fcr umfassende Kieferorthop\u00e4die Hannover Dr. Entrup\" \/>\n<meta property=\"article:modified_time\" content=\"2024-06-11T09:46:19+00:00\" \/>\n<meta name=\"twitter:card\" content=\"summary_large_image\" \/>\n<script type=\"application\/ld+json\" class=\"yoast-schema-graph\">{\"@context\":\"https:\\\/\\\/schema.org\",\"@graph\":[{\"@type\":\"WebPage\",\"@id\":\"https:\\\/\\\/www.dr-entrup.de\\\/en\\\/long-term-stability-with-balance-retainer-orthodontics-hanover\\\/\",\"url\":\"https:\\\/\\\/www.dr-entrup.de\\\/en\\\/long-term-stability-with-balance-retainer-orthodontics-hanover\\\/\",\"name\":\"Long-term stability with BALANCE retainers - Kieferorthop\u00e4die Hannover\",\"isPartOf\":{\"@id\":\"https:\\\/\\\/www.dr-entrup.de\\\/en\\\/#website\"},\"datePublished\":\"2023-10-25T16:16:03+00:00\",\"dateModified\":\"2024-06-11T09:46:19+00:00\",\"description\":\"Long-term stability with BALANCE-Retainer - Successful tooth correction permanently maintained. A perfect result - for a lifetime - Specialist practice for comprehensive orthodontics Hanover\",\"breadcrumb\":{\"@id\":\"https:\\\/\\\/www.dr-entrup.de\\\/en\\\/long-term-stability-with-balance-retainer-orthodontics-hanover\\\/#breadcrumb\"},\"inLanguage\":\"en-DE\",\"potentialAction\":[{\"@type\":\"ReadAction\",\"target\":[\"https:\\\/\\\/www.dr-entrup.de\\\/en\\\/long-term-stability-with-balance-retainer-orthodontics-hanover\\\/\"]}]},{\"@type\":\"BreadcrumbList\",\"@id\":\"https:\\\/\\\/www.dr-entrup.de\\\/en\\\/long-term-stability-with-balance-retainer-orthodontics-hanover\\\/#breadcrumb\",\"itemListElement\":[{\"@type\":\"ListItem\",\"position\":1,\"name\":\"Home\",\"item\":\"https:\\\/\\\/www.dr-entrup.de\\\/en\\\/\"},{\"@type\":\"ListItem\",\"position\":2,\"name\":\"Long-term stability\"}]},{\"@type\":\"WebSite\",\"@id\":\"https:\\\/\\\/www.dr-entrup.de\\\/en\\\/#website\",\"url\":\"https:\\\/\\\/www.dr-entrup.de\\\/en\\\/\",\"name\":\"BALANCE Fachpraxis f\u00fcr umfassende Kieferorthop\u00e4die Hannover Dr. Entrup\",\"description\":\"BALANCE Fachpraxis f\u00fcr umfassende Kieferorthop\u00e4die Hannover Dr. Entrup\",\"publisher\":{\"@id\":\"https:\\\/\\\/www.dr-entrup.de\\\/en\\\/#organization\"},\"potentialAction\":[{\"@type\":\"SearchAction\",\"target\":{\"@type\":\"EntryPoint\",\"urlTemplate\":\"https:\\\/\\\/www.dr-entrup.de\\\/en\\\/?s={search_term_string}\"},\"query-input\":{\"@type\":\"PropertyValueSpecification\",\"valueRequired\":true,\"valueName\":\"search_term_string\"}}],\"inLanguage\":\"en-DE\"},{\"@type\":\"Organization\",\"@id\":\"https:\\\/\\\/www.dr-entrup.de\\\/en\\\/#organization\",\"name\":\"BALANCE Fachpraxis f\u00fcr umfassende Kieferorthop\u00e4die Hannover Dr. Entrup\",\"url\":\"https:\\\/\\\/www.dr-entrup.de\\\/en\\\/\",\"logo\":{\"@type\":\"ImageObject\",\"inLanguage\":\"en-DE\",\"@id\":\"https:\\\/\\\/www.dr-entrup.de\\\/en\\\/#\\\/schema\\\/logo\\\/image\\\/\",\"url\":\"https:\\\/\\\/www.dr-entrup.de\\\/wp-content\\\/uploads\\\/2023\\\/11\\\/logo-plus-subtext.png\",\"contentUrl\":\"https:\\\/\\\/www.dr-entrup.de\\\/wp-content\\\/uploads\\\/2023\\\/11\\\/logo-plus-subtext.png\",\"width\":302,\"height\":326,\"caption\":\"BALANCE Fachpraxis f\u00fcr umfassende Kieferorthop\u00e4die Hannover Dr. Entrup\"},\"image\":{\"@id\":\"https:\\\/\\\/www.dr-entrup.de\\\/en\\\/#\\\/schema\\\/logo\\\/image\\\/\"}}]}<\/script>\n<!-- \/ Yoast SEO plugin. -->","yoast_head_json":{"title":"Long-term stability with BALANCE retainers - Kieferorthop\u00e4die Hannover","description":"Long-term stability with BALANCE-Retainer - Successful tooth correction permanently maintained. A perfect result - for a lifetime - Specialist practice for comprehensive orthodontics Hanover","robots":{"index":"index","follow":"follow","max-snippet":"max-snippet:-1","max-image-preview":"max-image-preview:large","max-video-preview":"max-video-preview:-1"},"canonical":"https:\/\/www.dr-entrup.de\/en\/long-term-stability-with-balance-retainer-orthodontics-hanover\/","og_locale":"en_US","og_type":"article","og_title":"Long-term stability with BALANCE retainers - Kieferorthop\u00e4die Hannover","og_description":"Long-term stability with BALANCE-Retainer - Successful tooth correction permanently maintained. A perfect result - for a lifetime - Specialist practice for comprehensive orthodontics Hanover","og_url":"https:\/\/www.dr-entrup.de\/en\/long-term-stability-with-balance-retainer-orthodontics-hanover\/","og_site_name":"BALANCE Fachpraxis f\u00fcr umfassende Kieferorthop\u00e4die Hannover Dr. Entrup","article_modified_time":"2024-06-11T09:46:19+00:00","twitter_card":"summary_large_image","schema":{"@context":"https:\/\/schema.org","@graph":[{"@type":"WebPage","@id":"https:\/\/www.dr-entrup.de\/en\/long-term-stability-with-balance-retainer-orthodontics-hanover\/","url":"https:\/\/www.dr-entrup.de\/en\/long-term-stability-with-balance-retainer-orthodontics-hanover\/","name":"Long-term stability with BALANCE retainers - Kieferorthop\u00e4die Hannover","isPartOf":{"@id":"https:\/\/www.dr-entrup.de\/en\/#website"},"datePublished":"2023-10-25T16:16:03+00:00","dateModified":"2024-06-11T09:46:19+00:00","description":"Long-term stability with BALANCE-Retainer - Successful tooth correction permanently maintained. A perfect result - for a lifetime - Specialist practice for comprehensive orthodontics Hanover","breadcrumb":{"@id":"https:\/\/www.dr-entrup.de\/en\/long-term-stability-with-balance-retainer-orthodontics-hanover\/#breadcrumb"},"inLanguage":"en-DE","potentialAction":[{"@type":"ReadAction","target":["https:\/\/www.dr-entrup.de\/en\/long-term-stability-with-balance-retainer-orthodontics-hanover\/"]}]},{"@type":"BreadcrumbList","@id":"https:\/\/www.dr-entrup.de\/en\/long-term-stability-with-balance-retainer-orthodontics-hanover\/#breadcrumb","itemListElement":[{"@type":"ListItem","position":1,"name":"Home","item":"https:\/\/www.dr-entrup.de\/en\/"},{"@type":"ListItem","position":2,"name":"Long-term stability"}]},{"@type":"WebSite","@id":"https:\/\/www.dr-entrup.de\/en\/#website","url":"https:\/\/www.dr-entrup.de\/en\/","name":"BALANCE Fachpraxis f\u00fcr umfassende Kieferorthop\u00e4die Hannover Dr. Entrup","description":"BALANCE Fachpraxis f\u00fcr umfassende Kieferorthop\u00e4die Hannover Dr. Entrup","publisher":{"@id":"https:\/\/www.dr-entrup.de\/en\/#organization"},"potentialAction":[{"@type":"SearchAction","target":{"@type":"EntryPoint","urlTemplate":"https:\/\/www.dr-entrup.de\/en\/?s={search_term_string}"},"query-input":{"@type":"PropertyValueSpecification","valueRequired":true,"valueName":"search_term_string"}}],"inLanguage":"en-DE"},{"@type":"Organization","@id":"https:\/\/www.dr-entrup.de\/en\/#organization","name":"BALANCE Fachpraxis f\u00fcr umfassende Kieferorthop\u00e4die Hannover Dr. Entrup","url":"https:\/\/www.dr-entrup.de\/en\/","logo":{"@type":"ImageObject","inLanguage":"en-DE","@id":"https:\/\/www.dr-entrup.de\/en\/#\/schema\/logo\/image\/","url":"https:\/\/www.dr-entrup.de\/wp-content\/uploads\/2023\/11\/logo-plus-subtext.png","contentUrl":"https:\/\/www.dr-entrup.de\/wp-content\/uploads\/2023\/11\/logo-plus-subtext.png","width":302,"height":326,"caption":"BALANCE Fachpraxis f\u00fcr umfassende Kieferorthop\u00e4die Hannover Dr. Entrup"},"image":{"@id":"https:\/\/www.dr-entrup.de\/en\/#\/schema\/logo\/image\/"}}]}},"_links":{"self":[{"href":"https:\/\/www.dr-entrup.de\/en\/wp-json\/wp\/v2\/pages\/4862","targetHints":{"allow":["GET"]}}],"collection":[{"href":"https:\/\/www.dr-entrup.de\/en\/wp-json\/wp\/v2\/pages"}],"about":[{"href":"https:\/\/www.dr-entrup.de\/en\/wp-json\/wp\/v2\/types\/page"}],"author":[{"embeddable":true,"href":"https:\/\/www.dr-entrup.de\/en\/wp-json\/wp\/v2\/users\/1"}],"replies":[{"embeddable":true,"href":"https:\/\/www.dr-entrup.de\/en\/wp-json\/wp\/v2\/comments?post=4862"}],"version-history":[{"count":2,"href":"https:\/\/www.dr-entrup.de\/en\/wp-json\/wp\/v2\/pages\/4862\/revisions"}],"predecessor-version":[{"id":5445,"href":"https:\/\/www.dr-entrup.de\/en\/wp-json\/wp\/v2\/pages\/4862\/revisions\/5445"}],"wp:attachment":[{"href":"https:\/\/www.dr-entrup.de\/en\/wp-json\/wp\/v2\/media?parent=4862"}],"curies":[{"name":"wp","href":"https:\/\/api.w.org\/{rel}","templated":true}]}}