{"id":4854,"date":"2023-10-25T18:18:30","date_gmt":"2023-10-25T16:18:30","guid":{"rendered":"https:\/\/debug.dr-entrup.de\/our-practice\/"},"modified":"2024-06-25T10:04:56","modified_gmt":"2024-06-25T08:04:56","slug":"our-practice-hannover-orthodontics","status":"publish","type":"page","link":"https:\/\/www.dr-entrup.de\/en\/our-practice-hannover-orthodontics\/","title":{"rendered":"Our practice"},"content":{"rendered":"\n<section class = \"fdn-grid\">\n\t<div class = \"grid-container no-padding\">\n\t\t<div class = \"grid-x\">\n\t\t\t<div class=\"cell large-12 small-12 \">\n\t\t\t\t<div class =\"hero hero--background-gray text-center\">\n\t\t\t\t\t<img loading=\"lazy\" decoding=\"async\" width=\"1800\" height=\"973\" src=\"https:\/\/www.dr-entrup.de\/wp-content\/uploads\/2024\/06\/Unsere-Praxisraume-in-Hannover-Fachpraxis-fur-umfassende-Kieferorthopadie-Dr.-Entrup.jpeg\" class=\"image img-responsive-no-block\" alt=\"Unsere Praxisr\u00e4ume in Hannover - Fachpraxis f\u00fcr umfassende Kieferorthop\u00e4die Dr. Entrup\" srcset=\"https:\/\/www.dr-entrup.de\/wp-content\/uploads\/2024\/06\/Unsere-Praxisraume-in-Hannover-Fachpraxis-fur-umfassende-Kieferorthopadie-Dr.-Entrup.jpeg 1800w, https:\/\/www.dr-entrup.de\/wp-content\/uploads\/2024\/06\/Unsere-Praxisraume-in-Hannover-Fachpraxis-fur-umfassende-Kieferorthopadie-Dr.-Entrup-300x162.jpeg 300w, https:\/\/www.dr-entrup.de\/wp-content\/uploads\/2024\/06\/Unsere-Praxisraume-in-Hannover-Fachpraxis-fur-umfassende-Kieferorthopadie-Dr.-Entrup-1024x554.jpeg 1024w, https:\/\/www.dr-entrup.de\/wp-content\/uploads\/2024\/06\/Unsere-Praxisraume-in-Hannover-Fachpraxis-fur-umfassende-Kieferorthopadie-Dr.-Entrup-768x415.jpeg 768w, https:\/\/www.dr-entrup.de\/wp-content\/uploads\/2024\/06\/Unsere-Praxisraume-in-Hannover-Fachpraxis-fur-umfassende-Kieferorthopadie-Dr.-Entrup-1536x830.jpeg 1536w\" sizes=\"auto, (max-width: 1800px) 100vw, 1800px\" \/>\t\t\t\t<\/div>\n\t\t\t<\/div>\n\t\t<\/div>\n\t<\/div>\n<\/section>\n\n<section class = \"fdn-grid\">\n    <div class = \"p-top-mobile-50\"><\/div>\n    <div class = \"grid-container full-with-margin-10 no-padding\">\n        <div class = \"grid-x\">\n            <div class = \"cell small-12\">\n\n\n\n                <h1 class=\"heading heading--primary m-bottom-40\">Our practice rooms in Hanover<\/h1>\n                <h2 class=\"heading heading--secondary m-bottom-10\">Specialist practice for comprehensive orthodontics Dres. W. &amp; J. Entrup &amp; Dr. T. Altvater <\/h2>\n                <span class=\"short-line-decoration short-line-decoration--mini-width color-bordeaux-bg\"><\/span>\n\n                <div class=\"m-top-40 paragraph\">\n\n                    <p><strong class=\"cms-bold\">New premises in Hanover <\/strong>, taking into account modern diagnostic methods of analysis, body statics, body dynamics and functional neurology: including<\/p>\n<ul>\n<li>Scoliosometry<\/li>\n<li>Craniocorpography<\/li>\n<li>Stabilometry<\/li>\n<li>Grid stereography<\/li>\n<li>Podometry<\/li>\n<li>Blind Spot Evaluation<\/li>\n<li>Digital, radiation-reduced X-ray technology (including dental volume tomography, DVT)<\/li>\n<\/ul>\n<p>&nbsp;<\/p>\n\n                <\/div>\n                            <\/div>\n        <\/div>\n    <\/div>\n     <div class = \"p-top-mobile-50\"><\/div>\n<\/section>\n\n\n<section class = \"fdn-grid color-extra-pink-bg\">\n\t    <div class = \"p-top-mobile-50\"><\/div>\n    <div class = \"grid-container full-with-margin-10 no-padding\">\n        <div class = \"grid-x grid-padding-x small-padding\" >\n\t\t\t<div class = \"cell small-12 large-12\">\n\t\t\t\t<h2 class = \"heading m-bottom-10 heading--text-center heading--medium heading--large color-bordeaux\">Our treatment<br>room<\/h2>\n\n\t\t\t\t<h3 class = \"heading m-bottom-10 heading--text-center color-primary\">Welcome to a tour of our specialist orthodontic practice in Hanover<\/h3>\n\n\t\t\t\t<span class = \"short-line-decoration short-line-decoration--centered color-primary-bg\"><\/span>\n\t\t\t\t<div class = \"paragraph text-center m-top-25 m-bottom-25\">\n\n\t\t\t\t\t<p>Get to know our practice premises before your visit:<\/p>\n\t\t\t\t<\/div>\n\n\t\t\t<\/div>\n\n\n\t\t\t\t<div class = 'cell large-4 medium-6 small-12 text-center'><div class='card m-bottom-25'><img src='https:\/\/www.dr-entrup.de\/wp-content\/uploads\/2023\/12\/Praxis3.jpg' class = 'image img-responsive-no-block' alt='Treatment room orthodontic practice Dr. Entrup Hanover'><div class='card-section'><div class = 'card-section-content'><h3 class = 'heading heading--secondary m-bottom-10 color-primary heading--text-center m-top-15'>Treatment room<\/h3><span class = 'short-line-decoration color-primary-bg short-line-decoration--centered'><\/span><div class = 'paragraph m-top-25'><p>Modern equipment<\/p><\/div><\/div><\/div><\/div><\/div><div class = 'cell large-4 medium-6 small-12 text-center'><div class='card m-bottom-25'><img src='https:\/\/www.dr-entrup.de\/wp-content\/uploads\/2023\/12\/Praxis4.jpg' class = 'image img-responsive-no-block' alt='Practice rooms orthodontics Hanover'><div class='card-section'><div class = 'card-section-content'><h3 class = 'heading heading--secondary m-bottom-10 color-primary heading--text-center m-top-15'>Practice rooms in use<\/h3><span class = 'short-line-decoration color-primary-bg short-line-decoration--centered'><\/span><div class = 'paragraph m-top-25'><p>Excellent diagnostic procedures  <\/p><\/div><\/div><\/div><\/div><\/div><div class = 'cell large-4 medium-6 small-12 text-center'><div class='card m-bottom-25'><img src='https:\/\/www.dr-entrup.de\/wp-content\/uploads\/2023\/12\/3d-analyse.jpg' class = 'image img-responsive-no-block' alt='The third dimension makes things much clearer - 3D analysis - Digital X-ray'><div class='card-section'><div class = 'card-section-content'><h3 class = 'heading heading--secondary m-bottom-10 color-primary heading--text-center m-top-15'>3D analysis<\/h3><span class = 'short-line-decoration color-primary-bg short-line-decoration--centered'><\/span><div class = 'paragraph m-top-25'><p>The third dimension makes many things clearer  <\/p><\/div><\/div><\/div><\/div><\/div>\n\n\n\n\n\n\n        <\/div>\n    <\/div>\n\t    <div class = \"p-top-mobile-50\"><\/div>\n<\/section>\n\n<section class = \"fdn-grid color-white-bg\">\n    <div class = \"p-top-mobile-50\"><\/div>\n\n\n    <div class = \"grid-container full-with-margin-10 no-padding\">\n\n        <div class = \"grid-x grid-padding-x\">\n\n            <div class = \"cell small-12 text-center\">\n                <h2 class = \"heading  m-bottom-10 heading--text-center heading--medium color-bordeaux\">Please feel free to arrange a consultation<\/h2>\n                <h3 class = \"heading heading--regular m-bottom-10 heading--text-center color-bordeaux\">Orthodontics Hannover for the whole family<\/h3>\n                <span class = \"short-line-decoration short-line-decoration--centered color-primary-bg\"><\/span>\n\n                <div class=\"paragraph m-top-40 m-bottom-25\">\n                    <p>Tooth and jaw misalignments can be corrected in childhood, but also in adults.  <strong>The orthodontic practice Dres. W. &amp; J. Entrup &amp; Dr. T. Altvater in Hanover offers advice and solutions for all ages.<\/strong>  For optimal jaw functionality and an attractive smile, you have come to the right place. Simply make an appointment for a consultation in our practice.<\/p>\n                <\/div>\n\n                                <a target = \"_self\" href=\"tel:+49511364990\" class=\"button color-bordeaux-bg color-white button--medium\">Just give us a call<\/a>\n                \n            <\/div>\n        <\/div>\n    <\/div>\n\n    <div class = \"p-top-mobile-50\"><\/div>\n\n<\/section>\n\n","protected":false},"excerpt":{"rendered":"","protected":false},"author":1,"featured_media":0,"parent":0,"menu_order":0,"comment_status":"closed","ping_status":"closed","template":"","meta":{"footnotes":""},"class_list":["post-4854","page","type-page","status-publish"],"acf":[],"yoast_head":"<!-- This site is optimized with the Yoast SEO plugin v27.5 - https:\/\/yoast.com\/product\/yoast-seo-wordpress\/ -->\n<title>Our practice in Hanover - Specialist practice for comprehensive orthodontics<\/title>\n<meta name=\"description\" content=\"Our practice rooms in Hanover - Specialist practice for comprehensive orthodontics Dres. W. &amp; J. Entrup &amp; Dr. T. Altvater. Get to know our practice premises before your visit.\" \/>\n<meta name=\"robots\" content=\"index, follow, max-snippet:-1, max-image-preview:large, max-video-preview:-1\" \/>\n<link rel=\"canonical\" href=\"https:\/\/www.dr-entrup.de\/en\/our-practice-hannover-orthodontics\/\" \/>\n<meta property=\"og:locale\" content=\"en_US\" \/>\n<meta property=\"og:type\" content=\"article\" \/>\n<meta property=\"og:title\" content=\"Our practice in Hanover - Specialist practice for comprehensive orthodontics\" \/>\n<meta property=\"og:description\" content=\"Our practice rooms in Hanover - Specialist practice for comprehensive orthodontics Dres. W. &amp; J. Entrup &amp; Dr. T. Altvater. Get to know our practice premises before your visit.\" \/>\n<meta property=\"og:url\" content=\"https:\/\/www.dr-entrup.de\/en\/our-practice-hannover-orthodontics\/\" \/>\n<meta property=\"og:site_name\" content=\"BALANCE Fachpraxis f\u00fcr umfassende Kieferorthop\u00e4die Hannover Dr. Entrup\" \/>\n<meta property=\"article:modified_time\" content=\"2024-06-25T08:04:56+00:00\" \/>\n<meta name=\"twitter:card\" content=\"summary_large_image\" \/>\n<script type=\"application\/ld+json\" class=\"yoast-schema-graph\">{\"@context\":\"https:\\\/\\\/schema.org\",\"@graph\":[{\"@type\":\"WebPage\",\"@id\":\"https:\\\/\\\/www.dr-entrup.de\\\/en\\\/our-practice-hannover-orthodontics\\\/\",\"url\":\"https:\\\/\\\/www.dr-entrup.de\\\/en\\\/our-practice-hannover-orthodontics\\\/\",\"name\":\"Our practice in Hanover - Specialist practice for comprehensive orthodontics\",\"isPartOf\":{\"@id\":\"https:\\\/\\\/www.dr-entrup.de\\\/en\\\/#website\"},\"datePublished\":\"2023-10-25T16:18:30+00:00\",\"dateModified\":\"2024-06-25T08:04:56+00:00\",\"description\":\"Our practice rooms in Hanover - Specialist practice for comprehensive orthodontics Dres. W. & J. Entrup & Dr. T. Altvater. Get to know our practice premises before your visit.\",\"breadcrumb\":{\"@id\":\"https:\\\/\\\/www.dr-entrup.de\\\/en\\\/our-practice-hannover-orthodontics\\\/#breadcrumb\"},\"inLanguage\":\"en-DE\",\"potentialAction\":[{\"@type\":\"ReadAction\",\"target\":[\"https:\\\/\\\/www.dr-entrup.de\\\/en\\\/our-practice-hannover-orthodontics\\\/\"]}]},{\"@type\":\"BreadcrumbList\",\"@id\":\"https:\\\/\\\/www.dr-entrup.de\\\/en\\\/our-practice-hannover-orthodontics\\\/#breadcrumb\",\"itemListElement\":[{\"@type\":\"ListItem\",\"position\":1,\"name\":\"Home\",\"item\":\"https:\\\/\\\/www.dr-entrup.de\\\/en\\\/\"},{\"@type\":\"ListItem\",\"position\":2,\"name\":\"Our practice\"}]},{\"@type\":\"WebSite\",\"@id\":\"https:\\\/\\\/www.dr-entrup.de\\\/en\\\/#website\",\"url\":\"https:\\\/\\\/www.dr-entrup.de\\\/en\\\/\",\"name\":\"BALANCE Fachpraxis f\u00fcr umfassende Kieferorthop\u00e4die Hannover Dr. Entrup\",\"description\":\"BALANCE Fachpraxis f\u00fcr umfassende Kieferorthop\u00e4die Hannover Dr. Entrup\",\"publisher\":{\"@id\":\"https:\\\/\\\/www.dr-entrup.de\\\/en\\\/#organization\"},\"potentialAction\":[{\"@type\":\"SearchAction\",\"target\":{\"@type\":\"EntryPoint\",\"urlTemplate\":\"https:\\\/\\\/www.dr-entrup.de\\\/en\\\/?s={search_term_string}\"},\"query-input\":{\"@type\":\"PropertyValueSpecification\",\"valueRequired\":true,\"valueName\":\"search_term_string\"}}],\"inLanguage\":\"en-DE\"},{\"@type\":\"Organization\",\"@id\":\"https:\\\/\\\/www.dr-entrup.de\\\/en\\\/#organization\",\"name\":\"BALANCE Fachpraxis f\u00fcr umfassende Kieferorthop\u00e4die Hannover Dr. Entrup\",\"url\":\"https:\\\/\\\/www.dr-entrup.de\\\/en\\\/\",\"logo\":{\"@type\":\"ImageObject\",\"inLanguage\":\"en-DE\",\"@id\":\"https:\\\/\\\/www.dr-entrup.de\\\/en\\\/#\\\/schema\\\/logo\\\/image\\\/\",\"url\":\"https:\\\/\\\/www.dr-entrup.de\\\/wp-content\\\/uploads\\\/2023\\\/11\\\/logo-plus-subtext.png\",\"contentUrl\":\"https:\\\/\\\/www.dr-entrup.de\\\/wp-content\\\/uploads\\\/2023\\\/11\\\/logo-plus-subtext.png\",\"width\":302,\"height\":326,\"caption\":\"BALANCE Fachpraxis f\u00fcr umfassende Kieferorthop\u00e4die Hannover Dr. Entrup\"},\"image\":{\"@id\":\"https:\\\/\\\/www.dr-entrup.de\\\/en\\\/#\\\/schema\\\/logo\\\/image\\\/\"}}]}<\/script>\n<!-- \/ Yoast SEO plugin. -->","yoast_head_json":{"title":"Our practice in Hanover - Specialist practice for comprehensive orthodontics","description":"Our practice rooms in Hanover - Specialist practice for comprehensive orthodontics Dres. W. & J. Entrup & Dr. T. Altvater. Get to know our practice premises before your visit.","robots":{"index":"index","follow":"follow","max-snippet":"max-snippet:-1","max-image-preview":"max-image-preview:large","max-video-preview":"max-video-preview:-1"},"canonical":"https:\/\/www.dr-entrup.de\/en\/our-practice-hannover-orthodontics\/","og_locale":"en_US","og_type":"article","og_title":"Our practice in Hanover - Specialist practice for comprehensive orthodontics","og_description":"Our practice rooms in Hanover - Specialist practice for comprehensive orthodontics Dres. W. & J. Entrup & Dr. T. Altvater. Get to know our practice premises before your visit.","og_url":"https:\/\/www.dr-entrup.de\/en\/our-practice-hannover-orthodontics\/","og_site_name":"BALANCE Fachpraxis f\u00fcr umfassende Kieferorthop\u00e4die Hannover Dr. Entrup","article_modified_time":"2024-06-25T08:04:56+00:00","twitter_card":"summary_large_image","schema":{"@context":"https:\/\/schema.org","@graph":[{"@type":"WebPage","@id":"https:\/\/www.dr-entrup.de\/en\/our-practice-hannover-orthodontics\/","url":"https:\/\/www.dr-entrup.de\/en\/our-practice-hannover-orthodontics\/","name":"Our practice in Hanover - Specialist practice for comprehensive orthodontics","isPartOf":{"@id":"https:\/\/www.dr-entrup.de\/en\/#website"},"datePublished":"2023-10-25T16:18:30+00:00","dateModified":"2024-06-25T08:04:56+00:00","description":"Our practice rooms in Hanover - Specialist practice for comprehensive orthodontics Dres. W. & J. Entrup & Dr. T. Altvater. Get to know our practice premises before your visit.","breadcrumb":{"@id":"https:\/\/www.dr-entrup.de\/en\/our-practice-hannover-orthodontics\/#breadcrumb"},"inLanguage":"en-DE","potentialAction":[{"@type":"ReadAction","target":["https:\/\/www.dr-entrup.de\/en\/our-practice-hannover-orthodontics\/"]}]},{"@type":"BreadcrumbList","@id":"https:\/\/www.dr-entrup.de\/en\/our-practice-hannover-orthodontics\/#breadcrumb","itemListElement":[{"@type":"ListItem","position":1,"name":"Home","item":"https:\/\/www.dr-entrup.de\/en\/"},{"@type":"ListItem","position":2,"name":"Our practice"}]},{"@type":"WebSite","@id":"https:\/\/www.dr-entrup.de\/en\/#website","url":"https:\/\/www.dr-entrup.de\/en\/","name":"BALANCE Fachpraxis f\u00fcr umfassende Kieferorthop\u00e4die Hannover Dr. Entrup","description":"BALANCE Fachpraxis f\u00fcr umfassende Kieferorthop\u00e4die Hannover Dr. Entrup","publisher":{"@id":"https:\/\/www.dr-entrup.de\/en\/#organization"},"potentialAction":[{"@type":"SearchAction","target":{"@type":"EntryPoint","urlTemplate":"https:\/\/www.dr-entrup.de\/en\/?s={search_term_string}"},"query-input":{"@type":"PropertyValueSpecification","valueRequired":true,"valueName":"search_term_string"}}],"inLanguage":"en-DE"},{"@type":"Organization","@id":"https:\/\/www.dr-entrup.de\/en\/#organization","name":"BALANCE Fachpraxis f\u00fcr umfassende Kieferorthop\u00e4die Hannover Dr. Entrup","url":"https:\/\/www.dr-entrup.de\/en\/","logo":{"@type":"ImageObject","inLanguage":"en-DE","@id":"https:\/\/www.dr-entrup.de\/en\/#\/schema\/logo\/image\/","url":"https:\/\/www.dr-entrup.de\/wp-content\/uploads\/2023\/11\/logo-plus-subtext.png","contentUrl":"https:\/\/www.dr-entrup.de\/wp-content\/uploads\/2023\/11\/logo-plus-subtext.png","width":302,"height":326,"caption":"BALANCE Fachpraxis f\u00fcr umfassende Kieferorthop\u00e4die Hannover Dr. Entrup"},"image":{"@id":"https:\/\/www.dr-entrup.de\/en\/#\/schema\/logo\/image\/"}}]}},"_links":{"self":[{"href":"https:\/\/www.dr-entrup.de\/en\/wp-json\/wp\/v2\/pages\/4854","targetHints":{"allow":["GET"]}}],"collection":[{"href":"https:\/\/www.dr-entrup.de\/en\/wp-json\/wp\/v2\/pages"}],"about":[{"href":"https:\/\/www.dr-entrup.de\/en\/wp-json\/wp\/v2\/types\/page"}],"author":[{"embeddable":true,"href":"https:\/\/www.dr-entrup.de\/en\/wp-json\/wp\/v2\/users\/1"}],"replies":[{"embeddable":true,"href":"https:\/\/www.dr-entrup.de\/en\/wp-json\/wp\/v2\/comments?post=4854"}],"version-history":[{"count":4,"href":"https:\/\/www.dr-entrup.de\/en\/wp-json\/wp\/v2\/pages\/4854\/revisions"}],"predecessor-version":[{"id":6311,"href":"https:\/\/www.dr-entrup.de\/en\/wp-json\/wp\/v2\/pages\/4854\/revisions\/6311"}],"wp:attachment":[{"href":"https:\/\/www.dr-entrup.de\/en\/wp-json\/wp\/v2\/media?parent=4854"}],"curies":[{"name":"wp","href":"https:\/\/api.w.org\/{rel}","templated":true}]}}