{"id":4845,"date":"2023-10-25T18:19:45","date_gmt":"2023-10-25T16:19:45","guid":{"rendered":"https:\/\/debug.dr-entrup.de\/link-collection\/"},"modified":"2024-06-24T09:12:25","modified_gmt":"2024-06-24T07:12:25","slug":"link-collection","status":"publish","type":"page","link":"https:\/\/www.dr-entrup.de\/en\/link-collection\/","title":{"rendered":"Link collection"},"content":{"rendered":"\n<section class = \"fdn-grid\">\n\t<div class = \"grid-container no-padding\">\n\t\t<div class = \"grid-x\">\n\t\t\t<div class=\"cell large-12 small-12 \">\n\t\t\t\t<div class =\"hero hero--background-gray text-center\">\n\t\t\t\t\t<img loading=\"lazy\" decoding=\"async\" width=\"1800\" height=\"822\" src=\"https:\/\/www.dr-entrup.de\/wp-content\/uploads\/2024\/06\/Linksammlung-Fachpraxis-fur-umfassende-Kieferorthopadie-Dr.-Entrup-in-Hannover.jpeg\" class=\"image img-responsive-no-block\" alt=\"Interessante Links - Linksammlung Fachpraxis fuer umfassende Kieferorthopaedie Hannover Dr. Entrup\" srcset=\"https:\/\/www.dr-entrup.de\/wp-content\/uploads\/2024\/06\/Linksammlung-Fachpraxis-fur-umfassende-Kieferorthopadie-Dr.-Entrup-in-Hannover.jpeg 1800w, https:\/\/www.dr-entrup.de\/wp-content\/uploads\/2024\/06\/Linksammlung-Fachpraxis-fur-umfassende-Kieferorthopadie-Dr.-Entrup-in-Hannover-300x137.jpeg 300w, https:\/\/www.dr-entrup.de\/wp-content\/uploads\/2024\/06\/Linksammlung-Fachpraxis-fur-umfassende-Kieferorthopadie-Dr.-Entrup-in-Hannover-1024x468.jpeg 1024w, https:\/\/www.dr-entrup.de\/wp-content\/uploads\/2024\/06\/Linksammlung-Fachpraxis-fur-umfassende-Kieferorthopadie-Dr.-Entrup-in-Hannover-768x351.jpeg 768w, https:\/\/www.dr-entrup.de\/wp-content\/uploads\/2024\/06\/Linksammlung-Fachpraxis-fur-umfassende-Kieferorthopadie-Dr.-Entrup-in-Hannover-1536x701.jpeg 1536w\" sizes=\"auto, (max-width: 1800px) 100vw, 1800px\" \/>\t\t\t\t<\/div>\n\t\t\t<\/div>\n\t\t<\/div>\n\t<\/div>\n<\/section>\n\n<section class = \"fdn-grid\">\n    <div class = \"p-top-mobile-50\"><\/div>\n    <div class = \"grid-container full-with-margin-10 no-padding\">\n        <div class = \"grid-x\">\n            <div class = \"cell small-12\">\n\n\n\n                <h1 class=\"heading heading--primary m-bottom-40\">Link collection<\/h1>\n                <h2 class=\"heading heading--secondary m-bottom-10\">Interesting and useful links  <\/h2>\n                <span class=\"short-line-decoration short-line-decoration--mini-width color-bordeaux-bg\"><\/span>\n\n                <div class=\"m-top-40 paragraph\">\n\n                    <p>Below you will find references and links on the topics of dentistry and orthodontics.<\/p>\n\n                <\/div>\n                            <\/div>\n        <\/div>\n    <\/div>\n     <div class = \"p-top-mobile-50\"><\/div>\n<\/section>\n\n<section class = \"fdn-grid color-extra-pink-bg\">\n    <div class = \"p-top-mobile-50\"><\/div>\n\n    <div class = \"grid-container full-with-margin-10 no-padding\">\n        <div class = \"grid-x \">\n            <div class = \"cell small-12\">\n\n                <h2 class=\"heading heading--text-center heading--medium m-bottom-10 color-bordeaux\">Interesting links<\/h2>\n                <span class=\"short-line-decoration short-line-decoration--mini-width short-line-decoration--centered color-primary-bg\"><\/span>\n                <div class = \"p-top-mobile-70\"><\/div>\n\n            <\/div>\n\n            <div class = 'cell small-12 large-6 m-bottom-50'><div class = 'grid-x grid-padding-x'><div class = 'cell large-4 medium-order-1'><img class='image img-responsive m-bottom-25' src ='https:\/\/www.dr-entrup.de\/wp-content\/uploads\/2023\/12\/kieferorthopaedie-hannoverTRmebSentXM5g6WN.jpg' ><\/div><div class = 'cell large-8 medium-order-2'><h3 class='heading heading--smaller heading--medium heading--secondary m-bottom-10 color-primary'>GBO<\/h3><span class='short-line-decoration short-line-decoration--mini-width color-primary-bg'><\/span><div class = 'paragraph m-top-25'><p>Membership of the <a href=\"https:\/\/german-board.de\/\">German Board of Orthodontics and Orofacial Orthopedics (GBO)<\/a><\/p>\n<\/div><a target='_blank' href='German Board of Orthodontics and Orofacial Orthopedics (GBO)' class='button color-bordeaux-bg color-white button--medium button--full-width-mob'>Read more<\/a><\/div><\/div><\/div><div class = 'cell small-12 large-6 m-bottom-50'><div class = 'grid-x grid-padding-x'><div class = 'cell large-4 medium-order-1'><img class='image img-responsive m-bottom-25' src ='https:\/\/www.dr-entrup.de\/wp-content\/uploads\/2023\/12\/kieferorthopaedie-hannoveru9UyfjmFTsepFdBq.jpg' ><\/div><div class = 'cell large-8 medium-order-2'><h3 class='heading heading--smaller heading--medium heading--secondary m-bottom-10 color-primary'>D\u00c4GAK<\/h3><span class='short-line-decoration short-line-decoration--mini-width color-primary-bg'><\/span><div class = 'paragraph m-top-25'><p>Membership of the <a href=\"http:\/\/www.daegak.de\" target=\"_blank\" rel=\"noopener\">German Medical Association for Applied Kinesiology<\/a><\/p>\n<\/div><a target='_blank' href='https:\/\/www.daegak.de\/' class='button color-bordeaux-bg color-white button--medium button--full-width-mob'>Read more<\/a><\/div><\/div><\/div><div class = 'cell small-12 large-6 m-bottom-50'><div class = 'grid-x grid-padding-x'><div class = 'cell large-4 medium-order-1'><img class='image img-responsive m-bottom-25' src ='https:\/\/www.dr-entrup.de\/wp-content\/uploads\/2023\/12\/Neurodontics.jpg' ><\/div><div class = 'cell large-8 medium-order-2'><h3 class='heading heading--smaller heading--medium heading--secondary m-bottom-10 color-primary'>Neurodontics<\/h3><span class='short-line-decoration short-line-decoration--mini-width color-primary-bg'><\/span><div class = 'paragraph m-top-25'><p><a href=\"http:\/\/www.neurodontics.com\" target=\"_blank\" rel=\"noopener\">Further training for dentists &amp; orthodontists<\/a><\/p>\n<\/div><a target='_blank' href='http:\/\/www.neurodontics.com\/' class='button color-bordeaux-bg color-white button--medium button--full-width-mob'>Read more<\/a><\/div><\/div><\/div><div class = 'cell small-12 large-6 m-bottom-50'><div class = 'grid-x grid-padding-x'><div class = 'cell large-4 medium-order-1'><img class='image img-responsive m-bottom-25' src ='https:\/\/www.dr-entrup.de\/wp-content\/uploads\/2023\/12\/kieferorthopaedie-hannover4sYTPwEw5njmwT7d.jpg' ><\/div><div class = 'cell large-8 medium-order-2'><h3 class='heading heading--smaller heading--medium heading--secondary m-bottom-10 color-primary'>Dysgnathia<\/h3><span class='short-line-decoration short-line-decoration--mini-width color-primary-bg'><\/span><div class = 'paragraph m-top-25'><p><a href=\"http:\/\/www.dysgnathie.de\" target=\"_blank\" rel=\"noopener\">Dr. Dr. Wolfgang Kater, Orthodontics<br \/>\nSurgery in Bad Homburg<\/a><\/p>\n<\/div><a target='_blank' href='https:\/\/www.dysgnathie.de\/' class='button color-bordeaux-bg color-white button--medium button--full-width-mob'>Read more<\/a><\/div><\/div><\/div><div class = 'cell small-12 large-6 m-bottom-50'><div class = 'grid-x grid-padding-x'><div class = 'cell large-4 medium-order-1'><img class='image img-responsive m-bottom-25' src ='https:\/\/www.dr-entrup.de\/wp-content\/uploads\/2023\/12\/kieferorthopaedie-hannoverRVtZGfmD6HdsRXKc.jpg' ><\/div><div class = 'cell large-8 medium-order-2'><h3 class='heading heading--smaller heading--medium heading--secondary m-bottom-10 color-primary'>ESLO<\/h3><span class='short-line-decoration short-line-decoration--mini-width color-primary-bg'><\/span><div class = 'paragraph m-top-25'><p><a href=\"http:\/\/www.eslo-info.org\" target=\"_blank\" rel=\"noopener\">European Society of Lingual Orthodontics<\/a><\/p>\n<\/div><a target='_blank' href='https:\/\/www.eslo.info\/' class='button color-bordeaux-bg color-white button--medium button--full-width-mob'>Read more<\/a><\/div><\/div><\/div>\n\n    <\/div>\n    <\/div>\n\n\n    <div class = \"p-top-mobile-50\"><\/div>\n<\/section>","protected":false},"excerpt":{"rendered":"","protected":false},"author":1,"featured_media":0,"parent":0,"menu_order":0,"comment_status":"closed","ping_status":"closed","template":"","meta":{"footnotes":""},"class_list":["post-4845","page","type-page","status-publish"],"acf":[],"yoast_head":"<!-- This site is optimized with the Yoast SEO plugin v27.5 - https:\/\/yoast.com\/product\/yoast-seo-wordpress\/ -->\n<title>Link collection - Specialist practice orthodontics Hanover<\/title>\n<meta name=\"description\" content=\"Collection of links - Interesting and useful links Orthodontics Hanover: Below you will find references and links on the topics of dentistry and orthodontics\" \/>\n<meta name=\"robots\" content=\"index, follow, max-snippet:-1, max-image-preview:large, max-video-preview:-1\" \/>\n<link rel=\"canonical\" href=\"https:\/\/www.dr-entrup.de\/en\/link-collection\/\" \/>\n<meta property=\"og:locale\" content=\"en_US\" \/>\n<meta property=\"og:type\" content=\"article\" \/>\n<meta property=\"og:title\" content=\"Link collection - Specialist practice orthodontics Hanover\" \/>\n<meta property=\"og:description\" content=\"Collection of links - Interesting and useful links Orthodontics Hanover: Below you will find references and links on the topics of dentistry and orthodontics\" \/>\n<meta property=\"og:url\" content=\"https:\/\/www.dr-entrup.de\/en\/link-collection\/\" \/>\n<meta property=\"og:site_name\" content=\"BALANCE Fachpraxis f\u00fcr umfassende Kieferorthop\u00e4die Hannover Dr. Entrup\" \/>\n<meta property=\"article:modified_time\" content=\"2024-06-24T07:12:25+00:00\" \/>\n<meta name=\"twitter:card\" content=\"summary_large_image\" \/>\n<script type=\"application\/ld+json\" class=\"yoast-schema-graph\">{\"@context\":\"https:\\\/\\\/schema.org\",\"@graph\":[{\"@type\":\"WebPage\",\"@id\":\"https:\\\/\\\/www.dr-entrup.de\\\/en\\\/link-collection\\\/\",\"url\":\"https:\\\/\\\/www.dr-entrup.de\\\/en\\\/link-collection\\\/\",\"name\":\"Link collection - Specialist practice orthodontics Hanover\",\"isPartOf\":{\"@id\":\"https:\\\/\\\/www.dr-entrup.de\\\/en\\\/#website\"},\"datePublished\":\"2023-10-25T16:19:45+00:00\",\"dateModified\":\"2024-06-24T07:12:25+00:00\",\"description\":\"Collection of links - Interesting and useful links Orthodontics Hanover: Below you will find references and links on the topics of dentistry and orthodontics\",\"breadcrumb\":{\"@id\":\"https:\\\/\\\/www.dr-entrup.de\\\/en\\\/link-collection\\\/#breadcrumb\"},\"inLanguage\":\"en-DE\",\"potentialAction\":[{\"@type\":\"ReadAction\",\"target\":[\"https:\\\/\\\/www.dr-entrup.de\\\/en\\\/link-collection\\\/\"]}]},{\"@type\":\"BreadcrumbList\",\"@id\":\"https:\\\/\\\/www.dr-entrup.de\\\/en\\\/link-collection\\\/#breadcrumb\",\"itemListElement\":[{\"@type\":\"ListItem\",\"position\":1,\"name\":\"Home\",\"item\":\"https:\\\/\\\/www.dr-entrup.de\\\/en\\\/\"},{\"@type\":\"ListItem\",\"position\":2,\"name\":\"Link collection\"}]},{\"@type\":\"WebSite\",\"@id\":\"https:\\\/\\\/www.dr-entrup.de\\\/en\\\/#website\",\"url\":\"https:\\\/\\\/www.dr-entrup.de\\\/en\\\/\",\"name\":\"BALANCE Fachpraxis f\u00fcr umfassende Kieferorthop\u00e4die Hannover Dr. Entrup\",\"description\":\"BALANCE Fachpraxis f\u00fcr umfassende Kieferorthop\u00e4die Hannover Dr. Entrup\",\"publisher\":{\"@id\":\"https:\\\/\\\/www.dr-entrup.de\\\/en\\\/#organization\"},\"potentialAction\":[{\"@type\":\"SearchAction\",\"target\":{\"@type\":\"EntryPoint\",\"urlTemplate\":\"https:\\\/\\\/www.dr-entrup.de\\\/en\\\/?s={search_term_string}\"},\"query-input\":{\"@type\":\"PropertyValueSpecification\",\"valueRequired\":true,\"valueName\":\"search_term_string\"}}],\"inLanguage\":\"en-DE\"},{\"@type\":\"Organization\",\"@id\":\"https:\\\/\\\/www.dr-entrup.de\\\/en\\\/#organization\",\"name\":\"BALANCE Fachpraxis f\u00fcr umfassende Kieferorthop\u00e4die Hannover Dr. Entrup\",\"url\":\"https:\\\/\\\/www.dr-entrup.de\\\/en\\\/\",\"logo\":{\"@type\":\"ImageObject\",\"inLanguage\":\"en-DE\",\"@id\":\"https:\\\/\\\/www.dr-entrup.de\\\/en\\\/#\\\/schema\\\/logo\\\/image\\\/\",\"url\":\"https:\\\/\\\/www.dr-entrup.de\\\/wp-content\\\/uploads\\\/2023\\\/11\\\/logo-plus-subtext.png\",\"contentUrl\":\"https:\\\/\\\/www.dr-entrup.de\\\/wp-content\\\/uploads\\\/2023\\\/11\\\/logo-plus-subtext.png\",\"width\":302,\"height\":326,\"caption\":\"BALANCE Fachpraxis f\u00fcr umfassende Kieferorthop\u00e4die Hannover Dr. Entrup\"},\"image\":{\"@id\":\"https:\\\/\\\/www.dr-entrup.de\\\/en\\\/#\\\/schema\\\/logo\\\/image\\\/\"}}]}<\/script>\n<!-- \/ Yoast SEO plugin. -->","yoast_head_json":{"title":"Link collection - Specialist practice orthodontics Hanover","description":"Collection of links - Interesting and useful links Orthodontics Hanover: Below you will find references and links on the topics of dentistry and orthodontics","robots":{"index":"index","follow":"follow","max-snippet":"max-snippet:-1","max-image-preview":"max-image-preview:large","max-video-preview":"max-video-preview:-1"},"canonical":"https:\/\/www.dr-entrup.de\/en\/link-collection\/","og_locale":"en_US","og_type":"article","og_title":"Link collection - Specialist practice orthodontics Hanover","og_description":"Collection of links - Interesting and useful links Orthodontics Hanover: Below you will find references and links on the topics of dentistry and orthodontics","og_url":"https:\/\/www.dr-entrup.de\/en\/link-collection\/","og_site_name":"BALANCE Fachpraxis f\u00fcr umfassende Kieferorthop\u00e4die Hannover Dr. Entrup","article_modified_time":"2024-06-24T07:12:25+00:00","twitter_card":"summary_large_image","schema":{"@context":"https:\/\/schema.org","@graph":[{"@type":"WebPage","@id":"https:\/\/www.dr-entrup.de\/en\/link-collection\/","url":"https:\/\/www.dr-entrup.de\/en\/link-collection\/","name":"Link collection - Specialist practice orthodontics Hanover","isPartOf":{"@id":"https:\/\/www.dr-entrup.de\/en\/#website"},"datePublished":"2023-10-25T16:19:45+00:00","dateModified":"2024-06-24T07:12:25+00:00","description":"Collection of links - Interesting and useful links Orthodontics Hanover: Below you will find references and links on the topics of dentistry and orthodontics","breadcrumb":{"@id":"https:\/\/www.dr-entrup.de\/en\/link-collection\/#breadcrumb"},"inLanguage":"en-DE","potentialAction":[{"@type":"ReadAction","target":["https:\/\/www.dr-entrup.de\/en\/link-collection\/"]}]},{"@type":"BreadcrumbList","@id":"https:\/\/www.dr-entrup.de\/en\/link-collection\/#breadcrumb","itemListElement":[{"@type":"ListItem","position":1,"name":"Home","item":"https:\/\/www.dr-entrup.de\/en\/"},{"@type":"ListItem","position":2,"name":"Link collection"}]},{"@type":"WebSite","@id":"https:\/\/www.dr-entrup.de\/en\/#website","url":"https:\/\/www.dr-entrup.de\/en\/","name":"BALANCE Fachpraxis f\u00fcr umfassende Kieferorthop\u00e4die Hannover Dr. Entrup","description":"BALANCE Fachpraxis f\u00fcr umfassende Kieferorthop\u00e4die Hannover Dr. Entrup","publisher":{"@id":"https:\/\/www.dr-entrup.de\/en\/#organization"},"potentialAction":[{"@type":"SearchAction","target":{"@type":"EntryPoint","urlTemplate":"https:\/\/www.dr-entrup.de\/en\/?s={search_term_string}"},"query-input":{"@type":"PropertyValueSpecification","valueRequired":true,"valueName":"search_term_string"}}],"inLanguage":"en-DE"},{"@type":"Organization","@id":"https:\/\/www.dr-entrup.de\/en\/#organization","name":"BALANCE Fachpraxis f\u00fcr umfassende Kieferorthop\u00e4die Hannover Dr. Entrup","url":"https:\/\/www.dr-entrup.de\/en\/","logo":{"@type":"ImageObject","inLanguage":"en-DE","@id":"https:\/\/www.dr-entrup.de\/en\/#\/schema\/logo\/image\/","url":"https:\/\/www.dr-entrup.de\/wp-content\/uploads\/2023\/11\/logo-plus-subtext.png","contentUrl":"https:\/\/www.dr-entrup.de\/wp-content\/uploads\/2023\/11\/logo-plus-subtext.png","width":302,"height":326,"caption":"BALANCE Fachpraxis f\u00fcr umfassende Kieferorthop\u00e4die Hannover Dr. Entrup"},"image":{"@id":"https:\/\/www.dr-entrup.de\/en\/#\/schema\/logo\/image\/"}}]}},"_links":{"self":[{"href":"https:\/\/www.dr-entrup.de\/en\/wp-json\/wp\/v2\/pages\/4845","targetHints":{"allow":["GET"]}}],"collection":[{"href":"https:\/\/www.dr-entrup.de\/en\/wp-json\/wp\/v2\/pages"}],"about":[{"href":"https:\/\/www.dr-entrup.de\/en\/wp-json\/wp\/v2\/types\/page"}],"author":[{"embeddable":true,"href":"https:\/\/www.dr-entrup.de\/en\/wp-json\/wp\/v2\/users\/1"}],"replies":[{"embeddable":true,"href":"https:\/\/www.dr-entrup.de\/en\/wp-json\/wp\/v2\/comments?post=4845"}],"version-history":[{"count":3,"href":"https:\/\/www.dr-entrup.de\/en\/wp-json\/wp\/v2\/pages\/4845\/revisions"}],"predecessor-version":[{"id":6153,"href":"https:\/\/www.dr-entrup.de\/en\/wp-json\/wp\/v2\/pages\/4845\/revisions\/6153"}],"wp:attachment":[{"href":"https:\/\/www.dr-entrup.de\/en\/wp-json\/wp\/v2\/media?parent=4845"}],"curies":[{"name":"wp","href":"https:\/\/api.w.org\/{rel}","templated":true}]}}