{"id":4843,"date":"2023-10-25T18:20:25","date_gmt":"2023-10-25T16:20:25","guid":{"rendered":"https:\/\/debug.dr-entrup.de\/imprint\/"},"modified":"2026-02-12T22:20:38","modified_gmt":"2026-02-12T21:20:38","slug":"imprint","status":"publish","type":"page","link":"https:\/\/www.dr-entrup.de\/en\/imprint\/","title":{"rendered":"Imprint"},"content":{"rendered":"\n<section class = \"fdn-grid\">\n\t<div class = \"grid-container no-padding\">\n\t\t<div class = \"grid-x\">\n\t\t\t<div class=\"cell large-12 small-12 \">\n\t\t\t\t<div class =\"hero hero--background-gray text-center\">\n\t\t\t\t\t<img loading=\"lazy\" decoding=\"async\" width=\"1800\" height=\"917\" src=\"https:\/\/www.dr-entrup.de\/wp-content\/uploads\/2024\/06\/Impressum-Fachpraxis-fur-umfassende-Kieferorthopadie-Dr.-Entrup-in-Hannover.jpeg\" class=\"image img-responsive-no-block\" alt=\"Impressum Fachpraxis f\u00fcr umfassende Kieferorthop\u00e4die Dr. Entrup in Hannover\" srcset=\"https:\/\/www.dr-entrup.de\/wp-content\/uploads\/2024\/06\/Impressum-Fachpraxis-fur-umfassende-Kieferorthopadie-Dr.-Entrup-in-Hannover.jpeg 1800w, https:\/\/www.dr-entrup.de\/wp-content\/uploads\/2024\/06\/Impressum-Fachpraxis-fur-umfassende-Kieferorthopadie-Dr.-Entrup-in-Hannover-300x153.jpeg 300w, https:\/\/www.dr-entrup.de\/wp-content\/uploads\/2024\/06\/Impressum-Fachpraxis-fur-umfassende-Kieferorthopadie-Dr.-Entrup-in-Hannover-1024x522.jpeg 1024w, https:\/\/www.dr-entrup.de\/wp-content\/uploads\/2024\/06\/Impressum-Fachpraxis-fur-umfassende-Kieferorthopadie-Dr.-Entrup-in-Hannover-768x391.jpeg 768w, https:\/\/www.dr-entrup.de\/wp-content\/uploads\/2024\/06\/Impressum-Fachpraxis-fur-umfassende-Kieferorthopadie-Dr.-Entrup-in-Hannover-1536x783.jpeg 1536w\" sizes=\"auto, (max-width: 1800px) 100vw, 1800px\" \/>\t\t\t\t<\/div>\n\t\t\t<\/div>\n\t\t<\/div>\n\t<\/div>\n<\/section>\n\n\n\n<section class = \"fdn-grid\">\n    <div class = \"p-top-mobile-50\"><\/div>\n    <div class = \"grid-container full-with-margin-10 no-padding\">\n        <div class = \"grid-x\">\n            <div class = \"cell small-12\">\n\n\n\n                <h1 class=\"heading heading--primary m-bottom-40\">Imprint<\/h1>\n                <h2 class=\"heading heading--secondary m-bottom-10\">Specialist practice for comprehensive orthodontics Dres. W. &amp; J. Entrup &amp; Dr. T. Altvater<\/h2>\n                <span class=\"short-line-decoration short-line-decoration--mini-width color-bordeaux-bg\"><\/span>\n\n                <div class=\"m-top-40 paragraph\">\n\n                    <p><strong class=\"cms-bold\">Information according to \u00a7 5 TMG:<\/strong><\/p>\n<p>Dres. W. &amp; J. Entrup &amp; Dr. T. Altvater GbR<br \/>\nSpecialist dentist for orthodontics<br \/>\nGeorgstrasse 46<br \/>\n30159 Hanover<\/p>\n<p><strong class=\"cms-bold\">Contact:<br \/>\n<\/strong><\/p>\n<p>Tel: <a href=\"tel:+49511364990\">+49 (511) 364990<\/a><br \/>\nFax: +49 (511) 3649911<br \/>\nE-mail: <a href=\"mailto:info@dr-entrup.de\">info@dr-entrup.de<\/a><br \/>\nInternet: <a class=\"ui-editor-link-external\" href=\"https:\/\/www.dr-entrup.de\/\">www.dr-entrup.de<\/a><\/p>\n<p><strong class=\"cms-bold\"><br \/>\nCompetent supervisory authority:<\/strong><\/p>\n<p>Association of Statutory Health Insurance Dentists of Lower Saxony,<br \/>\nZei\u00dfstra\u00dfe 11, 30519 Hanover<\/p>\n<p><strong class=\"cms-bold\">Professional title and license: <\/strong><\/p>\n<p>Dr. med. dent. Wilhelm Entrup<br \/>\nSpecialist for orthodontics<\/p>\n<p>The professional titles were awarded in the Federal Republic of Germany<\/p>\n<p><strong class=\"cms-bold\">Competent chamber:<\/strong><\/p>\n<p>Dental Association of Lower Saxony,<br \/>\nZei\u00dfstra\u00dfe 11a, 30519 Hanover<br \/>\nInternet: <a href=\"http:\/\/www.zkn.de\/Teledienstgesetz\/index.html\" target=\"_blank\" rel=\"noopener\">www.zkn.de<\/a><\/p>\n<p><strong class=\"cms-bold\">License granted by:<\/strong><\/p>\n<p>Free University of Berlin 1978, Doctorate: Free University of Berlin Department of Dentistry, Oral and Maxillofacial Medicine magna cum laude 1981<\/p>\n<p><strong class=\"cms-bold\">The following professional regulations apply: <\/strong><\/p>\n<ul>\n<li>Professional Code of Conduct of the Dental Association of Lower Saxony<\/li>\n<li><a class=\"ui-editor-link-external\" href=\"http:\/\/www.bzaek.de\/fileadmin\/PDFs\/goz\/nov\/goz-kommentar-bzaek.pdf\" target=\"_blank\" rel=\"noopener\">Schedule of fees for dentists &#8211; GOZ &#8211; <\/a><\/li>\n<li>Law on the practice of dentistry<\/li>\n<li>Teleservices Act -TDG<\/li>\n<\/ul>\n<p><strong class=\"cms-bold\">Regulations can be viewed at: <\/strong><a title=\"Professional regulations\" href=\"http:\/\/www.zkn.de\/Teledienstgesetz\/index.html\" target=\"_blank\" rel=\"noopener\">professional regulations<\/a><\/p>\n<p><strong class=\"cms-bold\">Responsible for content according to \u00a7 55 Abs. 2 RSTV:<br \/>\n<\/strong><\/p>\n<p>Dr. Wilhelm Entrup (address as above)<\/p>\n<p>Source: <em><br \/>\n<a href=\"http:\/\/www.e-recht24.de\/impressum-generator.html\" rel=\"nofollow\">http:\/\/www.e-recht24.de<\/a><br \/>\n<\/em><\/p>\n<p><strong class=\"cms-bold\">Picture credits<\/strong>:<br \/>\n<a href=\"https:\/\/stock.adobe.com\/\">Adobe Stock Images<\/a><br \/>\n<a href=\"https:\/\/www.shutterstock.com\/\">Shutterstock<\/a><\/p>\n<p><b>Programming and search engine optimization:<\/b><br \/>\nTop10 Agency<br \/>\nE-mail: <a href=\"mailto:info@googeln.org\" target=\"_blank\" rel=\"noopener\">info@googeln.org<br \/>\n<\/a>Web: <a href=\"http:\/\/www.zahnarztportal.org\/\" target=\"_blank\" rel=\"noopener\">www.googeln.org<br \/>\nwww.zahnarztportal.org<\/a><\/p>\n<p>&nbsp;<\/p>\n<h2>Exclusion of liability (disclaimer)<\/h2>\n<p>Liability for content<\/p>\n<p>As a service provider, we are liable pursuant to \u00a7 7 para.1 TMG is responsible for its own content on these pages according to the general laws. According to \u00a7\u00a7 8 to 10 TMG, however, we as a service provider are not obliged to monitor transmitted or stored third-party information or to investigate circumstances that indicate illegal activity. Obligations to remove or block the use of information in accordance with the general laws remain unaffected by this. However, liability in this respect is only possible from the time of knowledge of a specific infringement. As soon as we become aware of such infringements, we will remove this content immediately.<\/p>\n<p>Liability for links<\/p>\n<p>Our website contains links to external websites of third parties over whose content we have no influence. Therefore, we cannot accept any liability for this third-party content. The respective provider or operator of the pages is always responsible for the content of the linked pages. The linked pages were checked for possible legal violations at the time of linking. Illegal contents were not recognizable at the time of linking. However, permanent monitoring of the content of the linked pages is not reasonable without concrete evidence of an infringement. If we become aware of any legal infringements, we will remove such links immediately.<\/p>\n<p>Copyright<\/p>\n<p>The content and works created by the site operators on these pages are subject to German copyright law. Duplication, processing, distribution and any form of commercialization of such material beyond the scope of the copyright law shall require the prior written consent of its respective author or creator. Downloads and copies of this site are only permitted for private, non-commercial use. Insofar as the content on this site was not created by the operator, the copyrights of third parties are respected. In particular, third-party content is identified as such. Should you nevertheless become aware of a copyright infringement, please inform us accordingly. If we become aware of any legal infringements, we will remove such content immediately.<\/p>\n<p>&nbsp;<\/p>\n<p><a href=\"https:\/\/www.dr-entrup.de\/en\/orthodontist-for-hildesheim\/\">Hildesheim<\/a>, <a href=\"https:\/\/www.dr-entrup.de\/en\/orthodontics-peine\/\">Peine<\/a><\/p>\n<p><a href=\"https:\/\/www.dr-entrup.de\/en\/orthodontist-for-hanover-mitte-podbi-and-suedstadt\/\">Orthodontist Hanover, Mitte, Podbi, S\u00fcdstadt<\/a><\/p>\n<p><a href=\"https:\/\/www.dr-entrup.de\/en\/orthodontist-braunschweig-and-wolfsburg\/\">The orthodontist for Braunschweig and Wolfsburg<\/a><\/p>\n<p><a href=\"https:\/\/www.dr-entrup.de\/en\/orthodontist-neustadt-and-wunstorf\/\">Your orthodontist for Neustadt and Wunstorf<\/a><\/p>\n<p>&nbsp;<\/p>\n<ul>\n<li><a href=\"https:\/\/www.dr-entrup.de\/en\/orthodontist-hamelin\/\">Orthodontist Hamelin<\/a><\/li>\n<li><a href=\"https:\/\/www.dr-entrup.de\/en\/orthodontist-springe\/\">Orthodontist Springe<\/a><\/li>\n<li><a href=\"https:\/\/www.dr-entrup.de\/en\/orthodontist-bult\/\">Orthodontist Bult<\/a><\/li>\n<li><a href=\"https:\/\/www.dr-entrup.de\/en\/orthodontist-kleefeld\/\">Orthodontist Kleefeld<\/a><\/li>\n<li><a href=\"https:\/\/www.dr-entrup.de\/en\/orthodontist-hanover-nordstadt\/\">Orthodontist Hanover Nordstadt<\/a><\/li>\n<li><a href=\"https:\/\/www.dr-entrup.de\/en\/orthodontist-herrenhausen\/\">Orthodontist Herrenhausen<\/a><\/li>\n<li><a href=\"https:\/\/www.dr-entrup.de\/en\/orthodontist-list\/\">Orthodontist List<\/a><\/li>\n<li><a href=\"https:\/\/www.dr-entrup.de\/en\/orthodontist-heideviertel\/\">Orthodontist Heideviertel<\/a><\/li>\n<li><a href=\"https:\/\/www.dr-entrup.de\/en\/orthodontist-gross-buchholz\/\">Orthodontist Gross Buchholz<\/a><\/li>\n<li><a href=\"https:\/\/www.dr-entrup.de\/en\/orthodontist-linden-limmer\/\">Orthodontist Linden Limmer<\/a><\/li>\n<\/ul>\n<p>&nbsp;<\/p>\n\n                <\/div>\n                                <a href='tel:+49511364990' class='button color-bordeaux-bg color-white button--medium' target='_self'> Questions? Just call! <\/a>                            <\/div>\n        <\/div>\n    <\/div>\n     <div class = \"p-top-mobile-50\"><\/div>\n<\/section>\n\n\n\n<p><\/p>\n","protected":false},"excerpt":{"rendered":"","protected":false},"author":1,"featured_media":0,"parent":0,"menu_order":0,"comment_status":"closed","ping_status":"closed","template":"","meta":{"footnotes":""},"class_list":["post-4843","page","type-page","status-publish"],"acf":[],"yoast_head":"<!-- This site is optimized with the Yoast SEO plugin v26.6 - https:\/\/yoast.com\/wordpress\/plugins\/seo\/ -->\n<title>Imprint - BALANCE Fachpraxis f\u00fcr umfassende Kieferorthop\u00e4die Hannover Dr. Entrup<\/title>\n<meta name=\"description\" content=\"Impressum der kieferorthop\u00e4dischen Fachpraxis Dres. W. &amp; J. Entrup &amp; Dr. T. Altvater in Hannover mit rechtlichen Angaben und Kontaktdaten.\" \/>\n<meta name=\"robots\" content=\"index, follow, max-snippet:-1, max-image-preview:large, max-video-preview:-1\" \/>\n<link rel=\"canonical\" href=\"https:\/\/www.dr-entrup.de\/en\/imprint\/\" \/>\n<meta property=\"og:locale\" content=\"en_US\" \/>\n<meta property=\"og:type\" content=\"article\" \/>\n<meta property=\"og:title\" content=\"Imprint - BALANCE Fachpraxis f\u00fcr umfassende Kieferorthop\u00e4die Hannover Dr. Entrup\" \/>\n<meta property=\"og:description\" content=\"Impressum der kieferorthop\u00e4dischen Fachpraxis Dres. W. &amp; J. Entrup &amp; Dr. T. Altvater in Hannover mit rechtlichen Angaben und Kontaktdaten.\" \/>\n<meta property=\"og:url\" content=\"https:\/\/www.dr-entrup.de\/en\/imprint\/\" \/>\n<meta property=\"og:site_name\" content=\"BALANCE Fachpraxis f\u00fcr umfassende Kieferorthop\u00e4die Hannover Dr. Entrup\" \/>\n<meta property=\"article:modified_time\" content=\"2026-02-12T21:20:38+00:00\" \/>\n<meta name=\"twitter:card\" content=\"summary_large_image\" \/>\n<script type=\"application\/ld+json\" class=\"yoast-schema-graph\">{\"@context\":\"https:\/\/schema.org\",\"@graph\":[{\"@type\":\"WebPage\",\"@id\":\"https:\/\/www.dr-entrup.de\/en\/imprint\/\",\"url\":\"https:\/\/www.dr-entrup.de\/en\/imprint\/\",\"name\":\"Imprint - BALANCE Fachpraxis f\u00fcr umfassende Kieferorthop\u00e4die Hannover Dr. Entrup\",\"isPartOf\":{\"@id\":\"https:\/\/www.dr-entrup.de\/en\/#website\"},\"datePublished\":\"2023-10-25T16:20:25+00:00\",\"dateModified\":\"2026-02-12T21:20:38+00:00\",\"description\":\"Impressum der kieferorthop\u00e4dischen Fachpraxis Dres. W. & J. Entrup & Dr. T. Altvater in Hannover mit rechtlichen Angaben und Kontaktdaten.\",\"breadcrumb\":{\"@id\":\"https:\/\/www.dr-entrup.de\/en\/imprint\/#breadcrumb\"},\"inLanguage\":\"en-DE\",\"potentialAction\":[{\"@type\":\"ReadAction\",\"target\":[\"https:\/\/www.dr-entrup.de\/en\/imprint\/\"]}]},{\"@type\":\"BreadcrumbList\",\"@id\":\"https:\/\/www.dr-entrup.de\/en\/imprint\/#breadcrumb\",\"itemListElement\":[{\"@type\":\"ListItem\",\"position\":1,\"name\":\"Home\",\"item\":\"https:\/\/www.dr-entrup.de\/en\/\"},{\"@type\":\"ListItem\",\"position\":2,\"name\":\"Imprint\"}]},{\"@type\":\"WebSite\",\"@id\":\"https:\/\/www.dr-entrup.de\/en\/#website\",\"url\":\"https:\/\/www.dr-entrup.de\/en\/\",\"name\":\"BALANCE Fachpraxis f\u00fcr umfassende Kieferorthop\u00e4die Hannover Dr. Entrup\",\"description\":\"BALANCE Fachpraxis f\u00fcr umfassende Kieferorthop\u00e4die Hannover Dr. Entrup\",\"publisher\":{\"@id\":\"https:\/\/www.dr-entrup.de\/en\/#organization\"},\"potentialAction\":[{\"@type\":\"SearchAction\",\"target\":{\"@type\":\"EntryPoint\",\"urlTemplate\":\"https:\/\/www.dr-entrup.de\/en\/?s={search_term_string}\"},\"query-input\":{\"@type\":\"PropertyValueSpecification\",\"valueRequired\":true,\"valueName\":\"search_term_string\"}}],\"inLanguage\":\"en-DE\"},{\"@type\":\"Organization\",\"@id\":\"https:\/\/www.dr-entrup.de\/en\/#organization\",\"name\":\"BALANCE Fachpraxis f\u00fcr umfassende Kieferorthop\u00e4die Hannover Dr. Entrup\",\"url\":\"https:\/\/www.dr-entrup.de\/en\/\",\"logo\":{\"@type\":\"ImageObject\",\"inLanguage\":\"en-DE\",\"@id\":\"https:\/\/www.dr-entrup.de\/en\/#\/schema\/logo\/image\/\",\"url\":\"https:\/\/www.dr-entrup.de\/wp-content\/uploads\/2023\/11\/logo-plus-subtext.png\",\"contentUrl\":\"https:\/\/www.dr-entrup.de\/wp-content\/uploads\/2023\/11\/logo-plus-subtext.png\",\"width\":302,\"height\":326,\"caption\":\"BALANCE Fachpraxis f\u00fcr umfassende Kieferorthop\u00e4die Hannover Dr. Entrup\"},\"image\":{\"@id\":\"https:\/\/www.dr-entrup.de\/en\/#\/schema\/logo\/image\/\"}}]}<\/script>\n<!-- \/ Yoast SEO plugin. -->","yoast_head_json":{"title":"Imprint - BALANCE Fachpraxis f\u00fcr umfassende Kieferorthop\u00e4die Hannover Dr. Entrup","description":"Impressum der kieferorthop\u00e4dischen Fachpraxis Dres. W. & J. Entrup & Dr. T. Altvater in Hannover mit rechtlichen Angaben und Kontaktdaten.","robots":{"index":"index","follow":"follow","max-snippet":"max-snippet:-1","max-image-preview":"max-image-preview:large","max-video-preview":"max-video-preview:-1"},"canonical":"https:\/\/www.dr-entrup.de\/en\/imprint\/","og_locale":"en_US","og_type":"article","og_title":"Imprint - BALANCE Fachpraxis f\u00fcr umfassende Kieferorthop\u00e4die Hannover Dr. Entrup","og_description":"Impressum der kieferorthop\u00e4dischen Fachpraxis Dres. W. & J. Entrup & Dr. T. Altvater in Hannover mit rechtlichen Angaben und Kontaktdaten.","og_url":"https:\/\/www.dr-entrup.de\/en\/imprint\/","og_site_name":"BALANCE Fachpraxis f\u00fcr umfassende Kieferorthop\u00e4die Hannover Dr. Entrup","article_modified_time":"2026-02-12T21:20:38+00:00","twitter_card":"summary_large_image","schema":{"@context":"https:\/\/schema.org","@graph":[{"@type":"WebPage","@id":"https:\/\/www.dr-entrup.de\/en\/imprint\/","url":"https:\/\/www.dr-entrup.de\/en\/imprint\/","name":"Imprint - BALANCE Fachpraxis f\u00fcr umfassende Kieferorthop\u00e4die Hannover Dr. Entrup","isPartOf":{"@id":"https:\/\/www.dr-entrup.de\/en\/#website"},"datePublished":"2023-10-25T16:20:25+00:00","dateModified":"2026-02-12T21:20:38+00:00","description":"Impressum der kieferorthop\u00e4dischen Fachpraxis Dres. W. & J. Entrup & Dr. T. Altvater in Hannover mit rechtlichen Angaben und Kontaktdaten.","breadcrumb":{"@id":"https:\/\/www.dr-entrup.de\/en\/imprint\/#breadcrumb"},"inLanguage":"en-DE","potentialAction":[{"@type":"ReadAction","target":["https:\/\/www.dr-entrup.de\/en\/imprint\/"]}]},{"@type":"BreadcrumbList","@id":"https:\/\/www.dr-entrup.de\/en\/imprint\/#breadcrumb","itemListElement":[{"@type":"ListItem","position":1,"name":"Home","item":"https:\/\/www.dr-entrup.de\/en\/"},{"@type":"ListItem","position":2,"name":"Imprint"}]},{"@type":"WebSite","@id":"https:\/\/www.dr-entrup.de\/en\/#website","url":"https:\/\/www.dr-entrup.de\/en\/","name":"BALANCE Fachpraxis f\u00fcr umfassende Kieferorthop\u00e4die Hannover Dr. Entrup","description":"BALANCE Fachpraxis f\u00fcr umfassende Kieferorthop\u00e4die Hannover Dr. Entrup","publisher":{"@id":"https:\/\/www.dr-entrup.de\/en\/#organization"},"potentialAction":[{"@type":"SearchAction","target":{"@type":"EntryPoint","urlTemplate":"https:\/\/www.dr-entrup.de\/en\/?s={search_term_string}"},"query-input":{"@type":"PropertyValueSpecification","valueRequired":true,"valueName":"search_term_string"}}],"inLanguage":"en-DE"},{"@type":"Organization","@id":"https:\/\/www.dr-entrup.de\/en\/#organization","name":"BALANCE Fachpraxis f\u00fcr umfassende Kieferorthop\u00e4die Hannover Dr. Entrup","url":"https:\/\/www.dr-entrup.de\/en\/","logo":{"@type":"ImageObject","inLanguage":"en-DE","@id":"https:\/\/www.dr-entrup.de\/en\/#\/schema\/logo\/image\/","url":"https:\/\/www.dr-entrup.de\/wp-content\/uploads\/2023\/11\/logo-plus-subtext.png","contentUrl":"https:\/\/www.dr-entrup.de\/wp-content\/uploads\/2023\/11\/logo-plus-subtext.png","width":302,"height":326,"caption":"BALANCE Fachpraxis f\u00fcr umfassende Kieferorthop\u00e4die Hannover Dr. Entrup"},"image":{"@id":"https:\/\/www.dr-entrup.de\/en\/#\/schema\/logo\/image\/"}}]}},"_links":{"self":[{"href":"https:\/\/www.dr-entrup.de\/en\/wp-json\/wp\/v2\/pages\/4843","targetHints":{"allow":["GET"]}}],"collection":[{"href":"https:\/\/www.dr-entrup.de\/en\/wp-json\/wp\/v2\/pages"}],"about":[{"href":"https:\/\/www.dr-entrup.de\/en\/wp-json\/wp\/v2\/types\/page"}],"author":[{"embeddable":true,"href":"https:\/\/www.dr-entrup.de\/en\/wp-json\/wp\/v2\/users\/1"}],"replies":[{"embeddable":true,"href":"https:\/\/www.dr-entrup.de\/en\/wp-json\/wp\/v2\/comments?post=4843"}],"version-history":[{"count":9,"href":"https:\/\/www.dr-entrup.de\/en\/wp-json\/wp\/v2\/pages\/4843\/revisions"}],"predecessor-version":[{"id":7090,"href":"https:\/\/www.dr-entrup.de\/en\/wp-json\/wp\/v2\/pages\/4843\/revisions\/7090"}],"wp:attachment":[{"href":"https:\/\/www.dr-entrup.de\/en\/wp-json\/wp\/v2\/media?parent=4843"}],"curies":[{"name":"wp","href":"https:\/\/api.w.org\/{rel}","templated":true}]}}