{"id":4838,"date":"2023-12-13T18:42:02","date_gmt":"2023-12-13T17:42:02","guid":{"rendered":"https:\/\/debug.dr-entrup.de\/a-entrup\/"},"modified":"2024-06-25T10:03:22","modified_gmt":"2024-06-25T08:03:22","slug":"a-entrup-osteopath-natural-medical-physiotherapist-hanover","status":"publish","type":"page","link":"https:\/\/www.dr-entrup.de\/en\/a-entrup-osteopath-natural-medical-physiotherapist-hanover\/","title":{"rendered":"A. Entrup"},"content":{"rendered":"\n<section class = \"fdn-grid color-white-bg\">\n    <div class = \"p-top-mobile-50\"><\/div>\n\t<div class = \"grid-container full-with-margin-10 no-padding\">\n\n        <div class = \"grid-x\">\n\n            <div class=\"cell large-6 small-12\">\n                <div class = \"m-right-25 m-bottom-25 m-left-mob-0 m-right-mob-0 m-left-tab-0 m-right-tab-0\">\n                    <img class = \"image img-responsive-no-block\"\n                         src = \"https:\/\/www.dr-entrup.de\/wp-content\/uploads\/2024\/06\/Aniko-Judith-Entrup-Osteopathin-Heilpraktikerin-Dipl.-Physiotherapeutin.jpeg\"\n                         alt=\"Alt text...\">\n                <\/div>\n\n\n                                   \n            <\/div>\n\n            <div class=\"cell large-6 small-12 \">\n                <div class = \"m-left-25 m-right-25 m-bottom-25 m-left-mob-0 m-right-mob-0 m-left-tab-0 m-right-tab-0\">\n                    <h2 class=\"heading heading--medium  m-bottom-10 color-bordeaux\">Aniko Judith Entrup<\/h2>\n                    <span class=\"short-line-decoration  short-line-decoration--mini-width  color-primary-bg\"><\/span>\n                    <div class = \"paragraph paragraph--medium paragraph--primary m-top-40\">\n                        <h3>Osteopath, alternative practitioner, Dipl. Physiotherapist<\/h3>\n<p>&nbsp;<br \/>\n&nbsp;<br \/>\nGeorgstrasse 46<br \/>\nD 30159 Hanover<\/p>\n<p>Tel +49 (511) 364990<br \/>\nFax + 49 (0511) 3649911<br \/>\nE-mail: <a href=\"mailto:aniko.entrup@t-online\">aniko.entrup@t-online.de<\/a><\/p>\n\n                        \n                                                  \n\n                    <\/div>\n                <\/div>\n            <\/div>\n\n\n        <\/div>\n\n    <\/div>\n        <div class = \"p-top-mobile-50\"><\/div>\n<\/section>\n\n<section class = \"fdn-grid color-extra-pink-bg\">\n\n        <div class = \"p-top-mobile-50\"><\/div>\n    <div class = \"grid-container full-with-margin-10 no-padding\">\n\n        <div class = \"grid-x\">\n\n            <div class=\"cell large-6 small-12 \">\n                <div class = \"m-right-25  m-bottom-25 m-left-mob-0 m-right-mob-0 m-left-tab-0 m-right-tab-0\">\n                    <h2 class=\"heading heading--medium  m-bottom-10 color-bordeaux\">Additional qualifications:<\/h2>\n                    <span class=\"short-line-decoration  short-line-decoration--mini-width  color-primary-bg\"><\/span>\n                    <div class = \"paragraph--medium paragraph--primary m-top-40\">\n                        <ul>\n<li>Applied Kinesiology &#8211; Clinical Competence Certificate<\/li>\n<li>Therapy for learning disorders + partial performance deficits &#8211; Sunflower Therapy Diploma<\/li>\n<li>Nutritional advice based on individual test results with applied kinesiology<\/li>\n<li>NAET (Allergy Elimination Technique according to Dr. D. Nambudripad)<\/li>\n<\/ul>\n\n\n                                                    \n\n                    <\/div>\n                <\/div>\n            <\/div>\n\n            <div class=\"cell large-6 small-12\">\n                <div class = \"m-left-25 m-bottom-25 m-left-mob-0 m-right-mob-0 m-left-tab-0 m-right-tab-0\">\n                   \t\t\t\t\t\n\t\t\t\t\t<img class = \"image img-responsive-no-block\"\n                         src = \"https:\/\/www.dr-entrup.de\/wp-content\/uploads\/2023\/12\/Aniko-Judith-Entrup-Osteopathin-Heilpraktikerin-Dipl.-Physiotherapeutin-Kieferorthopaedie-Hannover.jpg\"\n                         alt=\"Aniko Judith Entrup - Osteopath, alternative practitioner, Dipl. Physiotherapist - Orthodontics Hanover\">\n\t\t\t\t\t\t \n\t\t\t\t\t\t\n                                   \n                <\/div>\n\n                \n            <\/div>\n\n        <\/div>\n\n    <\/div>\n        <div class = \"p-top-mobile-50\"><\/div>\n<\/section>\n\n<section class = \"fdn-grid color-white-bg\">\n    <div class = \"p-top-mobile-50\"><\/div>\n\t<div class = \"grid-container full-with-margin-10 no-padding\">\n\n        <div class = \"grid-x\">\n\n            <div class=\"cell large-6 small-12\">\n                <div class = \"m-right-25 m-bottom-25 m-left-mob-0 m-right-mob-0 m-left-tab-0 m-right-tab-0\">\n                    <img class = \"image img-responsive-no-block\"\n                         src = \"https:\/\/www.dr-entrup.de\/wp-content\/uploads\/2023\/12\/Mitgliedschaften-Aniko-J.-Entrup-Osteopathin-Heilpraktikerin-Dipl.-Physiotherapeutin-bei-Kieferorthopaedie-Hannover.jpg\"\n                         alt=\"Alt text...\">\n                <\/div>\n\n\n                                   \n            <\/div>\n\n            <div class=\"cell large-6 small-12 \">\n                <div class = \"m-left-25 m-right-25 m-bottom-25 m-left-mob-0 m-right-mob-0 m-left-tab-0 m-right-tab-0\">\n                    <h2 class=\"heading heading--medium  m-bottom-10 color-bordeaux\">Memberships:<\/h2>\n                    <span class=\"short-line-decoration  short-line-decoration--mini-width  color-primary-bg\"><\/span>\n                    <div class = \"paragraph paragraph--medium paragraph--primary m-top-40\">\n                        <ul>\n<li>Sunflower Germany e. V.<\/li>\n<li>NAET &#8211; Europe<\/li>\n<li><a class=\"ui-editor-link-external\" href=\"http:\/\/www.neurodontics.com\/\" target=\"_blank\" rel=\"noopener\">Board of Directors Neurodontics Foundation<\/a><\/li>\n<\/ul>\n\n                        \n                                                  \n\n                    <\/div>\n                <\/div>\n            <\/div>\n\n\n        <\/div>\n\n    <\/div>\n        <div class = \"p-top-mobile-50\"><\/div>\n<\/section>\n","protected":false},"excerpt":{"rendered":"","protected":false},"author":1,"featured_media":0,"parent":0,"menu_order":0,"comment_status":"closed","ping_status":"closed","template":"","meta":{"footnotes":""},"class_list":["post-4838","page","type-page","status-publish"],"acf":[],"yoast_head":"<!-- This site is optimized with the Yoast SEO plugin v26.6 - https:\/\/yoast.com\/wordpress\/plugins\/seo\/ -->\n<title>Aniko J. Entrup - Osteopath, alternative practitioner, Dipl. Physiotherapist<\/title>\n<meta name=\"description\" content=\"Aniko J. Entrup - Osteopath, alternative practitioner, Dipl. Physiotherapist at the specialist practice for comprehensive orthodontics Dres. W. &amp; J. Entrup &amp; Dr. T. Altvater in Hanover.\" \/>\n<meta name=\"robots\" content=\"index, follow, max-snippet:-1, max-image-preview:large, max-video-preview:-1\" \/>\n<link rel=\"canonical\" href=\"https:\/\/www.dr-entrup.de\/en\/a-entrup-osteopath-natural-medical-physiotherapist-hanover\/\" \/>\n<meta property=\"og:locale\" content=\"en_US\" \/>\n<meta property=\"og:type\" content=\"article\" \/>\n<meta property=\"og:title\" content=\"Aniko J. Entrup - Osteopath, alternative practitioner, Dipl. Physiotherapist\" \/>\n<meta property=\"og:description\" content=\"Aniko J. Entrup - Osteopath, alternative practitioner, Dipl. Physiotherapist at the specialist practice for comprehensive orthodontics Dres. W. &amp; J. Entrup &amp; Dr. T. Altvater in Hanover.\" \/>\n<meta property=\"og:url\" content=\"https:\/\/www.dr-entrup.de\/en\/a-entrup-osteopath-natural-medical-physiotherapist-hanover\/\" \/>\n<meta property=\"og:site_name\" content=\"BALANCE Fachpraxis f\u00fcr umfassende Kieferorthop\u00e4die Hannover Dr. Entrup\" \/>\n<meta property=\"article:modified_time\" content=\"2024-06-25T08:03:22+00:00\" \/>\n<meta name=\"twitter:card\" content=\"summary_large_image\" \/>\n<script type=\"application\/ld+json\" class=\"yoast-schema-graph\">{\"@context\":\"https:\/\/schema.org\",\"@graph\":[{\"@type\":\"WebPage\",\"@id\":\"https:\/\/www.dr-entrup.de\/en\/a-entrup-osteopath-natural-medical-physiotherapist-hanover\/\",\"url\":\"https:\/\/www.dr-entrup.de\/en\/a-entrup-osteopath-natural-medical-physiotherapist-hanover\/\",\"name\":\"Aniko J. Entrup - Osteopath, alternative practitioner, Dipl. Physiotherapist\",\"isPartOf\":{\"@id\":\"https:\/\/www.dr-entrup.de\/en\/#website\"},\"datePublished\":\"2023-12-13T17:42:02+00:00\",\"dateModified\":\"2024-06-25T08:03:22+00:00\",\"description\":\"Aniko J. Entrup - Osteopath, alternative practitioner, Dipl. Physiotherapist at the specialist practice for comprehensive orthodontics Dres. W. & J. Entrup & Dr. T. Altvater in Hanover.\",\"breadcrumb\":{\"@id\":\"https:\/\/www.dr-entrup.de\/en\/a-entrup-osteopath-natural-medical-physiotherapist-hanover\/#breadcrumb\"},\"inLanguage\":\"en-DE\",\"potentialAction\":[{\"@type\":\"ReadAction\",\"target\":[\"https:\/\/www.dr-entrup.de\/en\/a-entrup-osteopath-natural-medical-physiotherapist-hanover\/\"]}]},{\"@type\":\"BreadcrumbList\",\"@id\":\"https:\/\/www.dr-entrup.de\/en\/a-entrup-osteopath-natural-medical-physiotherapist-hanover\/#breadcrumb\",\"itemListElement\":[{\"@type\":\"ListItem\",\"position\":1,\"name\":\"Home\",\"item\":\"https:\/\/www.dr-entrup.de\/en\/\"},{\"@type\":\"ListItem\",\"position\":2,\"name\":\"A. Entrup\"}]},{\"@type\":\"WebSite\",\"@id\":\"https:\/\/www.dr-entrup.de\/en\/#website\",\"url\":\"https:\/\/www.dr-entrup.de\/en\/\",\"name\":\"BALANCE Fachpraxis f\u00fcr umfassende Kieferorthop\u00e4die Hannover Dr. Entrup\",\"description\":\"BALANCE Fachpraxis f\u00fcr umfassende Kieferorthop\u00e4die Hannover Dr. Entrup\",\"publisher\":{\"@id\":\"https:\/\/www.dr-entrup.de\/en\/#organization\"},\"potentialAction\":[{\"@type\":\"SearchAction\",\"target\":{\"@type\":\"EntryPoint\",\"urlTemplate\":\"https:\/\/www.dr-entrup.de\/en\/?s={search_term_string}\"},\"query-input\":{\"@type\":\"PropertyValueSpecification\",\"valueRequired\":true,\"valueName\":\"search_term_string\"}}],\"inLanguage\":\"en-DE\"},{\"@type\":\"Organization\",\"@id\":\"https:\/\/www.dr-entrup.de\/en\/#organization\",\"name\":\"BALANCE Fachpraxis f\u00fcr umfassende Kieferorthop\u00e4die Hannover Dr. Entrup\",\"url\":\"https:\/\/www.dr-entrup.de\/en\/\",\"logo\":{\"@type\":\"ImageObject\",\"inLanguage\":\"en-DE\",\"@id\":\"https:\/\/www.dr-entrup.de\/en\/#\/schema\/logo\/image\/\",\"url\":\"https:\/\/www.dr-entrup.de\/wp-content\/uploads\/2023\/11\/logo-plus-subtext.png\",\"contentUrl\":\"https:\/\/www.dr-entrup.de\/wp-content\/uploads\/2023\/11\/logo-plus-subtext.png\",\"width\":302,\"height\":326,\"caption\":\"BALANCE Fachpraxis f\u00fcr umfassende Kieferorthop\u00e4die Hannover Dr. Entrup\"},\"image\":{\"@id\":\"https:\/\/www.dr-entrup.de\/en\/#\/schema\/logo\/image\/\"}}]}<\/script>\n<!-- \/ Yoast SEO plugin. -->","yoast_head_json":{"title":"Aniko J. Entrup - Osteopath, alternative practitioner, Dipl. Physiotherapist","description":"Aniko J. Entrup - Osteopath, alternative practitioner, Dipl. Physiotherapist at the specialist practice for comprehensive orthodontics Dres. W. & J. Entrup & Dr. T. Altvater in Hanover.","robots":{"index":"index","follow":"follow","max-snippet":"max-snippet:-1","max-image-preview":"max-image-preview:large","max-video-preview":"max-video-preview:-1"},"canonical":"https:\/\/www.dr-entrup.de\/en\/a-entrup-osteopath-natural-medical-physiotherapist-hanover\/","og_locale":"en_US","og_type":"article","og_title":"Aniko J. Entrup - Osteopath, alternative practitioner, Dipl. Physiotherapist","og_description":"Aniko J. Entrup - Osteopath, alternative practitioner, Dipl. Physiotherapist at the specialist practice for comprehensive orthodontics Dres. W. & J. Entrup & Dr. T. Altvater in Hanover.","og_url":"https:\/\/www.dr-entrup.de\/en\/a-entrup-osteopath-natural-medical-physiotherapist-hanover\/","og_site_name":"BALANCE Fachpraxis f\u00fcr umfassende Kieferorthop\u00e4die Hannover Dr. Entrup","article_modified_time":"2024-06-25T08:03:22+00:00","twitter_card":"summary_large_image","schema":{"@context":"https:\/\/schema.org","@graph":[{"@type":"WebPage","@id":"https:\/\/www.dr-entrup.de\/en\/a-entrup-osteopath-natural-medical-physiotherapist-hanover\/","url":"https:\/\/www.dr-entrup.de\/en\/a-entrup-osteopath-natural-medical-physiotherapist-hanover\/","name":"Aniko J. Entrup - Osteopath, alternative practitioner, Dipl. Physiotherapist","isPartOf":{"@id":"https:\/\/www.dr-entrup.de\/en\/#website"},"datePublished":"2023-12-13T17:42:02+00:00","dateModified":"2024-06-25T08:03:22+00:00","description":"Aniko J. Entrup - Osteopath, alternative practitioner, Dipl. Physiotherapist at the specialist practice for comprehensive orthodontics Dres. W. & J. Entrup & Dr. T. Altvater in Hanover.","breadcrumb":{"@id":"https:\/\/www.dr-entrup.de\/en\/a-entrup-osteopath-natural-medical-physiotherapist-hanover\/#breadcrumb"},"inLanguage":"en-DE","potentialAction":[{"@type":"ReadAction","target":["https:\/\/www.dr-entrup.de\/en\/a-entrup-osteopath-natural-medical-physiotherapist-hanover\/"]}]},{"@type":"BreadcrumbList","@id":"https:\/\/www.dr-entrup.de\/en\/a-entrup-osteopath-natural-medical-physiotherapist-hanover\/#breadcrumb","itemListElement":[{"@type":"ListItem","position":1,"name":"Home","item":"https:\/\/www.dr-entrup.de\/en\/"},{"@type":"ListItem","position":2,"name":"A. Entrup"}]},{"@type":"WebSite","@id":"https:\/\/www.dr-entrup.de\/en\/#website","url":"https:\/\/www.dr-entrup.de\/en\/","name":"BALANCE Fachpraxis f\u00fcr umfassende Kieferorthop\u00e4die Hannover Dr. Entrup","description":"BALANCE Fachpraxis f\u00fcr umfassende Kieferorthop\u00e4die Hannover Dr. Entrup","publisher":{"@id":"https:\/\/www.dr-entrup.de\/en\/#organization"},"potentialAction":[{"@type":"SearchAction","target":{"@type":"EntryPoint","urlTemplate":"https:\/\/www.dr-entrup.de\/en\/?s={search_term_string}"},"query-input":{"@type":"PropertyValueSpecification","valueRequired":true,"valueName":"search_term_string"}}],"inLanguage":"en-DE"},{"@type":"Organization","@id":"https:\/\/www.dr-entrup.de\/en\/#organization","name":"BALANCE Fachpraxis f\u00fcr umfassende Kieferorthop\u00e4die Hannover Dr. Entrup","url":"https:\/\/www.dr-entrup.de\/en\/","logo":{"@type":"ImageObject","inLanguage":"en-DE","@id":"https:\/\/www.dr-entrup.de\/en\/#\/schema\/logo\/image\/","url":"https:\/\/www.dr-entrup.de\/wp-content\/uploads\/2023\/11\/logo-plus-subtext.png","contentUrl":"https:\/\/www.dr-entrup.de\/wp-content\/uploads\/2023\/11\/logo-plus-subtext.png","width":302,"height":326,"caption":"BALANCE Fachpraxis f\u00fcr umfassende Kieferorthop\u00e4die Hannover Dr. Entrup"},"image":{"@id":"https:\/\/www.dr-entrup.de\/en\/#\/schema\/logo\/image\/"}}]}},"_links":{"self":[{"href":"https:\/\/www.dr-entrup.de\/en\/wp-json\/wp\/v2\/pages\/4838","targetHints":{"allow":["GET"]}}],"collection":[{"href":"https:\/\/www.dr-entrup.de\/en\/wp-json\/wp\/v2\/pages"}],"about":[{"href":"https:\/\/www.dr-entrup.de\/en\/wp-json\/wp\/v2\/types\/page"}],"author":[{"embeddable":true,"href":"https:\/\/www.dr-entrup.de\/en\/wp-json\/wp\/v2\/users\/1"}],"replies":[{"embeddable":true,"href":"https:\/\/www.dr-entrup.de\/en\/wp-json\/wp\/v2\/comments?post=4838"}],"version-history":[{"count":5,"href":"https:\/\/www.dr-entrup.de\/en\/wp-json\/wp\/v2\/pages\/4838\/revisions"}],"predecessor-version":[{"id":6298,"href":"https:\/\/www.dr-entrup.de\/en\/wp-json\/wp\/v2\/pages\/4838\/revisions\/6298"}],"wp:attachment":[{"href":"https:\/\/www.dr-entrup.de\/en\/wp-json\/wp\/v2\/media?parent=4838"}],"curies":[{"name":"wp","href":"https:\/\/api.w.org\/{rel}","templated":true}]}}