{"id":4802,"date":"2023-12-15T19:03:23","date_gmt":"2023-12-15T18:03:23","guid":{"rendered":"https:\/\/debug.dr-entrup.de\/orthodontist-for-hanover-mitte-podbi-and-suedstadt\/"},"modified":"2023-12-18T14:25:08","modified_gmt":"2023-12-18T13:25:08","slug":"orthodontist-for-hanover-mitte-podbi-and-suedstadt","status":"publish","type":"page","link":"https:\/\/www.dr-entrup.de\/en\/orthodontist-for-hanover-mitte-podbi-and-suedstadt\/","title":{"rendered":"Orthodontist for Hanover, Mitte, Podbi and S\u00fcdstadt"},"content":{"rendered":"\n<section class = \"fdn-grid\">\n\t<div class = \"grid-container no-padding\">\n\t\t<div class = \"grid-x\">\n\t\t\t<div class=\"cell large-12 small-12 \">\n\t\t\t\t<div class =\"hero hero--background-gray text-center\">\n\t\t\t\t\t<img loading=\"lazy\" decoding=\"async\" width=\"1800\" height=\"840\" src=\"https:\/\/www.dr-entrup.de\/wp-content\/uploads\/2023\/12\/Kieferorthopade-fur-Hannover-Mitte-Podbi-und-Sudstadt-.jpg\" class=\"image img-responsive-no-block\" alt=\"Kieferorthopa\u0308de fu\u0308r Hannover, Mitte, Podbi und Su\u0308dstadt\" srcset=\"https:\/\/www.dr-entrup.de\/wp-content\/uploads\/2023\/12\/Kieferorthopade-fur-Hannover-Mitte-Podbi-und-Sudstadt-.jpg 1800w, https:\/\/www.dr-entrup.de\/wp-content\/uploads\/2023\/12\/Kieferorthopade-fur-Hannover-Mitte-Podbi-und-Sudstadt--300x140.jpg 300w, https:\/\/www.dr-entrup.de\/wp-content\/uploads\/2023\/12\/Kieferorthopade-fur-Hannover-Mitte-Podbi-und-Sudstadt--1024x478.jpg 1024w, https:\/\/www.dr-entrup.de\/wp-content\/uploads\/2023\/12\/Kieferorthopade-fur-Hannover-Mitte-Podbi-und-Sudstadt--768x358.jpg 768w, https:\/\/www.dr-entrup.de\/wp-content\/uploads\/2023\/12\/Kieferorthopade-fur-Hannover-Mitte-Podbi-und-Sudstadt--1536x717.jpg 1536w\" sizes=\"auto, (max-width: 1800px) 100vw, 1800px\" \/>\t\t\t\t<\/div>\n\t\t\t<\/div>\n\t\t<\/div>\n\t<\/div>\n<\/section>\n\n<section class = \"fdn-grid\">\n    <div class = \"p-top-mobile-50\"><\/div>\n    <div class = \"grid-container full-with-margin-10 no-padding\">\n        <div class = \"grid-x\">\n            <div class = \"cell small-12\">\n\n\n\n                <h1 class=\"heading heading--primary m-bottom-40\">Orthodontist for Hanover, Mitte, Podbi and S\u00fcdstadt<\/h1>\n                <h2 class=\"heading heading--secondary m-bottom-10\">Specialist practice for comprehensive orthodontics Dres. W. &amp; J. Entrup &amp; Dr. T. Altvater<\/h2>\n                <span class=\"short-line-decoration short-line-decoration--mini-width color-bordeaux-bg\"><\/span>\n\n                <div class=\"m-top-40 paragraph\">\n\n                    <p>As an orthodontist in Hanover, we are there for you in the event of jaw and tooth misalignments as well as malfunctions of the chewing organ and jaw joints, including people from Mitte, Podbi and S\u00fcdstadt. In our specialist practice for comprehensive orthodontics, we work according to the current state of dental science. This is because treatment methods and materials are also constantly being developed in this area. In this way, methods can be used that guarantee our patients faster and optimal treatment results with increased comfort.<\/p>\n<p>You can create a route from the following cities:<\/p>\n<ul>\n<li>Hildesheim Orthodontics<\/li>\n<li>KFO Hanover Center<\/li>\n<li>Orthodontist Podbi<\/li>\n<li>Dr. Entrup Hanover S\u00fcdstadt<\/li>\n<li>Orthodontist Braunschweig<\/li>\n<li>Wolfsburg<\/li>\n<li>New town<\/li>\n<\/ul>\n<p>&nbsp;<\/p>\n<p>In addition, we work according to our own balance concept, which makes orthodontics an essential part of a holistic view of the body, health and well-being. With this broader view and interdisciplinary treatments, we can support and achieve healing success in other areas &#8211; by examining and positively changing the interactions of the masticatory apparatus with, for example, the entire statics and dynamics of the body or hormonal regulators.<\/p>\n\n                <\/div>\n                                <a href='tel:+49511364990' class='button color-bordeaux-bg color-white button--medium' target='_self'> Call now &amp; get advice <\/a>                            <\/div>\n        <\/div>\n    <\/div>\n     <div class = \"p-top-mobile-50\"><\/div>\n<\/section>\n\n\n<section class = \"fdn-grid color-extra-pink-bg\">\n        <div class = \"p-top-mobile-50\"><\/div>\n\n    <div class = \"grid-container full-with-margin-10 no-padding\">\n\n        <div class = \"grid-x\">\n\n            <div class = \"cell small-12\">\n\n           \n  <h2 class='heading heading--medium  m-bottom-10 color-bordeaux'>The orthodontist for Hanover, Mitte, Podbi, S\u00fcdstadt &#8211; where children, teenagers and adults are in the best hands<\/h2><span class='short-line-decoration  short-line-decoration--mini-width color-primary-bg'><\/span><div class = 'paragraph--medium paragraph--primary m-top-40'><p>Thanks to modern treatment methods such as the so-called lingual technique, orthodontic therapy is less emotionally stressful, especially for children and adolescents &#8211; because the correction method applied to the tongue is not visible during normal speaking and eating. In the respective treatment, we correct the misalignments and ensure a targeted adjustment in order to give not only the jaw but also the entire body an optimal starting position for further development. Basically, it can be said that orthodontic treatments have become much safer, better and more comfortable in the last 10 to 20 years. Parents can assume that their own, possibly painful experiences can no longer be transferred to today.<\/p>\n<p>This is one of the reasons why adults are increasingly seeking orthodontic treatment. Whether pronounced or slight malocclusions &#8211; a functional and aesthetic improvement usually significantly increases self-esteem and quality of life. And with it a new standing in both private and professional life. After all, the requirements in this regard have not diminished.<\/p>\n<\/div>\t\t\t\t\n\t\t\t\t\n\t\t\t\t\n                            <\/div>\n        <\/div>\n    <\/div>\n        <div class = \"p-top-mobile-50\"><\/div>\n<\/section>\n\n<section class = \"fdn-grid color-white-bg\">\n        <div class = \"p-top-mobile-50\"><\/div>\n\n    <div class = \"grid-container full-with-margin-10 no-padding\">\n\n        <div class = \"grid-x\">\n\n            <div class = \"cell small-12\">\n\n           \n  <h2 class='heading heading--medium  m-bottom-10 color-bordeaux'>Route to the orthodontist Dr. Entrup for patients from Hannover Mitte<\/h2><span class='short-line-decoration  short-line-decoration--mini-width color-primary-bg'><\/span><div class = 'paragraph--medium paragraph--primary m-top-40'><p>At the specialist practice for comprehensive orthodontics for patients from Hanover, we use a broader perspective to sustainably link quality of life with improved health. Recognizing and correcting misaligned jaws and teeth and malfunctions of the masticatory system can remedy complaints in the entire musculoskeletal system or in the endocrine system. As an orthodontist for Hanover, Mitte, Podbi and S\u00fcdstadt, we incorporate the entire field of general medicine as well as orthopaedics, applied kinesiology (AK), acupuncture, homeopathy and chiropractic. It is not uncommon for the correction of misaligned teeth to lead to the disappearance of other complaints that have sometimes been more or less consciously endured for decades. In order to be able to make clearer diagnoses themselves, many doctors now welcome a prophylactic examination by a comprehensive orthodontist to rule out this area as the cause of complaints.<\/p>\n<p>Long-term robust health depends to a large extent on a healthy chewing apparatus. The best conditions can be created for children and young people in particular. And a harmonious facial expression with beautiful and straight teeth makes up a large part of a person&#8217;s attractiveness.<\/p>\n<p>Welcome to the specialist practice for comprehensive orthodontics &#8211; your orthodontist for Hanover, Mitte, Podbi, S\u00fcdstadt!<\/p>\n<p><a href=\"https:\/\/www.google.com\/maps?ll=52.373935,9.736229&amp;z=16&amp;t=m&amp;hl=de&amp;gl=US&amp;mapclient=embed&amp;saddr=Hannover&amp;daddr=Kieferorthop%C3%A4die+Hannover+-+Kieferorthop%C3%A4de+Dres.+W.+%26+J.+Entrup+%26+Dr.+T.+Altvater,+Georgstra%C3%9Fe+46,+30159+Hannover&amp;dirflg=r\"><img loading=\"lazy\" decoding=\"async\" class=\"aligncenter wp-image-4386 size-full\" src=\"https:\/\/www.dr-entrup.de\/wp-content\/uploads\/2023\/12\/Route-zum-Kieferorthopaden-Dr.-Entrup-fur-Patienten-aus-Hannover-Mitte-.jpg\" alt=\"Route to the orthodontist Dr. Entrup for patients from Hannover Mitte\" width=\"398\" height=\"301\" srcset=\"https:\/\/www.dr-entrup.de\/wp-content\/uploads\/2023\/12\/Route-zum-Kieferorthopaden-Dr.-Entrup-fur-Patienten-aus-Hannover-Mitte-.jpg 398w, https:\/\/www.dr-entrup.de\/wp-content\/uploads\/2023\/12\/Route-zum-Kieferorthopaden-Dr.-Entrup-fur-Patienten-aus-Hannover-Mitte--300x227.jpg 300w\" sizes=\"auto, (max-width: 398px) 100vw, 398px\" \/><\/a><\/p>\n<\/div>\t\t\t\t\n\t\t\t\t\n\t\t\t\t\n                            <\/div>\n        <\/div>\n    <\/div>\n        <div class = \"p-top-mobile-50\"><\/div>\n<\/section>\n\n<section class = \"fdn-grid color-extra-pink-bg\">\n        <div class = \"p-top-mobile-50\"><\/div>\n\n    <div class = \"grid-container full-with-margin-10 no-padding\">\n\n        <div class = \"grid-x\">\n\n            <div class = \"cell small-12\">\n\n           \n  <h2 class='heading heading--medium  m-bottom-10 color-bordeaux'>Route to the orthodontist Dr. Entrup for patients from Hannover S\u00fcdstadt<\/h2><span class='short-line-decoration  short-line-decoration--mini-width color-primary-bg'><\/span><div class = 'paragraph--medium paragraph--primary m-top-40'><p><a href=\"https:\/\/www.google.com\/maps\/dir\/S%C3%BCdstadt-Bult,+Hannover,+Deutschland\/Kieferorthop%C3%A4die+Hannover+-+Kieferorthop%C3%A4de+Dres.+W.+%26+J.+Entrup+%26+Dr.+T.+Altvater,+Georgstra%C3%9Fe+46,+30159+Hannover,+Deutschland\/@52.366471,9.74929,14z\/data=!4m14!4m13!1m5!1m1!1s0x47b00b30babed5d5:0xbc173b8885ff0173!2m2!1d9.753052!2d52.3590245!1m5!1m1!1s0x47b074b122152b43:0x363b6867958d8420!2m2!1d9.740177!2d52.3721958!3e0?hl=de&amp;entry=ttu\"><img loading=\"lazy\" decoding=\"async\" class=\"aligncenter wp-image-4391 size-full\" src=\"https:\/\/www.dr-entrup.de\/wp-content\/uploads\/2023\/12\/Route-zum-Kieferorthopaden-Dr.-Entrup-fur-Patienten-aus-Hannover-Sudstadt.jpg\" alt=\"Route to the orthodontist Dr. Entrup for patients from Hannover S\u00fcdstadt\" width=\"398\" height=\"300\" srcset=\"https:\/\/www.dr-entrup.de\/wp-content\/uploads\/2023\/12\/Route-zum-Kieferorthopaden-Dr.-Entrup-fur-Patienten-aus-Hannover-Sudstadt.jpg 398w, https:\/\/www.dr-entrup.de\/wp-content\/uploads\/2023\/12\/Route-zum-Kieferorthopaden-Dr.-Entrup-fur-Patienten-aus-Hannover-Sudstadt-300x226.jpg 300w\" sizes=\"auto, (max-width: 398px) 100vw, 398px\" \/><\/a><\/p>\n<\/div>\t\t\t\t\n\t\t\t\t\n\t\t\t\t\n                            <\/div>\n        <\/div>\n    <\/div>\n        <div class = \"p-top-mobile-50\"><\/div>\n<\/section>\n\n<section class = \"fdn-grid color-white-bg\">\n        <div class = \"p-top-mobile-50\"><\/div>\n\n    <div class = \"grid-container full-with-margin-10 no-padding\">\n\n        <div class = \"grid-x\">\n\n            <div class = \"cell small-12\">\n\n           \n  <h2 class='heading heading--medium  m-bottom-10 color-bordeaux'>Route to the orthodontist Dr. Entrup for patients from Hannover Podbi<\/h2><span class='short-line-decoration  short-line-decoration--mini-width color-primary-bg'><\/span><div class = 'paragraph--medium paragraph--primary m-top-40'><p><a href=\"https:\/\/www.google.com\/maps\/dir\/Reha+Podbi+Park,+Lister+Str.+12,+30163+Hannover,+Deutschland\/Kieferorthop%C3%A4die+Hannover+-+Kieferorthop%C3%A4de+Dres.+W.+%26+J.+Entrup+%26+Dr.+T.+Altvater,+Georgstra%C3%9Fe+46,+30159+Hannover,+Deutschland\/@52.381341,9.747435,14z\/data=!4m14!4m13!1m5!1m1!1s0x47b0735416f21a41:0xca99bb55161bcca9!2m2!1d9.7511333!2d52.3904855!1m5!1m1!1s0x47b074b122152b43:0x363b6867958d8420!2m2!1d9.740177!2d52.3721958!3e0?hl=de&amp;entry=ttu\"><img loading=\"lazy\" decoding=\"async\" class=\"alignnone wp-image-4396 size-full\" src=\"https:\/\/www.dr-entrup.de\/wp-content\/uploads\/2023\/12\/Route-zum-Kieferorthopaden-Dr.-Entrup-fur-Patienten-aus-Hannover-Podbi.jpg\" alt=\"Route to the orthodontist Dr. Entrup for patients from Hannover Podbi\" width=\"397\" height=\"301\" srcset=\"https:\/\/www.dr-entrup.de\/wp-content\/uploads\/2023\/12\/Route-zum-Kieferorthopaden-Dr.-Entrup-fur-Patienten-aus-Hannover-Podbi.jpg 397w, https:\/\/www.dr-entrup.de\/wp-content\/uploads\/2023\/12\/Route-zum-Kieferorthopaden-Dr.-Entrup-fur-Patienten-aus-Hannover-Podbi-300x227.jpg 300w\" sizes=\"auto, (max-width: 397px) 100vw, 397px\" \/><\/a><\/p>\n<\/div>\t\t\t\t\n\t\t\t\t\n\t\t\t\t\n                            <\/div>\n        <\/div>\n    <\/div>\n        <div class = \"p-top-mobile-50\"><\/div>\n<\/section>","protected":false},"excerpt":{"rendered":"","protected":false},"author":1,"featured_media":0,"parent":0,"menu_order":0,"comment_status":"closed","ping_status":"closed","template":"","meta":{"footnotes":""},"class_list":["post-4802","page","type-page","status-publish"],"acf":[],"yoast_head":"<!-- This site is optimized with the Yoast SEO plugin v26.6 - https:\/\/yoast.com\/wordpress\/plugins\/seo\/ -->\n<title>Orthodontist center, Hannover Podbi, S\u00fcdstadt - Dres. W. &amp; J. Entrup &amp; Dr. T. Altvater<\/title>\n<meta name=\"description\" content=\"For patients from Hannover Mitte, Hannover Podbi and Hannover S\u00fcdstadt - The specialist practice for comprehensive orthodontics Dres. W. &amp; J. Entrup &amp; Dr. T. Altvater\" \/>\n<meta name=\"robots\" content=\"index, follow, max-snippet:-1, max-image-preview:large, max-video-preview:-1\" \/>\n<link rel=\"canonical\" href=\"https:\/\/www.dr-entrup.de\/en\/orthodontist-for-hanover-mitte-podbi-and-suedstadt\/\" \/>\n<meta property=\"og:locale\" content=\"en_US\" \/>\n<meta property=\"og:type\" content=\"article\" \/>\n<meta property=\"og:title\" content=\"Orthodontist center, Hannover Podbi, S\u00fcdstadt - Dres. W. &amp; J. Entrup &amp; Dr. T. Altvater\" \/>\n<meta property=\"og:description\" content=\"For patients from Hannover Mitte, Hannover Podbi and Hannover S\u00fcdstadt - The specialist practice for comprehensive orthodontics Dres. W. &amp; J. Entrup &amp; Dr. T. Altvater\" \/>\n<meta property=\"og:url\" content=\"https:\/\/www.dr-entrup.de\/en\/orthodontist-for-hanover-mitte-podbi-and-suedstadt\/\" \/>\n<meta property=\"og:site_name\" content=\"BALANCE Fachpraxis f\u00fcr umfassende Kieferorthop\u00e4die Hannover Dr. Entrup\" \/>\n<meta property=\"article:modified_time\" content=\"2023-12-18T13:25:08+00:00\" \/>\n<meta name=\"twitter:card\" content=\"summary_large_image\" \/>\n<script type=\"application\/ld+json\" class=\"yoast-schema-graph\">{\"@context\":\"https:\/\/schema.org\",\"@graph\":[{\"@type\":\"WebPage\",\"@id\":\"https:\/\/www.dr-entrup.de\/en\/orthodontist-for-hanover-mitte-podbi-and-suedstadt\/\",\"url\":\"https:\/\/www.dr-entrup.de\/en\/orthodontist-for-hanover-mitte-podbi-and-suedstadt\/\",\"name\":\"Orthodontist center, Hannover Podbi, S\u00fcdstadt - Dres. W. & J. Entrup & Dr. T. Altvater\",\"isPartOf\":{\"@id\":\"https:\/\/www.dr-entrup.de\/en\/#website\"},\"datePublished\":\"2023-12-15T18:03:23+00:00\",\"dateModified\":\"2023-12-18T13:25:08+00:00\",\"description\":\"For patients from Hannover Mitte, Hannover Podbi and Hannover S\u00fcdstadt - The specialist practice for comprehensive orthodontics Dres. W. & J. Entrup & Dr. T. Altvater\",\"breadcrumb\":{\"@id\":\"https:\/\/www.dr-entrup.de\/en\/orthodontist-for-hanover-mitte-podbi-and-suedstadt\/#breadcrumb\"},\"inLanguage\":\"en-DE\",\"potentialAction\":[{\"@type\":\"ReadAction\",\"target\":[\"https:\/\/www.dr-entrup.de\/en\/orthodontist-for-hanover-mitte-podbi-and-suedstadt\/\"]}]},{\"@type\":\"BreadcrumbList\",\"@id\":\"https:\/\/www.dr-entrup.de\/en\/orthodontist-for-hanover-mitte-podbi-and-suedstadt\/#breadcrumb\",\"itemListElement\":[{\"@type\":\"ListItem\",\"position\":1,\"name\":\"Home\",\"item\":\"https:\/\/www.dr-entrup.de\/en\/\"},{\"@type\":\"ListItem\",\"position\":2,\"name\":\"Orthodontist for Hanover, Mitte, Podbi and S\u00fcdstadt\"}]},{\"@type\":\"WebSite\",\"@id\":\"https:\/\/www.dr-entrup.de\/en\/#website\",\"url\":\"https:\/\/www.dr-entrup.de\/en\/\",\"name\":\"BALANCE Fachpraxis f\u00fcr umfassende Kieferorthop\u00e4die Hannover Dr. Entrup\",\"description\":\"BALANCE Fachpraxis f\u00fcr umfassende Kieferorthop\u00e4die Hannover Dr. Entrup\",\"publisher\":{\"@id\":\"https:\/\/www.dr-entrup.de\/en\/#organization\"},\"potentialAction\":[{\"@type\":\"SearchAction\",\"target\":{\"@type\":\"EntryPoint\",\"urlTemplate\":\"https:\/\/www.dr-entrup.de\/en\/?s={search_term_string}\"},\"query-input\":{\"@type\":\"PropertyValueSpecification\",\"valueRequired\":true,\"valueName\":\"search_term_string\"}}],\"inLanguage\":\"en-DE\"},{\"@type\":\"Organization\",\"@id\":\"https:\/\/www.dr-entrup.de\/en\/#organization\",\"name\":\"BALANCE Fachpraxis f\u00fcr umfassende Kieferorthop\u00e4die Hannover Dr. Entrup\",\"url\":\"https:\/\/www.dr-entrup.de\/en\/\",\"logo\":{\"@type\":\"ImageObject\",\"inLanguage\":\"en-DE\",\"@id\":\"https:\/\/www.dr-entrup.de\/en\/#\/schema\/logo\/image\/\",\"url\":\"https:\/\/www.dr-entrup.de\/wp-content\/uploads\/2023\/11\/logo-plus-subtext.png\",\"contentUrl\":\"https:\/\/www.dr-entrup.de\/wp-content\/uploads\/2023\/11\/logo-plus-subtext.png\",\"width\":302,\"height\":326,\"caption\":\"BALANCE Fachpraxis f\u00fcr umfassende Kieferorthop\u00e4die Hannover Dr. Entrup\"},\"image\":{\"@id\":\"https:\/\/www.dr-entrup.de\/en\/#\/schema\/logo\/image\/\"}}]}<\/script>\n<!-- \/ Yoast SEO plugin. -->","yoast_head_json":{"title":"Orthodontist center, Hannover Podbi, S\u00fcdstadt - Dres. W. & J. Entrup & Dr. T. Altvater","description":"For patients from Hannover Mitte, Hannover Podbi and Hannover S\u00fcdstadt - The specialist practice for comprehensive orthodontics Dres. W. & J. Entrup & Dr. T. Altvater","robots":{"index":"index","follow":"follow","max-snippet":"max-snippet:-1","max-image-preview":"max-image-preview:large","max-video-preview":"max-video-preview:-1"},"canonical":"https:\/\/www.dr-entrup.de\/en\/orthodontist-for-hanover-mitte-podbi-and-suedstadt\/","og_locale":"en_US","og_type":"article","og_title":"Orthodontist center, Hannover Podbi, S\u00fcdstadt - Dres. W. & J. Entrup & Dr. T. Altvater","og_description":"For patients from Hannover Mitte, Hannover Podbi and Hannover S\u00fcdstadt - The specialist practice for comprehensive orthodontics Dres. W. & J. Entrup & Dr. T. Altvater","og_url":"https:\/\/www.dr-entrup.de\/en\/orthodontist-for-hanover-mitte-podbi-and-suedstadt\/","og_site_name":"BALANCE Fachpraxis f\u00fcr umfassende Kieferorthop\u00e4die Hannover Dr. Entrup","article_modified_time":"2023-12-18T13:25:08+00:00","twitter_card":"summary_large_image","schema":{"@context":"https:\/\/schema.org","@graph":[{"@type":"WebPage","@id":"https:\/\/www.dr-entrup.de\/en\/orthodontist-for-hanover-mitte-podbi-and-suedstadt\/","url":"https:\/\/www.dr-entrup.de\/en\/orthodontist-for-hanover-mitte-podbi-and-suedstadt\/","name":"Orthodontist center, Hannover Podbi, S\u00fcdstadt - Dres. W. & J. Entrup & Dr. T. Altvater","isPartOf":{"@id":"https:\/\/www.dr-entrup.de\/en\/#website"},"datePublished":"2023-12-15T18:03:23+00:00","dateModified":"2023-12-18T13:25:08+00:00","description":"For patients from Hannover Mitte, Hannover Podbi and Hannover S\u00fcdstadt - The specialist practice for comprehensive orthodontics Dres. W. & J. Entrup & Dr. T. Altvater","breadcrumb":{"@id":"https:\/\/www.dr-entrup.de\/en\/orthodontist-for-hanover-mitte-podbi-and-suedstadt\/#breadcrumb"},"inLanguage":"en-DE","potentialAction":[{"@type":"ReadAction","target":["https:\/\/www.dr-entrup.de\/en\/orthodontist-for-hanover-mitte-podbi-and-suedstadt\/"]}]},{"@type":"BreadcrumbList","@id":"https:\/\/www.dr-entrup.de\/en\/orthodontist-for-hanover-mitte-podbi-and-suedstadt\/#breadcrumb","itemListElement":[{"@type":"ListItem","position":1,"name":"Home","item":"https:\/\/www.dr-entrup.de\/en\/"},{"@type":"ListItem","position":2,"name":"Orthodontist for Hanover, Mitte, Podbi and S\u00fcdstadt"}]},{"@type":"WebSite","@id":"https:\/\/www.dr-entrup.de\/en\/#website","url":"https:\/\/www.dr-entrup.de\/en\/","name":"BALANCE Fachpraxis f\u00fcr umfassende Kieferorthop\u00e4die Hannover Dr. Entrup","description":"BALANCE Fachpraxis f\u00fcr umfassende Kieferorthop\u00e4die Hannover Dr. Entrup","publisher":{"@id":"https:\/\/www.dr-entrup.de\/en\/#organization"},"potentialAction":[{"@type":"SearchAction","target":{"@type":"EntryPoint","urlTemplate":"https:\/\/www.dr-entrup.de\/en\/?s={search_term_string}"},"query-input":{"@type":"PropertyValueSpecification","valueRequired":true,"valueName":"search_term_string"}}],"inLanguage":"en-DE"},{"@type":"Organization","@id":"https:\/\/www.dr-entrup.de\/en\/#organization","name":"BALANCE Fachpraxis f\u00fcr umfassende Kieferorthop\u00e4die Hannover Dr. Entrup","url":"https:\/\/www.dr-entrup.de\/en\/","logo":{"@type":"ImageObject","inLanguage":"en-DE","@id":"https:\/\/www.dr-entrup.de\/en\/#\/schema\/logo\/image\/","url":"https:\/\/www.dr-entrup.de\/wp-content\/uploads\/2023\/11\/logo-plus-subtext.png","contentUrl":"https:\/\/www.dr-entrup.de\/wp-content\/uploads\/2023\/11\/logo-plus-subtext.png","width":302,"height":326,"caption":"BALANCE Fachpraxis f\u00fcr umfassende Kieferorthop\u00e4die Hannover Dr. Entrup"},"image":{"@id":"https:\/\/www.dr-entrup.de\/en\/#\/schema\/logo\/image\/"}}]}},"_links":{"self":[{"href":"https:\/\/www.dr-entrup.de\/en\/wp-json\/wp\/v2\/pages\/4802","targetHints":{"allow":["GET"]}}],"collection":[{"href":"https:\/\/www.dr-entrup.de\/en\/wp-json\/wp\/v2\/pages"}],"about":[{"href":"https:\/\/www.dr-entrup.de\/en\/wp-json\/wp\/v2\/types\/page"}],"author":[{"embeddable":true,"href":"https:\/\/www.dr-entrup.de\/en\/wp-json\/wp\/v2\/users\/1"}],"replies":[{"embeddable":true,"href":"https:\/\/www.dr-entrup.de\/en\/wp-json\/wp\/v2\/comments?post=4802"}],"version-history":[{"count":1,"href":"https:\/\/www.dr-entrup.de\/en\/wp-json\/wp\/v2\/pages\/4802\/revisions"}],"predecessor-version":[{"id":4807,"href":"https:\/\/www.dr-entrup.de\/en\/wp-json\/wp\/v2\/pages\/4802\/revisions\/4807"}],"wp:attachment":[{"href":"https:\/\/www.dr-entrup.de\/en\/wp-json\/wp\/v2\/media?parent=4802"}],"curies":[{"name":"wp","href":"https:\/\/api.w.org\/{rel}","templated":true}]}}