{"id":4775,"date":"2023-12-15T18:35:14","date_gmt":"2023-12-15T17:35:14","guid":{"rendered":"https:\/\/debug.dr-entrup.de\/orthodontist-for-hildesheim\/"},"modified":"2023-12-18T14:25:07","modified_gmt":"2023-12-18T13:25:07","slug":"orthodontist-for-hildesheim","status":"publish","type":"page","link":"https:\/\/www.dr-entrup.de\/en\/orthodontist-for-hildesheim\/","title":{"rendered":"Orthodontist for Hildesheim"},"content":{"rendered":"\n<section class = \"fdn-grid\">\n\t<div class = \"grid-container no-padding\">\n\t\t<div class = \"grid-x\">\n\t\t\t<div class=\"cell large-12 small-12 \">\n\t\t\t\t<div class =\"hero hero--background-gray text-center\">\n\t\t\t\t\t<img loading=\"lazy\" decoding=\"async\" width=\"1800\" height=\"840\" src=\"https:\/\/www.dr-entrup.de\/wp-content\/uploads\/2023\/12\/Dr.-Entrup-Kieferorthopade-fur-Hildesheim.jpg\" class=\"image img-responsive-no-block\" alt=\"Dr. Entrup Kieferorthopa\u0308de fu\u0308r Hildesheim\" srcset=\"https:\/\/www.dr-entrup.de\/wp-content\/uploads\/2023\/12\/Dr.-Entrup-Kieferorthopade-fur-Hildesheim.jpg 1800w, https:\/\/www.dr-entrup.de\/wp-content\/uploads\/2023\/12\/Dr.-Entrup-Kieferorthopade-fur-Hildesheim-300x140.jpg 300w, https:\/\/www.dr-entrup.de\/wp-content\/uploads\/2023\/12\/Dr.-Entrup-Kieferorthopade-fur-Hildesheim-1024x478.jpg 1024w, https:\/\/www.dr-entrup.de\/wp-content\/uploads\/2023\/12\/Dr.-Entrup-Kieferorthopade-fur-Hildesheim-768x358.jpg 768w, https:\/\/www.dr-entrup.de\/wp-content\/uploads\/2023\/12\/Dr.-Entrup-Kieferorthopade-fur-Hildesheim-1536x717.jpg 1536w\" sizes=\"auto, (max-width: 1800px) 100vw, 1800px\" \/>\t\t\t\t<\/div>\n\t\t\t<\/div>\n\t\t<\/div>\n\t<\/div>\n<\/section>\n\n<section class = \"fdn-grid\">\n    <div class = \"p-top-mobile-50\"><\/div>\n    <div class = \"grid-container full-with-margin-10 no-padding\">\n        <div class = \"grid-x\">\n            <div class = \"cell small-12\">\n\n\n\n                <h1 class=\"heading heading--primary m-bottom-40\">Dr. Entrup Orthodontist for Hildesheim<\/h1>\n                <h2 class=\"heading heading--secondary m-bottom-10\">Information for patients from Hildesheim and the surrounding area about our specialist practice for orthodontics<\/h2>\n                <span class=\"short-line-decoration short-line-decoration--mini-width color-bordeaux-bg\"><\/span>\n\n                <div class=\"m-top-40 paragraph\">\n\n                    <p>Orthodontics traditionally deals with the correction of jaw and teeth malocclusions as well as malfunctions of the masticatory system and jaw joints. We first defined and published the Balance treatment concept on this basis in 1995 and have been continuously developing it ever since.<\/p>\n<p>It is a new orthodontic treatment method that combines interdisciplinary knowledge of dentistry and orthodontics with orthopaedics, general medicine and complementary healing methods such as applied kinesiology (AK), acupuncture, homeopathy and chiropractic.<\/p>\n<div><\/div>\n<ul>\n<li>Orthodontist Hildesheim<\/li>\n<li>Hanover center<\/li>\n<li>Hanover Podbi<\/li>\n<li>Hanover S\u00fcdstadt<\/li>\n<li>Orthodontist Braunschweig<\/li>\n<li>KFO Wolfburg<\/li>\n<li>Orthodontist Neustadt<\/li>\n<\/ul>\n<p>&nbsp;<br \/>\nMore than braces &#8211; our treatments include:<\/p>\n<ul>\n<li>Children&#8217;s orthodontics (early treatment, braces)<\/li>\n<li>Adult orthodontics<\/li>\n<li>Aesthetic orthodontics<\/li>\n<li>Invisalign\u00ae (transparent dental splint)<\/li>\n<li>Lingual technique (braces that are attached to the inside of the teeth)<\/li>\n<li>CMD = craniomandibular dysfunction<\/li>\n<li>Back pain<\/li>\n<li>Headache<\/li>\n<li>Hyperactivity (ADHD-ADD)<\/li>\n<li>Ostheopathy<\/li>\n<li>Hormonal disorders<\/li>\n<\/ul>\n<p>&nbsp;<br \/>\nYour orthodontists Dres. W. &amp; J. Entrup &amp; Dr. T. Altvater<\/p>\n\n                <\/div>\n                                <a href='tel:+49511364990' class='button color-bordeaux-bg color-white button--medium' target='_self'> Call now &amp; get advice <\/a>                            <\/div>\n        <\/div>\n    <\/div>\n     <div class = \"p-top-mobile-50\"><\/div>\n<\/section>\n\n\n<section class = \"fdn-grid color-extra-pink-bg\">\n        <div class = \"p-top-mobile-50\"><\/div>\n\n    <div class = \"grid-container full-with-margin-10 no-padding\">\n\n        <div class = \"grid-x\">\n\n            <div class = \"cell small-12\">\n\n           \n  <h2 class='heading heading--medium  m-bottom-10 color-bordeaux'>Directions from the center of Hildesheim:<\/h2><span class='short-line-decoration  short-line-decoration--mini-width color-primary-bg'><\/span><div class = 'paragraph--medium paragraph--primary m-top-40'><p>Get quick and easy directions from the center of Hildesheim to our orthodontic practice. Click on B on the map and on Calculate route. After clicking on &#8220;Calculate route&#8221; you will receive your personal route plan.<\/p>\n<p><a href=\"https:\/\/www.google.com\/maps\/dir\/Hildesheim,+Deutschland\/Kieferorthop%C3%A4die+Hannover+-+Kieferorthop%C3%A4de+Dres.+W.+%26+J.+Entrup+%26+Dr.+T.+Altvater,+Georgstra%C3%9Fe+46,+30159+Hannover,+Deutschland\/@52.265795,9.853807,10z\/data=!4m14!4m13!1m5!1m1!1s0x47baafa9eed1ca23:0x8eeec1f5e47183d2!2m2!1d9.9579652!2d52.154778!1m5!1m1!1s0x47b074b122152b43:0x363b6867958d8420!2m2!1d9.740177!2d52.3721958!3e0?hl=de&amp;entry=ttu\"><img loading=\"lazy\" decoding=\"async\" class=\"alignnone wp-image-4344 size-full\" src=\"https:\/\/www.dr-entrup.de\/wp-content\/uploads\/2023\/12\/Screenshot-2023-12-15-at-17.45.29.jpg\" alt=\"\" width=\"398\" height=\"303\" srcset=\"https:\/\/www.dr-entrup.de\/wp-content\/uploads\/2023\/12\/Screenshot-2023-12-15-at-17.45.29.jpg 398w, https:\/\/www.dr-entrup.de\/wp-content\/uploads\/2023\/12\/Screenshot-2023-12-15-at-17.45.29-300x228.jpg 300w\" sizes=\"auto, (max-width: 398px) 100vw, 398px\" \/><\/a><\/p>\n<\/div>\t\t\t\t\n\t\t\t\t\n\t\t\t\t\n                            <\/div>\n        <\/div>\n    <\/div>\n        <div class = \"p-top-mobile-50\"><\/div>\n<\/section>","protected":false},"excerpt":{"rendered":"","protected":false},"author":1,"featured_media":0,"parent":0,"menu_order":0,"comment_status":"closed","ping_status":"closed","template":"","meta":{"footnotes":""},"class_list":["post-4775","page","type-page","status-publish"],"acf":[],"yoast_head":"<!-- This site is optimized with the Yoast SEO plugin v26.6 - https:\/\/yoast.com\/wordpress\/plugins\/seo\/ -->\n<title>Balance - Orthodontist for Hildesheim<\/title>\n<meta name=\"description\" content=\"Dr. Entrup - Orthodontist Hildesheim - Information about our specialist dental practice for orthodontics - braces lingual technique Invisalign\" \/>\n<meta name=\"robots\" content=\"index, follow, max-snippet:-1, max-image-preview:large, max-video-preview:-1\" \/>\n<link rel=\"canonical\" href=\"https:\/\/www.dr-entrup.de\/en\/orthodontist-for-hildesheim\/\" \/>\n<meta property=\"og:locale\" content=\"en_US\" \/>\n<meta property=\"og:type\" content=\"article\" \/>\n<meta property=\"og:title\" content=\"Balance - Orthodontist for Hildesheim\" \/>\n<meta property=\"og:description\" content=\"Dr. Entrup - Orthodontist Hildesheim - Information about our specialist dental practice for orthodontics - braces lingual technique Invisalign\" \/>\n<meta property=\"og:url\" content=\"https:\/\/www.dr-entrup.de\/en\/orthodontist-for-hildesheim\/\" \/>\n<meta property=\"og:site_name\" content=\"BALANCE Fachpraxis f\u00fcr umfassende Kieferorthop\u00e4die Hannover Dr. Entrup\" \/>\n<meta property=\"article:modified_time\" content=\"2023-12-18T13:25:07+00:00\" \/>\n<meta name=\"twitter:card\" content=\"summary_large_image\" \/>\n<script type=\"application\/ld+json\" class=\"yoast-schema-graph\">{\"@context\":\"https:\/\/schema.org\",\"@graph\":[{\"@type\":\"WebPage\",\"@id\":\"https:\/\/www.dr-entrup.de\/en\/orthodontist-for-hildesheim\/\",\"url\":\"https:\/\/www.dr-entrup.de\/en\/orthodontist-for-hildesheim\/\",\"name\":\"Balance - Orthodontist for Hildesheim\",\"isPartOf\":{\"@id\":\"https:\/\/www.dr-entrup.de\/en\/#website\"},\"datePublished\":\"2023-12-15T17:35:14+00:00\",\"dateModified\":\"2023-12-18T13:25:07+00:00\",\"description\":\"Dr. Entrup - Orthodontist Hildesheim - Information about our specialist dental practice for orthodontics - braces lingual technique Invisalign\",\"breadcrumb\":{\"@id\":\"https:\/\/www.dr-entrup.de\/en\/orthodontist-for-hildesheim\/#breadcrumb\"},\"inLanguage\":\"en-DE\",\"potentialAction\":[{\"@type\":\"ReadAction\",\"target\":[\"https:\/\/www.dr-entrup.de\/en\/orthodontist-for-hildesheim\/\"]}]},{\"@type\":\"BreadcrumbList\",\"@id\":\"https:\/\/www.dr-entrup.de\/en\/orthodontist-for-hildesheim\/#breadcrumb\",\"itemListElement\":[{\"@type\":\"ListItem\",\"position\":1,\"name\":\"Home\",\"item\":\"https:\/\/www.dr-entrup.de\/en\/\"},{\"@type\":\"ListItem\",\"position\":2,\"name\":\"Orthodontist for Hildesheim\"}]},{\"@type\":\"WebSite\",\"@id\":\"https:\/\/www.dr-entrup.de\/en\/#website\",\"url\":\"https:\/\/www.dr-entrup.de\/en\/\",\"name\":\"BALANCE Fachpraxis f\u00fcr umfassende Kieferorthop\u00e4die Hannover Dr. Entrup\",\"description\":\"BALANCE Fachpraxis f\u00fcr umfassende Kieferorthop\u00e4die Hannover Dr. Entrup\",\"publisher\":{\"@id\":\"https:\/\/www.dr-entrup.de\/en\/#organization\"},\"potentialAction\":[{\"@type\":\"SearchAction\",\"target\":{\"@type\":\"EntryPoint\",\"urlTemplate\":\"https:\/\/www.dr-entrup.de\/en\/?s={search_term_string}\"},\"query-input\":{\"@type\":\"PropertyValueSpecification\",\"valueRequired\":true,\"valueName\":\"search_term_string\"}}],\"inLanguage\":\"en-DE\"},{\"@type\":\"Organization\",\"@id\":\"https:\/\/www.dr-entrup.de\/en\/#organization\",\"name\":\"BALANCE Fachpraxis f\u00fcr umfassende Kieferorthop\u00e4die Hannover Dr. Entrup\",\"url\":\"https:\/\/www.dr-entrup.de\/en\/\",\"logo\":{\"@type\":\"ImageObject\",\"inLanguage\":\"en-DE\",\"@id\":\"https:\/\/www.dr-entrup.de\/en\/#\/schema\/logo\/image\/\",\"url\":\"https:\/\/www.dr-entrup.de\/wp-content\/uploads\/2023\/11\/logo-plus-subtext.png\",\"contentUrl\":\"https:\/\/www.dr-entrup.de\/wp-content\/uploads\/2023\/11\/logo-plus-subtext.png\",\"width\":302,\"height\":326,\"caption\":\"BALANCE Fachpraxis f\u00fcr umfassende Kieferorthop\u00e4die Hannover Dr. Entrup\"},\"image\":{\"@id\":\"https:\/\/www.dr-entrup.de\/en\/#\/schema\/logo\/image\/\"}}]}<\/script>\n<!-- \/ Yoast SEO plugin. -->","yoast_head_json":{"title":"Balance - Orthodontist for Hildesheim","description":"Dr. Entrup - Orthodontist Hildesheim - Information about our specialist dental practice for orthodontics - braces lingual technique Invisalign","robots":{"index":"index","follow":"follow","max-snippet":"max-snippet:-1","max-image-preview":"max-image-preview:large","max-video-preview":"max-video-preview:-1"},"canonical":"https:\/\/www.dr-entrup.de\/en\/orthodontist-for-hildesheim\/","og_locale":"en_US","og_type":"article","og_title":"Balance - Orthodontist for Hildesheim","og_description":"Dr. Entrup - Orthodontist Hildesheim - Information about our specialist dental practice for orthodontics - braces lingual technique Invisalign","og_url":"https:\/\/www.dr-entrup.de\/en\/orthodontist-for-hildesheim\/","og_site_name":"BALANCE Fachpraxis f\u00fcr umfassende Kieferorthop\u00e4die Hannover Dr. Entrup","article_modified_time":"2023-12-18T13:25:07+00:00","twitter_card":"summary_large_image","schema":{"@context":"https:\/\/schema.org","@graph":[{"@type":"WebPage","@id":"https:\/\/www.dr-entrup.de\/en\/orthodontist-for-hildesheim\/","url":"https:\/\/www.dr-entrup.de\/en\/orthodontist-for-hildesheim\/","name":"Balance - Orthodontist for Hildesheim","isPartOf":{"@id":"https:\/\/www.dr-entrup.de\/en\/#website"},"datePublished":"2023-12-15T17:35:14+00:00","dateModified":"2023-12-18T13:25:07+00:00","description":"Dr. Entrup - Orthodontist Hildesheim - Information about our specialist dental practice for orthodontics - braces lingual technique Invisalign","breadcrumb":{"@id":"https:\/\/www.dr-entrup.de\/en\/orthodontist-for-hildesheim\/#breadcrumb"},"inLanguage":"en-DE","potentialAction":[{"@type":"ReadAction","target":["https:\/\/www.dr-entrup.de\/en\/orthodontist-for-hildesheim\/"]}]},{"@type":"BreadcrumbList","@id":"https:\/\/www.dr-entrup.de\/en\/orthodontist-for-hildesheim\/#breadcrumb","itemListElement":[{"@type":"ListItem","position":1,"name":"Home","item":"https:\/\/www.dr-entrup.de\/en\/"},{"@type":"ListItem","position":2,"name":"Orthodontist for Hildesheim"}]},{"@type":"WebSite","@id":"https:\/\/www.dr-entrup.de\/en\/#website","url":"https:\/\/www.dr-entrup.de\/en\/","name":"BALANCE Fachpraxis f\u00fcr umfassende Kieferorthop\u00e4die Hannover Dr. Entrup","description":"BALANCE Fachpraxis f\u00fcr umfassende Kieferorthop\u00e4die Hannover Dr. Entrup","publisher":{"@id":"https:\/\/www.dr-entrup.de\/en\/#organization"},"potentialAction":[{"@type":"SearchAction","target":{"@type":"EntryPoint","urlTemplate":"https:\/\/www.dr-entrup.de\/en\/?s={search_term_string}"},"query-input":{"@type":"PropertyValueSpecification","valueRequired":true,"valueName":"search_term_string"}}],"inLanguage":"en-DE"},{"@type":"Organization","@id":"https:\/\/www.dr-entrup.de\/en\/#organization","name":"BALANCE Fachpraxis f\u00fcr umfassende Kieferorthop\u00e4die Hannover Dr. Entrup","url":"https:\/\/www.dr-entrup.de\/en\/","logo":{"@type":"ImageObject","inLanguage":"en-DE","@id":"https:\/\/www.dr-entrup.de\/en\/#\/schema\/logo\/image\/","url":"https:\/\/www.dr-entrup.de\/wp-content\/uploads\/2023\/11\/logo-plus-subtext.png","contentUrl":"https:\/\/www.dr-entrup.de\/wp-content\/uploads\/2023\/11\/logo-plus-subtext.png","width":302,"height":326,"caption":"BALANCE Fachpraxis f\u00fcr umfassende Kieferorthop\u00e4die Hannover Dr. Entrup"},"image":{"@id":"https:\/\/www.dr-entrup.de\/en\/#\/schema\/logo\/image\/"}}]}},"_links":{"self":[{"href":"https:\/\/www.dr-entrup.de\/en\/wp-json\/wp\/v2\/pages\/4775","targetHints":{"allow":["GET"]}}],"collection":[{"href":"https:\/\/www.dr-entrup.de\/en\/wp-json\/wp\/v2\/pages"}],"about":[{"href":"https:\/\/www.dr-entrup.de\/en\/wp-json\/wp\/v2\/types\/page"}],"author":[{"embeddable":true,"href":"https:\/\/www.dr-entrup.de\/en\/wp-json\/wp\/v2\/users\/1"}],"replies":[{"embeddable":true,"href":"https:\/\/www.dr-entrup.de\/en\/wp-json\/wp\/v2\/comments?post=4775"}],"version-history":[{"count":3,"href":"https:\/\/www.dr-entrup.de\/en\/wp-json\/wp\/v2\/pages\/4775\/revisions"}],"predecessor-version":[{"id":4793,"href":"https:\/\/www.dr-entrup.de\/en\/wp-json\/wp\/v2\/pages\/4775\/revisions\/4793"}],"wp:attachment":[{"href":"https:\/\/www.dr-entrup.de\/en\/wp-json\/wp\/v2\/media?parent=4775"}],"curies":[{"name":"wp","href":"https:\/\/api.w.org\/{rel}","templated":true}]}}