{"id":4769,"date":"2023-12-16T18:34:44","date_gmt":"2023-12-16T17:34:44","guid":{"rendered":"https:\/\/debug.dr-entrup.de\/orthodontist-gross-buchholz\/"},"modified":"2023-12-18T14:25:11","modified_gmt":"2023-12-18T13:25:11","slug":"orthodontist-gross-buchholz","status":"publish","type":"page","link":"https:\/\/www.dr-entrup.de\/en\/orthodontist-gross-buchholz\/","title":{"rendered":"Orthodontist Gross Buchholz"},"content":{"rendered":"\n<section class = \"fdn-grid\">\n\t<div class = \"grid-container no-padding\">\n\t\t<div class = \"grid-x\">\n\t\t\t<div class=\"cell large-12 small-12 \">\n\t\t\t\t<div class =\"hero hero--background-gray text-center\">\n\t\t\t\t\t<img loading=\"lazy\" decoding=\"async\" width=\"1800\" height=\"840\" src=\"https:\/\/www.dr-entrup.de\/wp-content\/uploads\/2023\/12\/Dr.-Entrup-Kieferorthopade-fur-Gross-Buchholz.jpg\" class=\"image img-responsive-no-block\" alt=\"Dr. Entrup Kieferorthop\u00e4de f\u00fcr Gross Buchholz\" srcset=\"https:\/\/www.dr-entrup.de\/wp-content\/uploads\/2023\/12\/Dr.-Entrup-Kieferorthopade-fur-Gross-Buchholz.jpg 1800w, https:\/\/www.dr-entrup.de\/wp-content\/uploads\/2023\/12\/Dr.-Entrup-Kieferorthopade-fur-Gross-Buchholz-300x140.jpg 300w, https:\/\/www.dr-entrup.de\/wp-content\/uploads\/2023\/12\/Dr.-Entrup-Kieferorthopade-fur-Gross-Buchholz-1024x478.jpg 1024w, https:\/\/www.dr-entrup.de\/wp-content\/uploads\/2023\/12\/Dr.-Entrup-Kieferorthopade-fur-Gross-Buchholz-768x358.jpg 768w, https:\/\/www.dr-entrup.de\/wp-content\/uploads\/2023\/12\/Dr.-Entrup-Kieferorthopade-fur-Gross-Buchholz-1536x717.jpg 1536w\" sizes=\"auto, (max-width: 1800px) 100vw, 1800px\" \/>\t\t\t\t<\/div>\n\t\t\t<\/div>\n\t\t<\/div>\n\t<\/div>\n<\/section>\n\n<section class = \"fdn-grid\">\n    <div class = \"p-top-mobile-50\"><\/div>\n    <div class = \"grid-container full-with-margin-10 no-padding\">\n        <div class = \"grid-x\">\n            <div class = \"cell small-12\">\n\n\n\n                <h1 class=\"heading heading--primary m-bottom-40\">Dr. Entrup Orthodontist for Gross Buchholz<\/h1>\n                <h2 class=\"heading heading--secondary m-bottom-10\">Specialist practice for comprehensive orthodontics Dres. W. &amp; J. Entrup &amp; Dr. T. Altvater<\/h2>\n                <span class=\"short-line-decoration short-line-decoration--mini-width color-bordeaux-bg\"><\/span>\n\n                <div class=\"m-top-40 paragraph\">\n\n                    <p>Orthodontics traditionally deals with the correction of jaw and teeth malocclusions as well as malfunctions of the masticatory system and jaw joints. The Balance treatment concept was first defined and published by us on this basis in 1995 and has been continuously developed ever since.<\/p>\n\n                <\/div>\n                                <a href='tel:+49511364990' class='button color-bordeaux-bg color-white button--medium' target='_self'> Call now and get advice <\/a>                            <\/div>\n        <\/div>\n    <\/div>\n     <div class = \"p-top-mobile-50\"><\/div>\n<\/section>\n\n\n<section class = \"fdn-grid color-extra-pink-bg\">\n        <div class = \"p-top-mobile-50\"><\/div>\n\n    <div class = \"grid-container full-with-margin-10 no-padding\">\n\n        <div class = \"grid-x\">\n\n            <div class = \"cell small-12\">\n\n           \n  <h2 class='heading heading--medium  m-bottom-10 color-bordeaux'>Information for patients from Hannover Gross Buchholz and the surrounding area about our specialist practice for orthodontics<\/h2><span class='short-line-decoration  short-line-decoration--mini-width color-primary-bg'><\/span><div class = 'paragraph--medium paragraph--primary m-top-40'><p>It is a new orthodontic treatment method that combines interdisciplinary knowledge of dentistry and orthodontics with orthopaedics, general medicine and complementary healing methods such as applied kinesiology (AK), acupuncture, homeopathy and chiropractic.<\/p>\n<ul>\n<li>Brauchschweig<\/li>\n<li>Dr. Entrup Neustadt<\/li>\n<li>Podbi<\/li>\n<li>Hamelin<\/li>\n<li>Jump<\/li>\n<li>Bult<\/li>\n<li>Clover field<\/li>\n<li>Hanover North<\/li>\n<li>Herrenhausen<\/li>\n<li>Cunning<\/li>\n<li>Heath quarter<\/li>\n<li>Orthodontist Gross Buchholz<\/li>\n<li>Linden Limmer<\/li>\n<\/ul>\n<p>&nbsp;<\/p>\n<\/div><div class = 'p-top-25'><\/div><h2 class='heading heading--medium  m-bottom-10 color-bordeaux'>More than braces &#8211; our treatments include:<\/h2><span class='short-line-decoration  short-line-decoration--mini-width color-primary-bg'><\/span><div class = 'paragraph--medium paragraph--primary m-top-40'><ul>\n<li>Children&#8217;s orthodontics (early treatment, braces)<\/li>\n<li>Adult orthodontics<\/li>\n<li>Aesthetic orthodontics<\/li>\n<li>Invisalign\u00ae (transparent dental splint)<\/li>\n<li>Lingual technique (braces that are attached to the inside of the teeth)<\/li>\n<li>CMD = craniomandibular dysfunction<\/li>\n<li>Back pain<\/li>\n<li>Headache<\/li>\n<li>Hyperactivity (ADHD-ADD)<\/li>\n<li>Ostheopathy<\/li>\n<li>Hormonal disorders<\/li>\n<\/ul>\n<p><strong>Your orthodontists Dr. Wilhelm Entrup &amp; Dr. Thorsten Altvater<\/strong><\/p>\n<\/div>\t\t\t\t\n\t\t\t\t\n\t\t\t\t\n                            <\/div>\n        <\/div>\n    <\/div>\n        <div class = \"p-top-mobile-50\"><\/div>\n<\/section>\n\n<section class = \"fdn-grid color-white-bg\">\n        <div class = \"p-top-mobile-50\"><\/div>\n\n    <div class = \"grid-container full-with-margin-10 no-padding\">\n\n        <div class = \"grid-x\">\n\n            <div class = \"cell small-12\">\n\n           \n  <h2 class='heading heading--medium  m-bottom-10 color-bordeaux'>Directions from the Gross Buchholz district<\/h2><span class='short-line-decoration  short-line-decoration--mini-width color-primary-bg'><\/span><div class = 'paragraph--medium paragraph--primary m-top-40'><p>Get quick and easy directions from the district of Hannover Gross Buchholz to our orthodontic practice. Simply click on the map and after clicking on &#8220;Calculate route&#8221; you will receive your personal route plan.<\/p>\n<p><a href=\"https:\/\/www.google.com\/maps?ll=52.384367,9.774736&amp;z=13&amp;t=m&amp;hl=de&amp;gl=DE&amp;mapclient=embed&amp;saddr=Gro%C3%9F+-+Buchholz,+Hannover-Buchholz-Kleefeld&amp;daddr=Kieferorthop%C3%A4die+Hannover+-+Kieferorthop%C3%A4de+Dres.+W.+%26+J.+Entrup+%26+Dr.+T.+Altvater,+Georgstra%C3%9Fe+46,+30159+Hannover&amp;dirflg=d\"><img loading=\"lazy\" decoding=\"async\" class=\"aligncenter wp-image-4600 size-full\" src=\"https:\/\/www.dr-entrup.de\/wp-content\/uploads\/2023\/12\/Anfahrt-aus-dem-Stadtteil-Gross-Buchholz.jpg\" alt=\"Directions from the Gross Buchholz district\" width=\"399\" height=\"303\" srcset=\"https:\/\/www.dr-entrup.de\/wp-content\/uploads\/2023\/12\/Anfahrt-aus-dem-Stadtteil-Gross-Buchholz.jpg 399w, https:\/\/www.dr-entrup.de\/wp-content\/uploads\/2023\/12\/Anfahrt-aus-dem-Stadtteil-Gross-Buchholz-300x228.jpg 300w\" sizes=\"auto, (max-width: 399px) 100vw, 399px\" \/><\/a><\/p>\n<\/div>\t\t\t\t\n\t\t\t\t\n\t\t\t\t\n                            <\/div>\n        <\/div>\n    <\/div>\n        <div class = \"p-top-mobile-50\"><\/div>\n<\/section>","protected":false},"excerpt":{"rendered":"","protected":false},"author":1,"featured_media":0,"parent":0,"menu_order":0,"comment_status":"closed","ping_status":"closed","template":"","meta":{"footnotes":""},"class_list":["post-4769","page","type-page","status-publish"],"acf":[],"yoast_head":"<!-- This site is optimized with the Yoast SEO plugin v27.5 - https:\/\/yoast.com\/product\/yoast-seo-wordpress\/ -->\n<title>Orthodontist Gross Buchholz Dres. Entrup &amp; Dr. T. Altvater<\/title>\n<meta name=\"description\" content=\"Dres. Entrup &amp; Dr. T. Altvater - Balance - Orthodontics for Hannover Gross Buchholz - Specialist dentists for invisible braces and treatment for jaw pain\" \/>\n<meta name=\"robots\" content=\"index, follow, max-snippet:-1, max-image-preview:large, max-video-preview:-1\" \/>\n<link rel=\"canonical\" href=\"https:\/\/www.dr-entrup.de\/en\/orthodontist-gross-buchholz\/\" \/>\n<meta property=\"og:locale\" content=\"en_US\" \/>\n<meta property=\"og:type\" content=\"article\" \/>\n<meta property=\"og:title\" content=\"Orthodontist Gross Buchholz Dres. Entrup &amp; Dr. T. Altvater\" \/>\n<meta property=\"og:description\" content=\"Dres. Entrup &amp; Dr. T. Altvater - Balance - Orthodontics for Hannover Gross Buchholz - Specialist dentists for invisible braces and treatment for jaw pain\" \/>\n<meta property=\"og:url\" content=\"https:\/\/www.dr-entrup.de\/en\/orthodontist-gross-buchholz\/\" \/>\n<meta property=\"og:site_name\" content=\"BALANCE Fachpraxis f\u00fcr umfassende Kieferorthop\u00e4die Hannover Dr. Entrup\" \/>\n<meta property=\"article:modified_time\" content=\"2023-12-18T13:25:11+00:00\" \/>\n<meta name=\"twitter:card\" content=\"summary_large_image\" \/>\n<script type=\"application\/ld+json\" class=\"yoast-schema-graph\">{\"@context\":\"https:\\\/\\\/schema.org\",\"@graph\":[{\"@type\":\"WebPage\",\"@id\":\"https:\\\/\\\/www.dr-entrup.de\\\/en\\\/orthodontist-gross-buchholz\\\/\",\"url\":\"https:\\\/\\\/www.dr-entrup.de\\\/en\\\/orthodontist-gross-buchholz\\\/\",\"name\":\"Orthodontist Gross Buchholz Dres. Entrup & Dr. T. Altvater\",\"isPartOf\":{\"@id\":\"https:\\\/\\\/www.dr-entrup.de\\\/en\\\/#website\"},\"datePublished\":\"2023-12-16T17:34:44+00:00\",\"dateModified\":\"2023-12-18T13:25:11+00:00\",\"description\":\"Dres. Entrup & Dr. T. Altvater - Balance - Orthodontics for Hannover Gross Buchholz - Specialist dentists for invisible braces and treatment for jaw pain\",\"breadcrumb\":{\"@id\":\"https:\\\/\\\/www.dr-entrup.de\\\/en\\\/orthodontist-gross-buchholz\\\/#breadcrumb\"},\"inLanguage\":\"en-DE\",\"potentialAction\":[{\"@type\":\"ReadAction\",\"target\":[\"https:\\\/\\\/www.dr-entrup.de\\\/en\\\/orthodontist-gross-buchholz\\\/\"]}]},{\"@type\":\"BreadcrumbList\",\"@id\":\"https:\\\/\\\/www.dr-entrup.de\\\/en\\\/orthodontist-gross-buchholz\\\/#breadcrumb\",\"itemListElement\":[{\"@type\":\"ListItem\",\"position\":1,\"name\":\"Home\",\"item\":\"https:\\\/\\\/www.dr-entrup.de\\\/en\\\/\"},{\"@type\":\"ListItem\",\"position\":2,\"name\":\"Orthodontist Gross Buchholz\"}]},{\"@type\":\"WebSite\",\"@id\":\"https:\\\/\\\/www.dr-entrup.de\\\/en\\\/#website\",\"url\":\"https:\\\/\\\/www.dr-entrup.de\\\/en\\\/\",\"name\":\"BALANCE Fachpraxis f\u00fcr umfassende Kieferorthop\u00e4die Hannover Dr. Entrup\",\"description\":\"BALANCE Fachpraxis f\u00fcr umfassende Kieferorthop\u00e4die Hannover Dr. Entrup\",\"publisher\":{\"@id\":\"https:\\\/\\\/www.dr-entrup.de\\\/en\\\/#organization\"},\"potentialAction\":[{\"@type\":\"SearchAction\",\"target\":{\"@type\":\"EntryPoint\",\"urlTemplate\":\"https:\\\/\\\/www.dr-entrup.de\\\/en\\\/?s={search_term_string}\"},\"query-input\":{\"@type\":\"PropertyValueSpecification\",\"valueRequired\":true,\"valueName\":\"search_term_string\"}}],\"inLanguage\":\"en-DE\"},{\"@type\":\"Organization\",\"@id\":\"https:\\\/\\\/www.dr-entrup.de\\\/en\\\/#organization\",\"name\":\"BALANCE Fachpraxis f\u00fcr umfassende Kieferorthop\u00e4die Hannover Dr. Entrup\",\"url\":\"https:\\\/\\\/www.dr-entrup.de\\\/en\\\/\",\"logo\":{\"@type\":\"ImageObject\",\"inLanguage\":\"en-DE\",\"@id\":\"https:\\\/\\\/www.dr-entrup.de\\\/en\\\/#\\\/schema\\\/logo\\\/image\\\/\",\"url\":\"https:\\\/\\\/www.dr-entrup.de\\\/wp-content\\\/uploads\\\/2023\\\/11\\\/logo-plus-subtext.png\",\"contentUrl\":\"https:\\\/\\\/www.dr-entrup.de\\\/wp-content\\\/uploads\\\/2023\\\/11\\\/logo-plus-subtext.png\",\"width\":302,\"height\":326,\"caption\":\"BALANCE Fachpraxis f\u00fcr umfassende Kieferorthop\u00e4die Hannover Dr. Entrup\"},\"image\":{\"@id\":\"https:\\\/\\\/www.dr-entrup.de\\\/en\\\/#\\\/schema\\\/logo\\\/image\\\/\"}}]}<\/script>\n<!-- \/ Yoast SEO plugin. -->","yoast_head_json":{"title":"Orthodontist Gross Buchholz Dres. Entrup & Dr. T. Altvater","description":"Dres. Entrup & Dr. T. Altvater - Balance - Orthodontics for Hannover Gross Buchholz - Specialist dentists for invisible braces and treatment for jaw pain","robots":{"index":"index","follow":"follow","max-snippet":"max-snippet:-1","max-image-preview":"max-image-preview:large","max-video-preview":"max-video-preview:-1"},"canonical":"https:\/\/www.dr-entrup.de\/en\/orthodontist-gross-buchholz\/","og_locale":"en_US","og_type":"article","og_title":"Orthodontist Gross Buchholz Dres. Entrup & Dr. T. Altvater","og_description":"Dres. Entrup & Dr. T. Altvater - Balance - Orthodontics for Hannover Gross Buchholz - Specialist dentists for invisible braces and treatment for jaw pain","og_url":"https:\/\/www.dr-entrup.de\/en\/orthodontist-gross-buchholz\/","og_site_name":"BALANCE Fachpraxis f\u00fcr umfassende Kieferorthop\u00e4die Hannover Dr. Entrup","article_modified_time":"2023-12-18T13:25:11+00:00","twitter_card":"summary_large_image","schema":{"@context":"https:\/\/schema.org","@graph":[{"@type":"WebPage","@id":"https:\/\/www.dr-entrup.de\/en\/orthodontist-gross-buchholz\/","url":"https:\/\/www.dr-entrup.de\/en\/orthodontist-gross-buchholz\/","name":"Orthodontist Gross Buchholz Dres. Entrup & Dr. T. Altvater","isPartOf":{"@id":"https:\/\/www.dr-entrup.de\/en\/#website"},"datePublished":"2023-12-16T17:34:44+00:00","dateModified":"2023-12-18T13:25:11+00:00","description":"Dres. Entrup & Dr. T. Altvater - Balance - Orthodontics for Hannover Gross Buchholz - Specialist dentists for invisible braces and treatment for jaw pain","breadcrumb":{"@id":"https:\/\/www.dr-entrup.de\/en\/orthodontist-gross-buchholz\/#breadcrumb"},"inLanguage":"en-DE","potentialAction":[{"@type":"ReadAction","target":["https:\/\/www.dr-entrup.de\/en\/orthodontist-gross-buchholz\/"]}]},{"@type":"BreadcrumbList","@id":"https:\/\/www.dr-entrup.de\/en\/orthodontist-gross-buchholz\/#breadcrumb","itemListElement":[{"@type":"ListItem","position":1,"name":"Home","item":"https:\/\/www.dr-entrup.de\/en\/"},{"@type":"ListItem","position":2,"name":"Orthodontist Gross Buchholz"}]},{"@type":"WebSite","@id":"https:\/\/www.dr-entrup.de\/en\/#website","url":"https:\/\/www.dr-entrup.de\/en\/","name":"BALANCE Fachpraxis f\u00fcr umfassende Kieferorthop\u00e4die Hannover Dr. Entrup","description":"BALANCE Fachpraxis f\u00fcr umfassende Kieferorthop\u00e4die Hannover Dr. Entrup","publisher":{"@id":"https:\/\/www.dr-entrup.de\/en\/#organization"},"potentialAction":[{"@type":"SearchAction","target":{"@type":"EntryPoint","urlTemplate":"https:\/\/www.dr-entrup.de\/en\/?s={search_term_string}"},"query-input":{"@type":"PropertyValueSpecification","valueRequired":true,"valueName":"search_term_string"}}],"inLanguage":"en-DE"},{"@type":"Organization","@id":"https:\/\/www.dr-entrup.de\/en\/#organization","name":"BALANCE Fachpraxis f\u00fcr umfassende Kieferorthop\u00e4die Hannover Dr. Entrup","url":"https:\/\/www.dr-entrup.de\/en\/","logo":{"@type":"ImageObject","inLanguage":"en-DE","@id":"https:\/\/www.dr-entrup.de\/en\/#\/schema\/logo\/image\/","url":"https:\/\/www.dr-entrup.de\/wp-content\/uploads\/2023\/11\/logo-plus-subtext.png","contentUrl":"https:\/\/www.dr-entrup.de\/wp-content\/uploads\/2023\/11\/logo-plus-subtext.png","width":302,"height":326,"caption":"BALANCE Fachpraxis f\u00fcr umfassende Kieferorthop\u00e4die Hannover Dr. Entrup"},"image":{"@id":"https:\/\/www.dr-entrup.de\/en\/#\/schema\/logo\/image\/"}}]}},"_links":{"self":[{"href":"https:\/\/www.dr-entrup.de\/en\/wp-json\/wp\/v2\/pages\/4769","targetHints":{"allow":["GET"]}}],"collection":[{"href":"https:\/\/www.dr-entrup.de\/en\/wp-json\/wp\/v2\/pages"}],"about":[{"href":"https:\/\/www.dr-entrup.de\/en\/wp-json\/wp\/v2\/types\/page"}],"author":[{"embeddable":true,"href":"https:\/\/www.dr-entrup.de\/en\/wp-json\/wp\/v2\/users\/1"}],"replies":[{"embeddable":true,"href":"https:\/\/www.dr-entrup.de\/en\/wp-json\/wp\/v2\/comments?post=4769"}],"version-history":[{"count":3,"href":"https:\/\/www.dr-entrup.de\/en\/wp-json\/wp\/v2\/pages\/4769\/revisions"}],"predecessor-version":[{"id":4811,"href":"https:\/\/www.dr-entrup.de\/en\/wp-json\/wp\/v2\/pages\/4769\/revisions\/4811"}],"wp:attachment":[{"href":"https:\/\/www.dr-entrup.de\/en\/wp-json\/wp\/v2\/media?parent=4769"}],"curies":[{"name":"wp","href":"https:\/\/api.w.org\/{rel}","templated":true}]}}